{"id":531,"date":"2024-10-16T04:46:10","date_gmt":"2024-10-16T04:46:10","guid":{"rendered":"https:\/\/nembutalhouse.com\/?post_type=product&#038;p=531"},"modified":"2026-03-06T07:04:12","modified_gmt":"2026-03-06T07:04:12","slug":"buy-3fa-online","status":"publish","type":"product","link":"https:\/\/nembutalhouse.com\/sv\/produkt\/buy-3fa-online\/","title":{"rendered":"Buy 3FA Online"},"content":{"rendered":"<h2>K\u00f6p 3F-PVP (3FPVP) CRYSTALS online.<\/h2>\n<p>NembutalHouse s\u00e4ljer <a href=\"https:\/\/nembutalhouse.com\/sv\/produkt\/buy-3fa-online\/\">3F-PVP (3FPVP)<\/a> CRYSTALS f\u00f6r att uppfylla alla dina kemiska krav. Eftersom f\u00f6retaget har f\u00f6rtj\u00e4nat s\u00e5 m\u00e5nga m\u00e4nniskors f\u00f6rtroende \u00e4r det viktigt f\u00f6r oss att ge v\u00e5ra kunder b\u00e4sta m\u00f6jliga service.<br \/>\n3F-PVP: Beskriv f\u00f6reteelsen.<\/p>\n<p>3F-PVP online delar samma egenskaper som A-PHP och \u00e4r en katinonklass <a href=\"https:\/\/nembutalhouse.com\/sv\/\">NembutalHouse<\/a>. Det kemiska namnet f\u00f6r 3F-PVP \u00e4r 3F-alfa-PVP. 3f-PVP \u00e4r en f\u00f6rening med formel C15H20FNO och en molekylvikt p\u00e5 249,32.<\/p>\n<p>En m\u00e5ttlig till stark euforisk effekt som genomsyrar hela kroppen produceras av en 3F-PVP-dosering. F\u00f6r det andra, i stora doser, kan det vara \u00f6verv\u00e4ldigande. Det uppmuntrar fritidssyssels\u00e4ttningar som l\u00f6pning, kl\u00e4ttring och dans.<\/p>\n<p>Det finns tillf\u00e4llen d\u00e5 det inte \u00e4r m\u00f6jligt. En utbredd brist p\u00e5 motorisk kontroll och kraftiga handskakningar \u00e4r<\/p>\n<p>framkallas av sammanbitna k\u00e4kar, okontrollerade skakningar av kroppen och vibrationer som g\u00f6r det sv\u00e5rt eller ofta om\u00f6jligt att sitta still. Det rekommenderas dock att man alltid r\u00e5dg\u00f6r med sin l\u00e4kare innan man anv\u00e4nder detta l\u00e4kemedel, \u00e4ven om det har vissa biverkningar, t.ex. f\u00f6rm\u00e5gan att rycka \u00f6gonen fram och tillbaka, vilket kan orsaka tillf\u00e4llig dimsyn och f\u00f6rs\u00e4mrad syn. I USA, k\u00f6p <a href=\"https:\/\/en.wikipedia.org\/wiki\/3-Fluoroamphetamine\">3F-PVP<\/a> (3FPVP) CRYSTALS online.<\/p>\n<h3>DEN B\u00c4STA WEBBPLATSEN F\u00d6R ONLINE 3F-PVP-K\u00d6P<\/h3>\n<p>NembutalHouse \u00e4r en av de respektabla och p\u00e5litliga 3F-PVP internethandlarna. Konsumenterna har varit ganska komplimangerande f\u00f6r verksamheten och f\u00f6rs\u00e4krat dem om att de kommer att f\u00e5 produkter av h\u00f6gsta kaliber.<\/p>\n<p>Du m\u00e5ste vara minst arton \u00e5r gammal f\u00f6r att k\u00f6pa 3F-PVP online. Vi accepterar best\u00e4llningar av 3F-PVP online.<\/p>\n<p>i m\u00e4ngder som varierar fr\u00e5n 25 kg till n\u00e5gra f\u00e5 mikrogram. F\u00f6retaget tillhandah\u00e5ller frakttj\u00e4nster \u00f6ver hela v\u00e4rlden. Varje artikel f\u00f6rpackas separat f\u00f6r att garantera att ingen uppt\u00e4cker vad som finns inuti. Hela din fil h\u00e5lls p\u00e5 fil i v\u00e5rt system. Dina uppgifter kan om\u00f6jligt \u00e4ventyras som ett resultat. Vi levererar varorna s\u00e5 snart vi kan.<\/p>\n<h3>F\u00c5 ONLINE 3F-PVP (3FPVP) KRISTALLER.<\/h3>\n<p>Synopsis<\/p>\n<p>Vill du k\u00f6pa 3-fluoro-\u03b1-pyrrolidinovalerofenon eller 3F-PVP-pulver? Om s\u00e5 \u00e4r fallet har du kommit till den perfekta platsen! V\u00e5r onlinebutik erbjuder endast de b\u00e4sta laboratorietestade forskningskemikalierna. Inom en dag \u00e4r best\u00e4llningar diskret f\u00f6rpackade och skickade. Dessutom kan du anv\u00e4nda Bitcoin och andra kryptovalutor f\u00f6r att g\u00f6ra snabba och s\u00e4kra betalningar.<\/p>\n<h3>Var k\u00f6per jag 3F-PVP?<\/h3>\n<p>Alla dina forskningskemikalier finns tillg\u00e4ngliga i v\u00e5r onlinebutik, d\u00e4r du ocks\u00e5 kan f\u00e5 3F-PVP av h\u00f6gsta kvalitet.<\/p>\n<p>Detta material f\u00e5r endast anv\u00e4ndas i laboratorier.<\/p>\n<p>Kom alltid ih\u00e5g att vidta n\u00f6dv\u00e4ndiga s\u00e4kerhets\u00e5tg\u00e4rder, t.ex. att anv\u00e4nda skyddsglas\u00f6gon och skydda all exponerad hud.<\/p>\n<p>Observera att 3F-PVP, liksom andra forskningskemikalier, endast \u00e4r avsedda att anv\u00e4ndas i studier och inte ska tas av m\u00e4nniskor, djur eller andra levande varelser.<\/p>\n<p>F\u00f6r att f\u00e5 l\u00e4ngsta m\u00f6jliga h\u00e5llbarhet, f\u00f6rvara i ett svalt och torrt utrymme.<\/p>\n<p>Ingen under arton \u00e5r har r\u00e4tt att k\u00f6pa forskningssubstanser fr\u00e5n oss.<\/p>\n<p>&nbsp;<\/p>\n<p>&nbsp;<\/p>","protected":false},"excerpt":{"rendered":"<p>Buy 3F-PVP (3FPVP) CRYSTALS online. NembutalHouse sells 3F-PVP (3FPVP) CRYSTALS to fulfill all of your chemical requirements. Since it has earned the trust of so many people, the company is&hellip;<\/p>","protected":false},"featured_media":564,"comment_status":"closed","ping_status":"closed","template":"","meta":{"_joinchat":[]},"product_cat":[186],"product_tag":[564,587,590,569,588,576,579,565,586,584,575,585,583,572,562,563,574,589,581,578,571,567,568,582,580,577,570,573,566],"class_list":{"0":"post-531","1":"product","2":"type-product","3":"status-publish","4":"has-post-thumbnail","6":"product_cat-research-chemicals","7":"product_tag-3fa-for-sale","8":"product_tag-3fa-powder-for-cleaning","9":"product_tag-3fa-powder-for-sale","10":"product_tag-3fa-powder-liquid","11":"product_tag-3fa-powder-powder","12":"product_tag-3fa-powder-price","13":"product_tag-3fa-powder-store","14":"product_tag-3fa-powder-supplier","15":"product_tag-3fa-powder-wiki","16":"product_tag-3fa-powder-worldwide","17":"product_tag-3fa-powders-online","18":"product_tag-3fa-powders-use","19":"product_tag-best-cheap-price-3fa-powder","20":"product_tag-best-place-to-buy-3fa-powder","21":"product_tag-buy-3fa","22":"product_tag-buy-3fa-online","23":"product_tag-buy-3fa-powder-legally","24":"product_tag-buy-3fa-powder-online","25":"product_tag-cheap-3fa-powders","26":"product_tag-high-quality-3fa-powder","27":"product_tag-how-to-buy-3fa-powder","28":"product_tag-order-3fa-powder","29":"product_tag-order-3fa-powder-online","30":"product_tag-purcharse-3fa-powder","31":"product_tag-shop-3fa-powder","32":"product_tag-top-quality-3fa-powder","33":"product_tag-where-to-buy-3fa-powder","34":"product_tag-where-to-order-3fa-powder","35":"product_tag-wholesale-3fa-powder-bulk-online","37":"first","38":"instock","39":"shipping-taxable","40":"purchasable","41":"product-type-variable"},"yoast_head":"<!-- This site is optimized with the Yoast SEO plugin v24.1 - https:\/\/yoast.com\/wordpress\/plugins\/seo\/ -->\n<title>Buy 3 FA Online - 3 FA for Sale - Order 3 FA Online<\/title>\n<meta name=\"description\" content=\"If you want to buy 3fa online and looking for a reliable online store, then buy here. We offer only high-quality 3fa for sale at an affordable price. Order 3fa Now!\" \/>\n<meta name=\"robots\" content=\"index, follow, max-snippet:-1, max-image-preview:large, max-video-preview:-1\" \/>\n<link rel=\"canonical\" href=\"https:\/\/nembutalhouse.com\/sv\/produkt\/buy-3fa-online\/\" \/>\n<meta property=\"og:locale\" content=\"sv_SE\" \/>\n<meta property=\"og:type\" content=\"article\" \/>\n<meta property=\"og:title\" content=\"Buy 3 FA Online - 3 FA for Sale - Order 3 FA Online\" \/>\n<meta property=\"og:description\" content=\"If you want to buy 3fa online and looking for a reliable online store, then buy here. We offer only high-quality 3fa for sale at an affordable price. Order 3fa Now!\" \/>\n<meta property=\"og:url\" content=\"https:\/\/nembutalhouse.com\/sv\/produkt\/buy-3fa-online\/\" \/>\n<meta property=\"og:site_name\" content=\"Nembutal House\" \/>\n<meta property=\"article:modified_time\" content=\"2026-03-06T07:04:12+00:00\" \/>\n<meta property=\"og:image\" content=\"https:\/\/nembutalhouse.com\/wp-content\/uploads\/2024\/10\/3FA.gif\" \/>\n\t<meta property=\"og:image:width\" content=\"600\" \/>\n\t<meta property=\"og:image:height\" content=\"600\" \/>\n\t<meta property=\"og:image:type\" content=\"image\/gif\" \/>\n<meta name=\"twitter:card\" content=\"summary_large_image\" \/>\n<meta name=\"twitter:label1\" content=\"Ber\u00e4knad l\u00e4stid\" \/>\n\t<meta name=\"twitter:data1\" content=\"3 minuter\" \/>\n<script type=\"application\/ld+json\" class=\"yoast-schema-graph\">{\"@context\":\"https:\/\/schema.org\",\"@graph\":[{\"@type\":\"WebPage\",\"@id\":\"https:\/\/nembutalhouse.com\/product\/buy-3fa-online\/\",\"url\":\"https:\/\/nembutalhouse.com\/product\/buy-3fa-online\/\",\"name\":\"Buy 3 FA Online - 3 FA for Sale - Order 3 FA Online\",\"isPartOf\":{\"@id\":\"https:\/\/nembutalhouse.com\/#website\"},\"primaryImageOfPage\":{\"@id\":\"https:\/\/nembutalhouse.com\/product\/buy-3fa-online\/#primaryimage\"},\"image\":{\"@id\":\"https:\/\/nembutalhouse.com\/product\/buy-3fa-online\/#primaryimage\"},\"thumbnailUrl\":\"https:\/\/nembutalhouse.com\/wp-content\/uploads\/2024\/10\/3FA.gif\",\"datePublished\":\"2024-10-16T04:46:10+00:00\",\"dateModified\":\"2026-03-06T07:04:12+00:00\",\"description\":\"If you want to buy 3fa online and looking for a reliable online store, then buy here. We offer only high-quality 3fa for sale at an affordable price. Order 3fa Now!\",\"breadcrumb\":{\"@id\":\"https:\/\/nembutalhouse.com\/product\/buy-3fa-online\/#breadcrumb\"},\"inLanguage\":\"sv-SE\",\"potentialAction\":[{\"@type\":\"ReadAction\",\"target\":[\"https:\/\/nembutalhouse.com\/product\/buy-3fa-online\/\"]}]},{\"@type\":\"ImageObject\",\"inLanguage\":\"sv-SE\",\"@id\":\"https:\/\/nembutalhouse.com\/product\/buy-3fa-online\/#primaryimage\",\"url\":\"https:\/\/nembutalhouse.com\/wp-content\/uploads\/2024\/10\/3FA.gif\",\"contentUrl\":\"https:\/\/nembutalhouse.com\/wp-content\/uploads\/2024\/10\/3FA.gif\",\"width\":600,\"height\":600,\"caption\":\"Buy 3FA Online\"},{\"@type\":\"BreadcrumbList\",\"@id\":\"https:\/\/nembutalhouse.com\/product\/buy-3fa-online\/#breadcrumb\",\"itemListElement\":[{\"@type\":\"ListItem\",\"position\":1,\"name\":\"Home\",\"item\":\"https:\/\/nembutalhouse.com\/\"},{\"@type\":\"ListItem\",\"position\":2,\"name\":\"Shop\",\"item\":\"https:\/\/nembutalhouse.com\/shop\/\"},{\"@type\":\"ListItem\",\"position\":3,\"name\":\"Buy 3FA Online\"}]},{\"@type\":\"WebSite\",\"@id\":\"https:\/\/nembutalhouse.com\/#website\",\"url\":\"https:\/\/nembutalhouse.com\/\",\"name\":\"Nembutal House\",\"description\":\"Best Nembutal Online Store\",\"publisher\":{\"@id\":\"https:\/\/nembutalhouse.com\/#organization\"},\"potentialAction\":[{\"@type\":\"SearchAction\",\"target\":{\"@type\":\"EntryPoint\",\"urlTemplate\":\"https:\/\/nembutalhouse.com\/?s={search_term_string}\"},\"query-input\":{\"@type\":\"PropertyValueSpecification\",\"valueRequired\":true,\"valueName\":\"search_term_string\"}}],\"inLanguage\":\"sv-SE\"},{\"@type\":\"Organization\",\"@id\":\"https:\/\/nembutalhouse.com\/#organization\",\"name\":\"Nembutal House\",\"url\":\"https:\/\/nembutalhouse.com\/\",\"logo\":{\"@type\":\"ImageObject\",\"inLanguage\":\"sv-SE\",\"@id\":\"https:\/\/nembutalhouse.com\/#\/schema\/logo\/image\/\",\"url\":\"https:\/\/nembutalhouse.com\/wp-content\/uploads\/2022\/12\/logo.png\",\"contentUrl\":\"https:\/\/nembutalhouse.com\/wp-content\/uploads\/2022\/12\/logo.png\",\"width\":344,\"height\":103,\"caption\":\"Nembutal House\"},\"image\":{\"@id\":\"https:\/\/nembutalhouse.com\/#\/schema\/logo\/image\/\"}}]}<\/script>\n<!-- \/ Yoast SEO plugin. -->","yoast_head_json":{"title":"Buy 3 FA Online - 3 FA for Sale - Order 3 FA Online","description":"If you want to buy 3fa online and looking for a reliable online store, then buy here. We offer only high-quality 3fa for sale at an affordable price. Order 3fa Now!","robots":{"index":"index","follow":"follow","max-snippet":"max-snippet:-1","max-image-preview":"max-image-preview:large","max-video-preview":"max-video-preview:-1"},"canonical":"https:\/\/nembutalhouse.com\/sv\/produkt\/buy-3fa-online\/","og_locale":"sv_SE","og_type":"article","og_title":"Buy 3 FA Online - 3 FA for Sale - Order 3 FA Online","og_description":"If you want to buy 3fa online and looking for a reliable online store, then buy here. We offer only high-quality 3fa for sale at an affordable price. Order 3fa Now!","og_url":"https:\/\/nembutalhouse.com\/sv\/produkt\/buy-3fa-online\/","og_site_name":"Nembutal House","article_modified_time":"2026-03-06T07:04:12+00:00","og_image":[{"width":600,"height":600,"url":"https:\/\/nembutalhouse.com\/wp-content\/uploads\/2024\/10\/3FA.gif","type":"image\/gif"}],"twitter_card":"summary_large_image","twitter_misc":{"Ber\u00e4knad l\u00e4stid":"3 minuter"},"schema":{"@context":"https:\/\/schema.org","@graph":[{"@type":"WebPage","@id":"https:\/\/nembutalhouse.com\/product\/buy-3fa-online\/","url":"https:\/\/nembutalhouse.com\/product\/buy-3fa-online\/","name":"Buy 3 FA Online - 3 FA for Sale - Order 3 FA Online","isPartOf":{"@id":"https:\/\/nembutalhouse.com\/#website"},"primaryImageOfPage":{"@id":"https:\/\/nembutalhouse.com\/product\/buy-3fa-online\/#primaryimage"},"image":{"@id":"https:\/\/nembutalhouse.com\/product\/buy-3fa-online\/#primaryimage"},"thumbnailUrl":"https:\/\/nembutalhouse.com\/wp-content\/uploads\/2024\/10\/3FA.gif","datePublished":"2024-10-16T04:46:10+00:00","dateModified":"2026-03-06T07:04:12+00:00","description":"If you want to buy 3fa online and looking for a reliable online store, then buy here. We offer only high-quality 3fa for sale at an affordable price. Order 3fa Now!","breadcrumb":{"@id":"https:\/\/nembutalhouse.com\/product\/buy-3fa-online\/#breadcrumb"},"inLanguage":"sv-SE","potentialAction":[{"@type":"ReadAction","target":["https:\/\/nembutalhouse.com\/product\/buy-3fa-online\/"]}]},{"@type":"ImageObject","inLanguage":"sv-SE","@id":"https:\/\/nembutalhouse.com\/product\/buy-3fa-online\/#primaryimage","url":"https:\/\/nembutalhouse.com\/wp-content\/uploads\/2024\/10\/3FA.gif","contentUrl":"https:\/\/nembutalhouse.com\/wp-content\/uploads\/2024\/10\/3FA.gif","width":600,"height":600,"caption":"Buy 3FA Online"},{"@type":"BreadcrumbList","@id":"https:\/\/nembutalhouse.com\/product\/buy-3fa-online\/#breadcrumb","itemListElement":[{"@type":"ListItem","position":1,"name":"Home","item":"https:\/\/nembutalhouse.com\/"},{"@type":"ListItem","position":2,"name":"Shop","item":"https:\/\/nembutalhouse.com\/shop\/"},{"@type":"ListItem","position":3,"name":"Buy 3FA Online"}]},{"@type":"WebSite","@id":"https:\/\/nembutalhouse.com\/#website","url":"https:\/\/nembutalhouse.com\/","name":"Nembutal House","description":"Best Nembutal Online Store","publisher":{"@id":"https:\/\/nembutalhouse.com\/#organization"},"potentialAction":[{"@type":"SearchAction","target":{"@type":"EntryPoint","urlTemplate":"https:\/\/nembutalhouse.com\/?s={search_term_string}"},"query-input":{"@type":"PropertyValueSpecification","valueRequired":true,"valueName":"search_term_string"}}],"inLanguage":"sv-SE"},{"@type":"Organization","@id":"https:\/\/nembutalhouse.com\/#organization","name":"Nembutal House","url":"https:\/\/nembutalhouse.com\/","logo":{"@type":"ImageObject","inLanguage":"sv-SE","@id":"https:\/\/nembutalhouse.com\/#\/schema\/logo\/image\/","url":"https:\/\/nembutalhouse.com\/wp-content\/uploads\/2022\/12\/logo.png","contentUrl":"https:\/\/nembutalhouse.com\/wp-content\/uploads\/2022\/12\/logo.png","width":344,"height":103,"caption":"Nembutal House"},"image":{"@id":"https:\/\/nembutalhouse.com\/#\/schema\/logo\/image\/"}}]}},"_links":{"self":[{"href":"https:\/\/nembutalhouse.com\/sv\/wp-json\/wp\/v2\/product\/531","targetHints":{"allow":["GET"]}}],"collection":[{"href":"https:\/\/nembutalhouse.com\/sv\/wp-json\/wp\/v2\/product"}],"about":[{"href":"https:\/\/nembutalhouse.com\/sv\/wp-json\/wp\/v2\/types\/product"}],"replies":[{"embeddable":true,"href":"https:\/\/nembutalhouse.com\/sv\/wp-json\/wp\/v2\/comments?post=531"}],"wp:featuredmedia":[{"embeddable":true,"href":"https:\/\/nembutalhouse.com\/sv\/wp-json\/wp\/v2\/media\/564"}],"wp:attachment":[{"href":"https:\/\/nembutalhouse.com\/sv\/wp-json\/wp\/v2\/media?parent=531"}],"wp:term":[{"taxonomy":"product_cat","embeddable":true,"href":"https:\/\/nembutalhouse.com\/sv\/wp-json\/wp\/v2\/product_cat?post=531"},{"taxonomy":"product_tag","embeddable":true,"href":"https:\/\/nembutalhouse.com\/sv\/wp-json\/wp\/v2\/product_tag?post=531"}],"curies":[{"name":"wp","href":"https:\/\/api.w.org\/{rel}","templated":true}]}}