{"id":530,"date":"2024-10-16T05:04:43","date_gmt":"2024-10-16T05:04:43","guid":{"rendered":"https:\/\/nembutalhouse.com\/?post_type=product&#038;p=530"},"modified":"2026-03-06T07:03:14","modified_gmt":"2026-03-06T07:03:14","slug":"buy-3cl-online","status":"publish","type":"product","link":"https:\/\/nembutalhouse.com\/sv\/produkt\/kopa-3cl-online\/","title":{"rendered":"Buy 3cl Online"},"content":{"rendered":"<h2>K\u00f6p 3-Aminoindane (3-CI) online<\/h2>\n<p><a href=\"https:\/\/nembutalhouse.com\/sv\/produkt\/kopa-3cl-online\/\">3-CI<\/a> Eftersom det inte har gjorts n\u00e5gon forskning om kemikalien har alla diskussioner om dess farmakologi bara fokuserat p\u00e5 hur lik dess struktur och subjektiva effekter \u00e4r de f\u00f6r andra stimulanser som amfetamin, metamfetamin och 2-FMA.<\/p>\n<p>3-CI fungerar troligen som en fris\u00e4ttare av noradrenalin och dopamin.<\/p>\n<p>Eftersom 3-CI binder till och delvis blockerar de transportproteiner som normalt avl\u00e4gsnar noradrenalin och dopamin fr\u00e5n den synaptiska klyftan, h\u00f6jer det effektivt niv\u00e5erna av dessa signalsubstanser i hj\u00e4rnan.<\/p>\n<p>Detta g\u00f6r att noradrenalin och dopamin byggs upp i hj\u00e4rnan, vilket ger euforiska och stimulerande effekter.<\/p>\n<h3>3-CI Fysiska konsekvenser<\/h3>\n<p><a href=\"https:\/\/en.wikipedia.org\/wiki\/Chloromethane\">3-CI<\/a> Stimulans: Baserat p\u00e5 dess inverkan p\u00e5 anv\u00e4ndarens fysiska energiniv\u00e5er anses 3-CI vanligtvis vara energigivande och uppfriskande p\u00e5 ett s\u00e4tt som \u00e4r mer potent \u00e4n modafinil eller koffein och liknar amfetamin.<\/p>\n<p>Den skiljer sig n\u00e5got fr\u00e5n den stimulering som MDMA ger upphov till, men den skiljer sig ocks\u00e5 genom att den fr\u00e4mjar fysisk aktivitet som dans, mingel, l\u00f6pning eller st\u00e4dning. <a href=\"https:\/\/nembutalhouse.com\/sv\/\">NembutalHouse<\/a><\/p>\n<p>Det \u00e4r m\u00f6jligt att karakterisera den specifika form av stimulering som 3-CI erbjuder som p\u00e5tvingad.<\/p>\n<p>Detta inneb\u00e4r att vid h\u00f6gre doser uppst\u00e5r k\u00e4ksprickning, ofrivilliga kroppsskakningar och vibrationer, vilket g\u00f6r det sv\u00e5rt eller om\u00f6jligt att vara stilla. Resultatet blir \u00f6verdrivna kroppsskakningar, skakiga h\u00e4nder och en allm\u00e4n brist p\u00e5 motorisk kontroll.<\/p>\n<p>3-CI Sm\u00e4rtlindring: Baserat p\u00e5 m\u00e5nga anekdotiska rapporter kan detta \u00e4mne minska sm\u00e4rta p\u00e5 ett s\u00e4tt som \u00e4r j\u00e4mf\u00f6rbart med opioider men utan den uttalade fysiska h\u00f6jden.<\/p>\n<p>f\u00f6rh\u00f6jd hj\u00e4rtfrekvens<\/p>\n<p>f\u00f6rh\u00f6jd hj\u00e4rtfrekvens<\/p>\n<p>Brist p\u00e5 vatten<\/p>\n<p>Undertryckande av aptiten<\/p>\n<p>kr\u00e4kningar<\/p>\n<p>erektil dysfunktion tillf\u00e4lligt<\/p>\n<p>f\u00f6rh\u00f6jd svettning<\/p>\n<p>Gnisslande t\u00e4nder: Till skillnad fr\u00e5n MDMA anses denna ingrediens vara mindre potent.<\/p>\n<p>En st\u00f6rre uppskattning av musik<\/p>\n<p>effekter p\u00e5 kognition<\/p>\n<p>De kognitiva effekterna av 3-CI best\u00e5r av flera komponenter, och intensiteten i varje komponent \u00f6kar med doseringen.<\/p>\n<p>M\u00e5nga m\u00e4nniskor beskriver det \u00f6vergripande mentala tillst\u00e5ndet av 3-CI som ett tillst\u00e5nd av upprymdhet, f\u00f6rb\u00e4ttrat fokus och cerebral stimulering.<\/p>\n<p>Det har m\u00e5nga av de vanliga stimulerande kognitiva effekterna. \u00c4ven om biverkningarna ofta \u00e4r minimala vid l\u00e5ga till m\u00e5ttliga doser, \u00e4r det mer sannolikt att de upptr\u00e4der vid h\u00f6gre doser eller vid l\u00e5ngvarig anv\u00e4ndning.<\/p>\n<p>Detta g\u00e4ller s\u00e4rskilt n\u00e4r upplevelsen ska kompenseras.<\/p>\n<p>&nbsp;<\/p>\n<p>&nbsp;<\/p>","protected":false},"excerpt":{"rendered":"<p>Buy 3-Aminoindane (3-CI) Online 3-CI Since there hasn&#8217;t been any research done on the chemical, any discussion of its pharmacology has only focused on how similar its structure and subjective&hellip;<\/p>","protected":false},"featured_media":576,"comment_status":"closed","ping_status":"closed","template":"","meta":{"_joinchat":[]},"product_cat":[186],"product_tag":[696,699,697,695,693,694,673,678,684,685,688,674,692,681,671,698,683,672,690,687,680,676,700,677,691,689,686,679,682,675],"class_list":{"0":"post-530","1":"product","2":"type-product","3":"status-publish","4":"has-post-thumbnail","6":"product_cat-research-chemicals","7":"product_tag-3cl-brown-powder-for-cleaning","8":"product_tag-3cl-brown-powder-for-sale","9":"product_tag-3cl-brown-powder-powder","10":"product_tag-3cl-brown-powder-wiki","11":"product_tag-3cl-brown-powder-worldwide","12":"product_tag-3cl-brown-powders-use","13":"product_tag-3cl-for-sale","14":"product_tag-3cl-powder","15":"product_tag-3cl-powder-online","16":"product_tag-3cl-price","17":"product_tag-3cl-store","18":"product_tag-3cl-supplier","19":"product_tag-best-cheap-price-3cl-brown-powder","20":"product_tag-best-place-to-buy-3cl","21":"product_tag-buy-3cl","22":"product_tag-buy-3cl-brown-powder-online","23":"product_tag-buy-3cl-legally","24":"product_tag-buy-3cl-online","25":"product_tag-cheap-3cls","26":"product_tag-high-quality-3cl","27":"product_tag-how-to-buy-3cl","28":"product_tag-order-3cl","29":"product_tag-order-3cl-brown-powder","30":"product_tag-order-3cl-online","31":"product_tag-purcharse-3cl-brown-powder","32":"product_tag-shop-3cl","33":"product_tag-top-quality-3cl","34":"product_tag-where-to-buy-3cl","35":"product_tag-where-to-order-3cl","36":"product_tag-wholesale-3cl-bulk-online","38":"first","39":"instock","40":"shipping-taxable","41":"purchasable","42":"product-type-variable"},"yoast_head":"<!-- This site is optimized with the Yoast SEO plugin v24.1 - https:\/\/yoast.com\/wordpress\/plugins\/seo\/ -->\n<title>3 CL Sale - Buy 3 CL Online - Order 3 CL Online | NembutalHouse<\/title>\n<meta name=\"description\" content=\"Looking for a reliable source to buy 3cl online? Your search ends here. Order 3cl online from our trusted store and enjoy a seamless buying process tailored for your research needs.\" \/>\n<meta name=\"robots\" content=\"index, follow, max-snippet:-1, max-image-preview:large, max-video-preview:-1\" \/>\n<link rel=\"canonical\" href=\"https:\/\/nembutalhouse.com\/sv\/produkt\/kopa-3cl-online\/\" \/>\n<meta property=\"og:locale\" content=\"sv_SE\" \/>\n<meta property=\"og:type\" content=\"article\" \/>\n<meta property=\"og:title\" content=\"3 CL Sale - Buy 3 CL Online - Order 3 CL Online | NembutalHouse\" \/>\n<meta property=\"og:description\" content=\"Looking for a reliable source to buy 3cl online? Your search ends here. Order 3cl online from our trusted store and enjoy a seamless buying process tailored for your research needs.\" \/>\n<meta property=\"og:url\" content=\"https:\/\/nembutalhouse.com\/sv\/produkt\/kopa-3cl-online\/\" \/>\n<meta property=\"og:site_name\" content=\"Nembutal House\" \/>\n<meta property=\"article:modified_time\" content=\"2026-03-06T07:03:14+00:00\" \/>\n<meta property=\"og:image\" content=\"https:\/\/nembutalhouse.com\/wp-content\/uploads\/2024\/10\/3cl.gif\" \/>\n\t<meta property=\"og:image:width\" content=\"600\" \/>\n\t<meta property=\"og:image:height\" content=\"600\" \/>\n\t<meta property=\"og:image:type\" content=\"image\/gif\" \/>\n<meta name=\"twitter:card\" content=\"summary_large_image\" \/>\n<meta name=\"twitter:label1\" content=\"Ber\u00e4knad l\u00e4stid\" \/>\n\t<meta name=\"twitter:data1\" content=\"2 minuter\" \/>\n<script type=\"application\/ld+json\" class=\"yoast-schema-graph\">{\"@context\":\"https:\/\/schema.org\",\"@graph\":[{\"@type\":\"WebPage\",\"@id\":\"https:\/\/nembutalhouse.com\/product\/buy-3cl-online\/\",\"url\":\"https:\/\/nembutalhouse.com\/product\/buy-3cl-online\/\",\"name\":\"3 CL Sale - Buy 3 CL Online - Order 3 CL Online | NembutalHouse\",\"isPartOf\":{\"@id\":\"https:\/\/nembutalhouse.com\/#website\"},\"primaryImageOfPage\":{\"@id\":\"https:\/\/nembutalhouse.com\/product\/buy-3cl-online\/#primaryimage\"},\"image\":{\"@id\":\"https:\/\/nembutalhouse.com\/product\/buy-3cl-online\/#primaryimage\"},\"thumbnailUrl\":\"https:\/\/nembutalhouse.com\/wp-content\/uploads\/2024\/10\/3cl.gif\",\"datePublished\":\"2024-10-16T05:04:43+00:00\",\"dateModified\":\"2026-03-06T07:03:14+00:00\",\"description\":\"Looking for a reliable source to buy 3cl online? Your search ends here. Order 3cl online from our trusted store and enjoy a seamless buying process tailored for your research needs.\",\"breadcrumb\":{\"@id\":\"https:\/\/nembutalhouse.com\/product\/buy-3cl-online\/#breadcrumb\"},\"inLanguage\":\"sv-SE\",\"potentialAction\":[{\"@type\":\"ReadAction\",\"target\":[\"https:\/\/nembutalhouse.com\/product\/buy-3cl-online\/\"]}]},{\"@type\":\"ImageObject\",\"inLanguage\":\"sv-SE\",\"@id\":\"https:\/\/nembutalhouse.com\/product\/buy-3cl-online\/#primaryimage\",\"url\":\"https:\/\/nembutalhouse.com\/wp-content\/uploads\/2024\/10\/3cl.gif\",\"contentUrl\":\"https:\/\/nembutalhouse.com\/wp-content\/uploads\/2024\/10\/3cl.gif\",\"width\":600,\"height\":600,\"caption\":\"Buy 3cl Online\"},{\"@type\":\"BreadcrumbList\",\"@id\":\"https:\/\/nembutalhouse.com\/product\/buy-3cl-online\/#breadcrumb\",\"itemListElement\":[{\"@type\":\"ListItem\",\"position\":1,\"name\":\"Home\",\"item\":\"https:\/\/nembutalhouse.com\/\"},{\"@type\":\"ListItem\",\"position\":2,\"name\":\"Shop\",\"item\":\"https:\/\/nembutalhouse.com\/shop\/\"},{\"@type\":\"ListItem\",\"position\":3,\"name\":\"Buy 3cl Online\"}]},{\"@type\":\"WebSite\",\"@id\":\"https:\/\/nembutalhouse.com\/#website\",\"url\":\"https:\/\/nembutalhouse.com\/\",\"name\":\"Nembutal House\",\"description\":\"Best Nembutal Online Store\",\"publisher\":{\"@id\":\"https:\/\/nembutalhouse.com\/#organization\"},\"potentialAction\":[{\"@type\":\"SearchAction\",\"target\":{\"@type\":\"EntryPoint\",\"urlTemplate\":\"https:\/\/nembutalhouse.com\/?s={search_term_string}\"},\"query-input\":{\"@type\":\"PropertyValueSpecification\",\"valueRequired\":true,\"valueName\":\"search_term_string\"}}],\"inLanguage\":\"sv-SE\"},{\"@type\":\"Organization\",\"@id\":\"https:\/\/nembutalhouse.com\/#organization\",\"name\":\"Nembutal House\",\"url\":\"https:\/\/nembutalhouse.com\/\",\"logo\":{\"@type\":\"ImageObject\",\"inLanguage\":\"sv-SE\",\"@id\":\"https:\/\/nembutalhouse.com\/#\/schema\/logo\/image\/\",\"url\":\"https:\/\/nembutalhouse.com\/wp-content\/uploads\/2022\/12\/logo.png\",\"contentUrl\":\"https:\/\/nembutalhouse.com\/wp-content\/uploads\/2022\/12\/logo.png\",\"width\":344,\"height\":103,\"caption\":\"Nembutal House\"},\"image\":{\"@id\":\"https:\/\/nembutalhouse.com\/#\/schema\/logo\/image\/\"}}]}<\/script>\n<!-- \/ Yoast SEO plugin. -->","yoast_head_json":{"title":"3 CL Sale - Buy 3 CL Online - Order 3 CL Online | NembutalHouse","description":"Looking for a reliable source to buy 3cl online? Your search ends here. Order 3cl online from our trusted store and enjoy a seamless buying process tailored for your research needs.","robots":{"index":"index","follow":"follow","max-snippet":"max-snippet:-1","max-image-preview":"max-image-preview:large","max-video-preview":"max-video-preview:-1"},"canonical":"https:\/\/nembutalhouse.com\/sv\/produkt\/kopa-3cl-online\/","og_locale":"sv_SE","og_type":"article","og_title":"3 CL Sale - Buy 3 CL Online - Order 3 CL Online | NembutalHouse","og_description":"Looking for a reliable source to buy 3cl online? Your search ends here. Order 3cl online from our trusted store and enjoy a seamless buying process tailored for your research needs.","og_url":"https:\/\/nembutalhouse.com\/sv\/produkt\/kopa-3cl-online\/","og_site_name":"Nembutal House","article_modified_time":"2026-03-06T07:03:14+00:00","og_image":[{"width":600,"height":600,"url":"https:\/\/nembutalhouse.com\/wp-content\/uploads\/2024\/10\/3cl.gif","type":"image\/gif"}],"twitter_card":"summary_large_image","twitter_misc":{"Ber\u00e4knad l\u00e4stid":"2 minuter"},"schema":{"@context":"https:\/\/schema.org","@graph":[{"@type":"WebPage","@id":"https:\/\/nembutalhouse.com\/product\/buy-3cl-online\/","url":"https:\/\/nembutalhouse.com\/product\/buy-3cl-online\/","name":"3 CL Sale - Buy 3 CL Online - Order 3 CL Online | NembutalHouse","isPartOf":{"@id":"https:\/\/nembutalhouse.com\/#website"},"primaryImageOfPage":{"@id":"https:\/\/nembutalhouse.com\/product\/buy-3cl-online\/#primaryimage"},"image":{"@id":"https:\/\/nembutalhouse.com\/product\/buy-3cl-online\/#primaryimage"},"thumbnailUrl":"https:\/\/nembutalhouse.com\/wp-content\/uploads\/2024\/10\/3cl.gif","datePublished":"2024-10-16T05:04:43+00:00","dateModified":"2026-03-06T07:03:14+00:00","description":"Looking for a reliable source to buy 3cl online? Your search ends here. Order 3cl online from our trusted store and enjoy a seamless buying process tailored for your research needs.","breadcrumb":{"@id":"https:\/\/nembutalhouse.com\/product\/buy-3cl-online\/#breadcrumb"},"inLanguage":"sv-SE","potentialAction":[{"@type":"ReadAction","target":["https:\/\/nembutalhouse.com\/product\/buy-3cl-online\/"]}]},{"@type":"ImageObject","inLanguage":"sv-SE","@id":"https:\/\/nembutalhouse.com\/product\/buy-3cl-online\/#primaryimage","url":"https:\/\/nembutalhouse.com\/wp-content\/uploads\/2024\/10\/3cl.gif","contentUrl":"https:\/\/nembutalhouse.com\/wp-content\/uploads\/2024\/10\/3cl.gif","width":600,"height":600,"caption":"Buy 3cl Online"},{"@type":"BreadcrumbList","@id":"https:\/\/nembutalhouse.com\/product\/buy-3cl-online\/#breadcrumb","itemListElement":[{"@type":"ListItem","position":1,"name":"Home","item":"https:\/\/nembutalhouse.com\/"},{"@type":"ListItem","position":2,"name":"Shop","item":"https:\/\/nembutalhouse.com\/shop\/"},{"@type":"ListItem","position":3,"name":"Buy 3cl Online"}]},{"@type":"WebSite","@id":"https:\/\/nembutalhouse.com\/#website","url":"https:\/\/nembutalhouse.com\/","name":"Nembutal House","description":"Best Nembutal Online Store","publisher":{"@id":"https:\/\/nembutalhouse.com\/#organization"},"potentialAction":[{"@type":"SearchAction","target":{"@type":"EntryPoint","urlTemplate":"https:\/\/nembutalhouse.com\/?s={search_term_string}"},"query-input":{"@type":"PropertyValueSpecification","valueRequired":true,"valueName":"search_term_string"}}],"inLanguage":"sv-SE"},{"@type":"Organization","@id":"https:\/\/nembutalhouse.com\/#organization","name":"Nembutal House","url":"https:\/\/nembutalhouse.com\/","logo":{"@type":"ImageObject","inLanguage":"sv-SE","@id":"https:\/\/nembutalhouse.com\/#\/schema\/logo\/image\/","url":"https:\/\/nembutalhouse.com\/wp-content\/uploads\/2022\/12\/logo.png","contentUrl":"https:\/\/nembutalhouse.com\/wp-content\/uploads\/2022\/12\/logo.png","width":344,"height":103,"caption":"Nembutal House"},"image":{"@id":"https:\/\/nembutalhouse.com\/#\/schema\/logo\/image\/"}}]}},"_links":{"self":[{"href":"https:\/\/nembutalhouse.com\/sv\/wp-json\/wp\/v2\/product\/530","targetHints":{"allow":["GET"]}}],"collection":[{"href":"https:\/\/nembutalhouse.com\/sv\/wp-json\/wp\/v2\/product"}],"about":[{"href":"https:\/\/nembutalhouse.com\/sv\/wp-json\/wp\/v2\/types\/product"}],"replies":[{"embeddable":true,"href":"https:\/\/nembutalhouse.com\/sv\/wp-json\/wp\/v2\/comments?post=530"}],"wp:featuredmedia":[{"embeddable":true,"href":"https:\/\/nembutalhouse.com\/sv\/wp-json\/wp\/v2\/media\/576"}],"wp:attachment":[{"href":"https:\/\/nembutalhouse.com\/sv\/wp-json\/wp\/v2\/media?parent=530"}],"wp:term":[{"taxonomy":"product_cat","embeddable":true,"href":"https:\/\/nembutalhouse.com\/sv\/wp-json\/wp\/v2\/product_cat?post=530"},{"taxonomy":"product_tag","embeddable":true,"href":"https:\/\/nembutalhouse.com\/sv\/wp-json\/wp\/v2\/product_tag?post=530"}],"curies":[{"name":"wp","href":"https:\/\/api.w.org\/{rel}","templated":true}]}}