{"id":529,"date":"2024-10-16T04:59:57","date_gmt":"2024-10-16T04:59:57","guid":{"rendered":"https:\/\/nembutalhouse.com\/?post_type=product&#038;p=529"},"modified":"2026-03-06T07:35:40","modified_gmt":"2026-03-06T07:35:40","slug":"buy-5cladba-online","status":"publish","type":"product","link":"https:\/\/nembutalhouse.com\/sv\/produkt\/kopa-5cladba-online\/","title":{"rendered":"Buy 5cladba Online"},"content":{"rendered":"<h2>K\u00f6p 5cl-adb-a online<\/h2>\n<p>K\u00f6p online 5cl-adb-a Det \u00e4r ocks\u00e5 k\u00e4nt som MDMB-4en-P och \u00e4r vanligtvis endast avsett att anv\u00e4ndas f\u00f6r studier; det \u00e4r inte avsett att konsumeras av m\u00e4nniskor eller djur.<br \/>\n5-cl-adb-a finns att k\u00f6pa<\/p>\n<p><a href=\"https:\/\/nembutalhouse.com\/sv\/\">NembutalHouse<\/a> F\u00f6rs\u00e4ljningen erbjuder 5cl-adb-a till salu online till ett l\u00e5gt pris. Vi levererar s\u00e5 snart produkten \u00e4r verifierad; under tiden \u00e4r 5-cl-adb-a en ytterligare konstruerad cannabinoid som nyligen har blivit tillg\u00e4nglig och har lagts till i v\u00e5rt lager. En artificiellt producerad cannabinoid fr\u00e5n indazol-3-karboxamidfamiljen \u00e4r <a href=\"https:\/\/nembutalhouse.com\/sv\/produkt\/kopa-5cladba-online\/\">5-kl-adb-an<\/a>. Det kommer fr\u00e5n en serie blandningar som Pfizer f\u00f6rst utvecklade 2009 som ett sm\u00e4rtstillande medel.<\/p>\n<h3>ans\u00f6kningar f\u00f6r 5cl-adb-a<\/h3>\n<p>Den 5cl-adb-a som kan k\u00f6pas p\u00e5 denna webbplats \u00e4r inte avsedd f\u00f6r in vivo-testning eller m\u00e4nsklig anv\u00e4ndning. Detta f\u00f6rem\u00e5l \u00e4r<\/p>\n<p>f\u00f6resl\u00e5s f\u00f6r, p\u00e5 s\u00e4tt och vis, kriminologiska till\u00e4mpningar och logiska unders\u00f6kningar. 5-cl-adb-a b\u00f6r endast anv\u00e4ndas under forskningscenterf\u00f6rh\u00e5llanden av utbildad personal.<\/p>\n<p><a href=\"https:\/\/en.wikipedia.org\/wiki\/MDMB-4en-PINACA\">5-CL-ADB-An<\/a> \u00e4r en syntetisk cannabinoid som h\u00e4rr\u00f6r fr\u00e5n indazoler. 5-cl-adb-a marknadsf\u00f6rs som ett arkitektmedicin och \u00e4r tillg\u00e4ngligt f\u00f6r k\u00f6p online. K\u00f6p 5cl-adb-a online \u00e4r ett enkelt exempel p\u00e5 en amylerad 5f-adb-underordnad, d\u00e4r en amylen har anv\u00e4nts i st\u00e4llet f\u00f6r metylestern.<\/p>\n<p>Den \u00e4r mycket kraftfullare \u00e4n 5f-adb i j\u00e4mf\u00f6relse, \u00e4ven n\u00e4r den uttrycks enkelt. I den osannolika h\u00e4ndelsen om du letar efter en het och potent cannabis \u00e4r 5-cl-adb-an den du ska leta efter. Kontakta oss bara nu via WhatsApp eller v\u00e5rt livebes\u00f6k, s\u00e5 ger vi dig all information du kan beh\u00f6va om denna nya cannabinoid som f\u00f6r n\u00e4rvarande anv\u00e4nds mer allm\u00e4nt. K\u00f6p online 5cl-adb-a.<\/p>\n<p>&nbsp;<\/p>\n<p>&nbsp;<\/p>","protected":false},"excerpt":{"rendered":"<p>Buy\u00a0 5cl-adb-a online Buy online 5cl-adb-a It is also known as MDMB-4en-P and is typically only meant to be used for study; it is not meant to be consumed by&hellip;<\/p>","protected":false},"featured_media":575,"comment_status":"closed","ping_status":"closed","template":"","meta":{"_joinchat":[]},"product_cat":[186],"product_tag":[670,649,652,658,659,662,669,667,668,666,655,647,657,648,664,624,661,654,650,651,665,663,660,653,656,625],"class_list":{"0":"post-529","1":"product","2":"type-product","3":"status-publish","4":"has-post-thumbnail","6":"product_cat-research-chemicals","7":"product_tag-5cladba-for-cleaning","8":"product_tag-5cladba-for-sale","9":"product_tag-5cladba-powder","10":"product_tag-5cladba-powder-online","11":"product_tag-5cladba-price","12":"product_tag-5cladba-store","13":"product_tag-5cladba-wiki","14":"product_tag-5cladba-worldwide","15":"product_tag-5cladbas-use","16":"product_tag-best-cheap-price-5cladba","17":"product_tag-best-place-to-buy-5cladba","18":"product_tag-buy-5cladba","19":"product_tag-buy-5cladba-legally","20":"product_tag-buy-5cladba-online","21":"product_tag-cheap-5cladbas","22":"product_tag-dmxe-supplier","23":"product_tag-high-quality-5cladba","24":"product_tag-how-to-buy-5cladba","25":"product_tag-order-5cladba","26":"product_tag-order-5cladba-online","27":"product_tag-purcharse-5cladba","28":"product_tag-shop-5cladba","29":"product_tag-top-quality-5cladba","30":"product_tag-where-to-buy-5cladba","31":"product_tag-where-to-order-5cladba","32":"product_tag-wholesale-dmxe-bulk-online","34":"first","35":"instock","36":"shipping-taxable","37":"purchasable","38":"product-type-variable"},"yoast_head":"<!-- This site is optimized with the Yoast SEO plugin v24.1 - https:\/\/yoast.com\/wordpress\/plugins\/seo\/ -->\n<title>Buy 5 CLADBA Online - 5 CLADBA Powder for Sale<\/title>\n<meta name=\"description\" content=\"Find premium 5cladba for sale at our online store, providing a secure platform to buy 5cladba online with ease, catering to your research needs.\" \/>\n<meta name=\"robots\" content=\"index, follow, max-snippet:-1, max-image-preview:large, max-video-preview:-1\" \/>\n<link rel=\"canonical\" href=\"https:\/\/nembutalhouse.com\/sv\/produkt\/kopa-5cladba-online\/\" \/>\n<meta property=\"og:locale\" content=\"sv_SE\" \/>\n<meta property=\"og:type\" content=\"article\" \/>\n<meta property=\"og:title\" content=\"Buy 5 CLADBA Online - 5 CLADBA Powder for Sale\" \/>\n<meta property=\"og:description\" content=\"Find premium 5cladba for sale at our online store, providing a secure platform to buy 5cladba online with ease, catering to your research needs.\" \/>\n<meta property=\"og:url\" content=\"https:\/\/nembutalhouse.com\/sv\/produkt\/kopa-5cladba-online\/\" \/>\n<meta property=\"og:site_name\" content=\"Nembutal House\" \/>\n<meta property=\"article:modified_time\" content=\"2026-03-06T07:35:40+00:00\" \/>\n<meta property=\"og:image\" content=\"https:\/\/nembutalhouse.com\/wp-content\/uploads\/2024\/10\/5cladba.gif\" \/>\n\t<meta property=\"og:image:width\" content=\"600\" \/>\n\t<meta property=\"og:image:height\" content=\"600\" \/>\n\t<meta property=\"og:image:type\" content=\"image\/gif\" \/>\n<meta name=\"twitter:card\" content=\"summary_large_image\" \/>\n<meta name=\"twitter:label1\" content=\"Ber\u00e4knad l\u00e4stid\" \/>\n\t<meta name=\"twitter:data1\" content=\"2 minuter\" \/>\n<script type=\"application\/ld+json\" class=\"yoast-schema-graph\">{\"@context\":\"https:\/\/schema.org\",\"@graph\":[{\"@type\":\"WebPage\",\"@id\":\"https:\/\/nembutalhouse.com\/product\/buy-5cladba-online\/\",\"url\":\"https:\/\/nembutalhouse.com\/product\/buy-5cladba-online\/\",\"name\":\"Buy 5 CLADBA Online - 5 CLADBA Powder for Sale\",\"isPartOf\":{\"@id\":\"https:\/\/nembutalhouse.com\/#website\"},\"primaryImageOfPage\":{\"@id\":\"https:\/\/nembutalhouse.com\/product\/buy-5cladba-online\/#primaryimage\"},\"image\":{\"@id\":\"https:\/\/nembutalhouse.com\/product\/buy-5cladba-online\/#primaryimage\"},\"thumbnailUrl\":\"https:\/\/nembutalhouse.com\/wp-content\/uploads\/2024\/10\/5cladba.gif\",\"datePublished\":\"2024-10-16T04:59:57+00:00\",\"dateModified\":\"2026-03-06T07:35:40+00:00\",\"description\":\"Find premium 5cladba for sale at our online store, providing a secure platform to buy 5cladba online with ease, catering to your research needs.\",\"breadcrumb\":{\"@id\":\"https:\/\/nembutalhouse.com\/product\/buy-5cladba-online\/#breadcrumb\"},\"inLanguage\":\"sv-SE\",\"potentialAction\":[{\"@type\":\"ReadAction\",\"target\":[\"https:\/\/nembutalhouse.com\/product\/buy-5cladba-online\/\"]}]},{\"@type\":\"ImageObject\",\"inLanguage\":\"sv-SE\",\"@id\":\"https:\/\/nembutalhouse.com\/product\/buy-5cladba-online\/#primaryimage\",\"url\":\"https:\/\/nembutalhouse.com\/wp-content\/uploads\/2024\/10\/5cladba.gif\",\"contentUrl\":\"https:\/\/nembutalhouse.com\/wp-content\/uploads\/2024\/10\/5cladba.gif\",\"width\":600,\"height\":600,\"caption\":\"Buy 5cladba Online\"},{\"@type\":\"BreadcrumbList\",\"@id\":\"https:\/\/nembutalhouse.com\/product\/buy-5cladba-online\/#breadcrumb\",\"itemListElement\":[{\"@type\":\"ListItem\",\"position\":1,\"name\":\"Home\",\"item\":\"https:\/\/nembutalhouse.com\/\"},{\"@type\":\"ListItem\",\"position\":2,\"name\":\"Shop\",\"item\":\"https:\/\/nembutalhouse.com\/shop\/\"},{\"@type\":\"ListItem\",\"position\":3,\"name\":\"Buy 5cladba Online\"}]},{\"@type\":\"WebSite\",\"@id\":\"https:\/\/nembutalhouse.com\/#website\",\"url\":\"https:\/\/nembutalhouse.com\/\",\"name\":\"Nembutal House\",\"description\":\"Best Nembutal Online Store\",\"publisher\":{\"@id\":\"https:\/\/nembutalhouse.com\/#organization\"},\"potentialAction\":[{\"@type\":\"SearchAction\",\"target\":{\"@type\":\"EntryPoint\",\"urlTemplate\":\"https:\/\/nembutalhouse.com\/?s={search_term_string}\"},\"query-input\":{\"@type\":\"PropertyValueSpecification\",\"valueRequired\":true,\"valueName\":\"search_term_string\"}}],\"inLanguage\":\"sv-SE\"},{\"@type\":\"Organization\",\"@id\":\"https:\/\/nembutalhouse.com\/#organization\",\"name\":\"Nembutal House\",\"url\":\"https:\/\/nembutalhouse.com\/\",\"logo\":{\"@type\":\"ImageObject\",\"inLanguage\":\"sv-SE\",\"@id\":\"https:\/\/nembutalhouse.com\/#\/schema\/logo\/image\/\",\"url\":\"https:\/\/nembutalhouse.com\/wp-content\/uploads\/2022\/12\/logo.png\",\"contentUrl\":\"https:\/\/nembutalhouse.com\/wp-content\/uploads\/2022\/12\/logo.png\",\"width\":344,\"height\":103,\"caption\":\"Nembutal House\"},\"image\":{\"@id\":\"https:\/\/nembutalhouse.com\/#\/schema\/logo\/image\/\"}}]}<\/script>\n<!-- \/ Yoast SEO plugin. -->","yoast_head_json":{"title":"Buy 5 CLADBA Online - 5 CLADBA Powder for Sale","description":"Find premium 5cladba for sale at our online store, providing a secure platform to buy 5cladba online with ease, catering to your research needs.","robots":{"index":"index","follow":"follow","max-snippet":"max-snippet:-1","max-image-preview":"max-image-preview:large","max-video-preview":"max-video-preview:-1"},"canonical":"https:\/\/nembutalhouse.com\/sv\/produkt\/kopa-5cladba-online\/","og_locale":"sv_SE","og_type":"article","og_title":"Buy 5 CLADBA Online - 5 CLADBA Powder for Sale","og_description":"Find premium 5cladba for sale at our online store, providing a secure platform to buy 5cladba online with ease, catering to your research needs.","og_url":"https:\/\/nembutalhouse.com\/sv\/produkt\/kopa-5cladba-online\/","og_site_name":"Nembutal House","article_modified_time":"2026-03-06T07:35:40+00:00","og_image":[{"width":600,"height":600,"url":"https:\/\/nembutalhouse.com\/wp-content\/uploads\/2024\/10\/5cladba.gif","type":"image\/gif"}],"twitter_card":"summary_large_image","twitter_misc":{"Ber\u00e4knad l\u00e4stid":"2 minuter"},"schema":{"@context":"https:\/\/schema.org","@graph":[{"@type":"WebPage","@id":"https:\/\/nembutalhouse.com\/product\/buy-5cladba-online\/","url":"https:\/\/nembutalhouse.com\/product\/buy-5cladba-online\/","name":"Buy 5 CLADBA Online - 5 CLADBA Powder for Sale","isPartOf":{"@id":"https:\/\/nembutalhouse.com\/#website"},"primaryImageOfPage":{"@id":"https:\/\/nembutalhouse.com\/product\/buy-5cladba-online\/#primaryimage"},"image":{"@id":"https:\/\/nembutalhouse.com\/product\/buy-5cladba-online\/#primaryimage"},"thumbnailUrl":"https:\/\/nembutalhouse.com\/wp-content\/uploads\/2024\/10\/5cladba.gif","datePublished":"2024-10-16T04:59:57+00:00","dateModified":"2026-03-06T07:35:40+00:00","description":"Find premium 5cladba for sale at our online store, providing a secure platform to buy 5cladba online with ease, catering to your research needs.","breadcrumb":{"@id":"https:\/\/nembutalhouse.com\/product\/buy-5cladba-online\/#breadcrumb"},"inLanguage":"sv-SE","potentialAction":[{"@type":"ReadAction","target":["https:\/\/nembutalhouse.com\/product\/buy-5cladba-online\/"]}]},{"@type":"ImageObject","inLanguage":"sv-SE","@id":"https:\/\/nembutalhouse.com\/product\/buy-5cladba-online\/#primaryimage","url":"https:\/\/nembutalhouse.com\/wp-content\/uploads\/2024\/10\/5cladba.gif","contentUrl":"https:\/\/nembutalhouse.com\/wp-content\/uploads\/2024\/10\/5cladba.gif","width":600,"height":600,"caption":"Buy 5cladba Online"},{"@type":"BreadcrumbList","@id":"https:\/\/nembutalhouse.com\/product\/buy-5cladba-online\/#breadcrumb","itemListElement":[{"@type":"ListItem","position":1,"name":"Home","item":"https:\/\/nembutalhouse.com\/"},{"@type":"ListItem","position":2,"name":"Shop","item":"https:\/\/nembutalhouse.com\/shop\/"},{"@type":"ListItem","position":3,"name":"Buy 5cladba Online"}]},{"@type":"WebSite","@id":"https:\/\/nembutalhouse.com\/#website","url":"https:\/\/nembutalhouse.com\/","name":"Nembutal House","description":"Best Nembutal Online Store","publisher":{"@id":"https:\/\/nembutalhouse.com\/#organization"},"potentialAction":[{"@type":"SearchAction","target":{"@type":"EntryPoint","urlTemplate":"https:\/\/nembutalhouse.com\/?s={search_term_string}"},"query-input":{"@type":"PropertyValueSpecification","valueRequired":true,"valueName":"search_term_string"}}],"inLanguage":"sv-SE"},{"@type":"Organization","@id":"https:\/\/nembutalhouse.com\/#organization","name":"Nembutal House","url":"https:\/\/nembutalhouse.com\/","logo":{"@type":"ImageObject","inLanguage":"sv-SE","@id":"https:\/\/nembutalhouse.com\/#\/schema\/logo\/image\/","url":"https:\/\/nembutalhouse.com\/wp-content\/uploads\/2022\/12\/logo.png","contentUrl":"https:\/\/nembutalhouse.com\/wp-content\/uploads\/2022\/12\/logo.png","width":344,"height":103,"caption":"Nembutal House"},"image":{"@id":"https:\/\/nembutalhouse.com\/#\/schema\/logo\/image\/"}}]}},"_links":{"self":[{"href":"https:\/\/nembutalhouse.com\/sv\/wp-json\/wp\/v2\/product\/529","targetHints":{"allow":["GET"]}}],"collection":[{"href":"https:\/\/nembutalhouse.com\/sv\/wp-json\/wp\/v2\/product"}],"about":[{"href":"https:\/\/nembutalhouse.com\/sv\/wp-json\/wp\/v2\/types\/product"}],"replies":[{"embeddable":true,"href":"https:\/\/nembutalhouse.com\/sv\/wp-json\/wp\/v2\/comments?post=529"}],"wp:featuredmedia":[{"embeddable":true,"href":"https:\/\/nembutalhouse.com\/sv\/wp-json\/wp\/v2\/media\/575"}],"wp:attachment":[{"href":"https:\/\/nembutalhouse.com\/sv\/wp-json\/wp\/v2\/media?parent=529"}],"wp:term":[{"taxonomy":"product_cat","embeddable":true,"href":"https:\/\/nembutalhouse.com\/sv\/wp-json\/wp\/v2\/product_cat?post=529"},{"taxonomy":"product_tag","embeddable":true,"href":"https:\/\/nembutalhouse.com\/sv\/wp-json\/wp\/v2\/product_tag?post=529"}],"curies":[{"name":"wp","href":"https:\/\/api.w.org\/{rel}","templated":true}]}}