{"id":42,"date":"2022-12-13T19:00:31","date_gmt":"2022-12-13T19:00:31","guid":{"rendered":"https:\/\/nembutalhouse.com\/?post_type=product&#038;p=42"},"modified":"2026-03-06T10:54:23","modified_gmt":"2026-03-06T10:54:23","slug":"buy-nembutal-capsules-online","status":"publish","type":"product","link":"https:\/\/nembutalhouse.com\/sv\/produkt\/kopa-nembutal-kapslar-online\/","title":{"rendered":"K\u00f6p Nembutal-kapslar online"},"content":{"rendered":"<h2>K\u00f6p Nembutal-kapslar online<\/h2>\n<p>Nuf\u00f6rtiden kan man <strong><a href=\"https:\/\/nembutalhouse.com\/sv\/produkt\/kopa-nembutal-kapslar-online\/\">k\u00f6p Nembutal kapslar online<\/a><\/strong> genom v\u00e5r Nembutal-butik online. Om du m\u00e5r d\u00e5ligt eller lider av ett medicinskt tillst\u00e5nd, r\u00e5dfr\u00e5ga alltid din l\u00e4kare innan du k\u00f6per Nembutal-kapslar och n\u00e4r din f\u00f6rs\u00e4ndelse anl\u00e4nder, se till att kontrollera utg\u00e5ngsdatumet f\u00f6r att undvika kr\u00e5ngel.<\/p>\n<h3>K\u00f6pa Nembutal kapslar online:<\/h3>\n<p>If you\u00a0buy Nembutal capsules online, be sure to purchase from a trusted and verified source. One thing to keep in mind while\u00a0order Nembutal capsules\u00a0are don\u2019t be tempted to order drugs and medicines that are prohibited by law. Real providers never list illegal\u00a0Nembutal capsules for sale\u00a0on their websites. We are the leading Nembutal capsule suppliers in the market. If you are look for a pharmacy that is accredited by the Pharmacy Council. This usually indicates that the pharmacy adheres to rigorous safety and quality standards. Always check the pharmacy&#8217;s certification with the relevant website. Do not buy from websites that sell medicines without a prescription or offer you a prescription is one of the important things to keep in mind while\u00a0buy nembutal capsules USA, Canada, Australia.<\/p>\n<h3>Nembutal kapslar till salu:<\/h3>\n<p>Do not use medicines that are broken or chipped or that come in bottles with ragged or misused labels. If you are concerned about the nature of the drug, Please contact our online pharmacy and voice your concerns before using the medication. <a href=\"https:\/\/nembutalhouse.com\/sv\/\">Nembutalhus<\/a> is often cheaper if you buy Nembutal online because we can serve large customers from a single central location and avoid the cost of operating a physical store. In many cases, our online pharmacies can sell medicines at lower prices than in the country.<\/p>\n<h3>F\u00f6rdelar med att v\u00e4lja v\u00e5r butik f\u00f6r att k\u00f6pa Nembutal-kapslarna:<\/h3>\n<p>Stigande l\u00e4kemedelspriser har gjort det sv\u00e5rt f\u00f6r m\u00e5nga att fylla i recept. Det \u00e4r h\u00e4r ett onlineapotek kan bli en r\u00e4ddare. V\u00e5r Nembutal-butik erbjuder folket att k\u00f6pa pentobarbital online till specialpriser. Detta g\u00f6r att du kan k\u00f6pa hela Nembutal-kursen utan att \u00f6verskrida din budget. Den h\u00e4r funktionen \u00e4r s\u00e4rskilt anv\u00e4ndbar f\u00f6r personer med begr\u00e4nsad inkomst. Allt du beh\u00f6ver g\u00f6ra \u00e4r att visa upp en kopia av ditt recept p\u00e5 v\u00e5rt onlineapotek. Sedan kommer din medicin att levereras till din d\u00f6rr.<\/p>\n<p>Another advantage of\u00a0buy nembutal (pentobarbital sodium)\u00a0is that you can easily order from our online store at an affordable price. By downloading a mobile app from home, elderly people and frail or handicapped people who travel back home can get a large amount of medicines by ordering medicines from our online pharmacies. In addition, if you are using rare potions that are hard to find at general stores. Our expert team will guide you on\u00a0how to buy nembutal capsules.<\/p>\n<p>While ordering Nembutal through our online pharmacy, you can also browse basic information about our products, so if you have any questions, feel free to ask about prescription drugs and also know\u00a0where can I buy <a href=\"https:\/\/en.wikipedia.org\/?title=Nembutal&amp;redirect=no\">nembutal kapslar<\/a>. You can get answers from experts. You can also consult our licensed pharmacist associated with an online pharmacy to know more about a specific medication.<\/p>","protected":false},"excerpt":{"rendered":"<p>Varje kapsel med Nembutal 100 mg inneh\u00e5ller<\/p>","protected":false},"featured_media":19,"comment_status":"open","ping_status":"closed","template":"","meta":{"_joinchat":[]},"product_cat":[16],"product_tag":[456,445,436,447,437,48,17,49,50,51,19,454,52,451,20,444,21,23,24,25,26,460,53,442,461,449,452,438,459,457,448,458,27,30,31,32,54,35,36,37,38,440,441,39,55,455,453,450,45,46,443,57,58,446,439],"class_list":{"0":"post-42","1":"product","2":"type-product","3":"status-publish","4":"has-post-thumbnail","6":"product_cat-nembutal","7":"product_tag-best-cheap-price-nembutal-capsules","8":"product_tag-best-place-to-buy-nembutal-capsules","9":"product_tag-buy-nembutal-capsules","10":"product_tag-buy-nembutal-capsules-legally","11":"product_tag-buy-nembutal-capsules-online","12":"product_tag-buy-nembutal-exit-international","13":"product_tag-buy-nembutal-online","14":"product_tag-buy-nembutal-pentobarbital","15":"product_tag-buy-nembutal-pills-online","16":"product_tag-buy-nembutal-pills-online-without-prescription","17":"product_tag-buy-nembutal-uk","18":"product_tag-cheap-nembutal-capsuless","19":"product_tag-cheap-nembutal-pills-for-sale","20":"product_tag-high-quality-nembutal-capsules","21":"product_tag-how-can-i-get-nembutal","22":"product_tag-how-to-buy-nembutal-capsules","23":"product_tag-how-to-make-nembutal","24":"product_tag-how-to-purchase-nembutal","25":"product_tag-nembutal","26":"product_tag-nembutal-buy","27":"product_tag-nembutal-buy-india","28":"product_tag-nembutal-capsules-for-cleaning","29":"product_tag-nembutal-capsules-for-sale","30":"product_tag-nembutal-capsules-liquid","31":"product_tag-nembutal-capsules-powder","32":"product_tag-nembutal-capsules-price","33":"product_tag-nembutal-capsules-store","34":"product_tag-nembutal-capsules-supplier","35":"product_tag-nembutal-capsules-wiki","36":"product_tag-nembutal-capsules-worldwide","37":"product_tag-nembutal-capsuless-online","38":"product_tag-nembutal-capsuless-use","39":"product_tag-nembutal-for-sale","40":"product_tag-nembutal-order-online","41":"product_tag-nembutal-pentobarbital-for-sale-in-usa","42":"product_tag-nembutal-pentobarbital-sodium-for-sale","43":"product_tag-nembutal-pills-for-sale","44":"product_tag-nembutal-sodium","45":"product_tag-nembutal-suicide","46":"product_tag-nembutal-where-to-buy","47":"product_tag-order-nembutal","48":"product_tag-order-nembutal-capsules","49":"product_tag-order-nembutal-capsules-online","50":"product_tag-order-nembutal-online","51":"product_tag-order-nembutal-pills-online","52":"product_tag-purcharse-nembutal-capsules","53":"product_tag-shop-nembutal-capsules","54":"product_tag-top-quality-nembutal-capsules","55":"product_tag-what-is-nembutal","56":"product_tag-where-to-buy-nembutal","57":"product_tag-where-to-buy-nembutal-capsules","58":"product_tag-where-to-buy-nembutal-pills","59":"product_tag-where-to-buy-pentobarbital-for-dogs","60":"product_tag-where-to-order-nembutal-capsules","61":"product_tag-wholesale-nembutal-capsules-bulk-online","63":"first","64":"instock","65":"shipping-taxable","66":"purchasable","67":"product-type-variable","68":"has-default-attributes"},"yoast_head":"<!-- This site is optimized with the Yoast SEO plugin v24.1 - https:\/\/yoast.com\/wordpress\/plugins\/seo\/ -->\n<title>Buy Nembutal Capsules Online - Nembutal Capsules for Sale<\/title>\n<meta name=\"description\" content=\"Discover top-notch nembutal capsules for sale at our online store - buy nembutal capsules conveniently and securely to fuel your research. Explore and buy nembutal capsules online, advancing your scientific endeavors with ease. Order Now!\" \/>\n<meta name=\"robots\" content=\"index, follow, max-snippet:-1, max-image-preview:large, max-video-preview:-1\" \/>\n<link rel=\"canonical\" href=\"https:\/\/nembutalhouse.com\/sv\/produkt\/kopa-nembutal-kapslar-online\/\" \/>\n<meta property=\"og:locale\" content=\"sv_SE\" \/>\n<meta property=\"og:type\" content=\"article\" \/>\n<meta property=\"og:title\" content=\"Buy Nembutal Capsules Online - Nembutal Capsules for Sale\" \/>\n<meta property=\"og:description\" content=\"Discover top-notch nembutal capsules for sale at our online store - buy nembutal capsules conveniently and securely to fuel your research. Explore and buy nembutal capsules online, advancing your scientific endeavors with ease. Order Now!\" \/>\n<meta property=\"og:url\" content=\"https:\/\/nembutalhouse.com\/sv\/produkt\/kopa-nembutal-kapslar-online\/\" \/>\n<meta property=\"og:site_name\" content=\"Nembutal House\" \/>\n<meta property=\"article:modified_time\" content=\"2026-03-06T10:54:23+00:00\" \/>\n<meta property=\"og:image\" content=\"https:\/\/nembutalhouse.com\/wp-content\/uploads\/2022\/12\/nembutal-capsules.jpg\" \/>\n\t<meta property=\"og:image:width\" content=\"1000\" \/>\n\t<meta property=\"og:image:height\" content=\"1000\" \/>\n\t<meta property=\"og:image:type\" content=\"image\/jpeg\" \/>\n<meta name=\"twitter:card\" content=\"summary_large_image\" \/>\n<meta name=\"twitter:label1\" content=\"Ber\u00e4knad l\u00e4stid\" \/>\n\t<meta name=\"twitter:data1\" content=\"3 minuter\" \/>\n<script type=\"application\/ld+json\" class=\"yoast-schema-graph\">{\"@context\":\"https:\/\/schema.org\",\"@graph\":[{\"@type\":\"WebPage\",\"@id\":\"https:\/\/nembutalhouse.com\/product\/buy-nembutal-capsules-online\/\",\"url\":\"https:\/\/nembutalhouse.com\/product\/buy-nembutal-capsules-online\/\",\"name\":\"Buy Nembutal Capsules Online - Nembutal Capsules for Sale\",\"isPartOf\":{\"@id\":\"https:\/\/nembutalhouse.com\/#website\"},\"primaryImageOfPage\":{\"@id\":\"https:\/\/nembutalhouse.com\/product\/buy-nembutal-capsules-online\/#primaryimage\"},\"image\":{\"@id\":\"https:\/\/nembutalhouse.com\/product\/buy-nembutal-capsules-online\/#primaryimage\"},\"thumbnailUrl\":\"https:\/\/nembutalhouse.com\/wp-content\/uploads\/2022\/12\/nembutal-capsules.jpg\",\"datePublished\":\"2022-12-13T19:00:31+00:00\",\"dateModified\":\"2026-03-06T10:54:23+00:00\",\"description\":\"Discover top-notch nembutal capsules for sale at our online store - buy nembutal capsules conveniently and securely to fuel your research. Explore and buy nembutal capsules online, advancing your scientific endeavors with ease. Order Now!\",\"breadcrumb\":{\"@id\":\"https:\/\/nembutalhouse.com\/product\/buy-nembutal-capsules-online\/#breadcrumb\"},\"inLanguage\":\"sv-SE\",\"potentialAction\":[{\"@type\":\"ReadAction\",\"target\":[\"https:\/\/nembutalhouse.com\/product\/buy-nembutal-capsules-online\/\"]}]},{\"@type\":\"ImageObject\",\"inLanguage\":\"sv-SE\",\"@id\":\"https:\/\/nembutalhouse.com\/product\/buy-nembutal-capsules-online\/#primaryimage\",\"url\":\"https:\/\/nembutalhouse.com\/wp-content\/uploads\/2022\/12\/nembutal-capsules.jpg\",\"contentUrl\":\"https:\/\/nembutalhouse.com\/wp-content\/uploads\/2022\/12\/nembutal-capsules.jpg\",\"width\":1000,\"height\":1000,\"caption\":\"buy nembutal capsules online\"},{\"@type\":\"BreadcrumbList\",\"@id\":\"https:\/\/nembutalhouse.com\/product\/buy-nembutal-capsules-online\/#breadcrumb\",\"itemListElement\":[{\"@type\":\"ListItem\",\"position\":1,\"name\":\"Home\",\"item\":\"https:\/\/nembutalhouse.com\/\"},{\"@type\":\"ListItem\",\"position\":2,\"name\":\"Shop\",\"item\":\"https:\/\/nembutalhouse.com\/shop\/\"},{\"@type\":\"ListItem\",\"position\":3,\"name\":\"Buy Nembutal Capsules Online\"}]},{\"@type\":\"WebSite\",\"@id\":\"https:\/\/nembutalhouse.com\/#website\",\"url\":\"https:\/\/nembutalhouse.com\/\",\"name\":\"Nembutal House\",\"description\":\"Best Nembutal Online Store\",\"publisher\":{\"@id\":\"https:\/\/nembutalhouse.com\/#organization\"},\"potentialAction\":[{\"@type\":\"SearchAction\",\"target\":{\"@type\":\"EntryPoint\",\"urlTemplate\":\"https:\/\/nembutalhouse.com\/?s={search_term_string}\"},\"query-input\":{\"@type\":\"PropertyValueSpecification\",\"valueRequired\":true,\"valueName\":\"search_term_string\"}}],\"inLanguage\":\"sv-SE\"},{\"@type\":\"Organization\",\"@id\":\"https:\/\/nembutalhouse.com\/#organization\",\"name\":\"Nembutal House\",\"url\":\"https:\/\/nembutalhouse.com\/\",\"logo\":{\"@type\":\"ImageObject\",\"inLanguage\":\"sv-SE\",\"@id\":\"https:\/\/nembutalhouse.com\/#\/schema\/logo\/image\/\",\"url\":\"https:\/\/nembutalhouse.com\/wp-content\/uploads\/2022\/12\/logo.png\",\"contentUrl\":\"https:\/\/nembutalhouse.com\/wp-content\/uploads\/2022\/12\/logo.png\",\"width\":344,\"height\":103,\"caption\":\"Nembutal House\"},\"image\":{\"@id\":\"https:\/\/nembutalhouse.com\/#\/schema\/logo\/image\/\"}}]}<\/script>\n<!-- \/ Yoast SEO plugin. -->","yoast_head_json":{"title":"Buy Nembutal Capsules Online - Nembutal Capsules for Sale","description":"Discover top-notch nembutal capsules for sale at our online store - buy nembutal capsules conveniently and securely to fuel your research. Explore and buy nembutal capsules online, advancing your scientific endeavors with ease. Order Now!","robots":{"index":"index","follow":"follow","max-snippet":"max-snippet:-1","max-image-preview":"max-image-preview:large","max-video-preview":"max-video-preview:-1"},"canonical":"https:\/\/nembutalhouse.com\/sv\/produkt\/kopa-nembutal-kapslar-online\/","og_locale":"sv_SE","og_type":"article","og_title":"Buy Nembutal Capsules Online - Nembutal Capsules for Sale","og_description":"Discover top-notch nembutal capsules for sale at our online store - buy nembutal capsules conveniently and securely to fuel your research. Explore and buy nembutal capsules online, advancing your scientific endeavors with ease. Order Now!","og_url":"https:\/\/nembutalhouse.com\/sv\/produkt\/kopa-nembutal-kapslar-online\/","og_site_name":"Nembutal House","article_modified_time":"2026-03-06T10:54:23+00:00","og_image":[{"width":1000,"height":1000,"url":"https:\/\/nembutalhouse.com\/wp-content\/uploads\/2022\/12\/nembutal-capsules.jpg","type":"image\/jpeg"}],"twitter_card":"summary_large_image","twitter_misc":{"Ber\u00e4knad l\u00e4stid":"3 minuter"},"schema":{"@context":"https:\/\/schema.org","@graph":[{"@type":"WebPage","@id":"https:\/\/nembutalhouse.com\/product\/buy-nembutal-capsules-online\/","url":"https:\/\/nembutalhouse.com\/product\/buy-nembutal-capsules-online\/","name":"Buy Nembutal Capsules Online - Nembutal Capsules for Sale","isPartOf":{"@id":"https:\/\/nembutalhouse.com\/#website"},"primaryImageOfPage":{"@id":"https:\/\/nembutalhouse.com\/product\/buy-nembutal-capsules-online\/#primaryimage"},"image":{"@id":"https:\/\/nembutalhouse.com\/product\/buy-nembutal-capsules-online\/#primaryimage"},"thumbnailUrl":"https:\/\/nembutalhouse.com\/wp-content\/uploads\/2022\/12\/nembutal-capsules.jpg","datePublished":"2022-12-13T19:00:31+00:00","dateModified":"2026-03-06T10:54:23+00:00","description":"Discover top-notch nembutal capsules for sale at our online store - buy nembutal capsules conveniently and securely to fuel your research. Explore and buy nembutal capsules online, advancing your scientific endeavors with ease. Order Now!","breadcrumb":{"@id":"https:\/\/nembutalhouse.com\/product\/buy-nembutal-capsules-online\/#breadcrumb"},"inLanguage":"sv-SE","potentialAction":[{"@type":"ReadAction","target":["https:\/\/nembutalhouse.com\/product\/buy-nembutal-capsules-online\/"]}]},{"@type":"ImageObject","inLanguage":"sv-SE","@id":"https:\/\/nembutalhouse.com\/product\/buy-nembutal-capsules-online\/#primaryimage","url":"https:\/\/nembutalhouse.com\/wp-content\/uploads\/2022\/12\/nembutal-capsules.jpg","contentUrl":"https:\/\/nembutalhouse.com\/wp-content\/uploads\/2022\/12\/nembutal-capsules.jpg","width":1000,"height":1000,"caption":"buy nembutal capsules online"},{"@type":"BreadcrumbList","@id":"https:\/\/nembutalhouse.com\/product\/buy-nembutal-capsules-online\/#breadcrumb","itemListElement":[{"@type":"ListItem","position":1,"name":"Home","item":"https:\/\/nembutalhouse.com\/"},{"@type":"ListItem","position":2,"name":"Shop","item":"https:\/\/nembutalhouse.com\/shop\/"},{"@type":"ListItem","position":3,"name":"Buy Nembutal Capsules Online"}]},{"@type":"WebSite","@id":"https:\/\/nembutalhouse.com\/#website","url":"https:\/\/nembutalhouse.com\/","name":"Nembutal House","description":"Best Nembutal Online Store","publisher":{"@id":"https:\/\/nembutalhouse.com\/#organization"},"potentialAction":[{"@type":"SearchAction","target":{"@type":"EntryPoint","urlTemplate":"https:\/\/nembutalhouse.com\/?s={search_term_string}"},"query-input":{"@type":"PropertyValueSpecification","valueRequired":true,"valueName":"search_term_string"}}],"inLanguage":"sv-SE"},{"@type":"Organization","@id":"https:\/\/nembutalhouse.com\/#organization","name":"Nembutal House","url":"https:\/\/nembutalhouse.com\/","logo":{"@type":"ImageObject","inLanguage":"sv-SE","@id":"https:\/\/nembutalhouse.com\/#\/schema\/logo\/image\/","url":"https:\/\/nembutalhouse.com\/wp-content\/uploads\/2022\/12\/logo.png","contentUrl":"https:\/\/nembutalhouse.com\/wp-content\/uploads\/2022\/12\/logo.png","width":344,"height":103,"caption":"Nembutal House"},"image":{"@id":"https:\/\/nembutalhouse.com\/#\/schema\/logo\/image\/"}}]}},"_links":{"self":[{"href":"https:\/\/nembutalhouse.com\/sv\/wp-json\/wp\/v2\/product\/42","targetHints":{"allow":["GET"]}}],"collection":[{"href":"https:\/\/nembutalhouse.com\/sv\/wp-json\/wp\/v2\/product"}],"about":[{"href":"https:\/\/nembutalhouse.com\/sv\/wp-json\/wp\/v2\/types\/product"}],"replies":[{"embeddable":true,"href":"https:\/\/nembutalhouse.com\/sv\/wp-json\/wp\/v2\/comments?post=42"}],"wp:featuredmedia":[{"embeddable":true,"href":"https:\/\/nembutalhouse.com\/sv\/wp-json\/wp\/v2\/media\/19"}],"wp:attachment":[{"href":"https:\/\/nembutalhouse.com\/sv\/wp-json\/wp\/v2\/media?parent=42"}],"wp:term":[{"taxonomy":"product_cat","embeddable":true,"href":"https:\/\/nembutalhouse.com\/sv\/wp-json\/wp\/v2\/product_cat?post=42"},{"taxonomy":"product_tag","embeddable":true,"href":"https:\/\/nembutalhouse.com\/sv\/wp-json\/wp\/v2\/product_tag?post=42"}],"curies":[{"name":"wp","href":"https:\/\/api.w.org\/{rel}","templated":true}]}}