{"id":31,"date":"2022-12-13T19:00:11","date_gmt":"2022-12-13T19:00:11","guid":{"rendered":"https:\/\/nembutalhouse.com\/?post_type=product&#038;p=31"},"modified":"2026-03-06T11:05:23","modified_gmt":"2026-03-06T11:05:23","slug":"buy-nembutal-liquid-online","status":"publish","type":"product","link":"https:\/\/nembutalhouse.com\/sv\/produkt\/kopa-nembutal-flytande-online\/","title":{"rendered":"K\u00f6p Nembutal Liquid Online"},"content":{"rendered":"<h2>K\u00f6p Nembutal Liquid Online<\/h2>\n<p>V\u00e5r <a href=\"https:\/\/nembutalhouse.com\/sv\/\" target=\"_blank\" rel=\"noopener\"><strong>Nembutal butik<\/strong><\/a> \u00e4r utan tvekan din slutdestination om du vill k\u00f6pa den b\u00e4sta kvaliteten p\u00e5 nembutalv\u00e4tskan i Sverige. Det \u00e4r d\u00e4r kvalitet uppfyller dina f\u00f6rv\u00e4ntningar och levererar den komfort du alltid har \u00f6nskat fr\u00e5n Liquid Nembutal. Du kan <a href=\"https:\/\/nembutalhouse.com\/sv\/produkt\/kopa-nembutal-flytande-online\/\"><strong>k\u00f6pa nembutal v\u00e4tska i Sverige<\/strong><\/a>. Alla v\u00e5ra pentobarbitalprodukter \u00e4r labbtestade f\u00f6r att vara s\u00e4ker. S\u00e5 nu har vi ett rykte som vi m\u00e5ste beh\u00e5lla. S\u00e5 att minska kvaliteten p\u00e5 Nembutal-pulver \u00e4r n\u00e5got vi alltid beh\u00f6ver g\u00f6ra.<\/p>\n<h3>Var f\u00e5r du Nembutal-injektion?<\/h3>\n<p>Du kan k\u00f6pa nembutal v\u00e4tska online fr\u00e5n din veterin\u00e4r eller h\u00e4lsokostbutik. Men t\u00e4nk p\u00e5 att det kan finnas begr\u00e4nsningar f\u00f6r hur och var du kan f\u00e5 tag p\u00e5 dem. Anta att du har ett registrerat recept p\u00e5 d\u00f6dshj\u00e4lp, kan du kontakta din veterin\u00e4r f\u00f6r mer information. De har vanligtvis en lista \u00f6ver veterin\u00e4rer som vet var man kan f\u00e5 tag p\u00e5 denna medicin f\u00f6r d\u00f6dshj\u00e4lp.<\/p>\n<h3>Kan du k\u00f6pa Nembutal-v\u00e4tskan online?<\/h3>\n<p>Yes, you can get the option of nembutal liquid for sale on our site, just like you can buy prescription drugs from your local pharmacy. You can find some restrictions on where to buy nembutal oral liquid. You can be sure to check and double-check before ordering euthanasia pills online.<\/p>\n<h3>Var kan man k\u00f6pa Nembutal v\u00e4tska?<\/h3>\n<p>\u00c5terigen, detta kan vara knepigt. Du m\u00e5ste v\u00e4lja det b\u00e4sta st\u00e4llet att k\u00f6pa nembutal v\u00e4tska som oss. De flesta katt- och hundslaktl\u00e4kemedel \u00e4r endast tillg\u00e4ngliga fr\u00e5n veterin\u00e4rkliniker. \u00c4ven om du kan hitta en \u00e5terf\u00f6rs\u00e4ljare som s\u00e4ljer detta l\u00e4kemedel, men priset kan vara f\u00f6r h\u00f6gt f\u00f6r att vara v\u00e4rt din tid.<\/p>\n<p>Det \u00e4r sv\u00e5rt att svara p\u00e5 denna fr\u00e5ga utan att veta vilken sjukdom din hund eller katt har. Av denna anledning \u00e4r det mycket viktigt att din veterin\u00e4r hj\u00e4lper dig att avg\u00f6ra exakt vad problemet \u00e4r. I allm\u00e4nhet anv\u00e4nds dock efedrin hos hundar och katter som lider av depression: demens, uppm\u00e4rksamhetsbrist och hyperaktivitet (ADD) och andra beteendeproblem. Anta att du undrar om detta l\u00e4kemedel kommer att fungera f\u00f6r ditt husdjur. Det kommer troligen att fungera. De flesta kunder gillar att l\u00e4gga en best\u00e4llning f\u00f6r att k\u00f6pa nembutal online hos oss.<\/p>\n<h3>\u00c4r det lagligt att k\u00f6pa natriumpentobarbital och anv\u00e4nda det f\u00f6r avlivning av djur?<\/h3>\n<p>Yes, it&#8217;s legal if you order it from a licensed dealer. Also, keep in mind that if you get into trouble with the law by giving or attempting to give this drug to animals. Fines and veterinary penalties may apply. You can help protect yourself by purchasing this medication from a licensed dealer. On our site, our expert will explain how to <a href=\"https:\/\/en.wikipedia.org\/wiki\/Pentobarbital\">k\u00f6pa nembutal flytande<\/a>.<\/p>\n<p>Hur ska jag anv\u00e4nda pentobarbital? Du m\u00e5ste f\u00f6lja doseringsanvisningarna noga. Doseringsm\u00e5tt och blandning \u00e4r mycket viktigt, och du b\u00f6r inte ta n\u00e5gra risker. M\u00e5nga m\u00e4nniskor f\u00e5r allvarliga reaktioner om de \u00f6verdoserar detta l\u00e4kemedel. Se d\u00e4rf\u00f6r till att ta din medicin enligt anvisningarna p\u00e5 f\u00f6rpackningen. I denna digitala era kan du enkelt best\u00e4lla nembutal v\u00e4tska online. Anv\u00e4nd v\u00e4tskan enligt anvisningarna: str\u00f6 p\u00e5 en liten bit bomull eller gasv\u00e4v och andas sedan in \u00e5ngan.<\/p>","protected":false},"excerpt":{"rendered":"<p>Buy Nembutal Liquid Online Our Nembutal shop is undoubtedly your final destination if you want to buy the best quality nembutal liquid in the UK, Canada, and Australia. It&#8217;s where&hellip;<\/p>","protected":false},"featured_media":20,"comment_status":"open","ping_status":"closed","template":"","meta":{"_joinchat":[]},"product_cat":[16],"product_tag":[508,497,59,60,61,499,62,17,49,19,63,506,503,20,496,23,64,65,25,26,27,28,512,489,494,66,513,501,504,490,511,509,500,510,30,31,37,38,492,493,39,42,507,505,502,67,46,495,68,498,491],"class_list":{"0":"post-31","1":"product","2":"type-product","3":"status-publish","4":"has-post-thumbnail","6":"product_cat-nembutal","7":"product_tag-best-cheap-price-nembutal-liquid","8":"product_tag-best-place-to-buy-nembutal-liquid","9":"product_tag-buy-liquid-nembutal-in-canada","10":"product_tag-buy-liquid-nembutal-online","11":"product_tag-buy-nembutal-liquid","12":"product_tag-buy-nembutal-liquid-legally","13":"product_tag-buy-nembutal-liquid-online","14":"product_tag-buy-nembutal-online","15":"product_tag-buy-nembutal-pentobarbital","16":"product_tag-buy-nembutal-uk","17":"product_tag-buy-pentobarbital-online","18":"product_tag-cheap-nembutal-liquids","19":"product_tag-high-quality-nembutal-liquid","20":"product_tag-how-can-i-get-nembutal","21":"product_tag-how-to-buy-nembutal-liquid","22":"product_tag-how-to-purchase-nembutal","23":"product_tag-liquid-nembutal","24":"product_tag-liquid-nembutal-for-sale-in-canada","25":"product_tag-nembutal-buy","26":"product_tag-nembutal-buy-india","27":"product_tag-nembutal-for-sale","28":"product_tag-nembutal-for-sale-online","29":"product_tag-nembutal-liquid-for-cleaning","30":"product_tag-nembutal-liquid-for-sale","31":"product_tag-nembutal-liquid-liquid","32":"product_tag-nembutal-liquid-near-me","33":"product_tag-nembutal-liquid-powder","34":"product_tag-nembutal-liquid-price","35":"product_tag-nembutal-liquid-store","36":"product_tag-nembutal-liquid-supplier","37":"product_tag-nembutal-liquid-wiki","38":"product_tag-nembutal-liquid-worldwide","39":"product_tag-nembutal-liquids-online","40":"product_tag-nembutal-liquids-use","41":"product_tag-nembutal-order-online","42":"product_tag-nembutal-pentobarbital-for-sale-in-usa","43":"product_tag-nembutal-where-to-buy","44":"product_tag-order-nembutal","45":"product_tag-order-nembutal-liquid","46":"product_tag-order-nembutal-liquid-online","47":"product_tag-order-nembutal-online","48":"product_tag-pentobarbital-for-sale","49":"product_tag-purcharse-nembutal-liquid","50":"product_tag-shop-nembutal-liquid","51":"product_tag-top-quality-nembutal-liquid","52":"product_tag-where-can-i-buy-nembutal","53":"product_tag-where-to-buy-nembutal","54":"product_tag-where-to-buy-nembutal-liquid","55":"product_tag-where-to-buy-nembutal-liquid-online","56":"product_tag-where-to-order-nembutal-liquid","57":"product_tag-wholesale-nembutal-liquid-bulk-online","59":"first","60":"instock","61":"shipping-taxable","62":"purchasable","63":"product-type-variable","64":"has-default-attributes"},"yoast_head":"<!-- This site is optimized with the Yoast SEO plugin v24.1 - https:\/\/yoast.com\/wordpress\/plugins\/seo\/ -->\n<title>Nembutal Liquid for Sale - Buy Nembutal Liquid Online<\/title>\n<meta name=\"description\" content=\"Get nembutal liquid for sale at one of the best online stores nembutal house. We will help you buy nembutal liquid online of high quality. Don&#039;t delay to place your order and take advantage of the newest discounts!\" \/>\n<meta name=\"robots\" content=\"index, follow, max-snippet:-1, max-image-preview:large, max-video-preview:-1\" \/>\n<link rel=\"canonical\" href=\"https:\/\/nembutalhouse.com\/sv\/produkt\/kopa-nembutal-flytande-online\/\" \/>\n<meta property=\"og:locale\" content=\"sv_SE\" \/>\n<meta property=\"og:type\" content=\"article\" \/>\n<meta property=\"og:title\" content=\"Nembutal Liquid for Sale - Buy Nembutal Liquid Online\" \/>\n<meta property=\"og:description\" content=\"Get nembutal liquid for sale at one of the best online stores nembutal house. We will help you buy nembutal liquid online of high quality. Don&#039;t delay to place your order and take advantage of the newest discounts!\" \/>\n<meta property=\"og:url\" content=\"https:\/\/nembutalhouse.com\/sv\/produkt\/kopa-nembutal-flytande-online\/\" \/>\n<meta property=\"og:site_name\" content=\"Nembutal House\" \/>\n<meta property=\"article:modified_time\" content=\"2026-03-06T11:05:23+00:00\" \/>\n<meta property=\"og:image\" content=\"https:\/\/nembutalhouse.com\/wp-content\/uploads\/2022\/12\/nembutal-liquid.jpg\" \/>\n\t<meta property=\"og:image:width\" content=\"1000\" \/>\n\t<meta property=\"og:image:height\" content=\"1000\" \/>\n\t<meta property=\"og:image:type\" content=\"image\/jpeg\" \/>\n<meta name=\"twitter:card\" content=\"summary_large_image\" \/>\n<meta name=\"twitter:label1\" content=\"Ber\u00e4knad l\u00e4stid\" \/>\n\t<meta name=\"twitter:data1\" content=\"3 minuter\" \/>\n<script type=\"application\/ld+json\" class=\"yoast-schema-graph\">{\"@context\":\"https:\/\/schema.org\",\"@graph\":[{\"@type\":\"WebPage\",\"@id\":\"https:\/\/nembutalhouse.com\/product\/buy-nembutal-liquid-online\/\",\"url\":\"https:\/\/nembutalhouse.com\/product\/buy-nembutal-liquid-online\/\",\"name\":\"Nembutal Liquid for Sale - Buy Nembutal Liquid Online\",\"isPartOf\":{\"@id\":\"https:\/\/nembutalhouse.com\/#website\"},\"primaryImageOfPage\":{\"@id\":\"https:\/\/nembutalhouse.com\/product\/buy-nembutal-liquid-online\/#primaryimage\"},\"image\":{\"@id\":\"https:\/\/nembutalhouse.com\/product\/buy-nembutal-liquid-online\/#primaryimage\"},\"thumbnailUrl\":\"https:\/\/nembutalhouse.com\/wp-content\/uploads\/2022\/12\/nembutal-liquid.jpg\",\"datePublished\":\"2022-12-13T19:00:11+00:00\",\"dateModified\":\"2026-03-06T11:05:23+00:00\",\"description\":\"Get nembutal liquid for sale at one of the best online stores nembutal house. We will help you buy nembutal liquid online of high quality. Don't delay to place your order and take advantage of the newest discounts!\",\"breadcrumb\":{\"@id\":\"https:\/\/nembutalhouse.com\/product\/buy-nembutal-liquid-online\/#breadcrumb\"},\"inLanguage\":\"sv-SE\",\"potentialAction\":[{\"@type\":\"ReadAction\",\"target\":[\"https:\/\/nembutalhouse.com\/product\/buy-nembutal-liquid-online\/\"]}]},{\"@type\":\"ImageObject\",\"inLanguage\":\"sv-SE\",\"@id\":\"https:\/\/nembutalhouse.com\/product\/buy-nembutal-liquid-online\/#primaryimage\",\"url\":\"https:\/\/nembutalhouse.com\/wp-content\/uploads\/2022\/12\/nembutal-liquid.jpg\",\"contentUrl\":\"https:\/\/nembutalhouse.com\/wp-content\/uploads\/2022\/12\/nembutal-liquid.jpg\",\"width\":1000,\"height\":1000,\"caption\":\"Buy Nembutal Liquid Online\"},{\"@type\":\"BreadcrumbList\",\"@id\":\"https:\/\/nembutalhouse.com\/product\/buy-nembutal-liquid-online\/#breadcrumb\",\"itemListElement\":[{\"@type\":\"ListItem\",\"position\":1,\"name\":\"Home\",\"item\":\"https:\/\/nembutalhouse.com\/\"},{\"@type\":\"ListItem\",\"position\":2,\"name\":\"Shop\",\"item\":\"https:\/\/nembutalhouse.com\/shop\/\"},{\"@type\":\"ListItem\",\"position\":3,\"name\":\"Buy Nembutal Liquid Online\"}]},{\"@type\":\"WebSite\",\"@id\":\"https:\/\/nembutalhouse.com\/#website\",\"url\":\"https:\/\/nembutalhouse.com\/\",\"name\":\"Nembutal House\",\"description\":\"Best Nembutal Online Store\",\"publisher\":{\"@id\":\"https:\/\/nembutalhouse.com\/#organization\"},\"potentialAction\":[{\"@type\":\"SearchAction\",\"target\":{\"@type\":\"EntryPoint\",\"urlTemplate\":\"https:\/\/nembutalhouse.com\/?s={search_term_string}\"},\"query-input\":{\"@type\":\"PropertyValueSpecification\",\"valueRequired\":true,\"valueName\":\"search_term_string\"}}],\"inLanguage\":\"sv-SE\"},{\"@type\":\"Organization\",\"@id\":\"https:\/\/nembutalhouse.com\/#organization\",\"name\":\"Nembutal House\",\"url\":\"https:\/\/nembutalhouse.com\/\",\"logo\":{\"@type\":\"ImageObject\",\"inLanguage\":\"sv-SE\",\"@id\":\"https:\/\/nembutalhouse.com\/#\/schema\/logo\/image\/\",\"url\":\"https:\/\/nembutalhouse.com\/wp-content\/uploads\/2022\/12\/logo.png\",\"contentUrl\":\"https:\/\/nembutalhouse.com\/wp-content\/uploads\/2022\/12\/logo.png\",\"width\":344,\"height\":103,\"caption\":\"Nembutal House\"},\"image\":{\"@id\":\"https:\/\/nembutalhouse.com\/#\/schema\/logo\/image\/\"}}]}<\/script>\n<!-- \/ Yoast SEO plugin. -->","yoast_head_json":{"title":"Nembutal Liquid for Sale - Buy Nembutal Liquid Online","description":"Get nembutal liquid for sale at one of the best online stores nembutal house. We will help you buy nembutal liquid online of high quality. Don't delay to place your order and take advantage of the newest discounts!","robots":{"index":"index","follow":"follow","max-snippet":"max-snippet:-1","max-image-preview":"max-image-preview:large","max-video-preview":"max-video-preview:-1"},"canonical":"https:\/\/nembutalhouse.com\/sv\/produkt\/kopa-nembutal-flytande-online\/","og_locale":"sv_SE","og_type":"article","og_title":"Nembutal Liquid for Sale - Buy Nembutal Liquid Online","og_description":"Get nembutal liquid for sale at one of the best online stores nembutal house. We will help you buy nembutal liquid online of high quality. Don't delay to place your order and take advantage of the newest discounts!","og_url":"https:\/\/nembutalhouse.com\/sv\/produkt\/kopa-nembutal-flytande-online\/","og_site_name":"Nembutal House","article_modified_time":"2026-03-06T11:05:23+00:00","og_image":[{"width":1000,"height":1000,"url":"https:\/\/nembutalhouse.com\/wp-content\/uploads\/2022\/12\/nembutal-liquid.jpg","type":"image\/jpeg"}],"twitter_card":"summary_large_image","twitter_misc":{"Ber\u00e4knad l\u00e4stid":"3 minuter"},"schema":{"@context":"https:\/\/schema.org","@graph":[{"@type":"WebPage","@id":"https:\/\/nembutalhouse.com\/product\/buy-nembutal-liquid-online\/","url":"https:\/\/nembutalhouse.com\/product\/buy-nembutal-liquid-online\/","name":"Nembutal Liquid for Sale - Buy Nembutal Liquid Online","isPartOf":{"@id":"https:\/\/nembutalhouse.com\/#website"},"primaryImageOfPage":{"@id":"https:\/\/nembutalhouse.com\/product\/buy-nembutal-liquid-online\/#primaryimage"},"image":{"@id":"https:\/\/nembutalhouse.com\/product\/buy-nembutal-liquid-online\/#primaryimage"},"thumbnailUrl":"https:\/\/nembutalhouse.com\/wp-content\/uploads\/2022\/12\/nembutal-liquid.jpg","datePublished":"2022-12-13T19:00:11+00:00","dateModified":"2026-03-06T11:05:23+00:00","description":"Get nembutal liquid for sale at one of the best online stores nembutal house. We will help you buy nembutal liquid online of high quality. Don't delay to place your order and take advantage of the newest discounts!","breadcrumb":{"@id":"https:\/\/nembutalhouse.com\/product\/buy-nembutal-liquid-online\/#breadcrumb"},"inLanguage":"sv-SE","potentialAction":[{"@type":"ReadAction","target":["https:\/\/nembutalhouse.com\/product\/buy-nembutal-liquid-online\/"]}]},{"@type":"ImageObject","inLanguage":"sv-SE","@id":"https:\/\/nembutalhouse.com\/product\/buy-nembutal-liquid-online\/#primaryimage","url":"https:\/\/nembutalhouse.com\/wp-content\/uploads\/2022\/12\/nembutal-liquid.jpg","contentUrl":"https:\/\/nembutalhouse.com\/wp-content\/uploads\/2022\/12\/nembutal-liquid.jpg","width":1000,"height":1000,"caption":"Buy Nembutal Liquid Online"},{"@type":"BreadcrumbList","@id":"https:\/\/nembutalhouse.com\/product\/buy-nembutal-liquid-online\/#breadcrumb","itemListElement":[{"@type":"ListItem","position":1,"name":"Home","item":"https:\/\/nembutalhouse.com\/"},{"@type":"ListItem","position":2,"name":"Shop","item":"https:\/\/nembutalhouse.com\/shop\/"},{"@type":"ListItem","position":3,"name":"Buy Nembutal Liquid Online"}]},{"@type":"WebSite","@id":"https:\/\/nembutalhouse.com\/#website","url":"https:\/\/nembutalhouse.com\/","name":"Nembutal House","description":"Best Nembutal Online Store","publisher":{"@id":"https:\/\/nembutalhouse.com\/#organization"},"potentialAction":[{"@type":"SearchAction","target":{"@type":"EntryPoint","urlTemplate":"https:\/\/nembutalhouse.com\/?s={search_term_string}"},"query-input":{"@type":"PropertyValueSpecification","valueRequired":true,"valueName":"search_term_string"}}],"inLanguage":"sv-SE"},{"@type":"Organization","@id":"https:\/\/nembutalhouse.com\/#organization","name":"Nembutal House","url":"https:\/\/nembutalhouse.com\/","logo":{"@type":"ImageObject","inLanguage":"sv-SE","@id":"https:\/\/nembutalhouse.com\/#\/schema\/logo\/image\/","url":"https:\/\/nembutalhouse.com\/wp-content\/uploads\/2022\/12\/logo.png","contentUrl":"https:\/\/nembutalhouse.com\/wp-content\/uploads\/2022\/12\/logo.png","width":344,"height":103,"caption":"Nembutal House"},"image":{"@id":"https:\/\/nembutalhouse.com\/#\/schema\/logo\/image\/"}}]}},"_links":{"self":[{"href":"https:\/\/nembutalhouse.com\/sv\/wp-json\/wp\/v2\/product\/31","targetHints":{"allow":["GET"]}}],"collection":[{"href":"https:\/\/nembutalhouse.com\/sv\/wp-json\/wp\/v2\/product"}],"about":[{"href":"https:\/\/nembutalhouse.com\/sv\/wp-json\/wp\/v2\/types\/product"}],"replies":[{"embeddable":true,"href":"https:\/\/nembutalhouse.com\/sv\/wp-json\/wp\/v2\/comments?post=31"}],"wp:featuredmedia":[{"embeddable":true,"href":"https:\/\/nembutalhouse.com\/sv\/wp-json\/wp\/v2\/media\/20"}],"wp:attachment":[{"href":"https:\/\/nembutalhouse.com\/sv\/wp-json\/wp\/v2\/media?parent=31"}],"wp:term":[{"taxonomy":"product_cat","embeddable":true,"href":"https:\/\/nembutalhouse.com\/sv\/wp-json\/wp\/v2\/product_cat?post=31"},{"taxonomy":"product_tag","embeddable":true,"href":"https:\/\/nembutalhouse.com\/sv\/wp-json\/wp\/v2\/product_tag?post=31"}],"curies":[{"name":"wp","href":"https:\/\/api.w.org\/{rel}","templated":true}]}}