{"id":303,"date":"2023-06-14T10:06:07","date_gmt":"2023-06-14T10:06:07","guid":{"rendered":"https:\/\/nembutalhouse.com\/?post_type=product&#038;p=303"},"modified":"2026-03-06T11:22:21","modified_gmt":"2026-03-06T11:22:21","slug":"buy-seconal-sodium-for-sale","status":"publish","type":"product","link":"https:\/\/nembutalhouse.com\/sv\/produkt\/buy-seconal-sodium-for-sale\/","title":{"rendered":"Buy Seconal Sodium For Sale"},"content":{"rendered":"<h2>Buy Seconal Sodium For Sale<\/h2>\n<h3>Det b\u00e4sta onlineapoteket \u00e4r var man kan k\u00f6pa Seconal Sodium.<\/h3>\n<p>The most affordable online pharmacies for <a href=\"https:\/\/nembutalhouse.com\/sv\/produkt\/buy-seconal-sodium-for-sale\/\">Seconal Sodium<\/a> and nembutal are currently available. If you want to buy Seconal Sodium online, fill out your order at our online pharmacy right away and we&#8217;ll take care of the rest. Simply place an order for Seconal Sodium, and our staff will prepare, pack, and deliver your item as soon as possible. We are a trustworthy pharmacy that has been continually operating in this field for many years. You may rely on us to provide you with the highest-quality medications within the specified time frame.<\/p>\n<h3>Vilka f\u00f6rdelar erbjuder Seconal Sodium? Varf\u00f6r valde du oss f\u00f6r att k\u00f6pa det?<\/h3>\n<p>Du f\u00e5r k\u00e4nna dig lugnare strax f\u00f6re operationen med hj\u00e4lp av seconal sodium. Seconal Sodium tillh\u00f6r den grupp l\u00e4kemedel som kallas barbiturat-hypnotika. Det verkar genom att lugna ner dig genom att p\u00e5verka specifika hj\u00e4rnregioner. \u00c4ldre personer b\u00f6r diskutera f\u00f6rdelarna och nackdelarna med detta l\u00e4kemedel, liksom mer potenta och potentiellt s\u00e4krare behandlingar, med sin l\u00e4kare eller l\u00e4kemedelsspecialist. Innan du b\u00f6rjar ta Seconal Sodium och varje g\u00e5ng du f\u00e5r en p\u00e5fyllning, l\u00e4s L\u00e4kemedelsguiden som levereras av v\u00e5rt onlineapotek med produkten. R\u00e5dfr\u00e5ga din l\u00e4kare eller en l\u00e4kemedelsexpert om du har n\u00e5gra fr\u00e5gor. Ta detta l\u00e4kemedel genom munnen enligt anvisningarna med full mage.<\/p>\n<p><strong>F\u00f6ljande tillst\u00e5nd \u00e4r de enda vid vilka sekonalt natrium anv\u00e4nds<a href=\"https:\/\/nembutalhouse.com\/sv\/\">:<\/a><\/strong><\/p>\n<p>kompletterande lokalbed\u00f6vning<br \/>\nen ytterligare substans f\u00f6r att \u00e5stadkomma allm\u00e4n anestesi<br \/>\nSeconal Sodium Secobarbital finns att k\u00f6pa p\u00e5 nembutalhouse, och vi skickar det s\u00e5 snabbt som m\u00f6jligt till din \u00f6nskade plats. L\u00e5t oss tj\u00e4na dig s\u00e5 bra vi kan. Du kan helt lita p\u00e5 v\u00e5rt onlineapotek f\u00f6r nembutal och kr\u00e4va b\u00e4sta prestanda fr\u00e5n oss. F\u00f6r v\u00e5ra viktiga kunder \u00e4r vi st\u00e4ndigt tillg\u00e4ngliga f\u00f6r att uppfylla deras behov och krav. Kontakta oss omedelbart!<\/p>\n<h2>Hur man k\u00f6per Seconal natrium online?<\/h2>\n<p>Eftersom detta l\u00e4kemedel anv\u00e4nds f\u00f6r att lugna dig strax f\u00f6re operationen tillh\u00f6r det en klass av l\u00e4kemedel som kallas barbiturater. D\u00e4rf\u00f6r p\u00e5verkar vissa delar av hj\u00e4rnan f\u00f6r att lugna dig. \u00c4ldre vuxna m\u00e5ste prata om riskerna och f\u00f6rdelarna med detta l\u00e4kemedel med sin l\u00e4kare eller l\u00e4kemedelsspecialist, med andra kraftfulla och t\u00e4nkbart s\u00e4krare behandlingar. Medicinen levereras med produktguiden av v\u00e5r grupp f\u00f6r att hj\u00e4lpa dig innan du dricker. F\u00f6r eventuella f\u00f6rfr\u00e5gningar, r\u00e5dg\u00f6r med din l\u00e4kare eller l\u00e4kemedelsspecialist. Ta detta l\u00e4kemedel genom munnen p\u00e5 fastande mage enligt din l\u00e4kares anvisningar.<a href=\"https:\/\/nembutalhouse.com\/sv\/\">NembutalHouse<\/a><\/p>\n<h3>K\u00f6p online utan recept<\/h3>\n<p><a href=\"https:\/\/en.wikipedia.org\/wiki\/Secobarbital\">Seconal Sodium<\/a> for sale at nembutalhouse for medical use and delivery will proceed as soon as possible. Let us serve you in the best manner. You can entirely rely on nembutalhouse and expect the best from us. Contact us right away as we are always available to all clients and customer needs.<\/p>","protected":false},"excerpt":{"rendered":"<p>Buy Seconal Sodium For Sale The Best Online Pharmacy Is Where To Buy Seconal Sodium. The most affordable online pharmacies for Seconal Sodium and nembutal are currently available. If you&hellip;<\/p>","protected":false},"featured_media":345,"comment_status":"closed","ping_status":"closed","template":"","meta":{"_joinchat":[]},"product_cat":[16],"product_tag":[407,396,403,386,387,405,402,395,391,408,392,406,393,388,398,399,400,389,404,401,394,397,390],"class_list":{"0":"post-303","1":"product","2":"type-product","3":"status-publish","4":"has-post-thumbnail","6":"product_cat-nembutal","7":"product_tag-best-cheap-price-seconal-sodium","8":"product_tag-best-place-to-buy-seconal-sodium","9":"product_tag-best-store-seconal-sodium","10":"product_tag-buy-seconal-sodium","11":"product_tag-buy-seconal-sodium-online","12":"product_tag-cheap-seconal-sodium","13":"product_tag-high-quality-seconal-sodium","14":"product_tag-how-to-buy-seconal-sodium","15":"product_tag-order-seconal-sodium","16":"product_tag-order-seconal-sodium-for-sale","17":"product_tag-order-seconal-sodium-online","18":"product_tag-purcharse-seconal-sodium","19":"product_tag-seconal-sodium-chemical","20":"product_tag-seconal-sodium-for-sale","21":"product_tag-seconal-sodium-legally","22":"product_tag-seconal-sodium-online","23":"product_tag-seconal-sodium-price","24":"product_tag-seconal-sodium-supplier-online","25":"product_tag-shop-seconal-sodium","26":"product_tag-top-quality-seconal-sodium","27":"product_tag-where-to-buy-seconal-sodium","28":"product_tag-where-to-order-seconal-sodium","29":"product_tag-wholesale-seconal-sodium-bulk-online","31":"first","32":"instock","33":"shipping-taxable","34":"purchasable","35":"product-type-variable"},"yoast_head":"<!-- This site is optimized with the Yoast SEO plugin v24.1 - https:\/\/yoast.com\/wordpress\/plugins\/seo\/ -->\n<title>Seconal Sodium for Sale - Order Seconal Sodium<\/title>\n<meta name=\"description\" content=\"Find premium seconal sodium for sale at our online store, providing a secure platform to buy seconal sodium online with ease, catering to your research needs.\" \/>\n<meta name=\"robots\" content=\"index, follow, max-snippet:-1, max-image-preview:large, max-video-preview:-1\" \/>\n<link rel=\"canonical\" href=\"https:\/\/nembutalhouse.com\/sv\/produkt\/buy-seconal-sodium-for-sale\/\" \/>\n<meta property=\"og:locale\" content=\"sv_SE\" \/>\n<meta property=\"og:type\" content=\"article\" \/>\n<meta property=\"og:title\" content=\"Seconal Sodium for Sale - Order Seconal Sodium\" \/>\n<meta property=\"og:description\" content=\"Find premium seconal sodium for sale at our online store, providing a secure platform to buy seconal sodium online with ease, catering to your research needs.\" \/>\n<meta property=\"og:url\" content=\"https:\/\/nembutalhouse.com\/sv\/produkt\/buy-seconal-sodium-for-sale\/\" \/>\n<meta property=\"og:site_name\" content=\"Nembutal House\" \/>\n<meta property=\"article:modified_time\" content=\"2026-03-06T11:22:21+00:00\" \/>\n<meta property=\"og:image\" content=\"https:\/\/nembutalhouse.com\/wp-content\/uploads\/2023\/06\/seconal-sodium.jpg\" \/>\n\t<meta property=\"og:image:width\" content=\"600\" \/>\n\t<meta property=\"og:image:height\" content=\"600\" \/>\n\t<meta property=\"og:image:type\" content=\"image\/jpeg\" \/>\n<meta name=\"twitter:card\" content=\"summary_large_image\" \/>\n<meta name=\"twitter:label1\" content=\"Ber\u00e4knad l\u00e4stid\" \/>\n\t<meta name=\"twitter:data1\" content=\"3 minuter\" \/>\n<script type=\"application\/ld+json\" class=\"yoast-schema-graph\">{\"@context\":\"https:\/\/schema.org\",\"@graph\":[{\"@type\":\"WebPage\",\"@id\":\"https:\/\/nembutalhouse.com\/product\/buy-seconal-sodium-for-sale\/\",\"url\":\"https:\/\/nembutalhouse.com\/product\/buy-seconal-sodium-for-sale\/\",\"name\":\"Seconal Sodium for Sale - Order Seconal Sodium\",\"isPartOf\":{\"@id\":\"https:\/\/nembutalhouse.com\/#website\"},\"primaryImageOfPage\":{\"@id\":\"https:\/\/nembutalhouse.com\/product\/buy-seconal-sodium-for-sale\/#primaryimage\"},\"image\":{\"@id\":\"https:\/\/nembutalhouse.com\/product\/buy-seconal-sodium-for-sale\/#primaryimage\"},\"thumbnailUrl\":\"https:\/\/nembutalhouse.com\/wp-content\/uploads\/2023\/06\/seconal-sodium.jpg\",\"datePublished\":\"2023-06-14T10:06:07+00:00\",\"dateModified\":\"2026-03-06T11:22:21+00:00\",\"description\":\"Find premium seconal sodium for sale at our online store, providing a secure platform to buy seconal sodium online with ease, catering to your research needs.\",\"breadcrumb\":{\"@id\":\"https:\/\/nembutalhouse.com\/product\/buy-seconal-sodium-for-sale\/#breadcrumb\"},\"inLanguage\":\"sv-SE\",\"potentialAction\":[{\"@type\":\"ReadAction\",\"target\":[\"https:\/\/nembutalhouse.com\/product\/buy-seconal-sodium-for-sale\/\"]}]},{\"@type\":\"ImageObject\",\"inLanguage\":\"sv-SE\",\"@id\":\"https:\/\/nembutalhouse.com\/product\/buy-seconal-sodium-for-sale\/#primaryimage\",\"url\":\"https:\/\/nembutalhouse.com\/wp-content\/uploads\/2023\/06\/seconal-sodium.jpg\",\"contentUrl\":\"https:\/\/nembutalhouse.com\/wp-content\/uploads\/2023\/06\/seconal-sodium.jpg\",\"width\":600,\"height\":600,\"caption\":\"Buy Seconal Sodium For Sale\"},{\"@type\":\"BreadcrumbList\",\"@id\":\"https:\/\/nembutalhouse.com\/product\/buy-seconal-sodium-for-sale\/#breadcrumb\",\"itemListElement\":[{\"@type\":\"ListItem\",\"position\":1,\"name\":\"Home\",\"item\":\"https:\/\/nembutalhouse.com\/\"},{\"@type\":\"ListItem\",\"position\":2,\"name\":\"Shop\",\"item\":\"https:\/\/nembutalhouse.com\/shop\/\"},{\"@type\":\"ListItem\",\"position\":3,\"name\":\"Buy Seconal Sodium For Sale\"}]},{\"@type\":\"WebSite\",\"@id\":\"https:\/\/nembutalhouse.com\/#website\",\"url\":\"https:\/\/nembutalhouse.com\/\",\"name\":\"Nembutal House\",\"description\":\"Best Nembutal Online Store\",\"publisher\":{\"@id\":\"https:\/\/nembutalhouse.com\/#organization\"},\"potentialAction\":[{\"@type\":\"SearchAction\",\"target\":{\"@type\":\"EntryPoint\",\"urlTemplate\":\"https:\/\/nembutalhouse.com\/?s={search_term_string}\"},\"query-input\":{\"@type\":\"PropertyValueSpecification\",\"valueRequired\":true,\"valueName\":\"search_term_string\"}}],\"inLanguage\":\"sv-SE\"},{\"@type\":\"Organization\",\"@id\":\"https:\/\/nembutalhouse.com\/#organization\",\"name\":\"Nembutal House\",\"url\":\"https:\/\/nembutalhouse.com\/\",\"logo\":{\"@type\":\"ImageObject\",\"inLanguage\":\"sv-SE\",\"@id\":\"https:\/\/nembutalhouse.com\/#\/schema\/logo\/image\/\",\"url\":\"https:\/\/nembutalhouse.com\/wp-content\/uploads\/2022\/12\/logo.png\",\"contentUrl\":\"https:\/\/nembutalhouse.com\/wp-content\/uploads\/2022\/12\/logo.png\",\"width\":344,\"height\":103,\"caption\":\"Nembutal House\"},\"image\":{\"@id\":\"https:\/\/nembutalhouse.com\/#\/schema\/logo\/image\/\"}}]}<\/script>\n<!-- \/ Yoast SEO plugin. -->","yoast_head_json":{"title":"Seconal Sodium for Sale - Order Seconal Sodium","description":"Find premium seconal sodium for sale at our online store, providing a secure platform to buy seconal sodium online with ease, catering to your research needs.","robots":{"index":"index","follow":"follow","max-snippet":"max-snippet:-1","max-image-preview":"max-image-preview:large","max-video-preview":"max-video-preview:-1"},"canonical":"https:\/\/nembutalhouse.com\/sv\/produkt\/buy-seconal-sodium-for-sale\/","og_locale":"sv_SE","og_type":"article","og_title":"Seconal Sodium for Sale - Order Seconal Sodium","og_description":"Find premium seconal sodium for sale at our online store, providing a secure platform to buy seconal sodium online with ease, catering to your research needs.","og_url":"https:\/\/nembutalhouse.com\/sv\/produkt\/buy-seconal-sodium-for-sale\/","og_site_name":"Nembutal House","article_modified_time":"2026-03-06T11:22:21+00:00","og_image":[{"width":600,"height":600,"url":"https:\/\/nembutalhouse.com\/wp-content\/uploads\/2023\/06\/seconal-sodium.jpg","type":"image\/jpeg"}],"twitter_card":"summary_large_image","twitter_misc":{"Ber\u00e4knad l\u00e4stid":"3 minuter"},"schema":{"@context":"https:\/\/schema.org","@graph":[{"@type":"WebPage","@id":"https:\/\/nembutalhouse.com\/product\/buy-seconal-sodium-for-sale\/","url":"https:\/\/nembutalhouse.com\/product\/buy-seconal-sodium-for-sale\/","name":"Seconal Sodium for Sale - Order Seconal Sodium","isPartOf":{"@id":"https:\/\/nembutalhouse.com\/#website"},"primaryImageOfPage":{"@id":"https:\/\/nembutalhouse.com\/product\/buy-seconal-sodium-for-sale\/#primaryimage"},"image":{"@id":"https:\/\/nembutalhouse.com\/product\/buy-seconal-sodium-for-sale\/#primaryimage"},"thumbnailUrl":"https:\/\/nembutalhouse.com\/wp-content\/uploads\/2023\/06\/seconal-sodium.jpg","datePublished":"2023-06-14T10:06:07+00:00","dateModified":"2026-03-06T11:22:21+00:00","description":"Find premium seconal sodium for sale at our online store, providing a secure platform to buy seconal sodium online with ease, catering to your research needs.","breadcrumb":{"@id":"https:\/\/nembutalhouse.com\/product\/buy-seconal-sodium-for-sale\/#breadcrumb"},"inLanguage":"sv-SE","potentialAction":[{"@type":"ReadAction","target":["https:\/\/nembutalhouse.com\/product\/buy-seconal-sodium-for-sale\/"]}]},{"@type":"ImageObject","inLanguage":"sv-SE","@id":"https:\/\/nembutalhouse.com\/product\/buy-seconal-sodium-for-sale\/#primaryimage","url":"https:\/\/nembutalhouse.com\/wp-content\/uploads\/2023\/06\/seconal-sodium.jpg","contentUrl":"https:\/\/nembutalhouse.com\/wp-content\/uploads\/2023\/06\/seconal-sodium.jpg","width":600,"height":600,"caption":"Buy Seconal Sodium For Sale"},{"@type":"BreadcrumbList","@id":"https:\/\/nembutalhouse.com\/product\/buy-seconal-sodium-for-sale\/#breadcrumb","itemListElement":[{"@type":"ListItem","position":1,"name":"Home","item":"https:\/\/nembutalhouse.com\/"},{"@type":"ListItem","position":2,"name":"Shop","item":"https:\/\/nembutalhouse.com\/shop\/"},{"@type":"ListItem","position":3,"name":"Buy Seconal Sodium For Sale"}]},{"@type":"WebSite","@id":"https:\/\/nembutalhouse.com\/#website","url":"https:\/\/nembutalhouse.com\/","name":"Nembutal House","description":"Best Nembutal Online Store","publisher":{"@id":"https:\/\/nembutalhouse.com\/#organization"},"potentialAction":[{"@type":"SearchAction","target":{"@type":"EntryPoint","urlTemplate":"https:\/\/nembutalhouse.com\/?s={search_term_string}"},"query-input":{"@type":"PropertyValueSpecification","valueRequired":true,"valueName":"search_term_string"}}],"inLanguage":"sv-SE"},{"@type":"Organization","@id":"https:\/\/nembutalhouse.com\/#organization","name":"Nembutal House","url":"https:\/\/nembutalhouse.com\/","logo":{"@type":"ImageObject","inLanguage":"sv-SE","@id":"https:\/\/nembutalhouse.com\/#\/schema\/logo\/image\/","url":"https:\/\/nembutalhouse.com\/wp-content\/uploads\/2022\/12\/logo.png","contentUrl":"https:\/\/nembutalhouse.com\/wp-content\/uploads\/2022\/12\/logo.png","width":344,"height":103,"caption":"Nembutal House"},"image":{"@id":"https:\/\/nembutalhouse.com\/#\/schema\/logo\/image\/"}}]}},"_links":{"self":[{"href":"https:\/\/nembutalhouse.com\/sv\/wp-json\/wp\/v2\/product\/303","targetHints":{"allow":["GET"]}}],"collection":[{"href":"https:\/\/nembutalhouse.com\/sv\/wp-json\/wp\/v2\/product"}],"about":[{"href":"https:\/\/nembutalhouse.com\/sv\/wp-json\/wp\/v2\/types\/product"}],"replies":[{"embeddable":true,"href":"https:\/\/nembutalhouse.com\/sv\/wp-json\/wp\/v2\/comments?post=303"}],"wp:featuredmedia":[{"embeddable":true,"href":"https:\/\/nembutalhouse.com\/sv\/wp-json\/wp\/v2\/media\/345"}],"wp:attachment":[{"href":"https:\/\/nembutalhouse.com\/sv\/wp-json\/wp\/v2\/media?parent=303"}],"wp:term":[{"taxonomy":"product_cat","embeddable":true,"href":"https:\/\/nembutalhouse.com\/sv\/wp-json\/wp\/v2\/product_cat?post=303"},{"taxonomy":"product_tag","embeddable":true,"href":"https:\/\/nembutalhouse.com\/sv\/wp-json\/wp\/v2\/product_tag?post=303"}],"curies":[{"name":"wp","href":"https:\/\/api.w.org\/{rel}","templated":true}]}}