{"id":25,"date":"2022-12-13T18:51:32","date_gmt":"2022-12-13T18:51:32","guid":{"rendered":"https:\/\/nembutalhouse.com\/?post_type=product&#038;p=25"},"modified":"2026-03-06T11:07:36","modified_gmt":"2026-03-06T11:07:36","slug":"buy-nembutal-pills-online","status":"publish","type":"product","link":"https:\/\/nembutalhouse.com\/sv\/produkt\/kopa-nembutal-piller-online\/","title":{"rendered":"K\u00f6p Nembutal-piller online"},"content":{"rendered":"<h2>K\u00f6p Nembutal-piller online<\/h2>\n<p>Den prim\u00e4ra anv\u00e4ndningen av <a href=\"https:\/\/nembutalhouse.com\/sv\/produkt\/kopa-nembutal-piller-online\/\"><strong>Nembutal piller<\/strong><\/a> \u00e4r som en korttidsbehandling f\u00f6r s\u00f6mnl\u00f6shet. Anv\u00e4nds oftast f\u00f6r att hj\u00e4lpa m\u00e4nniskor att somna, men det \u00e4r inte till hj\u00e4lp f\u00f6r att hj\u00e4lpa m\u00e4nniskor att sova n\u00e4r man behandlar \u00e5ngest som ett antikonvulsivt medel i n\u00f6dsituationer och som ett bed\u00f6vningsmedel f\u00f6re operation. Du kan k\u00f6pa Nembutal-pillren hos oss.<\/p>\n<h3>Hur kommer du att k\u00f6pa Nembutal-piller online?<\/h3>\n<p>Vi sticker ut fr\u00e5n m\u00e4ngden genom att tillhandah\u00e5lla h\u00f6gsta kvalitet <strong>Nembutal piller till salu online<\/strong> till \u00f6verkomliga priser. V\u00e5rt rykte har spridit sig l\u00e5ngt och brett f\u00f6r att uppr\u00e4tth\u00e5lla ett gott rykte. Vi tar ingen chans att kompromissa med kvaliteten p\u00e5 Nembutal Pills k\u00f6p Nembutal piller som vi s\u00e4ljer till dig. Best\u00e4ll Nembutal-piller online; d\u00e4rf\u00f6r kan du k\u00f6pa Nembutal-piller av h\u00f6g kvalitet h\u00e4r fr\u00e5n v\u00e5r onlinebutik. Om du \u00e4r f\u00f6rvirrad \u00f6ver var du kan k\u00f6pa Nembutal-piller kan du kontakta oss f\u00f6r den b\u00e4sta upplevelsen.<\/p>\n<p>Som alltid \u00e4r v\u00e5ra Nembutal-piller som s\u00e4ljs online labbtestade eftersom vi bryr oss om din h\u00e4lsa. V\u00e5r pentobarbital till salu \u00e4r fri fr\u00e5n orenheter, s\u00e5 du kan unna dig sj\u00e4lv med dessa Nembutal-piller utan att skada din h\u00e4lsa. Du kan prova olika l\u00e4kemedelsk\u00e4llor. Men vi \u00e4r \u00f6vertygade om att v\u00e5ra Nembutal-piller kommer att ge dig 100 % positiva resultat och perfekta l\u00f6sningar f\u00f6r dina h\u00e4lsoproblem. Du kommer att k\u00f6pa Nembutal-piller online enkelt genom olika webbplatser p\u00e5 marknaden.<\/p>\n<h3>Hur anv\u00e4nds Nembutal-piller?<\/h3>\n<p>It is a barbiturate that acts as a sedative or antidepressant. The main purpose is used to treat insomnia. Nembutal is also used as an emergency treatment for seizures and causes patients to fall asleep for surgery. <a href=\"https:\/\/en.wikipedia.org\/?title=Nembutal&amp;redirect=no\">Nembutal<\/a> is available in generic form. You can buy it from our site with Nembutal pills for sale options.<\/p>\n<h3>Varf\u00f6r f\u00f6redrar du att k\u00f6pa Nembutal-piller?<\/h3>\n<p>Dessa Nembutal-piller anv\u00e4nds ofta p\u00e5 grund av deras f\u00f6rm\u00e5ga att ha en lugnande effekt p\u00e5 nervsystemet i hj\u00e4rnan och i slut\u00e4ndan sakta ner hj\u00e4rnans aktivitet. Denna effekt fr\u00e4mjar avslappning och s\u00f6mn. Pentobarbital anv\u00e4nds i stor utstr\u00e4ckning av l\u00e4kare f\u00f6r preoperativ anestesi. Men du kan f\u00e5 r\u00e5det att ta r\u00e4tt dos av Nembutal-piller f\u00f6r problem som s\u00f6mnl\u00f6shet.<\/p>\n<p>Om du kan <a href=\"https:\/\/nembutalhouse.com\/sv\/\" target=\"_blank\" rel=\"noopener\"><strong>k\u00f6p Nembutal online<\/strong><\/a>, det \u00e4r ocks\u00e5 effektivt f\u00f6r psykiska st\u00f6rningar som \u00e5ngest, depression och epilepsi. Det \u00e4r den b\u00e4sta l\u00f6sningen f\u00f6r att m\u00e5 b\u00e4ttre och f\u00e5 ordentlig avslappning genom att h\u00e5lla sp\u00e4nningen borta. Att konsumera Nembutal fr\u00e5n fel k\u00e4lla kan orsaka m\u00e5nga negativa och negativa effekter p\u00e5 din h\u00e4lsa. D\u00e4rf\u00f6r \u00e4r det viktigt att best\u00e4lla Nembutal-piller online fr\u00e5n en p\u00e5litlig k\u00e4lla. Vi \u00e4r en av de h\u00e4ngivna leverant\u00f6rerna f\u00f6r att ge dig Nembutal-piller av h\u00f6gsta kvalitet online till \u00f6verkomliga priser. Vi \u00e4r ett av de b\u00e4sta st\u00e4llena att k\u00f6pa Nembutal-piller.<\/p>\n<p>Om du handlar hos oss m\u00e5ste du veta att du \u00e4r i trygga h\u00e4nder. Om du inte vill kompromissa med kvaliteten p\u00e5 p-piller f\u00f6r att ge dig b\u00e4ttre h\u00e4lsa \u00e4r vi ditt b\u00e4sta val. L\u00e4gg bara din best\u00e4llning f\u00f6r Nembutal online s\u00e5 levererar vi den till dig s\u00e5 snart som m\u00f6jligt. Om du beh\u00f6ver en tydlig uppfattning om hur du k\u00f6per Nembutal-piller, v\u00e4nligen kontakta oss. V\u00e5rt expertteam guidar dig att k\u00f6pa Nembutal-piller online.<\/p>","protected":false},"excerpt":{"rendered":"<p>Varje tablett Nembutal 100 mg inneh\u00e5ller<\/p>","protected":false},"featured_media":16,"comment_status":"open","ping_status":"closed","template":"","meta":{"_joinchat":[]},"product_cat":[16],"product_tag":[531,520,48,17,49,514,522,50,51,19,52,529,526,20,519,21,23,24,25,26,53,27,30,31,32,535,54,518,536,524,527,515,534,532,523,533,35,36,37,38,39,517,55,41,56,42,530,528,44,525,45,46,57,58,521,516],"class_list":{"0":"post-25","1":"product","2":"type-product","3":"status-publish","4":"has-post-thumbnail","6":"product_cat-nembutal","7":"product_tag-best-cheap-price-nembutal-pills","8":"product_tag-best-place-to-buy-nembutal-pills","9":"product_tag-buy-nembutal-exit-international","10":"product_tag-buy-nembutal-online","11":"product_tag-buy-nembutal-pentobarbital","12":"product_tag-buy-nembutal-pills","13":"product_tag-buy-nembutal-pills-legally","14":"product_tag-buy-nembutal-pills-online","15":"product_tag-buy-nembutal-pills-online-without-prescription","16":"product_tag-buy-nembutal-uk","17":"product_tag-cheap-nembutal-pills-for-sale","18":"product_tag-cheap-nembutal-pillss","19":"product_tag-high-quality-nembutal-pills","20":"product_tag-how-can-i-get-nembutal","21":"product_tag-how-to-buy-nembutal-pills","22":"product_tag-how-to-make-nembutal","23":"product_tag-how-to-purchase-nembutal","24":"product_tag-nembutal","25":"product_tag-nembutal-buy","26":"product_tag-nembutal-buy-india","27":"product_tag-nembutal-capsules-for-sale","28":"product_tag-nembutal-for-sale","29":"product_tag-nembutal-order-online","30":"product_tag-nembutal-pentobarbital-for-sale-in-usa","31":"product_tag-nembutal-pentobarbital-sodium-for-sale","32":"product_tag-nembutal-pills-for-cleaning","33":"product_tag-nembutal-pills-for-sale","34":"product_tag-nembutal-pills-liquid","35":"product_tag-nembutal-pills-powder","36":"product_tag-nembutal-pills-price","37":"product_tag-nembutal-pills-store","38":"product_tag-nembutal-pills-supplier","39":"product_tag-nembutal-pills-wiki","40":"product_tag-nembutal-pills-worldwide","41":"product_tag-nembutal-pillss-online","42":"product_tag-nembutal-pillss-use","43":"product_tag-nembutal-sodium","44":"product_tag-nembutal-suicide","45":"product_tag-nembutal-where-to-buy","46":"product_tag-order-nembutal","47":"product_tag-order-nembutal-online","48":"product_tag-order-nembutal-pills","49":"product_tag-order-nembutal-pills-online","50":"product_tag-pentobarbital","51":"product_tag-pentobarbital-buy","52":"product_tag-pentobarbital-for-sale","53":"product_tag-purcharse-nembutal-pills","54":"product_tag-shop-nembutal-pills","55":"product_tag-sodium-pentobarbital","56":"product_tag-top-quality-nembutal-pills","57":"product_tag-what-is-nembutal","58":"product_tag-where-to-buy-nembutal","59":"product_tag-where-to-buy-nembutal-pills","60":"product_tag-where-to-buy-pentobarbital-for-dogs","61":"product_tag-where-to-order-nembutal-pills","62":"product_tag-wholesale-nembutal-pills-bulk-online","64":"first","65":"instock","66":"shipping-taxable","67":"purchasable","68":"product-type-variable","69":"has-default-attributes"},"yoast_head":"<!-- This site is optimized with the Yoast SEO plugin v24.1 - https:\/\/yoast.com\/wordpress\/plugins\/seo\/ -->\n<title>Buy Nembutal Pills Online - Nembutal Pills for Sale<\/title>\n<meta name=\"description\" content=\"Where to buy nembutal pills online at the best price? Find high-quality nembutal pills for sale at our secure online store, catering to your research requirements. Order Now!\" \/>\n<meta name=\"robots\" content=\"index, follow, max-snippet:-1, max-image-preview:large, max-video-preview:-1\" \/>\n<link rel=\"canonical\" href=\"https:\/\/nembutalhouse.com\/sv\/produkt\/kopa-nembutal-piller-online\/\" \/>\n<meta property=\"og:locale\" content=\"sv_SE\" \/>\n<meta property=\"og:type\" content=\"article\" \/>\n<meta property=\"og:title\" content=\"Buy Nembutal Pills Online - Nembutal Pills for Sale\" \/>\n<meta property=\"og:description\" content=\"Where to buy nembutal pills online at the best price? Find high-quality nembutal pills for sale at our secure online store, catering to your research requirements. Order Now!\" \/>\n<meta property=\"og:url\" content=\"https:\/\/nembutalhouse.com\/sv\/produkt\/kopa-nembutal-piller-online\/\" \/>\n<meta property=\"og:site_name\" content=\"Nembutal House\" \/>\n<meta property=\"article:modified_time\" content=\"2026-03-06T11:07:36+00:00\" \/>\n<meta property=\"og:image\" content=\"https:\/\/nembutalhouse.com\/wp-content\/uploads\/2022\/12\/nembutal-pills.jpg\" \/>\n\t<meta property=\"og:image:width\" content=\"1000\" \/>\n\t<meta property=\"og:image:height\" content=\"1000\" \/>\n\t<meta property=\"og:image:type\" content=\"image\/jpeg\" \/>\n<meta name=\"twitter:card\" content=\"summary_large_image\" \/>\n<meta name=\"twitter:label1\" content=\"Ber\u00e4knad l\u00e4stid\" \/>\n\t<meta name=\"twitter:data1\" content=\"3 minuter\" \/>\n<script type=\"application\/ld+json\" class=\"yoast-schema-graph\">{\"@context\":\"https:\/\/schema.org\",\"@graph\":[{\"@type\":\"WebPage\",\"@id\":\"https:\/\/nembutalhouse.com\/product\/buy-nembutal-pills-online\/\",\"url\":\"https:\/\/nembutalhouse.com\/product\/buy-nembutal-pills-online\/\",\"name\":\"Buy Nembutal Pills Online - Nembutal Pills for Sale\",\"isPartOf\":{\"@id\":\"https:\/\/nembutalhouse.com\/#website\"},\"primaryImageOfPage\":{\"@id\":\"https:\/\/nembutalhouse.com\/product\/buy-nembutal-pills-online\/#primaryimage\"},\"image\":{\"@id\":\"https:\/\/nembutalhouse.com\/product\/buy-nembutal-pills-online\/#primaryimage\"},\"thumbnailUrl\":\"https:\/\/nembutalhouse.com\/wp-content\/uploads\/2022\/12\/nembutal-pills.jpg\",\"datePublished\":\"2022-12-13T18:51:32+00:00\",\"dateModified\":\"2026-03-06T11:07:36+00:00\",\"description\":\"Where to buy nembutal pills online at the best price? Find high-quality nembutal pills for sale at our secure online store, catering to your research requirements. Order Now!\",\"breadcrumb\":{\"@id\":\"https:\/\/nembutalhouse.com\/product\/buy-nembutal-pills-online\/#breadcrumb\"},\"inLanguage\":\"sv-SE\",\"potentialAction\":[{\"@type\":\"ReadAction\",\"target\":[\"https:\/\/nembutalhouse.com\/product\/buy-nembutal-pills-online\/\"]}]},{\"@type\":\"ImageObject\",\"inLanguage\":\"sv-SE\",\"@id\":\"https:\/\/nembutalhouse.com\/product\/buy-nembutal-pills-online\/#primaryimage\",\"url\":\"https:\/\/nembutalhouse.com\/wp-content\/uploads\/2022\/12\/nembutal-pills.jpg\",\"contentUrl\":\"https:\/\/nembutalhouse.com\/wp-content\/uploads\/2022\/12\/nembutal-pills.jpg\",\"width\":1000,\"height\":1000,\"caption\":\"Buy Nembutal Pills Online\"},{\"@type\":\"BreadcrumbList\",\"@id\":\"https:\/\/nembutalhouse.com\/product\/buy-nembutal-pills-online\/#breadcrumb\",\"itemListElement\":[{\"@type\":\"ListItem\",\"position\":1,\"name\":\"Home\",\"item\":\"https:\/\/nembutalhouse.com\/\"},{\"@type\":\"ListItem\",\"position\":2,\"name\":\"Shop\",\"item\":\"https:\/\/nembutalhouse.com\/shop\/\"},{\"@type\":\"ListItem\",\"position\":3,\"name\":\"Buy Nembutal Pills Online\"}]},{\"@type\":\"WebSite\",\"@id\":\"https:\/\/nembutalhouse.com\/#website\",\"url\":\"https:\/\/nembutalhouse.com\/\",\"name\":\"Nembutal House\",\"description\":\"Best Nembutal Online Store\",\"publisher\":{\"@id\":\"https:\/\/nembutalhouse.com\/#organization\"},\"potentialAction\":[{\"@type\":\"SearchAction\",\"target\":{\"@type\":\"EntryPoint\",\"urlTemplate\":\"https:\/\/nembutalhouse.com\/?s={search_term_string}\"},\"query-input\":{\"@type\":\"PropertyValueSpecification\",\"valueRequired\":true,\"valueName\":\"search_term_string\"}}],\"inLanguage\":\"sv-SE\"},{\"@type\":\"Organization\",\"@id\":\"https:\/\/nembutalhouse.com\/#organization\",\"name\":\"Nembutal House\",\"url\":\"https:\/\/nembutalhouse.com\/\",\"logo\":{\"@type\":\"ImageObject\",\"inLanguage\":\"sv-SE\",\"@id\":\"https:\/\/nembutalhouse.com\/#\/schema\/logo\/image\/\",\"url\":\"https:\/\/nembutalhouse.com\/wp-content\/uploads\/2022\/12\/logo.png\",\"contentUrl\":\"https:\/\/nembutalhouse.com\/wp-content\/uploads\/2022\/12\/logo.png\",\"width\":344,\"height\":103,\"caption\":\"Nembutal House\"},\"image\":{\"@id\":\"https:\/\/nembutalhouse.com\/#\/schema\/logo\/image\/\"}}]}<\/script>\n<!-- \/ Yoast SEO plugin. -->","yoast_head_json":{"title":"Buy Nembutal Pills Online - Nembutal Pills for Sale","description":"Where to buy nembutal pills online at the best price? Find high-quality nembutal pills for sale at our secure online store, catering to your research requirements. Order Now!","robots":{"index":"index","follow":"follow","max-snippet":"max-snippet:-1","max-image-preview":"max-image-preview:large","max-video-preview":"max-video-preview:-1"},"canonical":"https:\/\/nembutalhouse.com\/sv\/produkt\/kopa-nembutal-piller-online\/","og_locale":"sv_SE","og_type":"article","og_title":"Buy Nembutal Pills Online - Nembutal Pills for Sale","og_description":"Where to buy nembutal pills online at the best price? Find high-quality nembutal pills for sale at our secure online store, catering to your research requirements. Order Now!","og_url":"https:\/\/nembutalhouse.com\/sv\/produkt\/kopa-nembutal-piller-online\/","og_site_name":"Nembutal House","article_modified_time":"2026-03-06T11:07:36+00:00","og_image":[{"width":1000,"height":1000,"url":"https:\/\/nembutalhouse.com\/wp-content\/uploads\/2022\/12\/nembutal-pills.jpg","type":"image\/jpeg"}],"twitter_card":"summary_large_image","twitter_misc":{"Ber\u00e4knad l\u00e4stid":"3 minuter"},"schema":{"@context":"https:\/\/schema.org","@graph":[{"@type":"WebPage","@id":"https:\/\/nembutalhouse.com\/product\/buy-nembutal-pills-online\/","url":"https:\/\/nembutalhouse.com\/product\/buy-nembutal-pills-online\/","name":"Buy Nembutal Pills Online - Nembutal Pills for Sale","isPartOf":{"@id":"https:\/\/nembutalhouse.com\/#website"},"primaryImageOfPage":{"@id":"https:\/\/nembutalhouse.com\/product\/buy-nembutal-pills-online\/#primaryimage"},"image":{"@id":"https:\/\/nembutalhouse.com\/product\/buy-nembutal-pills-online\/#primaryimage"},"thumbnailUrl":"https:\/\/nembutalhouse.com\/wp-content\/uploads\/2022\/12\/nembutal-pills.jpg","datePublished":"2022-12-13T18:51:32+00:00","dateModified":"2026-03-06T11:07:36+00:00","description":"Where to buy nembutal pills online at the best price? Find high-quality nembutal pills for sale at our secure online store, catering to your research requirements. Order Now!","breadcrumb":{"@id":"https:\/\/nembutalhouse.com\/product\/buy-nembutal-pills-online\/#breadcrumb"},"inLanguage":"sv-SE","potentialAction":[{"@type":"ReadAction","target":["https:\/\/nembutalhouse.com\/product\/buy-nembutal-pills-online\/"]}]},{"@type":"ImageObject","inLanguage":"sv-SE","@id":"https:\/\/nembutalhouse.com\/product\/buy-nembutal-pills-online\/#primaryimage","url":"https:\/\/nembutalhouse.com\/wp-content\/uploads\/2022\/12\/nembutal-pills.jpg","contentUrl":"https:\/\/nembutalhouse.com\/wp-content\/uploads\/2022\/12\/nembutal-pills.jpg","width":1000,"height":1000,"caption":"Buy Nembutal Pills Online"},{"@type":"BreadcrumbList","@id":"https:\/\/nembutalhouse.com\/product\/buy-nembutal-pills-online\/#breadcrumb","itemListElement":[{"@type":"ListItem","position":1,"name":"Home","item":"https:\/\/nembutalhouse.com\/"},{"@type":"ListItem","position":2,"name":"Shop","item":"https:\/\/nembutalhouse.com\/shop\/"},{"@type":"ListItem","position":3,"name":"Buy Nembutal Pills Online"}]},{"@type":"WebSite","@id":"https:\/\/nembutalhouse.com\/#website","url":"https:\/\/nembutalhouse.com\/","name":"Nembutal House","description":"Best Nembutal Online Store","publisher":{"@id":"https:\/\/nembutalhouse.com\/#organization"},"potentialAction":[{"@type":"SearchAction","target":{"@type":"EntryPoint","urlTemplate":"https:\/\/nembutalhouse.com\/?s={search_term_string}"},"query-input":{"@type":"PropertyValueSpecification","valueRequired":true,"valueName":"search_term_string"}}],"inLanguage":"sv-SE"},{"@type":"Organization","@id":"https:\/\/nembutalhouse.com\/#organization","name":"Nembutal House","url":"https:\/\/nembutalhouse.com\/","logo":{"@type":"ImageObject","inLanguage":"sv-SE","@id":"https:\/\/nembutalhouse.com\/#\/schema\/logo\/image\/","url":"https:\/\/nembutalhouse.com\/wp-content\/uploads\/2022\/12\/logo.png","contentUrl":"https:\/\/nembutalhouse.com\/wp-content\/uploads\/2022\/12\/logo.png","width":344,"height":103,"caption":"Nembutal House"},"image":{"@id":"https:\/\/nembutalhouse.com\/#\/schema\/logo\/image\/"}}]}},"_links":{"self":[{"href":"https:\/\/nembutalhouse.com\/sv\/wp-json\/wp\/v2\/product\/25","targetHints":{"allow":["GET"]}}],"collection":[{"href":"https:\/\/nembutalhouse.com\/sv\/wp-json\/wp\/v2\/product"}],"about":[{"href":"https:\/\/nembutalhouse.com\/sv\/wp-json\/wp\/v2\/types\/product"}],"replies":[{"embeddable":true,"href":"https:\/\/nembutalhouse.com\/sv\/wp-json\/wp\/v2\/comments?post=25"}],"wp:featuredmedia":[{"embeddable":true,"href":"https:\/\/nembutalhouse.com\/sv\/wp-json\/wp\/v2\/media\/16"}],"wp:attachment":[{"href":"https:\/\/nembutalhouse.com\/sv\/wp-json\/wp\/v2\/media?parent=25"}],"wp:term":[{"taxonomy":"product_cat","embeddable":true,"href":"https:\/\/nembutalhouse.com\/sv\/wp-json\/wp\/v2\/product_cat?post=25"},{"taxonomy":"product_tag","embeddable":true,"href":"https:\/\/nembutalhouse.com\/sv\/wp-json\/wp\/v2\/product_tag?post=25"}],"curies":[{"name":"wp","href":"https:\/\/api.w.org\/{rel}","templated":true}]}}