{"id":1637,"date":"2024-10-26T06:40:08","date_gmt":"2024-10-26T06:40:08","guid":{"rendered":"https:\/\/nembutalhouse.com\/?post_type=product&#038;p=1637"},"modified":"2026-02-25T11:21:03","modified_gmt":"2026-02-25T11:21:03","slug":"ghb-liquide","status":"publish","type":"product","link":"https:\/\/nembutalhouse.com\/sv\/produkt\/ghb-vatska-2\/","title":{"rendered":"Buy GHB Liquide Online"},"content":{"rendered":"<h2>PULVER F\u00d6R GAMMA-BUTYROLAKTON<\/h2>\n<p>Gamma-butyrolaktonpulver, \u00e4ven k\u00e4nt som \u03b3-butyrolakton eller GBL, \u00e4r ett vattenl\u00f6sligt, hygroskopiskt \u00e4mne med en svag, distinkt lukt K\u00f6p GHB Liquid .<br \/>\nF\u00f6rutom att anv\u00e4ndas som arom\u00e4mne, f\u00e4rgborttagningsmedel, fl\u00e4ckborttagningsmedel och l\u00f6sningsmedel i vissa v\u00e5ta elektrolytkondensatorer av aluminium, <a href=\"https:\/\/nembutalhouse.com\/sv\/produkt\/ghb\/\">GHB<\/a> \u00e4r ett allm\u00e4nt anv\u00e4nt reagens och l\u00f6sningsmedel inom kemin.<\/p>\n<p>Pulveriserad gamma-butyrolakton, \u00e4ven k\u00e4nd som \"geeb\", \u00e4r ett transparent flytande l\u00f6sningsmedel.<\/p>\n<p>Det \u00e4r en prodrug - det vill s\u00e4ga att kroppen naturligt omvandlar den till den olagliga kemikalien GHB - f\u00f6r GHB <a href=\"https:\/\/nembutalhouse.com\/sv\/\">NembutalHouse<\/a>.<\/p>\n<p>Pulveriserad gamma-butyrolakton, Det luktar n\u00e4stan exakt som man f\u00f6rv\u00e4ntar sig att ett industriellt l\u00f6sningsmedel ska lukta, och det erbjuds p\u00e5 den svarta marknaden under namnen \"rostborttagare\" och \"legeringsreng\u00f6rare\".<\/p>\n<p>Den \u00e4r sv\u00e5r att f\u00f6rvara, beh\u00f6ver. Det kr\u00e4ver en glasflaska eller en flaska av en viss typ av plast, vilket g\u00f6r f\u00f6rvaringen sv\u00e5r. Den kan sm\u00e4lta genom de flesta polymerer. Uts\u00f6kt!<\/p>\n<h3>Alternativa namn<\/h3>\n<p>GBL, <a href=\"https:\/\/en.wikipedia.org\/wiki\/%CE%93-Hydroxybutyric_acid\">gamma-hydroxibutyric<\/a> syralakton, 4-hydroxism\u00f6rsyra-lakton, butyrolakton, 1,4-lakton, 4-butyrolakton och oxolan-2-on<\/p>\n<p>Identifierare<\/p>\n<p>CAS-nummer: 96-48-0<\/p>\n<p>PubChem 7302<\/p>\n<p>ChemSpider 7029<\/p>\n<p>OL659KIY4X i UNII<\/p>\n<p>DB04699 i DrugBank<\/p>\n<p>KEGG C01770<\/p>\n<p>ChEBI CHEBI: 42639<\/p>\n<p>CHEMBL CHEMBL95681<\/p>\n<p>Nummer LU3500000 f\u00f6r RTECS<\/p>\n<p>Jmol-3D bilder Bild 1<\/p>\n<p>Formel f\u00f6r molekyler C4H6O2.<\/p>\n<p>Molmassa 86,09 g mol-1<\/p>\n<p>Se f\u00e4rgl\u00f6s v\u00e4tska<\/p>\n<p>Densitet 15. \u00b0C (1,1286 g\/mL), 20 \u00b0C (1,1296 g\/mL)<\/p>\n<p>Sm\u00e4ltpunkt: -43,53 \u00b0C (-46,35 \u00b0F; 229,62 K)<\/p>\n<p>204 \u00b0C \u00e4r kokpunkten (399 \u00b0F; 477 K).<\/p>\n<p>Vattenl\u00f6slighet: Blandbar<\/p>\n<p>L\u00f6slighet: l\u00f6slig i etyleter, bensen, metanol, etanol, aceton och CCl4.<\/p>\n<p>pH (i pKa): 4.5<\/p>\n<p>Brytningsindex (nD): 1.435, 1.4341 (20 \u00b0C)<\/p>\n<p>Viskositet: 1,7<\/p>\n<p>Viskositeten vid 25 \u00b0C \u00e4r 1,7 cp.<\/p>\n<p>Risker<\/p>\n<p>R-ord R22 R36<\/p>\n<p>S-ord S26 S36<\/p>\n<p>Huvudsakliga faror<\/p>\n<p>Flampunkt (sluten beh\u00e5llare): 98 \u00b0C (208 \u00b0F; 371 K).<\/p>\n<p>LD50 17,2 mL\/kg (oral dos till r\u00e5tta)<\/p>\n<p>Data tillhandah\u00e5lls f\u00f6r material i deras standardtillst\u00e5nd, vilket \u00e4r vid 25 \u00b0C (77 \u00b0F), 100 kPa, om inte annat anges K\u00f6p GHB Liquid .<\/p>\n<p>&nbsp;<\/p>\n<p>&nbsp;<\/p>","protected":false},"excerpt":{"rendered":"<p><strong>GHB flytande - h\u00f6g renhet f\u00f6r forskning och till\u00e4mpningar<\/strong><\/p>\n<p><strong>GHB flytande<\/strong> (Gamma-hydroxism\u00f6rsyra) \u00e4r en mycket effektiv f\u00f6rening som \u00e4r k\u00e4nd f\u00f6r sin exceptionella renhet och m\u00e5ngsidighet. GHB Liquid \u00e4r perfekt l\u00e4mpad f\u00f6r vetenskapliga studier och farmaceutiska till\u00e4mpningar och ger exakta resultat och konsekvent prestanda.<\/p>\n<h3><strong>Funktioner av GHB Liquid:<\/strong><\/h3>\n<ul>\n<li><strong>Kemisk formel<\/strong>: C4H8O3<\/li>\n<li><strong>Molekylvikt<\/strong>: 104,1 g\/mol<\/li>\n<li><strong>Renhet<\/strong>: Garanterad 99%-renhet, idealisk f\u00f6r kontrollerade applikationer.<\/li>\n<li><strong>Utseende<\/strong>: Klar, f\u00e4rgl\u00f6s v\u00e4tska med en stabil kemisk struktur.<\/li>\n<\/ul>","protected":false},"featured_media":600,"comment_status":"closed","ping_status":"closed","template":"","meta":{"_joinchat":[]},"product_cat":[186],"product_tag":[],"class_list":{"0":"post-1637","1":"product","2":"type-product","3":"status-publish","4":"has-post-thumbnail","6":"product_cat-research-chemicals","8":"first","9":"outofstock","10":"shipping-taxable","11":"purchasable","12":"product-type-variable"},"yoast_head":"<!-- This site is optimized with the Yoast SEO plugin v24.1 - https:\/\/yoast.com\/wordpress\/plugins\/seo\/ -->\n<title>Buy GHB Liquid \u2013 High Purity &amp; Discreet Shipping<\/title>\n<meta name=\"description\" content=\"Purchase GHB Liquid with guaranteed high purity. Ideal for scientific research and applications. Reliable service and discreet shipping. Order online now!\" \/>\n<meta name=\"robots\" content=\"index, follow, max-snippet:-1, max-image-preview:large, max-video-preview:-1\" \/>\n<link rel=\"canonical\" href=\"https:\/\/nembutalhouse.com\/sv\/produkt\/ghb-vatska-2\/\" \/>\n<meta property=\"og:locale\" content=\"sv_SE\" \/>\n<meta property=\"og:type\" content=\"article\" \/>\n<meta property=\"og:title\" content=\"Buy GHB Liquid \u2013 High Purity &amp; Discreet Shipping\" \/>\n<meta property=\"og:description\" content=\"Purchase GHB Liquid with guaranteed high purity. Ideal for scientific research and applications. Reliable service and discreet shipping. Order online now!\" \/>\n<meta property=\"og:url\" content=\"https:\/\/nembutalhouse.com\/sv\/produkt\/ghb-vatska-2\/\" \/>\n<meta property=\"og:site_name\" content=\"Nembutal House\" \/>\n<meta property=\"article:modified_time\" content=\"2026-02-25T11:21:03+00:00\" \/>\n<meta property=\"og:image\" content=\"https:\/\/nembutalhouse.com\/wp-content\/uploads\/2024\/10\/GHB.gif\" \/>\n\t<meta property=\"og:image:width\" content=\"600\" \/>\n\t<meta property=\"og:image:height\" content=\"600\" \/>\n\t<meta property=\"og:image:type\" content=\"image\/gif\" \/>\n<meta name=\"twitter:card\" content=\"summary_large_image\" \/>\n<meta name=\"twitter:label1\" content=\"Ber\u00e4knad l\u00e4stid\" \/>\n\t<meta name=\"twitter:data1\" content=\"2 minuter\" \/>\n<script type=\"application\/ld+json\" class=\"yoast-schema-graph\">{\"@context\":\"https:\/\/schema.org\",\"@graph\":[{\"@type\":\"WebPage\",\"@id\":\"https:\/\/nembutalhouse.com\/product\/ghb-liquide\/\",\"url\":\"https:\/\/nembutalhouse.com\/product\/ghb-liquide\/\",\"name\":\"Buy GHB Liquid \u2013 High Purity & Discreet Shipping\",\"isPartOf\":{\"@id\":\"https:\/\/nembutalhouse.com\/#website\"},\"primaryImageOfPage\":{\"@id\":\"https:\/\/nembutalhouse.com\/product\/ghb-liquide\/#primaryimage\"},\"image\":{\"@id\":\"https:\/\/nembutalhouse.com\/product\/ghb-liquide\/#primaryimage\"},\"thumbnailUrl\":\"https:\/\/nembutalhouse.com\/wp-content\/uploads\/2024\/10\/GHB.gif\",\"datePublished\":\"2024-10-26T06:40:08+00:00\",\"dateModified\":\"2026-02-25T11:21:03+00:00\",\"description\":\"Purchase GHB Liquid with guaranteed high purity. Ideal for scientific research and applications. Reliable service and discreet shipping. Order online now!\",\"breadcrumb\":{\"@id\":\"https:\/\/nembutalhouse.com\/product\/ghb-liquide\/#breadcrumb\"},\"inLanguage\":\"sv-SE\",\"potentialAction\":[{\"@type\":\"ReadAction\",\"target\":[\"https:\/\/nembutalhouse.com\/product\/ghb-liquide\/\"]}]},{\"@type\":\"ImageObject\",\"inLanguage\":\"sv-SE\",\"@id\":\"https:\/\/nembutalhouse.com\/product\/ghb-liquide\/#primaryimage\",\"url\":\"https:\/\/nembutalhouse.com\/wp-content\/uploads\/2024\/10\/GHB.gif\",\"contentUrl\":\"https:\/\/nembutalhouse.com\/wp-content\/uploads\/2024\/10\/GHB.gif\",\"width\":600,\"height\":600,\"caption\":\"Buy GHB Online\"},{\"@type\":\"BreadcrumbList\",\"@id\":\"https:\/\/nembutalhouse.com\/product\/ghb-liquide\/#breadcrumb\",\"itemListElement\":[{\"@type\":\"ListItem\",\"position\":1,\"name\":\"Home\",\"item\":\"https:\/\/nembutalhouse.com\/\"},{\"@type\":\"ListItem\",\"position\":2,\"name\":\"Shop\",\"item\":\"https:\/\/nembutalhouse.com\/shop\/\"},{\"@type\":\"ListItem\",\"position\":3,\"name\":\"Buy GHB Liquide Online\"}]},{\"@type\":\"WebSite\",\"@id\":\"https:\/\/nembutalhouse.com\/#website\",\"url\":\"https:\/\/nembutalhouse.com\/\",\"name\":\"Nembutal House\",\"description\":\"Best Nembutal Online Store\",\"publisher\":{\"@id\":\"https:\/\/nembutalhouse.com\/#organization\"},\"potentialAction\":[{\"@type\":\"SearchAction\",\"target\":{\"@type\":\"EntryPoint\",\"urlTemplate\":\"https:\/\/nembutalhouse.com\/?s={search_term_string}\"},\"query-input\":{\"@type\":\"PropertyValueSpecification\",\"valueRequired\":true,\"valueName\":\"search_term_string\"}}],\"inLanguage\":\"sv-SE\"},{\"@type\":\"Organization\",\"@id\":\"https:\/\/nembutalhouse.com\/#organization\",\"name\":\"Nembutal House\",\"url\":\"https:\/\/nembutalhouse.com\/\",\"logo\":{\"@type\":\"ImageObject\",\"inLanguage\":\"sv-SE\",\"@id\":\"https:\/\/nembutalhouse.com\/#\/schema\/logo\/image\/\",\"url\":\"https:\/\/nembutalhouse.com\/wp-content\/uploads\/2022\/12\/logo.png\",\"contentUrl\":\"https:\/\/nembutalhouse.com\/wp-content\/uploads\/2022\/12\/logo.png\",\"width\":344,\"height\":103,\"caption\":\"Nembutal House\"},\"image\":{\"@id\":\"https:\/\/nembutalhouse.com\/#\/schema\/logo\/image\/\"}}]}<\/script>\n<!-- \/ Yoast SEO plugin. -->","yoast_head_json":{"title":"Buy GHB Liquid \u2013 High Purity & Discreet Shipping","description":"Purchase GHB Liquid with guaranteed high purity. Ideal for scientific research and applications. Reliable service and discreet shipping. Order online now!","robots":{"index":"index","follow":"follow","max-snippet":"max-snippet:-1","max-image-preview":"max-image-preview:large","max-video-preview":"max-video-preview:-1"},"canonical":"https:\/\/nembutalhouse.com\/sv\/produkt\/ghb-vatska-2\/","og_locale":"sv_SE","og_type":"article","og_title":"Buy GHB Liquid \u2013 High Purity & Discreet Shipping","og_description":"Purchase GHB Liquid with guaranteed high purity. Ideal for scientific research and applications. Reliable service and discreet shipping. Order online now!","og_url":"https:\/\/nembutalhouse.com\/sv\/produkt\/ghb-vatska-2\/","og_site_name":"Nembutal House","article_modified_time":"2026-02-25T11:21:03+00:00","og_image":[{"width":600,"height":600,"url":"https:\/\/nembutalhouse.com\/wp-content\/uploads\/2024\/10\/GHB.gif","type":"image\/gif"}],"twitter_card":"summary_large_image","twitter_misc":{"Ber\u00e4knad l\u00e4stid":"2 minuter"},"schema":{"@context":"https:\/\/schema.org","@graph":[{"@type":"WebPage","@id":"https:\/\/nembutalhouse.com\/product\/ghb-liquide\/","url":"https:\/\/nembutalhouse.com\/product\/ghb-liquide\/","name":"Buy GHB Liquid \u2013 High Purity & Discreet Shipping","isPartOf":{"@id":"https:\/\/nembutalhouse.com\/#website"},"primaryImageOfPage":{"@id":"https:\/\/nembutalhouse.com\/product\/ghb-liquide\/#primaryimage"},"image":{"@id":"https:\/\/nembutalhouse.com\/product\/ghb-liquide\/#primaryimage"},"thumbnailUrl":"https:\/\/nembutalhouse.com\/wp-content\/uploads\/2024\/10\/GHB.gif","datePublished":"2024-10-26T06:40:08+00:00","dateModified":"2026-02-25T11:21:03+00:00","description":"Purchase GHB Liquid with guaranteed high purity. Ideal for scientific research and applications. Reliable service and discreet shipping. Order online now!","breadcrumb":{"@id":"https:\/\/nembutalhouse.com\/product\/ghb-liquide\/#breadcrumb"},"inLanguage":"sv-SE","potentialAction":[{"@type":"ReadAction","target":["https:\/\/nembutalhouse.com\/product\/ghb-liquide\/"]}]},{"@type":"ImageObject","inLanguage":"sv-SE","@id":"https:\/\/nembutalhouse.com\/product\/ghb-liquide\/#primaryimage","url":"https:\/\/nembutalhouse.com\/wp-content\/uploads\/2024\/10\/GHB.gif","contentUrl":"https:\/\/nembutalhouse.com\/wp-content\/uploads\/2024\/10\/GHB.gif","width":600,"height":600,"caption":"Buy GHB Online"},{"@type":"BreadcrumbList","@id":"https:\/\/nembutalhouse.com\/product\/ghb-liquide\/#breadcrumb","itemListElement":[{"@type":"ListItem","position":1,"name":"Home","item":"https:\/\/nembutalhouse.com\/"},{"@type":"ListItem","position":2,"name":"Shop","item":"https:\/\/nembutalhouse.com\/shop\/"},{"@type":"ListItem","position":3,"name":"Buy GHB Liquide Online"}]},{"@type":"WebSite","@id":"https:\/\/nembutalhouse.com\/#website","url":"https:\/\/nembutalhouse.com\/","name":"Nembutal House","description":"Best Nembutal Online Store","publisher":{"@id":"https:\/\/nembutalhouse.com\/#organization"},"potentialAction":[{"@type":"SearchAction","target":{"@type":"EntryPoint","urlTemplate":"https:\/\/nembutalhouse.com\/?s={search_term_string}"},"query-input":{"@type":"PropertyValueSpecification","valueRequired":true,"valueName":"search_term_string"}}],"inLanguage":"sv-SE"},{"@type":"Organization","@id":"https:\/\/nembutalhouse.com\/#organization","name":"Nembutal House","url":"https:\/\/nembutalhouse.com\/","logo":{"@type":"ImageObject","inLanguage":"sv-SE","@id":"https:\/\/nembutalhouse.com\/#\/schema\/logo\/image\/","url":"https:\/\/nembutalhouse.com\/wp-content\/uploads\/2022\/12\/logo.png","contentUrl":"https:\/\/nembutalhouse.com\/wp-content\/uploads\/2022\/12\/logo.png","width":344,"height":103,"caption":"Nembutal House"},"image":{"@id":"https:\/\/nembutalhouse.com\/#\/schema\/logo\/image\/"}}]}},"_links":{"self":[{"href":"https:\/\/nembutalhouse.com\/sv\/wp-json\/wp\/v2\/product\/1637","targetHints":{"allow":["GET"]}}],"collection":[{"href":"https:\/\/nembutalhouse.com\/sv\/wp-json\/wp\/v2\/product"}],"about":[{"href":"https:\/\/nembutalhouse.com\/sv\/wp-json\/wp\/v2\/types\/product"}],"replies":[{"embeddable":true,"href":"https:\/\/nembutalhouse.com\/sv\/wp-json\/wp\/v2\/comments?post=1637"}],"wp:featuredmedia":[{"embeddable":true,"href":"https:\/\/nembutalhouse.com\/sv\/wp-json\/wp\/v2\/media\/600"}],"wp:attachment":[{"href":"https:\/\/nembutalhouse.com\/sv\/wp-json\/wp\/v2\/media?parent=1637"}],"wp:term":[{"taxonomy":"product_cat","embeddable":true,"href":"https:\/\/nembutalhouse.com\/sv\/wp-json\/wp\/v2\/product_cat?post=1637"},{"taxonomy":"product_tag","embeddable":true,"href":"https:\/\/nembutalhouse.com\/sv\/wp-json\/wp\/v2\/product_tag?post=1637"}],"curies":[{"name":"wp","href":"https:\/\/api.w.org\/{rel}","templated":true}]}}