{"id":1482,"date":"2024-10-16T11:51:00","date_gmt":"2024-10-16T11:51:00","guid":{"rendered":"https:\/\/nembutalhouse.com\/?post_type=product&#038;p=1482"},"modified":"2026-02-26T12:59:06","modified_gmt":"2026-02-26T12:59:06","slug":"buy-5-meo-dalt-online","status":"publish","type":"product","link":"https:\/\/nembutalhouse.com\/sv\/produkt\/buy-5-meo-dalt-online\/","title":{"rendered":"Buy 5-MEO-DALT Online"},"content":{"rendered":"<h2>Buy 5-MEO-DALT Online<\/h2>\n<p>K\u00f6p 5-MeO-DALT Freebase fr\u00e5n denna webbplats.<br \/>\nInom tryptaminklassen \u00e4r N,N-Diallyl-5-metoxitryptamin - \u00e4ven k\u00e4nd i vardagligt tal som 5-MeO-DALT eller \"Foxtrot\" - en mindre v\u00e4lk\u00e4nd psykedelisk substans som ger korta psykedeliska effekter vid intag. \u00c4ven om det verkar ha andra effekter \u00e4n tryptaminer som <a href=\"https:\/\/nembutalhouse.com\/sv\/produkt\/buy-5-meo-dalt-online\/\">5-MeO-DiPT<\/a> och DALT, det delar en liknande struktur med dem. Syntesen av 5-MeO-DALT utf\u00f6rdes ursprungligen av Alexander Shulgin. Han gav de f\u00f6rsta detaljerna om dess skapande och funktion till en forskare i maj 2004. 5-MeO-DALT \u00e4r kemiskt k\u00e4nt som 5-MethOxy-DiALlylTryptamine.<\/p>\n<h3>5-MeO-DALT Freebase tillg\u00e4nglighet.<\/h3>\n<p>Det finns tv\u00e5 doseringsalternativ tillg\u00e4ngliga f\u00f6r 5-MeO-DALT Freebase: 250 mg och 500 mg.<\/p>\n<p>5-MeO-DALT Freebase lagringsf\u00f6rh\u00e5llanden.<\/p>\n<p>N\u00e4r du har ditt 5-MeO-DALT Freebase-objekt, se till att f\u00f6rvara det i ett skuggat omr\u00e5de.<\/p>\n<p>S\u00e5 snart din 5-MeO-DALT Freebase-artikel anl\u00e4nder, f\u00f6rvara den p\u00e5 en torr plats, utom direkt solljus och mellan 20 och 25 grader Celsius. Om du vill bibeh\u00e5lla renheten hos 5-MeO-DALT Freebase under en l\u00e4ngre tid \u00e4r ditt m\u00e5l, <a href=\"https:\/\/nembutalhouse.com\/sv\/\">NembutalHouse<\/a> f\u00f6resl\u00e5r att du investerar i en vakuumf\u00f6rseglingsmaskin. Kom ih\u00e5g att fr\u00e5ga oss om du har n\u00e5gra fr\u00e5gor eller funderingar kring detta.<\/p>\n<h3>Hantera din Freebase, 5-MeO-DALT.<\/h3>\n<p>Vi rekommenderar starkt att du b\u00e4r en FFP-2-mask, handskar och vidtar andra s\u00e4kerhets\u00e5tg\u00e4rder n\u00e4r du hanterar din 5-MeO-DALT Freebase.<\/p>\n<h3>Var kan jag k\u00f6pa Freebase 5-MeO-DALT?<\/h3>\n<p>Du kan k\u00f6pa forskningskemikalier som 5-MeO-DALT Freebase fr\u00e5n v\u00e5r webbplats, NembutalHouse. Innan vi erbjuder n\u00e5gra av de \u00e4mnen som vi anv\u00e4nder f\u00f6r forskning till f\u00f6rs\u00e4ljning,<\/p>\n<p>Vi unders\u00f6ker och testar dem. Det \u00e4r den enda metoden f\u00f6r att visa den \u00f6verl\u00e4gsna kvaliteten p\u00e5 v\u00e5r 5-MeO-DALT Freebase. Tveka inte att kontakta oss om du beh\u00f6ver resultaten eller annan hj\u00e4lp. Vi har bara <a href=\"https:\/\/en.wikipedia.org\/wiki\/5-MeO-DALT\">5-MeO-DALT<\/a> Freebase finns som pulver, men vi har n\u00e5gra andra forskningskemikalier som finns i pellets- och blotterform.<\/p>\n<h3>Varf\u00f6r ska jag handla hos NembutalHouse?<\/h3>\n<p>Bland de \u00e5terf\u00f6rs\u00e4ljare som \u00e4r auktoriserade att b\u00e4ra Lizard Labs varor \u00e4r vi. Faktum \u00e4r att NembutalHouse \u00e4gs och drivs av Lizard Labs. Hela listan finns alltid tillg\u00e4nglig p\u00e5 Lizard Labs webbplats. Vi kan garantera dig utm\u00e4rkt service och forskningskemikalier till n\u00e5gra av de b\u00e4sta kostnaderna eftersom vi har varit i den h\u00e4r branschen i mer \u00e4n tio \u00e5r.<\/p>\n<h3>Ink\u00f6pskraven f\u00f6r 5-MeO-DALT Freebase \u00e4r unika.<\/h3>\n<p>Du kan k\u00f6pa 4-AcO-MET Fumarate fr\u00e5n oss online, men att g\u00f6ra det kr\u00e4ver att du \u00e4r minst arton \u00e5r gammal och att du \u00e4r medveten om alla villkor och begr\u00e4nsningar som g\u00e4ller f\u00f6r v\u00e5r webbplats och kassaproceduren. Dessutom erbjuder vi uteslutande forskningssubstanser f\u00f6r testning eller till\u00e4mpning i laboratoriet. Ange bara din f\u00f6rsta leveransadress i registreringsformul\u00e4ret, b\u00f6rja handla och bekr\u00e4fta att du uppfyller alla villkor!<\/p>\n<p>&nbsp;<\/p>\n<p>&nbsp;<\/p>","protected":false},"excerpt":{"rendered":"<p>Buy 5-MEO-DALT Online Purchase 5-MeO-DALT Freebase from this website. Within the tryptamine class, N,N-Diallyl-5-methoxytryptamine\u2014also known colloquially as 5-MeO-DALT or \u201cFoxtrot\u201d\u2014is a less well-known psychedelic substance that produces brief psychedelic effects&hellip;<\/p>","protected":false},"featured_media":1564,"comment_status":"open","ping_status":"closed","template":"","meta":{"_joinchat":[]},"product_cat":[186],"product_tag":[1706,1724,1701,1712,1713,1716,1702,1722,1723,1721,1720,1709,1699,1711,1700,1718,1715,1708,1704,1705,1719,1717,1714,1707,1710,1703],"class_list":{"0":"post-1482","1":"product","2":"type-product","3":"status-publish","4":"has-post-thumbnail","6":"product_cat-research-chemicals","7":"product_tag-5-meo-dalt-powder","8":"product_tag-5-meo-dalt-powder-for-cleaning","9":"product_tag-5-meo-dalt-powder-for-sale","10":"product_tag-5-meo-dalt-powder-online","11":"product_tag-5-meo-dalt-powder-price","12":"product_tag-5-meo-dalt-powder-store","13":"product_tag-5-meo-dalt-powder-supplier","14":"product_tag-5-meo-dalt-powder-use","15":"product_tag-5-meo-dalt-powder-wiki","16":"product_tag-5-meo-dalt-powder-worldwide","17":"product_tag-best-cheap-price-5-meo-dalt-powder","18":"product_tag-best-place-to-buy-5-meo-dalt-powder","19":"product_tag-buy-5-meo-dalt-powder","20":"product_tag-buy-5-meo-dalt-powder-legally","21":"product_tag-buy-5-meo-dalt-powder-online","22":"product_tag-cheap-5-meo-dalt-powder","23":"product_tag-high-quality-5-meo-dalt-powder","24":"product_tag-how-to-buy-5-meo-dalt-powder","25":"product_tag-order-5-meo-dalt-powder","26":"product_tag-order-5-meo-dalt-powder-online","27":"product_tag-purcharse-5-meo-dalt-powder-powder","28":"product_tag-shop-5-meo-dalt-powder","29":"product_tag-top-quality-5-meo-dalt-powder","30":"product_tag-where-to-buy-5-meo-dalt-powder","31":"product_tag-where-to-order-5-meo-dalt-powder","32":"product_tag-wholesale-5-meo-dalt-powder-bulk-online","34":"first","35":"instock","36":"shipping-taxable","37":"purchasable","38":"product-type-variable"},"yoast_head":"<!-- This site is optimized with the Yoast SEO plugin v24.1 - https:\/\/yoast.com\/wordpress\/plugins\/seo\/ -->\n<title>Buy 5 MEO-DALT Online - 5 MEO-DALT for Sale Online<\/title>\n<meta name=\"description\" content=\"We are the leading store available with 5-meo-dalt for sale. If you wish to buy 5-meo-dalt online, contact us right away and get the order delivered. Order Now!\" \/>\n<meta name=\"robots\" content=\"index, follow, max-snippet:-1, max-image-preview:large, max-video-preview:-1\" \/>\n<link rel=\"canonical\" href=\"https:\/\/nembutalhouse.com\/sv\/produkt\/buy-5-meo-dalt-online\/\" \/>\n<meta property=\"og:locale\" content=\"sv_SE\" \/>\n<meta property=\"og:type\" content=\"article\" \/>\n<meta property=\"og:title\" content=\"Buy 5 MEO-DALT Online - 5 MEO-DALT for Sale Online\" \/>\n<meta property=\"og:description\" content=\"We are the leading store available with 5-meo-dalt for sale. If you wish to buy 5-meo-dalt online, contact us right away and get the order delivered. Order Now!\" \/>\n<meta property=\"og:url\" content=\"https:\/\/nembutalhouse.com\/sv\/produkt\/buy-5-meo-dalt-online\/\" \/>\n<meta property=\"og:site_name\" content=\"Nembutal House\" \/>\n<meta property=\"article:modified_time\" content=\"2026-02-26T12:59:06+00:00\" \/>\n<meta property=\"og:image\" content=\"https:\/\/nembutalhouse.com\/wp-content\/uploads\/2024\/10\/5-MEO-DALT.gif\" \/>\n\t<meta property=\"og:image:width\" content=\"600\" \/>\n\t<meta property=\"og:image:height\" content=\"600\" \/>\n\t<meta property=\"og:image:type\" content=\"image\/gif\" \/>\n<meta name=\"twitter:card\" content=\"summary_large_image\" \/>\n<meta name=\"twitter:label1\" content=\"Ber\u00e4knad l\u00e4stid\" \/>\n\t<meta name=\"twitter:data1\" content=\"3 minuter\" \/>\n<script type=\"application\/ld+json\" class=\"yoast-schema-graph\">{\"@context\":\"https:\/\/schema.org\",\"@graph\":[{\"@type\":\"WebPage\",\"@id\":\"https:\/\/nembutalhouse.com\/product\/buy-5-meo-dalt-online\/\",\"url\":\"https:\/\/nembutalhouse.com\/product\/buy-5-meo-dalt-online\/\",\"name\":\"Buy 5 MEO-DALT Online - 5 MEO-DALT for Sale Online\",\"isPartOf\":{\"@id\":\"https:\/\/nembutalhouse.com\/#website\"},\"primaryImageOfPage\":{\"@id\":\"https:\/\/nembutalhouse.com\/product\/buy-5-meo-dalt-online\/#primaryimage\"},\"image\":{\"@id\":\"https:\/\/nembutalhouse.com\/product\/buy-5-meo-dalt-online\/#primaryimage\"},\"thumbnailUrl\":\"https:\/\/nembutalhouse.com\/wp-content\/uploads\/2024\/10\/5-MEO-DALT.gif\",\"datePublished\":\"2024-10-16T11:51:00+00:00\",\"dateModified\":\"2026-02-26T12:59:06+00:00\",\"description\":\"We are the leading store available with 5-meo-dalt for sale. If you wish to buy 5-meo-dalt online, contact us right away and get the order delivered. Order Now!\",\"breadcrumb\":{\"@id\":\"https:\/\/nembutalhouse.com\/product\/buy-5-meo-dalt-online\/#breadcrumb\"},\"inLanguage\":\"sv-SE\",\"potentialAction\":[{\"@type\":\"ReadAction\",\"target\":[\"https:\/\/nembutalhouse.com\/product\/buy-5-meo-dalt-online\/\"]}]},{\"@type\":\"ImageObject\",\"inLanguage\":\"sv-SE\",\"@id\":\"https:\/\/nembutalhouse.com\/product\/buy-5-meo-dalt-online\/#primaryimage\",\"url\":\"https:\/\/nembutalhouse.com\/wp-content\/uploads\/2024\/10\/5-MEO-DALT.gif\",\"contentUrl\":\"https:\/\/nembutalhouse.com\/wp-content\/uploads\/2024\/10\/5-MEO-DALT.gif\",\"width\":600,\"height\":600,\"caption\":\"Buy 5-MEO-DALT Online\"},{\"@type\":\"BreadcrumbList\",\"@id\":\"https:\/\/nembutalhouse.com\/product\/buy-5-meo-dalt-online\/#breadcrumb\",\"itemListElement\":[{\"@type\":\"ListItem\",\"position\":1,\"name\":\"Home\",\"item\":\"https:\/\/nembutalhouse.com\/\"},{\"@type\":\"ListItem\",\"position\":2,\"name\":\"Shop\",\"item\":\"https:\/\/nembutalhouse.com\/shop\/\"},{\"@type\":\"ListItem\",\"position\":3,\"name\":\"Buy 5-MEO-DALT Online\"}]},{\"@type\":\"WebSite\",\"@id\":\"https:\/\/nembutalhouse.com\/#website\",\"url\":\"https:\/\/nembutalhouse.com\/\",\"name\":\"Nembutal House\",\"description\":\"Best Nembutal Online Store\",\"publisher\":{\"@id\":\"https:\/\/nembutalhouse.com\/#organization\"},\"potentialAction\":[{\"@type\":\"SearchAction\",\"target\":{\"@type\":\"EntryPoint\",\"urlTemplate\":\"https:\/\/nembutalhouse.com\/?s={search_term_string}\"},\"query-input\":{\"@type\":\"PropertyValueSpecification\",\"valueRequired\":true,\"valueName\":\"search_term_string\"}}],\"inLanguage\":\"sv-SE\"},{\"@type\":\"Organization\",\"@id\":\"https:\/\/nembutalhouse.com\/#organization\",\"name\":\"Nembutal House\",\"url\":\"https:\/\/nembutalhouse.com\/\",\"logo\":{\"@type\":\"ImageObject\",\"inLanguage\":\"sv-SE\",\"@id\":\"https:\/\/nembutalhouse.com\/#\/schema\/logo\/image\/\",\"url\":\"https:\/\/nembutalhouse.com\/wp-content\/uploads\/2022\/12\/logo.png\",\"contentUrl\":\"https:\/\/nembutalhouse.com\/wp-content\/uploads\/2022\/12\/logo.png\",\"width\":344,\"height\":103,\"caption\":\"Nembutal House\"},\"image\":{\"@id\":\"https:\/\/nembutalhouse.com\/#\/schema\/logo\/image\/\"}}]}<\/script>\n<!-- \/ Yoast SEO plugin. -->","yoast_head_json":{"title":"Buy 5 MEO-DALT Online - 5 MEO-DALT for Sale Online","description":"We are the leading store available with 5-meo-dalt for sale. If you wish to buy 5-meo-dalt online, contact us right away and get the order delivered. Order Now!","robots":{"index":"index","follow":"follow","max-snippet":"max-snippet:-1","max-image-preview":"max-image-preview:large","max-video-preview":"max-video-preview:-1"},"canonical":"https:\/\/nembutalhouse.com\/sv\/produkt\/buy-5-meo-dalt-online\/","og_locale":"sv_SE","og_type":"article","og_title":"Buy 5 MEO-DALT Online - 5 MEO-DALT for Sale Online","og_description":"We are the leading store available with 5-meo-dalt for sale. If you wish to buy 5-meo-dalt online, contact us right away and get the order delivered. Order Now!","og_url":"https:\/\/nembutalhouse.com\/sv\/produkt\/buy-5-meo-dalt-online\/","og_site_name":"Nembutal House","article_modified_time":"2026-02-26T12:59:06+00:00","og_image":[{"width":600,"height":600,"url":"https:\/\/nembutalhouse.com\/wp-content\/uploads\/2024\/10\/5-MEO-DALT.gif","type":"image\/gif"}],"twitter_card":"summary_large_image","twitter_misc":{"Ber\u00e4knad l\u00e4stid":"3 minuter"},"schema":{"@context":"https:\/\/schema.org","@graph":[{"@type":"WebPage","@id":"https:\/\/nembutalhouse.com\/product\/buy-5-meo-dalt-online\/","url":"https:\/\/nembutalhouse.com\/product\/buy-5-meo-dalt-online\/","name":"Buy 5 MEO-DALT Online - 5 MEO-DALT for Sale Online","isPartOf":{"@id":"https:\/\/nembutalhouse.com\/#website"},"primaryImageOfPage":{"@id":"https:\/\/nembutalhouse.com\/product\/buy-5-meo-dalt-online\/#primaryimage"},"image":{"@id":"https:\/\/nembutalhouse.com\/product\/buy-5-meo-dalt-online\/#primaryimage"},"thumbnailUrl":"https:\/\/nembutalhouse.com\/wp-content\/uploads\/2024\/10\/5-MEO-DALT.gif","datePublished":"2024-10-16T11:51:00+00:00","dateModified":"2026-02-26T12:59:06+00:00","description":"We are the leading store available with 5-meo-dalt for sale. If you wish to buy 5-meo-dalt online, contact us right away and get the order delivered. Order Now!","breadcrumb":{"@id":"https:\/\/nembutalhouse.com\/product\/buy-5-meo-dalt-online\/#breadcrumb"},"inLanguage":"sv-SE","potentialAction":[{"@type":"ReadAction","target":["https:\/\/nembutalhouse.com\/product\/buy-5-meo-dalt-online\/"]}]},{"@type":"ImageObject","inLanguage":"sv-SE","@id":"https:\/\/nembutalhouse.com\/product\/buy-5-meo-dalt-online\/#primaryimage","url":"https:\/\/nembutalhouse.com\/wp-content\/uploads\/2024\/10\/5-MEO-DALT.gif","contentUrl":"https:\/\/nembutalhouse.com\/wp-content\/uploads\/2024\/10\/5-MEO-DALT.gif","width":600,"height":600,"caption":"Buy 5-MEO-DALT Online"},{"@type":"BreadcrumbList","@id":"https:\/\/nembutalhouse.com\/product\/buy-5-meo-dalt-online\/#breadcrumb","itemListElement":[{"@type":"ListItem","position":1,"name":"Home","item":"https:\/\/nembutalhouse.com\/"},{"@type":"ListItem","position":2,"name":"Shop","item":"https:\/\/nembutalhouse.com\/shop\/"},{"@type":"ListItem","position":3,"name":"Buy 5-MEO-DALT Online"}]},{"@type":"WebSite","@id":"https:\/\/nembutalhouse.com\/#website","url":"https:\/\/nembutalhouse.com\/","name":"Nembutal House","description":"Best Nembutal Online Store","publisher":{"@id":"https:\/\/nembutalhouse.com\/#organization"},"potentialAction":[{"@type":"SearchAction","target":{"@type":"EntryPoint","urlTemplate":"https:\/\/nembutalhouse.com\/?s={search_term_string}"},"query-input":{"@type":"PropertyValueSpecification","valueRequired":true,"valueName":"search_term_string"}}],"inLanguage":"sv-SE"},{"@type":"Organization","@id":"https:\/\/nembutalhouse.com\/#organization","name":"Nembutal House","url":"https:\/\/nembutalhouse.com\/","logo":{"@type":"ImageObject","inLanguage":"sv-SE","@id":"https:\/\/nembutalhouse.com\/#\/schema\/logo\/image\/","url":"https:\/\/nembutalhouse.com\/wp-content\/uploads\/2022\/12\/logo.png","contentUrl":"https:\/\/nembutalhouse.com\/wp-content\/uploads\/2022\/12\/logo.png","width":344,"height":103,"caption":"Nembutal House"},"image":{"@id":"https:\/\/nembutalhouse.com\/#\/schema\/logo\/image\/"}}]}},"_links":{"self":[{"href":"https:\/\/nembutalhouse.com\/sv\/wp-json\/wp\/v2\/product\/1482","targetHints":{"allow":["GET"]}}],"collection":[{"href":"https:\/\/nembutalhouse.com\/sv\/wp-json\/wp\/v2\/product"}],"about":[{"href":"https:\/\/nembutalhouse.com\/sv\/wp-json\/wp\/v2\/types\/product"}],"replies":[{"embeddable":true,"href":"https:\/\/nembutalhouse.com\/sv\/wp-json\/wp\/v2\/comments?post=1482"}],"wp:featuredmedia":[{"embeddable":true,"href":"https:\/\/nembutalhouse.com\/sv\/wp-json\/wp\/v2\/media\/1564"}],"wp:attachment":[{"href":"https:\/\/nembutalhouse.com\/sv\/wp-json\/wp\/v2\/media?parent=1482"}],"wp:term":[{"taxonomy":"product_cat","embeddable":true,"href":"https:\/\/nembutalhouse.com\/sv\/wp-json\/wp\/v2\/product_cat?post=1482"},{"taxonomy":"product_tag","embeddable":true,"href":"https:\/\/nembutalhouse.com\/sv\/wp-json\/wp\/v2\/product_tag?post=1482"}],"curies":[{"name":"wp","href":"https:\/\/api.w.org\/{rel}","templated":true}]}}