{"id":1479,"date":"2024-10-16T11:51:00","date_gmt":"2024-10-16T11:51:00","guid":{"rendered":"https:\/\/nembutalhouse.com\/?post_type=product&#038;p=1479"},"modified":"2026-02-26T12:56:27","modified_gmt":"2026-02-26T12:56:27","slug":"buy-4-fluorococaine-4-fc-online","status":"publish","type":"product","link":"https:\/\/nembutalhouse.com\/sv\/produkt\/buy-4-fluorococaine-4-fc-online\/","title":{"rendered":"Buy 4-Fluorococaine (4-FC) Online"},"content":{"rendered":"<h2>Buy 4-Fluorococaine (4-FC) Online<\/h2>\n<p>Det h\u00e4mmar \u00e5terupptaget av dopamin, men \u00e4r en mycket starkare serotonin\u00e5terupptagsh\u00e4mmare. Detta har lett till olika resultat i djurstudier.<\/p>\n<p>4Fluorokokain har samma potential som kokain, men kan vara mycket kraftfullare till f\u00f6ljd av det starkare \u00e5terupptaget av serotonin. <a href=\"https:\/\/en.wikipedia.org\/wiki\/4%E2%80%B2-Fluorococaine\">4Fluorokokain<\/a> kan d\u00e4rf\u00f6r inte j\u00e4mf\u00f6ras med CFT eller 2\u2032-hydroxianalog salicylmetylylecgonin<\/p>\n<h3>Systematiskt (IUPAC) namn<\/h3>\n<p>methyl (1R,2R,3S,5S)-3-<a href=\"https:\/\/nembutalhouse.com\/sv\/produkt\/buy-4-fluorococaine-4-fc-online\/\">(4-fluorobenzoyloxy)<\/a>-8-methyl-8-azabicyclo[3.2.1] octane-2-carboxylate<\/p>\n<p>Kliniska data<\/p>\n<p>Graviditetskatt...?<\/p>\n<p>R\u00e4ttslig status?<\/p>\n<p>Identifierare<\/p>\n<p>CAS-nummer 134507-62-3<\/p>\n<p>ATC-kod?<\/p>\n<p>PubChem CID 126112<\/p>\n<p>ChemSpider 112124 Ja<\/p>\n<p>Kemiska data<\/p>\n<p>Formel C17H20FNO4<\/p>\n<p>Molvikt 321,343<\/p>\n<h3>KEMIKALIER F\u00d6R NEMBUTALHUS<\/h3>\n<h3>VI LEVERERAR FORSKNINGSKEMIKALIER \u00d6VER HELA V\u00c4RLDEN<\/h3>\n<p>p\u00e5litliga, kontrollerade, verifierade, s\u00e4kra och auktoriserade leverant\u00f6rer av forskningskemikalier<\/p>\n<p>Vi presenterar NembutalHouse , en v\u00e4lrenommerad leverant\u00f6r av forskningskemikalier som tillhandah\u00e5ller banbrytande material f\u00f6r dina projekt. Du beh\u00f6ver en leverant\u00f6r som du kan lita p\u00e5 f\u00f6r att erbjuda kemikalier som \u00e4r 100% \u00e4kta och rena, och du kan vara positiv till detta n\u00e4r du arbetar med oss. Vi \u00e4r mycket stolta \u00f6ver v\u00e5rt rykte som en av de mest v\u00e4lrenommerade leverant\u00f6rerna i internetbranschen, som vi har byggt upp genom v\u00e5rt engagemang f\u00f6r kvalitet och vetenskaplig integritet.<\/p>\n<p>V\u00e5ra kunder kan dra nytta av v\u00e5ra olika betalningsalternativ, p\u00e5litlig leverans och det bredaste urvalet av forskningskemikalier. P\u00e5 s\u00e5 s\u00e4tt kan vi hj\u00e4lpa flera forskare \u00f6ver alla kontinenter att hitta de ovanliga och s\u00e4llan studerade forskningsresurserna som regelbundet kan p\u00e5verka forskning som bedrivs inom fysik, kemi, biologi eller farmakologi. Vi s\u00f6ker st\u00e4ndigt efter metoder f\u00f6r att f\u00f6rb\u00e4ttra v\u00e5rt erbjudande och, n\u00e4r s\u00e5 \u00e4r m\u00f6jligt, l\u00e4gga till nya forskningskemikalier till v\u00e5r produktlista f\u00f6r att uppfylla v\u00e5rt syfte.<\/p>\n<p>Beroende p\u00e5 deras omedelbara behov kan v\u00e5ra kunder g\u00f6ra st\u00f6rre eller mindre best\u00e4llningar. Vi str\u00e4var efter att vara inkluderande och ta h\u00e4nsyn till de \u00f6nskem\u00e5l som v\u00e5ra kunder \u00f6ver hela v\u00e4rlden uttrycker, f\u00f6rutom att tillhandah\u00e5lla forskningskemikalier som v\u00e5ra kunder specifikt vill ha. V\u00e5rt slutm\u00e5l \u00e4r att underl\u00e4tta forskarsamh\u00e4llets tillg\u00e5ng till prisv\u00e4rda, h\u00f6gkvalitativa forskningskemikalier samtidigt som vi fr\u00e4mjar kunskapen p\u00e5 ett tekniskt s\u00e4tt.<\/p>\n<p>Please be advised that research products are delivered by <a href=\"https:\/\/nembutalhouse.com\/sv\/\">NembutalHouse<\/a> Company.<\/p>\n<p>Observera att NembutalHouse Company endast till\u00e5ter strikt anv\u00e4ndning av sina forskningsvaror f\u00f6r legitima vetenskapliga studier som utf\u00f6rs i en s\u00e4ker, kontrollerad laboratoriemilj\u00f6 i enlighet med lokala lagar och f\u00f6rordningar. V\u00e5ra artiklar \u00e4r str\u00e4ngt f\u00f6rbjudna f\u00f6r m\u00e4nsklig konsumtion, oavsett vad.<\/p>\n<p>First Research Chemical Store, Inc.<\/p>\n<p>4-benzokokain (4-FC)<\/p>","protected":false},"excerpt":{"rendered":"<p>Buy 4-Fluorococaine (4-FC) Online It inhibits a reuptake of dopamine, but is a much stronger serotonin reuptake inhibitor. This has lead to various results in animal studies. 4Fluorococaine has the&hellip;<\/p>","protected":false},"featured_media":1571,"comment_status":"open","ping_status":"closed","template":"","meta":{"_joinchat":[]},"product_cat":[181],"product_tag":[1758,1776,1753,1764,1765,1768,1754,1774,1775,1773,1772,1761,1751,1763,1752,1770,1767,1760,1756,1757,1771,1769,1766,1759,1762,1755],"class_list":{"0":"post-1479","1":"product","2":"type-product","3":"status-publish","4":"has-post-thumbnail","6":"product_cat-cocaine","7":"product_tag-4fluorococaine-powder","8":"product_tag-4fluorococaine-powder-for-cleaning","9":"product_tag-4fluorococaine-powder-for-sale","10":"product_tag-4fluorococaine-powder-online","11":"product_tag-4fluorococaine-powder-price","12":"product_tag-4fluorococaine-powder-store","13":"product_tag-4fluorococaine-powder-supplier","14":"product_tag-4fluorococaine-powder-use","15":"product_tag-4fluorococaine-powder-wiki","16":"product_tag-4fluorococaine-powder-worldwide","17":"product_tag-best-cheap-price-4fluorococaine-powder","18":"product_tag-best-place-to-buy-4fluorococaine-powder","19":"product_tag-buy-4fluorococaine-powder","20":"product_tag-buy-4fluorococaine-powder-legally","21":"product_tag-buy-4fluorococaine-powder-online","22":"product_tag-cheap-4fluorococaine-powder","23":"product_tag-high-quality-4fluorococaine-powder","24":"product_tag-how-to-buy-4fluorococaine-powder","25":"product_tag-order-4fluorococaine-powder","26":"product_tag-order-4fluorococaine-powder-online","27":"product_tag-purcharse-4fluorococaine-powder-powder","28":"product_tag-shop-4fluorococaine-powder","29":"product_tag-top-quality-4fluorococaine-powder","30":"product_tag-where-to-buy-4fluorococaine-powder","31":"product_tag-where-to-order-4fluorococaine-powder","32":"product_tag-wholesale-4fluorococaine-powder-bulk-online","34":"first","35":"instock","36":"shipping-taxable","37":"purchasable","38":"product-type-variable"},"yoast_head":"<!-- This site is optimized with the Yoast SEO plugin v24.1 - https:\/\/yoast.com\/wordpress\/plugins\/seo\/ -->\n<title>Buy 4Fluorococaine Online - 4Fluorococaine for Sale Online<\/title>\n<meta name=\"description\" content=\"Here is the chance to grab 4fluorococaine for sale at cheap prices. Our online NembutalHouse store is selling 4fluorococaine worldwide. Order to buy 4fluorococaine online soon.\" \/>\n<meta name=\"robots\" content=\"index, follow, max-snippet:-1, max-image-preview:large, max-video-preview:-1\" \/>\n<link rel=\"canonical\" href=\"https:\/\/nembutalhouse.com\/sv\/produkt\/buy-4-fluorococaine-4-fc-online\/\" \/>\n<meta property=\"og:locale\" content=\"sv_SE\" \/>\n<meta property=\"og:type\" content=\"article\" \/>\n<meta property=\"og:title\" content=\"Buy 4Fluorococaine Online - 4Fluorococaine for Sale Online\" \/>\n<meta property=\"og:description\" content=\"Here is the chance to grab 4fluorococaine for sale at cheap prices. Our online NembutalHouse store is selling 4fluorococaine worldwide. Order to buy 4fluorococaine online soon.\" \/>\n<meta property=\"og:url\" content=\"https:\/\/nembutalhouse.com\/sv\/produkt\/buy-4-fluorococaine-4-fc-online\/\" \/>\n<meta property=\"og:site_name\" content=\"Nembutal House\" \/>\n<meta property=\"article:modified_time\" content=\"2026-02-26T12:56:27+00:00\" \/>\n<meta property=\"og:image\" content=\"https:\/\/nembutalhouse.com\/wp-content\/uploads\/2024\/10\/4fluorococaine.gif\" \/>\n\t<meta property=\"og:image:width\" content=\"600\" \/>\n\t<meta property=\"og:image:height\" content=\"600\" \/>\n\t<meta property=\"og:image:type\" content=\"image\/gif\" \/>\n<meta name=\"twitter:card\" content=\"summary_large_image\" \/>\n<meta name=\"twitter:label1\" content=\"Ber\u00e4knad l\u00e4stid\" \/>\n\t<meta name=\"twitter:data1\" content=\"2 minuter\" \/>\n<script type=\"application\/ld+json\" class=\"yoast-schema-graph\">{\"@context\":\"https:\/\/schema.org\",\"@graph\":[{\"@type\":\"WebPage\",\"@id\":\"https:\/\/nembutalhouse.com\/product\/buy-4-fluorococaine-4-fc-online\/\",\"url\":\"https:\/\/nembutalhouse.com\/product\/buy-4-fluorococaine-4-fc-online\/\",\"name\":\"Buy 4Fluorococaine Online - 4Fluorococaine for Sale Online\",\"isPartOf\":{\"@id\":\"https:\/\/nembutalhouse.com\/#website\"},\"primaryImageOfPage\":{\"@id\":\"https:\/\/nembutalhouse.com\/product\/buy-4-fluorococaine-4-fc-online\/#primaryimage\"},\"image\":{\"@id\":\"https:\/\/nembutalhouse.com\/product\/buy-4-fluorococaine-4-fc-online\/#primaryimage\"},\"thumbnailUrl\":\"https:\/\/nembutalhouse.com\/wp-content\/uploads\/2024\/10\/4fluorococaine.gif\",\"datePublished\":\"2024-10-16T11:51:00+00:00\",\"dateModified\":\"2026-02-26T12:56:27+00:00\",\"description\":\"Here is the chance to grab 4fluorococaine for sale at cheap prices. Our online NembutalHouse store is selling 4fluorococaine worldwide. Order to buy 4fluorococaine online soon.\",\"breadcrumb\":{\"@id\":\"https:\/\/nembutalhouse.com\/product\/buy-4-fluorococaine-4-fc-online\/#breadcrumb\"},\"inLanguage\":\"sv-SE\",\"potentialAction\":[{\"@type\":\"ReadAction\",\"target\":[\"https:\/\/nembutalhouse.com\/product\/buy-4-fluorococaine-4-fc-online\/\"]}]},{\"@type\":\"ImageObject\",\"inLanguage\":\"sv-SE\",\"@id\":\"https:\/\/nembutalhouse.com\/product\/buy-4-fluorococaine-4-fc-online\/#primaryimage\",\"url\":\"https:\/\/nembutalhouse.com\/wp-content\/uploads\/2024\/10\/4fluorococaine.gif\",\"contentUrl\":\"https:\/\/nembutalhouse.com\/wp-content\/uploads\/2024\/10\/4fluorococaine.gif\",\"width\":600,\"height\":600,\"caption\":\"Buy 4-Fluorococaine (4-FC) Online\"},{\"@type\":\"BreadcrumbList\",\"@id\":\"https:\/\/nembutalhouse.com\/product\/buy-4-fluorococaine-4-fc-online\/#breadcrumb\",\"itemListElement\":[{\"@type\":\"ListItem\",\"position\":1,\"name\":\"Home\",\"item\":\"https:\/\/nembutalhouse.com\/\"},{\"@type\":\"ListItem\",\"position\":2,\"name\":\"Shop\",\"item\":\"https:\/\/nembutalhouse.com\/shop\/\"},{\"@type\":\"ListItem\",\"position\":3,\"name\":\"Buy 4-Fluorococaine (4-FC) Online\"}]},{\"@type\":\"WebSite\",\"@id\":\"https:\/\/nembutalhouse.com\/#website\",\"url\":\"https:\/\/nembutalhouse.com\/\",\"name\":\"Nembutal House\",\"description\":\"Best Nembutal Online Store\",\"publisher\":{\"@id\":\"https:\/\/nembutalhouse.com\/#organization\"},\"potentialAction\":[{\"@type\":\"SearchAction\",\"target\":{\"@type\":\"EntryPoint\",\"urlTemplate\":\"https:\/\/nembutalhouse.com\/?s={search_term_string}\"},\"query-input\":{\"@type\":\"PropertyValueSpecification\",\"valueRequired\":true,\"valueName\":\"search_term_string\"}}],\"inLanguage\":\"sv-SE\"},{\"@type\":\"Organization\",\"@id\":\"https:\/\/nembutalhouse.com\/#organization\",\"name\":\"Nembutal House\",\"url\":\"https:\/\/nembutalhouse.com\/\",\"logo\":{\"@type\":\"ImageObject\",\"inLanguage\":\"sv-SE\",\"@id\":\"https:\/\/nembutalhouse.com\/#\/schema\/logo\/image\/\",\"url\":\"https:\/\/nembutalhouse.com\/wp-content\/uploads\/2022\/12\/logo.png\",\"contentUrl\":\"https:\/\/nembutalhouse.com\/wp-content\/uploads\/2022\/12\/logo.png\",\"width\":344,\"height\":103,\"caption\":\"Nembutal House\"},\"image\":{\"@id\":\"https:\/\/nembutalhouse.com\/#\/schema\/logo\/image\/\"}}]}<\/script>\n<!-- \/ Yoast SEO plugin. -->","yoast_head_json":{"title":"Buy 4Fluorococaine Online - 4Fluorococaine for Sale Online","description":"Here is the chance to grab 4fluorococaine for sale at cheap prices. Our online NembutalHouse store is selling 4fluorococaine worldwide. Order to buy 4fluorococaine online soon.","robots":{"index":"index","follow":"follow","max-snippet":"max-snippet:-1","max-image-preview":"max-image-preview:large","max-video-preview":"max-video-preview:-1"},"canonical":"https:\/\/nembutalhouse.com\/sv\/produkt\/buy-4-fluorococaine-4-fc-online\/","og_locale":"sv_SE","og_type":"article","og_title":"Buy 4Fluorococaine Online - 4Fluorococaine for Sale Online","og_description":"Here is the chance to grab 4fluorococaine for sale at cheap prices. Our online NembutalHouse store is selling 4fluorococaine worldwide. Order to buy 4fluorococaine online soon.","og_url":"https:\/\/nembutalhouse.com\/sv\/produkt\/buy-4-fluorococaine-4-fc-online\/","og_site_name":"Nembutal House","article_modified_time":"2026-02-26T12:56:27+00:00","og_image":[{"width":600,"height":600,"url":"https:\/\/nembutalhouse.com\/wp-content\/uploads\/2024\/10\/4fluorococaine.gif","type":"image\/gif"}],"twitter_card":"summary_large_image","twitter_misc":{"Ber\u00e4knad l\u00e4stid":"2 minuter"},"schema":{"@context":"https:\/\/schema.org","@graph":[{"@type":"WebPage","@id":"https:\/\/nembutalhouse.com\/product\/buy-4-fluorococaine-4-fc-online\/","url":"https:\/\/nembutalhouse.com\/product\/buy-4-fluorococaine-4-fc-online\/","name":"Buy 4Fluorococaine Online - 4Fluorococaine for Sale Online","isPartOf":{"@id":"https:\/\/nembutalhouse.com\/#website"},"primaryImageOfPage":{"@id":"https:\/\/nembutalhouse.com\/product\/buy-4-fluorococaine-4-fc-online\/#primaryimage"},"image":{"@id":"https:\/\/nembutalhouse.com\/product\/buy-4-fluorococaine-4-fc-online\/#primaryimage"},"thumbnailUrl":"https:\/\/nembutalhouse.com\/wp-content\/uploads\/2024\/10\/4fluorococaine.gif","datePublished":"2024-10-16T11:51:00+00:00","dateModified":"2026-02-26T12:56:27+00:00","description":"Here is the chance to grab 4fluorococaine for sale at cheap prices. Our online NembutalHouse store is selling 4fluorococaine worldwide. Order to buy 4fluorococaine online soon.","breadcrumb":{"@id":"https:\/\/nembutalhouse.com\/product\/buy-4-fluorococaine-4-fc-online\/#breadcrumb"},"inLanguage":"sv-SE","potentialAction":[{"@type":"ReadAction","target":["https:\/\/nembutalhouse.com\/product\/buy-4-fluorococaine-4-fc-online\/"]}]},{"@type":"ImageObject","inLanguage":"sv-SE","@id":"https:\/\/nembutalhouse.com\/product\/buy-4-fluorococaine-4-fc-online\/#primaryimage","url":"https:\/\/nembutalhouse.com\/wp-content\/uploads\/2024\/10\/4fluorococaine.gif","contentUrl":"https:\/\/nembutalhouse.com\/wp-content\/uploads\/2024\/10\/4fluorococaine.gif","width":600,"height":600,"caption":"Buy 4-Fluorococaine (4-FC) Online"},{"@type":"BreadcrumbList","@id":"https:\/\/nembutalhouse.com\/product\/buy-4-fluorococaine-4-fc-online\/#breadcrumb","itemListElement":[{"@type":"ListItem","position":1,"name":"Home","item":"https:\/\/nembutalhouse.com\/"},{"@type":"ListItem","position":2,"name":"Shop","item":"https:\/\/nembutalhouse.com\/shop\/"},{"@type":"ListItem","position":3,"name":"Buy 4-Fluorococaine (4-FC) Online"}]},{"@type":"WebSite","@id":"https:\/\/nembutalhouse.com\/#website","url":"https:\/\/nembutalhouse.com\/","name":"Nembutal House","description":"Best Nembutal Online Store","publisher":{"@id":"https:\/\/nembutalhouse.com\/#organization"},"potentialAction":[{"@type":"SearchAction","target":{"@type":"EntryPoint","urlTemplate":"https:\/\/nembutalhouse.com\/?s={search_term_string}"},"query-input":{"@type":"PropertyValueSpecification","valueRequired":true,"valueName":"search_term_string"}}],"inLanguage":"sv-SE"},{"@type":"Organization","@id":"https:\/\/nembutalhouse.com\/#organization","name":"Nembutal House","url":"https:\/\/nembutalhouse.com\/","logo":{"@type":"ImageObject","inLanguage":"sv-SE","@id":"https:\/\/nembutalhouse.com\/#\/schema\/logo\/image\/","url":"https:\/\/nembutalhouse.com\/wp-content\/uploads\/2022\/12\/logo.png","contentUrl":"https:\/\/nembutalhouse.com\/wp-content\/uploads\/2022\/12\/logo.png","width":344,"height":103,"caption":"Nembutal House"},"image":{"@id":"https:\/\/nembutalhouse.com\/#\/schema\/logo\/image\/"}}]}},"_links":{"self":[{"href":"https:\/\/nembutalhouse.com\/sv\/wp-json\/wp\/v2\/product\/1479","targetHints":{"allow":["GET"]}}],"collection":[{"href":"https:\/\/nembutalhouse.com\/sv\/wp-json\/wp\/v2\/product"}],"about":[{"href":"https:\/\/nembutalhouse.com\/sv\/wp-json\/wp\/v2\/types\/product"}],"replies":[{"embeddable":true,"href":"https:\/\/nembutalhouse.com\/sv\/wp-json\/wp\/v2\/comments?post=1479"}],"wp:featuredmedia":[{"embeddable":true,"href":"https:\/\/nembutalhouse.com\/sv\/wp-json\/wp\/v2\/media\/1571"}],"wp:attachment":[{"href":"https:\/\/nembutalhouse.com\/sv\/wp-json\/wp\/v2\/media?parent=1479"}],"wp:term":[{"taxonomy":"product_cat","embeddable":true,"href":"https:\/\/nembutalhouse.com\/sv\/wp-json\/wp\/v2\/product_cat?post=1479"},{"taxonomy":"product_tag","embeddable":true,"href":"https:\/\/nembutalhouse.com\/sv\/wp-json\/wp\/v2\/product_tag?post=1479"}],"curies":[{"name":"wp","href":"https:\/\/api.w.org\/{rel}","templated":true}]}}