{"id":1397,"date":"2024-10-16T11:50:38","date_gmt":"2024-10-16T11:50:38","guid":{"rendered":"https:\/\/nembutalhouse.com\/?post_type=product&#038;p=1397"},"modified":"2026-03-06T10:10:56","modified_gmt":"2026-03-06T10:10:56","slug":"buy-mdphp-free-base-online","status":"publish","type":"product","link":"https:\/\/nembutalhouse.com\/sv\/produkt\/buy-mdphp-free-base-online\/","title":{"rendered":"K\u00f6p MDPHP Free-Base online"},"content":{"rendered":"<h2>K\u00f6p MDPHP Free-Base online<\/h2>\n<p><a href=\"https:\/\/nembutalhouse.com\/sv\/produkt\/buy-mdphp-free-base-online\/\">Buy MDPHP<\/a> \u00e4r en n\u00e4ra sl\u00e4kting till det mer v\u00e4lk\u00e4nda stimulerande medlet MDPV, som ursprungligen utvecklades av ett tyskt l\u00e4kemedelsf\u00f6retag p\u00e5 1960-talet.<\/p>\n<p>\u00c4ven k\u00e4nd som (3\u2032,4\u2032-metylendioxy-\u03b1-pyrrolidinohexiofenon) eller \"Monkey Dust\" MDPHP fungerar som en noradrenalin-dopamin\u00e5terupptagsh\u00e4mmare (NDRI), och i hydroklorid (HCL) -tillst\u00e5nd liknar ett mycket fint kristallint pulver. En betydande m\u00e4ngd information om <a href=\"https:\/\/en.wikipedia.org\/wiki\/MDPHP\">MDPHP<\/a> och dess effekter rapporteras i studier som finns p\u00e5 olika internetforum och vetenskapliga studier, men n\u00e4r det g\u00e4ller framtida laglighet och eventuell inkludering i Opium Act \u00e4r det fortfarande oklart. F\u00f6r n\u00e4rvarande \u00e4r det fortfarande lagligt i stora delar av Europa, s\u00e5 p\u00e5 Chemical Planet \u00e4r vi glada att kunna erbjuda MDPHP-pulver av laboratoriekvalitet f\u00f6r dina forsknings\u00e4ndam\u00e5l. Ytterligare teknisk information listas nedan f\u00f6r ditt n\u00f6je att titta p\u00e5!<\/p>\n<p>IUPAC-namn: 3\u2032,4\u2032-metylendioxy-\u03b1-pyrrolidinohexiofenon<\/p>\n<p>CAS #: 776994-64-0<\/p>\n<p>Form: Fri databas<\/p>\n<p>NMR-analys: C17H23NO3<\/p>\n<p>S\u00e4kerhets\u00e5tg\u00e4rder<\/p>\n<p>Det rekommenderas att handskar, glas\u00f6gon och andningsskydd anv\u00e4nds vid hantering av MDPHP-pulver i laboratoriet, eftersom det \u00e4r ett fint pulver som l\u00e4tt kan bli luftburet och inandas av misstag.&gt;<\/p>\n<p>I h\u00e4ndelse av oavsiktlig exponering rekommenderas att du visar produktetiketten (som inneh\u00e5ller IUPAC- och CAS-information) f\u00f6r sjukv\u00e5rdspersonal.<\/p>\n<p>Oavsiktlig kontakt med \u00f6gonen ska behandlas omedelbart genom noggrann sk\u00f6ljning med vatten efter att kontaktlinserna tagits ut.<\/p>\n<h3>Var kan jag k\u00f6pa MDPHP?<\/h3>\n<p>Vid <a href=\"https:\/\/nembutalhouse.com\/sv\/\">NembutalHouse<\/a>erbjuder vi stolt den h\u00f6gsta tillg\u00e4ngliga kvaliteten, laboratoriekvalitet MDPHP. NembutalHo<a href=\"https:\/\/nembutalhouse.com\/sv\/\">anv\u00e4ndning<\/a> \u00e4r det fr\u00e4msta alternativet f\u00f6r dem som vill k\u00f6pa forskningskemikalier. Vi testar strikt GC MS alla v\u00e5ra lager innan vi sl\u00e4pper ut till f\u00f6rs\u00e4ljning.<\/p>\n<p>Observera att du m\u00e5ste vara minst 18 \u00e5r eller \u00e4ldre f\u00f6r att k\u00f6pa MDPHP fr\u00e5n NembutalHouse. Alla forskningskemikalier som s\u00e4ljs \u00e4r endast avsedda f\u00f6r anv\u00e4ndning i laboratoriebaserad forskning och absolut inte f\u00f6r konsumtion.<\/p>\n<h3>\u00c4r MDPHP lagligt?<\/h3>\n<p>N\u00e4r det g\u00e4ller lagligheten av MDPHP rekommenderar vi starkt att du h\u00e4nvisar till l\u00e4mplig lagstiftning i ditt bos\u00e4ttningsland\/leveransadress.<\/p>\n<p>Vi g\u00f6r allt vi kan f\u00f6r att minimera risken f\u00f6r v\u00e5ra kunder med v\u00e5ra aktiva fraktrestriktioner.<\/p>\n<p>MEN lagstiftningen utvecklas st\u00e4ndigt globalt och NembutalHouse kan inte ta p\u00e5 sig n\u00e5got ansvar om komplikationer skulle uppst\u00e5. I slut\u00e4ndan \u00e4r det k\u00f6parens ansvar att se till att produkten inte bryter mot n\u00e5gra lagar eller lagstiftning i leveransdestinationen.<\/p>","protected":false},"excerpt":{"rendered":"<p>K\u00f6p MDPHP Free-Base Online K\u00f6p MDPHP \u00e4r en n\u00e4ra sl\u00e4kting till ett mer v\u00e4lk\u00e4nt stimulerande MDPV som ursprungligen utvecklades av ett tyskt l\u00e4kemedelsf\u00f6retag p\u00e5 1960-talet. Ocks\u00e5 k\u00e4nd ...<\/p>","protected":false},"featured_media":1549,"comment_status":"open","ping_status":"closed","template":"","meta":{"_joinchat":[]},"product_cat":[188],"product_tag":[1396,1385,1375,1387,1376,1402,1394,1391,1384,1382,1377,1388,1401,1400,1403,1392,1398,1399,1397,1389,1378,1380,1381,1404,1395,1393,1390,1383,1386,1379],"class_list":{"0":"post-1397","1":"product","2":"type-product","3":"status-publish","4":"has-post-thumbnail","6":"product_cat-stimulants","7":"product_tag-best-cheap-price-mdphp-free-base-powder","8":"product_tag-best-place-to-buy-mdphp-free-base","9":"product_tag-buy-mdphp-free-base","10":"product_tag-buy-mdphp-free-base-legally","11":"product_tag-buy-mdphp-free-base-online","12":"product_tag-buy-mdphp-free-base-powder-online","13":"product_tag-cheap-mdphp-free-base-powders","14":"product_tag-high-quality-mdphp-free-base-powder","15":"product_tag-how-to-buy-mdphp-free-base","16":"product_tag-mdphp-free-base","17":"product_tag-mdphp-free-base-for-sale","18":"product_tag-mdphp-free-base-online","19":"product_tag-mdphp-free-base-powder","20":"product_tag-mdphp-free-base-powder-for-cleaning","21":"product_tag-mdphp-free-base-powder-for-sale","22":"product_tag-mdphp-free-base-powder-store","23":"product_tag-mdphp-free-base-powder-use","24":"product_tag-mdphp-free-base-powder-wiki","25":"product_tag-mdphp-free-base-powder-worldwide","26":"product_tag-mdphp-free-base-price","27":"product_tag-mdphp-free-base-supplier","28":"product_tag-order-mdphp-free-base","29":"product_tag-order-mdphp-free-base-online","30":"product_tag-order-mdphp-free-base-powder","31":"product_tag-purcharse-mdphp-free-base-powder-powder","32":"product_tag-shop-mdphp-free-base-powder","33":"product_tag-top-quality-mdphp-free-base","34":"product_tag-where-to-buy-mdphp-free-base","35":"product_tag-where-to-order-mdphp-free-base","36":"product_tag-wholesale-mdphp-free-base-bulk-online","38":"first","39":"instock","40":"shipping-taxable","41":"purchasable","42":"product-type-variable"},"yoast_head":"<!-- This site is optimized with the Yoast SEO plugin v24.1 - https:\/\/yoast.com\/wordpress\/plugins\/seo\/ -->\n<title>Buy MDPHP Free Base Online - MDPHP Free Base for Sale | NH<\/title>\n<meta name=\"description\" content=\"You can get in touch with our online store and buy mdphp free base online. We have mdphp free base for sale at cheap prices. Get yours at your place right away!\" \/>\n<meta name=\"robots\" content=\"index, follow, max-snippet:-1, max-image-preview:large, max-video-preview:-1\" \/>\n<link rel=\"canonical\" href=\"https:\/\/nembutalhouse.com\/sv\/produkt\/buy-mdphp-free-base-online\/\" \/>\n<meta property=\"og:locale\" content=\"sv_SE\" \/>\n<meta property=\"og:type\" content=\"article\" \/>\n<meta property=\"og:title\" content=\"Buy MDPHP Free Base Online - MDPHP Free Base for Sale | NH\" \/>\n<meta property=\"og:description\" content=\"You can get in touch with our online store and buy mdphp free base online. We have mdphp free base for sale at cheap prices. Get yours at your place right away!\" \/>\n<meta property=\"og:url\" content=\"https:\/\/nembutalhouse.com\/sv\/produkt\/buy-mdphp-free-base-online\/\" \/>\n<meta property=\"og:site_name\" content=\"Nembutal House\" \/>\n<meta property=\"article:modified_time\" content=\"2026-03-06T10:10:56+00:00\" \/>\n<meta property=\"og:image\" content=\"https:\/\/nembutalhouse.com\/wp-content\/uploads\/2024\/10\/Mdphp-free-base.gif\" \/>\n\t<meta property=\"og:image:width\" content=\"600\" \/>\n\t<meta property=\"og:image:height\" content=\"600\" \/>\n\t<meta property=\"og:image:type\" content=\"image\/gif\" \/>\n<meta name=\"twitter:card\" content=\"summary_large_image\" \/>\n<meta name=\"twitter:label1\" content=\"Ber\u00e4knad l\u00e4stid\" \/>\n\t<meta name=\"twitter:data1\" content=\"2 minuter\" \/>\n<script type=\"application\/ld+json\" class=\"yoast-schema-graph\">{\"@context\":\"https:\/\/schema.org\",\"@graph\":[{\"@type\":\"WebPage\",\"@id\":\"https:\/\/nembutalhouse.com\/product\/buy-mdphp-free-base-online\/\",\"url\":\"https:\/\/nembutalhouse.com\/product\/buy-mdphp-free-base-online\/\",\"name\":\"Buy MDPHP Free Base Online - MDPHP Free Base for Sale | NH\",\"isPartOf\":{\"@id\":\"https:\/\/nembutalhouse.com\/#website\"},\"primaryImageOfPage\":{\"@id\":\"https:\/\/nembutalhouse.com\/product\/buy-mdphp-free-base-online\/#primaryimage\"},\"image\":{\"@id\":\"https:\/\/nembutalhouse.com\/product\/buy-mdphp-free-base-online\/#primaryimage\"},\"thumbnailUrl\":\"https:\/\/nembutalhouse.com\/wp-content\/uploads\/2024\/10\/Mdphp-free-base.gif\",\"datePublished\":\"2024-10-16T11:50:38+00:00\",\"dateModified\":\"2026-03-06T10:10:56+00:00\",\"description\":\"You can get in touch with our online store and buy mdphp free base online. We have mdphp free base for sale at cheap prices. Get yours at your place right away!\",\"breadcrumb\":{\"@id\":\"https:\/\/nembutalhouse.com\/product\/buy-mdphp-free-base-online\/#breadcrumb\"},\"inLanguage\":\"sv-SE\",\"potentialAction\":[{\"@type\":\"ReadAction\",\"target\":[\"https:\/\/nembutalhouse.com\/product\/buy-mdphp-free-base-online\/\"]}]},{\"@type\":\"ImageObject\",\"inLanguage\":\"sv-SE\",\"@id\":\"https:\/\/nembutalhouse.com\/product\/buy-mdphp-free-base-online\/#primaryimage\",\"url\":\"https:\/\/nembutalhouse.com\/wp-content\/uploads\/2024\/10\/Mdphp-free-base.gif\",\"contentUrl\":\"https:\/\/nembutalhouse.com\/wp-content\/uploads\/2024\/10\/Mdphp-free-base.gif\",\"width\":600,\"height\":600,\"caption\":\"Buy MDPHP Free-Base Online\"},{\"@type\":\"BreadcrumbList\",\"@id\":\"https:\/\/nembutalhouse.com\/product\/buy-mdphp-free-base-online\/#breadcrumb\",\"itemListElement\":[{\"@type\":\"ListItem\",\"position\":1,\"name\":\"Home\",\"item\":\"https:\/\/nembutalhouse.com\/\"},{\"@type\":\"ListItem\",\"position\":2,\"name\":\"Shop\",\"item\":\"https:\/\/nembutalhouse.com\/shop\/\"},{\"@type\":\"ListItem\",\"position\":3,\"name\":\"Buy MDPHP Free-Base Online\"}]},{\"@type\":\"WebSite\",\"@id\":\"https:\/\/nembutalhouse.com\/#website\",\"url\":\"https:\/\/nembutalhouse.com\/\",\"name\":\"Nembutal House\",\"description\":\"Best Nembutal Online Store\",\"publisher\":{\"@id\":\"https:\/\/nembutalhouse.com\/#organization\"},\"potentialAction\":[{\"@type\":\"SearchAction\",\"target\":{\"@type\":\"EntryPoint\",\"urlTemplate\":\"https:\/\/nembutalhouse.com\/?s={search_term_string}\"},\"query-input\":{\"@type\":\"PropertyValueSpecification\",\"valueRequired\":true,\"valueName\":\"search_term_string\"}}],\"inLanguage\":\"sv-SE\"},{\"@type\":\"Organization\",\"@id\":\"https:\/\/nembutalhouse.com\/#organization\",\"name\":\"Nembutal House\",\"url\":\"https:\/\/nembutalhouse.com\/\",\"logo\":{\"@type\":\"ImageObject\",\"inLanguage\":\"sv-SE\",\"@id\":\"https:\/\/nembutalhouse.com\/#\/schema\/logo\/image\/\",\"url\":\"https:\/\/nembutalhouse.com\/wp-content\/uploads\/2022\/12\/logo.png\",\"contentUrl\":\"https:\/\/nembutalhouse.com\/wp-content\/uploads\/2022\/12\/logo.png\",\"width\":344,\"height\":103,\"caption\":\"Nembutal House\"},\"image\":{\"@id\":\"https:\/\/nembutalhouse.com\/#\/schema\/logo\/image\/\"}}]}<\/script>\n<!-- \/ Yoast SEO plugin. -->","yoast_head_json":{"title":"Buy MDPHP Free Base Online - MDPHP Free Base for Sale | NH","description":"You can get in touch with our online store and buy mdphp free base online. We have mdphp free base for sale at cheap prices. Get yours at your place right away!","robots":{"index":"index","follow":"follow","max-snippet":"max-snippet:-1","max-image-preview":"max-image-preview:large","max-video-preview":"max-video-preview:-1"},"canonical":"https:\/\/nembutalhouse.com\/sv\/produkt\/buy-mdphp-free-base-online\/","og_locale":"sv_SE","og_type":"article","og_title":"Buy MDPHP Free Base Online - MDPHP Free Base for Sale | NH","og_description":"You can get in touch with our online store and buy mdphp free base online. We have mdphp free base for sale at cheap prices. Get yours at your place right away!","og_url":"https:\/\/nembutalhouse.com\/sv\/produkt\/buy-mdphp-free-base-online\/","og_site_name":"Nembutal House","article_modified_time":"2026-03-06T10:10:56+00:00","og_image":[{"width":600,"height":600,"url":"https:\/\/nembutalhouse.com\/wp-content\/uploads\/2024\/10\/Mdphp-free-base.gif","type":"image\/gif"}],"twitter_card":"summary_large_image","twitter_misc":{"Ber\u00e4knad l\u00e4stid":"2 minuter"},"schema":{"@context":"https:\/\/schema.org","@graph":[{"@type":"WebPage","@id":"https:\/\/nembutalhouse.com\/product\/buy-mdphp-free-base-online\/","url":"https:\/\/nembutalhouse.com\/product\/buy-mdphp-free-base-online\/","name":"Buy MDPHP Free Base Online - MDPHP Free Base for Sale | NH","isPartOf":{"@id":"https:\/\/nembutalhouse.com\/#website"},"primaryImageOfPage":{"@id":"https:\/\/nembutalhouse.com\/product\/buy-mdphp-free-base-online\/#primaryimage"},"image":{"@id":"https:\/\/nembutalhouse.com\/product\/buy-mdphp-free-base-online\/#primaryimage"},"thumbnailUrl":"https:\/\/nembutalhouse.com\/wp-content\/uploads\/2024\/10\/Mdphp-free-base.gif","datePublished":"2024-10-16T11:50:38+00:00","dateModified":"2026-03-06T10:10:56+00:00","description":"You can get in touch with our online store and buy mdphp free base online. We have mdphp free base for sale at cheap prices. Get yours at your place right away!","breadcrumb":{"@id":"https:\/\/nembutalhouse.com\/product\/buy-mdphp-free-base-online\/#breadcrumb"},"inLanguage":"sv-SE","potentialAction":[{"@type":"ReadAction","target":["https:\/\/nembutalhouse.com\/product\/buy-mdphp-free-base-online\/"]}]},{"@type":"ImageObject","inLanguage":"sv-SE","@id":"https:\/\/nembutalhouse.com\/product\/buy-mdphp-free-base-online\/#primaryimage","url":"https:\/\/nembutalhouse.com\/wp-content\/uploads\/2024\/10\/Mdphp-free-base.gif","contentUrl":"https:\/\/nembutalhouse.com\/wp-content\/uploads\/2024\/10\/Mdphp-free-base.gif","width":600,"height":600,"caption":"Buy MDPHP Free-Base Online"},{"@type":"BreadcrumbList","@id":"https:\/\/nembutalhouse.com\/product\/buy-mdphp-free-base-online\/#breadcrumb","itemListElement":[{"@type":"ListItem","position":1,"name":"Home","item":"https:\/\/nembutalhouse.com\/"},{"@type":"ListItem","position":2,"name":"Shop","item":"https:\/\/nembutalhouse.com\/shop\/"},{"@type":"ListItem","position":3,"name":"Buy MDPHP Free-Base Online"}]},{"@type":"WebSite","@id":"https:\/\/nembutalhouse.com\/#website","url":"https:\/\/nembutalhouse.com\/","name":"Nembutal House","description":"Best Nembutal Online Store","publisher":{"@id":"https:\/\/nembutalhouse.com\/#organization"},"potentialAction":[{"@type":"SearchAction","target":{"@type":"EntryPoint","urlTemplate":"https:\/\/nembutalhouse.com\/?s={search_term_string}"},"query-input":{"@type":"PropertyValueSpecification","valueRequired":true,"valueName":"search_term_string"}}],"inLanguage":"sv-SE"},{"@type":"Organization","@id":"https:\/\/nembutalhouse.com\/#organization","name":"Nembutal House","url":"https:\/\/nembutalhouse.com\/","logo":{"@type":"ImageObject","inLanguage":"sv-SE","@id":"https:\/\/nembutalhouse.com\/#\/schema\/logo\/image\/","url":"https:\/\/nembutalhouse.com\/wp-content\/uploads\/2022\/12\/logo.png","contentUrl":"https:\/\/nembutalhouse.com\/wp-content\/uploads\/2022\/12\/logo.png","width":344,"height":103,"caption":"Nembutal House"},"image":{"@id":"https:\/\/nembutalhouse.com\/#\/schema\/logo\/image\/"}}]}},"_links":{"self":[{"href":"https:\/\/nembutalhouse.com\/sv\/wp-json\/wp\/v2\/product\/1397","targetHints":{"allow":["GET"]}}],"collection":[{"href":"https:\/\/nembutalhouse.com\/sv\/wp-json\/wp\/v2\/product"}],"about":[{"href":"https:\/\/nembutalhouse.com\/sv\/wp-json\/wp\/v2\/types\/product"}],"replies":[{"embeddable":true,"href":"https:\/\/nembutalhouse.com\/sv\/wp-json\/wp\/v2\/comments?post=1397"}],"wp:featuredmedia":[{"embeddable":true,"href":"https:\/\/nembutalhouse.com\/sv\/wp-json\/wp\/v2\/media\/1549"}],"wp:attachment":[{"href":"https:\/\/nembutalhouse.com\/sv\/wp-json\/wp\/v2\/media?parent=1397"}],"wp:term":[{"taxonomy":"product_cat","embeddable":true,"href":"https:\/\/nembutalhouse.com\/sv\/wp-json\/wp\/v2\/product_cat?post=1397"},{"taxonomy":"product_tag","embeddable":true,"href":"https:\/\/nembutalhouse.com\/sv\/wp-json\/wp\/v2\/product_tag?post=1397"}],"curies":[{"name":"wp","href":"https:\/\/api.w.org\/{rel}","templated":true}]}}