{"id":1355,"date":"2024-10-16T11:50:21","date_gmt":"2024-10-16T11:50:21","guid":{"rendered":"https:\/\/nembutalhouse.com\/?post_type=product&#038;p=1355"},"modified":"2026-03-03T05:57:55","modified_gmt":"2026-03-03T05:57:55","slug":"buy-benzolam-online","status":"publish","type":"product","link":"https:\/\/nembutalhouse.com\/sv\/produkt\/buy-benzolam-online\/","title":{"rendered":"Buy Benzolam Online"},"content":{"rendered":"<h2>K\u00f6p Benzolam online<\/h2>\n<p><a href=\"https:\/\/en.wikipedia.org\/wiki\/Benzodiazepine\">Benzolam<\/a>, allm\u00e4nt k\u00e4nd som Alpha-PVP, \u00e4r ett potent stimulerande medel som vanligtvis anv\u00e4nds f\u00f6r att producera eufori. Det kallas ocks\u00e5 f\u00f6r ett psykoaktivt l\u00e4kemedel i vissa studier. Detta hittades i b\u00f6rjan av 1960-talet och har en 1\/4: e potensniv\u00e5 j\u00e4mf\u00f6rt med MDPV.<\/p>\n<p>Dessutom \u00e4r konsekvenserna ungef\u00e4r desamma. Vanligtvis finns A-PVP CRYSTALS som vita bergkristaller. Olika till\u00e4mpningar och effekter av A-PVP Innan du intar Alpha-PVP, blanda det med andra droger.<\/p>\n<p>Dessutom har du m\u00f6jlighet att sv\u00e4lja det eller andas in det. Endast l\u00e4karen ska best\u00e4mma dosen, och du b\u00f6r inte ta mer \u00e4n en inom en timme.<\/p>\n<p>Benzolam \u00e4r j\u00e4mf\u00f6rbart med kokain, om \u00e4n med mindre styrka. <a href=\"https:\/\/nembutalhouse.com\/sv\/\">NembutalHouse<\/a><\/p>\n<p>L\u00e4gg det under tungan och du kommer att uppt\u00e4cka att det l\u00f6ser upp sig snabbt. Samtidigt kan du f\u00e5 en bed\u00f6vande k\u00e4nsla.<\/p>\n<p>\u00c4ven om det tar lite tid att manifestera, b\u00f6r eufori upptr\u00e4da 30 minuter efter intag. Du kommer att m\u00e4rka en liten \u00f6kning av blodtrycket efter domningen.<\/p>\n<p>Dessutom kommer du inte l\u00e4ngre att ha lust att dricka vatten.<\/p>\n<p>Efter att ha konsumerat n\u00e5got kommer du att uppleva en viss mindre stimulans och eventuellt till och med s\u00f6mnighet 45 minuter eller mer senare.<\/p>\n<p>I allm\u00e4nhet b\u00f6r effekterna inte dr\u00f6ja kvar mer \u00e4n tre timmar, och du kanske inte k\u00e4nner behov av att ta en ny dos direkt.<\/p>\n<p>Du kommer utan tvekan att uppleva eufori under en l\u00e4ngre tid om du anv\u00e4nder insufflationsmetoden. \u00c4nd\u00e5 kan det vara utmanande att uppskatta styrkan eftersom vissa individer upplever en mycket gradvis effekt, medan andra upplever en ganska snabb.<\/p>\n<p>Det b\u00f6rjar fungera s\u00e5 snart kunden andas in det. Efter konsumtion kommer du att k\u00e4nna dig euforisk inom tio minuter (under insufflationsmetod).<\/p>\n<p>Efter att ha konsumerat det b\u00f6r du k\u00e4nna dig s\u00f6mnig inom en timme, och du kan till och med ofta ha blackouts.<\/p>\n<p>Det \u00e4r viktigt att f\u00f6rst\u00e5 att den eufori som kommer med <a href=\"https:\/\/nembutalhouse.com\/sv\/produkt\/buy-benzolam-online\/\">Benzolam<\/a> brukar avta snabbt. Vissa m\u00e4nniskor h\u00e4vdar att intag av kristallformen \u00e4r mer effektiv eftersom den.<\/p>\n<p>Den intensiva k\u00e4nslan varar inte l\u00e4ngre \u00e4n tre timmar, men hur l\u00e4nge du upplever med denna typ av stimulant kommer att avg\u00f6ra om du tar en annan dos inom en snar framtid.<\/p>\n<p>T\u00e4nk p\u00e5 att Alpha-PVP kan hj\u00e4lpa dig om du anser dig vara kreativ. Du kommer att uppleva intensiv gl\u00e4dje och en v\u00e5g av vitalitet.<\/p>\n<p>Din kropp kommer att vara helt avslappnad och du kommer inte att ha n\u00e5gra matbeg\u00e4r. T\u00e4nk p\u00e5 att du bara ska ta sm\u00e5 m\u00e4ngder av denna medicin.<\/p>\n<p>\u00d6kad dosering g\u00f6r det mycket l\u00e4tt att saker och ting g\u00e5r \u00f6verstyr.<\/p>\n<p>Benzolam kan k\u00f6pas online fr\u00e5n en m\u00e4ngd olika webbplatser, men det \u00e4r tillr\u00e5dligt att noggrant unders\u00f6ka k\u00e4llan och l\u00e4sa s\u00e5 m\u00e5nga recensioner som m\u00f6jligt.<\/p>\n<p>Var medveten om att en persons svar p\u00e5 dessa l\u00e4kemedel kan variera beroende p\u00e5 ett antal faktorer, inklusive l\u00e4ngd, vikt och \u00e4mnesoms\u00e4ttning.<\/p>\n<p>&nbsp;<\/p>\n<p>&nbsp;<\/p>","protected":false},"excerpt":{"rendered":"<p>Purchase Benzolam Online Benzolam, commonly known as Alpha-PVP, is a potent stimulant that is typically used to produce euphoria. It is also referred to as a psychoactive drug by certain&hellip;<\/p>","protected":false},"featured_media":1520,"comment_status":"open","ping_status":"closed","template":"","meta":{"_joinchat":[]},"product_cat":[186],"product_tag":[1215,1233,1210,1221,1222,1225,1211,1231,1232,1230,1229,1218,1220,1208,1209,1227,1224,1217,1213,1214,1228,1226,1223,1216,1219,1212],"class_list":{"0":"post-1355","1":"product","2":"type-product","3":"status-publish","4":"has-post-thumbnail","6":"product_cat-research-chemicals","7":"product_tag-benzolam-powder","8":"product_tag-benzolam-powder-for-cleaning","9":"product_tag-benzolam-powder-for-sale","10":"product_tag-benzolam-powder-online","11":"product_tag-benzolam-powder-price","12":"product_tag-benzolam-powder-store","13":"product_tag-benzolam-powder-supplier","14":"product_tag-benzolam-powder-use","15":"product_tag-benzolam-powder-wiki","16":"product_tag-benzolam-powder-worldwide","17":"product_tag-best-cheap-price-benzolam-powder","18":"product_tag-best-place-to-buy-benzolam","19":"product_tag-buy-benzolam-legally","20":"product_tag-buy-benzolam-powder","21":"product_tag-buy-benzolam-powder-online","22":"product_tag-cheap-benzolam-powders","23":"product_tag-high-quality-benzolam-powder","24":"product_tag-how-to-buy-benzolam","25":"product_tag-order-benzolam-powder","26":"product_tag-order-benzolam-powder-online","27":"product_tag-purcharse-benzolam-powder-powder","28":"product_tag-shop-benzolam-powder","29":"product_tag-top-quality-benzolam-powder","30":"product_tag-where-to-buy-benzolam","31":"product_tag-where-to-order-benzolam","32":"product_tag-wholesale-benzolam-powder-bulk-online","34":"first","35":"instock","36":"shipping-taxable","37":"purchasable","38":"product-type-variable"},"yoast_head":"<!-- This site is optimized with the Yoast SEO plugin v24.1 - https:\/\/yoast.com\/wordpress\/plugins\/seo\/ -->\n<title>Benzolam for Sale - Buy Benzolam Online - Order Benzolam<\/title>\n<meta name=\"description\" content=\"You can now get benzolam for sale from our top best store NembutalHouse. Our staff will assist you to buy benzolam online at the best prices. Order benzolam online today with worldwide shipping!\" \/>\n<meta name=\"robots\" content=\"index, follow, max-snippet:-1, max-image-preview:large, max-video-preview:-1\" \/>\n<link rel=\"canonical\" href=\"https:\/\/nembutalhouse.com\/sv\/produkt\/buy-benzolam-online\/\" \/>\n<meta property=\"og:locale\" content=\"sv_SE\" \/>\n<meta property=\"og:type\" content=\"article\" \/>\n<meta property=\"og:title\" content=\"Benzolam for Sale - Buy Benzolam Online - Order Benzolam\" \/>\n<meta property=\"og:description\" content=\"You can now get benzolam for sale from our top best store NembutalHouse. Our staff will assist you to buy benzolam online at the best prices. Order benzolam online today with worldwide shipping!\" \/>\n<meta property=\"og:url\" content=\"https:\/\/nembutalhouse.com\/sv\/produkt\/buy-benzolam-online\/\" \/>\n<meta property=\"og:site_name\" content=\"Nembutal House\" \/>\n<meta property=\"article:modified_time\" content=\"2026-03-03T05:57:55+00:00\" \/>\n<meta property=\"og:image\" content=\"https:\/\/nembutalhouse.com\/wp-content\/uploads\/2024\/10\/Benzolam.gif\" \/>\n\t<meta property=\"og:image:width\" content=\"600\" \/>\n\t<meta property=\"og:image:height\" content=\"600\" \/>\n\t<meta property=\"og:image:type\" content=\"image\/gif\" \/>\n<meta name=\"twitter:card\" content=\"summary_large_image\" \/>\n<meta name=\"twitter:label1\" content=\"Ber\u00e4knad l\u00e4stid\" \/>\n\t<meta name=\"twitter:data1\" content=\"3 minuter\" \/>\n<script type=\"application\/ld+json\" class=\"yoast-schema-graph\">{\"@context\":\"https:\/\/schema.org\",\"@graph\":[{\"@type\":\"WebPage\",\"@id\":\"https:\/\/nembutalhouse.com\/product\/buy-benzolam-online\/\",\"url\":\"https:\/\/nembutalhouse.com\/product\/buy-benzolam-online\/\",\"name\":\"Benzolam for Sale - Buy Benzolam Online - Order Benzolam\",\"isPartOf\":{\"@id\":\"https:\/\/nembutalhouse.com\/#website\"},\"primaryImageOfPage\":{\"@id\":\"https:\/\/nembutalhouse.com\/product\/buy-benzolam-online\/#primaryimage\"},\"image\":{\"@id\":\"https:\/\/nembutalhouse.com\/product\/buy-benzolam-online\/#primaryimage\"},\"thumbnailUrl\":\"https:\/\/nembutalhouse.com\/wp-content\/uploads\/2024\/10\/Benzolam.gif\",\"datePublished\":\"2024-10-16T11:50:21+00:00\",\"dateModified\":\"2026-03-03T05:57:55+00:00\",\"description\":\"You can now get benzolam for sale from our top best store NembutalHouse. Our staff will assist you to buy benzolam online at the best prices. Order benzolam online today with worldwide shipping!\",\"breadcrumb\":{\"@id\":\"https:\/\/nembutalhouse.com\/product\/buy-benzolam-online\/#breadcrumb\"},\"inLanguage\":\"sv-SE\",\"potentialAction\":[{\"@type\":\"ReadAction\",\"target\":[\"https:\/\/nembutalhouse.com\/product\/buy-benzolam-online\/\"]}]},{\"@type\":\"ImageObject\",\"inLanguage\":\"sv-SE\",\"@id\":\"https:\/\/nembutalhouse.com\/product\/buy-benzolam-online\/#primaryimage\",\"url\":\"https:\/\/nembutalhouse.com\/wp-content\/uploads\/2024\/10\/Benzolam.gif\",\"contentUrl\":\"https:\/\/nembutalhouse.com\/wp-content\/uploads\/2024\/10\/Benzolam.gif\",\"width\":600,\"height\":600,\"caption\":\"Buy Benzolam Online\"},{\"@type\":\"BreadcrumbList\",\"@id\":\"https:\/\/nembutalhouse.com\/product\/buy-benzolam-online\/#breadcrumb\",\"itemListElement\":[{\"@type\":\"ListItem\",\"position\":1,\"name\":\"Home\",\"item\":\"https:\/\/nembutalhouse.com\/\"},{\"@type\":\"ListItem\",\"position\":2,\"name\":\"Shop\",\"item\":\"https:\/\/nembutalhouse.com\/shop\/\"},{\"@type\":\"ListItem\",\"position\":3,\"name\":\"Buy Benzolam Online\"}]},{\"@type\":\"WebSite\",\"@id\":\"https:\/\/nembutalhouse.com\/#website\",\"url\":\"https:\/\/nembutalhouse.com\/\",\"name\":\"Nembutal House\",\"description\":\"Best Nembutal Online Store\",\"publisher\":{\"@id\":\"https:\/\/nembutalhouse.com\/#organization\"},\"potentialAction\":[{\"@type\":\"SearchAction\",\"target\":{\"@type\":\"EntryPoint\",\"urlTemplate\":\"https:\/\/nembutalhouse.com\/?s={search_term_string}\"},\"query-input\":{\"@type\":\"PropertyValueSpecification\",\"valueRequired\":true,\"valueName\":\"search_term_string\"}}],\"inLanguage\":\"sv-SE\"},{\"@type\":\"Organization\",\"@id\":\"https:\/\/nembutalhouse.com\/#organization\",\"name\":\"Nembutal House\",\"url\":\"https:\/\/nembutalhouse.com\/\",\"logo\":{\"@type\":\"ImageObject\",\"inLanguage\":\"sv-SE\",\"@id\":\"https:\/\/nembutalhouse.com\/#\/schema\/logo\/image\/\",\"url\":\"https:\/\/nembutalhouse.com\/wp-content\/uploads\/2022\/12\/logo.png\",\"contentUrl\":\"https:\/\/nembutalhouse.com\/wp-content\/uploads\/2022\/12\/logo.png\",\"width\":344,\"height\":103,\"caption\":\"Nembutal House\"},\"image\":{\"@id\":\"https:\/\/nembutalhouse.com\/#\/schema\/logo\/image\/\"}}]}<\/script>\n<!-- \/ Yoast SEO plugin. -->","yoast_head_json":{"title":"Benzolam for Sale - Buy Benzolam Online - Order Benzolam","description":"You can now get benzolam for sale from our top best store NembutalHouse. Our staff will assist you to buy benzolam online at the best prices. Order benzolam online today with worldwide shipping!","robots":{"index":"index","follow":"follow","max-snippet":"max-snippet:-1","max-image-preview":"max-image-preview:large","max-video-preview":"max-video-preview:-1"},"canonical":"https:\/\/nembutalhouse.com\/sv\/produkt\/buy-benzolam-online\/","og_locale":"sv_SE","og_type":"article","og_title":"Benzolam for Sale - Buy Benzolam Online - Order Benzolam","og_description":"You can now get benzolam for sale from our top best store NembutalHouse. Our staff will assist you to buy benzolam online at the best prices. Order benzolam online today with worldwide shipping!","og_url":"https:\/\/nembutalhouse.com\/sv\/produkt\/buy-benzolam-online\/","og_site_name":"Nembutal House","article_modified_time":"2026-03-03T05:57:55+00:00","og_image":[{"width":600,"height":600,"url":"https:\/\/nembutalhouse.com\/wp-content\/uploads\/2024\/10\/Benzolam.gif","type":"image\/gif"}],"twitter_card":"summary_large_image","twitter_misc":{"Ber\u00e4knad l\u00e4stid":"3 minuter"},"schema":{"@context":"https:\/\/schema.org","@graph":[{"@type":"WebPage","@id":"https:\/\/nembutalhouse.com\/product\/buy-benzolam-online\/","url":"https:\/\/nembutalhouse.com\/product\/buy-benzolam-online\/","name":"Benzolam for Sale - Buy Benzolam Online - Order Benzolam","isPartOf":{"@id":"https:\/\/nembutalhouse.com\/#website"},"primaryImageOfPage":{"@id":"https:\/\/nembutalhouse.com\/product\/buy-benzolam-online\/#primaryimage"},"image":{"@id":"https:\/\/nembutalhouse.com\/product\/buy-benzolam-online\/#primaryimage"},"thumbnailUrl":"https:\/\/nembutalhouse.com\/wp-content\/uploads\/2024\/10\/Benzolam.gif","datePublished":"2024-10-16T11:50:21+00:00","dateModified":"2026-03-03T05:57:55+00:00","description":"You can now get benzolam for sale from our top best store NembutalHouse. Our staff will assist you to buy benzolam online at the best prices. Order benzolam online today with worldwide shipping!","breadcrumb":{"@id":"https:\/\/nembutalhouse.com\/product\/buy-benzolam-online\/#breadcrumb"},"inLanguage":"sv-SE","potentialAction":[{"@type":"ReadAction","target":["https:\/\/nembutalhouse.com\/product\/buy-benzolam-online\/"]}]},{"@type":"ImageObject","inLanguage":"sv-SE","@id":"https:\/\/nembutalhouse.com\/product\/buy-benzolam-online\/#primaryimage","url":"https:\/\/nembutalhouse.com\/wp-content\/uploads\/2024\/10\/Benzolam.gif","contentUrl":"https:\/\/nembutalhouse.com\/wp-content\/uploads\/2024\/10\/Benzolam.gif","width":600,"height":600,"caption":"Buy Benzolam Online"},{"@type":"BreadcrumbList","@id":"https:\/\/nembutalhouse.com\/product\/buy-benzolam-online\/#breadcrumb","itemListElement":[{"@type":"ListItem","position":1,"name":"Home","item":"https:\/\/nembutalhouse.com\/"},{"@type":"ListItem","position":2,"name":"Shop","item":"https:\/\/nembutalhouse.com\/shop\/"},{"@type":"ListItem","position":3,"name":"Buy Benzolam Online"}]},{"@type":"WebSite","@id":"https:\/\/nembutalhouse.com\/#website","url":"https:\/\/nembutalhouse.com\/","name":"Nembutal House","description":"Best Nembutal Online Store","publisher":{"@id":"https:\/\/nembutalhouse.com\/#organization"},"potentialAction":[{"@type":"SearchAction","target":{"@type":"EntryPoint","urlTemplate":"https:\/\/nembutalhouse.com\/?s={search_term_string}"},"query-input":{"@type":"PropertyValueSpecification","valueRequired":true,"valueName":"search_term_string"}}],"inLanguage":"sv-SE"},{"@type":"Organization","@id":"https:\/\/nembutalhouse.com\/#organization","name":"Nembutal House","url":"https:\/\/nembutalhouse.com\/","logo":{"@type":"ImageObject","inLanguage":"sv-SE","@id":"https:\/\/nembutalhouse.com\/#\/schema\/logo\/image\/","url":"https:\/\/nembutalhouse.com\/wp-content\/uploads\/2022\/12\/logo.png","contentUrl":"https:\/\/nembutalhouse.com\/wp-content\/uploads\/2022\/12\/logo.png","width":344,"height":103,"caption":"Nembutal House"},"image":{"@id":"https:\/\/nembutalhouse.com\/#\/schema\/logo\/image\/"}}]}},"_links":{"self":[{"href":"https:\/\/nembutalhouse.com\/sv\/wp-json\/wp\/v2\/product\/1355","targetHints":{"allow":["GET"]}}],"collection":[{"href":"https:\/\/nembutalhouse.com\/sv\/wp-json\/wp\/v2\/product"}],"about":[{"href":"https:\/\/nembutalhouse.com\/sv\/wp-json\/wp\/v2\/types\/product"}],"replies":[{"embeddable":true,"href":"https:\/\/nembutalhouse.com\/sv\/wp-json\/wp\/v2\/comments?post=1355"}],"wp:featuredmedia":[{"embeddable":true,"href":"https:\/\/nembutalhouse.com\/sv\/wp-json\/wp\/v2\/media\/1520"}],"wp:attachment":[{"href":"https:\/\/nembutalhouse.com\/sv\/wp-json\/wp\/v2\/media?parent=1355"}],"wp:term":[{"taxonomy":"product_cat","embeddable":true,"href":"https:\/\/nembutalhouse.com\/sv\/wp-json\/wp\/v2\/product_cat?post=1355"},{"taxonomy":"product_tag","embeddable":true,"href":"https:\/\/nembutalhouse.com\/sv\/wp-json\/wp\/v2\/product_tag?post=1355"}],"curies":[{"name":"wp","href":"https:\/\/api.w.org\/{rel}","templated":true}]}}