{"id":1319,"date":"2024-10-16T11:50:01","date_gmt":"2024-10-16T11:50:01","guid":{"rendered":"https:\/\/nembutalhouse.com\/?post_type=product&#038;p=1319"},"modified":"2026-03-03T05:26:28","modified_gmt":"2026-03-03T05:26:28","slug":"buy-amphetamine-online","status":"publish","type":"product","link":"https:\/\/nembutalhouse.com\/sv\/produkt\/buy-amphetamine-online\/","title":{"rendered":"Buy Amphetamine Online"},"content":{"rendered":"<h2>K\u00f6p AMPHETAMINE online<\/h2>\n<p><a href=\"https:\/\/en.wikipedia.org\/wiki\/Amphetamine\">Amfetamin<\/a> pulver \u00e4r en potent stimulator av det centrala nervsystemet (hj\u00e4rnan och nerverna i ryggm\u00e4rgen) och har en medicinsk roll i ett antal sjukdomar. Det \u00e4r ocks\u00e5 mycket beroendeframkallande och har en historia av missbruk.<\/p>\n<p><a href=\"https:\/\/nembutalhouse.com\/sv\/produkt\/buy-amphetamine-online\/\">Amfetaminpulver<\/a> anv\u00e4nds f\u00f6r att behandla ADHD (Attention Deficit Hyperactivity Disorder) och narkolepsi, en sjukdom som k\u00e4nnetecknas av intensiva, ol\u00e4mpliga s\u00f6mnighetsperioder.1<\/p>\n<p>Amfetaminpulver till ett mindre inneh\u00e5ll anv\u00e4nds ocks\u00e5 vid behandling av depression och fetma.<\/p>\n<p>I den h\u00e4r artikeln kommer vi att titta p\u00e5 amfetamins medicinska anv\u00e4ndning, dess biverkningar och kontraindikationer.<\/p>\n<p>Amfetaminpulver \u00e4r syntetiska stimulantia. Deras nuvarande medicinska anv\u00e4ndning \u00e4r begr\u00e4nsad, med endast Dexedrine (dexamfetaminsulfat) som f\u00f6r n\u00e4rvarande \u00e4r tillg\u00e4ngligt f\u00f6r anv\u00e4ndning vid behandling av narkolepsi - d\u00e4r patienten inte kan hj\u00e4lpa att pl\u00f6tsligt somna. Det enda andra amfetaminrelaterade l\u00e4kemedlet<\/p>\n<p>tillg\u00e4ngligt f\u00f6r medicinskt bruk \u00e4r metylfenidat (Ritalin) f\u00f6r behandling av uppm\u00e4rksamhetsst\u00f6rningar hos barn (Ritalin \u00e4r inte i egentlig mening en amfetamin, \u00e4ven om den \u00e4r mycket lik i kemisk struktur och effekter). <a href=\"https:\/\/nembutalhouse.com\/sv\/\">NembutalHouse<\/a><\/p>\n<p>Som gatudrog kommer amfetamin vanligtvis som ett vitt, gr\u00e5tt, gulaktigt eller rosa pulver eller som en kittliknande substans som kallas bas. Renheten hos gatupulver \u00e4r mindre \u00e4n 15 procent, och de flesta aff\u00e4rer inneh\u00e5ller endast 10{13c175b4b24440b8a5165f6560f020b70106ae9a2c215c353f8f2fc99a8d1211} amfetamin och resten andra pulver som glukos, C-vitamin, laxermedel, torkad babymj\u00f6lk, koffein eller andra l\u00e4kemedel som paracetamol eller aspirin.<\/p>\n<p>Basen \u00e4r starkare vid ungef\u00e4r 50 procents renhet eller mer, men detta \u00e4r p\u00e5 nedg\u00e5ng. En liknande men vissa s\u00e4ger starkare form av drogen \u00e4r metamfetamin. Detta kommer som pulver, kristaller (k\u00e4nd som is) eller i tablettform.<\/p>\n<p>Pulvret sniffas upp i n\u00e4san, blandas i en drink eller, av vissa tunga anv\u00e4ndare, f\u00f6rbereds f\u00f6r injektion. Base sv\u00e4ljs vanligtvis eller, p\u00e5 grund av dess d\u00e5liga smak, lindas in i (cigarett)papper och bombarderas (sv\u00e4ljs). Det kan sniffas om det torkas ut ordentligt.<\/p>\n<p>Metamfetamin tas p\u00e5 ett antal olika s\u00e4tt, beroende p\u00e5 form. Piller sv\u00e4ljs. I kristallform, eftersom saltbasen har tagits bort, kan det l\u00e4tt ant\u00e4ndas och r\u00f6kas (p\u00e5 liknande s\u00e4tt som crack \u00e4r f\u00f6r kokain). Pulvret sv\u00e4ljs eller sniffas.<\/p>","protected":false},"excerpt":{"rendered":"<p>Buy AMPHETAMINE Online Amphetamine powder is a potent stimulator of the central nervous system (brain and nerves of the spinal cord) and has a medicinal role in a number of&hellip;<\/p>","protected":false},"featured_media":1523,"comment_status":"open","ping_status":"closed","template":"","meta":{"_joinchat":[]},"product_cat":[186],"product_tag":[1137,1155,1132,1143,1144,1147,1133,1153,1154,1152,1151,1140,1130,1131,1142,1149,1146,1139,1135,1136,1150,1148,1145,1138,1141,1134],"class_list":{"0":"post-1319","1":"product","2":"type-product","3":"status-publish","4":"has-post-thumbnail","6":"product_cat-research-chemicals","7":"product_tag-amphetamine-crystal","8":"product_tag-amphetamine-crystal-for-cleaning","9":"product_tag-amphetamine-crystal-for-sale","10":"product_tag-amphetamine-crystal-online","11":"product_tag-amphetamine-crystal-price","12":"product_tag-amphetamine-crystal-store","13":"product_tag-amphetamine-crystal-supplier","14":"product_tag-amphetamine-crystal-use","15":"product_tag-amphetamine-crystal-wiki","16":"product_tag-amphetamine-crystal-worldwide","17":"product_tag-best-cheap-price-amphetamine-crystal","18":"product_tag-best-place-to-buy-amphetamine","19":"product_tag-buy-amphetamine-crystal","20":"product_tag-buy-amphetamine-crystal-online","21":"product_tag-buy-amphetamine-legally","22":"product_tag-cheap-amphetamine-crystals","23":"product_tag-high-quality-amphetamine-crystal","24":"product_tag-how-to-buy-amphetamine","25":"product_tag-order-amphetamine-crystal","26":"product_tag-order-amphetamine-crystal-online","27":"product_tag-purcharse-amphetamine-crystal-powder","28":"product_tag-shop-amphetamine-crystal","29":"product_tag-top-quality-amphetamine-crystal","30":"product_tag-where-to-buy-amphetamine","31":"product_tag-where-to-order-amphetamine","32":"product_tag-wholesale-amphetamine-crystal-bulk-online","34":"first","35":"instock","36":"shipping-taxable","37":"purchasable","38":"product-type-variable"},"yoast_head":"<!-- This site is optimized with the Yoast SEO plugin v24.1 - https:\/\/yoast.com\/wordpress\/plugins\/seo\/ -->\n<title>Buy Amphetamine Online - Amphetamine for Sale | NH<\/title>\n<meta name=\"description\" content=\"Where to buy amphetamine online at the best price? Find high-quality amphetamine for sale at our secure online store, catering to your research requirements. Order Now!\" \/>\n<meta name=\"robots\" content=\"index, follow, max-snippet:-1, max-image-preview:large, max-video-preview:-1\" \/>\n<link rel=\"canonical\" href=\"https:\/\/nembutalhouse.com\/sv\/produkt\/buy-amphetamine-online\/\" \/>\n<meta property=\"og:locale\" content=\"sv_SE\" \/>\n<meta property=\"og:type\" content=\"article\" \/>\n<meta property=\"og:title\" content=\"Buy Amphetamine Online - Amphetamine for Sale | NH\" \/>\n<meta property=\"og:description\" content=\"Where to buy amphetamine online at the best price? Find high-quality amphetamine for sale at our secure online store, catering to your research requirements. Order Now!\" \/>\n<meta property=\"og:url\" content=\"https:\/\/nembutalhouse.com\/sv\/produkt\/buy-amphetamine-online\/\" \/>\n<meta property=\"og:site_name\" content=\"Nembutal House\" \/>\n<meta property=\"article:modified_time\" content=\"2026-03-03T05:26:28+00:00\" \/>\n<meta property=\"og:image\" content=\"https:\/\/nembutalhouse.com\/wp-content\/uploads\/2024\/10\/Amphetamine.gif\" \/>\n\t<meta property=\"og:image:width\" content=\"600\" \/>\n\t<meta property=\"og:image:height\" content=\"600\" \/>\n\t<meta property=\"og:image:type\" content=\"image\/gif\" \/>\n<meta name=\"twitter:card\" content=\"summary_large_image\" \/>\n<meta name=\"twitter:label1\" content=\"Ber\u00e4knad l\u00e4stid\" \/>\n\t<meta name=\"twitter:data1\" content=\"2 minuter\" \/>\n<script type=\"application\/ld+json\" class=\"yoast-schema-graph\">{\"@context\":\"https:\/\/schema.org\",\"@graph\":[{\"@type\":\"WebPage\",\"@id\":\"https:\/\/nembutalhouse.com\/product\/buy-amphetamine-online\/\",\"url\":\"https:\/\/nembutalhouse.com\/product\/buy-amphetamine-online\/\",\"name\":\"Buy Amphetamine Online - Amphetamine for Sale | NH\",\"isPartOf\":{\"@id\":\"https:\/\/nembutalhouse.com\/#website\"},\"primaryImageOfPage\":{\"@id\":\"https:\/\/nembutalhouse.com\/product\/buy-amphetamine-online\/#primaryimage\"},\"image\":{\"@id\":\"https:\/\/nembutalhouse.com\/product\/buy-amphetamine-online\/#primaryimage\"},\"thumbnailUrl\":\"https:\/\/nembutalhouse.com\/wp-content\/uploads\/2024\/10\/Amphetamine.gif\",\"datePublished\":\"2024-10-16T11:50:01+00:00\",\"dateModified\":\"2026-03-03T05:26:28+00:00\",\"description\":\"Where to buy amphetamine online at the best price? Find high-quality amphetamine for sale at our secure online store, catering to your research requirements. Order Now!\",\"breadcrumb\":{\"@id\":\"https:\/\/nembutalhouse.com\/product\/buy-amphetamine-online\/#breadcrumb\"},\"inLanguage\":\"sv-SE\",\"potentialAction\":[{\"@type\":\"ReadAction\",\"target\":[\"https:\/\/nembutalhouse.com\/product\/buy-amphetamine-online\/\"]}]},{\"@type\":\"ImageObject\",\"inLanguage\":\"sv-SE\",\"@id\":\"https:\/\/nembutalhouse.com\/product\/buy-amphetamine-online\/#primaryimage\",\"url\":\"https:\/\/nembutalhouse.com\/wp-content\/uploads\/2024\/10\/Amphetamine.gif\",\"contentUrl\":\"https:\/\/nembutalhouse.com\/wp-content\/uploads\/2024\/10\/Amphetamine.gif\",\"width\":600,\"height\":600,\"caption\":\"Buy Amphetamine Online\"},{\"@type\":\"BreadcrumbList\",\"@id\":\"https:\/\/nembutalhouse.com\/product\/buy-amphetamine-online\/#breadcrumb\",\"itemListElement\":[{\"@type\":\"ListItem\",\"position\":1,\"name\":\"Home\",\"item\":\"https:\/\/nembutalhouse.com\/\"},{\"@type\":\"ListItem\",\"position\":2,\"name\":\"Shop\",\"item\":\"https:\/\/nembutalhouse.com\/shop\/\"},{\"@type\":\"ListItem\",\"position\":3,\"name\":\"Buy Amphetamine Online\"}]},{\"@type\":\"WebSite\",\"@id\":\"https:\/\/nembutalhouse.com\/#website\",\"url\":\"https:\/\/nembutalhouse.com\/\",\"name\":\"Nembutal House\",\"description\":\"Best Nembutal Online Store\",\"publisher\":{\"@id\":\"https:\/\/nembutalhouse.com\/#organization\"},\"potentialAction\":[{\"@type\":\"SearchAction\",\"target\":{\"@type\":\"EntryPoint\",\"urlTemplate\":\"https:\/\/nembutalhouse.com\/?s={search_term_string}\"},\"query-input\":{\"@type\":\"PropertyValueSpecification\",\"valueRequired\":true,\"valueName\":\"search_term_string\"}}],\"inLanguage\":\"sv-SE\"},{\"@type\":\"Organization\",\"@id\":\"https:\/\/nembutalhouse.com\/#organization\",\"name\":\"Nembutal House\",\"url\":\"https:\/\/nembutalhouse.com\/\",\"logo\":{\"@type\":\"ImageObject\",\"inLanguage\":\"sv-SE\",\"@id\":\"https:\/\/nembutalhouse.com\/#\/schema\/logo\/image\/\",\"url\":\"https:\/\/nembutalhouse.com\/wp-content\/uploads\/2022\/12\/logo.png\",\"contentUrl\":\"https:\/\/nembutalhouse.com\/wp-content\/uploads\/2022\/12\/logo.png\",\"width\":344,\"height\":103,\"caption\":\"Nembutal House\"},\"image\":{\"@id\":\"https:\/\/nembutalhouse.com\/#\/schema\/logo\/image\/\"}}]}<\/script>\n<!-- \/ Yoast SEO plugin. -->","yoast_head_json":{"title":"Buy Amphetamine Online - Amphetamine for Sale | NH","description":"Where to buy amphetamine online at the best price? Find high-quality amphetamine for sale at our secure online store, catering to your research requirements. Order Now!","robots":{"index":"index","follow":"follow","max-snippet":"max-snippet:-1","max-image-preview":"max-image-preview:large","max-video-preview":"max-video-preview:-1"},"canonical":"https:\/\/nembutalhouse.com\/sv\/produkt\/buy-amphetamine-online\/","og_locale":"sv_SE","og_type":"article","og_title":"Buy Amphetamine Online - Amphetamine for Sale | NH","og_description":"Where to buy amphetamine online at the best price? Find high-quality amphetamine for sale at our secure online store, catering to your research requirements. Order Now!","og_url":"https:\/\/nembutalhouse.com\/sv\/produkt\/buy-amphetamine-online\/","og_site_name":"Nembutal House","article_modified_time":"2026-03-03T05:26:28+00:00","og_image":[{"width":600,"height":600,"url":"https:\/\/nembutalhouse.com\/wp-content\/uploads\/2024\/10\/Amphetamine.gif","type":"image\/gif"}],"twitter_card":"summary_large_image","twitter_misc":{"Ber\u00e4knad l\u00e4stid":"2 minuter"},"schema":{"@context":"https:\/\/schema.org","@graph":[{"@type":"WebPage","@id":"https:\/\/nembutalhouse.com\/product\/buy-amphetamine-online\/","url":"https:\/\/nembutalhouse.com\/product\/buy-amphetamine-online\/","name":"Buy Amphetamine Online - Amphetamine for Sale | NH","isPartOf":{"@id":"https:\/\/nembutalhouse.com\/#website"},"primaryImageOfPage":{"@id":"https:\/\/nembutalhouse.com\/product\/buy-amphetamine-online\/#primaryimage"},"image":{"@id":"https:\/\/nembutalhouse.com\/product\/buy-amphetamine-online\/#primaryimage"},"thumbnailUrl":"https:\/\/nembutalhouse.com\/wp-content\/uploads\/2024\/10\/Amphetamine.gif","datePublished":"2024-10-16T11:50:01+00:00","dateModified":"2026-03-03T05:26:28+00:00","description":"Where to buy amphetamine online at the best price? Find high-quality amphetamine for sale at our secure online store, catering to your research requirements. Order Now!","breadcrumb":{"@id":"https:\/\/nembutalhouse.com\/product\/buy-amphetamine-online\/#breadcrumb"},"inLanguage":"sv-SE","potentialAction":[{"@type":"ReadAction","target":["https:\/\/nembutalhouse.com\/product\/buy-amphetamine-online\/"]}]},{"@type":"ImageObject","inLanguage":"sv-SE","@id":"https:\/\/nembutalhouse.com\/product\/buy-amphetamine-online\/#primaryimage","url":"https:\/\/nembutalhouse.com\/wp-content\/uploads\/2024\/10\/Amphetamine.gif","contentUrl":"https:\/\/nembutalhouse.com\/wp-content\/uploads\/2024\/10\/Amphetamine.gif","width":600,"height":600,"caption":"Buy Amphetamine Online"},{"@type":"BreadcrumbList","@id":"https:\/\/nembutalhouse.com\/product\/buy-amphetamine-online\/#breadcrumb","itemListElement":[{"@type":"ListItem","position":1,"name":"Home","item":"https:\/\/nembutalhouse.com\/"},{"@type":"ListItem","position":2,"name":"Shop","item":"https:\/\/nembutalhouse.com\/shop\/"},{"@type":"ListItem","position":3,"name":"Buy Amphetamine Online"}]},{"@type":"WebSite","@id":"https:\/\/nembutalhouse.com\/#website","url":"https:\/\/nembutalhouse.com\/","name":"Nembutal House","description":"Best Nembutal Online Store","publisher":{"@id":"https:\/\/nembutalhouse.com\/#organization"},"potentialAction":[{"@type":"SearchAction","target":{"@type":"EntryPoint","urlTemplate":"https:\/\/nembutalhouse.com\/?s={search_term_string}"},"query-input":{"@type":"PropertyValueSpecification","valueRequired":true,"valueName":"search_term_string"}}],"inLanguage":"sv-SE"},{"@type":"Organization","@id":"https:\/\/nembutalhouse.com\/#organization","name":"Nembutal House","url":"https:\/\/nembutalhouse.com\/","logo":{"@type":"ImageObject","inLanguage":"sv-SE","@id":"https:\/\/nembutalhouse.com\/#\/schema\/logo\/image\/","url":"https:\/\/nembutalhouse.com\/wp-content\/uploads\/2022\/12\/logo.png","contentUrl":"https:\/\/nembutalhouse.com\/wp-content\/uploads\/2022\/12\/logo.png","width":344,"height":103,"caption":"Nembutal House"},"image":{"@id":"https:\/\/nembutalhouse.com\/#\/schema\/logo\/image\/"}}]}},"_links":{"self":[{"href":"https:\/\/nembutalhouse.com\/sv\/wp-json\/wp\/v2\/product\/1319","targetHints":{"allow":["GET"]}}],"collection":[{"href":"https:\/\/nembutalhouse.com\/sv\/wp-json\/wp\/v2\/product"}],"about":[{"href":"https:\/\/nembutalhouse.com\/sv\/wp-json\/wp\/v2\/types\/product"}],"replies":[{"embeddable":true,"href":"https:\/\/nembutalhouse.com\/sv\/wp-json\/wp\/v2\/comments?post=1319"}],"wp:featuredmedia":[{"embeddable":true,"href":"https:\/\/nembutalhouse.com\/sv\/wp-json\/wp\/v2\/media\/1523"}],"wp:attachment":[{"href":"https:\/\/nembutalhouse.com\/sv\/wp-json\/wp\/v2\/media?parent=1319"}],"wp:term":[{"taxonomy":"product_cat","embeddable":true,"href":"https:\/\/nembutalhouse.com\/sv\/wp-json\/wp\/v2\/product_cat?post=1319"},{"taxonomy":"product_tag","embeddable":true,"href":"https:\/\/nembutalhouse.com\/sv\/wp-json\/wp\/v2\/product_tag?post=1319"}],"curies":[{"name":"wp","href":"https:\/\/api.w.org\/{rel}","templated":true}]}}