{"id":1316,"date":"2024-10-16T11:50:01","date_gmt":"2024-10-16T11:50:01","guid":{"rendered":"https:\/\/nembutalhouse.com\/?post_type=product&#038;p=1316"},"modified":"2026-03-06T08:19:10","modified_gmt":"2026-03-06T08:19:10","slug":"buy-1p-lsd-online","status":"publish","type":"product","link":"https:\/\/nembutalhouse.com\/sv\/produkt\/buy-1p-lsd-online\/","title":{"rendered":"K\u00f6p 1P-LSD online"},"content":{"rendered":"<h2>K\u00f6p 1P-LSD online<\/h2>\n<h3>1P-LSD: Vad \u00e4r det?<\/h3>\n<p>K\u00f6p 1P-LSD 100mcg tillh\u00f6r lysergamidklassen av lugnande medel och har psykedeliska effekter. Bland de lugnande medel som studeras oftast \u00e4r 1P-LSD och det \u00e4r mycket omtyckt av kemiska experter.<\/p>\n<h3>Hur kan jag k\u00f6pa 1P-LSD online?<\/h3>\n<p><a href=\"https:\/\/nembutalhouse.com\/sv\/\">NembutalHouse.com<\/a> \u00e4r r\u00e4tt st\u00e4lle att k\u00f6pa 1P-LSD. Vi skickar bara postorder 1P-LSD, som kommer i blotterform. Vi till\u00e5ter endast anv\u00e4ndning av v\u00e5rt k\u00f6p 1P-LSD 100mcg f\u00f6r forsknings\u00e4ndam\u00e5l; varken m\u00e4nniskor eller djur f\u00e5r konsumera det.<\/p>\n<p>Du m\u00e5ste f\u00f6lja alla lokala myndigheters lagar och f\u00f6rordningar som r\u00f6r forskningskemikalier om du t\u00e4nker k\u00f6pa v\u00e5r 1P-LSD.<\/p>\n<h3>Levereras med 1P-LSD<\/h3>\n<p>Vi exporterar 1P-LSD f\u00f6r vetenskaplig anv\u00e4ndning till alla l\u00e4nder i v\u00e4rlden d\u00e4r det \u00e4r till\u00e5tet. Om det strider mot lagen i ditt. Vi exporterar 1P-LSD f\u00f6r vetenskaplig anv\u00e4ndning till alla l\u00e4nder i v\u00e4rlden d\u00e4r det \u00e4r till\u00e5tet. Du sitter fast om <a href=\"https:\/\/en.wikipedia.org\/wiki\/1P-LSD\">1P-LSD<\/a> \u00e4r f\u00f6rbjudet i ditt land. V\u00e5r leverans \u00e4r p\u00e5litlig och snabb. Dessutom har vi flera m\u00f6jligheter. Du kommer garanterat att hitta det perfekta leveransvalet h\u00e4r.<\/p>\n<h3>Finns just nu i blotters och drops<\/h3>\n<p>F\u00f6r att f\u00e5 l\u00e4ngsta h\u00e5llbarhet, f\u00f6rvara alltid p\u00e5 en sval och torr plats. Denna produkt \u00e4r endast avsedd att anv\u00e4ndas i kriminaltekniska milj\u00f6er och i forskningssammanhang. D\u00e4rf\u00f6r \u00e4r den INTE avsedd att anv\u00e4ndas i<a href=\"https:\/\/nembutalhouse.com\/sv\/produkt\/1p-lsd\/\">&#8211;<\/a>vivo-experiment av n\u00e5got slag p\u00e5 djur eller andra levande varelser, och \u00e4r inte heller avsedd f\u00f6r m\u00e4nsklig konsumtion.<\/p>\n<h3>Varf\u00f6r v\u00e4lja 1P-LSD fr\u00e5n Nembulathouse?<\/h3>\n<p>Som <strong>leverant\u00f6r av 1P-LSD f\u00f6r forskning<\/strong>, <strong>Nembulathouse<\/strong> har \u00e5tagit sig att tillhandah\u00e5lla rigor\u00f6st testade produkter som uppfyller de h\u00f6ga krav som st\u00e4lls av <strong>certifierade laboratorier<\/strong>:<\/p>\n<ul>\n<li><strong>1P-LSD med h\u00f6g renhet f\u00f6r laboratorier<\/strong>: Varje parti genomg\u00e5r rigor\u00f6sa tester f\u00f6r att garantera optimal renhet, vilket \u00e4r viktigt f\u00f6r <strong>exakta vetenskapliga till\u00e4mpningar<\/strong>.<\/li>\n<li><strong>Konsekvent och p\u00e5litlig kvalitet<\/strong>: V\u00e5r 1P-LSD \u00e4r formulerad f\u00f6r att leverera stabil och p\u00e5litlig prestanda, vilket g\u00f6r den idealisk f\u00f6r <strong>analytiska studier och laboratorieforskning<\/strong>.<\/li>\n<li><strong>S\u00e4ker onlinebest\u00e4llning<\/strong>: <strong>Nembulathouse<\/strong> tillhandah\u00e5ller en f\u00f6renklad och s\u00e4ker process f\u00f6r <strong>k\u00f6pa 1P-LSD online<\/strong>, garantera s\u00e4kerhet och efterlevnad f\u00f6r forskningspersonal.<\/li>\n<\/ul>\n<h3>Till\u00e4mpningar och s\u00e4kerhetsanvisningar<\/h3>\n<p><strong>Nembulathouse<\/strong>'s <a href=\"https:\/\/nembutalhouse.com\/sv\/produkt\/buy-1p-lsd-online\/\"><strong>1P-LSD f\u00f6r forskning<\/strong><\/a> \u00e4r utformad f\u00f6r <strong>analytiska till\u00e4mpningar och vetenskapliga studier<\/strong>. Vi inkluderar detaljerade s\u00e4kerhetsprotokoll f\u00f6r att garantera s\u00e4ker och korrekt anv\u00e4ndning:<\/p>\n<ul>\n<li><strong>S\u00e4ker f\u00f6rvaring<\/strong>: F\u00f6rvara 1P-LSD p\u00e5 en sval, torr plats, borta fr\u00e5n direkt ljus f\u00f6r att bevara dess kvalitet.<\/li>\n<li><strong>Hantera med f\u00f6rsiktighet<\/strong>: Anv\u00e4nd personlig skyddsutrustning (PPE) och arbeta i en v\u00e4l ventilerad milj\u00f6 f\u00f6r att garantera s\u00e4ker hantering.<\/li>\n<li><strong>Endast f\u00f6r forsknings\u00e4ndam\u00e5l<\/strong>: Denna produkt \u00e4r endast avsedd f\u00f6r kvalificerade forskare och certifierade laboratorier.<\/li>\n<\/ul>\n<h3>Best\u00e4ll 1P-LSD med h\u00f6g renhet f\u00f6r dina vetenskapliga studier<\/h3>\n<p>Med <strong>Nembulathouse<\/strong>f\u00e5r du tillg\u00e5ng till en <strong>tillf\u00f6rlitlig leverans av 1P-LSD f\u00f6r laboratorietill\u00e4mpningar<\/strong>. V\u00e5rt engagemang f\u00f6r kvalitet och s\u00e4kerhet g\u00f6r <strong>Nembulathouse<\/strong> det p\u00e5litliga valet f\u00f6r professionella forskare. <strong>Kontakta oss<\/strong> f\u00f6r en offert eller f\u00f6r att f\u00e5 veta mer om v\u00e5rt sortiment av forskningsprodukter med h\u00f6g renhet.<\/p>","protected":false},"excerpt":{"rendered":"<p>1P-LSD \u00e4r en <strong>lysergamid<\/strong> f\u00f6rening, liknande struktur som <strong>LSD (lysergsyradietylamid)<\/strong>men med en <strong>propionylgrupp<\/strong> f\u00e4st vid kv\u00e4vepositionen i indolringen. Denna lilla f\u00f6r\u00e4ndring g\u00f6r att den kan vara <strong>metaboliseras till LSD<\/strong> i kroppen, vilket ger effekter som \u00e4r j\u00e4mf\u00f6rbara med LSD. Det \u00e4r en <strong>psykedelisk substans<\/strong> anv\u00e4nds ofta f\u00f6r b\u00e5de fritids- och rekreations\u00e4ndam\u00e5l <strong>experimentella \u00e4ndam\u00e5l<\/strong>.<\/p>\n<h4><strong>Kemisk formel och \u00e4rendenummer<\/strong><\/h4>\n<ul>\n<li><strong>Kemiskt namn<\/strong>: 1-Propionyl-lysergsyradietylamid<\/li>\n<li><strong>Kemisk formel<\/strong>: C21H26N2O2<\/li>\n<li><strong>CAS-nummer<\/strong>: 1181100-01-1<\/li>\n<\/ul>","protected":false},"featured_media":1512,"comment_status":"open","ping_status":"closed","template":"","meta":{"_joinchat":[]},"product_cat":[186],"product_tag":[1047,1052,1070,1072,1058,1059,1062,1068,1069,1067,1048,1066,1055,1045,1046,1057,1071,1064,1061,1054,1050,1051,1073,1065,1063,1060,1053,1056,1049],"class_list":{"0":"post-1316","1":"product","2":"type-product","3":"status-publish","4":"has-post-thumbnail","6":"product_cat-research-chemicals","7":"product_tag-1p-lsd-for-sale","8":"product_tag-1p-lsd-powder","9":"product_tag-1p-lsd-powder-for-cleaning","10":"product_tag-1p-lsd-powder-for-sale","11":"product_tag-1p-lsd-powder-online","12":"product_tag-1p-lsd-powder-price","13":"product_tag-1p-lsd-powder-store","14":"product_tag-1p-lsd-powder-use","15":"product_tag-1p-lsd-powder-wiki","16":"product_tag-1p-lsd-powder-worldwide","17":"product_tag-1p-lsd-supplier","18":"product_tag-best-cheap-price-1p-lsd-powder","19":"product_tag-best-place-to-buy-1p-lsd-powder","20":"product_tag-buy-1p-1p-lsd","21":"product_tag-buy-1p-lsd-online","22":"product_tag-buy-1p-lsd-powder-legally","23":"product_tag-buy-1p-lsd-powder-online","24":"product_tag-cheap-1p-lsd-powders","25":"product_tag-high-quality-1p-lsd-powder","26":"product_tag-how-to-buy-1p-lsd-powder","27":"product_tag-order-1p-lsd","28":"product_tag-order-1p-lsd-online","29":"product_tag-order-1p-lsd-powder","30":"product_tag-purcharse-1p-lsd-powder-powder","31":"product_tag-shop-1p-lsd-powder","32":"product_tag-top-quality-1p-lsd-powder","33":"product_tag-where-to-buy-1p-lsd-powder","34":"product_tag-where-to-order-1p-lsd-powder","35":"product_tag-wholesale-1p-lsd-bulk-online","37":"first","38":"instock","39":"shipping-taxable","40":"purchasable","41":"product-type-variable"},"yoast_head":"<!-- This site is optimized with the Yoast SEO plugin v24.1 - https:\/\/yoast.com\/wordpress\/plugins\/seo\/ -->\n<title>Buy 1P-LSD Online - 1P-LSD for Sale | NembutalHouse<\/title>\n<meta name=\"description\" content=\"Discover top-notch 1p-lsd for sale at our online store - buy 1p-lsd powder conveniently and securely to fuel your research. Explore and buy 1p-lsd online, advancing your scientific endeavors with ease. Order Now!\" \/>\n<meta name=\"robots\" content=\"index, follow, max-snippet:-1, max-image-preview:large, max-video-preview:-1\" \/>\n<link rel=\"canonical\" href=\"https:\/\/nembutalhouse.com\/sv\/produkt\/buy-1p-lsd-online\/\" \/>\n<meta property=\"og:locale\" content=\"sv_SE\" \/>\n<meta property=\"og:type\" content=\"article\" \/>\n<meta property=\"og:title\" content=\"Buy 1P-LSD Online - 1P-LSD for Sale | NembutalHouse\" \/>\n<meta property=\"og:description\" content=\"Discover top-notch 1p-lsd for sale at our online store - buy 1p-lsd powder conveniently and securely to fuel your research. Explore and buy 1p-lsd online, advancing your scientific endeavors with ease. Order Now!\" \/>\n<meta property=\"og:url\" content=\"https:\/\/nembutalhouse.com\/sv\/produkt\/buy-1p-lsd-online\/\" \/>\n<meta property=\"og:site_name\" content=\"Nembutal House\" \/>\n<meta property=\"article:modified_time\" content=\"2026-03-06T08:19:10+00:00\" \/>\n<meta property=\"og:image\" content=\"https:\/\/nembutalhouse.com\/wp-content\/uploads\/2024\/10\/1P-LSD.gif\" \/>\n\t<meta property=\"og:image:width\" content=\"600\" \/>\n\t<meta property=\"og:image:height\" content=\"600\" \/>\n\t<meta property=\"og:image:type\" content=\"image\/gif\" \/>\n<meta name=\"twitter:card\" content=\"summary_large_image\" \/>\n<meta name=\"twitter:label1\" content=\"Ber\u00e4knad l\u00e4stid\" \/>\n\t<meta name=\"twitter:data1\" content=\"3 minuter\" \/>\n<script type=\"application\/ld+json\" class=\"yoast-schema-graph\">{\"@context\":\"https:\/\/schema.org\",\"@graph\":[{\"@type\":\"WebPage\",\"@id\":\"https:\/\/nembutalhouse.com\/product\/buy-1p-lsd-online\/\",\"url\":\"https:\/\/nembutalhouse.com\/product\/buy-1p-lsd-online\/\",\"name\":\"Buy 1P-LSD Online - 1P-LSD for Sale | NembutalHouse\",\"isPartOf\":{\"@id\":\"https:\/\/nembutalhouse.com\/#website\"},\"primaryImageOfPage\":{\"@id\":\"https:\/\/nembutalhouse.com\/product\/buy-1p-lsd-online\/#primaryimage\"},\"image\":{\"@id\":\"https:\/\/nembutalhouse.com\/product\/buy-1p-lsd-online\/#primaryimage\"},\"thumbnailUrl\":\"https:\/\/nembutalhouse.com\/wp-content\/uploads\/2024\/10\/1P-LSD.gif\",\"datePublished\":\"2024-10-16T11:50:01+00:00\",\"dateModified\":\"2026-03-06T08:19:10+00:00\",\"description\":\"Discover top-notch 1p-lsd for sale at our online store - buy 1p-lsd powder conveniently and securely to fuel your research. Explore and buy 1p-lsd online, advancing your scientific endeavors with ease. Order Now!\",\"breadcrumb\":{\"@id\":\"https:\/\/nembutalhouse.com\/product\/buy-1p-lsd-online\/#breadcrumb\"},\"inLanguage\":\"sv-SE\",\"potentialAction\":[{\"@type\":\"ReadAction\",\"target\":[\"https:\/\/nembutalhouse.com\/product\/buy-1p-lsd-online\/\"]}]},{\"@type\":\"ImageObject\",\"inLanguage\":\"sv-SE\",\"@id\":\"https:\/\/nembutalhouse.com\/product\/buy-1p-lsd-online\/#primaryimage\",\"url\":\"https:\/\/nembutalhouse.com\/wp-content\/uploads\/2024\/10\/1P-LSD.gif\",\"contentUrl\":\"https:\/\/nembutalhouse.com\/wp-content\/uploads\/2024\/10\/1P-LSD.gif\",\"width\":600,\"height\":600,\"caption\":\"Buy 1P-LSD Online\"},{\"@type\":\"BreadcrumbList\",\"@id\":\"https:\/\/nembutalhouse.com\/product\/buy-1p-lsd-online\/#breadcrumb\",\"itemListElement\":[{\"@type\":\"ListItem\",\"position\":1,\"name\":\"Home\",\"item\":\"https:\/\/nembutalhouse.com\/\"},{\"@type\":\"ListItem\",\"position\":2,\"name\":\"Shop\",\"item\":\"https:\/\/nembutalhouse.com\/shop\/\"},{\"@type\":\"ListItem\",\"position\":3,\"name\":\"Buy 1P-LSD Online\"}]},{\"@type\":\"WebSite\",\"@id\":\"https:\/\/nembutalhouse.com\/#website\",\"url\":\"https:\/\/nembutalhouse.com\/\",\"name\":\"Nembutal House\",\"description\":\"Best Nembutal Online Store\",\"publisher\":{\"@id\":\"https:\/\/nembutalhouse.com\/#organization\"},\"potentialAction\":[{\"@type\":\"SearchAction\",\"target\":{\"@type\":\"EntryPoint\",\"urlTemplate\":\"https:\/\/nembutalhouse.com\/?s={search_term_string}\"},\"query-input\":{\"@type\":\"PropertyValueSpecification\",\"valueRequired\":true,\"valueName\":\"search_term_string\"}}],\"inLanguage\":\"sv-SE\"},{\"@type\":\"Organization\",\"@id\":\"https:\/\/nembutalhouse.com\/#organization\",\"name\":\"Nembutal House\",\"url\":\"https:\/\/nembutalhouse.com\/\",\"logo\":{\"@type\":\"ImageObject\",\"inLanguage\":\"sv-SE\",\"@id\":\"https:\/\/nembutalhouse.com\/#\/schema\/logo\/image\/\",\"url\":\"https:\/\/nembutalhouse.com\/wp-content\/uploads\/2022\/12\/logo.png\",\"contentUrl\":\"https:\/\/nembutalhouse.com\/wp-content\/uploads\/2022\/12\/logo.png\",\"width\":344,\"height\":103,\"caption\":\"Nembutal House\"},\"image\":{\"@id\":\"https:\/\/nembutalhouse.com\/#\/schema\/logo\/image\/\"}}]}<\/script>\n<!-- \/ Yoast SEO plugin. -->","yoast_head_json":{"title":"Buy 1P-LSD Online - 1P-LSD for Sale | NembutalHouse","description":"Discover top-notch 1p-lsd for sale at our online store - buy 1p-lsd powder conveniently and securely to fuel your research. Explore and buy 1p-lsd online, advancing your scientific endeavors with ease. Order Now!","robots":{"index":"index","follow":"follow","max-snippet":"max-snippet:-1","max-image-preview":"max-image-preview:large","max-video-preview":"max-video-preview:-1"},"canonical":"https:\/\/nembutalhouse.com\/sv\/produkt\/buy-1p-lsd-online\/","og_locale":"sv_SE","og_type":"article","og_title":"Buy 1P-LSD Online - 1P-LSD for Sale | NembutalHouse","og_description":"Discover top-notch 1p-lsd for sale at our online store - buy 1p-lsd powder conveniently and securely to fuel your research. Explore and buy 1p-lsd online, advancing your scientific endeavors with ease. Order Now!","og_url":"https:\/\/nembutalhouse.com\/sv\/produkt\/buy-1p-lsd-online\/","og_site_name":"Nembutal House","article_modified_time":"2026-03-06T08:19:10+00:00","og_image":[{"width":600,"height":600,"url":"https:\/\/nembutalhouse.com\/wp-content\/uploads\/2024\/10\/1P-LSD.gif","type":"image\/gif"}],"twitter_card":"summary_large_image","twitter_misc":{"Ber\u00e4knad l\u00e4stid":"3 minuter"},"schema":{"@context":"https:\/\/schema.org","@graph":[{"@type":"WebPage","@id":"https:\/\/nembutalhouse.com\/product\/buy-1p-lsd-online\/","url":"https:\/\/nembutalhouse.com\/product\/buy-1p-lsd-online\/","name":"Buy 1P-LSD Online - 1P-LSD for Sale | NembutalHouse","isPartOf":{"@id":"https:\/\/nembutalhouse.com\/#website"},"primaryImageOfPage":{"@id":"https:\/\/nembutalhouse.com\/product\/buy-1p-lsd-online\/#primaryimage"},"image":{"@id":"https:\/\/nembutalhouse.com\/product\/buy-1p-lsd-online\/#primaryimage"},"thumbnailUrl":"https:\/\/nembutalhouse.com\/wp-content\/uploads\/2024\/10\/1P-LSD.gif","datePublished":"2024-10-16T11:50:01+00:00","dateModified":"2026-03-06T08:19:10+00:00","description":"Discover top-notch 1p-lsd for sale at our online store - buy 1p-lsd powder conveniently and securely to fuel your research. Explore and buy 1p-lsd online, advancing your scientific endeavors with ease. Order Now!","breadcrumb":{"@id":"https:\/\/nembutalhouse.com\/product\/buy-1p-lsd-online\/#breadcrumb"},"inLanguage":"sv-SE","potentialAction":[{"@type":"ReadAction","target":["https:\/\/nembutalhouse.com\/product\/buy-1p-lsd-online\/"]}]},{"@type":"ImageObject","inLanguage":"sv-SE","@id":"https:\/\/nembutalhouse.com\/product\/buy-1p-lsd-online\/#primaryimage","url":"https:\/\/nembutalhouse.com\/wp-content\/uploads\/2024\/10\/1P-LSD.gif","contentUrl":"https:\/\/nembutalhouse.com\/wp-content\/uploads\/2024\/10\/1P-LSD.gif","width":600,"height":600,"caption":"Buy 1P-LSD Online"},{"@type":"BreadcrumbList","@id":"https:\/\/nembutalhouse.com\/product\/buy-1p-lsd-online\/#breadcrumb","itemListElement":[{"@type":"ListItem","position":1,"name":"Home","item":"https:\/\/nembutalhouse.com\/"},{"@type":"ListItem","position":2,"name":"Shop","item":"https:\/\/nembutalhouse.com\/shop\/"},{"@type":"ListItem","position":3,"name":"Buy 1P-LSD Online"}]},{"@type":"WebSite","@id":"https:\/\/nembutalhouse.com\/#website","url":"https:\/\/nembutalhouse.com\/","name":"Nembutal House","description":"Best Nembutal Online Store","publisher":{"@id":"https:\/\/nembutalhouse.com\/#organization"},"potentialAction":[{"@type":"SearchAction","target":{"@type":"EntryPoint","urlTemplate":"https:\/\/nembutalhouse.com\/?s={search_term_string}"},"query-input":{"@type":"PropertyValueSpecification","valueRequired":true,"valueName":"search_term_string"}}],"inLanguage":"sv-SE"},{"@type":"Organization","@id":"https:\/\/nembutalhouse.com\/#organization","name":"Nembutal House","url":"https:\/\/nembutalhouse.com\/","logo":{"@type":"ImageObject","inLanguage":"sv-SE","@id":"https:\/\/nembutalhouse.com\/#\/schema\/logo\/image\/","url":"https:\/\/nembutalhouse.com\/wp-content\/uploads\/2022\/12\/logo.png","contentUrl":"https:\/\/nembutalhouse.com\/wp-content\/uploads\/2022\/12\/logo.png","width":344,"height":103,"caption":"Nembutal House"},"image":{"@id":"https:\/\/nembutalhouse.com\/#\/schema\/logo\/image\/"}}]}},"_links":{"self":[{"href":"https:\/\/nembutalhouse.com\/sv\/wp-json\/wp\/v2\/product\/1316","targetHints":{"allow":["GET"]}}],"collection":[{"href":"https:\/\/nembutalhouse.com\/sv\/wp-json\/wp\/v2\/product"}],"about":[{"href":"https:\/\/nembutalhouse.com\/sv\/wp-json\/wp\/v2\/types\/product"}],"replies":[{"embeddable":true,"href":"https:\/\/nembutalhouse.com\/sv\/wp-json\/wp\/v2\/comments?post=1316"}],"wp:featuredmedia":[{"embeddable":true,"href":"https:\/\/nembutalhouse.com\/sv\/wp-json\/wp\/v2\/media\/1512"}],"wp:attachment":[{"href":"https:\/\/nembutalhouse.com\/sv\/wp-json\/wp\/v2\/media?parent=1316"}],"wp:term":[{"taxonomy":"product_cat","embeddable":true,"href":"https:\/\/nembutalhouse.com\/sv\/wp-json\/wp\/v2\/product_cat?post=1316"},{"taxonomy":"product_tag","embeddable":true,"href":"https:\/\/nembutalhouse.com\/sv\/wp-json\/wp\/v2\/product_tag?post=1316"}],"curies":[{"name":"wp","href":"https:\/\/api.w.org\/{rel}","templated":true}]}}