{"id":1182,"date":"2024-10-16T11:48:30","date_gmt":"2024-10-16T11:48:30","guid":{"rendered":"https:\/\/nembutalhouse.com\/?post_type=product&#038;p=1182"},"modified":"2026-03-06T10:23:05","modified_gmt":"2026-03-06T10:23:05","slug":"buy-mfpep-online-2","status":"publish","type":"product","link":"https:\/\/nembutalhouse.com\/sv\/produkt\/buy-mfpep-online-2\/","title":{"rendered":"Buy MFPEP Online"},"content":{"rendered":"<h2>K\u00f6p MFPEP online fr\u00e5n v\u00e4lrenommerade leverant\u00f6rer och handlare.<\/h2>\n<p>You may get <a href=\"https:\/\/nembutalhouse.com\/sv\/produkt\/buy-mfpep-online-2\/\">MFPEP online<\/a> at. We are regarded as the top and most skilled online distributors and providers of MFPEP. If you reside in the USA, Australia, Canada, or Europe, purchasing MFPEP online is quite simple.<\/p>\n<p>Vi anv\u00e4nder de b\u00e4sta forskningskemikalierna och pulvren eftersom vi \u00e4r extremt specialiserade inom detta omr\u00e5de. Under ett antal \u00e5r har vi hj\u00e4lpt dem som \u00f6nskar detta. Denna produkt finns tillg\u00e4nglig h\u00e4r till ett rimligt pris. Ta med dina specifikationer till oss direkt, s\u00e5 slutf\u00f6r vi det snabbt.<\/p>\n<h3>Varf\u00f6r v\u00e4lja NembutalHouse MFPEP Online?<\/h3>\n<p>MFPEP \u00e4r nu l\u00e4ttillg\u00e4ngligt via v\u00e5r onlinebutik. Dessutom finns det gott om \u00f6vertygande sk\u00e4l att v\u00e4lja oss som din \u00e5terf\u00f6rs\u00e4ljare.<\/p>\n<p>Vi har m\u00e5nga \u00e5rs erfarenhet inom detta omr\u00e5de.<\/p>\n<p>Vi samarbetar med seri\u00f6sa och v\u00e4lk\u00e4nda f\u00f6retag.<\/p>\n<p>Vi tillhandah\u00e5ller fortfarande rena och effektiva produkter av h\u00f6g kvalitet.<\/p>\n<p>Vi tillhandah\u00e5ller den s\u00e4kraste och snabbaste leveransen till v\u00e5ra kunder.<\/p>\n<p>Vi f\u00f6rpackar var och en av v\u00e5ra produkter f\u00f6r s\u00e4ker leverans.<\/p>\n<p>Vi erbjuder ocks\u00e5 v\u00e5ra kunder hj\u00e4lp efter k\u00f6pet.<\/p>\n<h3>Var hittar jag MFPEP till salu online?<\/h3>\n<p>For that, <a href=\"https:\/\/nembutalhouse.com\/sv\/\">NembutalHouse<\/a> is the ideal location. You can rely on our online store to deliver the finest. Our products are shipped all over the world. We can be reached at any time and from any location in the world.<\/p>\n<p>Vi \u00e4r h\u00e4r f\u00f6r att hj\u00e4lpa dig med vad vi \u00e4n har h\u00e4r uppe. Tack vare v\u00e5r onlinebutik beh\u00f6ver du inte oroa dig f\u00f6r en enda del.<\/p>\n<p>Adding MFPEP to your purchases on our official website is simple. You can continue with the checkout procedure after choosing your preferred payment option. Your personal information is not a concern. With us, your private information is totally secure. To obtain MFPEP from top producers and vendors, contact our online store. <a href=\"https:\/\/en.wikipedia.org\/wiki\/2-Methyl-6-(phenylethynyl)pyridine\">Purchase MFPEP Online<\/a>!<\/p>","protected":false},"excerpt":{"rendered":"<p>Purchase MFPEP online from reputable vendors and merchants. You may get MFPEP online at. We are regarded as the top and most skilled online distributors and providers of MFPEP. If&hellip;<\/p>","protected":false},"featured_media":1211,"comment_status":"open","ping_status":"closed","template":"","meta":{"_joinchat":[]},"product_cat":[188],"product_tag":[1951,1940,1930,1942,1931,1949,1946,1939,1937,1955,1932,1943,1944,1947,1933,1953,1954,1952,1935,1936,1950,1948,1945,1938,1941,1934],"class_list":{"0":"post-1182","1":"product","2":"type-product","3":"status-publish","4":"has-post-thumbnail","6":"product_cat-stimulants","7":"product_tag-best-cheap-price-mfpep-powder","8":"product_tag-best-place-to-buy-mfpep-powder","9":"product_tag-buy-mfpep-powder","10":"product_tag-buy-mfpep-powder-legally","11":"product_tag-buy-mfpep-powder-online","12":"product_tag-cheap-mfpep-powder","13":"product_tag-high-quality-mfpep-powder","14":"product_tag-how-to-buy-mfpep-powder","15":"product_tag-mfpep-powder","16":"product_tag-mfpep-powder-for-cleaning","17":"product_tag-mfpep-powder-for-sale","18":"product_tag-mfpep-powder-online","19":"product_tag-mfpep-powder-price","20":"product_tag-mfpep-powder-store","21":"product_tag-mfpep-powder-supplier","22":"product_tag-mfpep-powder-use","23":"product_tag-mfpep-powder-wiki","24":"product_tag-mfpep-powder-worldwide","25":"product_tag-order-mfpep-powder","26":"product_tag-order-mfpep-powder-online","27":"product_tag-purcharse-mfpep-powder-powder","28":"product_tag-shop-mfpep-powder","29":"product_tag-top-quality-mfpep-powder","30":"product_tag-where-to-buy-mfpep-powder","31":"product_tag-where-to-order-mfpep-powder","32":"product_tag-wholesale-mfpep-powder-bulk-online","34":"first","35":"instock","36":"shipping-taxable","37":"purchasable","38":"product-type-variable"},"yoast_head":"<!-- This site is optimized with the Yoast SEO plugin v24.1 - https:\/\/yoast.com\/wordpress\/plugins\/seo\/ -->\n<title>Buy MFPEP Online - MFPEP for Sale - Order MFPEP Online<\/title>\n<meta name=\"description\" content=\"Where to buy mfpep online at the best price? Find high-quality mfpep for sale at our secure online store, catering to your research requirements. Order Now!\" \/>\n<meta name=\"robots\" content=\"index, follow, max-snippet:-1, max-image-preview:large, max-video-preview:-1\" \/>\n<link rel=\"canonical\" href=\"https:\/\/nembutalhouse.com\/sv\/produkt\/buy-mfpep-online-2\/\" \/>\n<meta property=\"og:locale\" content=\"sv_SE\" \/>\n<meta property=\"og:type\" content=\"article\" \/>\n<meta property=\"og:title\" content=\"Buy MFPEP Online - MFPEP for Sale - Order MFPEP Online\" \/>\n<meta property=\"og:description\" content=\"Where to buy mfpep online at the best price? Find high-quality mfpep for sale at our secure online store, catering to your research requirements. Order Now!\" \/>\n<meta property=\"og:url\" content=\"https:\/\/nembutalhouse.com\/sv\/produkt\/buy-mfpep-online-2\/\" \/>\n<meta property=\"og:site_name\" content=\"Nembutal House\" \/>\n<meta property=\"article:modified_time\" content=\"2026-03-06T10:23:05+00:00\" \/>\n<meta property=\"og:image\" content=\"https:\/\/nembutalhouse.com\/wp-content\/uploads\/2024\/10\/MFPEP.gif\" \/>\n\t<meta property=\"og:image:width\" content=\"600\" \/>\n\t<meta property=\"og:image:height\" content=\"600\" \/>\n\t<meta property=\"og:image:type\" content=\"image\/gif\" \/>\n<meta name=\"twitter:card\" content=\"summary_large_image\" \/>\n<meta name=\"twitter:label1\" content=\"Ber\u00e4knad l\u00e4stid\" \/>\n\t<meta name=\"twitter:data1\" content=\"2 minuter\" \/>\n<script type=\"application\/ld+json\" class=\"yoast-schema-graph\">{\"@context\":\"https:\/\/schema.org\",\"@graph\":[{\"@type\":\"WebPage\",\"@id\":\"https:\/\/nembutalhouse.com\/product\/buy-mfpep-online-2\/\",\"url\":\"https:\/\/nembutalhouse.com\/product\/buy-mfpep-online-2\/\",\"name\":\"Buy MFPEP Online - MFPEP for Sale - Order MFPEP Online\",\"isPartOf\":{\"@id\":\"https:\/\/nembutalhouse.com\/#website\"},\"primaryImageOfPage\":{\"@id\":\"https:\/\/nembutalhouse.com\/product\/buy-mfpep-online-2\/#primaryimage\"},\"image\":{\"@id\":\"https:\/\/nembutalhouse.com\/product\/buy-mfpep-online-2\/#primaryimage\"},\"thumbnailUrl\":\"https:\/\/nembutalhouse.com\/wp-content\/uploads\/2024\/10\/MFPEP.gif\",\"datePublished\":\"2024-10-16T11:48:30+00:00\",\"dateModified\":\"2026-03-06T10:23:05+00:00\",\"description\":\"Where to buy mfpep online at the best price? Find high-quality mfpep for sale at our secure online store, catering to your research requirements. Order Now!\",\"breadcrumb\":{\"@id\":\"https:\/\/nembutalhouse.com\/product\/buy-mfpep-online-2\/#breadcrumb\"},\"inLanguage\":\"sv-SE\",\"potentialAction\":[{\"@type\":\"ReadAction\",\"target\":[\"https:\/\/nembutalhouse.com\/product\/buy-mfpep-online-2\/\"]}]},{\"@type\":\"ImageObject\",\"inLanguage\":\"sv-SE\",\"@id\":\"https:\/\/nembutalhouse.com\/product\/buy-mfpep-online-2\/#primaryimage\",\"url\":\"https:\/\/nembutalhouse.com\/wp-content\/uploads\/2024\/10\/MFPEP.gif\",\"contentUrl\":\"https:\/\/nembutalhouse.com\/wp-content\/uploads\/2024\/10\/MFPEP.gif\",\"width\":600,\"height\":600,\"caption\":\"Buy MFPEP Online\"},{\"@type\":\"BreadcrumbList\",\"@id\":\"https:\/\/nembutalhouse.com\/product\/buy-mfpep-online-2\/#breadcrumb\",\"itemListElement\":[{\"@type\":\"ListItem\",\"position\":1,\"name\":\"Home\",\"item\":\"https:\/\/nembutalhouse.com\/\"},{\"@type\":\"ListItem\",\"position\":2,\"name\":\"Shop\",\"item\":\"https:\/\/nembutalhouse.com\/shop\/\"},{\"@type\":\"ListItem\",\"position\":3,\"name\":\"Buy MFPEP Online\"}]},{\"@type\":\"WebSite\",\"@id\":\"https:\/\/nembutalhouse.com\/#website\",\"url\":\"https:\/\/nembutalhouse.com\/\",\"name\":\"Nembutal House\",\"description\":\"Best Nembutal Online Store\",\"publisher\":{\"@id\":\"https:\/\/nembutalhouse.com\/#organization\"},\"potentialAction\":[{\"@type\":\"SearchAction\",\"target\":{\"@type\":\"EntryPoint\",\"urlTemplate\":\"https:\/\/nembutalhouse.com\/?s={search_term_string}\"},\"query-input\":{\"@type\":\"PropertyValueSpecification\",\"valueRequired\":true,\"valueName\":\"search_term_string\"}}],\"inLanguage\":\"sv-SE\"},{\"@type\":\"Organization\",\"@id\":\"https:\/\/nembutalhouse.com\/#organization\",\"name\":\"Nembutal House\",\"url\":\"https:\/\/nembutalhouse.com\/\",\"logo\":{\"@type\":\"ImageObject\",\"inLanguage\":\"sv-SE\",\"@id\":\"https:\/\/nembutalhouse.com\/#\/schema\/logo\/image\/\",\"url\":\"https:\/\/nembutalhouse.com\/wp-content\/uploads\/2022\/12\/logo.png\",\"contentUrl\":\"https:\/\/nembutalhouse.com\/wp-content\/uploads\/2022\/12\/logo.png\",\"width\":344,\"height\":103,\"caption\":\"Nembutal House\"},\"image\":{\"@id\":\"https:\/\/nembutalhouse.com\/#\/schema\/logo\/image\/\"}}]}<\/script>\n<!-- \/ Yoast SEO plugin. -->","yoast_head_json":{"title":"Buy MFPEP Online - MFPEP for Sale - Order MFPEP Online","description":"Where to buy mfpep online at the best price? Find high-quality mfpep for sale at our secure online store, catering to your research requirements. Order Now!","robots":{"index":"index","follow":"follow","max-snippet":"max-snippet:-1","max-image-preview":"max-image-preview:large","max-video-preview":"max-video-preview:-1"},"canonical":"https:\/\/nembutalhouse.com\/sv\/produkt\/buy-mfpep-online-2\/","og_locale":"sv_SE","og_type":"article","og_title":"Buy MFPEP Online - MFPEP for Sale - Order MFPEP Online","og_description":"Where to buy mfpep online at the best price? Find high-quality mfpep for sale at our secure online store, catering to your research requirements. Order Now!","og_url":"https:\/\/nembutalhouse.com\/sv\/produkt\/buy-mfpep-online-2\/","og_site_name":"Nembutal House","article_modified_time":"2026-03-06T10:23:05+00:00","og_image":[{"width":600,"height":600,"url":"https:\/\/nembutalhouse.com\/wp-content\/uploads\/2024\/10\/MFPEP.gif","type":"image\/gif"}],"twitter_card":"summary_large_image","twitter_misc":{"Ber\u00e4knad l\u00e4stid":"2 minuter"},"schema":{"@context":"https:\/\/schema.org","@graph":[{"@type":"WebPage","@id":"https:\/\/nembutalhouse.com\/product\/buy-mfpep-online-2\/","url":"https:\/\/nembutalhouse.com\/product\/buy-mfpep-online-2\/","name":"Buy MFPEP Online - MFPEP for Sale - Order MFPEP Online","isPartOf":{"@id":"https:\/\/nembutalhouse.com\/#website"},"primaryImageOfPage":{"@id":"https:\/\/nembutalhouse.com\/product\/buy-mfpep-online-2\/#primaryimage"},"image":{"@id":"https:\/\/nembutalhouse.com\/product\/buy-mfpep-online-2\/#primaryimage"},"thumbnailUrl":"https:\/\/nembutalhouse.com\/wp-content\/uploads\/2024\/10\/MFPEP.gif","datePublished":"2024-10-16T11:48:30+00:00","dateModified":"2026-03-06T10:23:05+00:00","description":"Where to buy mfpep online at the best price? Find high-quality mfpep for sale at our secure online store, catering to your research requirements. Order Now!","breadcrumb":{"@id":"https:\/\/nembutalhouse.com\/product\/buy-mfpep-online-2\/#breadcrumb"},"inLanguage":"sv-SE","potentialAction":[{"@type":"ReadAction","target":["https:\/\/nembutalhouse.com\/product\/buy-mfpep-online-2\/"]}]},{"@type":"ImageObject","inLanguage":"sv-SE","@id":"https:\/\/nembutalhouse.com\/product\/buy-mfpep-online-2\/#primaryimage","url":"https:\/\/nembutalhouse.com\/wp-content\/uploads\/2024\/10\/MFPEP.gif","contentUrl":"https:\/\/nembutalhouse.com\/wp-content\/uploads\/2024\/10\/MFPEP.gif","width":600,"height":600,"caption":"Buy MFPEP Online"},{"@type":"BreadcrumbList","@id":"https:\/\/nembutalhouse.com\/product\/buy-mfpep-online-2\/#breadcrumb","itemListElement":[{"@type":"ListItem","position":1,"name":"Home","item":"https:\/\/nembutalhouse.com\/"},{"@type":"ListItem","position":2,"name":"Shop","item":"https:\/\/nembutalhouse.com\/shop\/"},{"@type":"ListItem","position":3,"name":"Buy MFPEP Online"}]},{"@type":"WebSite","@id":"https:\/\/nembutalhouse.com\/#website","url":"https:\/\/nembutalhouse.com\/","name":"Nembutal House","description":"Best Nembutal Online Store","publisher":{"@id":"https:\/\/nembutalhouse.com\/#organization"},"potentialAction":[{"@type":"SearchAction","target":{"@type":"EntryPoint","urlTemplate":"https:\/\/nembutalhouse.com\/?s={search_term_string}"},"query-input":{"@type":"PropertyValueSpecification","valueRequired":true,"valueName":"search_term_string"}}],"inLanguage":"sv-SE"},{"@type":"Organization","@id":"https:\/\/nembutalhouse.com\/#organization","name":"Nembutal House","url":"https:\/\/nembutalhouse.com\/","logo":{"@type":"ImageObject","inLanguage":"sv-SE","@id":"https:\/\/nembutalhouse.com\/#\/schema\/logo\/image\/","url":"https:\/\/nembutalhouse.com\/wp-content\/uploads\/2022\/12\/logo.png","contentUrl":"https:\/\/nembutalhouse.com\/wp-content\/uploads\/2022\/12\/logo.png","width":344,"height":103,"caption":"Nembutal House"},"image":{"@id":"https:\/\/nembutalhouse.com\/#\/schema\/logo\/image\/"}}]}},"_links":{"self":[{"href":"https:\/\/nembutalhouse.com\/sv\/wp-json\/wp\/v2\/product\/1182","targetHints":{"allow":["GET"]}}],"collection":[{"href":"https:\/\/nembutalhouse.com\/sv\/wp-json\/wp\/v2\/product"}],"about":[{"href":"https:\/\/nembutalhouse.com\/sv\/wp-json\/wp\/v2\/types\/product"}],"replies":[{"embeddable":true,"href":"https:\/\/nembutalhouse.com\/sv\/wp-json\/wp\/v2\/comments?post=1182"}],"wp:featuredmedia":[{"embeddable":true,"href":"https:\/\/nembutalhouse.com\/sv\/wp-json\/wp\/v2\/media\/1211"}],"wp:attachment":[{"href":"https:\/\/nembutalhouse.com\/sv\/wp-json\/wp\/v2\/media?parent=1182"}],"wp:term":[{"taxonomy":"product_cat","embeddable":true,"href":"https:\/\/nembutalhouse.com\/sv\/wp-json\/wp\/v2\/product_cat?post=1182"},{"taxonomy":"product_tag","embeddable":true,"href":"https:\/\/nembutalhouse.com\/sv\/wp-json\/wp\/v2\/product_tag?post=1182"}],"curies":[{"name":"wp","href":"https:\/\/api.w.org\/{rel}","templated":true}]}}