{"id":1172,"date":"2024-10-16T11:48:09","date_gmt":"2024-10-16T11:48:09","guid":{"rendered":"https:\/\/nembutalhouse.com\/?post_type=product&#038;p=1172"},"modified":"2026-03-06T07:37:27","modified_gmt":"2026-03-06T07:37:27","slug":"buy-5f-emb-online-2","status":"publish","type":"product","link":"https:\/\/nembutalhouse.com\/sv\/produkt\/buy-5f-emb-online-2\/","title":{"rendered":"Buy 5f-EMB Online"},"content":{"rendered":"<h2>K\u00f6p 5f-EMB online p\u00e5 NembutalHouse.<\/h2>\n<p><a href=\"https:\/\/nembutalhouse.com\/sv\/produkt\/buy-5f-emb-online-2\/\">Purchase 5f-EMB<\/a>.Synthetic and natural components were combined to make 5f-EMB, a novel synthetic research molecule. The primary objective of research chemicals is to enable a more thorough investigation of these substances in order to gain a better understanding of their characteristics. 5f-EMB is only meant to be used in forensic or scientific labs. <a href=\"https:\/\/nembutalhouse.com\/sv\/\">Nembutalhus<\/a> is the greatest option for purchasing 5f-EMB online.<\/p>\n<p>Eftersom 5f-EMB \u00e4r en relativt ny kemikalie p\u00e5 marknaden \u00e4r lite k\u00e4nt om dess effekter p\u00e5 m\u00e4nniskokroppen. Dess kemiska formel \u00e4r c21h29fn203 och dess molekylmassa \u00e4r 376,5. Flera laboratorieexperiment anv\u00e4ndes f\u00f6r att fastst\u00e4lla de uppgifter som tillhandah\u00f6lls. Andra uppgifter kopplar 5f-EMB till andra f\u00f6reningar p\u00e5 grund av deras relativa likhet.<\/p>\n<p>Det f\u00f6rv\u00e4ntas att 5f-EMB kommer att ha en j\u00e4mf\u00f6rbar effekt eftersom vetenskapliga bevis tyder p\u00e5 att l\u00e4kemedlet \u00e4r en potent cannabinoidreceptoragonist.<\/p>\n<p>A variety of chemicals have been related to 5f-EMB through research undertaken in scientific institutes. We shall investigate this material to determine whether its qualities and composition are known. However, as there is currently no information available regarding this chemical&#8217;s advantages, toxicity, side effects, or long-term impacts, it is not meant for human consumption. Purchase <a href=\"https:\/\/en.wikipedia.org\/wiki\/5F-EMB-PINACA\">5f-EMB.<\/a><\/p>\n<h3>f\u00f6rdelar med 5f-EMB.<\/h3>\n<p>Enligt forskning kan det vara f\u00f6rdelaktigt att k\u00f6pa 5f-EMB online f\u00f6r:<\/p>\n<p>Illam\u00e5ende och kr\u00e4kningar som orsakas av kemoterapi kan hanteras.<\/p>\n<p>Det minskar inflammationen och lindrar obehaget.<\/p>\n<p>N\u00e4r cancercellerna utrotas stoppas tum\u00f6rtillv\u00e4xten.<\/p>\n<p>Det hj\u00e4lper personer med multipel skleros som har sp\u00e4nda muskler.<\/p>\n<p>Det hj\u00e4lper personer med aids och cancer och \u00f6kar aptiten.<\/p>\n<h3>Varf\u00f6r \u00e4r 5f-EMB Online det b\u00e4sta alternativet som finns?<\/h3>\n<p>Den b\u00e4sta 5f-EMB finns tillg\u00e4nglig f\u00f6r k\u00f6p \u00f6ver hela v\u00e4rlden fr\u00e5n Nembutalhouse. Vi uppr\u00e4tth\u00e5ller konkurrenskraftiga produktpriser p\u00e5 marknaden. V\u00e5r onlinebutik har tillg\u00e5ng till expert logistiskt och tekniskt st\u00f6d. Vi anv\u00e4nder dolda f\u00f6rpackningar och har en snabb leveranspolicy. Vi kommer att slutf\u00f6ra din best\u00e4llning s\u00e5 snabbt som m\u00f6jligt om du tar den till oss. K\u00f6p 5f-EMB online just nu!<\/p>\n<h3>K\u00f6p 5F-MDMB-2201.<\/h3>\n<p>En ny syntetisk cannabinoid \u00e4r 5F-MDMB-2201. Leta inte l\u00e4ngre om du har letat efter den nyaste cannabinoiden p\u00e5 marknaden. 5F-MDMB-2201 \u00e4r en potent cannabinoidreceptoragonist.<\/p>\n<p>Avslappning, kroppslig l\u00e4tthet, hum\u00f6rh\u00f6jning, stressreduktion, f\u00e4rgf\u00f6rb\u00e4ttring, \u00f6kad musikalisk medvetenhet och eufori \u00e4r vanliga resultat av laboratorief\u00f6rs\u00f6k. Du kan vara bland de f\u00f6rsta laboratorierna som l\u00e4gger till denna otroliga kemikalie i ditt lager om du r\u00f6r dig snabbt.<\/p>\n<h3>Vilken butik s\u00e4ljer 5F-MDMB-2201?<\/h3>\n<p>V\u00e5r kemiska butik s\u00e4ljer 5F-MDMB-2201, som \u00e4r av h\u00f6gsta kvalitet. Vanligtvis kommer det i pulverform. Vi har dock ofta alternativa former tillg\u00e4ngliga, s\u00e5 fr\u00e5ga om du vill ha en annan form; vi har troligen en.<\/p>\n<p>&nbsp;<\/p>","protected":false},"excerpt":{"rendered":"<p>Purchase 5f-EMB online at NembutalHouse. Purchase 5f-EMB.Synthetic and natural components were combined to make 5f-EMB, a novel synthetic research molecule. The primary objective of research chemicals is to enable a&hellip;<\/p>","protected":false},"featured_media":1180,"comment_status":"open","ping_status":"closed","template":"","meta":{"_joinchat":[]},"product_cat":[186],"product_tag":[1963,1981,1958,1969,1970,1973,1959,1979,1980,1978,1977,1966,1956,1968,1957,1975,1972,1965,1961,1962,1976,1974,1971,1964,1967,1960],"class_list":{"0":"post-1172","1":"product","2":"type-product","3":"status-publish","4":"has-post-thumbnail","6":"product_cat-research-chemicals","7":"product_tag-5f-emb-powder","8":"product_tag-5f-emb-powder-for-cleaning","9":"product_tag-5f-emb-powder-for-sale","10":"product_tag-5f-emb-powder-online","11":"product_tag-5f-emb-powder-price","12":"product_tag-5f-emb-powder-store","13":"product_tag-5f-emb-powder-supplier","14":"product_tag-5f-emb-powder-use","15":"product_tag-5f-emb-powder-wiki","16":"product_tag-5f-emb-powder-worldwide","17":"product_tag-best-cheap-price-5f-emb-powder","18":"product_tag-best-place-to-buy-5f-emb-powder","19":"product_tag-buy-5f-emb-powder","20":"product_tag-buy-5f-emb-powder-legally","21":"product_tag-buy-5f-emb-powder-online","22":"product_tag-cheap-5f-emb-powder","23":"product_tag-high-quality-5f-emb-powder","24":"product_tag-how-to-buy-5f-emb-powder","25":"product_tag-order-5f-emb-powder","26":"product_tag-order-5f-emb-powder-online","27":"product_tag-purcharse-5f-emb-powder-powder","28":"product_tag-shop-5f-emb-powder","29":"product_tag-top-quality-5f-emb-powder","30":"product_tag-where-to-buy-5f-emb-powder","31":"product_tag-where-to-order-5f-emb-powder","32":"product_tag-wholesale-5f-emb-powder-bulk-online","34":"first","35":"instock","36":"shipping-taxable","37":"purchasable","38":"product-type-variable"},"yoast_head":"<!-- This site is optimized with the Yoast SEO plugin v24.1 - https:\/\/yoast.com\/wordpress\/plugins\/seo\/ -->\n<title>Buy 5F-EMB Online - 5F-EMB for Sale - Order 5F-EMB Online<\/title>\n<meta name=\"description\" content=\"You can buy 5f-emb online at the best prices from our online store. We have cheap and high-quality 5f-emb for sale and providing worldwide delivery. You can order from anytime, anywhere.\" \/>\n<meta name=\"robots\" content=\"index, follow, max-snippet:-1, max-image-preview:large, max-video-preview:-1\" \/>\n<link rel=\"canonical\" href=\"https:\/\/nembutalhouse.com\/sv\/produkt\/buy-5f-emb-online-2\/\" \/>\n<meta property=\"og:locale\" content=\"sv_SE\" \/>\n<meta property=\"og:type\" content=\"article\" \/>\n<meta property=\"og:title\" content=\"Buy 5F-EMB Online - 5F-EMB for Sale - Order 5F-EMB Online\" \/>\n<meta property=\"og:description\" content=\"You can buy 5f-emb online at the best prices from our online store. We have cheap and high-quality 5f-emb for sale and providing worldwide delivery. You can order from anytime, anywhere.\" \/>\n<meta property=\"og:url\" content=\"https:\/\/nembutalhouse.com\/sv\/produkt\/buy-5f-emb-online-2\/\" \/>\n<meta property=\"og:site_name\" content=\"Nembutal House\" \/>\n<meta property=\"article:modified_time\" content=\"2026-03-06T07:37:27+00:00\" \/>\n<meta property=\"og:image\" content=\"https:\/\/nembutalhouse.com\/wp-content\/uploads\/2024\/10\/5f-EMB.gif\" \/>\n\t<meta property=\"og:image:width\" content=\"600\" \/>\n\t<meta property=\"og:image:height\" content=\"600\" \/>\n\t<meta property=\"og:image:type\" content=\"image\/gif\" \/>\n<meta name=\"twitter:card\" content=\"summary_large_image\" \/>\n<meta name=\"twitter:label1\" content=\"Ber\u00e4knad l\u00e4stid\" \/>\n\t<meta name=\"twitter:data1\" content=\"3 minuter\" \/>\n<script type=\"application\/ld+json\" class=\"yoast-schema-graph\">{\"@context\":\"https:\/\/schema.org\",\"@graph\":[{\"@type\":\"WebPage\",\"@id\":\"https:\/\/nembutalhouse.com\/product\/buy-5f-emb-online-2\/\",\"url\":\"https:\/\/nembutalhouse.com\/product\/buy-5f-emb-online-2\/\",\"name\":\"Buy 5F-EMB Online - 5F-EMB for Sale - Order 5F-EMB Online\",\"isPartOf\":{\"@id\":\"https:\/\/nembutalhouse.com\/#website\"},\"primaryImageOfPage\":{\"@id\":\"https:\/\/nembutalhouse.com\/product\/buy-5f-emb-online-2\/#primaryimage\"},\"image\":{\"@id\":\"https:\/\/nembutalhouse.com\/product\/buy-5f-emb-online-2\/#primaryimage\"},\"thumbnailUrl\":\"https:\/\/nembutalhouse.com\/wp-content\/uploads\/2024\/10\/5f-EMB.gif\",\"datePublished\":\"2024-10-16T11:48:09+00:00\",\"dateModified\":\"2026-03-06T07:37:27+00:00\",\"description\":\"You can buy 5f-emb online at the best prices from our online store. We have cheap and high-quality 5f-emb for sale and providing worldwide delivery. You can order from anytime, anywhere.\",\"breadcrumb\":{\"@id\":\"https:\/\/nembutalhouse.com\/product\/buy-5f-emb-online-2\/#breadcrumb\"},\"inLanguage\":\"sv-SE\",\"potentialAction\":[{\"@type\":\"ReadAction\",\"target\":[\"https:\/\/nembutalhouse.com\/product\/buy-5f-emb-online-2\/\"]}]},{\"@type\":\"ImageObject\",\"inLanguage\":\"sv-SE\",\"@id\":\"https:\/\/nembutalhouse.com\/product\/buy-5f-emb-online-2\/#primaryimage\",\"url\":\"https:\/\/nembutalhouse.com\/wp-content\/uploads\/2024\/10\/5f-EMB.gif\",\"contentUrl\":\"https:\/\/nembutalhouse.com\/wp-content\/uploads\/2024\/10\/5f-EMB.gif\",\"width\":600,\"height\":600,\"caption\":\"Buy 5f-EMB Online\"},{\"@type\":\"BreadcrumbList\",\"@id\":\"https:\/\/nembutalhouse.com\/product\/buy-5f-emb-online-2\/#breadcrumb\",\"itemListElement\":[{\"@type\":\"ListItem\",\"position\":1,\"name\":\"Home\",\"item\":\"https:\/\/nembutalhouse.com\/\"},{\"@type\":\"ListItem\",\"position\":2,\"name\":\"Shop\",\"item\":\"https:\/\/nembutalhouse.com\/shop\/\"},{\"@type\":\"ListItem\",\"position\":3,\"name\":\"Buy 5f-EMB Online\"}]},{\"@type\":\"WebSite\",\"@id\":\"https:\/\/nembutalhouse.com\/#website\",\"url\":\"https:\/\/nembutalhouse.com\/\",\"name\":\"Nembutal House\",\"description\":\"Best Nembutal Online Store\",\"publisher\":{\"@id\":\"https:\/\/nembutalhouse.com\/#organization\"},\"potentialAction\":[{\"@type\":\"SearchAction\",\"target\":{\"@type\":\"EntryPoint\",\"urlTemplate\":\"https:\/\/nembutalhouse.com\/?s={search_term_string}\"},\"query-input\":{\"@type\":\"PropertyValueSpecification\",\"valueRequired\":true,\"valueName\":\"search_term_string\"}}],\"inLanguage\":\"sv-SE\"},{\"@type\":\"Organization\",\"@id\":\"https:\/\/nembutalhouse.com\/#organization\",\"name\":\"Nembutal House\",\"url\":\"https:\/\/nembutalhouse.com\/\",\"logo\":{\"@type\":\"ImageObject\",\"inLanguage\":\"sv-SE\",\"@id\":\"https:\/\/nembutalhouse.com\/#\/schema\/logo\/image\/\",\"url\":\"https:\/\/nembutalhouse.com\/wp-content\/uploads\/2022\/12\/logo.png\",\"contentUrl\":\"https:\/\/nembutalhouse.com\/wp-content\/uploads\/2022\/12\/logo.png\",\"width\":344,\"height\":103,\"caption\":\"Nembutal House\"},\"image\":{\"@id\":\"https:\/\/nembutalhouse.com\/#\/schema\/logo\/image\/\"}}]}<\/script>\n<!-- \/ Yoast SEO plugin. -->","yoast_head_json":{"title":"Buy 5F-EMB Online - 5F-EMB for Sale - Order 5F-EMB Online","description":"You can buy 5f-emb online at the best prices from our online store. We have cheap and high-quality 5f-emb for sale and providing worldwide delivery. You can order from anytime, anywhere.","robots":{"index":"index","follow":"follow","max-snippet":"max-snippet:-1","max-image-preview":"max-image-preview:large","max-video-preview":"max-video-preview:-1"},"canonical":"https:\/\/nembutalhouse.com\/sv\/produkt\/buy-5f-emb-online-2\/","og_locale":"sv_SE","og_type":"article","og_title":"Buy 5F-EMB Online - 5F-EMB for Sale - Order 5F-EMB Online","og_description":"You can buy 5f-emb online at the best prices from our online store. We have cheap and high-quality 5f-emb for sale and providing worldwide delivery. You can order from anytime, anywhere.","og_url":"https:\/\/nembutalhouse.com\/sv\/produkt\/buy-5f-emb-online-2\/","og_site_name":"Nembutal House","article_modified_time":"2026-03-06T07:37:27+00:00","og_image":[{"width":600,"height":600,"url":"https:\/\/nembutalhouse.com\/wp-content\/uploads\/2024\/10\/5f-EMB.gif","type":"image\/gif"}],"twitter_card":"summary_large_image","twitter_misc":{"Ber\u00e4knad l\u00e4stid":"3 minuter"},"schema":{"@context":"https:\/\/schema.org","@graph":[{"@type":"WebPage","@id":"https:\/\/nembutalhouse.com\/product\/buy-5f-emb-online-2\/","url":"https:\/\/nembutalhouse.com\/product\/buy-5f-emb-online-2\/","name":"Buy 5F-EMB Online - 5F-EMB for Sale - Order 5F-EMB Online","isPartOf":{"@id":"https:\/\/nembutalhouse.com\/#website"},"primaryImageOfPage":{"@id":"https:\/\/nembutalhouse.com\/product\/buy-5f-emb-online-2\/#primaryimage"},"image":{"@id":"https:\/\/nembutalhouse.com\/product\/buy-5f-emb-online-2\/#primaryimage"},"thumbnailUrl":"https:\/\/nembutalhouse.com\/wp-content\/uploads\/2024\/10\/5f-EMB.gif","datePublished":"2024-10-16T11:48:09+00:00","dateModified":"2026-03-06T07:37:27+00:00","description":"You can buy 5f-emb online at the best prices from our online store. We have cheap and high-quality 5f-emb for sale and providing worldwide delivery. You can order from anytime, anywhere.","breadcrumb":{"@id":"https:\/\/nembutalhouse.com\/product\/buy-5f-emb-online-2\/#breadcrumb"},"inLanguage":"sv-SE","potentialAction":[{"@type":"ReadAction","target":["https:\/\/nembutalhouse.com\/product\/buy-5f-emb-online-2\/"]}]},{"@type":"ImageObject","inLanguage":"sv-SE","@id":"https:\/\/nembutalhouse.com\/product\/buy-5f-emb-online-2\/#primaryimage","url":"https:\/\/nembutalhouse.com\/wp-content\/uploads\/2024\/10\/5f-EMB.gif","contentUrl":"https:\/\/nembutalhouse.com\/wp-content\/uploads\/2024\/10\/5f-EMB.gif","width":600,"height":600,"caption":"Buy 5f-EMB Online"},{"@type":"BreadcrumbList","@id":"https:\/\/nembutalhouse.com\/product\/buy-5f-emb-online-2\/#breadcrumb","itemListElement":[{"@type":"ListItem","position":1,"name":"Home","item":"https:\/\/nembutalhouse.com\/"},{"@type":"ListItem","position":2,"name":"Shop","item":"https:\/\/nembutalhouse.com\/shop\/"},{"@type":"ListItem","position":3,"name":"Buy 5f-EMB Online"}]},{"@type":"WebSite","@id":"https:\/\/nembutalhouse.com\/#website","url":"https:\/\/nembutalhouse.com\/","name":"Nembutal House","description":"Best Nembutal Online Store","publisher":{"@id":"https:\/\/nembutalhouse.com\/#organization"},"potentialAction":[{"@type":"SearchAction","target":{"@type":"EntryPoint","urlTemplate":"https:\/\/nembutalhouse.com\/?s={search_term_string}"},"query-input":{"@type":"PropertyValueSpecification","valueRequired":true,"valueName":"search_term_string"}}],"inLanguage":"sv-SE"},{"@type":"Organization","@id":"https:\/\/nembutalhouse.com\/#organization","name":"Nembutal House","url":"https:\/\/nembutalhouse.com\/","logo":{"@type":"ImageObject","inLanguage":"sv-SE","@id":"https:\/\/nembutalhouse.com\/#\/schema\/logo\/image\/","url":"https:\/\/nembutalhouse.com\/wp-content\/uploads\/2022\/12\/logo.png","contentUrl":"https:\/\/nembutalhouse.com\/wp-content\/uploads\/2022\/12\/logo.png","width":344,"height":103,"caption":"Nembutal House"},"image":{"@id":"https:\/\/nembutalhouse.com\/#\/schema\/logo\/image\/"}}]}},"_links":{"self":[{"href":"https:\/\/nembutalhouse.com\/sv\/wp-json\/wp\/v2\/product\/1172","targetHints":{"allow":["GET"]}}],"collection":[{"href":"https:\/\/nembutalhouse.com\/sv\/wp-json\/wp\/v2\/product"}],"about":[{"href":"https:\/\/nembutalhouse.com\/sv\/wp-json\/wp\/v2\/types\/product"}],"replies":[{"embeddable":true,"href":"https:\/\/nembutalhouse.com\/sv\/wp-json\/wp\/v2\/comments?post=1172"}],"wp:featuredmedia":[{"embeddable":true,"href":"https:\/\/nembutalhouse.com\/sv\/wp-json\/wp\/v2\/media\/1180"}],"wp:attachment":[{"href":"https:\/\/nembutalhouse.com\/sv\/wp-json\/wp\/v2\/media?parent=1172"}],"wp:term":[{"taxonomy":"product_cat","embeddable":true,"href":"https:\/\/nembutalhouse.com\/sv\/wp-json\/wp\/v2\/product_cat?post=1172"},{"taxonomy":"product_tag","embeddable":true,"href":"https:\/\/nembutalhouse.com\/sv\/wp-json\/wp\/v2\/product_tag?post=1172"}],"curies":[{"name":"wp","href":"https:\/\/api.w.org\/{rel}","templated":true}]}}