{"id":1165,"date":"2024-10-16T11:48:08","date_gmt":"2024-10-16T11:48:08","guid":{"rendered":"https:\/\/nembutalhouse.com\/?post_type=product&#038;p=1165"},"modified":"2026-03-06T08:29:06","modified_gmt":"2026-03-06T08:29:06","slug":"buy-adbb-online-2","status":"publish","type":"product","link":"https:\/\/nembutalhouse.com\/sv\/produkt\/buy-adbb-online-2\/","title":{"rendered":"Buy ADBB Online"},"content":{"rendered":"<h2>K\u00f6p ADBB-pulver online.<\/h2>\n<p><a href=\"https:\/\/nembutalhouse.com\/sv\/produkt\/buy-adbb-online-2\/\">Purchase ADBB online<\/a>. Certain synthetic cannabis products contain ingredients of a newly developed synthetic medication called ADBB. They are a strong agonist of the CB1 and CB2 receptors, with respective EC50 values of 0.52 nM and 0.88 nM. However, nothing is known about this compound&#8217;s physiologic and toxicological characteristics.<\/p>\n<h3>Vad \u00e4r anv\u00e4ndningen av ADBB?<\/h3>\n<p>ADBB-l\u00e4kemedlet ska inte tas av m\u00e4nniskor. Forskare vid r\u00e4ttsmedicinska laboratorier anv\u00e4nder denna medicinering som en studiekemikalie.<\/p>\n<h3>Vilka biverkningar orsakar ADBB?<\/h3>\n<p>F\u00f6ljande biverkningar \u00e4r m\u00f6jliga vid l\u00e5ngvarig anv\u00e4ndning av ADBB-pulver:<\/p>\n<p>o Delirium<\/p>\n<p>o Kardiotoxicitet<\/p>\n<p>Ett krampanfall<\/p>\n<p>Hypotermi<\/p>\n<h3>Hur fick du k\u00e4nnedom om ADB Butinaca?<\/h3>\n<p>Utan logisk testning \u00e4r det utmanande att identifiera ADB Butinaca. Den f\u00f6redrar att blanda sig med andra ADB Butinaca som \u00e4r till salu och f\u00f6rekommer naturligt som ljusbruna eller gulaktiga partiklar. Eftersom andra enheter kan anv\u00e4nda fasadidentifierare som nyans, doft och smak, g\u00f6r en blygsam m\u00e4ngd ADB Butinaca i en provsmakare identifiering utmanande. De kan ocks\u00e5 inspireras oralt eller vamped. M\u00e4nniskor s\u00e4tter in inneh\u00e5llna prover, som s\u00e4ljs som en gatudrog f\u00f6r ADB Butinaca. Efter att ha anv\u00e4nt ADB Butinaca hade kunderna bara positiva saker att s\u00e4ga om det. Forskare och kemientusiaster har en fantastisk m\u00f6jlighet att utf\u00f6ra fascinerande experiment och ta ledningen f\u00f6r att identifiera de grundl\u00e4ggande kemiska och fysiska egenskaperna hos materialet eftersom s\u00e5 lite \u00e4r k\u00e4nt om det.<\/p>\n<h3>Varf\u00f6r k\u00f6ps ADB Butinaca?<\/h3>\n<p>Vissa syntetiska cannabisprodukter inneh\u00e5ller det. Det v\u00e4lk\u00e4nda amerikanska l\u00e4kemedelsf\u00f6retaget Pfizer skapade denna designermedicin med m\u00e5let att skapa ett m\u00f6jligt sm\u00e4rtstillande medel. Om du \u00e4r forskare och vill anv\u00e4nda det f\u00f6r forskning b\u00f6r du vara medveten om de m\u00f6jliga farorna och biverkningarna. Det \u00e4r psykotropiskt, precis som andra syntetiska cannabinoider. Dessutom har denna kemikalie kopplats till ett antal negativa effekter. Du kan f\u00e5 ADB Butinaca online fr\u00e5n Orange Hems, en p\u00e5litlig webbplats.<\/p>\n<h3>Vilka konsekvenser f\u00e5r ADB Butinaca?<\/h3>\n<p>One type of novel overpowering chemical that is typically employed in study is <a href=\"https:\/\/nembutalhouse.com\/sv\/\">ADB-BUTINACA<\/a>.<\/p>\n<h3>Varf\u00f6r k\u00f6ps ADB Butinaca?<\/h3>\n<p>Vissa syntetiska cannabisprodukter inneh\u00e5ller det. Det v\u00e4lk\u00e4nda amerikanska l\u00e4kemedelsf\u00f6retaget Pfizer skapade denna designermedicin med m\u00e5let att skapa ett m\u00f6jligt sm\u00e4rtstillande medel. Om du \u00e4r forskare och vill anv\u00e4nda det f\u00f6r forskning b\u00f6r du vara medveten om de m\u00f6jliga farorna och biverkningarna. Det \u00e4r psykotropiskt, precis som andra syntetiska cannabinoider. Dessutom har denna kemikalie kopplats till ett antal negativa effekter. Du kan f\u00e5 ADB Butinaca online fr\u00e5n Orange Hems, en p\u00e5litlig webbplats.<\/p>\n<h3>Vilka konsekvenser f\u00e5r ADB Butinaca?<\/h3>\n<p>En typ av ny \u00f6verv\u00e4ldigande kemikalie som vanligtvis anv\u00e4nds i studier \u00e4r ADB-BUTINACA.<\/p>\n<p>Dessa nya syntetiska cannabinoider \u00e4r konstgjorda f\u00f6reningar som f\u00e4ster sig vid de kostnader som orsakas av din onlinebest\u00e4llning av ADB Butinaca.<\/p>\n<p>Har adb butinaca kontroll? k\u00f6pa adb butinaca cayman, k\u00f6pa adb butinaca dea, k\u00f6pa adb butinaca cayman, och k\u00f6pa adb butinaca dea<\/p>\n<p>How to purchase adb butinaca, where to <a href=\"https:\/\/en.wikipedia.org\/wiki\/ADB-BUTINACA\">purchase adb butinaca<\/a>, where to buy high-quality adb butinaca, and how to purchase 5f-adb<\/p>\n<p>5f-adb-33n, 7-adb, trrcshop, adb-butinaca psychonaut, adb-butinaca anv\u00e4nder, adb-butinaca biverkningar och hur man lagligt k\u00f6per adb butinaca<\/p>\n<p>&nbsp;<\/p>","protected":false},"excerpt":{"rendered":"<p>Purchase ADBB powder online. Purchase ADBB online. Certain synthetic cannabis products contain ingredients of a newly developed synthetic medication called ADBB. They are a strong agonist of the CB1 and&hellip;<\/p>","protected":false},"featured_media":1179,"comment_status":"open","ping_status":"closed","template":"","meta":{"_joinchat":[]},"product_cat":[188],"product_tag":[1989,2007,1984,1995,1996,1999,1985,2005,2006,2004,2003,1992,1982,1994,1983,2001,1998,1991,1987,1988,2002,2000,1997,1990,1993,1986],"class_list":{"0":"post-1165","1":"product","2":"type-product","3":"status-publish","4":"has-post-thumbnail","6":"product_cat-stimulants","7":"product_tag-adbb-brown-powder","8":"product_tag-adbb-brown-powder-for-cleaning","9":"product_tag-adbb-brown-powder-for-sale","10":"product_tag-adbb-brown-powder-online","11":"product_tag-adbb-brown-powder-price","12":"product_tag-adbb-brown-powder-store","13":"product_tag-adbb-brown-powder-supplier","14":"product_tag-adbb-brown-powder-use","15":"product_tag-adbb-brown-powder-wiki","16":"product_tag-adbb-brown-powder-worldwide","17":"product_tag-best-cheap-price-adbb-brown-powder","18":"product_tag-best-place-to-buy-adbb-brown-powder","19":"product_tag-buy-adbb-brown-powder","20":"product_tag-buy-adbb-brown-powder-legally","21":"product_tag-buy-adbb-brown-powder-online","22":"product_tag-cheap-adbb-brown-powder","23":"product_tag-high-quality-adbb-brown-powder","24":"product_tag-how-to-buy-adbb-brown-powder","25":"product_tag-order-adbb-brown-powder","26":"product_tag-order-adbb-brown-powder-online","27":"product_tag-purcharse-adbb-brown-powder-powder","28":"product_tag-shop-adbb-brown-powder","29":"product_tag-top-quality-adbb-brown-powder","30":"product_tag-where-to-buy-adbb-brown-powder","31":"product_tag-where-to-order-adbb-brown-powder","32":"product_tag-wholesale-adbb-brown-powder-bulk-online","34":"first","35":"instock","36":"shipping-taxable","37":"purchasable","38":"product-type-variable"},"yoast_head":"<!-- This site is optimized with the Yoast SEO plugin v24.1 - https:\/\/yoast.com\/wordpress\/plugins\/seo\/ -->\n<title>Buy 3 ADBB Online - ADBB for Sale - Order ADBB Online<\/title>\n<meta name=\"description\" content=\"At our NembutalHouse, you can get adbb for sale at cheap rates. Here you can buy adbb online with high-quality from our store now with fast &amp; secure shipping service. Order Now!\" \/>\n<meta name=\"robots\" content=\"index, follow, max-snippet:-1, max-image-preview:large, max-video-preview:-1\" \/>\n<link rel=\"canonical\" href=\"https:\/\/nembutalhouse.com\/sv\/produkt\/buy-adbb-online-2\/\" \/>\n<meta property=\"og:locale\" content=\"sv_SE\" \/>\n<meta property=\"og:type\" content=\"article\" \/>\n<meta property=\"og:title\" content=\"Buy 3 ADBB Online - ADBB for Sale - Order ADBB Online\" \/>\n<meta property=\"og:description\" content=\"At our NembutalHouse, you can get adbb for sale at cheap rates. Here you can buy adbb online with high-quality from our store now with fast &amp; secure shipping service. Order Now!\" \/>\n<meta property=\"og:url\" content=\"https:\/\/nembutalhouse.com\/sv\/produkt\/buy-adbb-online-2\/\" \/>\n<meta property=\"og:site_name\" content=\"Nembutal House\" \/>\n<meta property=\"article:modified_time\" content=\"2026-03-06T08:29:06+00:00\" \/>\n<meta property=\"og:image\" content=\"https:\/\/nembutalhouse.com\/wp-content\/uploads\/2024\/10\/ADBB.gif\" \/>\n\t<meta property=\"og:image:width\" content=\"600\" \/>\n\t<meta property=\"og:image:height\" content=\"600\" \/>\n\t<meta property=\"og:image:type\" content=\"image\/gif\" \/>\n<meta name=\"twitter:card\" content=\"summary_large_image\" \/>\n<meta name=\"twitter:label1\" content=\"Ber\u00e4knad l\u00e4stid\" \/>\n\t<meta name=\"twitter:data1\" content=\"3 minuter\" \/>\n<script type=\"application\/ld+json\" class=\"yoast-schema-graph\">{\"@context\":\"https:\/\/schema.org\",\"@graph\":[{\"@type\":\"WebPage\",\"@id\":\"https:\/\/nembutalhouse.com\/product\/buy-adbb-online-2\/\",\"url\":\"https:\/\/nembutalhouse.com\/product\/buy-adbb-online-2\/\",\"name\":\"Buy 3 ADBB Online - ADBB for Sale - Order ADBB Online\",\"isPartOf\":{\"@id\":\"https:\/\/nembutalhouse.com\/#website\"},\"primaryImageOfPage\":{\"@id\":\"https:\/\/nembutalhouse.com\/product\/buy-adbb-online-2\/#primaryimage\"},\"image\":{\"@id\":\"https:\/\/nembutalhouse.com\/product\/buy-adbb-online-2\/#primaryimage\"},\"thumbnailUrl\":\"https:\/\/nembutalhouse.com\/wp-content\/uploads\/2024\/10\/ADBB.gif\",\"datePublished\":\"2024-10-16T11:48:08+00:00\",\"dateModified\":\"2026-03-06T08:29:06+00:00\",\"description\":\"At our NembutalHouse, you can get adbb for sale at cheap rates. Here you can buy adbb online with high-quality from our store now with fast & secure shipping service. Order Now!\",\"breadcrumb\":{\"@id\":\"https:\/\/nembutalhouse.com\/product\/buy-adbb-online-2\/#breadcrumb\"},\"inLanguage\":\"sv-SE\",\"potentialAction\":[{\"@type\":\"ReadAction\",\"target\":[\"https:\/\/nembutalhouse.com\/product\/buy-adbb-online-2\/\"]}]},{\"@type\":\"ImageObject\",\"inLanguage\":\"sv-SE\",\"@id\":\"https:\/\/nembutalhouse.com\/product\/buy-adbb-online-2\/#primaryimage\",\"url\":\"https:\/\/nembutalhouse.com\/wp-content\/uploads\/2024\/10\/ADBB.gif\",\"contentUrl\":\"https:\/\/nembutalhouse.com\/wp-content\/uploads\/2024\/10\/ADBB.gif\",\"width\":600,\"height\":600,\"caption\":\"Buy ADBB Online\"},{\"@type\":\"BreadcrumbList\",\"@id\":\"https:\/\/nembutalhouse.com\/product\/buy-adbb-online-2\/#breadcrumb\",\"itemListElement\":[{\"@type\":\"ListItem\",\"position\":1,\"name\":\"Home\",\"item\":\"https:\/\/nembutalhouse.com\/\"},{\"@type\":\"ListItem\",\"position\":2,\"name\":\"Shop\",\"item\":\"https:\/\/nembutalhouse.com\/shop\/\"},{\"@type\":\"ListItem\",\"position\":3,\"name\":\"Buy ADBB Online\"}]},{\"@type\":\"WebSite\",\"@id\":\"https:\/\/nembutalhouse.com\/#website\",\"url\":\"https:\/\/nembutalhouse.com\/\",\"name\":\"Nembutal House\",\"description\":\"Best Nembutal Online Store\",\"publisher\":{\"@id\":\"https:\/\/nembutalhouse.com\/#organization\"},\"potentialAction\":[{\"@type\":\"SearchAction\",\"target\":{\"@type\":\"EntryPoint\",\"urlTemplate\":\"https:\/\/nembutalhouse.com\/?s={search_term_string}\"},\"query-input\":{\"@type\":\"PropertyValueSpecification\",\"valueRequired\":true,\"valueName\":\"search_term_string\"}}],\"inLanguage\":\"sv-SE\"},{\"@type\":\"Organization\",\"@id\":\"https:\/\/nembutalhouse.com\/#organization\",\"name\":\"Nembutal House\",\"url\":\"https:\/\/nembutalhouse.com\/\",\"logo\":{\"@type\":\"ImageObject\",\"inLanguage\":\"sv-SE\",\"@id\":\"https:\/\/nembutalhouse.com\/#\/schema\/logo\/image\/\",\"url\":\"https:\/\/nembutalhouse.com\/wp-content\/uploads\/2022\/12\/logo.png\",\"contentUrl\":\"https:\/\/nembutalhouse.com\/wp-content\/uploads\/2022\/12\/logo.png\",\"width\":344,\"height\":103,\"caption\":\"Nembutal House\"},\"image\":{\"@id\":\"https:\/\/nembutalhouse.com\/#\/schema\/logo\/image\/\"}}]}<\/script>\n<!-- \/ Yoast SEO plugin. -->","yoast_head_json":{"title":"Buy 3 ADBB Online - ADBB for Sale - Order ADBB Online","description":"At our NembutalHouse, you can get adbb for sale at cheap rates. Here you can buy adbb online with high-quality from our store now with fast & secure shipping service. Order Now!","robots":{"index":"index","follow":"follow","max-snippet":"max-snippet:-1","max-image-preview":"max-image-preview:large","max-video-preview":"max-video-preview:-1"},"canonical":"https:\/\/nembutalhouse.com\/sv\/produkt\/buy-adbb-online-2\/","og_locale":"sv_SE","og_type":"article","og_title":"Buy 3 ADBB Online - ADBB for Sale - Order ADBB Online","og_description":"At our NembutalHouse, you can get adbb for sale at cheap rates. Here you can buy adbb online with high-quality from our store now with fast & secure shipping service. Order Now!","og_url":"https:\/\/nembutalhouse.com\/sv\/produkt\/buy-adbb-online-2\/","og_site_name":"Nembutal House","article_modified_time":"2026-03-06T08:29:06+00:00","og_image":[{"width":600,"height":600,"url":"https:\/\/nembutalhouse.com\/wp-content\/uploads\/2024\/10\/ADBB.gif","type":"image\/gif"}],"twitter_card":"summary_large_image","twitter_misc":{"Ber\u00e4knad l\u00e4stid":"3 minuter"},"schema":{"@context":"https:\/\/schema.org","@graph":[{"@type":"WebPage","@id":"https:\/\/nembutalhouse.com\/product\/buy-adbb-online-2\/","url":"https:\/\/nembutalhouse.com\/product\/buy-adbb-online-2\/","name":"Buy 3 ADBB Online - ADBB for Sale - Order ADBB Online","isPartOf":{"@id":"https:\/\/nembutalhouse.com\/#website"},"primaryImageOfPage":{"@id":"https:\/\/nembutalhouse.com\/product\/buy-adbb-online-2\/#primaryimage"},"image":{"@id":"https:\/\/nembutalhouse.com\/product\/buy-adbb-online-2\/#primaryimage"},"thumbnailUrl":"https:\/\/nembutalhouse.com\/wp-content\/uploads\/2024\/10\/ADBB.gif","datePublished":"2024-10-16T11:48:08+00:00","dateModified":"2026-03-06T08:29:06+00:00","description":"At our NembutalHouse, you can get adbb for sale at cheap rates. Here you can buy adbb online with high-quality from our store now with fast & secure shipping service. Order Now!","breadcrumb":{"@id":"https:\/\/nembutalhouse.com\/product\/buy-adbb-online-2\/#breadcrumb"},"inLanguage":"sv-SE","potentialAction":[{"@type":"ReadAction","target":["https:\/\/nembutalhouse.com\/product\/buy-adbb-online-2\/"]}]},{"@type":"ImageObject","inLanguage":"sv-SE","@id":"https:\/\/nembutalhouse.com\/product\/buy-adbb-online-2\/#primaryimage","url":"https:\/\/nembutalhouse.com\/wp-content\/uploads\/2024\/10\/ADBB.gif","contentUrl":"https:\/\/nembutalhouse.com\/wp-content\/uploads\/2024\/10\/ADBB.gif","width":600,"height":600,"caption":"Buy ADBB Online"},{"@type":"BreadcrumbList","@id":"https:\/\/nembutalhouse.com\/product\/buy-adbb-online-2\/#breadcrumb","itemListElement":[{"@type":"ListItem","position":1,"name":"Home","item":"https:\/\/nembutalhouse.com\/"},{"@type":"ListItem","position":2,"name":"Shop","item":"https:\/\/nembutalhouse.com\/shop\/"},{"@type":"ListItem","position":3,"name":"Buy ADBB Online"}]},{"@type":"WebSite","@id":"https:\/\/nembutalhouse.com\/#website","url":"https:\/\/nembutalhouse.com\/","name":"Nembutal House","description":"Best Nembutal Online Store","publisher":{"@id":"https:\/\/nembutalhouse.com\/#organization"},"potentialAction":[{"@type":"SearchAction","target":{"@type":"EntryPoint","urlTemplate":"https:\/\/nembutalhouse.com\/?s={search_term_string}"},"query-input":{"@type":"PropertyValueSpecification","valueRequired":true,"valueName":"search_term_string"}}],"inLanguage":"sv-SE"},{"@type":"Organization","@id":"https:\/\/nembutalhouse.com\/#organization","name":"Nembutal House","url":"https:\/\/nembutalhouse.com\/","logo":{"@type":"ImageObject","inLanguage":"sv-SE","@id":"https:\/\/nembutalhouse.com\/#\/schema\/logo\/image\/","url":"https:\/\/nembutalhouse.com\/wp-content\/uploads\/2022\/12\/logo.png","contentUrl":"https:\/\/nembutalhouse.com\/wp-content\/uploads\/2022\/12\/logo.png","width":344,"height":103,"caption":"Nembutal House"},"image":{"@id":"https:\/\/nembutalhouse.com\/#\/schema\/logo\/image\/"}}]}},"_links":{"self":[{"href":"https:\/\/nembutalhouse.com\/sv\/wp-json\/wp\/v2\/product\/1165","targetHints":{"allow":["GET"]}}],"collection":[{"href":"https:\/\/nembutalhouse.com\/sv\/wp-json\/wp\/v2\/product"}],"about":[{"href":"https:\/\/nembutalhouse.com\/sv\/wp-json\/wp\/v2\/types\/product"}],"replies":[{"embeddable":true,"href":"https:\/\/nembutalhouse.com\/sv\/wp-json\/wp\/v2\/comments?post=1165"}],"wp:featuredmedia":[{"embeddable":true,"href":"https:\/\/nembutalhouse.com\/sv\/wp-json\/wp\/v2\/media\/1179"}],"wp:attachment":[{"href":"https:\/\/nembutalhouse.com\/sv\/wp-json\/wp\/v2\/media?parent=1165"}],"wp:term":[{"taxonomy":"product_cat","embeddable":true,"href":"https:\/\/nembutalhouse.com\/sv\/wp-json\/wp\/v2\/product_cat?post=1165"},{"taxonomy":"product_tag","embeddable":true,"href":"https:\/\/nembutalhouse.com\/sv\/wp-json\/wp\/v2\/product_tag?post=1165"}],"curies":[{"name":"wp","href":"https:\/\/api.w.org\/{rel}","templated":true}]}}