{"id":91,"date":"2022-12-14T06:49:39","date_gmt":"2022-12-14T06:49:39","guid":{"rendered":"https:\/\/nembutalhouse.com\/?page_id=91"},"modified":"2022-12-14T07:00:36","modified_gmt":"2022-12-14T07:00:36","slug":"about-us","status":"publish","type":"page","link":"https:\/\/nembutalhouse.com\/sv\/om-oss\/","title":{"rendered":"Om oss"},"content":{"rendered":"<div data-elementor-type=\"wp-page\" data-elementor-id=\"91\" class=\"elementor elementor-91\">\n\t\t\t\t\t\t<section class=\"elementor-section elementor-top-section elementor-element elementor-element-20ba00c elementor-section-boxed elementor-section-height-default elementor-section-height-default\" data-id=\"20ba00c\" data-element_type=\"section\">\n\t\t\t\t\t\t<div class=\"elementor-container elementor-column-gap-default\">\n\t\t\t\t\t<div class=\"elementor-column elementor-col-100 elementor-top-column elementor-element elementor-element-16a6bc4\" data-id=\"16a6bc4\" data-element_type=\"column\">\n\t\t\t<div class=\"elementor-widget-wrap elementor-element-populated\">\n\t\t\t\t\t\t<div class=\"elementor-element elementor-element-436affe elementor-widget elementor-widget-heading\" data-id=\"436affe\" data-element_type=\"widget\" data-widget_type=\"heading.default\">\n\t\t\t\t<div class=\"elementor-widget-container\">\n\t\t\t\t\t<h2 class=\"elementor-heading-title elementor-size-default\">Om oss f\u00f6r Nembutal till salu<\/h2>\t\t\t\t<\/div>\n\t\t\t\t<\/div>\n\t\t\t\t<div class=\"elementor-element elementor-element-53ece00 elementor-widget elementor-widget-text-editor\" data-id=\"53ece00\" data-element_type=\"widget\" data-widget_type=\"text-editor.default\">\n\t\t\t\t<div class=\"elementor-widget-container\">\n\t\t\t\t\t\t\t\t\t<p>Vi har ett v\u00e4lorganiserat team redo och tillg\u00e4ngligt n\u00e4r som helst f\u00f6r att svara p\u00e5 din f\u00f6rfr\u00e5gan. Du beh\u00f6ver inget recept. V\u00e5ra priser \u00e4r m\u00e5ttliga. V\u00e5ra f\u00f6rpacknings- och leveranstj\u00e4nster \u00e4r snabba, billiga, diskreta och mycket s\u00e4kra. Vi \u00e4r den b\u00e4sta k\u00e4llan f\u00f6r PCCA-certifierad sjukv\u00e5rdsinformation och l\u00e4kemedelsleverant\u00f6rer vid din d\u00f6rr.<\/p>\t\t\t\t\t\t\t\t<\/div>\n\t\t\t\t<\/div>\n\t\t\t\t<section class=\"elementor-section elementor-inner-section elementor-element elementor-element-4c4d2a0 elementor-section-boxed elementor-section-height-default elementor-section-height-default\" data-id=\"4c4d2a0\" data-element_type=\"section\">\n\t\t\t\t\t\t<div class=\"elementor-container elementor-column-gap-default\">\n\t\t\t\t\t<div class=\"elementor-column elementor-col-50 elementor-inner-column elementor-element elementor-element-5941eec\" data-id=\"5941eec\" data-element_type=\"column\">\n\t\t\t<div class=\"elementor-widget-wrap elementor-element-populated\">\n\t\t\t\t\t\t<div class=\"elementor-element elementor-element-8b9e898 elementor-widget elementor-widget-text-editor\" data-id=\"8b9e898\" data-element_type=\"widget\" data-widget_type=\"text-editor.default\">\n\t\t\t\t<div class=\"elementor-widget-container\">\n\t\t\t\t\t\t\t\t\t<p>Kunds\u00e4kerhet \u00e4r v\u00e5r h\u00f6gsta prioritet. Vi behandlar alla v\u00e5ra kunder med 100 % konfidentialitet och s\u00e4kerhet. Vi ser till att alla f\u00f6rs\u00e4ndelser \u00e4r s\u00e5 diskreta som m\u00f6jligt. S\u00e5 k\u00e4nn dig trygg att g\u00f6ra en best\u00e4llning nu hos oss. Informationen vi tillhandah\u00e5ller \u00e4r endast avsedd f\u00f6r referens\u00e4ndam\u00e5l och vi har inte f\u00f6r avsikt att ers\u00e4tta det professionella yttrandet som ges av en l\u00e4kare.<\/p><p>Vi str\u00e4var efter att f\u00f6rb\u00e4ttra konsuments\u00e4kerheten s\u00e5 att du inte bara beh\u00f6ver ett recept. V\u00e5r plattform \u00e4r utformad f\u00f6r att hj\u00e4lpa licensierade l\u00e4kare att betj\u00e4na sina patienter p\u00e5 ett b\u00e4ttre s\u00e4tt. V\u00e5ra priser \u00e4r mycket m\u00e5ttliga. Vi \u00e4r experter p\u00e5 snabb leveransservice, billigt pris, diskret och mycket s\u00e4kert. Kunds\u00e4kerhet \u00e4r v\u00e5r h\u00f6gsta prioritet.<\/p>\t\t\t\t\t\t\t\t<\/div>\n\t\t\t\t<\/div>\n\t\t\t\t\t<\/div>\n\t\t<\/div>\n\t\t\t\t<div class=\"elementor-column elementor-col-50 elementor-inner-column elementor-element elementor-element-6c25ab1\" data-id=\"6c25ab1\" data-element_type=\"column\">\n\t\t\t<div class=\"elementor-widget-wrap elementor-element-populated\">\n\t\t\t\t\t\t<div class=\"elementor-element elementor-element-f2dab8a elementor-widget elementor-widget-text-editor\" data-id=\"f2dab8a\" data-element_type=\"widget\" data-widget_type=\"text-editor.default\">\n\t\t\t\t<div class=\"elementor-widget-container\">\n\t\t\t\t\t\t\t\t\t<p>Av den anledningen \u00e4r NembutalHouse en onlinebutik som lovar att leverera l\u00e4kemedelsprodukter av h\u00f6gsta kvalitet till din d\u00f6rr s\u00e5 snart som m\u00f6jligt efter att ha kategoriserat l\u00e4kemedel efter dosering. Medan Nembutal Store v\u00e4rdes\u00e4tter vi produktkvalitet f\u00f6r att se till att du \u00e4r n\u00f6jd Eftersom din tillfredsst\u00e4llelse \u00e4r v\u00e5r h\u00f6gsta prioritet, hittar du Nembutal att k\u00f6pa i olika former i v\u00e5r butik, s\u00e5som Nembutal v\u00e4tska, Nembutal piller och Nembutal pulver i Spanien, Kanada och Australien. Detta \u00e4r dock det b\u00e4sta st\u00e4llet f\u00f6r dig att hitta den b\u00e4sta Nembutal till det mest \u00f6verkomliga priset utan recept. D\u00e5 blir priset p\u00e5 produkten som det st\u00e5r p\u00e5 v\u00e5r hemsida.<\/p>\t\t\t\t\t\t\t\t<\/div>\n\t\t\t\t<\/div>\n\t\t\t\t\t<\/div>\n\t\t<\/div>\n\t\t\t\t\t<\/div>\n\t\t<\/section>\n\t\t\t\t<section class=\"elementor-section elementor-inner-section elementor-element elementor-element-09d2854 elementor-section-boxed elementor-section-height-default elementor-section-height-default\" data-id=\"09d2854\" data-element_type=\"section\">\n\t\t\t\t\t\t<div class=\"elementor-container elementor-column-gap-default\">\n\t\t\t\t\t<div class=\"elementor-column elementor-col-100 elementor-inner-column elementor-element elementor-element-775372c\" data-id=\"775372c\" data-element_type=\"column\">\n\t\t\t<div class=\"elementor-widget-wrap elementor-element-populated\">\n\t\t\t\t\t\t<div class=\"elementor-element elementor-element-3ddf45b elementor-widget elementor-widget-text-editor\" data-id=\"3ddf45b\" data-element_type=\"widget\" data-widget_type=\"text-editor.default\">\n\t\t\t\t<div class=\"elementor-widget-container\">\n\t\t\t\t\t\t\t\t\t<p>Alla v\u00e5ra kunder med 100% konfidentialitet och s\u00e4kerhet ser vi till att alla f\u00f6rs\u00e4ndelser kommer fram till sin destination s\u00e4kert. Vi har ett v\u00e4lorganiserat team redo och tillg\u00e4ngligt n\u00e4r som helst f\u00f6r att svara p\u00e5 din f\u00f6rfr\u00e5gan. Du beh\u00f6ver inget recept. V\u00e5r plattform \u00e4r ocks\u00e5 utformad f\u00f6r att hj\u00e4lpa licensierade l\u00e4kare att betj\u00e4na patienter p\u00e5 ett b\u00e4ttre s\u00e4tt.<\/p>\t\t\t\t\t\t\t\t<\/div>\n\t\t\t\t<\/div>\n\t\t\t\t<div class=\"elementor-element elementor-element-d81c0c1 elementor-widget elementor-widget-text-editor\" data-id=\"d81c0c1\" data-element_type=\"widget\" data-widget_type=\"text-editor.default\">\n\t\t\t\t<div class=\"elementor-widget-container\">\n\t\t\t\t\t\t\t\t\t<p><strong>Integritetspolicy:<\/strong><\/p><p>F\u00f6rst och fr\u00e4mst ser vi till att all din data h\u00e5lls privat p\u00e5 en s\u00e4ker server. Din information f\u00e5r anv\u00e4ndas enbart f\u00f6r att meddela dig om erbjudanden eller \u00e4ndringar i v\u00e5ra policyer.<\/p><p><strong>Frakt- och leveranspolicy:<\/strong><\/p><p>F\u00f6r det andra b\u00f6rjar leveransprocessen s\u00e5 snart du skickar in din best\u00e4llning. Vi g\u00f6r allt vi kan f\u00f6r att skicka ut best\u00e4llningar s\u00e5 snabbt vi kan. Om du bor i landet kommer produkten att levereras till din d\u00f6rr inom 2 till 3 dagar. Utanf\u00f6r landet kommer det att ta h\u00f6gst 3 till 4 dagar.<\/p><p><strong>Returpolicy:<\/strong><\/p><p>Vi erbjuder en returpolicy f\u00f6r din bekv\u00e4mlighet. Om du har en god anledning att vara missn\u00f6jd med k\u00f6pet har du fem dagar p\u00e5 dig att returnera varan. Du kan endast g\u00f6ra en retur inom fem dagar genom att kontakta v\u00e5r kundtj\u00e4nst och beg\u00e4ra tillst\u00e5nd genom att anv\u00e4nda v\u00e5rt kundreturformul\u00e4r.<\/p>\t\t\t\t\t\t\t\t<\/div>\n\t\t\t\t<\/div>\n\t\t\t\t\t<\/div>\n\t\t<\/div>\n\t\t\t\t\t<\/div>\n\t\t<\/section>\n\t\t\t\t\t<\/div>\n\t\t<\/div>\n\t\t\t\t\t<\/div>\n\t\t<\/section>\n\t\t\t\t<\/div>","protected":false},"excerpt":{"rendered":"<p>About us for Nembutal for Sale We have a well-organized team ready and available at any time to answer your request. You don&#8217;t need a prescription. Our prices are moderate.&hellip;<\/p>","protected":false},"author":1,"featured_media":0,"parent":0,"menu_order":0,"comment_status":"closed","ping_status":"closed","template":"page-templates\/template-sinatra-fullwidth.php","meta":{"_joinchat":[],"footnotes":""},"class_list":["post-91","page","type-page","status-publish","hentry"],"yoast_head":"<!-- This site is optimized with the Yoast SEO plugin v24.1 - https:\/\/yoast.com\/wordpress\/plugins\/seo\/ -->\n<title>About us | Nembutal House<\/title>\n<meta name=\"robots\" content=\"index, follow, max-snippet:-1, max-image-preview:large, max-video-preview:-1\" \/>\n<link rel=\"canonical\" href=\"https:\/\/nembutalhouse.com\/sv\/om-oss\/\" \/>\n<meta property=\"og:locale\" content=\"sv_SE\" \/>\n<meta property=\"og:type\" content=\"article\" \/>\n<meta property=\"og:title\" content=\"About us | Nembutal House\" \/>\n<meta property=\"og:description\" content=\"About us for Nembutal for Sale We have a well-organized team ready and available at any time to answer your request. You don&#8217;t need a prescription. Our prices are moderate.&hellip;\" \/>\n<meta property=\"og:url\" content=\"https:\/\/nembutalhouse.com\/sv\/om-oss\/\" \/>\n<meta property=\"og:site_name\" content=\"Nembutal House\" \/>\n<meta property=\"article:modified_time\" content=\"2022-12-14T07:00:36+00:00\" \/>\n<meta name=\"twitter:card\" content=\"summary_large_image\" \/>\n<meta name=\"twitter:label1\" content=\"Ber\u00e4knad l\u00e4stid\" \/>\n\t<meta name=\"twitter:data1\" content=\"2 minuter\" \/>\n<script type=\"application\/ld+json\" class=\"yoast-schema-graph\">{\"@context\":\"https:\/\/schema.org\",\"@graph\":[{\"@type\":\"WebPage\",\"@id\":\"https:\/\/nembutalhouse.com\/about-us\/\",\"url\":\"https:\/\/nembutalhouse.com\/about-us\/\",\"name\":\"About us | Nembutal House\",\"isPartOf\":{\"@id\":\"https:\/\/nembutalhouse.com\/#website\"},\"datePublished\":\"2022-12-14T06:49:39+00:00\",\"dateModified\":\"2022-12-14T07:00:36+00:00\",\"breadcrumb\":{\"@id\":\"https:\/\/nembutalhouse.com\/about-us\/#breadcrumb\"},\"inLanguage\":\"sv-SE\",\"potentialAction\":[{\"@type\":\"ReadAction\",\"target\":[\"https:\/\/nembutalhouse.com\/about-us\/\"]}]},{\"@type\":\"BreadcrumbList\",\"@id\":\"https:\/\/nembutalhouse.com\/about-us\/#breadcrumb\",\"itemListElement\":[{\"@type\":\"ListItem\",\"position\":1,\"name\":\"Home\",\"item\":\"https:\/\/nembutalhouse.com\/\"},{\"@type\":\"ListItem\",\"position\":2,\"name\":\"About us\"}]},{\"@type\":\"WebSite\",\"@id\":\"https:\/\/nembutalhouse.com\/#website\",\"url\":\"https:\/\/nembutalhouse.com\/\",\"name\":\"Nembutal House\",\"description\":\"Best Nembutal Online Store\",\"publisher\":{\"@id\":\"https:\/\/nembutalhouse.com\/#organization\"},\"potentialAction\":[{\"@type\":\"SearchAction\",\"target\":{\"@type\":\"EntryPoint\",\"urlTemplate\":\"https:\/\/nembutalhouse.com\/?s={search_term_string}\"},\"query-input\":{\"@type\":\"PropertyValueSpecification\",\"valueRequired\":true,\"valueName\":\"search_term_string\"}}],\"inLanguage\":\"sv-SE\"},{\"@type\":\"Organization\",\"@id\":\"https:\/\/nembutalhouse.com\/#organization\",\"name\":\"Nembutal House\",\"url\":\"https:\/\/nembutalhouse.com\/\",\"logo\":{\"@type\":\"ImageObject\",\"inLanguage\":\"sv-SE\",\"@id\":\"https:\/\/nembutalhouse.com\/#\/schema\/logo\/image\/\",\"url\":\"https:\/\/nembutalhouse.com\/wp-content\/uploads\/2022\/12\/logo.png\",\"contentUrl\":\"https:\/\/nembutalhouse.com\/wp-content\/uploads\/2022\/12\/logo.png\",\"width\":344,\"height\":103,\"caption\":\"Nembutal House\"},\"image\":{\"@id\":\"https:\/\/nembutalhouse.com\/#\/schema\/logo\/image\/\"}}]}<\/script>\n<!-- \/ Yoast SEO plugin. -->","yoast_head_json":{"title":"About us | Nembutal House","robots":{"index":"index","follow":"follow","max-snippet":"max-snippet:-1","max-image-preview":"max-image-preview:large","max-video-preview":"max-video-preview:-1"},"canonical":"https:\/\/nembutalhouse.com\/sv\/om-oss\/","og_locale":"sv_SE","og_type":"article","og_title":"About us | Nembutal House","og_description":"About us for Nembutal for Sale We have a well-organized team ready and available at any time to answer your request. You don&#8217;t need a prescription. Our prices are moderate.&hellip;","og_url":"https:\/\/nembutalhouse.com\/sv\/om-oss\/","og_site_name":"Nembutal House","article_modified_time":"2022-12-14T07:00:36+00:00","twitter_card":"summary_large_image","twitter_misc":{"Ber\u00e4knad l\u00e4stid":"2 minuter"},"schema":{"@context":"https:\/\/schema.org","@graph":[{"@type":"WebPage","@id":"https:\/\/nembutalhouse.com\/about-us\/","url":"https:\/\/nembutalhouse.com\/about-us\/","name":"About us | Nembutal House","isPartOf":{"@id":"https:\/\/nembutalhouse.com\/#website"},"datePublished":"2022-12-14T06:49:39+00:00","dateModified":"2022-12-14T07:00:36+00:00","breadcrumb":{"@id":"https:\/\/nembutalhouse.com\/about-us\/#breadcrumb"},"inLanguage":"sv-SE","potentialAction":[{"@type":"ReadAction","target":["https:\/\/nembutalhouse.com\/about-us\/"]}]},{"@type":"BreadcrumbList","@id":"https:\/\/nembutalhouse.com\/about-us\/#breadcrumb","itemListElement":[{"@type":"ListItem","position":1,"name":"Home","item":"https:\/\/nembutalhouse.com\/"},{"@type":"ListItem","position":2,"name":"About us"}]},{"@type":"WebSite","@id":"https:\/\/nembutalhouse.com\/#website","url":"https:\/\/nembutalhouse.com\/","name":"Nembutal House","description":"Best Nembutal Online Store","publisher":{"@id":"https:\/\/nembutalhouse.com\/#organization"},"potentialAction":[{"@type":"SearchAction","target":{"@type":"EntryPoint","urlTemplate":"https:\/\/nembutalhouse.com\/?s={search_term_string}"},"query-input":{"@type":"PropertyValueSpecification","valueRequired":true,"valueName":"search_term_string"}}],"inLanguage":"sv-SE"},{"@type":"Organization","@id":"https:\/\/nembutalhouse.com\/#organization","name":"Nembutal House","url":"https:\/\/nembutalhouse.com\/","logo":{"@type":"ImageObject","inLanguage":"sv-SE","@id":"https:\/\/nembutalhouse.com\/#\/schema\/logo\/image\/","url":"https:\/\/nembutalhouse.com\/wp-content\/uploads\/2022\/12\/logo.png","contentUrl":"https:\/\/nembutalhouse.com\/wp-content\/uploads\/2022\/12\/logo.png","width":344,"height":103,"caption":"Nembutal House"},"image":{"@id":"https:\/\/nembutalhouse.com\/#\/schema\/logo\/image\/"}}]}},"_links":{"self":[{"href":"https:\/\/nembutalhouse.com\/sv\/wp-json\/wp\/v2\/pages\/91","targetHints":{"allow":["GET"]}}],"collection":[{"href":"https:\/\/nembutalhouse.com\/sv\/wp-json\/wp\/v2\/pages"}],"about":[{"href":"https:\/\/nembutalhouse.com\/sv\/wp-json\/wp\/v2\/types\/page"}],"author":[{"embeddable":true,"href":"https:\/\/nembutalhouse.com\/sv\/wp-json\/wp\/v2\/users\/1"}],"replies":[{"embeddable":true,"href":"https:\/\/nembutalhouse.com\/sv\/wp-json\/wp\/v2\/comments?post=91"}],"version-history":[{"count":0,"href":"https:\/\/nembutalhouse.com\/sv\/wp-json\/wp\/v2\/pages\/91\/revisions"}],"wp:attachment":[{"href":"https:\/\/nembutalhouse.com\/sv\/wp-json\/wp\/v2\/media?parent=91"}],"curies":[{"name":"wp","href":"https:\/\/api.w.org\/{rel}","templated":true}]}}