{"id":579,"date":"2024-10-16T05:30:32","date_gmt":"2024-10-16T05:30:32","guid":{"rendered":"https:\/\/nembutalhouse.com\/?post_type=product&#038;p=579"},"modified":"2026-03-06T08:54:23","modified_gmt":"2026-03-06T08:54:23","slug":"buy-gbl-online","status":"publish","type":"product","link":"https:\/\/nembutalhouse.com\/pt\/produto\/buy-gbl-online\/","title":{"rendered":"Buy Gbl Online"},"content":{"rendered":"<h2>Buy Gbl Online<\/h2>\n<p>O melhor lugar para comprar gama-butirolactona online \u00e9 TLC. dispon\u00edvel em p\u00f3 e l\u00edquido.<\/p>\n<h3>GAMA-BUTIROLACTONA: O QUE \u00c9?<\/h3>\n<p>O produto \u00e9 tamb\u00e9m designado por <a href=\"https:\/\/nembutalhouse.com\/pt\/produto\/buy-gbl-online\/\">gbl<\/a>e o seu n\u00famero CAS \u00e9 96-48-0. Trata-se de um \u00e9ster c\u00edclico polivalente com uma vasta gama de utiliza\u00e7\u00f5es. Em vez de ser utilizado uma vez, o GBL \u00e9 geralmente utilizado para criar derivados de outros compostos. Outro solvente comum em muitos cosm\u00e9ticos \u00e9 a GBL. Em v\u00e1rios sectores da Am\u00e9rica do Norte, a gama-butirolactona pode ser comprada em linha. A gama-butirolactona \u00e9 tamb\u00e9m conhecida pelos nomes BLO, butirolactona, gama-butirolactona e <a href=\"https:\/\/en.wikipedia.org\/wiki\/GBL\">GBL<\/a>. A butirolactona, com a f\u00f3rmula molecular C4H6O2, \u00e9 a INCI.<\/p>\n<h3>Uma carater\u00edstica da gama-butirolactona<\/h3>\n<p>\u00c9 crucial que os consumidores estejam cientes das carater\u00edsticas espec\u00edficas antes de tentarem comprar gama-butirolactona online. Apresenta-se como um l\u00edquido incolor e sem cheiro. JBL dispon\u00edvel para compra Tem uma densidade total de 1,13 g\/cm\u00b3 e \u00e9 sol\u00favel em \u00e1gua. A 400,3\u00b0F, ela ferve, e a -47\u00b0F, ela congela. 86,1 g\/mol \u00e9 o seu peso molecular. Pertence \u00e0 classe Lactona, Solvente N\u00e3o-HAP, Solvente e pesa 9,4208 libras por gal\u00e3o. Para venda: gama-butirolactona <a href=\"https:\/\/nembutalhouse.com\/pt\/\">NembutalHouse<\/a>.<\/p>\n<h3>Aplica\u00e7\u00f5es e utiliza\u00e7\u00f5es da gama-butirolactona<\/h3>\n<p>As seguintes ind\u00fastrias e utiliza\u00e7\u00f5es da gama-butirolactona incluem produtos qu\u00edmicos agr\u00edcolas, baterias, eletr\u00f3nica, aromas, processamento de couro, produtos farmac\u00eauticos, fundi\u00e7\u00f5es, perfumes, solvente de tinta, gravura fotoqu\u00edmica, fotografia, poliuretanos, solvente, uretanos e preserva\u00e7\u00e3o da madeira.<\/p>\n<h3>\u00c9 utilizado em agroqu\u00edmicos na agricultura.<\/h3>\n<p>Constru\u00e7\u00e3o e revestimentos: Serve como solvente para tintas e vernizes.<\/p>\n<h3>Alimenta\u00e7\u00e3o<\/h3>\n<p>Alimenta\u00e7\u00e3o e nutri\u00e7\u00e3o: \u00c9 utilizado como intensificador de sabor e possui qualidades de sabor.<\/p>\n<p>Cuidados pessoais: \u00c9 um componente do perfume que \u00e9 misturado com \u00f3leos de perfume.<\/p>\n<p>Medicamentos<\/p>\n<p>&nbsp;<\/p>\n<p>&nbsp;<\/p>","protected":false},"excerpt":{"rendered":"<p>Buy Gbl Online The best place to purchase gamma-butyrolactone online is TLC. available in powder and liquid forms. GAMMA-BUTYROLACTONE: WHAT IS IT? The product is also referred to as gbl,&hellip;<\/p>","protected":false},"featured_media":595,"comment_status":"closed","ping_status":"closed","template":"","meta":{"_joinchat":[]},"product_cat":[186],"product_tag":[748,737,727,739,728,746,734,741,744,730,750,752,729,740,751,749,743,736,732,733,747,745,742,735,738,731],"class_list":{"0":"post-579","1":"product","2":"type-product","3":"status-publish","4":"has-post-thumbnail","6":"product_cat-research-chemicals","7":"product_tag-best-cheap-price-gbl-liuid","8":"product_tag-best-place-to-buy-gbl-liuid","9":"product_tag-buy-gbl-liuid","10":"product_tag-buy-gbl-liuid-legally","11":"product_tag-buy-gbl-liuidonline","12":"product_tag-cheap-gbl-liuids","13":"product_tag-gbl-liuid-powder","14":"product_tag-gbl-liuid-price","15":"product_tag-gbl-liuid-store","16":"product_tag-gbl-liuid-supplier","17":"product_tag-gbl-liuid-use","18":"product_tag-gbl-liuidfor-cleaning","19":"product_tag-gbl-liuidfor-sale","20":"product_tag-gbl-liuidpowder-online","21":"product_tag-gbl-liuidwiki","22":"product_tag-gbl-liuidworldwide","23":"product_tag-high-quality-gbl-liuid","24":"product_tag-how-to-buy-gbl-liuid","25":"product_tag-order-gbl-liuid","26":"product_tag-order-gbl-liuid-online","27":"product_tag-purcharse-gbl-liuid-powder","28":"product_tag-shop-gbl-liuid","29":"product_tag-top-quality-gbl-liuid","30":"product_tag-where-to-buy-gbl-liuid","31":"product_tag-where-to-order-gbl-liuid","32":"product_tag-wholesale-gbl-liuid-bulk-online","34":"first","35":"instock","36":"shipping-taxable","37":"purchasable","38":"product-type-variable"},"yoast_head":"<!-- This site is optimized with the Yoast SEO plugin v24.1 - https:\/\/yoast.com\/wordpress\/plugins\/seo\/ -->\n<title>Buy GBL Online - GBL for Sale - Order GBL Online<\/title>\n<meta name=\"description\" content=\"Looking to Buy gbl Online? Discover a seamless platform at our online store where you can buy gbl, ensuring top-grade quality for your research needs.\" \/>\n<meta name=\"robots\" content=\"index, follow, max-snippet:-1, max-image-preview:large, max-video-preview:-1\" \/>\n<link rel=\"canonical\" href=\"https:\/\/nembutalhouse.com\/pt\/produto\/buy-gbl-online\/\" \/>\n<meta property=\"og:locale\" content=\"pt_PT\" \/>\n<meta property=\"og:type\" content=\"article\" \/>\n<meta property=\"og:title\" content=\"Buy GBL Online - GBL for Sale - Order GBL Online\" \/>\n<meta property=\"og:description\" content=\"Looking to Buy gbl Online? Discover a seamless platform at our online store where you can buy gbl, ensuring top-grade quality for your research needs.\" \/>\n<meta property=\"og:url\" content=\"https:\/\/nembutalhouse.com\/pt\/produto\/buy-gbl-online\/\" \/>\n<meta property=\"og:site_name\" content=\"Nembutal House\" \/>\n<meta property=\"article:modified_time\" content=\"2026-03-06T08:54:23+00:00\" \/>\n<meta property=\"og:image\" content=\"https:\/\/nembutalhouse.com\/wp-content\/uploads\/2024\/10\/GBL.gif\" \/>\n\t<meta property=\"og:image:width\" content=\"600\" \/>\n\t<meta property=\"og:image:height\" content=\"600\" \/>\n\t<meta property=\"og:image:type\" content=\"image\/gif\" \/>\n<meta name=\"twitter:card\" content=\"summary_large_image\" \/>\n<meta name=\"twitter:label1\" content=\"Tempo estimado de leitura\" \/>\n\t<meta name=\"twitter:data1\" content=\"2 minutos\" \/>\n<script type=\"application\/ld+json\" class=\"yoast-schema-graph\">{\"@context\":\"https:\/\/schema.org\",\"@graph\":[{\"@type\":\"WebPage\",\"@id\":\"https:\/\/nembutalhouse.com\/product\/buy-gbl-online\/\",\"url\":\"https:\/\/nembutalhouse.com\/product\/buy-gbl-online\/\",\"name\":\"Buy GBL Online - GBL for Sale - Order GBL Online\",\"isPartOf\":{\"@id\":\"https:\/\/nembutalhouse.com\/#website\"},\"primaryImageOfPage\":{\"@id\":\"https:\/\/nembutalhouse.com\/product\/buy-gbl-online\/#primaryimage\"},\"image\":{\"@id\":\"https:\/\/nembutalhouse.com\/product\/buy-gbl-online\/#primaryimage\"},\"thumbnailUrl\":\"https:\/\/nembutalhouse.com\/wp-content\/uploads\/2024\/10\/GBL.gif\",\"datePublished\":\"2024-10-16T05:30:32+00:00\",\"dateModified\":\"2026-03-06T08:54:23+00:00\",\"description\":\"Looking to Buy gbl Online? Discover a seamless platform at our online store where you can buy gbl, ensuring top-grade quality for your research needs.\",\"breadcrumb\":{\"@id\":\"https:\/\/nembutalhouse.com\/product\/buy-gbl-online\/#breadcrumb\"},\"inLanguage\":\"pt-PT\",\"potentialAction\":[{\"@type\":\"ReadAction\",\"target\":[\"https:\/\/nembutalhouse.com\/product\/buy-gbl-online\/\"]}]},{\"@type\":\"ImageObject\",\"inLanguage\":\"pt-PT\",\"@id\":\"https:\/\/nembutalhouse.com\/product\/buy-gbl-online\/#primaryimage\",\"url\":\"https:\/\/nembutalhouse.com\/wp-content\/uploads\/2024\/10\/GBL.gif\",\"contentUrl\":\"https:\/\/nembutalhouse.com\/wp-content\/uploads\/2024\/10\/GBL.gif\",\"width\":600,\"height\":600,\"caption\":\"Buy Gbl Online\"},{\"@type\":\"BreadcrumbList\",\"@id\":\"https:\/\/nembutalhouse.com\/product\/buy-gbl-online\/#breadcrumb\",\"itemListElement\":[{\"@type\":\"ListItem\",\"position\":1,\"name\":\"Home\",\"item\":\"https:\/\/nembutalhouse.com\/\"},{\"@type\":\"ListItem\",\"position\":2,\"name\":\"Shop\",\"item\":\"https:\/\/nembutalhouse.com\/shop\/\"},{\"@type\":\"ListItem\",\"position\":3,\"name\":\"Buy Gbl Online\"}]},{\"@type\":\"WebSite\",\"@id\":\"https:\/\/nembutalhouse.com\/#website\",\"url\":\"https:\/\/nembutalhouse.com\/\",\"name\":\"Nembutal House\",\"description\":\"Best Nembutal Online Store\",\"publisher\":{\"@id\":\"https:\/\/nembutalhouse.com\/#organization\"},\"potentialAction\":[{\"@type\":\"SearchAction\",\"target\":{\"@type\":\"EntryPoint\",\"urlTemplate\":\"https:\/\/nembutalhouse.com\/?s={search_term_string}\"},\"query-input\":{\"@type\":\"PropertyValueSpecification\",\"valueRequired\":true,\"valueName\":\"search_term_string\"}}],\"inLanguage\":\"pt-PT\"},{\"@type\":\"Organization\",\"@id\":\"https:\/\/nembutalhouse.com\/#organization\",\"name\":\"Nembutal House\",\"url\":\"https:\/\/nembutalhouse.com\/\",\"logo\":{\"@type\":\"ImageObject\",\"inLanguage\":\"pt-PT\",\"@id\":\"https:\/\/nembutalhouse.com\/#\/schema\/logo\/image\/\",\"url\":\"https:\/\/nembutalhouse.com\/wp-content\/uploads\/2022\/12\/logo.png\",\"contentUrl\":\"https:\/\/nembutalhouse.com\/wp-content\/uploads\/2022\/12\/logo.png\",\"width\":344,\"height\":103,\"caption\":\"Nembutal House\"},\"image\":{\"@id\":\"https:\/\/nembutalhouse.com\/#\/schema\/logo\/image\/\"}}]}<\/script>\n<!-- \/ Yoast SEO plugin. -->","yoast_head_json":{"title":"Buy GBL Online - GBL for Sale - Order GBL Online","description":"Looking to Buy gbl Online? Discover a seamless platform at our online store where you can buy gbl, ensuring top-grade quality for your research needs.","robots":{"index":"index","follow":"follow","max-snippet":"max-snippet:-1","max-image-preview":"max-image-preview:large","max-video-preview":"max-video-preview:-1"},"canonical":"https:\/\/nembutalhouse.com\/pt\/produto\/buy-gbl-online\/","og_locale":"pt_PT","og_type":"article","og_title":"Buy GBL Online - GBL for Sale - Order GBL Online","og_description":"Looking to Buy gbl Online? Discover a seamless platform at our online store where you can buy gbl, ensuring top-grade quality for your research needs.","og_url":"https:\/\/nembutalhouse.com\/pt\/produto\/buy-gbl-online\/","og_site_name":"Nembutal House","article_modified_time":"2026-03-06T08:54:23+00:00","og_image":[{"width":600,"height":600,"url":"https:\/\/nembutalhouse.com\/wp-content\/uploads\/2024\/10\/GBL.gif","type":"image\/gif"}],"twitter_card":"summary_large_image","twitter_misc":{"Tempo estimado de leitura":"2 minutos"},"schema":{"@context":"https:\/\/schema.org","@graph":[{"@type":"WebPage","@id":"https:\/\/nembutalhouse.com\/product\/buy-gbl-online\/","url":"https:\/\/nembutalhouse.com\/product\/buy-gbl-online\/","name":"Buy GBL Online - GBL for Sale - Order GBL Online","isPartOf":{"@id":"https:\/\/nembutalhouse.com\/#website"},"primaryImageOfPage":{"@id":"https:\/\/nembutalhouse.com\/product\/buy-gbl-online\/#primaryimage"},"image":{"@id":"https:\/\/nembutalhouse.com\/product\/buy-gbl-online\/#primaryimage"},"thumbnailUrl":"https:\/\/nembutalhouse.com\/wp-content\/uploads\/2024\/10\/GBL.gif","datePublished":"2024-10-16T05:30:32+00:00","dateModified":"2026-03-06T08:54:23+00:00","description":"Looking to Buy gbl Online? Discover a seamless platform at our online store where you can buy gbl, ensuring top-grade quality for your research needs.","breadcrumb":{"@id":"https:\/\/nembutalhouse.com\/product\/buy-gbl-online\/#breadcrumb"},"inLanguage":"pt-PT","potentialAction":[{"@type":"ReadAction","target":["https:\/\/nembutalhouse.com\/product\/buy-gbl-online\/"]}]},{"@type":"ImageObject","inLanguage":"pt-PT","@id":"https:\/\/nembutalhouse.com\/product\/buy-gbl-online\/#primaryimage","url":"https:\/\/nembutalhouse.com\/wp-content\/uploads\/2024\/10\/GBL.gif","contentUrl":"https:\/\/nembutalhouse.com\/wp-content\/uploads\/2024\/10\/GBL.gif","width":600,"height":600,"caption":"Buy Gbl Online"},{"@type":"BreadcrumbList","@id":"https:\/\/nembutalhouse.com\/product\/buy-gbl-online\/#breadcrumb","itemListElement":[{"@type":"ListItem","position":1,"name":"Home","item":"https:\/\/nembutalhouse.com\/"},{"@type":"ListItem","position":2,"name":"Shop","item":"https:\/\/nembutalhouse.com\/shop\/"},{"@type":"ListItem","position":3,"name":"Buy Gbl Online"}]},{"@type":"WebSite","@id":"https:\/\/nembutalhouse.com\/#website","url":"https:\/\/nembutalhouse.com\/","name":"Nembutal House","description":"Best Nembutal Online Store","publisher":{"@id":"https:\/\/nembutalhouse.com\/#organization"},"potentialAction":[{"@type":"SearchAction","target":{"@type":"EntryPoint","urlTemplate":"https:\/\/nembutalhouse.com\/?s={search_term_string}"},"query-input":{"@type":"PropertyValueSpecification","valueRequired":true,"valueName":"search_term_string"}}],"inLanguage":"pt-PT"},{"@type":"Organization","@id":"https:\/\/nembutalhouse.com\/#organization","name":"Nembutal House","url":"https:\/\/nembutalhouse.com\/","logo":{"@type":"ImageObject","inLanguage":"pt-PT","@id":"https:\/\/nembutalhouse.com\/#\/schema\/logo\/image\/","url":"https:\/\/nembutalhouse.com\/wp-content\/uploads\/2022\/12\/logo.png","contentUrl":"https:\/\/nembutalhouse.com\/wp-content\/uploads\/2022\/12\/logo.png","width":344,"height":103,"caption":"Nembutal House"},"image":{"@id":"https:\/\/nembutalhouse.com\/#\/schema\/logo\/image\/"}}]}},"_links":{"self":[{"href":"https:\/\/nembutalhouse.com\/pt\/wp-json\/wp\/v2\/product\/579","targetHints":{"allow":["GET"]}}],"collection":[{"href":"https:\/\/nembutalhouse.com\/pt\/wp-json\/wp\/v2\/product"}],"about":[{"href":"https:\/\/nembutalhouse.com\/pt\/wp-json\/wp\/v2\/types\/product"}],"replies":[{"embeddable":true,"href":"https:\/\/nembutalhouse.com\/pt\/wp-json\/wp\/v2\/comments?post=579"}],"wp:featuredmedia":[{"embeddable":true,"href":"https:\/\/nembutalhouse.com\/pt\/wp-json\/wp\/v2\/media\/595"}],"wp:attachment":[{"href":"https:\/\/nembutalhouse.com\/pt\/wp-json\/wp\/v2\/media?parent=579"}],"wp:term":[{"taxonomy":"product_cat","embeddable":true,"href":"https:\/\/nembutalhouse.com\/pt\/wp-json\/wp\/v2\/product_cat?post=579"},{"taxonomy":"product_tag","embeddable":true,"href":"https:\/\/nembutalhouse.com\/pt\/wp-json\/wp\/v2\/product_tag?post=579"}],"curies":[{"name":"wp","href":"https:\/\/api.w.org\/{rel}","templated":true}]}}