{"id":530,"date":"2024-10-16T05:04:43","date_gmt":"2024-10-16T05:04:43","guid":{"rendered":"https:\/\/nembutalhouse.com\/?post_type=product&#038;p=530"},"modified":"2026-03-06T07:03:14","modified_gmt":"2026-03-06T07:03:14","slug":"buy-3cl-online","status":"publish","type":"product","link":"https:\/\/nembutalhouse.com\/pt\/produto\/comprar-3cl-online\/","title":{"rendered":"Buy 3cl Online"},"content":{"rendered":"<h2>Comprar 3-Aminoindano (3-CI) Online<\/h2>\n<p><a href=\"https:\/\/nembutalhouse.com\/pt\/produto\/comprar-3cl-online\/\">3-CI<\/a> Uma vez que n\u00e3o foi feita qualquer investiga\u00e7\u00e3o sobre este produto qu\u00edmico, qualquer discuss\u00e3o sobre a sua farmacologia centrou-se apenas na semelhan\u00e7a da sua estrutura e efeitos subjectivos com os de outros estimulantes como a anfetamina, a metanfetamina e a 2-FMA.<\/p>\n<p>O 3-CI funciona muito provavelmente como um libertador de norepinefrina e dopamina.<\/p>\n<p>Uma vez que o 3-CI se liga e bloqueia parcialmente as prote\u00ednas transportadoras que normalmente removem a norepinefrina e a dopamina da fenda sin\u00e1ptica, aumenta efetivamente os n\u00edveis destes neurotransmissores no c\u00e9rebro.<\/p>\n<p>Isto faz com que a norepinefrina e a dopamina se acumulem no c\u00e9rebro, produzindo efeitos euf\u00f3ricos e estimulantes.<\/p>\n<h3>3-CI Consequ\u00eancias f\u00edsicas<\/h3>\n<p><a href=\"https:\/\/en.wikipedia.org\/wiki\/Chloromethane\">3-CI<\/a> Estimula\u00e7\u00e3o: Com base no seu impacto nos n\u00edveis de energia f\u00edsica do utilizador, o 3-CI \u00e9 normalmente considerado como energizante e revigorante de uma forma que \u00e9 mais potente do que o modafinil ou a cafe\u00edna, e semelhante \u00e0 anfetamina.<\/p>\n<p>\u00c9 um pouco diferente da estimula\u00e7\u00e3o provocada pela MDMA, mas tamb\u00e9m \u00e9 diferente na medida em que promove a atividade f\u00edsica, como dan\u00e7ar, misturar-se, correr ou limpar. <a href=\"https:\/\/nembutalhouse.com\/pt\/\">NembutalHouse<\/a><\/p>\n<p>\u00c9 poss\u00edvel caraterizar a forma espec\u00edfica de estimula\u00e7\u00e3o que o 3-CI oferece como for\u00e7ada.<\/p>\n<p>Isto significa que, em doses mais elevadas, ocorre o cerramento dos maxilares, tremores involunt\u00e1rios do corpo e vibra\u00e7\u00f5es, tornando dif\u00edcil ou imposs\u00edvel permanecer im\u00f3vel. O resultado \u00e9 um tremor corporal excessivo, m\u00e3os tr\u00e9mulas e uma falta geral de controlo motor.<\/p>\n<p>3-CI Al\u00edvio da dor: Com base em numerosos relatos aned\u00f3ticos, esta subst\u00e2ncia pode reduzir a dor de uma forma compar\u00e1vel \u00e0 dos opi\u00e1ceos, mas sem o efeito f\u00edsico pronunciado.<\/p>\n<p>frequ\u00eancia card\u00edaca elevada<\/p>\n<p>frequ\u00eancia card\u00edaca elevada<\/p>\n<p>Falta de \u00e1gua<\/p>\n<p>Repress\u00e3o do apetite<\/p>\n<p>v\u00f3mito<\/p>\n<p>disfun\u00e7\u00e3o er\u00e9til moment\u00e2nea<\/p>\n<p>suda\u00e7\u00e3o elevada<\/p>\n<p>Ranger de dentes: Ao contr\u00e1rio do MDMA, pensa-se que este ingrediente \u00e9 menos potente.<\/p>\n<p>Um maior apre\u00e7o pela m\u00fasica<\/p>\n<p>efeitos sobre a cogni\u00e7\u00e3o<\/p>\n<p>Os efeitos cognitivos do 3-CI t\u00eam v\u00e1rios componentes e a intensidade de cada componente aumenta com a dosagem.<\/p>\n<p>Muitas pessoas caracterizam o estado mental geral do 3-CI como um estado de euforia, maior concentra\u00e7\u00e3o e estimula\u00e7\u00e3o cerebral.<\/p>\n<p>Tem muitos dos efeitos cognitivos estimulantes habituais. Embora os efeitos adversos sejam frequentemente m\u00ednimos em doses baixas a moderadas, \u00e9 mais prov\u00e1vel que apare\u00e7am em doses mais elevadas ou durante uma utiliza\u00e7\u00e3o prolongada.<\/p>\n<p>Isto \u00e9 especialmente v\u00e1lido quando a experi\u00eancia est\u00e1 a ser compensada.<\/p>\n<p>&nbsp;<\/p>\n<p>&nbsp;<\/p>","protected":false},"excerpt":{"rendered":"<p>Buy 3-Aminoindane (3-CI) Online 3-CI Since there hasn&#8217;t been any research done on the chemical, any discussion of its pharmacology has only focused on how similar its structure and subjective&hellip;<\/p>","protected":false},"featured_media":576,"comment_status":"closed","ping_status":"closed","template":"","meta":{"_joinchat":[]},"product_cat":[186],"product_tag":[696,699,697,695,693,694,673,678,684,685,688,674,692,681,671,698,683,672,690,687,680,676,700,677,691,689,686,679,682,675],"class_list":{"0":"post-530","1":"product","2":"type-product","3":"status-publish","4":"has-post-thumbnail","6":"product_cat-research-chemicals","7":"product_tag-3cl-brown-powder-for-cleaning","8":"product_tag-3cl-brown-powder-for-sale","9":"product_tag-3cl-brown-powder-powder","10":"product_tag-3cl-brown-powder-wiki","11":"product_tag-3cl-brown-powder-worldwide","12":"product_tag-3cl-brown-powders-use","13":"product_tag-3cl-for-sale","14":"product_tag-3cl-powder","15":"product_tag-3cl-powder-online","16":"product_tag-3cl-price","17":"product_tag-3cl-store","18":"product_tag-3cl-supplier","19":"product_tag-best-cheap-price-3cl-brown-powder","20":"product_tag-best-place-to-buy-3cl","21":"product_tag-buy-3cl","22":"product_tag-buy-3cl-brown-powder-online","23":"product_tag-buy-3cl-legally","24":"product_tag-buy-3cl-online","25":"product_tag-cheap-3cls","26":"product_tag-high-quality-3cl","27":"product_tag-how-to-buy-3cl","28":"product_tag-order-3cl","29":"product_tag-order-3cl-brown-powder","30":"product_tag-order-3cl-online","31":"product_tag-purcharse-3cl-brown-powder","32":"product_tag-shop-3cl","33":"product_tag-top-quality-3cl","34":"product_tag-where-to-buy-3cl","35":"product_tag-where-to-order-3cl","36":"product_tag-wholesale-3cl-bulk-online","38":"first","39":"instock","40":"shipping-taxable","41":"purchasable","42":"product-type-variable"},"yoast_head":"<!-- This site is optimized with the Yoast SEO plugin v24.1 - https:\/\/yoast.com\/wordpress\/plugins\/seo\/ -->\n<title>3 CL Sale - Buy 3 CL Online - Order 3 CL Online | NembutalHouse<\/title>\n<meta name=\"description\" content=\"Looking for a reliable source to buy 3cl online? Your search ends here. Order 3cl online from our trusted store and enjoy a seamless buying process tailored for your research needs.\" \/>\n<meta name=\"robots\" content=\"index, follow, max-snippet:-1, max-image-preview:large, max-video-preview:-1\" \/>\n<link rel=\"canonical\" href=\"https:\/\/nembutalhouse.com\/pt\/produto\/comprar-3cl-online\/\" \/>\n<meta property=\"og:locale\" content=\"pt_PT\" \/>\n<meta property=\"og:type\" content=\"article\" \/>\n<meta property=\"og:title\" content=\"3 CL Sale - Buy 3 CL Online - Order 3 CL Online | NembutalHouse\" \/>\n<meta property=\"og:description\" content=\"Looking for a reliable source to buy 3cl online? Your search ends here. Order 3cl online from our trusted store and enjoy a seamless buying process tailored for your research needs.\" \/>\n<meta property=\"og:url\" content=\"https:\/\/nembutalhouse.com\/pt\/produto\/comprar-3cl-online\/\" \/>\n<meta property=\"og:site_name\" content=\"Nembutal House\" \/>\n<meta property=\"article:modified_time\" content=\"2026-03-06T07:03:14+00:00\" \/>\n<meta property=\"og:image\" content=\"https:\/\/nembutalhouse.com\/wp-content\/uploads\/2024\/10\/3cl.gif\" \/>\n\t<meta property=\"og:image:width\" content=\"600\" \/>\n\t<meta property=\"og:image:height\" content=\"600\" \/>\n\t<meta property=\"og:image:type\" content=\"image\/gif\" \/>\n<meta name=\"twitter:card\" content=\"summary_large_image\" \/>\n<meta name=\"twitter:label1\" content=\"Tempo estimado de leitura\" \/>\n\t<meta name=\"twitter:data1\" content=\"2 minutos\" \/>\n<script type=\"application\/ld+json\" class=\"yoast-schema-graph\">{\"@context\":\"https:\/\/schema.org\",\"@graph\":[{\"@type\":\"WebPage\",\"@id\":\"https:\/\/nembutalhouse.com\/product\/buy-3cl-online\/\",\"url\":\"https:\/\/nembutalhouse.com\/product\/buy-3cl-online\/\",\"name\":\"3 CL Sale - Buy 3 CL Online - Order 3 CL Online | NembutalHouse\",\"isPartOf\":{\"@id\":\"https:\/\/nembutalhouse.com\/#website\"},\"primaryImageOfPage\":{\"@id\":\"https:\/\/nembutalhouse.com\/product\/buy-3cl-online\/#primaryimage\"},\"image\":{\"@id\":\"https:\/\/nembutalhouse.com\/product\/buy-3cl-online\/#primaryimage\"},\"thumbnailUrl\":\"https:\/\/nembutalhouse.com\/wp-content\/uploads\/2024\/10\/3cl.gif\",\"datePublished\":\"2024-10-16T05:04:43+00:00\",\"dateModified\":\"2026-03-06T07:03:14+00:00\",\"description\":\"Looking for a reliable source to buy 3cl online? Your search ends here. Order 3cl online from our trusted store and enjoy a seamless buying process tailored for your research needs.\",\"breadcrumb\":{\"@id\":\"https:\/\/nembutalhouse.com\/product\/buy-3cl-online\/#breadcrumb\"},\"inLanguage\":\"pt-PT\",\"potentialAction\":[{\"@type\":\"ReadAction\",\"target\":[\"https:\/\/nembutalhouse.com\/product\/buy-3cl-online\/\"]}]},{\"@type\":\"ImageObject\",\"inLanguage\":\"pt-PT\",\"@id\":\"https:\/\/nembutalhouse.com\/product\/buy-3cl-online\/#primaryimage\",\"url\":\"https:\/\/nembutalhouse.com\/wp-content\/uploads\/2024\/10\/3cl.gif\",\"contentUrl\":\"https:\/\/nembutalhouse.com\/wp-content\/uploads\/2024\/10\/3cl.gif\",\"width\":600,\"height\":600,\"caption\":\"Buy 3cl Online\"},{\"@type\":\"BreadcrumbList\",\"@id\":\"https:\/\/nembutalhouse.com\/product\/buy-3cl-online\/#breadcrumb\",\"itemListElement\":[{\"@type\":\"ListItem\",\"position\":1,\"name\":\"Home\",\"item\":\"https:\/\/nembutalhouse.com\/\"},{\"@type\":\"ListItem\",\"position\":2,\"name\":\"Shop\",\"item\":\"https:\/\/nembutalhouse.com\/shop\/\"},{\"@type\":\"ListItem\",\"position\":3,\"name\":\"Buy 3cl Online\"}]},{\"@type\":\"WebSite\",\"@id\":\"https:\/\/nembutalhouse.com\/#website\",\"url\":\"https:\/\/nembutalhouse.com\/\",\"name\":\"Nembutal House\",\"description\":\"Best Nembutal Online Store\",\"publisher\":{\"@id\":\"https:\/\/nembutalhouse.com\/#organization\"},\"potentialAction\":[{\"@type\":\"SearchAction\",\"target\":{\"@type\":\"EntryPoint\",\"urlTemplate\":\"https:\/\/nembutalhouse.com\/?s={search_term_string}\"},\"query-input\":{\"@type\":\"PropertyValueSpecification\",\"valueRequired\":true,\"valueName\":\"search_term_string\"}}],\"inLanguage\":\"pt-PT\"},{\"@type\":\"Organization\",\"@id\":\"https:\/\/nembutalhouse.com\/#organization\",\"name\":\"Nembutal House\",\"url\":\"https:\/\/nembutalhouse.com\/\",\"logo\":{\"@type\":\"ImageObject\",\"inLanguage\":\"pt-PT\",\"@id\":\"https:\/\/nembutalhouse.com\/#\/schema\/logo\/image\/\",\"url\":\"https:\/\/nembutalhouse.com\/wp-content\/uploads\/2022\/12\/logo.png\",\"contentUrl\":\"https:\/\/nembutalhouse.com\/wp-content\/uploads\/2022\/12\/logo.png\",\"width\":344,\"height\":103,\"caption\":\"Nembutal House\"},\"image\":{\"@id\":\"https:\/\/nembutalhouse.com\/#\/schema\/logo\/image\/\"}}]}<\/script>\n<!-- \/ Yoast SEO plugin. -->","yoast_head_json":{"title":"3 CL Sale - Buy 3 CL Online - Order 3 CL Online | NembutalHouse","description":"Looking for a reliable source to buy 3cl online? Your search ends here. Order 3cl online from our trusted store and enjoy a seamless buying process tailored for your research needs.","robots":{"index":"index","follow":"follow","max-snippet":"max-snippet:-1","max-image-preview":"max-image-preview:large","max-video-preview":"max-video-preview:-1"},"canonical":"https:\/\/nembutalhouse.com\/pt\/produto\/comprar-3cl-online\/","og_locale":"pt_PT","og_type":"article","og_title":"3 CL Sale - Buy 3 CL Online - Order 3 CL Online | NembutalHouse","og_description":"Looking for a reliable source to buy 3cl online? Your search ends here. Order 3cl online from our trusted store and enjoy a seamless buying process tailored for your research needs.","og_url":"https:\/\/nembutalhouse.com\/pt\/produto\/comprar-3cl-online\/","og_site_name":"Nembutal House","article_modified_time":"2026-03-06T07:03:14+00:00","og_image":[{"width":600,"height":600,"url":"https:\/\/nembutalhouse.com\/wp-content\/uploads\/2024\/10\/3cl.gif","type":"image\/gif"}],"twitter_card":"summary_large_image","twitter_misc":{"Tempo estimado de leitura":"2 minutos"},"schema":{"@context":"https:\/\/schema.org","@graph":[{"@type":"WebPage","@id":"https:\/\/nembutalhouse.com\/product\/buy-3cl-online\/","url":"https:\/\/nembutalhouse.com\/product\/buy-3cl-online\/","name":"3 CL Sale - Buy 3 CL Online - Order 3 CL Online | NembutalHouse","isPartOf":{"@id":"https:\/\/nembutalhouse.com\/#website"},"primaryImageOfPage":{"@id":"https:\/\/nembutalhouse.com\/product\/buy-3cl-online\/#primaryimage"},"image":{"@id":"https:\/\/nembutalhouse.com\/product\/buy-3cl-online\/#primaryimage"},"thumbnailUrl":"https:\/\/nembutalhouse.com\/wp-content\/uploads\/2024\/10\/3cl.gif","datePublished":"2024-10-16T05:04:43+00:00","dateModified":"2026-03-06T07:03:14+00:00","description":"Looking for a reliable source to buy 3cl online? Your search ends here. Order 3cl online from our trusted store and enjoy a seamless buying process tailored for your research needs.","breadcrumb":{"@id":"https:\/\/nembutalhouse.com\/product\/buy-3cl-online\/#breadcrumb"},"inLanguage":"pt-PT","potentialAction":[{"@type":"ReadAction","target":["https:\/\/nembutalhouse.com\/product\/buy-3cl-online\/"]}]},{"@type":"ImageObject","inLanguage":"pt-PT","@id":"https:\/\/nembutalhouse.com\/product\/buy-3cl-online\/#primaryimage","url":"https:\/\/nembutalhouse.com\/wp-content\/uploads\/2024\/10\/3cl.gif","contentUrl":"https:\/\/nembutalhouse.com\/wp-content\/uploads\/2024\/10\/3cl.gif","width":600,"height":600,"caption":"Buy 3cl Online"},{"@type":"BreadcrumbList","@id":"https:\/\/nembutalhouse.com\/product\/buy-3cl-online\/#breadcrumb","itemListElement":[{"@type":"ListItem","position":1,"name":"Home","item":"https:\/\/nembutalhouse.com\/"},{"@type":"ListItem","position":2,"name":"Shop","item":"https:\/\/nembutalhouse.com\/shop\/"},{"@type":"ListItem","position":3,"name":"Buy 3cl Online"}]},{"@type":"WebSite","@id":"https:\/\/nembutalhouse.com\/#website","url":"https:\/\/nembutalhouse.com\/","name":"Nembutal House","description":"Best Nembutal Online Store","publisher":{"@id":"https:\/\/nembutalhouse.com\/#organization"},"potentialAction":[{"@type":"SearchAction","target":{"@type":"EntryPoint","urlTemplate":"https:\/\/nembutalhouse.com\/?s={search_term_string}"},"query-input":{"@type":"PropertyValueSpecification","valueRequired":true,"valueName":"search_term_string"}}],"inLanguage":"pt-PT"},{"@type":"Organization","@id":"https:\/\/nembutalhouse.com\/#organization","name":"Nembutal House","url":"https:\/\/nembutalhouse.com\/","logo":{"@type":"ImageObject","inLanguage":"pt-PT","@id":"https:\/\/nembutalhouse.com\/#\/schema\/logo\/image\/","url":"https:\/\/nembutalhouse.com\/wp-content\/uploads\/2022\/12\/logo.png","contentUrl":"https:\/\/nembutalhouse.com\/wp-content\/uploads\/2022\/12\/logo.png","width":344,"height":103,"caption":"Nembutal House"},"image":{"@id":"https:\/\/nembutalhouse.com\/#\/schema\/logo\/image\/"}}]}},"_links":{"self":[{"href":"https:\/\/nembutalhouse.com\/pt\/wp-json\/wp\/v2\/product\/530","targetHints":{"allow":["GET"]}}],"collection":[{"href":"https:\/\/nembutalhouse.com\/pt\/wp-json\/wp\/v2\/product"}],"about":[{"href":"https:\/\/nembutalhouse.com\/pt\/wp-json\/wp\/v2\/types\/product"}],"replies":[{"embeddable":true,"href":"https:\/\/nembutalhouse.com\/pt\/wp-json\/wp\/v2\/comments?post=530"}],"wp:featuredmedia":[{"embeddable":true,"href":"https:\/\/nembutalhouse.com\/pt\/wp-json\/wp\/v2\/media\/576"}],"wp:attachment":[{"href":"https:\/\/nembutalhouse.com\/pt\/wp-json\/wp\/v2\/media?parent=530"}],"wp:term":[{"taxonomy":"product_cat","embeddable":true,"href":"https:\/\/nembutalhouse.com\/pt\/wp-json\/wp\/v2\/product_cat?post=530"},{"taxonomy":"product_tag","embeddable":true,"href":"https:\/\/nembutalhouse.com\/pt\/wp-json\/wp\/v2\/product_tag?post=530"}],"curies":[{"name":"wp","href":"https:\/\/api.w.org\/{rel}","templated":true}]}}