{"id":36,"date":"2022-12-13T19:00:28","date_gmt":"2022-12-13T19:00:28","guid":{"rendered":"https:\/\/nembutalhouse.com\/?post_type=product&#038;p=36"},"modified":"2026-03-06T11:11:03","modified_gmt":"2026-03-06T11:11:03","slug":"buy-nembutal-tablets-online","status":"publish","type":"product","link":"https:\/\/nembutalhouse.com\/pt\/produto\/comprar-comprimidos-de-nembutal-online\/","title":{"rendered":"Compre comprimidos de Nembutal online"},"content":{"rendered":"<h2>Compre comprimidos de Nembutal online<\/h2>\n<p>Encontrar uma fonte ou vendedor s\u00f3lido e confi\u00e1vel de comprimidos de nembutal \u00e9 t\u00e3o importante quanto n\u00f3s. Lembre-se de que voc\u00ea est\u00e1 prestando aten\u00e7\u00e3o \u00e0 sua sa\u00fade se o produto que estiver usando n\u00e3o for aut\u00eantico. Se voc\u00ea planeja <a href=\"https:\/\/nembutalhouse.com\/pt\/produto\/comprar-comprimidos-de-nembutal-online\/\"><strong>comprar comprimidos de nembutal online<\/strong><\/a>, iremos orient\u00e1-lo a comprar os comprimidos Nembutal em nossa loja.<\/p>\n<h3>Comprando os comprimidos de Nembutal online:<\/h3>\n<p>Antes de comprar Nembutal em nossa loja, sempre converse primeiro com seu m\u00e9dico sobre o tipo de medicamento que voc\u00ea precisa. Marque uma consulta com seu m\u00e9dico para um diagn\u00f3stico adequado e recomenda\u00e7\u00f5es de tratamento. Isso \u00e9 especialmente verdadeiro se voc\u00ea tiver uma condi\u00e7\u00e3o m\u00e9dica s\u00e9ria ou cr\u00f4nica. Suponha que voc\u00ea\u00a0compre comprimidos de nembutal online\u00a0sem consultar um m\u00e9dico pode ser perigoso. Voc\u00ea pode, sem saber, piorar sua condi\u00e7\u00e3o ou obter efeitos colaterais indesejados. Voc\u00ea pode receber notifica\u00e7\u00f5es de\u00a0comprimidos nembutal \u00e0 venda\u00a0em nosso site.<\/p>\n<p>Se voc\u00ea\u00a0pedir comprimidos de nembutal\u00a0em nosso site, \u00e9 seguro porque voc\u00ea precisa descobrir o que est\u00e1 consumindo. Voc\u00ea pode\u00a0comprar comprimidos de nembutal Portugal\u00a0de nosso fornecedor confi\u00e1vel no mercado. Voc\u00ea pode facilmente entrar em contato com nossa equipe de profissionais para saber sobre o procedimento para comprar os comprimidos Nembutal em nossa loja online.<\/p>\n<p>Lembre-se disso\u00a0<a href=\"https:\/\/nembutalhouse.com\/pt\/\" target=\"_blank\" rel=\"noopener\"><strong>comprar nembutal online<\/strong><\/a>\u00a0plataformas s\u00e3o muitas vezes abaixo do padr\u00e3o ou falsificadas. Esses produtos podem afetar adversamente sua sa\u00fade a longo prazo. Quando um site ou varejista est\u00e1 disposto a vender medicamentos prescritos para voc\u00ea sem receita, considere isso um sinal perigoso.<\/p>\n<h3>Comprimidos de Nembutal para venda:<\/h3>\n<p>Um dos principais motivos para\u00a0comprar pentobarbital online\u00a0em nossa loja \u00e9 que voc\u00ea tem certeza da origem do produto. Portanto, fa\u00e7a sua pesquisa para encontrar um varejista confi\u00e1vel como n\u00f3s em sua \u00e1rea. Voc\u00ea pode n\u00e3o ser capaz de reivindicar danos ou obter um reembolso em caso de falha. Voc\u00ea tamb\u00e9m corre o risco de receber mercadorias danificadas ou vencidas.<\/p>\n<p>O pre\u00e7o do Nembutal online nem sempre \u00e9 igual ao do produto na farm\u00e1cia f\u00edsica. Portanto, faz sentido ligar para a farm\u00e1cia local para perguntar o pre\u00e7o do Nembutal que voc\u00ea deseja\u00a0comprar nembutal (pentobarbital s\u00f3dico)\u00a0e comparar os pre\u00e7os com os pre\u00e7os online.<\/p>\n<h3>Como voc\u00ea comprar\u00e1 os comprimidos de Nembutal online?<\/h3>\n<p><a href=\"https:\/\/en.wikipedia.org\/wiki\/Pentobarbital\">Nembutal<\/a> that provides miraculous or fast results for specific medical conditions is too good to be true. Stay away from these products at all costs and know the steps on\u00a0how to buy nembutal tablets. These products may contain ingredients that can cause serious side effects. Labels like &#8216;miracle,&#8217; &#8216;100% safe&#8217;, &#8216;cure-all,&#8217; or &#8216;risk-free&#8217; indicate questionable products you need to avoid. Testimonials in forum posts, blogs, or group messages are untrusted because they are easy to generate or pay for. The best place to start when looking for advice is family and friends but always consult your doctor or pharmacist.<\/p>\n<p>With the convenience of the internet, almost everything is accessible from the comfort of your home. Now it is possible to buy Nembutal from our online store. Make sure you are familiar with these safety tips and\u00a0where to buy nembutal tablets. You will find the best Nembutal tablets from our site. Contact us today!<\/p>","protected":false},"excerpt":{"rendered":"<p>Cada comprimido de Nembutal 100 mg cont\u00e9m.<\/p>","protected":false},"featured_media":18,"comment_status":"open","ping_status":"closed","template":"","meta":{"_joinchat":[]},"product_cat":[16],"product_tag":[483,472,48,17,49,50,51,462,474,463,19,52,481,478,20,471,21,23,24,25,26,53,27,30,31,54,35,36,487,464,469,488,476,479,465,486,484,475,485,37,38,39,55,467,468,482,480,477,45,46,57,470,58,473,466],"class_list":{"0":"post-36","1":"product","2":"type-product","3":"status-publish","4":"has-post-thumbnail","6":"product_cat-nembutal","7":"product_tag-best-cheap-price-nembutal-tablets","8":"product_tag-best-place-to-buy-nembutal-tablets","9":"product_tag-buy-nembutal-exit-international","10":"product_tag-buy-nembutal-online","11":"product_tag-buy-nembutal-pentobarbital","12":"product_tag-buy-nembutal-pills-online","13":"product_tag-buy-nembutal-pills-online-without-prescription","14":"product_tag-buy-nembutal-tablets","15":"product_tag-buy-nembutal-tablets-legally","16":"product_tag-buy-nembutal-tablets-online","17":"product_tag-buy-nembutal-uk","18":"product_tag-cheap-nembutal-pills-for-sale","19":"product_tag-cheap-nembutal-tabletss","20":"product_tag-high-quality-nembutal-tablets","21":"product_tag-how-can-i-get-nembutal","22":"product_tag-how-to-buy-nembutal-tablets","23":"product_tag-how-to-make-nembutal","24":"product_tag-how-to-purchase-nembutal","25":"product_tag-nembutal","26":"product_tag-nembutal-buy","27":"product_tag-nembutal-buy-india","28":"product_tag-nembutal-capsules-for-sale","29":"product_tag-nembutal-for-sale","30":"product_tag-nembutal-order-online","31":"product_tag-nembutal-pentobarbital-for-sale-in-usa","32":"product_tag-nembutal-pills-for-sale","33":"product_tag-nembutal-sodium","34":"product_tag-nembutal-suicide","35":"product_tag-nembutal-tablets-for-cleaning","36":"product_tag-nembutal-tablets-for-sale","37":"product_tag-nembutal-tablets-liquid","38":"product_tag-nembutal-tablets-powder","39":"product_tag-nembutal-tablets-price","40":"product_tag-nembutal-tablets-store","41":"product_tag-nembutal-tablets-supplier","42":"product_tag-nembutal-tablets-wiki","43":"product_tag-nembutal-tablets-worldwide","44":"product_tag-nembutal-tabletss-online","45":"product_tag-nembutal-tabletss-use","46":"product_tag-nembutal-where-to-buy","47":"product_tag-order-nembutal","48":"product_tag-order-nembutal-online","49":"product_tag-order-nembutal-pills-online","50":"product_tag-order-nembutal-tablets","51":"product_tag-order-nembutal-tablets-online","52":"product_tag-purcharse-nembutal-tablets","53":"product_tag-shop-nembutal-tablets","54":"product_tag-top-quality-nembutal-tablets","55":"product_tag-what-is-nembutal","56":"product_tag-where-to-buy-nembutal","57":"product_tag-where-to-buy-nembutal-pills","58":"product_tag-where-to-buy-nembutal-tablets","59":"product_tag-where-to-buy-pentobarbital-for-dogs","60":"product_tag-where-to-order-nembutal-tablets","61":"product_tag-wholesale-nembutal-tablets-bulk-online","63":"first","64":"instock","65":"shipping-taxable","66":"purchasable","67":"product-type-variable","68":"has-default-attributes"},"yoast_head":"<!-- This site is optimized with the Yoast SEO plugin v24.1 - https:\/\/yoast.com\/wordpress\/plugins\/seo\/ -->\n<title>Buy Nembutal Tablets Online - Nembutal Tablets for Sale<\/title>\n<meta name=\"description\" content=\"Looking to buy nembutal tablets Online? Discover a seamless platform at our online store where you can buy nembutal tablets, ensuring top-grade quality for your research needs.\" \/>\n<meta name=\"robots\" content=\"index, follow, max-snippet:-1, max-image-preview:large, max-video-preview:-1\" \/>\n<link rel=\"canonical\" href=\"https:\/\/nembutalhouse.com\/pt\/produto\/comprar-comprimidos-de-nembutal-online\/\" \/>\n<meta property=\"og:locale\" content=\"pt_PT\" \/>\n<meta property=\"og:type\" content=\"article\" \/>\n<meta property=\"og:title\" content=\"Buy Nembutal Tablets Online - Nembutal Tablets for Sale\" \/>\n<meta property=\"og:description\" content=\"Looking to buy nembutal tablets Online? Discover a seamless platform at our online store where you can buy nembutal tablets, ensuring top-grade quality for your research needs.\" \/>\n<meta property=\"og:url\" content=\"https:\/\/nembutalhouse.com\/pt\/produto\/comprar-comprimidos-de-nembutal-online\/\" \/>\n<meta property=\"og:site_name\" content=\"Nembutal House\" \/>\n<meta property=\"article:modified_time\" content=\"2026-03-06T11:11:03+00:00\" \/>\n<meta property=\"og:image\" content=\"https:\/\/nembutalhouse.com\/wp-content\/uploads\/2022\/12\/nembutal-tablets.jpg\" \/>\n\t<meta property=\"og:image:width\" content=\"1000\" \/>\n\t<meta property=\"og:image:height\" content=\"1000\" \/>\n\t<meta property=\"og:image:type\" content=\"image\/jpeg\" \/>\n<meta name=\"twitter:card\" content=\"summary_large_image\" \/>\n<meta name=\"twitter:label1\" content=\"Tempo estimado de leitura\" \/>\n\t<meta name=\"twitter:data1\" content=\"3 minutos\" \/>\n<script type=\"application\/ld+json\" class=\"yoast-schema-graph\">{\"@context\":\"https:\/\/schema.org\",\"@graph\":[{\"@type\":\"WebPage\",\"@id\":\"https:\/\/nembutalhouse.com\/product\/buy-nembutal-tablets-online\/\",\"url\":\"https:\/\/nembutalhouse.com\/product\/buy-nembutal-tablets-online\/\",\"name\":\"Buy Nembutal Tablets Online - Nembutal Tablets for Sale\",\"isPartOf\":{\"@id\":\"https:\/\/nembutalhouse.com\/#website\"},\"primaryImageOfPage\":{\"@id\":\"https:\/\/nembutalhouse.com\/product\/buy-nembutal-tablets-online\/#primaryimage\"},\"image\":{\"@id\":\"https:\/\/nembutalhouse.com\/product\/buy-nembutal-tablets-online\/#primaryimage\"},\"thumbnailUrl\":\"https:\/\/nembutalhouse.com\/wp-content\/uploads\/2022\/12\/nembutal-tablets.jpg\",\"datePublished\":\"2022-12-13T19:00:28+00:00\",\"dateModified\":\"2026-03-06T11:11:03+00:00\",\"description\":\"Looking to buy nembutal tablets Online? Discover a seamless platform at our online store where you can buy nembutal tablets, ensuring top-grade quality for your research needs.\",\"breadcrumb\":{\"@id\":\"https:\/\/nembutalhouse.com\/product\/buy-nembutal-tablets-online\/#breadcrumb\"},\"inLanguage\":\"pt-PT\",\"potentialAction\":[{\"@type\":\"ReadAction\",\"target\":[\"https:\/\/nembutalhouse.com\/product\/buy-nembutal-tablets-online\/\"]}]},{\"@type\":\"ImageObject\",\"inLanguage\":\"pt-PT\",\"@id\":\"https:\/\/nembutalhouse.com\/product\/buy-nembutal-tablets-online\/#primaryimage\",\"url\":\"https:\/\/nembutalhouse.com\/wp-content\/uploads\/2022\/12\/nembutal-tablets.jpg\",\"contentUrl\":\"https:\/\/nembutalhouse.com\/wp-content\/uploads\/2022\/12\/nembutal-tablets.jpg\",\"width\":1000,\"height\":1000,\"caption\":\"buy nembutal tablets online\"},{\"@type\":\"BreadcrumbList\",\"@id\":\"https:\/\/nembutalhouse.com\/product\/buy-nembutal-tablets-online\/#breadcrumb\",\"itemListElement\":[{\"@type\":\"ListItem\",\"position\":1,\"name\":\"Home\",\"item\":\"https:\/\/nembutalhouse.com\/\"},{\"@type\":\"ListItem\",\"position\":2,\"name\":\"Shop\",\"item\":\"https:\/\/nembutalhouse.com\/shop\/\"},{\"@type\":\"ListItem\",\"position\":3,\"name\":\"Buy Nembutal Tablets Online\"}]},{\"@type\":\"WebSite\",\"@id\":\"https:\/\/nembutalhouse.com\/#website\",\"url\":\"https:\/\/nembutalhouse.com\/\",\"name\":\"Nembutal House\",\"description\":\"Best Nembutal Online Store\",\"publisher\":{\"@id\":\"https:\/\/nembutalhouse.com\/#organization\"},\"potentialAction\":[{\"@type\":\"SearchAction\",\"target\":{\"@type\":\"EntryPoint\",\"urlTemplate\":\"https:\/\/nembutalhouse.com\/?s={search_term_string}\"},\"query-input\":{\"@type\":\"PropertyValueSpecification\",\"valueRequired\":true,\"valueName\":\"search_term_string\"}}],\"inLanguage\":\"pt-PT\"},{\"@type\":\"Organization\",\"@id\":\"https:\/\/nembutalhouse.com\/#organization\",\"name\":\"Nembutal House\",\"url\":\"https:\/\/nembutalhouse.com\/\",\"logo\":{\"@type\":\"ImageObject\",\"inLanguage\":\"pt-PT\",\"@id\":\"https:\/\/nembutalhouse.com\/#\/schema\/logo\/image\/\",\"url\":\"https:\/\/nembutalhouse.com\/wp-content\/uploads\/2022\/12\/logo.png\",\"contentUrl\":\"https:\/\/nembutalhouse.com\/wp-content\/uploads\/2022\/12\/logo.png\",\"width\":344,\"height\":103,\"caption\":\"Nembutal House\"},\"image\":{\"@id\":\"https:\/\/nembutalhouse.com\/#\/schema\/logo\/image\/\"}}]}<\/script>\n<!-- \/ Yoast SEO plugin. -->","yoast_head_json":{"title":"Buy Nembutal Tablets Online - Nembutal Tablets for Sale","description":"Looking to buy nembutal tablets Online? Discover a seamless platform at our online store where you can buy nembutal tablets, ensuring top-grade quality for your research needs.","robots":{"index":"index","follow":"follow","max-snippet":"max-snippet:-1","max-image-preview":"max-image-preview:large","max-video-preview":"max-video-preview:-1"},"canonical":"https:\/\/nembutalhouse.com\/pt\/produto\/comprar-comprimidos-de-nembutal-online\/","og_locale":"pt_PT","og_type":"article","og_title":"Buy Nembutal Tablets Online - Nembutal Tablets for Sale","og_description":"Looking to buy nembutal tablets Online? Discover a seamless platform at our online store where you can buy nembutal tablets, ensuring top-grade quality for your research needs.","og_url":"https:\/\/nembutalhouse.com\/pt\/produto\/comprar-comprimidos-de-nembutal-online\/","og_site_name":"Nembutal House","article_modified_time":"2026-03-06T11:11:03+00:00","og_image":[{"width":1000,"height":1000,"url":"https:\/\/nembutalhouse.com\/wp-content\/uploads\/2022\/12\/nembutal-tablets.jpg","type":"image\/jpeg"}],"twitter_card":"summary_large_image","twitter_misc":{"Tempo estimado de leitura":"3 minutos"},"schema":{"@context":"https:\/\/schema.org","@graph":[{"@type":"WebPage","@id":"https:\/\/nembutalhouse.com\/product\/buy-nembutal-tablets-online\/","url":"https:\/\/nembutalhouse.com\/product\/buy-nembutal-tablets-online\/","name":"Buy Nembutal Tablets Online - Nembutal Tablets for Sale","isPartOf":{"@id":"https:\/\/nembutalhouse.com\/#website"},"primaryImageOfPage":{"@id":"https:\/\/nembutalhouse.com\/product\/buy-nembutal-tablets-online\/#primaryimage"},"image":{"@id":"https:\/\/nembutalhouse.com\/product\/buy-nembutal-tablets-online\/#primaryimage"},"thumbnailUrl":"https:\/\/nembutalhouse.com\/wp-content\/uploads\/2022\/12\/nembutal-tablets.jpg","datePublished":"2022-12-13T19:00:28+00:00","dateModified":"2026-03-06T11:11:03+00:00","description":"Looking to buy nembutal tablets Online? Discover a seamless platform at our online store where you can buy nembutal tablets, ensuring top-grade quality for your research needs.","breadcrumb":{"@id":"https:\/\/nembutalhouse.com\/product\/buy-nembutal-tablets-online\/#breadcrumb"},"inLanguage":"pt-PT","potentialAction":[{"@type":"ReadAction","target":["https:\/\/nembutalhouse.com\/product\/buy-nembutal-tablets-online\/"]}]},{"@type":"ImageObject","inLanguage":"pt-PT","@id":"https:\/\/nembutalhouse.com\/product\/buy-nembutal-tablets-online\/#primaryimage","url":"https:\/\/nembutalhouse.com\/wp-content\/uploads\/2022\/12\/nembutal-tablets.jpg","contentUrl":"https:\/\/nembutalhouse.com\/wp-content\/uploads\/2022\/12\/nembutal-tablets.jpg","width":1000,"height":1000,"caption":"buy nembutal tablets online"},{"@type":"BreadcrumbList","@id":"https:\/\/nembutalhouse.com\/product\/buy-nembutal-tablets-online\/#breadcrumb","itemListElement":[{"@type":"ListItem","position":1,"name":"Home","item":"https:\/\/nembutalhouse.com\/"},{"@type":"ListItem","position":2,"name":"Shop","item":"https:\/\/nembutalhouse.com\/shop\/"},{"@type":"ListItem","position":3,"name":"Buy Nembutal Tablets Online"}]},{"@type":"WebSite","@id":"https:\/\/nembutalhouse.com\/#website","url":"https:\/\/nembutalhouse.com\/","name":"Nembutal House","description":"Best Nembutal Online Store","publisher":{"@id":"https:\/\/nembutalhouse.com\/#organization"},"potentialAction":[{"@type":"SearchAction","target":{"@type":"EntryPoint","urlTemplate":"https:\/\/nembutalhouse.com\/?s={search_term_string}"},"query-input":{"@type":"PropertyValueSpecification","valueRequired":true,"valueName":"search_term_string"}}],"inLanguage":"pt-PT"},{"@type":"Organization","@id":"https:\/\/nembutalhouse.com\/#organization","name":"Nembutal House","url":"https:\/\/nembutalhouse.com\/","logo":{"@type":"ImageObject","inLanguage":"pt-PT","@id":"https:\/\/nembutalhouse.com\/#\/schema\/logo\/image\/","url":"https:\/\/nembutalhouse.com\/wp-content\/uploads\/2022\/12\/logo.png","contentUrl":"https:\/\/nembutalhouse.com\/wp-content\/uploads\/2022\/12\/logo.png","width":344,"height":103,"caption":"Nembutal House"},"image":{"@id":"https:\/\/nembutalhouse.com\/#\/schema\/logo\/image\/"}}]}},"_links":{"self":[{"href":"https:\/\/nembutalhouse.com\/pt\/wp-json\/wp\/v2\/product\/36","targetHints":{"allow":["GET"]}}],"collection":[{"href":"https:\/\/nembutalhouse.com\/pt\/wp-json\/wp\/v2\/product"}],"about":[{"href":"https:\/\/nembutalhouse.com\/pt\/wp-json\/wp\/v2\/types\/product"}],"replies":[{"embeddable":true,"href":"https:\/\/nembutalhouse.com\/pt\/wp-json\/wp\/v2\/comments?post=36"}],"wp:featuredmedia":[{"embeddable":true,"href":"https:\/\/nembutalhouse.com\/pt\/wp-json\/wp\/v2\/media\/18"}],"wp:attachment":[{"href":"https:\/\/nembutalhouse.com\/pt\/wp-json\/wp\/v2\/media?parent=36"}],"wp:term":[{"taxonomy":"product_cat","embeddable":true,"href":"https:\/\/nembutalhouse.com\/pt\/wp-json\/wp\/v2\/product_cat?post=36"},{"taxonomy":"product_tag","embeddable":true,"href":"https:\/\/nembutalhouse.com\/pt\/wp-json\/wp\/v2\/product_tag?post=36"}],"curies":[{"name":"wp","href":"https:\/\/api.w.org\/{rel}","templated":true}]}}