{"id":31,"date":"2022-12-13T19:00:11","date_gmt":"2022-12-13T19:00:11","guid":{"rendered":"https:\/\/nembutalhouse.com\/?post_type=product&#038;p=31"},"modified":"2026-03-06T11:05:23","modified_gmt":"2026-03-06T11:05:23","slug":"buy-nembutal-liquid-online","status":"publish","type":"product","link":"https:\/\/nembutalhouse.com\/pt\/produto\/buy-nembutal-liquid-online\/","title":{"rendered":"Compre Nembutal L\u00edquido Online"},"content":{"rendered":"<h2>Compre Nembutal L\u00edquido Online<\/h2>\n<p>Nossa <a href=\"https:\/\/nembutalhouse.com\/pt\/\" target=\"_blank\" rel=\"noopener\"><strong>loja Nembutal<\/strong><\/a> \u00e9 sem d\u00favida o seu destino final se quiser comprar o l\u00edquido de nembutal da melhor qualidade em Portugal. \u00c9 onde a qualidade atende \u00e0s suas expectativas e oferece o conforto que voc\u00ea sempre desejou do Liquid Nembutal. Voc\u00ea pode <a href=\"https:\/\/nembutalhouse.com\/pt\/produto\/buy-nembutal-liquid-online\/\"><strong>comprar nembutal liquido em portugal<\/strong><\/a>. Todos os nossos produtos de pentobarbital s\u00e3o testados em laborat\u00f3rio para ter certeza. Portanto, agora temos uma reputa\u00e7\u00e3o que temos de manter. Portanto, reduzir a qualidade do p\u00f3 de Nembutal \u00e9 algo que sempre precisamos fazer.<\/p>\n<h3>Onde voc\u00ea receber\u00e1 a inje\u00e7\u00e3o de Nembutal?<\/h3>\n<p>Voc\u00ea pode comprar o l\u00edquido nembutal on-line em seu veterin\u00e1rio ou em uma loja de produtos naturais. Mas lembre-se de que pode haver restri\u00e7\u00f5es sobre como e onde voc\u00ea pode obt\u00ea-los. Suponha que voc\u00ea tenha uma receita registrada para a eutan\u00e1sia, voc\u00ea pode entrar em contato com seu veterin\u00e1rio para obter detalhes. Eles geralmente t\u00eam uma lista de veterin\u00e1rios que sabem onde conseguir esse medicamento para eutan\u00e1sia.<\/p>\n<h3>Voc\u00ea pode comprar o l\u00edquido Nembutal online?<\/h3>\n<p>Yes, you can get the option of nembutal liquid for sale on our site, just like you can buy prescription drugs from your local pharmacy. You can find some restrictions on where to buy nembutal oral liquid. You can be sure to check and double-check before ordering euthanasia pills online.<\/p>\n<h3>Onde posso comprar Nembutal l\u00edquido?<\/h3>\n<p>Novamente, isso pode ser complicado. Voc\u00ea deve escolher o melhor lugar para comprar l\u00edquido nembutal como n\u00f3s. A maioria dos medicamentos para abate de c\u00e3es e gatos s\u00f3 est\u00e1 dispon\u00edvel em cl\u00ednicas veterin\u00e1rias. Mesmo se voc\u00ea puder encontrar um varejista que venda esse medicamento, o pre\u00e7o pode ser alto demais para valer o seu tempo.<\/p>\n<p>\u00c9 dif\u00edcil responder a esta pergunta sem saber que doen\u00e7a tem o seu c\u00e3o ou gato. Por esse motivo, \u00e9 muito importante que seu veterin\u00e1rio o ajude a determinar exatamente qual \u00e9 o problema. Em geral, por\u00e9m, a efedrina \u00e9 usada em c\u00e3es e gatos que sofrem de depress\u00e3o: dem\u00eancia, transtorno de d\u00e9ficit de aten\u00e7\u00e3o e hiperatividade (DDA) e outros problemas comportamentais. Suponha que voc\u00ea esteja se perguntando se esse medicamento funcionar\u00e1 para seu animal de estima\u00e7\u00e3o. Provavelmente funcionar\u00e1. A maioria dos clientes gosta de fazer um pedido para comprar nembutal online conosco.<\/p>\n<h3>\u00c9 legal comprar pentobarbital de s\u00f3dio e us\u00e1-lo para a eutan\u00e1sia animal?<\/h3>\n<p>Yes, it&#8217;s legal if you order it from a licensed dealer. Also, keep in mind that if you get into trouble with the law by giving or attempting to give this drug to animals. Fines and veterinary penalties may apply. You can help protect yourself by purchasing this medication from a licensed dealer. On our site, our expert will explain how to <a href=\"https:\/\/en.wikipedia.org\/wiki\/Pentobarbital\">comprar nembutal l\u00edquido<\/a>.<\/p>\n<p>Como devo usar o pentobarbital? Voc\u00ea deve seguir as instru\u00e7\u00f5es de dosagem de perto. Medi\u00e7\u00f5es de dosagem e mistura s\u00e3o muito importantes e voc\u00ea n\u00e3o deve correr nenhum risco. Muitas pessoas t\u00eam rea\u00e7\u00f5es graves se tomarem uma overdose deste medicamento. Portanto, certifique-se de tomar seu medicamento de acordo com as instru\u00e7\u00f5es da embalagem. Nesta era digital, voc\u00ea pode facilmente encomendar l\u00edquido nembutal online. Use o l\u00edquido conforme as instru\u00e7\u00f5es: borrife em um pequeno peda\u00e7o de algod\u00e3o ou gaze e inale o vapor.<\/p>","protected":false},"excerpt":{"rendered":"<p>Comprar Nembutal Liquid Online A nossa loja Nembutal \u00e9, sem d\u00favida, o seu destino final se quiser comprar o l\u00edquido nembutal da melhor qualidade no Reino Unido, Canad\u00e1 e Austr\u00e1lia. \u00c9 onde...<\/p>","protected":false},"featured_media":20,"comment_status":"open","ping_status":"closed","template":"","meta":{"_joinchat":[]},"product_cat":[16],"product_tag":[508,497,59,60,61,499,62,17,49,19,63,506,503,20,496,23,64,65,25,26,27,28,512,489,494,66,513,501,504,490,511,509,500,510,30,31,37,38,492,493,39,42,507,505,502,67,46,495,68,498,491],"class_list":{"0":"post-31","1":"product","2":"type-product","3":"status-publish","4":"has-post-thumbnail","6":"product_cat-nembutal","7":"product_tag-best-cheap-price-nembutal-liquid","8":"product_tag-best-place-to-buy-nembutal-liquid","9":"product_tag-buy-liquid-nembutal-in-canada","10":"product_tag-buy-liquid-nembutal-online","11":"product_tag-buy-nembutal-liquid","12":"product_tag-buy-nembutal-liquid-legally","13":"product_tag-buy-nembutal-liquid-online","14":"product_tag-buy-nembutal-online","15":"product_tag-buy-nembutal-pentobarbital","16":"product_tag-buy-nembutal-uk","17":"product_tag-buy-pentobarbital-online","18":"product_tag-cheap-nembutal-liquids","19":"product_tag-high-quality-nembutal-liquid","20":"product_tag-how-can-i-get-nembutal","21":"product_tag-how-to-buy-nembutal-liquid","22":"product_tag-how-to-purchase-nembutal","23":"product_tag-liquid-nembutal","24":"product_tag-liquid-nembutal-for-sale-in-canada","25":"product_tag-nembutal-buy","26":"product_tag-nembutal-buy-india","27":"product_tag-nembutal-for-sale","28":"product_tag-nembutal-for-sale-online","29":"product_tag-nembutal-liquid-for-cleaning","30":"product_tag-nembutal-liquid-for-sale","31":"product_tag-nembutal-liquid-liquid","32":"product_tag-nembutal-liquid-near-me","33":"product_tag-nembutal-liquid-powder","34":"product_tag-nembutal-liquid-price","35":"product_tag-nembutal-liquid-store","36":"product_tag-nembutal-liquid-supplier","37":"product_tag-nembutal-liquid-wiki","38":"product_tag-nembutal-liquid-worldwide","39":"product_tag-nembutal-liquids-online","40":"product_tag-nembutal-liquids-use","41":"product_tag-nembutal-order-online","42":"product_tag-nembutal-pentobarbital-for-sale-in-usa","43":"product_tag-nembutal-where-to-buy","44":"product_tag-order-nembutal","45":"product_tag-order-nembutal-liquid","46":"product_tag-order-nembutal-liquid-online","47":"product_tag-order-nembutal-online","48":"product_tag-pentobarbital-for-sale","49":"product_tag-purcharse-nembutal-liquid","50":"product_tag-shop-nembutal-liquid","51":"product_tag-top-quality-nembutal-liquid","52":"product_tag-where-can-i-buy-nembutal","53":"product_tag-where-to-buy-nembutal","54":"product_tag-where-to-buy-nembutal-liquid","55":"product_tag-where-to-buy-nembutal-liquid-online","56":"product_tag-where-to-order-nembutal-liquid","57":"product_tag-wholesale-nembutal-liquid-bulk-online","59":"first","60":"instock","61":"shipping-taxable","62":"purchasable","63":"product-type-variable","64":"has-default-attributes"},"yoast_head":"<!-- This site is optimized with the Yoast SEO plugin v24.1 - https:\/\/yoast.com\/wordpress\/plugins\/seo\/ -->\n<title>Nembutal Liquid for Sale - Buy Nembutal Liquid Online<\/title>\n<meta name=\"description\" content=\"Get nembutal liquid for sale at one of the best online stores nembutal house. We will help you buy nembutal liquid online of high quality. Don&#039;t delay to place your order and take advantage of the newest discounts!\" \/>\n<meta name=\"robots\" content=\"index, follow, max-snippet:-1, max-image-preview:large, max-video-preview:-1\" \/>\n<link rel=\"canonical\" href=\"https:\/\/nembutalhouse.com\/pt\/produto\/buy-nembutal-liquid-online\/\" \/>\n<meta property=\"og:locale\" content=\"pt_PT\" \/>\n<meta property=\"og:type\" content=\"article\" \/>\n<meta property=\"og:title\" content=\"Nembutal Liquid for Sale - Buy Nembutal Liquid Online\" \/>\n<meta property=\"og:description\" content=\"Get nembutal liquid for sale at one of the best online stores nembutal house. We will help you buy nembutal liquid online of high quality. Don&#039;t delay to place your order and take advantage of the newest discounts!\" \/>\n<meta property=\"og:url\" content=\"https:\/\/nembutalhouse.com\/pt\/produto\/buy-nembutal-liquid-online\/\" \/>\n<meta property=\"og:site_name\" content=\"Nembutal House\" \/>\n<meta property=\"article:modified_time\" content=\"2026-03-06T11:05:23+00:00\" \/>\n<meta property=\"og:image\" content=\"https:\/\/nembutalhouse.com\/wp-content\/uploads\/2022\/12\/nembutal-liquid.jpg\" \/>\n\t<meta property=\"og:image:width\" content=\"1000\" \/>\n\t<meta property=\"og:image:height\" content=\"1000\" \/>\n\t<meta property=\"og:image:type\" content=\"image\/jpeg\" \/>\n<meta name=\"twitter:card\" content=\"summary_large_image\" \/>\n<meta name=\"twitter:label1\" content=\"Tempo estimado de leitura\" \/>\n\t<meta name=\"twitter:data1\" content=\"3 minutos\" \/>\n<script type=\"application\/ld+json\" class=\"yoast-schema-graph\">{\"@context\":\"https:\/\/schema.org\",\"@graph\":[{\"@type\":\"WebPage\",\"@id\":\"https:\/\/nembutalhouse.com\/product\/buy-nembutal-liquid-online\/\",\"url\":\"https:\/\/nembutalhouse.com\/product\/buy-nembutal-liquid-online\/\",\"name\":\"Nembutal Liquid for Sale - Buy Nembutal Liquid Online\",\"isPartOf\":{\"@id\":\"https:\/\/nembutalhouse.com\/#website\"},\"primaryImageOfPage\":{\"@id\":\"https:\/\/nembutalhouse.com\/product\/buy-nembutal-liquid-online\/#primaryimage\"},\"image\":{\"@id\":\"https:\/\/nembutalhouse.com\/product\/buy-nembutal-liquid-online\/#primaryimage\"},\"thumbnailUrl\":\"https:\/\/nembutalhouse.com\/wp-content\/uploads\/2022\/12\/nembutal-liquid.jpg\",\"datePublished\":\"2022-12-13T19:00:11+00:00\",\"dateModified\":\"2026-03-06T11:05:23+00:00\",\"description\":\"Get nembutal liquid for sale at one of the best online stores nembutal house. We will help you buy nembutal liquid online of high quality. Don't delay to place your order and take advantage of the newest discounts!\",\"breadcrumb\":{\"@id\":\"https:\/\/nembutalhouse.com\/product\/buy-nembutal-liquid-online\/#breadcrumb\"},\"inLanguage\":\"pt-PT\",\"potentialAction\":[{\"@type\":\"ReadAction\",\"target\":[\"https:\/\/nembutalhouse.com\/product\/buy-nembutal-liquid-online\/\"]}]},{\"@type\":\"ImageObject\",\"inLanguage\":\"pt-PT\",\"@id\":\"https:\/\/nembutalhouse.com\/product\/buy-nembutal-liquid-online\/#primaryimage\",\"url\":\"https:\/\/nembutalhouse.com\/wp-content\/uploads\/2022\/12\/nembutal-liquid.jpg\",\"contentUrl\":\"https:\/\/nembutalhouse.com\/wp-content\/uploads\/2022\/12\/nembutal-liquid.jpg\",\"width\":1000,\"height\":1000,\"caption\":\"Buy Nembutal Liquid Online\"},{\"@type\":\"BreadcrumbList\",\"@id\":\"https:\/\/nembutalhouse.com\/product\/buy-nembutal-liquid-online\/#breadcrumb\",\"itemListElement\":[{\"@type\":\"ListItem\",\"position\":1,\"name\":\"Home\",\"item\":\"https:\/\/nembutalhouse.com\/\"},{\"@type\":\"ListItem\",\"position\":2,\"name\":\"Shop\",\"item\":\"https:\/\/nembutalhouse.com\/shop\/\"},{\"@type\":\"ListItem\",\"position\":3,\"name\":\"Buy Nembutal Liquid Online\"}]},{\"@type\":\"WebSite\",\"@id\":\"https:\/\/nembutalhouse.com\/#website\",\"url\":\"https:\/\/nembutalhouse.com\/\",\"name\":\"Nembutal House\",\"description\":\"Best Nembutal Online Store\",\"publisher\":{\"@id\":\"https:\/\/nembutalhouse.com\/#organization\"},\"potentialAction\":[{\"@type\":\"SearchAction\",\"target\":{\"@type\":\"EntryPoint\",\"urlTemplate\":\"https:\/\/nembutalhouse.com\/?s={search_term_string}\"},\"query-input\":{\"@type\":\"PropertyValueSpecification\",\"valueRequired\":true,\"valueName\":\"search_term_string\"}}],\"inLanguage\":\"pt-PT\"},{\"@type\":\"Organization\",\"@id\":\"https:\/\/nembutalhouse.com\/#organization\",\"name\":\"Nembutal House\",\"url\":\"https:\/\/nembutalhouse.com\/\",\"logo\":{\"@type\":\"ImageObject\",\"inLanguage\":\"pt-PT\",\"@id\":\"https:\/\/nembutalhouse.com\/#\/schema\/logo\/image\/\",\"url\":\"https:\/\/nembutalhouse.com\/wp-content\/uploads\/2022\/12\/logo.png\",\"contentUrl\":\"https:\/\/nembutalhouse.com\/wp-content\/uploads\/2022\/12\/logo.png\",\"width\":344,\"height\":103,\"caption\":\"Nembutal House\"},\"image\":{\"@id\":\"https:\/\/nembutalhouse.com\/#\/schema\/logo\/image\/\"}}]}<\/script>\n<!-- \/ Yoast SEO plugin. -->","yoast_head_json":{"title":"Nembutal Liquid for Sale - Buy Nembutal Liquid Online","description":"Get nembutal liquid for sale at one of the best online stores nembutal house. We will help you buy nembutal liquid online of high quality. Don't delay to place your order and take advantage of the newest discounts!","robots":{"index":"index","follow":"follow","max-snippet":"max-snippet:-1","max-image-preview":"max-image-preview:large","max-video-preview":"max-video-preview:-1"},"canonical":"https:\/\/nembutalhouse.com\/pt\/produto\/buy-nembutal-liquid-online\/","og_locale":"pt_PT","og_type":"article","og_title":"Nembutal Liquid for Sale - Buy Nembutal Liquid Online","og_description":"Get nembutal liquid for sale at one of the best online stores nembutal house. We will help you buy nembutal liquid online of high quality. Don't delay to place your order and take advantage of the newest discounts!","og_url":"https:\/\/nembutalhouse.com\/pt\/produto\/buy-nembutal-liquid-online\/","og_site_name":"Nembutal House","article_modified_time":"2026-03-06T11:05:23+00:00","og_image":[{"width":1000,"height":1000,"url":"https:\/\/nembutalhouse.com\/wp-content\/uploads\/2022\/12\/nembutal-liquid.jpg","type":"image\/jpeg"}],"twitter_card":"summary_large_image","twitter_misc":{"Tempo estimado de leitura":"3 minutos"},"schema":{"@context":"https:\/\/schema.org","@graph":[{"@type":"WebPage","@id":"https:\/\/nembutalhouse.com\/product\/buy-nembutal-liquid-online\/","url":"https:\/\/nembutalhouse.com\/product\/buy-nembutal-liquid-online\/","name":"Nembutal Liquid for Sale - Buy Nembutal Liquid Online","isPartOf":{"@id":"https:\/\/nembutalhouse.com\/#website"},"primaryImageOfPage":{"@id":"https:\/\/nembutalhouse.com\/product\/buy-nembutal-liquid-online\/#primaryimage"},"image":{"@id":"https:\/\/nembutalhouse.com\/product\/buy-nembutal-liquid-online\/#primaryimage"},"thumbnailUrl":"https:\/\/nembutalhouse.com\/wp-content\/uploads\/2022\/12\/nembutal-liquid.jpg","datePublished":"2022-12-13T19:00:11+00:00","dateModified":"2026-03-06T11:05:23+00:00","description":"Get nembutal liquid for sale at one of the best online stores nembutal house. We will help you buy nembutal liquid online of high quality. Don't delay to place your order and take advantage of the newest discounts!","breadcrumb":{"@id":"https:\/\/nembutalhouse.com\/product\/buy-nembutal-liquid-online\/#breadcrumb"},"inLanguage":"pt-PT","potentialAction":[{"@type":"ReadAction","target":["https:\/\/nembutalhouse.com\/product\/buy-nembutal-liquid-online\/"]}]},{"@type":"ImageObject","inLanguage":"pt-PT","@id":"https:\/\/nembutalhouse.com\/product\/buy-nembutal-liquid-online\/#primaryimage","url":"https:\/\/nembutalhouse.com\/wp-content\/uploads\/2022\/12\/nembutal-liquid.jpg","contentUrl":"https:\/\/nembutalhouse.com\/wp-content\/uploads\/2022\/12\/nembutal-liquid.jpg","width":1000,"height":1000,"caption":"Buy Nembutal Liquid Online"},{"@type":"BreadcrumbList","@id":"https:\/\/nembutalhouse.com\/product\/buy-nembutal-liquid-online\/#breadcrumb","itemListElement":[{"@type":"ListItem","position":1,"name":"Home","item":"https:\/\/nembutalhouse.com\/"},{"@type":"ListItem","position":2,"name":"Shop","item":"https:\/\/nembutalhouse.com\/shop\/"},{"@type":"ListItem","position":3,"name":"Buy Nembutal Liquid Online"}]},{"@type":"WebSite","@id":"https:\/\/nembutalhouse.com\/#website","url":"https:\/\/nembutalhouse.com\/","name":"Nembutal House","description":"Best Nembutal Online Store","publisher":{"@id":"https:\/\/nembutalhouse.com\/#organization"},"potentialAction":[{"@type":"SearchAction","target":{"@type":"EntryPoint","urlTemplate":"https:\/\/nembutalhouse.com\/?s={search_term_string}"},"query-input":{"@type":"PropertyValueSpecification","valueRequired":true,"valueName":"search_term_string"}}],"inLanguage":"pt-PT"},{"@type":"Organization","@id":"https:\/\/nembutalhouse.com\/#organization","name":"Nembutal House","url":"https:\/\/nembutalhouse.com\/","logo":{"@type":"ImageObject","inLanguage":"pt-PT","@id":"https:\/\/nembutalhouse.com\/#\/schema\/logo\/image\/","url":"https:\/\/nembutalhouse.com\/wp-content\/uploads\/2022\/12\/logo.png","contentUrl":"https:\/\/nembutalhouse.com\/wp-content\/uploads\/2022\/12\/logo.png","width":344,"height":103,"caption":"Nembutal House"},"image":{"@id":"https:\/\/nembutalhouse.com\/#\/schema\/logo\/image\/"}}]}},"_links":{"self":[{"href":"https:\/\/nembutalhouse.com\/pt\/wp-json\/wp\/v2\/product\/31","targetHints":{"allow":["GET"]}}],"collection":[{"href":"https:\/\/nembutalhouse.com\/pt\/wp-json\/wp\/v2\/product"}],"about":[{"href":"https:\/\/nembutalhouse.com\/pt\/wp-json\/wp\/v2\/types\/product"}],"replies":[{"embeddable":true,"href":"https:\/\/nembutalhouse.com\/pt\/wp-json\/wp\/v2\/comments?post=31"}],"wp:featuredmedia":[{"embeddable":true,"href":"https:\/\/nembutalhouse.com\/pt\/wp-json\/wp\/v2\/media\/20"}],"wp:attachment":[{"href":"https:\/\/nembutalhouse.com\/pt\/wp-json\/wp\/v2\/media?parent=31"}],"wp:term":[{"taxonomy":"product_cat","embeddable":true,"href":"https:\/\/nembutalhouse.com\/pt\/wp-json\/wp\/v2\/product_cat?post=31"},{"taxonomy":"product_tag","embeddable":true,"href":"https:\/\/nembutalhouse.com\/pt\/wp-json\/wp\/v2\/product_tag?post=31"}],"curies":[{"name":"wp","href":"https:\/\/api.w.org\/{rel}","templated":true}]}}