{"id":1637,"date":"2024-10-26T06:40:08","date_gmt":"2024-10-26T06:40:08","guid":{"rendered":"https:\/\/nembutalhouse.com\/?post_type=product&#038;p=1637"},"modified":"2026-02-25T11:21:03","modified_gmt":"2026-02-25T11:21:03","slug":"ghb-liquide","status":"publish","type":"product","link":"https:\/\/nembutalhouse.com\/pt\/produto\/liquido-ghb-2\/","title":{"rendered":"Buy GHB Liquide Online"},"content":{"rendered":"<h2>P\u00d3 PARA GAMA-BUTIROLACTONA<\/h2>\n<p>A gama-butirolactona em p\u00f3, tamb\u00e9m conhecida como \u03b3-butirolactona ou GBL, \u00e9 uma subst\u00e2ncia hidrossol\u00favel e higrosc\u00f3pica com um cheiro fraco e carater\u00edstico Comprar GHB l\u00edquido .<br \/>\nAl\u00e9m de ser utilizado como aromatizante, decapante, tira-n\u00f3doas e solvente em certos condensadores electrol\u00edticos de alum\u00ednio h\u00famidos, <a href=\"https:\/\/nembutalhouse.com\/pt\/produto\/ghb\/\">GHB<\/a> \u00e9 um reagente e solvente muito utilizado em qu\u00edmica.<\/p>\n<p>A gama-butirolactona em p\u00f3, tamb\u00e9m conhecida como \"geeb\", \u00e9 um solvente l\u00edquido transparente.<\/p>\n<p>\u00c9 um pr\u00f3-f\u00e1rmaco - ou seja, o corpo transforma-o naturalmente no produto qu\u00edmico il\u00edcito GHB - para o GHB <a href=\"https:\/\/nembutalhouse.com\/pt\/\">NembutalHouse<\/a>.<\/p>\n<p>A gama-butirolactona em p\u00f3 tem um cheiro quase id\u00eantico ao de um solvente industrial e \u00e9 vendida no mercado negro sob as designa\u00e7\u00f5es de \"removedor de ferrugem\" e \"limpador de ligas\".<\/p>\n<p>\u00c9 dif\u00edcil de armazenar, sendo necess\u00e1rio. Requer uma garrafa de vidro ou uma garrafa feita de um certo tipo de pl\u00e1stico, o que dificulta o armazenamento. \u00c9 capaz de derreter atrav\u00e9s da maioria dos pol\u00edmeros. Delicioso!<\/p>\n<h3>Nomes alternativos<\/h3>\n<p>GBL, <a href=\"https:\/\/en.wikipedia.org\/wiki\/%CE%93-Hydroxybutyric_acid\">gama-hidroxibut\u00edrico<\/a> lactona \u00e1cida, lactona do \u00e1cido 4-hidroxibut\u00edrico, butirolactona, 1,4-lactona, 4-butirolactona e oxolana-2-ona<\/p>\n<p>Identificadores<\/p>\n<p>N\u00famero CAS: 96-48-0<\/p>\n<p>PubChem 7302<\/p>\n<p>ChemSpider 7029<\/p>\n<p>OL659KIY4X em UNII<\/p>\n<p>DB04699 no DrugBank<\/p>\n<p>KEGG C01770<\/p>\n<p>ChEBI CHEBI: 42639<\/p>\n<p>CHEMBL CHEMBL95681<\/p>\n<p>N\u00famero LU3500000 para RTECS<\/p>\n<p>Imagens Jmol-3D Imagem 1<\/p>\n<p>F\u00f3rmula das mol\u00e9culas C4H6O2.<\/p>\n<p>Massa molar 86,09 g mol-1<\/p>\n<p>L\u00edquido incolor<\/p>\n<p>Densidade 15. \u00b0C (1,1286 g\/mL), 20 \u00b0C (1,1296 g\/mL)<\/p>\n<p>Ponto de fus\u00e3o: -43,53 \u00b0C (-46,35 \u00b0F; 229,62 K)<\/p>\n<p>204 \u00b0C \u00e9 o ponto de ebuli\u00e7\u00e3o (399 \u00b0F; 477 K).<\/p>\n<p>Solubilidade em \u00e1gua: Misc\u00edvel<\/p>\n<p>Solubilidade: sol\u00favel em \u00e9ter et\u00edlico, benzeno, metanol, etanol, acetona e CCl4.<\/p>\n<p>pH (em pKa): 4.5<\/p>\n<p>\u00cdndice de refra\u00e7\u00e3o (nD): 1.435, 1.4341 (20 \u00b0C)<\/p>\n<p>Viscosidade: 1,7<\/p>\n<p>A viscosidade a 25 \u00b0C \u00e9 de 1,7 cp.<\/p>\n<p>Riscos<\/p>\n<p>Palavras R R22 R36<\/p>\n<p>Palavras S S26 S36<\/p>\n<p>Principais perigos<\/p>\n<p>Ponto de inflama\u00e7\u00e3o (copo fechado): 98 \u00b0C (208 \u00b0F; 371 K).<\/p>\n<p>LD50 17,2 mL\/kg (dose oral para ratos)<\/p>\n<p>Os dados s\u00e3o fornecidos para materiais no seu estado padr\u00e3o, que \u00e9 a 25 \u00b0C (77 \u00b0F), 100 kPa, salvo indica\u00e7\u00e3o em contr\u00e1rio Buy GHB Liquid .<\/p>\n<p>&nbsp;<\/p>\n<p>&nbsp;<\/p>","protected":false},"excerpt":{"rendered":"<p><strong>GHB l\u00edquido - Alta pureza para investiga\u00e7\u00e3o e aplica\u00e7\u00f5es<\/strong><\/p>\n<p><strong>GHB l\u00edquido<\/strong> (\u00e1cido gama-hidroxibut\u00edrico) \u00e9 um composto altamente eficaz conhecido pela sua pureza e versatilidade excepcionais. Perfeitamente adequado para estudos cient\u00edficos e aplica\u00e7\u00f5es farmac\u00eauticas, o GHB Liquid oferece resultados precisos e um desempenho consistente.<\/p>\n<h3><strong>Carater\u00edsticas do GHB Liquid:<\/strong><\/h3>\n<ul>\n<li><strong>F\u00f3rmula qu\u00edmica<\/strong>: C4H8O3<\/li>\n<li><strong>Peso molecular<\/strong>: 104,1 g\/mol<\/li>\n<li><strong>Pureza<\/strong>: Pureza garantida 99%, ideal para aplica\u00e7\u00f5es controladas.<\/li>\n<li><strong>Apar\u00eancia<\/strong>: L\u00edquido l\u00edmpido e incolor com uma estrutura qu\u00edmica est\u00e1vel.<\/li>\n<\/ul>","protected":false},"featured_media":600,"comment_status":"closed","ping_status":"closed","template":"","meta":{"_joinchat":[]},"product_cat":[186],"product_tag":[],"class_list":{"0":"post-1637","1":"product","2":"type-product","3":"status-publish","4":"has-post-thumbnail","6":"product_cat-research-chemicals","8":"first","9":"outofstock","10":"shipping-taxable","11":"purchasable","12":"product-type-variable"},"yoast_head":"<!-- This site is optimized with the Yoast SEO plugin v24.1 - https:\/\/yoast.com\/wordpress\/plugins\/seo\/ -->\n<title>Buy GHB Liquid \u2013 High Purity &amp; Discreet Shipping<\/title>\n<meta name=\"description\" content=\"Purchase GHB Liquid with guaranteed high purity. Ideal for scientific research and applications. Reliable service and discreet shipping. Order online now!\" \/>\n<meta name=\"robots\" content=\"index, follow, max-snippet:-1, max-image-preview:large, max-video-preview:-1\" \/>\n<link rel=\"canonical\" href=\"https:\/\/nembutalhouse.com\/pt\/produto\/liquido-ghb-2\/\" \/>\n<meta property=\"og:locale\" content=\"pt_PT\" \/>\n<meta property=\"og:type\" content=\"article\" \/>\n<meta property=\"og:title\" content=\"Buy GHB Liquid \u2013 High Purity &amp; Discreet Shipping\" \/>\n<meta property=\"og:description\" content=\"Purchase GHB Liquid with guaranteed high purity. Ideal for scientific research and applications. Reliable service and discreet shipping. Order online now!\" \/>\n<meta property=\"og:url\" content=\"https:\/\/nembutalhouse.com\/pt\/produto\/liquido-ghb-2\/\" \/>\n<meta property=\"og:site_name\" content=\"Nembutal House\" \/>\n<meta property=\"article:modified_time\" content=\"2026-02-25T11:21:03+00:00\" \/>\n<meta property=\"og:image\" content=\"https:\/\/nembutalhouse.com\/wp-content\/uploads\/2024\/10\/GHB.gif\" \/>\n\t<meta property=\"og:image:width\" content=\"600\" \/>\n\t<meta property=\"og:image:height\" content=\"600\" \/>\n\t<meta property=\"og:image:type\" content=\"image\/gif\" \/>\n<meta name=\"twitter:card\" content=\"summary_large_image\" \/>\n<meta name=\"twitter:label1\" content=\"Tempo estimado de leitura\" \/>\n\t<meta name=\"twitter:data1\" content=\"2 minutos\" \/>\n<script type=\"application\/ld+json\" class=\"yoast-schema-graph\">{\"@context\":\"https:\/\/schema.org\",\"@graph\":[{\"@type\":\"WebPage\",\"@id\":\"https:\/\/nembutalhouse.com\/product\/ghb-liquide\/\",\"url\":\"https:\/\/nembutalhouse.com\/product\/ghb-liquide\/\",\"name\":\"Buy GHB Liquid \u2013 High Purity & Discreet Shipping\",\"isPartOf\":{\"@id\":\"https:\/\/nembutalhouse.com\/#website\"},\"primaryImageOfPage\":{\"@id\":\"https:\/\/nembutalhouse.com\/product\/ghb-liquide\/#primaryimage\"},\"image\":{\"@id\":\"https:\/\/nembutalhouse.com\/product\/ghb-liquide\/#primaryimage\"},\"thumbnailUrl\":\"https:\/\/nembutalhouse.com\/wp-content\/uploads\/2024\/10\/GHB.gif\",\"datePublished\":\"2024-10-26T06:40:08+00:00\",\"dateModified\":\"2026-02-25T11:21:03+00:00\",\"description\":\"Purchase GHB Liquid with guaranteed high purity. Ideal for scientific research and applications. Reliable service and discreet shipping. Order online now!\",\"breadcrumb\":{\"@id\":\"https:\/\/nembutalhouse.com\/product\/ghb-liquide\/#breadcrumb\"},\"inLanguage\":\"pt-PT\",\"potentialAction\":[{\"@type\":\"ReadAction\",\"target\":[\"https:\/\/nembutalhouse.com\/product\/ghb-liquide\/\"]}]},{\"@type\":\"ImageObject\",\"inLanguage\":\"pt-PT\",\"@id\":\"https:\/\/nembutalhouse.com\/product\/ghb-liquide\/#primaryimage\",\"url\":\"https:\/\/nembutalhouse.com\/wp-content\/uploads\/2024\/10\/GHB.gif\",\"contentUrl\":\"https:\/\/nembutalhouse.com\/wp-content\/uploads\/2024\/10\/GHB.gif\",\"width\":600,\"height\":600,\"caption\":\"Buy GHB Online\"},{\"@type\":\"BreadcrumbList\",\"@id\":\"https:\/\/nembutalhouse.com\/product\/ghb-liquide\/#breadcrumb\",\"itemListElement\":[{\"@type\":\"ListItem\",\"position\":1,\"name\":\"Home\",\"item\":\"https:\/\/nembutalhouse.com\/\"},{\"@type\":\"ListItem\",\"position\":2,\"name\":\"Shop\",\"item\":\"https:\/\/nembutalhouse.com\/shop\/\"},{\"@type\":\"ListItem\",\"position\":3,\"name\":\"Buy GHB Liquide Online\"}]},{\"@type\":\"WebSite\",\"@id\":\"https:\/\/nembutalhouse.com\/#website\",\"url\":\"https:\/\/nembutalhouse.com\/\",\"name\":\"Nembutal House\",\"description\":\"Best Nembutal Online Store\",\"publisher\":{\"@id\":\"https:\/\/nembutalhouse.com\/#organization\"},\"potentialAction\":[{\"@type\":\"SearchAction\",\"target\":{\"@type\":\"EntryPoint\",\"urlTemplate\":\"https:\/\/nembutalhouse.com\/?s={search_term_string}\"},\"query-input\":{\"@type\":\"PropertyValueSpecification\",\"valueRequired\":true,\"valueName\":\"search_term_string\"}}],\"inLanguage\":\"pt-PT\"},{\"@type\":\"Organization\",\"@id\":\"https:\/\/nembutalhouse.com\/#organization\",\"name\":\"Nembutal House\",\"url\":\"https:\/\/nembutalhouse.com\/\",\"logo\":{\"@type\":\"ImageObject\",\"inLanguage\":\"pt-PT\",\"@id\":\"https:\/\/nembutalhouse.com\/#\/schema\/logo\/image\/\",\"url\":\"https:\/\/nembutalhouse.com\/wp-content\/uploads\/2022\/12\/logo.png\",\"contentUrl\":\"https:\/\/nembutalhouse.com\/wp-content\/uploads\/2022\/12\/logo.png\",\"width\":344,\"height\":103,\"caption\":\"Nembutal House\"},\"image\":{\"@id\":\"https:\/\/nembutalhouse.com\/#\/schema\/logo\/image\/\"}}]}<\/script>\n<!-- \/ Yoast SEO plugin. -->","yoast_head_json":{"title":"Buy GHB Liquid \u2013 High Purity & Discreet Shipping","description":"Purchase GHB Liquid with guaranteed high purity. Ideal for scientific research and applications. Reliable service and discreet shipping. Order online now!","robots":{"index":"index","follow":"follow","max-snippet":"max-snippet:-1","max-image-preview":"max-image-preview:large","max-video-preview":"max-video-preview:-1"},"canonical":"https:\/\/nembutalhouse.com\/pt\/produto\/liquido-ghb-2\/","og_locale":"pt_PT","og_type":"article","og_title":"Buy GHB Liquid \u2013 High Purity & Discreet Shipping","og_description":"Purchase GHB Liquid with guaranteed high purity. Ideal for scientific research and applications. Reliable service and discreet shipping. Order online now!","og_url":"https:\/\/nembutalhouse.com\/pt\/produto\/liquido-ghb-2\/","og_site_name":"Nembutal House","article_modified_time":"2026-02-25T11:21:03+00:00","og_image":[{"width":600,"height":600,"url":"https:\/\/nembutalhouse.com\/wp-content\/uploads\/2024\/10\/GHB.gif","type":"image\/gif"}],"twitter_card":"summary_large_image","twitter_misc":{"Tempo estimado de leitura":"2 minutos"},"schema":{"@context":"https:\/\/schema.org","@graph":[{"@type":"WebPage","@id":"https:\/\/nembutalhouse.com\/product\/ghb-liquide\/","url":"https:\/\/nembutalhouse.com\/product\/ghb-liquide\/","name":"Buy GHB Liquid \u2013 High Purity & Discreet Shipping","isPartOf":{"@id":"https:\/\/nembutalhouse.com\/#website"},"primaryImageOfPage":{"@id":"https:\/\/nembutalhouse.com\/product\/ghb-liquide\/#primaryimage"},"image":{"@id":"https:\/\/nembutalhouse.com\/product\/ghb-liquide\/#primaryimage"},"thumbnailUrl":"https:\/\/nembutalhouse.com\/wp-content\/uploads\/2024\/10\/GHB.gif","datePublished":"2024-10-26T06:40:08+00:00","dateModified":"2026-02-25T11:21:03+00:00","description":"Purchase GHB Liquid with guaranteed high purity. Ideal for scientific research and applications. Reliable service and discreet shipping. Order online now!","breadcrumb":{"@id":"https:\/\/nembutalhouse.com\/product\/ghb-liquide\/#breadcrumb"},"inLanguage":"pt-PT","potentialAction":[{"@type":"ReadAction","target":["https:\/\/nembutalhouse.com\/product\/ghb-liquide\/"]}]},{"@type":"ImageObject","inLanguage":"pt-PT","@id":"https:\/\/nembutalhouse.com\/product\/ghb-liquide\/#primaryimage","url":"https:\/\/nembutalhouse.com\/wp-content\/uploads\/2024\/10\/GHB.gif","contentUrl":"https:\/\/nembutalhouse.com\/wp-content\/uploads\/2024\/10\/GHB.gif","width":600,"height":600,"caption":"Buy GHB Online"},{"@type":"BreadcrumbList","@id":"https:\/\/nembutalhouse.com\/product\/ghb-liquide\/#breadcrumb","itemListElement":[{"@type":"ListItem","position":1,"name":"Home","item":"https:\/\/nembutalhouse.com\/"},{"@type":"ListItem","position":2,"name":"Shop","item":"https:\/\/nembutalhouse.com\/shop\/"},{"@type":"ListItem","position":3,"name":"Buy GHB Liquide Online"}]},{"@type":"WebSite","@id":"https:\/\/nembutalhouse.com\/#website","url":"https:\/\/nembutalhouse.com\/","name":"Nembutal House","description":"Best Nembutal Online Store","publisher":{"@id":"https:\/\/nembutalhouse.com\/#organization"},"potentialAction":[{"@type":"SearchAction","target":{"@type":"EntryPoint","urlTemplate":"https:\/\/nembutalhouse.com\/?s={search_term_string}"},"query-input":{"@type":"PropertyValueSpecification","valueRequired":true,"valueName":"search_term_string"}}],"inLanguage":"pt-PT"},{"@type":"Organization","@id":"https:\/\/nembutalhouse.com\/#organization","name":"Nembutal House","url":"https:\/\/nembutalhouse.com\/","logo":{"@type":"ImageObject","inLanguage":"pt-PT","@id":"https:\/\/nembutalhouse.com\/#\/schema\/logo\/image\/","url":"https:\/\/nembutalhouse.com\/wp-content\/uploads\/2022\/12\/logo.png","contentUrl":"https:\/\/nembutalhouse.com\/wp-content\/uploads\/2022\/12\/logo.png","width":344,"height":103,"caption":"Nembutal House"},"image":{"@id":"https:\/\/nembutalhouse.com\/#\/schema\/logo\/image\/"}}]}},"_links":{"self":[{"href":"https:\/\/nembutalhouse.com\/pt\/wp-json\/wp\/v2\/product\/1637","targetHints":{"allow":["GET"]}}],"collection":[{"href":"https:\/\/nembutalhouse.com\/pt\/wp-json\/wp\/v2\/product"}],"about":[{"href":"https:\/\/nembutalhouse.com\/pt\/wp-json\/wp\/v2\/types\/product"}],"replies":[{"embeddable":true,"href":"https:\/\/nembutalhouse.com\/pt\/wp-json\/wp\/v2\/comments?post=1637"}],"wp:featuredmedia":[{"embeddable":true,"href":"https:\/\/nembutalhouse.com\/pt\/wp-json\/wp\/v2\/media\/600"}],"wp:attachment":[{"href":"https:\/\/nembutalhouse.com\/pt\/wp-json\/wp\/v2\/media?parent=1637"}],"wp:term":[{"taxonomy":"product_cat","embeddable":true,"href":"https:\/\/nembutalhouse.com\/pt\/wp-json\/wp\/v2\/product_cat?post=1637"},{"taxonomy":"product_tag","embeddable":true,"href":"https:\/\/nembutalhouse.com\/pt\/wp-json\/wp\/v2\/product_tag?post=1637"}],"curies":[{"name":"wp","href":"https:\/\/api.w.org\/{rel}","templated":true}]}}