{"id":15,"date":"2022-12-13T18:41:56","date_gmt":"2022-12-13T18:41:56","guid":{"rendered":"https:\/\/nembutalhouse.com\/?post_type=product&#038;p=15"},"modified":"2026-03-06T11:08:44","modified_gmt":"2026-03-06T11:08:44","slug":"buy-nembutal-powder-online","status":"publish","type":"product","link":"https:\/\/nembutalhouse.com\/pt\/produto\/buy-nembutal-powder-online\/","title":{"rendered":"Compre Nembutal P\u00f3 Online"},"content":{"rendered":"<h2 style=\"text-align: justify;\">Compre Nembutal P\u00f3 Online<\/h2>\n<p style=\"text-align: justify;\">If you are looking to buy the best quality Nembutal powder, our shop is perfect choice for you. Our quality product meets your expectations and delivers the comfort you have always desired from Nembutal powder. All our pentobarbital products are lab tested to ensure the highest quality first to customers. So now we have a reputation that we have to maintain.<\/p>\n<h3 style=\"text-align: justify;\">Vender P\u00f3 Nembutal Genu\u00edno Online:<\/h3>\n<p style=\"text-align: justify;\">Encontrar fornecedores de p\u00f3 Nembutal que forne\u00e7am p\u00f3 genu\u00edno on-line pode ser bastante complicado na maioria das vezes. Muitos vendedores enganam vendendo o p\u00f3 de Nembutal online, e a pureza do p\u00f3 tamb\u00e9m \u00e9 question\u00e1vel. A maioria desconhece os fatos, como a origem dessa subst\u00e2ncia e o m\u00e9todo de distribui\u00e7\u00e3o e controle do p\u00f3 de Nembutal. E voc\u00ea pode se deparar com alguns deles. Mas n\u00e3o obteve nenhum resultado com o produto que comprou. \u00c9 por isso que estamos aqui para lhe dar 100% de pentobarbital genu\u00edno, para que voc\u00ea possa efetivamente mudar sua vida para que possa <a href=\"https:\/\/en.wikipedia.org\/?title=Nembutal&amp;redirect=no\"><strong>comprar Nembutal em p\u00f3<\/strong><\/a> de n\u00f3s.<\/p>\n<h3 style=\"text-align: justify;\">Obtenha o uso vers\u00e1til do Nembutal:<\/h3>\n<p style=\"text-align: justify;\">O p\u00f3 de Nembutal \u00e9 vers\u00e1til porque voc\u00ea pode us\u00e1-lo de diferentes maneiras de acordo com suas necessidades. \u00c9 por isso que o Nembutal \u00e9 perfeitamente vers\u00e1til. Se quiser transform\u00e1-lo em l\u00edquido para usar de outra forma, pode faz\u00ea-lo diluindo-o em \u00e1gua. A eutan\u00e1sia \u00e9 um tema altamente controverso. Voc\u00ea pode encomendar o p\u00f3 de Nembutal online atrav\u00e9s do nosso site. No entanto, quando se trata da fase de eutan\u00e1sia, ou simplesmente, o processo de tirar as almas do universo, \u00e9 feito perfeitamente com o uso do p\u00f3 Nembutal. O processo de fabrica\u00e7\u00e3o do pentobarbital ocorre e \u00e9 da\u00ed que vem a maior parte do Nembutal.<\/p>\n<p style=\"text-align: justify;\">Ao comprar p\u00f3 Nembutal online, voc\u00ea saber\u00e1 que somos o fornecedor de p\u00f3 Nembutal mais confi\u00e1vel. Estamos fornecendo o mais aut\u00eantico <a href=\"https:\/\/nembutalhouse.com\/pt\/produto\/buy-nembutal-powder-online\/\"><strong>Nembutal em p\u00f3 para venda<\/strong><\/a>. Obtenha sua entrega de p\u00f3 Nembutal conosco apenas fazendo um pedido online.<\/p>\n<h3 style=\"text-align: justify;\">Porqu\u00ea Nembutal em p\u00f3?<\/h3>\n<p style=\"text-align: justify;\">A classe do p\u00f3 Nembutal conhecido como barbit\u00faricos. Inventado no final do s\u00e9culo 19, essas a\u00e7\u00f5es deprimem v\u00e1rios aspectos da fun\u00e7\u00e3o cerebral. Os barbit\u00faricos s\u00e3o usados para muitas finalidades. Isso inclui o tratamento de dist\u00farbios do sono, epilepsia e les\u00f5es cerebrais \u2013 bem como anestesia geral e psiquiatria. Voc\u00ea precisa pesquisar profundamente sobre o melhor lugar para comprar p\u00f3 de Nembutal.<\/p>\n<p style=\"text-align: justify;\">Os barbit\u00faricos s\u00e3o conhecidos por fornecer seda\u00e7\u00e3o e podem ser usados efetivamente para aliviar o desconforto. Em grande volume, essas drogas podem causar depress\u00e3o respirat\u00f3ria e morte devido aos riscos associados \u00e0 overdose. Eles foram, portanto, retirados do uso m\u00e9dico normal nos \u00faltimos 20 anos.<\/p>\n<p style=\"text-align: justify;\">O medicamento agora pode ser obtido diretamente do fabricante ou <a href=\"https:\/\/nembutalhouse.com\/pt\/\" target=\"_blank\" rel=\"noopener\"><strong>comprar Nembutal online<\/strong><\/a>. Al\u00e9m da consulta de medicamentos, apoio familiar e outras medidas, o uso desses tratamentos geralmente requer muita habilidade e confus\u00e3o sobre onde comprar o p\u00f3 de Nembutal.<\/p>\n<p style=\"text-align: justify;\">N\u00e3o apenas o argumento sobre a necessidade da eutan\u00e1sia est\u00e1 errado. Mas legalizar a eutan\u00e1sia e o Nembutal com ele provavelmente ser\u00e1 ineficaz. Isso resultar\u00e1 em acesso limitado a cuidados adequados para a maioria dos pacientes que n\u00e3o atendem aos crit\u00e9rios r\u00edgidos de eutan\u00e1sia.<\/p>","protected":false},"excerpt":{"rendered":"<p>Cada grama de p\u00f3 cont\u00e9m 750 miligramas (mg) de p\u00f3 nembutal.<\/p>","protected":false},"featured_media":17,"comment_status":"open","ping_status":"closed","template":"","meta":{"_joinchat":[]},"product_cat":[16],"product_tag":[556,545,17,537,547,538,18,19,554,551,20,544,21,22,23,24,25,26,27,28,29,30,31,32,560,33,542,34,561,549,552,539,559,557,548,558,35,36,37,38,39,541,40,41,42,43,555,553,44,550,45,46,543,47,546,540],"class_list":{"0":"post-15","1":"product","2":"type-product","3":"status-publish","4":"has-post-thumbnail","6":"product_cat-nembutal","7":"product_tag-best-cheap-price-nembutal-powder","8":"product_tag-best-place-to-buy-nembutal-powder","9":"product_tag-buy-nembutal-online","10":"product_tag-buy-nembutal-powder","11":"product_tag-buy-nembutal-powder-legally","12":"product_tag-buy-nembutal-powder-online","13":"product_tag-buy-nembutal-powder-online-without-prescription","14":"product_tag-buy-nembutal-uk","15":"product_tag-cheap-nembutal-powders","16":"product_tag-high-quality-nembutal-powder","17":"product_tag-how-can-i-get-nembutal","18":"product_tag-how-to-buy-nembutal-powder","19":"product_tag-how-to-make-nembutal","20":"product_tag-how-to-obtain-nembutal","21":"product_tag-how-to-purchase-nembutal","22":"product_tag-nembutal","23":"product_tag-nembutal-buy","24":"product_tag-nembutal-buy-india","25":"product_tag-nembutal-for-sale","26":"product_tag-nembutal-for-sale-online","27":"product_tag-nembutal-for-sale-usa","28":"product_tag-nembutal-order-online","29":"product_tag-nembutal-pentobarbital-for-sale-in-usa","30":"product_tag-nembutal-pentobarbital-sodium-for-sale","31":"product_tag-nembutal-powder-for-cleaning","32":"product_tag-nembutal-powder-for-sale","33":"product_tag-nembutal-powder-liquid","34":"product_tag-nembutal-powder-near-me","35":"product_tag-nembutal-powder-powder","36":"product_tag-nembutal-powder-price","37":"product_tag-nembutal-powder-store","38":"product_tag-nembutal-powder-supplier","39":"product_tag-nembutal-powder-wiki","40":"product_tag-nembutal-powder-worldwide","41":"product_tag-nembutal-powders-online","42":"product_tag-nembutal-powders-use","43":"product_tag-nembutal-sodium","44":"product_tag-nembutal-suicide","45":"product_tag-nembutal-where-to-buy","46":"product_tag-order-nembutal","47":"product_tag-order-nembutal-online","48":"product_tag-order-nembutal-powder","49":"product_tag-order-nembutal-powder-online","50":"product_tag-pentobarbital","51":"product_tag-pentobarbital-for-sale","52":"product_tag-pentobarbital-vs-phenobarbital","53":"product_tag-purcharse-nembutal-powder","54":"product_tag-shop-nembutal-powder","55":"product_tag-sodium-pentobarbital","56":"product_tag-top-quality-nembutal-powder","57":"product_tag-what-is-nembutal","58":"product_tag-where-to-buy-nembutal","59":"product_tag-where-to-buy-nembutal-powder","60":"product_tag-where-to-buy-nembutal-powder-online","61":"product_tag-where-to-order-nembutal-powder","62":"product_tag-wholesale-nembutal-powder-bulk-online","64":"first","65":"instock","66":"shipping-taxable","67":"purchasable","68":"product-type-variable","69":"has-default-attributes"},"yoast_head":"<!-- This site is optimized with the Yoast SEO plugin v24.1 - https:\/\/yoast.com\/wordpress\/plugins\/seo\/ -->\n<title>Buy Nembutal Powder Online - Nembutal Powder for Sale<\/title>\n<meta name=\"description\" content=\"You can buy nembutal powder online at the best prices from our online store. We have cheap and high-quality nembutal powder for sale and providing worldwide delivery. You can order from anytime, anywhere.\" \/>\n<meta name=\"robots\" content=\"index, follow, max-snippet:-1, max-image-preview:large, max-video-preview:-1\" \/>\n<link rel=\"canonical\" href=\"https:\/\/nembutalhouse.com\/pt\/produto\/buy-nembutal-powder-online\/\" \/>\n<meta property=\"og:locale\" content=\"pt_PT\" \/>\n<meta property=\"og:type\" content=\"article\" \/>\n<meta property=\"og:title\" content=\"Buy Nembutal Powder Online - Nembutal Powder for Sale\" \/>\n<meta property=\"og:description\" content=\"You can buy nembutal powder online at the best prices from our online store. We have cheap and high-quality nembutal powder for sale and providing worldwide delivery. You can order from anytime, anywhere.\" \/>\n<meta property=\"og:url\" content=\"https:\/\/nembutalhouse.com\/pt\/produto\/buy-nembutal-powder-online\/\" \/>\n<meta property=\"og:site_name\" content=\"Nembutal House\" \/>\n<meta property=\"article:modified_time\" content=\"2026-03-06T11:08:44+00:00\" \/>\n<meta property=\"og:image\" content=\"https:\/\/nembutalhouse.com\/wp-content\/uploads\/2022\/12\/nembutal-powder.jpg\" \/>\n\t<meta property=\"og:image:width\" content=\"1000\" \/>\n\t<meta property=\"og:image:height\" content=\"1000\" \/>\n\t<meta property=\"og:image:type\" content=\"image\/jpeg\" \/>\n<meta name=\"twitter:card\" content=\"summary_large_image\" \/>\n<meta name=\"twitter:label1\" content=\"Tempo estimado de leitura\" \/>\n\t<meta name=\"twitter:data1\" content=\"3 minutos\" \/>\n<script type=\"application\/ld+json\" class=\"yoast-schema-graph\">{\"@context\":\"https:\/\/schema.org\",\"@graph\":[{\"@type\":\"WebPage\",\"@id\":\"https:\/\/nembutalhouse.com\/product\/buy-nembutal-powder-online\/\",\"url\":\"https:\/\/nembutalhouse.com\/product\/buy-nembutal-powder-online\/\",\"name\":\"Buy Nembutal Powder Online - Nembutal Powder for Sale\",\"isPartOf\":{\"@id\":\"https:\/\/nembutalhouse.com\/#website\"},\"primaryImageOfPage\":{\"@id\":\"https:\/\/nembutalhouse.com\/product\/buy-nembutal-powder-online\/#primaryimage\"},\"image\":{\"@id\":\"https:\/\/nembutalhouse.com\/product\/buy-nembutal-powder-online\/#primaryimage\"},\"thumbnailUrl\":\"https:\/\/nembutalhouse.com\/wp-content\/uploads\/2022\/12\/nembutal-powder.jpg\",\"datePublished\":\"2022-12-13T18:41:56+00:00\",\"dateModified\":\"2026-03-06T11:08:44+00:00\",\"description\":\"You can buy nembutal powder online at the best prices from our online store. We have cheap and high-quality nembutal powder for sale and providing worldwide delivery. You can order from anytime, anywhere.\",\"breadcrumb\":{\"@id\":\"https:\/\/nembutalhouse.com\/product\/buy-nembutal-powder-online\/#breadcrumb\"},\"inLanguage\":\"pt-PT\",\"potentialAction\":[{\"@type\":\"ReadAction\",\"target\":[\"https:\/\/nembutalhouse.com\/product\/buy-nembutal-powder-online\/\"]}]},{\"@type\":\"ImageObject\",\"inLanguage\":\"pt-PT\",\"@id\":\"https:\/\/nembutalhouse.com\/product\/buy-nembutal-powder-online\/#primaryimage\",\"url\":\"https:\/\/nembutalhouse.com\/wp-content\/uploads\/2022\/12\/nembutal-powder.jpg\",\"contentUrl\":\"https:\/\/nembutalhouse.com\/wp-content\/uploads\/2022\/12\/nembutal-powder.jpg\",\"width\":1000,\"height\":1000,\"caption\":\"buy nembutal powder online\"},{\"@type\":\"BreadcrumbList\",\"@id\":\"https:\/\/nembutalhouse.com\/product\/buy-nembutal-powder-online\/#breadcrumb\",\"itemListElement\":[{\"@type\":\"ListItem\",\"position\":1,\"name\":\"Home\",\"item\":\"https:\/\/nembutalhouse.com\/\"},{\"@type\":\"ListItem\",\"position\":2,\"name\":\"Shop\",\"item\":\"https:\/\/nembutalhouse.com\/shop\/\"},{\"@type\":\"ListItem\",\"position\":3,\"name\":\"Buy Nembutal Powder Online\"}]},{\"@type\":\"WebSite\",\"@id\":\"https:\/\/nembutalhouse.com\/#website\",\"url\":\"https:\/\/nembutalhouse.com\/\",\"name\":\"Nembutal House\",\"description\":\"Best Nembutal Online Store\",\"publisher\":{\"@id\":\"https:\/\/nembutalhouse.com\/#organization\"},\"potentialAction\":[{\"@type\":\"SearchAction\",\"target\":{\"@type\":\"EntryPoint\",\"urlTemplate\":\"https:\/\/nembutalhouse.com\/?s={search_term_string}\"},\"query-input\":{\"@type\":\"PropertyValueSpecification\",\"valueRequired\":true,\"valueName\":\"search_term_string\"}}],\"inLanguage\":\"pt-PT\"},{\"@type\":\"Organization\",\"@id\":\"https:\/\/nembutalhouse.com\/#organization\",\"name\":\"Nembutal House\",\"url\":\"https:\/\/nembutalhouse.com\/\",\"logo\":{\"@type\":\"ImageObject\",\"inLanguage\":\"pt-PT\",\"@id\":\"https:\/\/nembutalhouse.com\/#\/schema\/logo\/image\/\",\"url\":\"https:\/\/nembutalhouse.com\/wp-content\/uploads\/2022\/12\/logo.png\",\"contentUrl\":\"https:\/\/nembutalhouse.com\/wp-content\/uploads\/2022\/12\/logo.png\",\"width\":344,\"height\":103,\"caption\":\"Nembutal House\"},\"image\":{\"@id\":\"https:\/\/nembutalhouse.com\/#\/schema\/logo\/image\/\"}}]}<\/script>\n<!-- \/ Yoast SEO plugin. -->","yoast_head_json":{"title":"Buy Nembutal Powder Online - Nembutal Powder for Sale","description":"You can buy nembutal powder online at the best prices from our online store. We have cheap and high-quality nembutal powder for sale and providing worldwide delivery. You can order from anytime, anywhere.","robots":{"index":"index","follow":"follow","max-snippet":"max-snippet:-1","max-image-preview":"max-image-preview:large","max-video-preview":"max-video-preview:-1"},"canonical":"https:\/\/nembutalhouse.com\/pt\/produto\/buy-nembutal-powder-online\/","og_locale":"pt_PT","og_type":"article","og_title":"Buy Nembutal Powder Online - Nembutal Powder for Sale","og_description":"You can buy nembutal powder online at the best prices from our online store. We have cheap and high-quality nembutal powder for sale and providing worldwide delivery. You can order from anytime, anywhere.","og_url":"https:\/\/nembutalhouse.com\/pt\/produto\/buy-nembutal-powder-online\/","og_site_name":"Nembutal House","article_modified_time":"2026-03-06T11:08:44+00:00","og_image":[{"width":1000,"height":1000,"url":"https:\/\/nembutalhouse.com\/wp-content\/uploads\/2022\/12\/nembutal-powder.jpg","type":"image\/jpeg"}],"twitter_card":"summary_large_image","twitter_misc":{"Tempo estimado de leitura":"3 minutos"},"schema":{"@context":"https:\/\/schema.org","@graph":[{"@type":"WebPage","@id":"https:\/\/nembutalhouse.com\/product\/buy-nembutal-powder-online\/","url":"https:\/\/nembutalhouse.com\/product\/buy-nembutal-powder-online\/","name":"Buy Nembutal Powder Online - Nembutal Powder for Sale","isPartOf":{"@id":"https:\/\/nembutalhouse.com\/#website"},"primaryImageOfPage":{"@id":"https:\/\/nembutalhouse.com\/product\/buy-nembutal-powder-online\/#primaryimage"},"image":{"@id":"https:\/\/nembutalhouse.com\/product\/buy-nembutal-powder-online\/#primaryimage"},"thumbnailUrl":"https:\/\/nembutalhouse.com\/wp-content\/uploads\/2022\/12\/nembutal-powder.jpg","datePublished":"2022-12-13T18:41:56+00:00","dateModified":"2026-03-06T11:08:44+00:00","description":"You can buy nembutal powder online at the best prices from our online store. We have cheap and high-quality nembutal powder for sale and providing worldwide delivery. You can order from anytime, anywhere.","breadcrumb":{"@id":"https:\/\/nembutalhouse.com\/product\/buy-nembutal-powder-online\/#breadcrumb"},"inLanguage":"pt-PT","potentialAction":[{"@type":"ReadAction","target":["https:\/\/nembutalhouse.com\/product\/buy-nembutal-powder-online\/"]}]},{"@type":"ImageObject","inLanguage":"pt-PT","@id":"https:\/\/nembutalhouse.com\/product\/buy-nembutal-powder-online\/#primaryimage","url":"https:\/\/nembutalhouse.com\/wp-content\/uploads\/2022\/12\/nembutal-powder.jpg","contentUrl":"https:\/\/nembutalhouse.com\/wp-content\/uploads\/2022\/12\/nembutal-powder.jpg","width":1000,"height":1000,"caption":"buy nembutal powder online"},{"@type":"BreadcrumbList","@id":"https:\/\/nembutalhouse.com\/product\/buy-nembutal-powder-online\/#breadcrumb","itemListElement":[{"@type":"ListItem","position":1,"name":"Home","item":"https:\/\/nembutalhouse.com\/"},{"@type":"ListItem","position":2,"name":"Shop","item":"https:\/\/nembutalhouse.com\/shop\/"},{"@type":"ListItem","position":3,"name":"Buy Nembutal Powder Online"}]},{"@type":"WebSite","@id":"https:\/\/nembutalhouse.com\/#website","url":"https:\/\/nembutalhouse.com\/","name":"Nembutal House","description":"Best Nembutal Online Store","publisher":{"@id":"https:\/\/nembutalhouse.com\/#organization"},"potentialAction":[{"@type":"SearchAction","target":{"@type":"EntryPoint","urlTemplate":"https:\/\/nembutalhouse.com\/?s={search_term_string}"},"query-input":{"@type":"PropertyValueSpecification","valueRequired":true,"valueName":"search_term_string"}}],"inLanguage":"pt-PT"},{"@type":"Organization","@id":"https:\/\/nembutalhouse.com\/#organization","name":"Nembutal House","url":"https:\/\/nembutalhouse.com\/","logo":{"@type":"ImageObject","inLanguage":"pt-PT","@id":"https:\/\/nembutalhouse.com\/#\/schema\/logo\/image\/","url":"https:\/\/nembutalhouse.com\/wp-content\/uploads\/2022\/12\/logo.png","contentUrl":"https:\/\/nembutalhouse.com\/wp-content\/uploads\/2022\/12\/logo.png","width":344,"height":103,"caption":"Nembutal House"},"image":{"@id":"https:\/\/nembutalhouse.com\/#\/schema\/logo\/image\/"}}]}},"_links":{"self":[{"href":"https:\/\/nembutalhouse.com\/pt\/wp-json\/wp\/v2\/product\/15","targetHints":{"allow":["GET"]}}],"collection":[{"href":"https:\/\/nembutalhouse.com\/pt\/wp-json\/wp\/v2\/product"}],"about":[{"href":"https:\/\/nembutalhouse.com\/pt\/wp-json\/wp\/v2\/types\/product"}],"replies":[{"embeddable":true,"href":"https:\/\/nembutalhouse.com\/pt\/wp-json\/wp\/v2\/comments?post=15"}],"wp:featuredmedia":[{"embeddable":true,"href":"https:\/\/nembutalhouse.com\/pt\/wp-json\/wp\/v2\/media\/17"}],"wp:attachment":[{"href":"https:\/\/nembutalhouse.com\/pt\/wp-json\/wp\/v2\/media?parent=15"}],"wp:term":[{"taxonomy":"product_cat","embeddable":true,"href":"https:\/\/nembutalhouse.com\/pt\/wp-json\/wp\/v2\/product_cat?post=15"},{"taxonomy":"product_tag","embeddable":true,"href":"https:\/\/nembutalhouse.com\/pt\/wp-json\/wp\/v2\/product_tag?post=15"}],"curies":[{"name":"wp","href":"https:\/\/api.w.org\/{rel}","templated":true}]}}