{"id":1480,"date":"2024-10-16T11:51:00","date_gmt":"2024-10-16T11:51:00","guid":{"rendered":"https:\/\/nembutalhouse.com\/?post_type=product&#038;p=1480"},"modified":"2026-02-26T12:57:49","modified_gmt":"2026-02-26T12:57:49","slug":"buy-4-mec-online-2","status":"publish","type":"product","link":"https:\/\/nembutalhouse.com\/pt\/produto\/buy-4-mec-online-2\/","title":{"rendered":"Buy 4-MEC Online"},"content":{"rendered":"<h2>Buy 4-MEC Online<\/h2>\n<h3>4-metil-N-etil-catinona<\/h3>\n<p><a href=\"https:\/\/nembutalhouse.com\/pt\/produto\/buy-4-mec-online-2\/\">4-Metilcatinona<\/a>\u00a0 (4-MEC) \u00e9 um derivado da catinona identificado em v\u00e1rias drogas recreativas de marca que s\u00e3o vendidas como substitutos \"legais\" de estimulantes controlados, como a metanfetamina e a 3,4-metilenodioximetanfetamina.1,2,3 A formula\u00e7\u00e3o de cloridrato deste composto destina-se a ser utilizada como padr\u00e3o para a an\u00e1lise forense de amostras que possam conter 4-MEC.<\/p>\n<p>Informa\u00e7\u00f5es t\u00e9cnicas<\/p>\n<p>Nome formal Monocloridrato de 2-(etilamino)-1-(4-metilfenil)-1-propanona<\/p>\n<p>N\u00famero CAS 1266688-86-1<\/p>\n<p>Sin\u00f3nimos<\/p>\n<p>4-metil-N-etil-catinona<\/p>\n<p><a href=\"https:\/\/en.wikipedia.org\/wiki\/4-Methylethcathinone\">4-MEC<\/a><\/p>\n<p>F\u00f3rmula molecular C12H17NO - HCl<\/p>\n<p>Peso da f\u00f3rmula 227,7<\/p>\n<p>Pureza \u226598%<\/p>\n<p>Formula\u00e7\u00e3o A s\u00f3lido cristalino<\/p>\n<p>\u03bbmax 260 nm<\/p>\n<p>SMILES CC1=CC=C(C(C(NCC)C)=O)C=C1.Cl<\/p>\n<p>InChI Code InChI=1S\/C12H17NO.ClH\/c1-4-13-10(3)12(14)11-7-5-9(2)6-8-11;\/h5-8,10,13H,4H2,1-3H3;1H<\/p>\n<p>Chave InChI RQTXXFLUWZXGIE-UHFFFAOYSA-N<\/p>\n<h3>PRODUTOS QU\u00cdMICOS NEMBUTALHOUSE<\/h3>\n<h3>FORNECEMOS PRODUTOS QU\u00cdMICOS PARA INVESTIGA\u00c7\u00c3O EM TODO O MUNDO<\/h3>\n<p>Sobre<\/p>\n<p>fornecedores de produtos qu\u00edmicos de investiga\u00e7\u00e3o fi\u00e1veis, controlados, verificados, seguros e autorizados<\/p>\n<p>Apresenta\u00e7\u00e3o <a href=\"https:\/\/nembutalhouse.com\/pt\/\">NembutalHouse<\/a>\u00e9 um fornecedor respeit\u00e1vel de produtos qu\u00edmicos para investiga\u00e7\u00e3o que fornece materiais de ponta para os seus projectos. Precisa de um fornecedor em que possa confiar para oferecer produtos qu\u00edmicos que sejam 100% aut\u00eanticos e puros, e pode ter a certeza disso quando trabalha connosco. Temos muito orgulho na nossa reputa\u00e7\u00e3o como um dos fornecedores mais conceituados na ind\u00fastria da Internet, que constru\u00edmos atrav\u00e9s do nosso compromisso com a qualidade e a integridade cient\u00edfica.<\/p>\n<p>Os nossos clientes podem beneficiar das nossas v\u00e1rias op\u00e7\u00f5es de pagamento, entrega fi\u00e1vel e a mais vasta sele\u00e7\u00e3o de produtos qu\u00edmicos para investiga\u00e7\u00e3o. Desta forma, podemos ajudar v\u00e1rios investigadores em todos os continentes a localizar os recursos de investiga\u00e7\u00e3o pouco comuns e pouco estudados que podem afetar significativamente a investiga\u00e7\u00e3o realizada nos dom\u00ednios da f\u00edsica, qu\u00edmica, biologia ou farmacologia. Exploramos continuamente m\u00e9todos para melhorar a nossa oferta e, sempre que poss\u00edvel, adicionamos novos produtos qu\u00edmicos de investiga\u00e7\u00e3o \u00e0 nossa lista de produtos, de modo a cumprir o nosso objetivo.<\/p>\n<p>Dependendo das suas necessidades imediatas, os nossos clientes podem comprar encomendas em grandes quantidades ou em pequenas quantidades. Esfor\u00e7amo-nos por ser inclusivos e ter em conta as prefer\u00eancias expressas pelos nossos clientes em todo o mundo, para al\u00e9m de fornecermos produtos qu\u00edmicos para investiga\u00e7\u00e3o que os nossos clientes desejam especificamente. O nosso objetivo final \u00e9 facilitar o acesso da comunidade cient\u00edfica a produtos qu\u00edmicos de investiga\u00e7\u00e3o de alta qualidade e a pre\u00e7os acess\u00edveis, fazendo avan\u00e7ar o conhecimento de uma forma t\u00e9cnica.<\/p>\n<p>Informamos que os produtos de investiga\u00e7\u00e3o s\u00e3o entregues pela NembutalHouse Company.<\/p>\n<p>Informamos que a NembutalHouse Company apenas permite a utiliza\u00e7\u00e3o rigorosa dos seus artigos de investiga\u00e7\u00e3o para investiga\u00e7\u00e3o cient\u00edfica leg\u00edtima realizada num laborat\u00f3rio seguro e controlado, em conformidade com as leis e regulamentos locais. Os nossos artigos s\u00e3o estritamente proibidos para consumo humano, seja ele qual for.<\/p>\n<p>First Research Chemical Store, Inc.<\/p>\n<p>Temos fornecido produtos qu\u00edmicos para investiga\u00e7\u00e3o a instala\u00e7\u00f5es m\u00e9dicas, toxicologistas, bioqu\u00edmicos, farmacologistas, estudantes de qu\u00edmica, cientistas farmac\u00eauticos e organiza\u00e7\u00f5es educativas.<\/p>","protected":false},"excerpt":{"rendered":"<p>Buy 4-MEC Online 4-methyl-N-ethyl Cathinone 4-Methylethcathinone\u00a0 (4-MEC) is a cathinone derivative identified in several designer,\u00a0 recreational drugs that are sold as \u201clegal high\u201d replacements for\u00a0 controlled stimulants such as methamphetamine&hellip;<\/p>","protected":false},"featured_media":1570,"comment_status":"open","ping_status":"closed","template":"","meta":{"_joinchat":[]},"product_cat":[188],"product_tag":[1784,1802,1779,1790,1791,1794,1780,1800,1801,1799,1798,1787,1777,1789,1778,1796,1793,1786,1782,1783,1797,1795,1792,1785,1788,1781],"class_list":{"0":"post-1480","1":"product","2":"type-product","3":"status-publish","4":"has-post-thumbnail","6":"product_cat-stimulants","7":"product_tag-4-mec-hyper","8":"product_tag-4-mec-hyper-for-cleaning","9":"product_tag-4-mec-hyper-for-sale","10":"product_tag-4-mec-hyper-online","11":"product_tag-4-mec-hyper-price","12":"product_tag-4-mec-hyper-store","13":"product_tag-4-mec-hyper-supplier","14":"product_tag-4-mec-hyper-use","15":"product_tag-4-mec-hyper-wiki","16":"product_tag-4-mec-hyper-worldwide","17":"product_tag-best-cheap-price-4-mec-hyper","18":"product_tag-best-place-to-buy-4-mec-hyper","19":"product_tag-buy-4-mec-hyper","20":"product_tag-buy-4-mec-hyper-legally","21":"product_tag-buy-4-mec-hyper-online","22":"product_tag-cheap-4-mec-hyper","23":"product_tag-high-quality-4-mec-hyper","24":"product_tag-how-to-buy-4-mec-hyper","25":"product_tag-order-4-mec-hyper","26":"product_tag-order-4-mec-hyper-online","27":"product_tag-purcharse-4-mec-hyper-powder","28":"product_tag-shop-4-mec-hyper","29":"product_tag-top-quality-4-mec-hyper","30":"product_tag-where-to-buy-4-mec-hyper","31":"product_tag-where-to-order-4-mec-hyper","32":"product_tag-wholesale-4-mec-hyper-bulk-online","34":"first","35":"instock","36":"shipping-taxable","37":"purchasable","38":"product-type-variable"},"yoast_head":"<!-- This site is optimized with the Yoast SEO plugin v24.1 - https:\/\/yoast.com\/wordpress\/plugins\/seo\/ -->\n<title>Buy 4-MEC Hyper Online - 4-MEC Hyper for Sale<\/title>\n<meta name=\"description\" content=\"Our store has the top quality 4-mec-hyper for sale. You can never get over the quality of our products. If you need then, You can buy 4-mec-hyper online right away. Order now!\" \/>\n<meta name=\"robots\" content=\"index, follow, max-snippet:-1, max-image-preview:large, max-video-preview:-1\" \/>\n<link rel=\"canonical\" href=\"https:\/\/nembutalhouse.com\/pt\/produto\/buy-4-mec-online-2\/\" \/>\n<meta property=\"og:locale\" content=\"pt_PT\" \/>\n<meta property=\"og:type\" content=\"article\" \/>\n<meta property=\"og:title\" content=\"Buy 4-MEC Hyper Online - 4-MEC Hyper for Sale\" \/>\n<meta property=\"og:description\" content=\"Our store has the top quality 4-mec-hyper for sale. You can never get over the quality of our products. If you need then, You can buy 4-mec-hyper online right away. Order now!\" \/>\n<meta property=\"og:url\" content=\"https:\/\/nembutalhouse.com\/pt\/produto\/buy-4-mec-online-2\/\" \/>\n<meta property=\"og:site_name\" content=\"Nembutal House\" \/>\n<meta property=\"article:modified_time\" content=\"2026-02-26T12:57:49+00:00\" \/>\n<meta property=\"og:image\" content=\"https:\/\/nembutalhouse.com\/wp-content\/uploads\/2024\/10\/4-MEC-hyper.gif\" \/>\n\t<meta property=\"og:image:width\" content=\"600\" \/>\n\t<meta property=\"og:image:height\" content=\"600\" \/>\n\t<meta property=\"og:image:type\" content=\"image\/gif\" \/>\n<meta name=\"twitter:card\" content=\"summary_large_image\" \/>\n<meta name=\"twitter:label1\" content=\"Tempo estimado de leitura\" \/>\n\t<meta name=\"twitter:data1\" content=\"2 minutos\" \/>\n<script type=\"application\/ld+json\" class=\"yoast-schema-graph\">{\"@context\":\"https:\/\/schema.org\",\"@graph\":[{\"@type\":\"WebPage\",\"@id\":\"https:\/\/nembutalhouse.com\/product\/buy-4-mec-online-2\/\",\"url\":\"https:\/\/nembutalhouse.com\/product\/buy-4-mec-online-2\/\",\"name\":\"Buy 4-MEC Hyper Online - 4-MEC Hyper for Sale\",\"isPartOf\":{\"@id\":\"https:\/\/nembutalhouse.com\/#website\"},\"primaryImageOfPage\":{\"@id\":\"https:\/\/nembutalhouse.com\/product\/buy-4-mec-online-2\/#primaryimage\"},\"image\":{\"@id\":\"https:\/\/nembutalhouse.com\/product\/buy-4-mec-online-2\/#primaryimage\"},\"thumbnailUrl\":\"https:\/\/nembutalhouse.com\/wp-content\/uploads\/2024\/10\/4-MEC-hyper.gif\",\"datePublished\":\"2024-10-16T11:51:00+00:00\",\"dateModified\":\"2026-02-26T12:57:49+00:00\",\"description\":\"Our store has the top quality 4-mec-hyper for sale. You can never get over the quality of our products. If you need then, You can buy 4-mec-hyper online right away. Order now!\",\"breadcrumb\":{\"@id\":\"https:\/\/nembutalhouse.com\/product\/buy-4-mec-online-2\/#breadcrumb\"},\"inLanguage\":\"pt-PT\",\"potentialAction\":[{\"@type\":\"ReadAction\",\"target\":[\"https:\/\/nembutalhouse.com\/product\/buy-4-mec-online-2\/\"]}]},{\"@type\":\"ImageObject\",\"inLanguage\":\"pt-PT\",\"@id\":\"https:\/\/nembutalhouse.com\/product\/buy-4-mec-online-2\/#primaryimage\",\"url\":\"https:\/\/nembutalhouse.com\/wp-content\/uploads\/2024\/10\/4-MEC-hyper.gif\",\"contentUrl\":\"https:\/\/nembutalhouse.com\/wp-content\/uploads\/2024\/10\/4-MEC-hyper.gif\",\"width\":600,\"height\":600,\"caption\":\"Buy 4-MEC Online\"},{\"@type\":\"BreadcrumbList\",\"@id\":\"https:\/\/nembutalhouse.com\/product\/buy-4-mec-online-2\/#breadcrumb\",\"itemListElement\":[{\"@type\":\"ListItem\",\"position\":1,\"name\":\"Home\",\"item\":\"https:\/\/nembutalhouse.com\/\"},{\"@type\":\"ListItem\",\"position\":2,\"name\":\"Shop\",\"item\":\"https:\/\/nembutalhouse.com\/shop\/\"},{\"@type\":\"ListItem\",\"position\":3,\"name\":\"Buy 4-MEC Online\"}]},{\"@type\":\"WebSite\",\"@id\":\"https:\/\/nembutalhouse.com\/#website\",\"url\":\"https:\/\/nembutalhouse.com\/\",\"name\":\"Nembutal House\",\"description\":\"Best Nembutal Online Store\",\"publisher\":{\"@id\":\"https:\/\/nembutalhouse.com\/#organization\"},\"potentialAction\":[{\"@type\":\"SearchAction\",\"target\":{\"@type\":\"EntryPoint\",\"urlTemplate\":\"https:\/\/nembutalhouse.com\/?s={search_term_string}\"},\"query-input\":{\"@type\":\"PropertyValueSpecification\",\"valueRequired\":true,\"valueName\":\"search_term_string\"}}],\"inLanguage\":\"pt-PT\"},{\"@type\":\"Organization\",\"@id\":\"https:\/\/nembutalhouse.com\/#organization\",\"name\":\"Nembutal House\",\"url\":\"https:\/\/nembutalhouse.com\/\",\"logo\":{\"@type\":\"ImageObject\",\"inLanguage\":\"pt-PT\",\"@id\":\"https:\/\/nembutalhouse.com\/#\/schema\/logo\/image\/\",\"url\":\"https:\/\/nembutalhouse.com\/wp-content\/uploads\/2022\/12\/logo.png\",\"contentUrl\":\"https:\/\/nembutalhouse.com\/wp-content\/uploads\/2022\/12\/logo.png\",\"width\":344,\"height\":103,\"caption\":\"Nembutal House\"},\"image\":{\"@id\":\"https:\/\/nembutalhouse.com\/#\/schema\/logo\/image\/\"}}]}<\/script>\n<!-- \/ Yoast SEO plugin. -->","yoast_head_json":{"title":"Buy 4-MEC Hyper Online - 4-MEC Hyper for Sale","description":"Our store has the top quality 4-mec-hyper for sale. You can never get over the quality of our products. If you need then, You can buy 4-mec-hyper online right away. Order now!","robots":{"index":"index","follow":"follow","max-snippet":"max-snippet:-1","max-image-preview":"max-image-preview:large","max-video-preview":"max-video-preview:-1"},"canonical":"https:\/\/nembutalhouse.com\/pt\/produto\/buy-4-mec-online-2\/","og_locale":"pt_PT","og_type":"article","og_title":"Buy 4-MEC Hyper Online - 4-MEC Hyper for Sale","og_description":"Our store has the top quality 4-mec-hyper for sale. You can never get over the quality of our products. If you need then, You can buy 4-mec-hyper online right away. Order now!","og_url":"https:\/\/nembutalhouse.com\/pt\/produto\/buy-4-mec-online-2\/","og_site_name":"Nembutal House","article_modified_time":"2026-02-26T12:57:49+00:00","og_image":[{"width":600,"height":600,"url":"https:\/\/nembutalhouse.com\/wp-content\/uploads\/2024\/10\/4-MEC-hyper.gif","type":"image\/gif"}],"twitter_card":"summary_large_image","twitter_misc":{"Tempo estimado de leitura":"2 minutos"},"schema":{"@context":"https:\/\/schema.org","@graph":[{"@type":"WebPage","@id":"https:\/\/nembutalhouse.com\/product\/buy-4-mec-online-2\/","url":"https:\/\/nembutalhouse.com\/product\/buy-4-mec-online-2\/","name":"Buy 4-MEC Hyper Online - 4-MEC Hyper for Sale","isPartOf":{"@id":"https:\/\/nembutalhouse.com\/#website"},"primaryImageOfPage":{"@id":"https:\/\/nembutalhouse.com\/product\/buy-4-mec-online-2\/#primaryimage"},"image":{"@id":"https:\/\/nembutalhouse.com\/product\/buy-4-mec-online-2\/#primaryimage"},"thumbnailUrl":"https:\/\/nembutalhouse.com\/wp-content\/uploads\/2024\/10\/4-MEC-hyper.gif","datePublished":"2024-10-16T11:51:00+00:00","dateModified":"2026-02-26T12:57:49+00:00","description":"Our store has the top quality 4-mec-hyper for sale. You can never get over the quality of our products. If you need then, You can buy 4-mec-hyper online right away. Order now!","breadcrumb":{"@id":"https:\/\/nembutalhouse.com\/product\/buy-4-mec-online-2\/#breadcrumb"},"inLanguage":"pt-PT","potentialAction":[{"@type":"ReadAction","target":["https:\/\/nembutalhouse.com\/product\/buy-4-mec-online-2\/"]}]},{"@type":"ImageObject","inLanguage":"pt-PT","@id":"https:\/\/nembutalhouse.com\/product\/buy-4-mec-online-2\/#primaryimage","url":"https:\/\/nembutalhouse.com\/wp-content\/uploads\/2024\/10\/4-MEC-hyper.gif","contentUrl":"https:\/\/nembutalhouse.com\/wp-content\/uploads\/2024\/10\/4-MEC-hyper.gif","width":600,"height":600,"caption":"Buy 4-MEC Online"},{"@type":"BreadcrumbList","@id":"https:\/\/nembutalhouse.com\/product\/buy-4-mec-online-2\/#breadcrumb","itemListElement":[{"@type":"ListItem","position":1,"name":"Home","item":"https:\/\/nembutalhouse.com\/"},{"@type":"ListItem","position":2,"name":"Shop","item":"https:\/\/nembutalhouse.com\/shop\/"},{"@type":"ListItem","position":3,"name":"Buy 4-MEC Online"}]},{"@type":"WebSite","@id":"https:\/\/nembutalhouse.com\/#website","url":"https:\/\/nembutalhouse.com\/","name":"Nembutal House","description":"Best Nembutal Online Store","publisher":{"@id":"https:\/\/nembutalhouse.com\/#organization"},"potentialAction":[{"@type":"SearchAction","target":{"@type":"EntryPoint","urlTemplate":"https:\/\/nembutalhouse.com\/?s={search_term_string}"},"query-input":{"@type":"PropertyValueSpecification","valueRequired":true,"valueName":"search_term_string"}}],"inLanguage":"pt-PT"},{"@type":"Organization","@id":"https:\/\/nembutalhouse.com\/#organization","name":"Nembutal House","url":"https:\/\/nembutalhouse.com\/","logo":{"@type":"ImageObject","inLanguage":"pt-PT","@id":"https:\/\/nembutalhouse.com\/#\/schema\/logo\/image\/","url":"https:\/\/nembutalhouse.com\/wp-content\/uploads\/2022\/12\/logo.png","contentUrl":"https:\/\/nembutalhouse.com\/wp-content\/uploads\/2022\/12\/logo.png","width":344,"height":103,"caption":"Nembutal House"},"image":{"@id":"https:\/\/nembutalhouse.com\/#\/schema\/logo\/image\/"}}]}},"_links":{"self":[{"href":"https:\/\/nembutalhouse.com\/pt\/wp-json\/wp\/v2\/product\/1480","targetHints":{"allow":["GET"]}}],"collection":[{"href":"https:\/\/nembutalhouse.com\/pt\/wp-json\/wp\/v2\/product"}],"about":[{"href":"https:\/\/nembutalhouse.com\/pt\/wp-json\/wp\/v2\/types\/product"}],"replies":[{"embeddable":true,"href":"https:\/\/nembutalhouse.com\/pt\/wp-json\/wp\/v2\/comments?post=1480"}],"wp:featuredmedia":[{"embeddable":true,"href":"https:\/\/nembutalhouse.com\/pt\/wp-json\/wp\/v2\/media\/1570"}],"wp:attachment":[{"href":"https:\/\/nembutalhouse.com\/pt\/wp-json\/wp\/v2\/media?parent=1480"}],"wp:term":[{"taxonomy":"product_cat","embeddable":true,"href":"https:\/\/nembutalhouse.com\/pt\/wp-json\/wp\/v2\/product_cat?post=1480"},{"taxonomy":"product_tag","embeddable":true,"href":"https:\/\/nembutalhouse.com\/pt\/wp-json\/wp\/v2\/product_tag?post=1480"}],"curies":[{"name":"wp","href":"https:\/\/api.w.org\/{rel}","templated":true}]}}