{"id":1446,"date":"2024-10-16T11:50:50","date_gmt":"2024-10-16T11:50:50","guid":{"rendered":"https:\/\/nembutalhouse.com\/?post_type=product&#038;p=1446"},"modified":"2026-03-06T08:53:37","modified_gmt":"2026-03-06T08:53:37","slug":"buy-jwh-018-online","status":"publish","type":"product","link":"https:\/\/nembutalhouse.com\/pt\/produto\/buy-jwh-018-online\/","title":{"rendered":"Buy Jwh-018 Online"},"content":{"rendered":"<h2>Comprar JWH-018 online<\/h2>\n<p>Trata-se de um padr\u00e3o anal\u00edtico de refer\u00eancia classificado como canabin\u00f3ide sint\u00e9tico. O JWH 018 foi encontrado em misturas de ervas do tipo Spice\/K2 e pode ter propriedades neurot\u00f3xicas. <a href=\"https:\/\/nembutalhouse.com\/pt\/produto\/buy-jwh-018-online\/\">JWH 018<\/a> \u00e9 regulado como um composto da Lista I nos Estados Unidos. O JWH 018 (prepara\u00e7\u00e3o isenta) \u00e9 fornecido como uma prepara\u00e7\u00e3o isenta de DEA. Este produto destina-se \u00e0 investiga\u00e7\u00e3o e a aplica\u00e7\u00f5es forenses.<\/p>\n<p>Carater\u00edsticas<\/p>\n<p>Este produto foi formulado como uma prepara\u00e7\u00e3o isenta que cumpre os crit\u00e9rios estabelecidos pela DEA dos EUA<\/p>\n<p>N\u00e3o \u00e9 necess\u00e1rio possuir um registo de Subst\u00e2ncia Controlada da DEA nem \u00e9 necess\u00e1rio um formul\u00e1rio DEA 222 para comprar este produto<\/p>\n<p>Este produto destina-se a ser utilizado como padr\u00e3o anal\u00edtico de refer\u00eancia<\/p>\n<p>O material a granel est\u00e1 dispon\u00edvel para investiga\u00e7\u00e3o acad\u00e9mica em institui\u00e7\u00f5es qualificadas; por favor contacte o nosso departamento de vendas para obter pre\u00e7os. Comprar JWH-018 online Portugal <a href=\"https:\/\/nembutalhouse.com\/pt\/\">NembutalHouse<\/a><\/p>\n<h3>JWH-018 china Como especiarias Canabin\u00f3ides<\/h3>\n<p>O JWH-018 \u00e9 um canabin\u00f3ide manufaturado que se encontra em algumas formas da mistura natural \"Zest\". A utiliza\u00e7\u00e3o il\u00edcita deste canabin\u00f3ide artificial centra-se nos seus efeitos psicoactivos que imitam os do \u03949-THC da can\u00e1bis. Embora muito mais forte do que medidas compar\u00e1veis de can\u00e1bis, <a href=\"https:\/\/en.wikipedia.org\/wiki\/JWH-018\">JWH-018<\/a> apresenta igualmente enormes dificuldades de reconhecimento pelos exames normais de controlo do \u03949-THC. Em julho de 2009, a Ag\u00eancia de Combate \u00e0s Drogas dos EUA (DEA) registou o JWH-018 na sua lista de Drogas e Subst\u00e2ncias Qu\u00edmicas Preocupantes.  Perfil de drogas canabin\u00f3ides legais.<\/p>\n<h3>Engenharia usar JWH-018 online china<\/h3>\n<p>Para os canabin\u00f3ides artificiais atualmente controlados a n\u00edvel governamental, as nossas normas de arranjo garantidas destas subst\u00e2ncias s\u00e3o resolvidas pela DEA, permitindo que as instala\u00e7\u00f5es de investiga\u00e7\u00e3o fa\u00e7am encomendas sem trabalho administrativo adicional. Para clientes dos EUA, podem ser aplicadas necessidades administrativas expl\u00edcitas do estado. Comprar JWH-018 online Portugal<\/p>","protected":false},"excerpt":{"rendered":"<p>Buy JWH-018 online This is an analytical reference standard categorized as a synthetic cannabinoid. JWH 018 has been found in Spice\/K2-type herbal blends and may have neurotoxic properties. JWH 018&hellip;<\/p>","protected":false},"featured_media":1562,"comment_status":"open","ping_status":"closed","template":"","meta":{"_joinchat":[]},"product_cat":[186],"product_tag":[1616,1605,1595,1607,1596,1614,1611,1604,1602,1620,1597,1608,1609,1612,1598,1618,1619,1617,1600,1601,1615,1613,1610,1603,1606,1599],"class_list":{"0":"post-1446","1":"product","2":"type-product","3":"status-publish","4":"has-post-thumbnail","6":"product_cat-research-chemicals","7":"product_tag-best-cheap-price-jwh-018-powder","8":"product_tag-best-place-to-buy-jwh-018-powder","9":"product_tag-buy-jwh-018-powder","10":"product_tag-buy-jwh-018-powder-legally","11":"product_tag-buy-jwh-018-powder-online","12":"product_tag-cheap-jwh-018-powder","13":"product_tag-high-quality-jwh-018-powder","14":"product_tag-how-to-buy-jwh-018-powder","15":"product_tag-jwh-018-powder","16":"product_tag-jwh-018-powder-for-cleaning","17":"product_tag-jwh-018-powder-for-sale","18":"product_tag-jwh-018-powder-online","19":"product_tag-jwh-018-powder-price","20":"product_tag-jwh-018-powder-store","21":"product_tag-jwh-018-powder-supplier","22":"product_tag-jwh-018-powder-use","23":"product_tag-jwh-018-powder-wiki","24":"product_tag-jwh-018-powder-worldwide","25":"product_tag-order-jwh-018-powder","26":"product_tag-order-jwh-018-powder-online","27":"product_tag-purcharse-jwh-018-powder-powder","28":"product_tag-shop-jwh-018-powder","29":"product_tag-top-quality-jwh-018-powder","30":"product_tag-where-to-buy-jwh-018-powder","31":"product_tag-where-to-order-jwh-018-powder","32":"product_tag-wholesale-jwh-018-powder-bulk-online","34":"first","35":"instock","36":"shipping-taxable","37":"purchasable","38":"product-type-variable"},"yoast_head":"<!-- This site is optimized with the Yoast SEO plugin v24.1 - https:\/\/yoast.com\/wordpress\/plugins\/seo\/ -->\n<title>Buy JWH-018 Online - JWH-018 for Sale - Order JWH-018 Online<\/title>\n<meta name=\"description\" content=\"You can get in touch with our online NembutalHouse store and buy jwh-018 online. You can get jwh-018 for sale at cheap prices. Place order right away!\" \/>\n<meta name=\"robots\" content=\"index, follow, max-snippet:-1, max-image-preview:large, max-video-preview:-1\" \/>\n<link rel=\"canonical\" href=\"https:\/\/nembutalhouse.com\/pt\/produto\/buy-jwh-018-online\/\" \/>\n<meta property=\"og:locale\" content=\"pt_PT\" \/>\n<meta property=\"og:type\" content=\"article\" \/>\n<meta property=\"og:title\" content=\"Buy JWH-018 Online - JWH-018 for Sale - Order JWH-018 Online\" \/>\n<meta property=\"og:description\" content=\"You can get in touch with our online NembutalHouse store and buy jwh-018 online. You can get jwh-018 for sale at cheap prices. Place order right away!\" \/>\n<meta property=\"og:url\" content=\"https:\/\/nembutalhouse.com\/pt\/produto\/buy-jwh-018-online\/\" \/>\n<meta property=\"og:site_name\" content=\"Nembutal House\" \/>\n<meta property=\"article:modified_time\" content=\"2026-03-06T08:53:37+00:00\" \/>\n<meta property=\"og:image\" content=\"https:\/\/nembutalhouse.com\/wp-content\/uploads\/2024\/10\/Jwh-018.gif\" \/>\n\t<meta property=\"og:image:width\" content=\"600\" \/>\n\t<meta property=\"og:image:height\" content=\"600\" \/>\n\t<meta property=\"og:image:type\" content=\"image\/gif\" \/>\n<meta name=\"twitter:card\" content=\"summary_large_image\" \/>\n<meta name=\"twitter:label1\" content=\"Tempo estimado de leitura\" \/>\n\t<meta name=\"twitter:data1\" content=\"2 minutos\" \/>\n<script type=\"application\/ld+json\" class=\"yoast-schema-graph\">{\"@context\":\"https:\/\/schema.org\",\"@graph\":[{\"@type\":\"WebPage\",\"@id\":\"https:\/\/nembutalhouse.com\/product\/buy-jwh-018-online\/\",\"url\":\"https:\/\/nembutalhouse.com\/product\/buy-jwh-018-online\/\",\"name\":\"Buy JWH-018 Online - JWH-018 for Sale - Order JWH-018 Online\",\"isPartOf\":{\"@id\":\"https:\/\/nembutalhouse.com\/#website\"},\"primaryImageOfPage\":{\"@id\":\"https:\/\/nembutalhouse.com\/product\/buy-jwh-018-online\/#primaryimage\"},\"image\":{\"@id\":\"https:\/\/nembutalhouse.com\/product\/buy-jwh-018-online\/#primaryimage\"},\"thumbnailUrl\":\"https:\/\/nembutalhouse.com\/wp-content\/uploads\/2024\/10\/Jwh-018.gif\",\"datePublished\":\"2024-10-16T11:50:50+00:00\",\"dateModified\":\"2026-03-06T08:53:37+00:00\",\"description\":\"You can get in touch with our online NembutalHouse store and buy jwh-018 online. You can get jwh-018 for sale at cheap prices. Place order right away!\",\"breadcrumb\":{\"@id\":\"https:\/\/nembutalhouse.com\/product\/buy-jwh-018-online\/#breadcrumb\"},\"inLanguage\":\"pt-PT\",\"potentialAction\":[{\"@type\":\"ReadAction\",\"target\":[\"https:\/\/nembutalhouse.com\/product\/buy-jwh-018-online\/\"]}]},{\"@type\":\"ImageObject\",\"inLanguage\":\"pt-PT\",\"@id\":\"https:\/\/nembutalhouse.com\/product\/buy-jwh-018-online\/#primaryimage\",\"url\":\"https:\/\/nembutalhouse.com\/wp-content\/uploads\/2024\/10\/Jwh-018.gif\",\"contentUrl\":\"https:\/\/nembutalhouse.com\/wp-content\/uploads\/2024\/10\/Jwh-018.gif\",\"width\":600,\"height\":600,\"caption\":\"Buy Jwh-018 Online\"},{\"@type\":\"BreadcrumbList\",\"@id\":\"https:\/\/nembutalhouse.com\/product\/buy-jwh-018-online\/#breadcrumb\",\"itemListElement\":[{\"@type\":\"ListItem\",\"position\":1,\"name\":\"Home\",\"item\":\"https:\/\/nembutalhouse.com\/\"},{\"@type\":\"ListItem\",\"position\":2,\"name\":\"Shop\",\"item\":\"https:\/\/nembutalhouse.com\/shop\/\"},{\"@type\":\"ListItem\",\"position\":3,\"name\":\"Buy Jwh-018 Online\"}]},{\"@type\":\"WebSite\",\"@id\":\"https:\/\/nembutalhouse.com\/#website\",\"url\":\"https:\/\/nembutalhouse.com\/\",\"name\":\"Nembutal House\",\"description\":\"Best Nembutal Online Store\",\"publisher\":{\"@id\":\"https:\/\/nembutalhouse.com\/#organization\"},\"potentialAction\":[{\"@type\":\"SearchAction\",\"target\":{\"@type\":\"EntryPoint\",\"urlTemplate\":\"https:\/\/nembutalhouse.com\/?s={search_term_string}\"},\"query-input\":{\"@type\":\"PropertyValueSpecification\",\"valueRequired\":true,\"valueName\":\"search_term_string\"}}],\"inLanguage\":\"pt-PT\"},{\"@type\":\"Organization\",\"@id\":\"https:\/\/nembutalhouse.com\/#organization\",\"name\":\"Nembutal House\",\"url\":\"https:\/\/nembutalhouse.com\/\",\"logo\":{\"@type\":\"ImageObject\",\"inLanguage\":\"pt-PT\",\"@id\":\"https:\/\/nembutalhouse.com\/#\/schema\/logo\/image\/\",\"url\":\"https:\/\/nembutalhouse.com\/wp-content\/uploads\/2022\/12\/logo.png\",\"contentUrl\":\"https:\/\/nembutalhouse.com\/wp-content\/uploads\/2022\/12\/logo.png\",\"width\":344,\"height\":103,\"caption\":\"Nembutal House\"},\"image\":{\"@id\":\"https:\/\/nembutalhouse.com\/#\/schema\/logo\/image\/\"}}]}<\/script>\n<!-- \/ Yoast SEO plugin. -->","yoast_head_json":{"title":"Buy JWH-018 Online - JWH-018 for Sale - Order JWH-018 Online","description":"You can get in touch with our online NembutalHouse store and buy jwh-018 online. You can get jwh-018 for sale at cheap prices. Place order right away!","robots":{"index":"index","follow":"follow","max-snippet":"max-snippet:-1","max-image-preview":"max-image-preview:large","max-video-preview":"max-video-preview:-1"},"canonical":"https:\/\/nembutalhouse.com\/pt\/produto\/buy-jwh-018-online\/","og_locale":"pt_PT","og_type":"article","og_title":"Buy JWH-018 Online - JWH-018 for Sale - Order JWH-018 Online","og_description":"You can get in touch with our online NembutalHouse store and buy jwh-018 online. You can get jwh-018 for sale at cheap prices. Place order right away!","og_url":"https:\/\/nembutalhouse.com\/pt\/produto\/buy-jwh-018-online\/","og_site_name":"Nembutal House","article_modified_time":"2026-03-06T08:53:37+00:00","og_image":[{"width":600,"height":600,"url":"https:\/\/nembutalhouse.com\/wp-content\/uploads\/2024\/10\/Jwh-018.gif","type":"image\/gif"}],"twitter_card":"summary_large_image","twitter_misc":{"Tempo estimado de leitura":"2 minutos"},"schema":{"@context":"https:\/\/schema.org","@graph":[{"@type":"WebPage","@id":"https:\/\/nembutalhouse.com\/product\/buy-jwh-018-online\/","url":"https:\/\/nembutalhouse.com\/product\/buy-jwh-018-online\/","name":"Buy JWH-018 Online - JWH-018 for Sale - Order JWH-018 Online","isPartOf":{"@id":"https:\/\/nembutalhouse.com\/#website"},"primaryImageOfPage":{"@id":"https:\/\/nembutalhouse.com\/product\/buy-jwh-018-online\/#primaryimage"},"image":{"@id":"https:\/\/nembutalhouse.com\/product\/buy-jwh-018-online\/#primaryimage"},"thumbnailUrl":"https:\/\/nembutalhouse.com\/wp-content\/uploads\/2024\/10\/Jwh-018.gif","datePublished":"2024-10-16T11:50:50+00:00","dateModified":"2026-03-06T08:53:37+00:00","description":"You can get in touch with our online NembutalHouse store and buy jwh-018 online. You can get jwh-018 for sale at cheap prices. Place order right away!","breadcrumb":{"@id":"https:\/\/nembutalhouse.com\/product\/buy-jwh-018-online\/#breadcrumb"},"inLanguage":"pt-PT","potentialAction":[{"@type":"ReadAction","target":["https:\/\/nembutalhouse.com\/product\/buy-jwh-018-online\/"]}]},{"@type":"ImageObject","inLanguage":"pt-PT","@id":"https:\/\/nembutalhouse.com\/product\/buy-jwh-018-online\/#primaryimage","url":"https:\/\/nembutalhouse.com\/wp-content\/uploads\/2024\/10\/Jwh-018.gif","contentUrl":"https:\/\/nembutalhouse.com\/wp-content\/uploads\/2024\/10\/Jwh-018.gif","width":600,"height":600,"caption":"Buy Jwh-018 Online"},{"@type":"BreadcrumbList","@id":"https:\/\/nembutalhouse.com\/product\/buy-jwh-018-online\/#breadcrumb","itemListElement":[{"@type":"ListItem","position":1,"name":"Home","item":"https:\/\/nembutalhouse.com\/"},{"@type":"ListItem","position":2,"name":"Shop","item":"https:\/\/nembutalhouse.com\/shop\/"},{"@type":"ListItem","position":3,"name":"Buy Jwh-018 Online"}]},{"@type":"WebSite","@id":"https:\/\/nembutalhouse.com\/#website","url":"https:\/\/nembutalhouse.com\/","name":"Nembutal House","description":"Best Nembutal Online Store","publisher":{"@id":"https:\/\/nembutalhouse.com\/#organization"},"potentialAction":[{"@type":"SearchAction","target":{"@type":"EntryPoint","urlTemplate":"https:\/\/nembutalhouse.com\/?s={search_term_string}"},"query-input":{"@type":"PropertyValueSpecification","valueRequired":true,"valueName":"search_term_string"}}],"inLanguage":"pt-PT"},{"@type":"Organization","@id":"https:\/\/nembutalhouse.com\/#organization","name":"Nembutal House","url":"https:\/\/nembutalhouse.com\/","logo":{"@type":"ImageObject","inLanguage":"pt-PT","@id":"https:\/\/nembutalhouse.com\/#\/schema\/logo\/image\/","url":"https:\/\/nembutalhouse.com\/wp-content\/uploads\/2022\/12\/logo.png","contentUrl":"https:\/\/nembutalhouse.com\/wp-content\/uploads\/2022\/12\/logo.png","width":344,"height":103,"caption":"Nembutal House"},"image":{"@id":"https:\/\/nembutalhouse.com\/#\/schema\/logo\/image\/"}}]}},"_links":{"self":[{"href":"https:\/\/nembutalhouse.com\/pt\/wp-json\/wp\/v2\/product\/1446","targetHints":{"allow":["GET"]}}],"collection":[{"href":"https:\/\/nembutalhouse.com\/pt\/wp-json\/wp\/v2\/product"}],"about":[{"href":"https:\/\/nembutalhouse.com\/pt\/wp-json\/wp\/v2\/types\/product"}],"replies":[{"embeddable":true,"href":"https:\/\/nembutalhouse.com\/pt\/wp-json\/wp\/v2\/comments?post=1446"}],"wp:featuredmedia":[{"embeddable":true,"href":"https:\/\/nembutalhouse.com\/pt\/wp-json\/wp\/v2\/media\/1562"}],"wp:attachment":[{"href":"https:\/\/nembutalhouse.com\/pt\/wp-json\/wp\/v2\/media?parent=1446"}],"wp:term":[{"taxonomy":"product_cat","embeddable":true,"href":"https:\/\/nembutalhouse.com\/pt\/wp-json\/wp\/v2\/product_cat?post=1446"},{"taxonomy":"product_tag","embeddable":true,"href":"https:\/\/nembutalhouse.com\/pt\/wp-json\/wp\/v2\/product_tag?post=1446"}],"curies":[{"name":"wp","href":"https:\/\/api.w.org\/{rel}","templated":true}]}}