{"id":1396,"date":"2024-10-16T11:50:38","date_gmt":"2024-10-16T11:50:38","guid":{"rendered":"https:\/\/nembutalhouse.com\/?post_type=product&#038;p=1396"},"modified":"2026-03-06T10:05:12","modified_gmt":"2026-03-06T10:05:12","slug":"buy-mdma-online","status":"publish","type":"product","link":"https:\/\/nembutalhouse.com\/pt\/produto\/comprar-mdma-online\/","title":{"rendered":"Comprar MDMA online"},"content":{"rendered":"<h2>Comprar MDMA online<\/h2>\n<p><a href=\"https:\/\/nembutalhouse.com\/pt\/produto\/comprar-mdma-online\/\">Cristais de MDMA em p\u00f3<\/a> s\u00e3o uma combina\u00e7\u00e3o estimulante-psicad\u00e9lica que provoca distor\u00e7\u00f5es de energia, uma perce\u00e7\u00e3o alterada do tempo e um aumento do prazer dos est\u00edmulos t\u00e1cteis.<br \/>\n1, 2 Os efeitos da MDMA, que significa 3,4-metilenodioximetanfetamina, s\u00e3o normalmente sentidos tr\u00eas a seis horas ap\u00f3s a administra\u00e7\u00e3o oral, geralmente sob a forma de comprimido ou c\u00e1psula.<\/p>\n<p>Uma a duas p\u00edlulas, cada uma contendo entre 60 e 120 miligramas de MDMA, \u00e9 a dosagem habitualmente registada.<\/p>\n<p>Quando os efeitos da primeira dose come\u00e7am a desaparecer, \u00e9 habitual os utilizadores tomarem uma segunda dose do medicamento.<\/p>\n<p>A 3,4-metilenodioxi-metanfetamina, ou MDMA Powder Crystals, \u00e9 uma subst\u00e2ncia sint\u00e9tica que afecta o humor e a perce\u00e7\u00e3o (consci\u00eancia do que a rodeia). <a href=\"https:\/\/nembutalhouse.com\/pt\/\">NembutalHouse<\/a><\/p>\n<p>Produz sensa\u00e7\u00f5es de maior energia, prazer, calor emocional e perce\u00e7\u00e3o sensorial e temporal distorcida. Do ponto de vista qu\u00edmico, \u00e9 compar\u00e1vel aos estimulantes e aos alucinog\u00e9nios.<\/p>\n<p>Os cristais de MDMA em p\u00f3 ganharam popularidade na ind\u00fastria dos clubes noturnos e em festas de dan\u00e7a que duram toda a noite, ou \"raves\", mas os utilizadores actuais da subst\u00e2ncia s\u00e3o mais diversificados e mais propensos a referir-se a ela como Molly ou Ecstasy.<\/p>\n<p>Qual \u00e9 a sua utiliza\u00e7\u00e3o?<\/p>\n<p><a href=\"https:\/\/en.wikipedia.org\/wiki\/MDMA\">MDMA em p\u00f3<\/a> Os cristais s\u00e3o frequentemente tomados sob a forma de comprimidos ou c\u00e1psulas, enquanto algumas pessoas inalam o p\u00f3 ou bebem-no sob a forma de l\u00edquido.<\/p>\n<p>Molly, que \u00e9 a abreviatura de \"molecular\", \u00e9 um nome comum para a forma de p\u00f3 cristalino supostamente \"puro\" deste produto, que \u00e9 normalmente oferecido sob a forma de c\u00e1psula.<\/p>\n<p>Mas os compradores de p\u00f3 ou comprimidos comercializados como Molly acabam frequentemente por tomar outros medicamentos, como<\/p>\n<p>Em vez disso, use catinonas artificiais, por vezes conhecidas como \"sais de banho\" (ver \"Risco adicional deste produto\").<\/p>\n<p>3,4-metilenodioximetanfetamina combinada com \u00e1lcool ou marijuana, entre outras subst\u00e2ncias.<\/p>\n<p>Tr\u00eas subst\u00e2ncias qu\u00edmicas cerebrais s\u00e3o mais activadas quando est\u00e1 presente:<\/p>\n<p>Dopamina: produz um pico de felicidade e um aumento do vigor e da atividade.<\/p>\n<p>A norepinefrina aumenta a tens\u00e3o arterial e a pulsa\u00e7\u00e3o, o que \u00e9 especialmente perigoso para quem tem problemas de cora\u00e7\u00e3o e vasos sangu\u00edneos.<\/p>\n<p>Serotonina: tem impacto na fome, nas emo\u00e7\u00f5es, no sono e noutros processos corporais.<\/p>\n<p>Tamb\u00e9m desencadeia subst\u00e2ncias qu\u00edmicas ligadas \u00e0 confian\u00e7a e \u00e0 excita\u00e7\u00e3o sexual.<\/p>\n<p>Os elevados n\u00edveis de serotonina libertados s\u00e3o provavelmente o que d\u00e1 aos utilizadores deste produto o seu humor elevado, liga\u00e7\u00e3o emocional e empatia.<\/p>\n<p>&nbsp;<\/p>\n<p>&nbsp;<\/p>","protected":false},"excerpt":{"rendered":"<p>Buy MDMA Online MDMA Powder Crystals are a stimulant-psychedelic combination that causes energy distortions, altered perception of time, and increased pleasure from tactile stimuli. 1, 2 The effects of MDMA,&hellip;<\/p>","protected":false},"featured_media":1539,"comment_status":"open","ping_status":"closed","template":"","meta":{"_joinchat":[]},"product_cat":[188],"product_tag":[1366,1355,1346,1357,1347,1372,1364,1361,1354,202,1348,1358,1371,1370,1373,1362,1368,1369,1367,1359,1349,1351,1352,1374,1365,1363,1360,1353,1356,1350],"class_list":{"0":"post-1396","1":"product","2":"type-product","3":"status-publish","4":"has-post-thumbnail","6":"product_cat-stimulants","7":"product_tag-best-cheap-price-mdma-powder","8":"product_tag-best-place-to-buy-mdma","9":"product_tag-buy-mdm","10":"product_tag-buy-mdma-legally","11":"product_tag-buy-mdma-online","12":"product_tag-buy-mdma-powder-online","13":"product_tag-cheap-mdma-powders","14":"product_tag-high-quality-mdma-powder","15":"product_tag-how-to-buy-mdma","16":"product_tag-mdma","17":"product_tag-mdma-for-sale","18":"product_tag-mdma-online","19":"product_tag-mdma-powder","20":"product_tag-mdma-powder-for-cleaning","21":"product_tag-mdma-powder-for-sale","22":"product_tag-mdma-powder-store","23":"product_tag-mdma-powder-use","24":"product_tag-mdma-powder-wiki","25":"product_tag-mdma-powder-worldwide","26":"product_tag-mdma-price","27":"product_tag-mdma-supplier","28":"product_tag-order-mdma","29":"product_tag-order-mdma-online","30":"product_tag-order-mdma-powder","31":"product_tag-purcharse-mdma-powder-powder","32":"product_tag-shop-mdma-powder","33":"product_tag-top-quality-mdma","34":"product_tag-where-to-buy-mdma","35":"product_tag-where-to-order-mdma","36":"product_tag-wholesale-mdma-bulk-online","38":"first","39":"instock","40":"shipping-taxable","41":"purchasable","42":"product-type-variable"},"yoast_head":"<!-- This site is optimized with the Yoast SEO plugin v24.1 - https:\/\/yoast.com\/wordpress\/plugins\/seo\/ -->\n<title>MDMA for Sale - Buy MDMA Online - Order MDMA Online<\/title>\n<meta name=\"description\" content=\"You can get mdma for sale at the best rates from our online store. We are here to help you buy mdma online. Connect with best store in town today!\" \/>\n<meta name=\"robots\" content=\"index, follow, max-snippet:-1, max-image-preview:large, max-video-preview:-1\" \/>\n<link rel=\"canonical\" href=\"https:\/\/nembutalhouse.com\/pt\/produto\/comprar-mdma-online\/\" \/>\n<meta property=\"og:locale\" content=\"pt_PT\" \/>\n<meta property=\"og:type\" content=\"article\" \/>\n<meta property=\"og:title\" content=\"MDMA for Sale - Buy MDMA Online - Order MDMA Online\" \/>\n<meta property=\"og:description\" content=\"You can get mdma for sale at the best rates from our online store. We are here to help you buy mdma online. Connect with best store in town today!\" \/>\n<meta property=\"og:url\" content=\"https:\/\/nembutalhouse.com\/pt\/produto\/comprar-mdma-online\/\" \/>\n<meta property=\"og:site_name\" content=\"Nembutal House\" \/>\n<meta property=\"article:modified_time\" content=\"2026-03-06T10:05:12+00:00\" \/>\n<meta property=\"og:image\" content=\"https:\/\/nembutalhouse.com\/wp-content\/uploads\/2024\/10\/MDMA-1.gif\" \/>\n\t<meta property=\"og:image:width\" content=\"600\" \/>\n\t<meta property=\"og:image:height\" content=\"600\" \/>\n\t<meta property=\"og:image:type\" content=\"image\/gif\" \/>\n<meta name=\"twitter:card\" content=\"summary_large_image\" \/>\n<meta name=\"twitter:label1\" content=\"Tempo estimado de leitura\" \/>\n\t<meta name=\"twitter:data1\" content=\"2 minutos\" \/>\n<script type=\"application\/ld+json\" class=\"yoast-schema-graph\">{\"@context\":\"https:\/\/schema.org\",\"@graph\":[{\"@type\":\"WebPage\",\"@id\":\"https:\/\/nembutalhouse.com\/product\/buy-mdma-online\/\",\"url\":\"https:\/\/nembutalhouse.com\/product\/buy-mdma-online\/\",\"name\":\"MDMA for Sale - Buy MDMA Online - Order MDMA Online\",\"isPartOf\":{\"@id\":\"https:\/\/nembutalhouse.com\/#website\"},\"primaryImageOfPage\":{\"@id\":\"https:\/\/nembutalhouse.com\/product\/buy-mdma-online\/#primaryimage\"},\"image\":{\"@id\":\"https:\/\/nembutalhouse.com\/product\/buy-mdma-online\/#primaryimage\"},\"thumbnailUrl\":\"https:\/\/nembutalhouse.com\/wp-content\/uploads\/2024\/10\/MDMA-1.gif\",\"datePublished\":\"2024-10-16T11:50:38+00:00\",\"dateModified\":\"2026-03-06T10:05:12+00:00\",\"description\":\"You can get mdma for sale at the best rates from our online store. We are here to help you buy mdma online. Connect with best store in town today!\",\"breadcrumb\":{\"@id\":\"https:\/\/nembutalhouse.com\/product\/buy-mdma-online\/#breadcrumb\"},\"inLanguage\":\"pt-PT\",\"potentialAction\":[{\"@type\":\"ReadAction\",\"target\":[\"https:\/\/nembutalhouse.com\/product\/buy-mdma-online\/\"]}]},{\"@type\":\"ImageObject\",\"inLanguage\":\"pt-PT\",\"@id\":\"https:\/\/nembutalhouse.com\/product\/buy-mdma-online\/#primaryimage\",\"url\":\"https:\/\/nembutalhouse.com\/wp-content\/uploads\/2024\/10\/MDMA-1.gif\",\"contentUrl\":\"https:\/\/nembutalhouse.com\/wp-content\/uploads\/2024\/10\/MDMA-1.gif\",\"width\":600,\"height\":600,\"caption\":\"Buy MDMA Online\"},{\"@type\":\"BreadcrumbList\",\"@id\":\"https:\/\/nembutalhouse.com\/product\/buy-mdma-online\/#breadcrumb\",\"itemListElement\":[{\"@type\":\"ListItem\",\"position\":1,\"name\":\"Home\",\"item\":\"https:\/\/nembutalhouse.com\/\"},{\"@type\":\"ListItem\",\"position\":2,\"name\":\"Shop\",\"item\":\"https:\/\/nembutalhouse.com\/shop\/\"},{\"@type\":\"ListItem\",\"position\":3,\"name\":\"Buy MDMA Online\"}]},{\"@type\":\"WebSite\",\"@id\":\"https:\/\/nembutalhouse.com\/#website\",\"url\":\"https:\/\/nembutalhouse.com\/\",\"name\":\"Nembutal House\",\"description\":\"Best Nembutal Online Store\",\"publisher\":{\"@id\":\"https:\/\/nembutalhouse.com\/#organization\"},\"potentialAction\":[{\"@type\":\"SearchAction\",\"target\":{\"@type\":\"EntryPoint\",\"urlTemplate\":\"https:\/\/nembutalhouse.com\/?s={search_term_string}\"},\"query-input\":{\"@type\":\"PropertyValueSpecification\",\"valueRequired\":true,\"valueName\":\"search_term_string\"}}],\"inLanguage\":\"pt-PT\"},{\"@type\":\"Organization\",\"@id\":\"https:\/\/nembutalhouse.com\/#organization\",\"name\":\"Nembutal House\",\"url\":\"https:\/\/nembutalhouse.com\/\",\"logo\":{\"@type\":\"ImageObject\",\"inLanguage\":\"pt-PT\",\"@id\":\"https:\/\/nembutalhouse.com\/#\/schema\/logo\/image\/\",\"url\":\"https:\/\/nembutalhouse.com\/wp-content\/uploads\/2022\/12\/logo.png\",\"contentUrl\":\"https:\/\/nembutalhouse.com\/wp-content\/uploads\/2022\/12\/logo.png\",\"width\":344,\"height\":103,\"caption\":\"Nembutal House\"},\"image\":{\"@id\":\"https:\/\/nembutalhouse.com\/#\/schema\/logo\/image\/\"}}]}<\/script>\n<!-- \/ Yoast SEO plugin. -->","yoast_head_json":{"title":"MDMA for Sale - Buy MDMA Online - Order MDMA Online","description":"You can get mdma for sale at the best rates from our online store. We are here to help you buy mdma online. Connect with best store in town today!","robots":{"index":"index","follow":"follow","max-snippet":"max-snippet:-1","max-image-preview":"max-image-preview:large","max-video-preview":"max-video-preview:-1"},"canonical":"https:\/\/nembutalhouse.com\/pt\/produto\/comprar-mdma-online\/","og_locale":"pt_PT","og_type":"article","og_title":"MDMA for Sale - Buy MDMA Online - Order MDMA Online","og_description":"You can get mdma for sale at the best rates from our online store. We are here to help you buy mdma online. Connect with best store in town today!","og_url":"https:\/\/nembutalhouse.com\/pt\/produto\/comprar-mdma-online\/","og_site_name":"Nembutal House","article_modified_time":"2026-03-06T10:05:12+00:00","og_image":[{"width":600,"height":600,"url":"https:\/\/nembutalhouse.com\/wp-content\/uploads\/2024\/10\/MDMA-1.gif","type":"image\/gif"}],"twitter_card":"summary_large_image","twitter_misc":{"Tempo estimado de leitura":"2 minutos"},"schema":{"@context":"https:\/\/schema.org","@graph":[{"@type":"WebPage","@id":"https:\/\/nembutalhouse.com\/product\/buy-mdma-online\/","url":"https:\/\/nembutalhouse.com\/product\/buy-mdma-online\/","name":"MDMA for Sale - Buy MDMA Online - Order MDMA Online","isPartOf":{"@id":"https:\/\/nembutalhouse.com\/#website"},"primaryImageOfPage":{"@id":"https:\/\/nembutalhouse.com\/product\/buy-mdma-online\/#primaryimage"},"image":{"@id":"https:\/\/nembutalhouse.com\/product\/buy-mdma-online\/#primaryimage"},"thumbnailUrl":"https:\/\/nembutalhouse.com\/wp-content\/uploads\/2024\/10\/MDMA-1.gif","datePublished":"2024-10-16T11:50:38+00:00","dateModified":"2026-03-06T10:05:12+00:00","description":"You can get mdma for sale at the best rates from our online store. We are here to help you buy mdma online. Connect with best store in town today!","breadcrumb":{"@id":"https:\/\/nembutalhouse.com\/product\/buy-mdma-online\/#breadcrumb"},"inLanguage":"pt-PT","potentialAction":[{"@type":"ReadAction","target":["https:\/\/nembutalhouse.com\/product\/buy-mdma-online\/"]}]},{"@type":"ImageObject","inLanguage":"pt-PT","@id":"https:\/\/nembutalhouse.com\/product\/buy-mdma-online\/#primaryimage","url":"https:\/\/nembutalhouse.com\/wp-content\/uploads\/2024\/10\/MDMA-1.gif","contentUrl":"https:\/\/nembutalhouse.com\/wp-content\/uploads\/2024\/10\/MDMA-1.gif","width":600,"height":600,"caption":"Buy MDMA Online"},{"@type":"BreadcrumbList","@id":"https:\/\/nembutalhouse.com\/product\/buy-mdma-online\/#breadcrumb","itemListElement":[{"@type":"ListItem","position":1,"name":"Home","item":"https:\/\/nembutalhouse.com\/"},{"@type":"ListItem","position":2,"name":"Shop","item":"https:\/\/nembutalhouse.com\/shop\/"},{"@type":"ListItem","position":3,"name":"Buy MDMA Online"}]},{"@type":"WebSite","@id":"https:\/\/nembutalhouse.com\/#website","url":"https:\/\/nembutalhouse.com\/","name":"Nembutal House","description":"Best Nembutal Online Store","publisher":{"@id":"https:\/\/nembutalhouse.com\/#organization"},"potentialAction":[{"@type":"SearchAction","target":{"@type":"EntryPoint","urlTemplate":"https:\/\/nembutalhouse.com\/?s={search_term_string}"},"query-input":{"@type":"PropertyValueSpecification","valueRequired":true,"valueName":"search_term_string"}}],"inLanguage":"pt-PT"},{"@type":"Organization","@id":"https:\/\/nembutalhouse.com\/#organization","name":"Nembutal House","url":"https:\/\/nembutalhouse.com\/","logo":{"@type":"ImageObject","inLanguage":"pt-PT","@id":"https:\/\/nembutalhouse.com\/#\/schema\/logo\/image\/","url":"https:\/\/nembutalhouse.com\/wp-content\/uploads\/2022\/12\/logo.png","contentUrl":"https:\/\/nembutalhouse.com\/wp-content\/uploads\/2022\/12\/logo.png","width":344,"height":103,"caption":"Nembutal House"},"image":{"@id":"https:\/\/nembutalhouse.com\/#\/schema\/logo\/image\/"}}]}},"_links":{"self":[{"href":"https:\/\/nembutalhouse.com\/pt\/wp-json\/wp\/v2\/product\/1396","targetHints":{"allow":["GET"]}}],"collection":[{"href":"https:\/\/nembutalhouse.com\/pt\/wp-json\/wp\/v2\/product"}],"about":[{"href":"https:\/\/nembutalhouse.com\/pt\/wp-json\/wp\/v2\/types\/product"}],"replies":[{"embeddable":true,"href":"https:\/\/nembutalhouse.com\/pt\/wp-json\/wp\/v2\/comments?post=1396"}],"wp:featuredmedia":[{"embeddable":true,"href":"https:\/\/nembutalhouse.com\/pt\/wp-json\/wp\/v2\/media\/1539"}],"wp:attachment":[{"href":"https:\/\/nembutalhouse.com\/pt\/wp-json\/wp\/v2\/media?parent=1396"}],"wp:term":[{"taxonomy":"product_cat","embeddable":true,"href":"https:\/\/nembutalhouse.com\/pt\/wp-json\/wp\/v2\/product_cat?post=1396"},{"taxonomy":"product_tag","embeddable":true,"href":"https:\/\/nembutalhouse.com\/pt\/wp-json\/wp\/v2\/product_tag?post=1396"}],"curies":[{"name":"wp","href":"https:\/\/api.w.org\/{rel}","templated":true}]}}