{"id":1383,"date":"2024-10-16T11:50:30","date_gmt":"2024-10-16T11:50:30","guid":{"rendered":"https:\/\/nembutalhouse.com\/?post_type=product&#038;p=1383"},"modified":"2026-03-03T05:40:10","modified_gmt":"2026-03-03T05:40:10","slug":"buy-alpha-pihp-online","status":"publish","type":"product","link":"https:\/\/nembutalhouse.com\/pt\/produto\/buy-alpha-pihp-online\/","title":{"rendered":"Buy Alpha-Pihp Online"},"content":{"rendered":"<h2>Buy Alpha-Pihp Online<\/h2>\n<h3>O que \u00e9 o \u03b1-PHiP?<\/h3>\n<p>A \u03b1-PHiP, por vezes conhecida como alfa-PHiP, \u00e9 um is\u00f3mero estrutural da sua mol\u00e9cula-m\u00e3e, a pirovalerona, e um membro da classe das catinonas.<br \/>\nAl\u00e9m disso, partilha muitas semelhan\u00e7as com os outros produtos qu\u00edmicos mais conhecidos, o MDPV e o A-PHP.<\/p>\n<p>Apesar de partilhar semelhan\u00e7as estruturais com subst\u00e2ncias que foram submetidas a testes e receberam autoriza\u00e7\u00e3o para serem ingeridas por seres humanos, o \u03b1-PHiP destina-se estritamente a fins de investiga\u00e7\u00e3o e n\u00e3o deve ser consumido.<\/p>\n<p>Propriedades qu\u00edmicas do \u03b1-PHiP<\/p>\n<p>F\u00f3rmula dos produtos qu\u00edmicos: C23H27N3O2<\/p>\n<p>Nome completo: 4-fenil-2-(pirrolidin-1-il)pentan-1-ona<\/p>\n<p>Peso em mol\u00e9culas: g\/mol<\/p>\n<p>Pureza &gt;98%<\/p>\n<p>Como indicado anteriormente, <a href=\"https:\/\/nembutalhouse.com\/pt\/produto\/buy-alpha-pihp-online\/\">\u03b1-PHiP<\/a> \u00e9 um composto da classe das catinonas com carater\u00edsticas moleculares semelhantes \u00e0s da pirovalerona, mais bem estudada; a principal diferen\u00e7a \u00e9 um grupo metilo que foi deslocado da posi\u00e7\u00e3o 4 do anel arom\u00e1tico para a quarta posi\u00e7\u00e3o da cadeia acilo. \u00c0 semelhan\u00e7a da pirovalerona, prev\u00ea-se que a \u03b1-PHiP produza resultados not\u00e1veis; no entanto, n\u00e3o foram efectuadas investiga\u00e7\u00f5es para validar esta teoria.<\/p>\n<p>Semelhante a todas as outras catinonas psicoactivas, <a href=\"https:\/\/en.wikipedia.org\/wiki\/%CE%91-Pyrrolidinohexiophenone\">\u03b1-PHiP<\/a> estimula a liberta\u00e7\u00e3o de dopamina e bloqueia a capacidade do sistema nervoso central de absorver adrenalina, norepinefrina e serotonina.<\/p>\n<p>\u00c9 importante lembrar que as subst\u00e2ncias psicoactivas das folhas da planta Khat (Catha edulis), que t\u00eam propriedades estimulantes, s\u00e3o a fonte de todas as fenonas. \u00c9 assim que o khat \u00e9 consumido h\u00e1 centenas de anos em v\u00e1rios pa\u00edses africanos, e todos os compostos da fam\u00edlia das catinonas prov\u00eam desta planta.<\/p>\n<p>NOTA: O \u03b1-PHiP n\u00e3o tem historial de utiliza\u00e7\u00e3o humana conhecido e destina-se a ser utilizado exclusivamente para fins cient\u00edficos; n\u00e3o se destina ao consumo humano.<\/p>\n<h3>Onde \u00e9 vendido o \u03b1-PHiP?<\/h3>\n<p><a href=\"https:\/\/nembutalhouse.com\/pt\/\">NembutalHouse<\/a>, um fornecedor fi\u00e1vel de N1, fornece \u03b1-PHiP de grau laboratorial em forma de sal em p\u00f3 de qualidade superior. A melhor fonte para compras de produtos qu\u00edmicos para investiga\u00e7\u00e3o \u00e9 a NembutalHouse. Tenha em aten\u00e7\u00e3o que, para comprar \u03b1-PHiP \u00e0 NembutalHouse, tem de ter pelo menos 18 anos de idade. Todos os produtos qu\u00edmicos de investiga\u00e7\u00e3o comerciais n\u00e3o se destinam ao consumo humano; em vez disso, destinam-se apenas a ser utilizados em investiga\u00e7\u00e3o e experi\u00eancias laboratoriais.<\/p>\n<p>&nbsp;<\/p>\n<p>&nbsp;<\/p>","protected":false},"excerpt":{"rendered":"<p>Buy Alpha-Pihp Online What Is \u03b1-PHiP? Purchase \u03b1-PHiP, sometimes known as alpha-PHiP, is a structural isomer of its parent molecule Pyrovalerone and a member of the cathinone class. Additionally, it&hellip;<\/p>","protected":false},"featured_media":1538,"comment_status":"open","ping_status":"closed","template":"","meta":{"_joinchat":[]},"product_cat":[188],"product_tag":[1293,1288,1299,1312,1311,1314,1303,1309,1310,1308,1300,1289,1307,1296,1286,1298,1287,1313,1305,1302,1295,1291,1292,1315,1306,1304,1301,1294,1297,1290],"class_list":{"0":"post-1383","1":"product","2":"type-product","3":"status-publish","4":"has-post-thumbnail","6":"product_cat-stimulants","7":"product_tag-alpha-phip","8":"product_tag-alpha-phip-for-sale","9":"product_tag-alpha-phip-online","10":"product_tag-alpha-phip-powder","11":"product_tag-alpha-phip-powder-for-cleaning","12":"product_tag-alpha-phip-powder-for-sale","13":"product_tag-alpha-phip-powder-store","14":"product_tag-alpha-phip-powder-use","15":"product_tag-alpha-phip-powder-wiki","16":"product_tag-alpha-phip-powder-worldwide","17":"product_tag-alpha-phip-price","18":"product_tag-alpha-phip-supplier","19":"product_tag-best-cheap-price-alpha-phip-powder","20":"product_tag-best-place-to-buy-alpha-phip","21":"product_tag-buy-alpha-phip","22":"product_tag-buy-alpha-phip-legally","23":"product_tag-buy-alpha-phip-online","24":"product_tag-buy-alpha-phip-powder-online","25":"product_tag-cheap-alpha-phip-powders","26":"product_tag-high-quality-alpha-phip-powder","27":"product_tag-how-to-buy-alpha-phip","28":"product_tag-order-alpha-phip","29":"product_tag-order-alpha-phip-online","30":"product_tag-order-alpha-phip-powder","31":"product_tag-purcharse-alpha-phip-powder-powder","32":"product_tag-shop-alpha-phip-powder","33":"product_tag-top-quality-alpha-phip","34":"product_tag-where-to-buy-alpha-phip","35":"product_tag-where-to-order-alpha-phip","36":"product_tag-wholesale-alpha-phip-bulk-online","38":"first","39":"instock","40":"shipping-taxable","41":"purchasable","42":"product-type-variable"},"yoast_head":"<!-- This site is optimized with the Yoast SEO plugin v24.1 - https:\/\/yoast.com\/wordpress\/plugins\/seo\/ -->\n<title>Buy Alpha-PHIP Online - High-Quality Alpha-PHIP for Sale<\/title>\n<meta name=\"description\" content=\"If you are willing to get alpha-phip for sale, then we are the right choice for you. Our staff members will help you buy alpha-phip online at cheap rates. Place your order with us!\" \/>\n<meta name=\"robots\" content=\"index, follow, max-snippet:-1, max-image-preview:large, max-video-preview:-1\" \/>\n<link rel=\"canonical\" href=\"https:\/\/nembutalhouse.com\/pt\/produto\/buy-alpha-pihp-online\/\" \/>\n<meta property=\"og:locale\" content=\"pt_PT\" \/>\n<meta property=\"og:type\" content=\"article\" \/>\n<meta property=\"og:title\" content=\"Buy Alpha-PHIP Online - High-Quality Alpha-PHIP for Sale\" \/>\n<meta property=\"og:description\" content=\"If you are willing to get alpha-phip for sale, then we are the right choice for you. Our staff members will help you buy alpha-phip online at cheap rates. Place your order with us!\" \/>\n<meta property=\"og:url\" content=\"https:\/\/nembutalhouse.com\/pt\/produto\/buy-alpha-pihp-online\/\" \/>\n<meta property=\"og:site_name\" content=\"Nembutal House\" \/>\n<meta property=\"article:modified_time\" content=\"2026-03-03T05:40:10+00:00\" \/>\n<meta property=\"og:image\" content=\"https:\/\/nembutalhouse.com\/wp-content\/uploads\/2024\/10\/Alpha-Pihp.gif\" \/>\n\t<meta property=\"og:image:width\" content=\"600\" \/>\n\t<meta property=\"og:image:height\" content=\"600\" \/>\n\t<meta property=\"og:image:type\" content=\"image\/gif\" \/>\n<meta name=\"twitter:card\" content=\"summary_large_image\" \/>\n<meta name=\"twitter:label1\" content=\"Tempo estimado de leitura\" \/>\n\t<meta name=\"twitter:data1\" content=\"2 minutos\" \/>\n<script type=\"application\/ld+json\" class=\"yoast-schema-graph\">{\"@context\":\"https:\/\/schema.org\",\"@graph\":[{\"@type\":\"WebPage\",\"@id\":\"https:\/\/nembutalhouse.com\/product\/buy-alpha-pihp-online\/\",\"url\":\"https:\/\/nembutalhouse.com\/product\/buy-alpha-pihp-online\/\",\"name\":\"Buy Alpha-PHIP Online - High-Quality Alpha-PHIP for Sale\",\"isPartOf\":{\"@id\":\"https:\/\/nembutalhouse.com\/#website\"},\"primaryImageOfPage\":{\"@id\":\"https:\/\/nembutalhouse.com\/product\/buy-alpha-pihp-online\/#primaryimage\"},\"image\":{\"@id\":\"https:\/\/nembutalhouse.com\/product\/buy-alpha-pihp-online\/#primaryimage\"},\"thumbnailUrl\":\"https:\/\/nembutalhouse.com\/wp-content\/uploads\/2024\/10\/Alpha-Pihp.gif\",\"datePublished\":\"2024-10-16T11:50:30+00:00\",\"dateModified\":\"2026-03-03T05:40:10+00:00\",\"description\":\"If you are willing to get alpha-phip for sale, then we are the right choice for you. Our staff members will help you buy alpha-phip online at cheap rates. Place your order with us!\",\"breadcrumb\":{\"@id\":\"https:\/\/nembutalhouse.com\/product\/buy-alpha-pihp-online\/#breadcrumb\"},\"inLanguage\":\"pt-PT\",\"potentialAction\":[{\"@type\":\"ReadAction\",\"target\":[\"https:\/\/nembutalhouse.com\/product\/buy-alpha-pihp-online\/\"]}]},{\"@type\":\"ImageObject\",\"inLanguage\":\"pt-PT\",\"@id\":\"https:\/\/nembutalhouse.com\/product\/buy-alpha-pihp-online\/#primaryimage\",\"url\":\"https:\/\/nembutalhouse.com\/wp-content\/uploads\/2024\/10\/Alpha-Pihp.gif\",\"contentUrl\":\"https:\/\/nembutalhouse.com\/wp-content\/uploads\/2024\/10\/Alpha-Pihp.gif\",\"width\":600,\"height\":600,\"caption\":\"Buy Alpha-Pihp Online\"},{\"@type\":\"BreadcrumbList\",\"@id\":\"https:\/\/nembutalhouse.com\/product\/buy-alpha-pihp-online\/#breadcrumb\",\"itemListElement\":[{\"@type\":\"ListItem\",\"position\":1,\"name\":\"Home\",\"item\":\"https:\/\/nembutalhouse.com\/\"},{\"@type\":\"ListItem\",\"position\":2,\"name\":\"Shop\",\"item\":\"https:\/\/nembutalhouse.com\/shop\/\"},{\"@type\":\"ListItem\",\"position\":3,\"name\":\"Buy Alpha-Pihp Online\"}]},{\"@type\":\"WebSite\",\"@id\":\"https:\/\/nembutalhouse.com\/#website\",\"url\":\"https:\/\/nembutalhouse.com\/\",\"name\":\"Nembutal House\",\"description\":\"Best Nembutal Online Store\",\"publisher\":{\"@id\":\"https:\/\/nembutalhouse.com\/#organization\"},\"potentialAction\":[{\"@type\":\"SearchAction\",\"target\":{\"@type\":\"EntryPoint\",\"urlTemplate\":\"https:\/\/nembutalhouse.com\/?s={search_term_string}\"},\"query-input\":{\"@type\":\"PropertyValueSpecification\",\"valueRequired\":true,\"valueName\":\"search_term_string\"}}],\"inLanguage\":\"pt-PT\"},{\"@type\":\"Organization\",\"@id\":\"https:\/\/nembutalhouse.com\/#organization\",\"name\":\"Nembutal House\",\"url\":\"https:\/\/nembutalhouse.com\/\",\"logo\":{\"@type\":\"ImageObject\",\"inLanguage\":\"pt-PT\",\"@id\":\"https:\/\/nembutalhouse.com\/#\/schema\/logo\/image\/\",\"url\":\"https:\/\/nembutalhouse.com\/wp-content\/uploads\/2022\/12\/logo.png\",\"contentUrl\":\"https:\/\/nembutalhouse.com\/wp-content\/uploads\/2022\/12\/logo.png\",\"width\":344,\"height\":103,\"caption\":\"Nembutal House\"},\"image\":{\"@id\":\"https:\/\/nembutalhouse.com\/#\/schema\/logo\/image\/\"}}]}<\/script>\n<!-- \/ Yoast SEO plugin. -->","yoast_head_json":{"title":"Buy Alpha-PHIP Online - High-Quality Alpha-PHIP for Sale","description":"If you are willing to get alpha-phip for sale, then we are the right choice for you. Our staff members will help you buy alpha-phip online at cheap rates. Place your order with us!","robots":{"index":"index","follow":"follow","max-snippet":"max-snippet:-1","max-image-preview":"max-image-preview:large","max-video-preview":"max-video-preview:-1"},"canonical":"https:\/\/nembutalhouse.com\/pt\/produto\/buy-alpha-pihp-online\/","og_locale":"pt_PT","og_type":"article","og_title":"Buy Alpha-PHIP Online - High-Quality Alpha-PHIP for Sale","og_description":"If you are willing to get alpha-phip for sale, then we are the right choice for you. Our staff members will help you buy alpha-phip online at cheap rates. Place your order with us!","og_url":"https:\/\/nembutalhouse.com\/pt\/produto\/buy-alpha-pihp-online\/","og_site_name":"Nembutal House","article_modified_time":"2026-03-03T05:40:10+00:00","og_image":[{"width":600,"height":600,"url":"https:\/\/nembutalhouse.com\/wp-content\/uploads\/2024\/10\/Alpha-Pihp.gif","type":"image\/gif"}],"twitter_card":"summary_large_image","twitter_misc":{"Tempo estimado de leitura":"2 minutos"},"schema":{"@context":"https:\/\/schema.org","@graph":[{"@type":"WebPage","@id":"https:\/\/nembutalhouse.com\/product\/buy-alpha-pihp-online\/","url":"https:\/\/nembutalhouse.com\/product\/buy-alpha-pihp-online\/","name":"Buy Alpha-PHIP Online - High-Quality Alpha-PHIP for Sale","isPartOf":{"@id":"https:\/\/nembutalhouse.com\/#website"},"primaryImageOfPage":{"@id":"https:\/\/nembutalhouse.com\/product\/buy-alpha-pihp-online\/#primaryimage"},"image":{"@id":"https:\/\/nembutalhouse.com\/product\/buy-alpha-pihp-online\/#primaryimage"},"thumbnailUrl":"https:\/\/nembutalhouse.com\/wp-content\/uploads\/2024\/10\/Alpha-Pihp.gif","datePublished":"2024-10-16T11:50:30+00:00","dateModified":"2026-03-03T05:40:10+00:00","description":"If you are willing to get alpha-phip for sale, then we are the right choice for you. Our staff members will help you buy alpha-phip online at cheap rates. Place your order with us!","breadcrumb":{"@id":"https:\/\/nembutalhouse.com\/product\/buy-alpha-pihp-online\/#breadcrumb"},"inLanguage":"pt-PT","potentialAction":[{"@type":"ReadAction","target":["https:\/\/nembutalhouse.com\/product\/buy-alpha-pihp-online\/"]}]},{"@type":"ImageObject","inLanguage":"pt-PT","@id":"https:\/\/nembutalhouse.com\/product\/buy-alpha-pihp-online\/#primaryimage","url":"https:\/\/nembutalhouse.com\/wp-content\/uploads\/2024\/10\/Alpha-Pihp.gif","contentUrl":"https:\/\/nembutalhouse.com\/wp-content\/uploads\/2024\/10\/Alpha-Pihp.gif","width":600,"height":600,"caption":"Buy Alpha-Pihp Online"},{"@type":"BreadcrumbList","@id":"https:\/\/nembutalhouse.com\/product\/buy-alpha-pihp-online\/#breadcrumb","itemListElement":[{"@type":"ListItem","position":1,"name":"Home","item":"https:\/\/nembutalhouse.com\/"},{"@type":"ListItem","position":2,"name":"Shop","item":"https:\/\/nembutalhouse.com\/shop\/"},{"@type":"ListItem","position":3,"name":"Buy Alpha-Pihp Online"}]},{"@type":"WebSite","@id":"https:\/\/nembutalhouse.com\/#website","url":"https:\/\/nembutalhouse.com\/","name":"Nembutal House","description":"Best Nembutal Online Store","publisher":{"@id":"https:\/\/nembutalhouse.com\/#organization"},"potentialAction":[{"@type":"SearchAction","target":{"@type":"EntryPoint","urlTemplate":"https:\/\/nembutalhouse.com\/?s={search_term_string}"},"query-input":{"@type":"PropertyValueSpecification","valueRequired":true,"valueName":"search_term_string"}}],"inLanguage":"pt-PT"},{"@type":"Organization","@id":"https:\/\/nembutalhouse.com\/#organization","name":"Nembutal House","url":"https:\/\/nembutalhouse.com\/","logo":{"@type":"ImageObject","inLanguage":"pt-PT","@id":"https:\/\/nembutalhouse.com\/#\/schema\/logo\/image\/","url":"https:\/\/nembutalhouse.com\/wp-content\/uploads\/2022\/12\/logo.png","contentUrl":"https:\/\/nembutalhouse.com\/wp-content\/uploads\/2022\/12\/logo.png","width":344,"height":103,"caption":"Nembutal House"},"image":{"@id":"https:\/\/nembutalhouse.com\/#\/schema\/logo\/image\/"}}]}},"_links":{"self":[{"href":"https:\/\/nembutalhouse.com\/pt\/wp-json\/wp\/v2\/product\/1383","targetHints":{"allow":["GET"]}}],"collection":[{"href":"https:\/\/nembutalhouse.com\/pt\/wp-json\/wp\/v2\/product"}],"about":[{"href":"https:\/\/nembutalhouse.com\/pt\/wp-json\/wp\/v2\/types\/product"}],"replies":[{"embeddable":true,"href":"https:\/\/nembutalhouse.com\/pt\/wp-json\/wp\/v2\/comments?post=1383"}],"wp:featuredmedia":[{"embeddable":true,"href":"https:\/\/nembutalhouse.com\/pt\/wp-json\/wp\/v2\/media\/1538"}],"wp:attachment":[{"href":"https:\/\/nembutalhouse.com\/pt\/wp-json\/wp\/v2\/media?parent=1383"}],"wp:term":[{"taxonomy":"product_cat","embeddable":true,"href":"https:\/\/nembutalhouse.com\/pt\/wp-json\/wp\/v2\/product_cat?post=1383"},{"taxonomy":"product_tag","embeddable":true,"href":"https:\/\/nembutalhouse.com\/pt\/wp-json\/wp\/v2\/product_tag?post=1383"}],"curies":[{"name":"wp","href":"https:\/\/api.w.org\/{rel}","templated":true}]}}