{"id":1172,"date":"2024-10-16T11:48:09","date_gmt":"2024-10-16T11:48:09","guid":{"rendered":"https:\/\/nembutalhouse.com\/?post_type=product&#038;p=1172"},"modified":"2026-03-06T07:37:27","modified_gmt":"2026-03-06T07:37:27","slug":"buy-5f-emb-online-2","status":"publish","type":"product","link":"https:\/\/nembutalhouse.com\/pt\/produto\/buy-5f-emb-online-2\/","title":{"rendered":"Buy 5f-EMB Online"},"content":{"rendered":"<h2>Comprar 5f-EMB em linha na NembutalHouse.<\/h2>\n<p><a href=\"https:\/\/nembutalhouse.com\/pt\/produto\/buy-5f-emb-online-2\/\">Purchase 5f-EMB<\/a>.Synthetic and natural components were combined to make 5f-EMB, a novel synthetic research molecule. The primary objective of research chemicals is to enable a more thorough investigation of these substances in order to gain a better understanding of their characteristics. 5f-EMB is only meant to be used in forensic or scientific labs. <a href=\"https:\/\/nembutalhouse.com\/pt\/\">Casa de Nembutal<\/a> is the greatest option for purchasing 5f-EMB online.<\/p>\n<p>Uma vez que o 5f-EMB \u00e9 um produto qu\u00edmico relativamente novo no mercado, pouco se sabe sobre os seus efeitos no corpo humano. A sua f\u00f3rmula qu\u00edmica \u00e9 c21h29fn203, e a sua massa molecular \u00e9 376,5. Foram efectuadas v\u00e1rias experi\u00eancias laboratoriais para determinar os dados fornecidos. Outros dados ligam o 5f-EMB a outros compostos devido \u00e0 sua relativa semelhan\u00e7a.<\/p>\n<p>Prev\u00ea-se que o 5f-EMB tenha um efeito compar\u00e1vel, uma vez que as provas cient\u00edficas indicam que o medicamento \u00e9 um potente agonista dos receptores canabin\u00f3ides.<\/p>\n<p>A variety of chemicals have been related to 5f-EMB through research undertaken in scientific institutes. We shall investigate this material to determine whether its qualities and composition are known. However, as there is currently no information available regarding this chemical&#8217;s advantages, toxicity, side effects, or long-term impacts, it is not meant for human consumption. Purchase <a href=\"https:\/\/en.wikipedia.org\/wiki\/5F-EMB-PINACA\">5f-EMB.<\/a><\/p>\n<h3>benef\u00edcios do 5f-EMB.<\/h3>\n<p>De acordo com a pesquisa, comprar 5f-EMB online pode ser vantajoso para:<\/p>\n<p>As n\u00e1useas e os v\u00f3mitos induzidos pela quimioterapia podem ser controlados.<\/p>\n<p>Diminui a inflama\u00e7\u00e3o e alivia o desconforto.<\/p>\n<p>\u00c0 medida que as c\u00e9lulas cancer\u00edgenas s\u00e3o erradicadas, o crescimento do tumor \u00e9 interrompido.<\/p>\n<p>Ajuda as pessoas com esclerose m\u00faltipla que t\u00eam os m\u00fasculos tensos.<\/p>\n<p>Ajuda as pessoas com SIDA e cancro e aumenta o apetite.<\/p>\n<h3>Porque \u00e9 que o 5f-EMB Online \u00e9 a melhor op\u00e7\u00e3o dispon\u00edvel?<\/h3>\n<p>O melhor 5f-EMB est\u00e1 dispon\u00edvel para compra em todo o mundo na Nembutalhouse. Mantemos os pre\u00e7os dos produtos competitivos no mercado. A nossa loja online tem acesso a apoio log\u00edstico e tecnol\u00f3gico especializado. Utilizamos embalagens ocultas e temos uma pol\u00edtica de envio r\u00e1pido. Se nos trouxer a sua encomenda, n\u00f3s complet\u00e1-la-emos o mais rapidamente poss\u00edvel. Compre 5f-EMB online agora mesmo!<\/p>\n<h3>Comprar 5F-MDMB-2201.<\/h3>\n<p>Um novo canabin\u00f3ide sint\u00e9tico \u00e9 o 5F-MDMB-2201. N\u00e3o procure mais se estiver \u00e0 procura do mais recente canabin\u00f3ide do mercado. O 5F-MDMB-2201 \u00e9 um potente agonista dos receptores canabin\u00f3ides.<\/p>\n<p>O relaxamento, a leveza corporal, a eleva\u00e7\u00e3o do humor, a redu\u00e7\u00e3o do stress, o aumento da cor, a consci\u00eancia musical melhorada e a euforia s\u00e3o resultados comuns dos ensaios laboratoriais. Se fores r\u00e1pido, podes ser um dos primeiros laborat\u00f3rios a adicionar este incr\u00edvel qu\u00edmico ao teu stock.<\/p>\n<h3>Que loja vende o 5F-MDMB-2201?<\/h3>\n<p>A nossa loja de produtos qu\u00edmicos vende 5F-MDMB-2201, que \u00e9 da mais alta qualidade. Normalmente, vem em forma de p\u00f3. No entanto, temos frequentemente formas alternativas dispon\u00edveis, por isso, se pretender uma forma diferente, pergunte; \u00e9 muito prov\u00e1vel que tenhamos uma.<\/p>\n<p>&nbsp;<\/p>","protected":false},"excerpt":{"rendered":"<p>Purchase 5f-EMB online at NembutalHouse. Purchase 5f-EMB.Synthetic and natural components were combined to make 5f-EMB, a novel synthetic research molecule. The primary objective of research chemicals is to enable a&hellip;<\/p>","protected":false},"featured_media":1180,"comment_status":"open","ping_status":"closed","template":"","meta":{"_joinchat":[]},"product_cat":[186],"product_tag":[1963,1981,1958,1969,1970,1973,1959,1979,1980,1978,1977,1966,1956,1968,1957,1975,1972,1965,1961,1962,1976,1974,1971,1964,1967,1960],"class_list":{"0":"post-1172","1":"product","2":"type-product","3":"status-publish","4":"has-post-thumbnail","6":"product_cat-research-chemicals","7":"product_tag-5f-emb-powder","8":"product_tag-5f-emb-powder-for-cleaning","9":"product_tag-5f-emb-powder-for-sale","10":"product_tag-5f-emb-powder-online","11":"product_tag-5f-emb-powder-price","12":"product_tag-5f-emb-powder-store","13":"product_tag-5f-emb-powder-supplier","14":"product_tag-5f-emb-powder-use","15":"product_tag-5f-emb-powder-wiki","16":"product_tag-5f-emb-powder-worldwide","17":"product_tag-best-cheap-price-5f-emb-powder","18":"product_tag-best-place-to-buy-5f-emb-powder","19":"product_tag-buy-5f-emb-powder","20":"product_tag-buy-5f-emb-powder-legally","21":"product_tag-buy-5f-emb-powder-online","22":"product_tag-cheap-5f-emb-powder","23":"product_tag-high-quality-5f-emb-powder","24":"product_tag-how-to-buy-5f-emb-powder","25":"product_tag-order-5f-emb-powder","26":"product_tag-order-5f-emb-powder-online","27":"product_tag-purcharse-5f-emb-powder-powder","28":"product_tag-shop-5f-emb-powder","29":"product_tag-top-quality-5f-emb-powder","30":"product_tag-where-to-buy-5f-emb-powder","31":"product_tag-where-to-order-5f-emb-powder","32":"product_tag-wholesale-5f-emb-powder-bulk-online","34":"first","35":"instock","36":"shipping-taxable","37":"purchasable","38":"product-type-variable"},"yoast_head":"<!-- This site is optimized with the Yoast SEO plugin v24.1 - https:\/\/yoast.com\/wordpress\/plugins\/seo\/ -->\n<title>Buy 5F-EMB Online - 5F-EMB for Sale - Order 5F-EMB Online<\/title>\n<meta name=\"description\" content=\"You can buy 5f-emb online at the best prices from our online store. We have cheap and high-quality 5f-emb for sale and providing worldwide delivery. You can order from anytime, anywhere.\" \/>\n<meta name=\"robots\" content=\"index, follow, max-snippet:-1, max-image-preview:large, max-video-preview:-1\" \/>\n<link rel=\"canonical\" href=\"https:\/\/nembutalhouse.com\/pt\/produto\/buy-5f-emb-online-2\/\" \/>\n<meta property=\"og:locale\" content=\"pt_PT\" \/>\n<meta property=\"og:type\" content=\"article\" \/>\n<meta property=\"og:title\" content=\"Buy 5F-EMB Online - 5F-EMB for Sale - Order 5F-EMB Online\" \/>\n<meta property=\"og:description\" content=\"You can buy 5f-emb online at the best prices from our online store. We have cheap and high-quality 5f-emb for sale and providing worldwide delivery. You can order from anytime, anywhere.\" \/>\n<meta property=\"og:url\" content=\"https:\/\/nembutalhouse.com\/pt\/produto\/buy-5f-emb-online-2\/\" \/>\n<meta property=\"og:site_name\" content=\"Nembutal House\" \/>\n<meta property=\"article:modified_time\" content=\"2026-03-06T07:37:27+00:00\" \/>\n<meta property=\"og:image\" content=\"https:\/\/nembutalhouse.com\/wp-content\/uploads\/2024\/10\/5f-EMB.gif\" \/>\n\t<meta property=\"og:image:width\" content=\"600\" \/>\n\t<meta property=\"og:image:height\" content=\"600\" \/>\n\t<meta property=\"og:image:type\" content=\"image\/gif\" \/>\n<meta name=\"twitter:card\" content=\"summary_large_image\" \/>\n<meta name=\"twitter:label1\" content=\"Tempo estimado de leitura\" \/>\n\t<meta name=\"twitter:data1\" content=\"3 minutos\" \/>\n<script type=\"application\/ld+json\" class=\"yoast-schema-graph\">{\"@context\":\"https:\/\/schema.org\",\"@graph\":[{\"@type\":\"WebPage\",\"@id\":\"https:\/\/nembutalhouse.com\/product\/buy-5f-emb-online-2\/\",\"url\":\"https:\/\/nembutalhouse.com\/product\/buy-5f-emb-online-2\/\",\"name\":\"Buy 5F-EMB Online - 5F-EMB for Sale - Order 5F-EMB Online\",\"isPartOf\":{\"@id\":\"https:\/\/nembutalhouse.com\/#website\"},\"primaryImageOfPage\":{\"@id\":\"https:\/\/nembutalhouse.com\/product\/buy-5f-emb-online-2\/#primaryimage\"},\"image\":{\"@id\":\"https:\/\/nembutalhouse.com\/product\/buy-5f-emb-online-2\/#primaryimage\"},\"thumbnailUrl\":\"https:\/\/nembutalhouse.com\/wp-content\/uploads\/2024\/10\/5f-EMB.gif\",\"datePublished\":\"2024-10-16T11:48:09+00:00\",\"dateModified\":\"2026-03-06T07:37:27+00:00\",\"description\":\"You can buy 5f-emb online at the best prices from our online store. We have cheap and high-quality 5f-emb for sale and providing worldwide delivery. You can order from anytime, anywhere.\",\"breadcrumb\":{\"@id\":\"https:\/\/nembutalhouse.com\/product\/buy-5f-emb-online-2\/#breadcrumb\"},\"inLanguage\":\"pt-PT\",\"potentialAction\":[{\"@type\":\"ReadAction\",\"target\":[\"https:\/\/nembutalhouse.com\/product\/buy-5f-emb-online-2\/\"]}]},{\"@type\":\"ImageObject\",\"inLanguage\":\"pt-PT\",\"@id\":\"https:\/\/nembutalhouse.com\/product\/buy-5f-emb-online-2\/#primaryimage\",\"url\":\"https:\/\/nembutalhouse.com\/wp-content\/uploads\/2024\/10\/5f-EMB.gif\",\"contentUrl\":\"https:\/\/nembutalhouse.com\/wp-content\/uploads\/2024\/10\/5f-EMB.gif\",\"width\":600,\"height\":600,\"caption\":\"Buy 5f-EMB Online\"},{\"@type\":\"BreadcrumbList\",\"@id\":\"https:\/\/nembutalhouse.com\/product\/buy-5f-emb-online-2\/#breadcrumb\",\"itemListElement\":[{\"@type\":\"ListItem\",\"position\":1,\"name\":\"Home\",\"item\":\"https:\/\/nembutalhouse.com\/\"},{\"@type\":\"ListItem\",\"position\":2,\"name\":\"Shop\",\"item\":\"https:\/\/nembutalhouse.com\/shop\/\"},{\"@type\":\"ListItem\",\"position\":3,\"name\":\"Buy 5f-EMB Online\"}]},{\"@type\":\"WebSite\",\"@id\":\"https:\/\/nembutalhouse.com\/#website\",\"url\":\"https:\/\/nembutalhouse.com\/\",\"name\":\"Nembutal House\",\"description\":\"Best Nembutal Online Store\",\"publisher\":{\"@id\":\"https:\/\/nembutalhouse.com\/#organization\"},\"potentialAction\":[{\"@type\":\"SearchAction\",\"target\":{\"@type\":\"EntryPoint\",\"urlTemplate\":\"https:\/\/nembutalhouse.com\/?s={search_term_string}\"},\"query-input\":{\"@type\":\"PropertyValueSpecification\",\"valueRequired\":true,\"valueName\":\"search_term_string\"}}],\"inLanguage\":\"pt-PT\"},{\"@type\":\"Organization\",\"@id\":\"https:\/\/nembutalhouse.com\/#organization\",\"name\":\"Nembutal House\",\"url\":\"https:\/\/nembutalhouse.com\/\",\"logo\":{\"@type\":\"ImageObject\",\"inLanguage\":\"pt-PT\",\"@id\":\"https:\/\/nembutalhouse.com\/#\/schema\/logo\/image\/\",\"url\":\"https:\/\/nembutalhouse.com\/wp-content\/uploads\/2022\/12\/logo.png\",\"contentUrl\":\"https:\/\/nembutalhouse.com\/wp-content\/uploads\/2022\/12\/logo.png\",\"width\":344,\"height\":103,\"caption\":\"Nembutal House\"},\"image\":{\"@id\":\"https:\/\/nembutalhouse.com\/#\/schema\/logo\/image\/\"}}]}<\/script>\n<!-- \/ Yoast SEO plugin. -->","yoast_head_json":{"title":"Buy 5F-EMB Online - 5F-EMB for Sale - Order 5F-EMB Online","description":"You can buy 5f-emb online at the best prices from our online store. We have cheap and high-quality 5f-emb for sale and providing worldwide delivery. You can order from anytime, anywhere.","robots":{"index":"index","follow":"follow","max-snippet":"max-snippet:-1","max-image-preview":"max-image-preview:large","max-video-preview":"max-video-preview:-1"},"canonical":"https:\/\/nembutalhouse.com\/pt\/produto\/buy-5f-emb-online-2\/","og_locale":"pt_PT","og_type":"article","og_title":"Buy 5F-EMB Online - 5F-EMB for Sale - Order 5F-EMB Online","og_description":"You can buy 5f-emb online at the best prices from our online store. We have cheap and high-quality 5f-emb for sale and providing worldwide delivery. You can order from anytime, anywhere.","og_url":"https:\/\/nembutalhouse.com\/pt\/produto\/buy-5f-emb-online-2\/","og_site_name":"Nembutal House","article_modified_time":"2026-03-06T07:37:27+00:00","og_image":[{"width":600,"height":600,"url":"https:\/\/nembutalhouse.com\/wp-content\/uploads\/2024\/10\/5f-EMB.gif","type":"image\/gif"}],"twitter_card":"summary_large_image","twitter_misc":{"Tempo estimado de leitura":"3 minutos"},"schema":{"@context":"https:\/\/schema.org","@graph":[{"@type":"WebPage","@id":"https:\/\/nembutalhouse.com\/product\/buy-5f-emb-online-2\/","url":"https:\/\/nembutalhouse.com\/product\/buy-5f-emb-online-2\/","name":"Buy 5F-EMB Online - 5F-EMB for Sale - Order 5F-EMB Online","isPartOf":{"@id":"https:\/\/nembutalhouse.com\/#website"},"primaryImageOfPage":{"@id":"https:\/\/nembutalhouse.com\/product\/buy-5f-emb-online-2\/#primaryimage"},"image":{"@id":"https:\/\/nembutalhouse.com\/product\/buy-5f-emb-online-2\/#primaryimage"},"thumbnailUrl":"https:\/\/nembutalhouse.com\/wp-content\/uploads\/2024\/10\/5f-EMB.gif","datePublished":"2024-10-16T11:48:09+00:00","dateModified":"2026-03-06T07:37:27+00:00","description":"You can buy 5f-emb online at the best prices from our online store. We have cheap and high-quality 5f-emb for sale and providing worldwide delivery. You can order from anytime, anywhere.","breadcrumb":{"@id":"https:\/\/nembutalhouse.com\/product\/buy-5f-emb-online-2\/#breadcrumb"},"inLanguage":"pt-PT","potentialAction":[{"@type":"ReadAction","target":["https:\/\/nembutalhouse.com\/product\/buy-5f-emb-online-2\/"]}]},{"@type":"ImageObject","inLanguage":"pt-PT","@id":"https:\/\/nembutalhouse.com\/product\/buy-5f-emb-online-2\/#primaryimage","url":"https:\/\/nembutalhouse.com\/wp-content\/uploads\/2024\/10\/5f-EMB.gif","contentUrl":"https:\/\/nembutalhouse.com\/wp-content\/uploads\/2024\/10\/5f-EMB.gif","width":600,"height":600,"caption":"Buy 5f-EMB Online"},{"@type":"BreadcrumbList","@id":"https:\/\/nembutalhouse.com\/product\/buy-5f-emb-online-2\/#breadcrumb","itemListElement":[{"@type":"ListItem","position":1,"name":"Home","item":"https:\/\/nembutalhouse.com\/"},{"@type":"ListItem","position":2,"name":"Shop","item":"https:\/\/nembutalhouse.com\/shop\/"},{"@type":"ListItem","position":3,"name":"Buy 5f-EMB Online"}]},{"@type":"WebSite","@id":"https:\/\/nembutalhouse.com\/#website","url":"https:\/\/nembutalhouse.com\/","name":"Nembutal House","description":"Best Nembutal Online Store","publisher":{"@id":"https:\/\/nembutalhouse.com\/#organization"},"potentialAction":[{"@type":"SearchAction","target":{"@type":"EntryPoint","urlTemplate":"https:\/\/nembutalhouse.com\/?s={search_term_string}"},"query-input":{"@type":"PropertyValueSpecification","valueRequired":true,"valueName":"search_term_string"}}],"inLanguage":"pt-PT"},{"@type":"Organization","@id":"https:\/\/nembutalhouse.com\/#organization","name":"Nembutal House","url":"https:\/\/nembutalhouse.com\/","logo":{"@type":"ImageObject","inLanguage":"pt-PT","@id":"https:\/\/nembutalhouse.com\/#\/schema\/logo\/image\/","url":"https:\/\/nembutalhouse.com\/wp-content\/uploads\/2022\/12\/logo.png","contentUrl":"https:\/\/nembutalhouse.com\/wp-content\/uploads\/2022\/12\/logo.png","width":344,"height":103,"caption":"Nembutal House"},"image":{"@id":"https:\/\/nembutalhouse.com\/#\/schema\/logo\/image\/"}}]}},"_links":{"self":[{"href":"https:\/\/nembutalhouse.com\/pt\/wp-json\/wp\/v2\/product\/1172","targetHints":{"allow":["GET"]}}],"collection":[{"href":"https:\/\/nembutalhouse.com\/pt\/wp-json\/wp\/v2\/product"}],"about":[{"href":"https:\/\/nembutalhouse.com\/pt\/wp-json\/wp\/v2\/types\/product"}],"replies":[{"embeddable":true,"href":"https:\/\/nembutalhouse.com\/pt\/wp-json\/wp\/v2\/comments?post=1172"}],"wp:featuredmedia":[{"embeddable":true,"href":"https:\/\/nembutalhouse.com\/pt\/wp-json\/wp\/v2\/media\/1180"}],"wp:attachment":[{"href":"https:\/\/nembutalhouse.com\/pt\/wp-json\/wp\/v2\/media?parent=1172"}],"wp:term":[{"taxonomy":"product_cat","embeddable":true,"href":"https:\/\/nembutalhouse.com\/pt\/wp-json\/wp\/v2\/product_cat?post=1172"},{"taxonomy":"product_tag","embeddable":true,"href":"https:\/\/nembutalhouse.com\/pt\/wp-json\/wp\/v2\/product_tag?post=1172"}],"curies":[{"name":"wp","href":"https:\/\/api.w.org\/{rel}","templated":true}]}}