{"id":1108,"date":"2024-10-16T11:47:47","date_gmt":"2024-10-16T11:47:47","guid":{"rendered":"https:\/\/nembutalhouse.com\/?post_type=product&#038;p=1108"},"modified":"2026-03-06T07:03:46","modified_gmt":"2026-03-06T07:03:46","slug":"buy-3cmc-online","status":"publish","type":"product","link":"https:\/\/nembutalhouse.com\/pt\/produto\/comprar-3cmc-online\/","title":{"rendered":"Buy 3cmc Online"},"content":{"rendered":"<h2>Buy 3cmc Online<\/h2>\n<h3>3-CMC: O que \u00e9 isso?<\/h3>\n<p><a href=\"https:\/\/nembutalhouse.com\/pt\/produto\/comprar-3cmc-online\/\">3-Clorometacatinona<\/a>ou 3-CMC, como \u00e9 mais amplamente designado, \u00e9 um produto qu\u00edmico de investiga\u00e7\u00e3o pertencente \u00e0 classe das catinonas. A subclasse de anfetaminas conhecida como catinona \u00e9 estruturalmente semelhante ao antidepressivo bupropiona. No entanto, o 3-CMC e o bupropiona t\u00eam carater\u00edsticas diferentes em termos de farmacologia.<\/p>\n<p>O carbono beta da estrutura da anfetamina pode ser utilizado para identificar as catinonas, como a 3-CMC, atrav\u00e9s da substitui\u00e7\u00e3o da cetona. No esqueleto da catinona 3-CMC est\u00e3o presentes duas substitui\u00e7\u00f5es de metilo, uma no anel fen\u00edlico e outra no grupo azotado. A 3-CMC e a mefedrona s\u00e3o bastante compar\u00e1veis em<\/p>\n<p>estrutura. A localiza\u00e7\u00e3o dos seus grupos metilo \u00e9 a \u00fanica distin\u00e7\u00e3o que pode ser vista neste caso. Na mefedrona, este esp\u00e9cime espec\u00edfico est\u00e1 localizado em R4, enquanto aqui est\u00e1 em <a href=\"https:\/\/nembutalhouse.com\/pt\/\">NembutalHouse<\/a>.<\/p>\n<p>NOTA: Este produto s\u00f3 est\u00e1 autorizado para utiliza\u00e7\u00e3o em laborat\u00f3rios; n\u00e3o \u00e9 permitido para consumo humano. Uma vez que pode absorver quantidades perigosas de produtos qu\u00edmicos atrav\u00e9s da pele, usar sempre luvas e \u00f3culos de prote\u00e7\u00e3o durante o manuseamento para evitar qualquer contamina\u00e7\u00e3o n\u00e3o intencional.<\/p>\n<h3>Como \u00e9 que se aplica o 3-CMC?<\/h3>\n<p>3. A CMC \u00e9 aplic\u00e1vel a numerosos dom\u00ednios de estudo e destina-se principalmente a aplica\u00e7\u00f5es forenses. Na forma de p\u00f3, \u00e9 a melhor qualidade que \u00e9 vendida e utilizada. Esta subst\u00e2ncia n\u00e3o deve ser utilizada para fins recreativos e n\u00e3o deve ser consumida por seres humanos ou animais, tal como indicado na advert\u00eancia.<\/p>\n<p>A 1-(3-clorofenil)-2(metilamino)propan-1-ona \u00e9 o constituinte da <a href=\"https:\/\/en.wikipedia.org\/wiki\/3-Chloromethcathinone\">3-CMC<\/a>. Guardar este produto num local frio e seco. Este produto qu\u00edmico de investiga\u00e7\u00e3o deve ser mantido o mais afastado poss\u00edvel da luz.<\/p>\n<p>para prolongar o mais poss\u00edvel o seu prazo de validade. Tal como indicado anteriormente, esta subst\u00e2ncia \u00e9 uma cateinona que se assemelha \u00e0s anfetaminas e que ocorre naturalmente em algumas plantas. Dito isto, esta subst\u00e2ncia n\u00e3o \u00e9 o mesmo que as anfetaminas e n\u00e3o pode ser tomada como tal.<\/p>\n<h3>Onde posso comprar o 3-CMC?<\/h3>\n<p>Uma das principais lojas online para comprar 3-CMC e outros produtos qu\u00edmicos de investiga\u00e7\u00e3o \u00e9 a Chemical Planet. Fornecemos uma grande variedade de artigos de primeira qualidade em v\u00e1rias quantidades para melhor satisfazer as suas necessidades de estudo. \u00c9 imperativo verificar os regulamentos relativos a subst\u00e2ncias restritas em seu pa\u00eds, pois eles podem ter um impacto na acessibilidade.<\/p>\n<p>Para comprar este artigo e outros artigos da nossa loja, \u00e9 necess\u00e1rio ter mais de dezoito anos. Por favor, entre em contacto connosco para mais informa\u00e7\u00f5es sobre o 3-CMC e outros artigos.<\/p>\n<p>&nbsp;<\/p>\n<p>&nbsp;<\/p>","protected":false},"excerpt":{"rendered":"<p>Buy 3cmc Online 3-CMC: What is it? 3-Chloromethcathinone, or 3-CMC as it is more widely called, is a research chemical belonging to the cathinone class. The amphetamine subclass known as&hellip;<\/p>","protected":false},"featured_media":1504,"comment_status":"closed","ping_status":"closed","template":"","meta":{"_joinchat":[]},"product_cat":[186],"product_tag":[844,849,867,869,855,856,859,865,866,864,845,863,852,842,843,854,868,861,858,851,847,848,870,862,860,857,850,853,846],"class_list":{"0":"post-1108","1":"product","2":"type-product","3":"status-publish","4":"has-post-thumbnail","6":"product_cat-research-chemicals","7":"product_tag-3cmc-for-sale","8":"product_tag-3cmc-powder","9":"product_tag-3cmc-powder-for-cleaning","10":"product_tag-3cmc-powder-for-sale","11":"product_tag-3cmc-powder-online","12":"product_tag-3cmc-powder-price","13":"product_tag-3cmc-powder-store","14":"product_tag-3cmc-powder-use","15":"product_tag-3cmc-powder-wiki","16":"product_tag-3cmc-powder-worldwide","17":"product_tag-3cmc-supplier","18":"product_tag-best-cheap-price-3cmc-powder","19":"product_tag-best-place-to-buy-3cmc-powder","20":"product_tag-buy-3cmc","21":"product_tag-buy-3cmc-online","22":"product_tag-buy-3cmc-powder-legally","23":"product_tag-buy-3cmc-powder-online","24":"product_tag-cheap-3cmc-powders","25":"product_tag-high-quality-3cmc-powder","26":"product_tag-how-to-buy-3cmc-powder","27":"product_tag-order-3cmc","28":"product_tag-order-3cmc-online","29":"product_tag-order-3cmc-powder","30":"product_tag-purcharse-3cmc-powder-powder","31":"product_tag-shop-3cmc-powder","32":"product_tag-top-quality-3cmc-powder","33":"product_tag-where-to-buy-3cmc-powder","34":"product_tag-where-to-order-3cmc-powder","35":"product_tag-wholesale-3cmc-bulk-online","37":"first","38":"instock","39":"shipping-taxable","40":"purchasable","41":"product-type-variable"},"yoast_head":"<!-- This site is optimized with the Yoast SEO plugin v24.1 - https:\/\/yoast.com\/wordpress\/plugins\/seo\/ -->\n<title>Buy 3 CMC Online - 3 CMC for Sale - Order 3 CMC Online<\/title>\n<meta name=\"description\" content=\"At our NembutalHouse, you can get 3cmc for sale at cheap rates. Here you can buy 3cmc online with high-quality from our store now with fast &amp; secure shipping service. Order Now!\" \/>\n<meta name=\"robots\" content=\"index, follow, max-snippet:-1, max-image-preview:large, max-video-preview:-1\" \/>\n<link rel=\"canonical\" href=\"https:\/\/nembutalhouse.com\/pt\/produto\/comprar-3cmc-online\/\" \/>\n<meta property=\"og:locale\" content=\"pt_PT\" \/>\n<meta property=\"og:type\" content=\"article\" \/>\n<meta property=\"og:title\" content=\"Buy 3 CMC Online - 3 CMC for Sale - Order 3 CMC Online\" \/>\n<meta property=\"og:description\" content=\"At our NembutalHouse, you can get 3cmc for sale at cheap rates. Here you can buy 3cmc online with high-quality from our store now with fast &amp; secure shipping service. Order Now!\" \/>\n<meta property=\"og:url\" content=\"https:\/\/nembutalhouse.com\/pt\/produto\/comprar-3cmc-online\/\" \/>\n<meta property=\"og:site_name\" content=\"Nembutal House\" \/>\n<meta property=\"article:modified_time\" content=\"2026-03-06T07:03:46+00:00\" \/>\n<meta property=\"og:image\" content=\"https:\/\/nembutalhouse.com\/wp-content\/uploads\/2024\/10\/3-cmc.gif\" \/>\n\t<meta property=\"og:image:width\" content=\"600\" \/>\n\t<meta property=\"og:image:height\" content=\"600\" \/>\n\t<meta property=\"og:image:type\" content=\"image\/gif\" \/>\n<meta name=\"twitter:card\" content=\"summary_large_image\" \/>\n<meta name=\"twitter:label1\" content=\"Tempo estimado de leitura\" \/>\n\t<meta name=\"twitter:data1\" content=\"2 minutos\" \/>\n<script type=\"application\/ld+json\" class=\"yoast-schema-graph\">{\"@context\":\"https:\/\/schema.org\",\"@graph\":[{\"@type\":\"WebPage\",\"@id\":\"https:\/\/nembutalhouse.com\/product\/buy-3cmc-online\/\",\"url\":\"https:\/\/nembutalhouse.com\/product\/buy-3cmc-online\/\",\"name\":\"Buy 3 CMC Online - 3 CMC for Sale - Order 3 CMC Online\",\"isPartOf\":{\"@id\":\"https:\/\/nembutalhouse.com\/#website\"},\"primaryImageOfPage\":{\"@id\":\"https:\/\/nembutalhouse.com\/product\/buy-3cmc-online\/#primaryimage\"},\"image\":{\"@id\":\"https:\/\/nembutalhouse.com\/product\/buy-3cmc-online\/#primaryimage\"},\"thumbnailUrl\":\"https:\/\/nembutalhouse.com\/wp-content\/uploads\/2024\/10\/3-cmc.gif\",\"datePublished\":\"2024-10-16T11:47:47+00:00\",\"dateModified\":\"2026-03-06T07:03:46+00:00\",\"description\":\"At our NembutalHouse, you can get 3cmc for sale at cheap rates. Here you can buy 3cmc online with high-quality from our store now with fast & secure shipping service. Order Now!\",\"breadcrumb\":{\"@id\":\"https:\/\/nembutalhouse.com\/product\/buy-3cmc-online\/#breadcrumb\"},\"inLanguage\":\"pt-PT\",\"potentialAction\":[{\"@type\":\"ReadAction\",\"target\":[\"https:\/\/nembutalhouse.com\/product\/buy-3cmc-online\/\"]}]},{\"@type\":\"ImageObject\",\"inLanguage\":\"pt-PT\",\"@id\":\"https:\/\/nembutalhouse.com\/product\/buy-3cmc-online\/#primaryimage\",\"url\":\"https:\/\/nembutalhouse.com\/wp-content\/uploads\/2024\/10\/3-cmc.gif\",\"contentUrl\":\"https:\/\/nembutalhouse.com\/wp-content\/uploads\/2024\/10\/3-cmc.gif\",\"width\":600,\"height\":600,\"caption\":\"Buy 3cmc Online\"},{\"@type\":\"BreadcrumbList\",\"@id\":\"https:\/\/nembutalhouse.com\/product\/buy-3cmc-online\/#breadcrumb\",\"itemListElement\":[{\"@type\":\"ListItem\",\"position\":1,\"name\":\"Home\",\"item\":\"https:\/\/nembutalhouse.com\/\"},{\"@type\":\"ListItem\",\"position\":2,\"name\":\"Shop\",\"item\":\"https:\/\/nembutalhouse.com\/shop\/\"},{\"@type\":\"ListItem\",\"position\":3,\"name\":\"Buy 3cmc Online\"}]},{\"@type\":\"WebSite\",\"@id\":\"https:\/\/nembutalhouse.com\/#website\",\"url\":\"https:\/\/nembutalhouse.com\/\",\"name\":\"Nembutal House\",\"description\":\"Best Nembutal Online Store\",\"publisher\":{\"@id\":\"https:\/\/nembutalhouse.com\/#organization\"},\"potentialAction\":[{\"@type\":\"SearchAction\",\"target\":{\"@type\":\"EntryPoint\",\"urlTemplate\":\"https:\/\/nembutalhouse.com\/?s={search_term_string}\"},\"query-input\":{\"@type\":\"PropertyValueSpecification\",\"valueRequired\":true,\"valueName\":\"search_term_string\"}}],\"inLanguage\":\"pt-PT\"},{\"@type\":\"Organization\",\"@id\":\"https:\/\/nembutalhouse.com\/#organization\",\"name\":\"Nembutal House\",\"url\":\"https:\/\/nembutalhouse.com\/\",\"logo\":{\"@type\":\"ImageObject\",\"inLanguage\":\"pt-PT\",\"@id\":\"https:\/\/nembutalhouse.com\/#\/schema\/logo\/image\/\",\"url\":\"https:\/\/nembutalhouse.com\/wp-content\/uploads\/2022\/12\/logo.png\",\"contentUrl\":\"https:\/\/nembutalhouse.com\/wp-content\/uploads\/2022\/12\/logo.png\",\"width\":344,\"height\":103,\"caption\":\"Nembutal House\"},\"image\":{\"@id\":\"https:\/\/nembutalhouse.com\/#\/schema\/logo\/image\/\"}}]}<\/script>\n<!-- \/ Yoast SEO plugin. -->","yoast_head_json":{"title":"Buy 3 CMC Online - 3 CMC for Sale - Order 3 CMC Online","description":"At our NembutalHouse, you can get 3cmc for sale at cheap rates. Here you can buy 3cmc online with high-quality from our store now with fast & secure shipping service. Order Now!","robots":{"index":"index","follow":"follow","max-snippet":"max-snippet:-1","max-image-preview":"max-image-preview:large","max-video-preview":"max-video-preview:-1"},"canonical":"https:\/\/nembutalhouse.com\/pt\/produto\/comprar-3cmc-online\/","og_locale":"pt_PT","og_type":"article","og_title":"Buy 3 CMC Online - 3 CMC for Sale - Order 3 CMC Online","og_description":"At our NembutalHouse, you can get 3cmc for sale at cheap rates. Here you can buy 3cmc online with high-quality from our store now with fast & secure shipping service. Order Now!","og_url":"https:\/\/nembutalhouse.com\/pt\/produto\/comprar-3cmc-online\/","og_site_name":"Nembutal House","article_modified_time":"2026-03-06T07:03:46+00:00","og_image":[{"width":600,"height":600,"url":"https:\/\/nembutalhouse.com\/wp-content\/uploads\/2024\/10\/3-cmc.gif","type":"image\/gif"}],"twitter_card":"summary_large_image","twitter_misc":{"Tempo estimado de leitura":"2 minutos"},"schema":{"@context":"https:\/\/schema.org","@graph":[{"@type":"WebPage","@id":"https:\/\/nembutalhouse.com\/product\/buy-3cmc-online\/","url":"https:\/\/nembutalhouse.com\/product\/buy-3cmc-online\/","name":"Buy 3 CMC Online - 3 CMC for Sale - Order 3 CMC Online","isPartOf":{"@id":"https:\/\/nembutalhouse.com\/#website"},"primaryImageOfPage":{"@id":"https:\/\/nembutalhouse.com\/product\/buy-3cmc-online\/#primaryimage"},"image":{"@id":"https:\/\/nembutalhouse.com\/product\/buy-3cmc-online\/#primaryimage"},"thumbnailUrl":"https:\/\/nembutalhouse.com\/wp-content\/uploads\/2024\/10\/3-cmc.gif","datePublished":"2024-10-16T11:47:47+00:00","dateModified":"2026-03-06T07:03:46+00:00","description":"At our NembutalHouse, you can get 3cmc for sale at cheap rates. Here you can buy 3cmc online with high-quality from our store now with fast & secure shipping service. Order Now!","breadcrumb":{"@id":"https:\/\/nembutalhouse.com\/product\/buy-3cmc-online\/#breadcrumb"},"inLanguage":"pt-PT","potentialAction":[{"@type":"ReadAction","target":["https:\/\/nembutalhouse.com\/product\/buy-3cmc-online\/"]}]},{"@type":"ImageObject","inLanguage":"pt-PT","@id":"https:\/\/nembutalhouse.com\/product\/buy-3cmc-online\/#primaryimage","url":"https:\/\/nembutalhouse.com\/wp-content\/uploads\/2024\/10\/3-cmc.gif","contentUrl":"https:\/\/nembutalhouse.com\/wp-content\/uploads\/2024\/10\/3-cmc.gif","width":600,"height":600,"caption":"Buy 3cmc Online"},{"@type":"BreadcrumbList","@id":"https:\/\/nembutalhouse.com\/product\/buy-3cmc-online\/#breadcrumb","itemListElement":[{"@type":"ListItem","position":1,"name":"Home","item":"https:\/\/nembutalhouse.com\/"},{"@type":"ListItem","position":2,"name":"Shop","item":"https:\/\/nembutalhouse.com\/shop\/"},{"@type":"ListItem","position":3,"name":"Buy 3cmc Online"}]},{"@type":"WebSite","@id":"https:\/\/nembutalhouse.com\/#website","url":"https:\/\/nembutalhouse.com\/","name":"Nembutal House","description":"Best Nembutal Online Store","publisher":{"@id":"https:\/\/nembutalhouse.com\/#organization"},"potentialAction":[{"@type":"SearchAction","target":{"@type":"EntryPoint","urlTemplate":"https:\/\/nembutalhouse.com\/?s={search_term_string}"},"query-input":{"@type":"PropertyValueSpecification","valueRequired":true,"valueName":"search_term_string"}}],"inLanguage":"pt-PT"},{"@type":"Organization","@id":"https:\/\/nembutalhouse.com\/#organization","name":"Nembutal House","url":"https:\/\/nembutalhouse.com\/","logo":{"@type":"ImageObject","inLanguage":"pt-PT","@id":"https:\/\/nembutalhouse.com\/#\/schema\/logo\/image\/","url":"https:\/\/nembutalhouse.com\/wp-content\/uploads\/2022\/12\/logo.png","contentUrl":"https:\/\/nembutalhouse.com\/wp-content\/uploads\/2022\/12\/logo.png","width":344,"height":103,"caption":"Nembutal House"},"image":{"@id":"https:\/\/nembutalhouse.com\/#\/schema\/logo\/image\/"}}]}},"_links":{"self":[{"href":"https:\/\/nembutalhouse.com\/pt\/wp-json\/wp\/v2\/product\/1108","targetHints":{"allow":["GET"]}}],"collection":[{"href":"https:\/\/nembutalhouse.com\/pt\/wp-json\/wp\/v2\/product"}],"about":[{"href":"https:\/\/nembutalhouse.com\/pt\/wp-json\/wp\/v2\/types\/product"}],"replies":[{"embeddable":true,"href":"https:\/\/nembutalhouse.com\/pt\/wp-json\/wp\/v2\/comments?post=1108"}],"wp:featuredmedia":[{"embeddable":true,"href":"https:\/\/nembutalhouse.com\/pt\/wp-json\/wp\/v2\/media\/1504"}],"wp:attachment":[{"href":"https:\/\/nembutalhouse.com\/pt\/wp-json\/wp\/v2\/media?parent=1108"}],"wp:term":[{"taxonomy":"product_cat","embeddable":true,"href":"https:\/\/nembutalhouse.com\/pt\/wp-json\/wp\/v2\/product_cat?post=1108"},{"taxonomy":"product_tag","embeddable":true,"href":"https:\/\/nembutalhouse.com\/pt\/wp-json\/wp\/v2\/product_tag?post=1108"}],"curies":[{"name":"wp","href":"https:\/\/api.w.org\/{rel}","templated":true}]}}