{"id":1105,"date":"2024-10-16T11:47:47","date_gmt":"2024-10-16T11:47:47","guid":{"rendered":"https:\/\/nembutalhouse.com\/?post_type=product&#038;p=1105"},"modified":"2026-03-06T07:02:23","modified_gmt":"2026-03-06T07:02:23","slug":"buy-2fdck-online","status":"publish","type":"product","link":"https:\/\/nembutalhouse.com\/pt\/produto\/comprar-2fdck-online\/","title":{"rendered":"Buy 2fdck Online"},"content":{"rendered":"<h2>Comprar 2FDCK online.<\/h2>\n<p><a href=\"https:\/\/nembutalhouse.com\/pt\/produto\/comprar-2fdck-online\/\">2-Fluorodesclorocetamina<\/a>O MXPP, por vezes referido como 2-Fl-2\u2032-Oxo-PCM, Fluorocetamina e 2-FDCK, \u00e9 um anest\u00e9sico dissociativo que pode ser adquirido online. \u00c9 uma cetamina simples em que o fl\u00faor substituiu o grupo cloro. O MXPP e o 2-fdck, frequentemente conhecido como fluorocetamina, s\u00e3o essencialmente permut\u00e1veis. As aplica\u00e7\u00f5es em medi\u00e7\u00e3o e pesquisa s\u00e3o sugeridas para este item. 2fdck barato para venda<\/p>\n<p>Narc\u00f3tico dissociativo, a 2-FDCK em p\u00f3 2-Fluorodesclorocetamina \u00e9 tamb\u00e9m conhecida por 2-Fl-2\u2032-Oxo-PCM, fluorocetamina e 2-FDCK. \u00c9 simplesmente cetamina em que o fl\u00faor tomou o lugar do grupo cloro.<\/p>\n<p>O 2-Fl-2\u2032-Oxo-PCM, tamb\u00e9m conhecido como 2-Fluorodesclorocetamina, 2-FDCK, e erroneamente como 2-Flurocetamina, Fluorocetamina e 2-FK, \u00e9 um novo agente dissociativo relativamente desconhecido pertencente \u00e0 classe das arilciclohexilaminas que, quando sob controlo, apresenta propriedades calmantes, dissociativas e alucinog\u00e9nias. Fundamentalmente, est\u00e1 associado \u00e0s arilciclohexilaminas.<\/p>\n<p>como a desclorocetamina e a cetamina, e \u00e9 dito ter efeitos semelhantes. Comprar 2FDCK online. <a href=\"https:\/\/nembutalhouse.com\/pt\/\">NembutalHouse<\/a><\/p>\n<h3>2-fdck dissociativo<\/h3>\n<p>\u00c0 semelhan\u00e7a de outras drogas dissociativas, os consumidores recreativos procuram-na sobretudo pelos seus efeitos estimulantes \"fora do corpo\", que s\u00e3o designados por \"seda\u00e7\u00e3o dissociativa\" (embora o grau em que tal ocorre seja essencialmente controlado). Est\u00e1 agora a ser vendida como um com\u00e9rcio est\u00e1vel de cetamina atrav\u00e9s de remetentes de subst\u00e2ncias online, onde foi disponibilizada pela primeira vez mais tarde. Comprar 2-FDCK online.<\/p>\n<p>A farmacologia, o metabolismo e as propriedades t\u00f3xicas da 2-fluorodesclorocetamina s\u00e3o quase completamente desconhecidos. A sua hist\u00f3ria de utiliza\u00e7\u00e3o por seres humanos \u00e9 notavelmente breve. Recomenda-se vivamente que, em caso de utiliza\u00e7\u00e3o desta droga, sejam seguidos procedimentos de redu\u00e7\u00e3o de danos. produtos legais de can\u00e1bis.<\/p>\n<p>Um rem\u00e9dio para as arilciclohexilaminas \u00e9 a 2-Fluorodesclorocetamina, tamb\u00e9m conhecida como 2-(2-Fluorofenil)- 2-metilamino-ciclohexanona. O nome \"arilciclohexilaminas\" prov\u00e9m da arquitetura destes medicamentos, que combinam um grupo amina com um anel de ciclohexano ligado a um anel perfumado. Em <a href=\"https:\/\/en.wikipedia.org\/wiki\/2-Fluorodeschloroketamine\">2-FDCK<\/a>O anel fenil est\u00e1 ligado a um anel ciclo-hexano substitu\u00eddo por um grupo cetona (ciclo-hexanona). O carbono alfa de liga\u00e7\u00e3o do anel de ciclo-hexanona (R2) est\u00e1 ligado a uma cadeia de amino-metilo (-N-CH3). Al\u00e9m disso, \u00e9 utilizada uma jun\u00e7\u00e3o de fl\u00faor para substituir o anel fenilo em R2.<\/p>\n<h3>Comprar 2-FDCK online.<\/h3>\n<p>2. O composto quiral fluorodescolorocetamina \u00e9 frequentemente expresso como um racemato. Em ci\u00eancia, o prefixo des- \u00e9 utilizado para denotar a aus\u00eancia de uma jun\u00e7\u00e3o ben\u00e9fica (neste caso, \"chloro\"). 2. A raz\u00e3o pela qual o FDCK \u00e9 nomeado assim \u00e9 porque seu anel fenil tem uma substitui\u00e7\u00e3o de fl\u00faor. em oposi\u00e7\u00e3o ao cloro presente na cetamina. Comprar 2-FDCK online.<\/p>\n<p>A 2-Fl-2\u2032-Oxo-PCM \u00e9 uma nova droga dissociativa menos conhecida da classe das arilciclohexilaminas que, quando coordenada, apresenta efeitos dissociativos, analg\u00e9sicos e alucinog\u00e9nios. \u00c9 tamb\u00e9m incorretamente designada por 2-flurocetamina, fluorocetamina e 2-FDCK.<\/p>\n<p>&nbsp;<\/p>\n<p>&nbsp;<\/p>","protected":false},"excerpt":{"rendered":"<p>Purchase 2FDCK online. 2-Fluorodeschloroketamine, sometimes referred to as 2-Fl-2\u2032-Oxo-PCM, Fluoroketamine, and 2-FDCK, is a dissociative anesthetic that can be purchased online. It is a straightforward ketamine in which fluorine has&hellip;<\/p>","protected":false},"featured_media":1609,"comment_status":"closed","ping_status":"closed","template":"","meta":{"_joinchat":[]},"product_cat":[186],"product_tag":[960,965,983,985,971,972,975,981,982,980,961,979,968,958,959,970,984,977,974,967,963,964,986,978,976,973,966,969,962],"class_list":{"0":"post-1105","1":"product","2":"type-product","3":"status-publish","4":"has-post-thumbnail","6":"product_cat-research-chemicals","7":"product_tag-2fdck-for-sale","8":"product_tag-2fdck-powder","9":"product_tag-2fdck-powder-for-cleaning","10":"product_tag-2fdck-powder-for-sale","11":"product_tag-2fdck-powder-online","12":"product_tag-2fdck-powder-price","13":"product_tag-2fdck-powder-store","14":"product_tag-2fdck-powder-use","15":"product_tag-2fdck-powder-wiki","16":"product_tag-2fdck-powder-worldwide","17":"product_tag-2fdck-supplier","18":"product_tag-best-cheap-price-2fdck-powder","19":"product_tag-best-place-to-buy-2fdck-powder","20":"product_tag-buy-2fdck","21":"product_tag-buy-2fdck-online","22":"product_tag-buy-2fdck-powder-legally","23":"product_tag-buy-2fdck-powder-online","24":"product_tag-cheap-2fdck-powders","25":"product_tag-high-quality-2fdck-powder","26":"product_tag-how-to-buy-2fdck-powder","27":"product_tag-order-2fdck","28":"product_tag-order-2fdck-online","29":"product_tag-order-2fdck-powder","30":"product_tag-purcharse-2fdck-powder-powder","31":"product_tag-shop-2fdck-powder","32":"product_tag-top-quality-2fdck-powder","33":"product_tag-where-to-buy-2fdck-powder","34":"product_tag-where-to-order-2fdck-powder","35":"product_tag-wholesale-2fdck-bulk-online","37":"first","38":"instock","39":"shipping-taxable","40":"purchasable","41":"product-type-variable","42":"has-default-attributes"},"yoast_head":"<!-- This site is optimized with the Yoast SEO plugin v24.1 - https:\/\/yoast.com\/wordpress\/plugins\/seo\/ -->\n<title>2FDCK for Sale - Buy 2FDCK Powder Online | NembutalHouse<\/title>\n<meta name=\"description\" content=\"Explore our online store for 2fdck for sale, offering high-quality 2fdck powder. Buy 2fdckonline securely and embark on your research journey with confidence.\" \/>\n<meta name=\"robots\" content=\"index, follow, max-snippet:-1, max-image-preview:large, max-video-preview:-1\" \/>\n<link rel=\"canonical\" href=\"https:\/\/nembutalhouse.com\/pt\/produto\/comprar-2fdck-online\/\" \/>\n<meta property=\"og:locale\" content=\"pt_PT\" \/>\n<meta property=\"og:type\" content=\"article\" \/>\n<meta property=\"og:title\" content=\"2FDCK for Sale - Buy 2FDCK Powder Online | NembutalHouse\" \/>\n<meta property=\"og:description\" content=\"Explore our online store for 2fdck for sale, offering high-quality 2fdck powder. Buy 2fdckonline securely and embark on your research journey with confidence.\" \/>\n<meta property=\"og:url\" content=\"https:\/\/nembutalhouse.com\/pt\/produto\/comprar-2fdck-online\/\" \/>\n<meta property=\"og:site_name\" content=\"Nembutal House\" \/>\n<meta property=\"article:modified_time\" content=\"2026-03-06T07:02:23+00:00\" \/>\n<meta property=\"og:image\" content=\"https:\/\/nembutalhouse.com\/wp-content\/uploads\/2024\/10\/2fdck-1.gif\" \/>\n\t<meta property=\"og:image:width\" content=\"600\" \/>\n\t<meta property=\"og:image:height\" content=\"600\" \/>\n\t<meta property=\"og:image:type\" content=\"image\/gif\" \/>\n<meta name=\"twitter:card\" content=\"summary_large_image\" \/>\n<meta name=\"twitter:label1\" content=\"Tempo estimado de leitura\" \/>\n\t<meta name=\"twitter:data1\" content=\"3 minutos\" \/>\n<script type=\"application\/ld+json\" class=\"yoast-schema-graph\">{\"@context\":\"https:\/\/schema.org\",\"@graph\":[{\"@type\":\"WebPage\",\"@id\":\"https:\/\/nembutalhouse.com\/product\/buy-2fdck-online\/\",\"url\":\"https:\/\/nembutalhouse.com\/product\/buy-2fdck-online\/\",\"name\":\"2FDCK for Sale - Buy 2FDCK Powder Online | NembutalHouse\",\"isPartOf\":{\"@id\":\"https:\/\/nembutalhouse.com\/#website\"},\"primaryImageOfPage\":{\"@id\":\"https:\/\/nembutalhouse.com\/product\/buy-2fdck-online\/#primaryimage\"},\"image\":{\"@id\":\"https:\/\/nembutalhouse.com\/product\/buy-2fdck-online\/#primaryimage\"},\"thumbnailUrl\":\"https:\/\/nembutalhouse.com\/wp-content\/uploads\/2024\/10\/2fdck-1.gif\",\"datePublished\":\"2024-10-16T11:47:47+00:00\",\"dateModified\":\"2026-03-06T07:02:23+00:00\",\"description\":\"Explore our online store for 2fdck for sale, offering high-quality 2fdck powder. Buy 2fdckonline securely and embark on your research journey with confidence.\",\"breadcrumb\":{\"@id\":\"https:\/\/nembutalhouse.com\/product\/buy-2fdck-online\/#breadcrumb\"},\"inLanguage\":\"pt-PT\",\"potentialAction\":[{\"@type\":\"ReadAction\",\"target\":[\"https:\/\/nembutalhouse.com\/product\/buy-2fdck-online\/\"]}]},{\"@type\":\"ImageObject\",\"inLanguage\":\"pt-PT\",\"@id\":\"https:\/\/nembutalhouse.com\/product\/buy-2fdck-online\/#primaryimage\",\"url\":\"https:\/\/nembutalhouse.com\/wp-content\/uploads\/2024\/10\/2fdck-1.gif\",\"contentUrl\":\"https:\/\/nembutalhouse.com\/wp-content\/uploads\/2024\/10\/2fdck-1.gif\",\"width\":600,\"height\":600,\"caption\":\"Buy 2fdck Online\"},{\"@type\":\"BreadcrumbList\",\"@id\":\"https:\/\/nembutalhouse.com\/product\/buy-2fdck-online\/#breadcrumb\",\"itemListElement\":[{\"@type\":\"ListItem\",\"position\":1,\"name\":\"Home\",\"item\":\"https:\/\/nembutalhouse.com\/\"},{\"@type\":\"ListItem\",\"position\":2,\"name\":\"Shop\",\"item\":\"https:\/\/nembutalhouse.com\/shop\/\"},{\"@type\":\"ListItem\",\"position\":3,\"name\":\"Buy 2fdck Online\"}]},{\"@type\":\"WebSite\",\"@id\":\"https:\/\/nembutalhouse.com\/#website\",\"url\":\"https:\/\/nembutalhouse.com\/\",\"name\":\"Nembutal House\",\"description\":\"Best Nembutal Online Store\",\"publisher\":{\"@id\":\"https:\/\/nembutalhouse.com\/#organization\"},\"potentialAction\":[{\"@type\":\"SearchAction\",\"target\":{\"@type\":\"EntryPoint\",\"urlTemplate\":\"https:\/\/nembutalhouse.com\/?s={search_term_string}\"},\"query-input\":{\"@type\":\"PropertyValueSpecification\",\"valueRequired\":true,\"valueName\":\"search_term_string\"}}],\"inLanguage\":\"pt-PT\"},{\"@type\":\"Organization\",\"@id\":\"https:\/\/nembutalhouse.com\/#organization\",\"name\":\"Nembutal House\",\"url\":\"https:\/\/nembutalhouse.com\/\",\"logo\":{\"@type\":\"ImageObject\",\"inLanguage\":\"pt-PT\",\"@id\":\"https:\/\/nembutalhouse.com\/#\/schema\/logo\/image\/\",\"url\":\"https:\/\/nembutalhouse.com\/wp-content\/uploads\/2022\/12\/logo.png\",\"contentUrl\":\"https:\/\/nembutalhouse.com\/wp-content\/uploads\/2022\/12\/logo.png\",\"width\":344,\"height\":103,\"caption\":\"Nembutal House\"},\"image\":{\"@id\":\"https:\/\/nembutalhouse.com\/#\/schema\/logo\/image\/\"}}]}<\/script>\n<!-- \/ Yoast SEO plugin. -->","yoast_head_json":{"title":"2FDCK for Sale - Buy 2FDCK Powder Online | NembutalHouse","description":"Explore our online store for 2fdck for sale, offering high-quality 2fdck powder. Buy 2fdckonline securely and embark on your research journey with confidence.","robots":{"index":"index","follow":"follow","max-snippet":"max-snippet:-1","max-image-preview":"max-image-preview:large","max-video-preview":"max-video-preview:-1"},"canonical":"https:\/\/nembutalhouse.com\/pt\/produto\/comprar-2fdck-online\/","og_locale":"pt_PT","og_type":"article","og_title":"2FDCK for Sale - Buy 2FDCK Powder Online | NembutalHouse","og_description":"Explore our online store for 2fdck for sale, offering high-quality 2fdck powder. Buy 2fdckonline securely and embark on your research journey with confidence.","og_url":"https:\/\/nembutalhouse.com\/pt\/produto\/comprar-2fdck-online\/","og_site_name":"Nembutal House","article_modified_time":"2026-03-06T07:02:23+00:00","og_image":[{"width":600,"height":600,"url":"https:\/\/nembutalhouse.com\/wp-content\/uploads\/2024\/10\/2fdck-1.gif","type":"image\/gif"}],"twitter_card":"summary_large_image","twitter_misc":{"Tempo estimado de leitura":"3 minutos"},"schema":{"@context":"https:\/\/schema.org","@graph":[{"@type":"WebPage","@id":"https:\/\/nembutalhouse.com\/product\/buy-2fdck-online\/","url":"https:\/\/nembutalhouse.com\/product\/buy-2fdck-online\/","name":"2FDCK for Sale - Buy 2FDCK Powder Online | NembutalHouse","isPartOf":{"@id":"https:\/\/nembutalhouse.com\/#website"},"primaryImageOfPage":{"@id":"https:\/\/nembutalhouse.com\/product\/buy-2fdck-online\/#primaryimage"},"image":{"@id":"https:\/\/nembutalhouse.com\/product\/buy-2fdck-online\/#primaryimage"},"thumbnailUrl":"https:\/\/nembutalhouse.com\/wp-content\/uploads\/2024\/10\/2fdck-1.gif","datePublished":"2024-10-16T11:47:47+00:00","dateModified":"2026-03-06T07:02:23+00:00","description":"Explore our online store for 2fdck for sale, offering high-quality 2fdck powder. Buy 2fdckonline securely and embark on your research journey with confidence.","breadcrumb":{"@id":"https:\/\/nembutalhouse.com\/product\/buy-2fdck-online\/#breadcrumb"},"inLanguage":"pt-PT","potentialAction":[{"@type":"ReadAction","target":["https:\/\/nembutalhouse.com\/product\/buy-2fdck-online\/"]}]},{"@type":"ImageObject","inLanguage":"pt-PT","@id":"https:\/\/nembutalhouse.com\/product\/buy-2fdck-online\/#primaryimage","url":"https:\/\/nembutalhouse.com\/wp-content\/uploads\/2024\/10\/2fdck-1.gif","contentUrl":"https:\/\/nembutalhouse.com\/wp-content\/uploads\/2024\/10\/2fdck-1.gif","width":600,"height":600,"caption":"Buy 2fdck Online"},{"@type":"BreadcrumbList","@id":"https:\/\/nembutalhouse.com\/product\/buy-2fdck-online\/#breadcrumb","itemListElement":[{"@type":"ListItem","position":1,"name":"Home","item":"https:\/\/nembutalhouse.com\/"},{"@type":"ListItem","position":2,"name":"Shop","item":"https:\/\/nembutalhouse.com\/shop\/"},{"@type":"ListItem","position":3,"name":"Buy 2fdck Online"}]},{"@type":"WebSite","@id":"https:\/\/nembutalhouse.com\/#website","url":"https:\/\/nembutalhouse.com\/","name":"Nembutal House","description":"Best Nembutal Online Store","publisher":{"@id":"https:\/\/nembutalhouse.com\/#organization"},"potentialAction":[{"@type":"SearchAction","target":{"@type":"EntryPoint","urlTemplate":"https:\/\/nembutalhouse.com\/?s={search_term_string}"},"query-input":{"@type":"PropertyValueSpecification","valueRequired":true,"valueName":"search_term_string"}}],"inLanguage":"pt-PT"},{"@type":"Organization","@id":"https:\/\/nembutalhouse.com\/#organization","name":"Nembutal House","url":"https:\/\/nembutalhouse.com\/","logo":{"@type":"ImageObject","inLanguage":"pt-PT","@id":"https:\/\/nembutalhouse.com\/#\/schema\/logo\/image\/","url":"https:\/\/nembutalhouse.com\/wp-content\/uploads\/2022\/12\/logo.png","contentUrl":"https:\/\/nembutalhouse.com\/wp-content\/uploads\/2022\/12\/logo.png","width":344,"height":103,"caption":"Nembutal House"},"image":{"@id":"https:\/\/nembutalhouse.com\/#\/schema\/logo\/image\/"}}]}},"_links":{"self":[{"href":"https:\/\/nembutalhouse.com\/pt\/wp-json\/wp\/v2\/product\/1105","targetHints":{"allow":["GET"]}}],"collection":[{"href":"https:\/\/nembutalhouse.com\/pt\/wp-json\/wp\/v2\/product"}],"about":[{"href":"https:\/\/nembutalhouse.com\/pt\/wp-json\/wp\/v2\/types\/product"}],"replies":[{"embeddable":true,"href":"https:\/\/nembutalhouse.com\/pt\/wp-json\/wp\/v2\/comments?post=1105"}],"wp:featuredmedia":[{"embeddable":true,"href":"https:\/\/nembutalhouse.com\/pt\/wp-json\/wp\/v2\/media\/1609"}],"wp:attachment":[{"href":"https:\/\/nembutalhouse.com\/pt\/wp-json\/wp\/v2\/media?parent=1105"}],"wp:term":[{"taxonomy":"product_cat","embeddable":true,"href":"https:\/\/nembutalhouse.com\/pt\/wp-json\/wp\/v2\/product_cat?post=1105"},{"taxonomy":"product_tag","embeddable":true,"href":"https:\/\/nembutalhouse.com\/pt\/wp-json\/wp\/v2\/product_tag?post=1105"}],"curies":[{"name":"wp","href":"https:\/\/api.w.org\/{rel}","templated":true}]}}