{"id":1103,"date":"2024-10-16T11:47:46","date_gmt":"2024-10-16T11:47:46","guid":{"rendered":"https:\/\/nembutalhouse.com\/?post_type=product&#038;p=1103"},"modified":"2026-03-06T07:34:41","modified_gmt":"2026-03-06T07:34:41","slug":"buy-4mmc-online","status":"publish","type":"product","link":"https:\/\/nembutalhouse.com\/pt\/produto\/buy-4mmc-online\/","title":{"rendered":"Buy 4mmc Online"},"content":{"rendered":"<h2>Buy 4mmc Online<\/h2>\n<p>Est\u00e1 a tentar encontrar um local de confian\u00e7a para obter 2-MMC Hydrochloride para os seus estudos? S\u00f3 precisa de consultar a NembutalHouse! Temos o prazer de lhe fornecer um post de blogue SEO descrevendo as muitas raz\u00f5es para usar Fresh Chems como seu fornecedor de cloridrato de 2-MMC. Somos os orgulhosos propriet\u00e1rios de <a href=\"https:\/\/nembutalhouse.com\/pt\/\">NembutalHouse<\/a>. Continue a ler para ficar a conhecer as excelentes carater\u00edsticas das nossas ofertas e a nossa dedica\u00e7\u00e3o \u00e0 entrega internacional.<\/p>\n<p>Excelente qualidade do produto: Para satisfazer os requisitos exigentes de cientistas e investigadores, n\u00f3s na NembutalHouse damos uma elevada prioridade ao calibre dos nossos produtos qu\u00edmicos de investiga\u00e7\u00e3o. Para garantir a pureza, autenticidade e consist\u00eancia, o nosso Cloridrato de 2-MMC \u00e9 fornecido por fornecedores fi\u00e1veis e passa por rigorosos procedimentos de controlo de qualidade. Pode ter a certeza de que a NembutalHouse lhe est\u00e1 a fornecer um artigo de alta qualidade para a sua investiga\u00e7\u00e3o cient\u00edfica.<\/p>\n<h3>Ampla sele\u00e7\u00e3o de produtos qu\u00edmicos de investiga\u00e7\u00e3o:<\/h3>\n<p>Para satisfazer o vasto espetro de exig\u00eancias da comunidade cient\u00edfica, a NembutalHouse orgulha-se de fornecer uma escolha diversificada de produtos qu\u00edmicos para investiga\u00e7\u00e3o. Para al\u00e9m do cloridrato de 4-MMC, a nossa loja online oferece uma vasta gama de outros produtos qu\u00edmicos de qualidade superior para investiga\u00e7\u00e3o. O nosso objetivo \u00e9 tornarmo-nos a sua fonte de refer\u00eancia para todas e quaisquer necessidades de produtos qu\u00edmicos de investiga\u00e7\u00e3o.<\/p>\n<h3>Envio internacional:<\/h3>\n<p>A NembutalHouse garante que pode obter os nossos excelentes artigos a partir de qualquer lugar. Fornecemos servi\u00e7os de envio internacional fi\u00e1veis que ter\u00e3o <a href=\"https:\/\/nembutalhouse.com\/pt\/produto\/buy-4mmc-online\/\">4-MMC<\/a> Hydrochloride e outros produtos qu\u00edmicos de investiga\u00e7\u00e3o entregues diretamente \u00e0 sua porta. As suas encomendas chegar\u00e3o prontamente e em seguran\u00e7a gra\u00e7as \u00e0 nossa abordagem de envio discreta, segura e eficaz. Devido ao nosso alcance mundial, acad\u00e9micos de todo o mundo<\/p>\n<p>pode ganhar com a utiliza\u00e7\u00e3o dos nossos produtos qu\u00edmicos de investiga\u00e7\u00e3o de primeira qualidade.<\/p>\n<h3>fornecedor fi\u00e1vel e digno de confian\u00e7a<\/h3>\n<p>A NembutalHouse solidificou a sua posi\u00e7\u00e3o como uma fonte fi\u00e1vel e segura de produtos qu\u00edmicos para investiga\u00e7\u00e3o. Como propriet\u00e1rios da NembutalHouse, prestamos servi\u00e7os \u00e0 comunidade cient\u00edfica h\u00e1 muitos anos, conquistando o respeito e a lealdade dos nossos clientes. A nossa dedica\u00e7\u00e3o em fornecer um excelente servi\u00e7o ao cliente, produtos de alta qualidade e entrega atempada estabeleceu-nos como um recurso global l\u00edder para acad\u00e9micos. Ao trabalhar com a NembutalHouse, pode confiar no nosso profissionalismo e empenho nas suas actividades cient\u00edficas.<\/p>\n<h3>Pre\u00e7os competitivos:<\/h3>\n<p>Estamos conscientes de como a acessibilidade \u00e9 crucial para os investigadores. Com os nossos pre\u00e7os acess\u00edveis, a NembutalHouse garante que os nossos clientes tiram o m\u00e1ximo partido do seu investimento. Para al\u00e9m de oferecer produtos de primeira qualidade <a href=\"https:\/\/en.wikipedia.org\/wiki\/Mephedrone\">4-MMC<\/a> Hydrochloride e outros produtos qu\u00edmicos de investiga\u00e7\u00e3o, trabalhamos arduamente para manter<\/p>\n<p>Os nossos custos s\u00e3o razo\u00e1veis, permitindo que os cientistas continuem os seus estudos sem se preocuparem com dinheiro. Pode comprar produtos qu\u00edmicos de investiga\u00e7\u00e3o de primeira qualidade na NembutalHouse sem ultrapassar o seu or\u00e7amento.<\/p>\n<h3>Assist\u00eancia ao cliente empenhada:<\/h3>\n<p>As exig\u00eancias dos clientes s\u00e3o a nossa principal prioridade na Fresh Chems. Se voc\u00ea tiver alguma d\u00favida, problema ou conselho sobre Cloridrato de 4-MMC ou qualquer outro produto qu\u00edmico de pesquisa, nossa equipe de atendimento ao cliente est\u00e1 aqui para ajudar. Comprometemo-nos a fornecer um servi\u00e7o ao cliente atempado e individualizado.<\/p>\n<p>garantindo a cada cliente um encontro perfeito e gratificante. O nosso principal objetivo \u00e9 garantir a sua satisfa\u00e7\u00e3o.<\/p>\n<h3>Em resumo:<\/h3>\n<p>A NembutalHouse \u00e9 uma fonte fi\u00e1vel de cloridrato de 4-MMC e outros produtos qu\u00edmicos de investiga\u00e7\u00e3o que pode comprar online. Com a nossa dedica\u00e7\u00e3o inabal\u00e1vel \u00e0 excel\u00eancia do produto, grande sele\u00e7\u00e3o de produtos qu\u00edmicos de investiga\u00e7\u00e3o, servi\u00e7os de entrega internacional e confian\u00e7a<\/p>\n<p>Com a nossa excelente reputa\u00e7\u00e3o, pre\u00e7os acess\u00edveis e servi\u00e7o ao cliente empenhado, o nosso objetivo \u00e9 satisfazer e ultrapassar as suas expectativas. Encomende agora na NembutalHouse para realizar todo o potencial da sua investiga\u00e7\u00e3o cient\u00edfica.<\/p>\n<p>&nbsp;<\/p>\n<p>&nbsp;<\/p>","protected":false},"excerpt":{"rendered":"<p>Buy 4mmc Online Are you trying to find a trustworthy place to get 2-MMC Hydrochloride for your studies? You only need to check out NembutalHouse! We are thrilled to provide&hellip;<\/p>","protected":false},"featured_media":1506,"comment_status":"closed","ping_status":"closed","template":"","meta":{"_joinchat":[]},"product_cat":[186],"product_tag":[902,907,925,927,913,914,917,923,924,922,903,921,910,900,901,912,926,919,916,909,905,906,928,920,918,915,908,911,904],"class_list":{"0":"post-1103","1":"product","2":"type-product","3":"status-publish","4":"has-post-thumbnail","6":"product_cat-research-chemicals","7":"product_tag-4mmc-for-sale","8":"product_tag-4mmc-powder","9":"product_tag-4mmc-powder-for-cleaning","10":"product_tag-4mmc-powder-for-sale","11":"product_tag-4mmc-powder-online","12":"product_tag-4mmc-powder-price","13":"product_tag-4mmc-powder-store","14":"product_tag-4mmc-powder-use","15":"product_tag-4mmc-powder-wiki","16":"product_tag-4mmc-powder-worldwide","17":"product_tag-4mmc-supplier","18":"product_tag-best-cheap-price-4mmc-powder","19":"product_tag-best-place-to-buy-4mmc-powder","20":"product_tag-buy-4mmc","21":"product_tag-buy-4mmc-online","22":"product_tag-buy-4mmc-powder-legally","23":"product_tag-buy-4mmc-powder-online","24":"product_tag-cheap-4mmc-powders","25":"product_tag-high-quality-4mmc-powder","26":"product_tag-how-to-buy-4mmc-powder","27":"product_tag-order-4mmc","28":"product_tag-order-4mmc-online","29":"product_tag-order-4mmc-powder","30":"product_tag-purcharse-4mmc-powder-powder","31":"product_tag-shop-4mmc-powder","32":"product_tag-top-quality-4mmc-powder","33":"product_tag-where-to-buy-4mmc-powder","34":"product_tag-where-to-order-4mmc-powder","35":"product_tag-wholesale-4mmc-bulk-online","37":"first","38":"instock","39":"shipping-taxable","40":"purchasable","41":"product-type-variable"},"yoast_head":"<!-- This site is optimized with the Yoast SEO plugin v24.1 - https:\/\/yoast.com\/wordpress\/plugins\/seo\/ -->\n<title>Buy 4MMC Online - 4MMC for Sale - Order 4MMC Online<\/title>\n<meta name=\"description\" content=\"If you want to buy 4mmc online and looking for a reliable online store, then buy here. We offer only high-quality 4mmc for sale at an affordable price. Order 4mmcNow!\" \/>\n<meta name=\"robots\" content=\"index, follow, max-snippet:-1, max-image-preview:large, max-video-preview:-1\" \/>\n<link rel=\"canonical\" href=\"https:\/\/nembutalhouse.com\/pt\/produto\/buy-4mmc-online\/\" \/>\n<meta property=\"og:locale\" content=\"pt_PT\" \/>\n<meta property=\"og:type\" content=\"article\" \/>\n<meta property=\"og:title\" content=\"Buy 4MMC Online - 4MMC for Sale - Order 4MMC Online\" \/>\n<meta property=\"og:description\" content=\"If you want to buy 4mmc online and looking for a reliable online store, then buy here. We offer only high-quality 4mmc for sale at an affordable price. Order 4mmcNow!\" \/>\n<meta property=\"og:url\" content=\"https:\/\/nembutalhouse.com\/pt\/produto\/buy-4mmc-online\/\" \/>\n<meta property=\"og:site_name\" content=\"Nembutal House\" \/>\n<meta property=\"article:modified_time\" content=\"2026-03-06T07:34:41+00:00\" \/>\n<meta property=\"og:image\" content=\"https:\/\/nembutalhouse.com\/wp-content\/uploads\/2024\/10\/4mmc.gif\" \/>\n\t<meta property=\"og:image:width\" content=\"600\" \/>\n\t<meta property=\"og:image:height\" content=\"600\" \/>\n\t<meta property=\"og:image:type\" content=\"image\/gif\" \/>\n<meta name=\"twitter:card\" content=\"summary_large_image\" \/>\n<meta name=\"twitter:label1\" content=\"Tempo estimado de leitura\" \/>\n\t<meta name=\"twitter:data1\" content=\"3 minutos\" \/>\n<script type=\"application\/ld+json\" class=\"yoast-schema-graph\">{\"@context\":\"https:\/\/schema.org\",\"@graph\":[{\"@type\":\"WebPage\",\"@id\":\"https:\/\/nembutalhouse.com\/product\/buy-4mmc-online\/\",\"url\":\"https:\/\/nembutalhouse.com\/product\/buy-4mmc-online\/\",\"name\":\"Buy 4MMC Online - 4MMC for Sale - Order 4MMC Online\",\"isPartOf\":{\"@id\":\"https:\/\/nembutalhouse.com\/#website\"},\"primaryImageOfPage\":{\"@id\":\"https:\/\/nembutalhouse.com\/product\/buy-4mmc-online\/#primaryimage\"},\"image\":{\"@id\":\"https:\/\/nembutalhouse.com\/product\/buy-4mmc-online\/#primaryimage\"},\"thumbnailUrl\":\"https:\/\/nembutalhouse.com\/wp-content\/uploads\/2024\/10\/4mmc.gif\",\"datePublished\":\"2024-10-16T11:47:46+00:00\",\"dateModified\":\"2026-03-06T07:34:41+00:00\",\"description\":\"If you want to buy 4mmc online and looking for a reliable online store, then buy here. We offer only high-quality 4mmc for sale at an affordable price. Order 4mmcNow!\",\"breadcrumb\":{\"@id\":\"https:\/\/nembutalhouse.com\/product\/buy-4mmc-online\/#breadcrumb\"},\"inLanguage\":\"pt-PT\",\"potentialAction\":[{\"@type\":\"ReadAction\",\"target\":[\"https:\/\/nembutalhouse.com\/product\/buy-4mmc-online\/\"]}]},{\"@type\":\"ImageObject\",\"inLanguage\":\"pt-PT\",\"@id\":\"https:\/\/nembutalhouse.com\/product\/buy-4mmc-online\/#primaryimage\",\"url\":\"https:\/\/nembutalhouse.com\/wp-content\/uploads\/2024\/10\/4mmc.gif\",\"contentUrl\":\"https:\/\/nembutalhouse.com\/wp-content\/uploads\/2024\/10\/4mmc.gif\",\"width\":600,\"height\":600,\"caption\":\"Buy 4mmc Online\"},{\"@type\":\"BreadcrumbList\",\"@id\":\"https:\/\/nembutalhouse.com\/product\/buy-4mmc-online\/#breadcrumb\",\"itemListElement\":[{\"@type\":\"ListItem\",\"position\":1,\"name\":\"Home\",\"item\":\"https:\/\/nembutalhouse.com\/\"},{\"@type\":\"ListItem\",\"position\":2,\"name\":\"Shop\",\"item\":\"https:\/\/nembutalhouse.com\/shop\/\"},{\"@type\":\"ListItem\",\"position\":3,\"name\":\"Buy 4mmc Online\"}]},{\"@type\":\"WebSite\",\"@id\":\"https:\/\/nembutalhouse.com\/#website\",\"url\":\"https:\/\/nembutalhouse.com\/\",\"name\":\"Nembutal House\",\"description\":\"Best Nembutal Online Store\",\"publisher\":{\"@id\":\"https:\/\/nembutalhouse.com\/#organization\"},\"potentialAction\":[{\"@type\":\"SearchAction\",\"target\":{\"@type\":\"EntryPoint\",\"urlTemplate\":\"https:\/\/nembutalhouse.com\/?s={search_term_string}\"},\"query-input\":{\"@type\":\"PropertyValueSpecification\",\"valueRequired\":true,\"valueName\":\"search_term_string\"}}],\"inLanguage\":\"pt-PT\"},{\"@type\":\"Organization\",\"@id\":\"https:\/\/nembutalhouse.com\/#organization\",\"name\":\"Nembutal House\",\"url\":\"https:\/\/nembutalhouse.com\/\",\"logo\":{\"@type\":\"ImageObject\",\"inLanguage\":\"pt-PT\",\"@id\":\"https:\/\/nembutalhouse.com\/#\/schema\/logo\/image\/\",\"url\":\"https:\/\/nembutalhouse.com\/wp-content\/uploads\/2022\/12\/logo.png\",\"contentUrl\":\"https:\/\/nembutalhouse.com\/wp-content\/uploads\/2022\/12\/logo.png\",\"width\":344,\"height\":103,\"caption\":\"Nembutal House\"},\"image\":{\"@id\":\"https:\/\/nembutalhouse.com\/#\/schema\/logo\/image\/\"}}]}<\/script>\n<!-- \/ Yoast SEO plugin. -->","yoast_head_json":{"title":"Buy 4MMC Online - 4MMC for Sale - Order 4MMC Online","description":"If you want to buy 4mmc online and looking for a reliable online store, then buy here. We offer only high-quality 4mmc for sale at an affordable price. Order 4mmcNow!","robots":{"index":"index","follow":"follow","max-snippet":"max-snippet:-1","max-image-preview":"max-image-preview:large","max-video-preview":"max-video-preview:-1"},"canonical":"https:\/\/nembutalhouse.com\/pt\/produto\/buy-4mmc-online\/","og_locale":"pt_PT","og_type":"article","og_title":"Buy 4MMC Online - 4MMC for Sale - Order 4MMC Online","og_description":"If you want to buy 4mmc online and looking for a reliable online store, then buy here. We offer only high-quality 4mmc for sale at an affordable price. Order 4mmcNow!","og_url":"https:\/\/nembutalhouse.com\/pt\/produto\/buy-4mmc-online\/","og_site_name":"Nembutal House","article_modified_time":"2026-03-06T07:34:41+00:00","og_image":[{"width":600,"height":600,"url":"https:\/\/nembutalhouse.com\/wp-content\/uploads\/2024\/10\/4mmc.gif","type":"image\/gif"}],"twitter_card":"summary_large_image","twitter_misc":{"Tempo estimado de leitura":"3 minutos"},"schema":{"@context":"https:\/\/schema.org","@graph":[{"@type":"WebPage","@id":"https:\/\/nembutalhouse.com\/product\/buy-4mmc-online\/","url":"https:\/\/nembutalhouse.com\/product\/buy-4mmc-online\/","name":"Buy 4MMC Online - 4MMC for Sale - Order 4MMC Online","isPartOf":{"@id":"https:\/\/nembutalhouse.com\/#website"},"primaryImageOfPage":{"@id":"https:\/\/nembutalhouse.com\/product\/buy-4mmc-online\/#primaryimage"},"image":{"@id":"https:\/\/nembutalhouse.com\/product\/buy-4mmc-online\/#primaryimage"},"thumbnailUrl":"https:\/\/nembutalhouse.com\/wp-content\/uploads\/2024\/10\/4mmc.gif","datePublished":"2024-10-16T11:47:46+00:00","dateModified":"2026-03-06T07:34:41+00:00","description":"If you want to buy 4mmc online and looking for a reliable online store, then buy here. We offer only high-quality 4mmc for sale at an affordable price. Order 4mmcNow!","breadcrumb":{"@id":"https:\/\/nembutalhouse.com\/product\/buy-4mmc-online\/#breadcrumb"},"inLanguage":"pt-PT","potentialAction":[{"@type":"ReadAction","target":["https:\/\/nembutalhouse.com\/product\/buy-4mmc-online\/"]}]},{"@type":"ImageObject","inLanguage":"pt-PT","@id":"https:\/\/nembutalhouse.com\/product\/buy-4mmc-online\/#primaryimage","url":"https:\/\/nembutalhouse.com\/wp-content\/uploads\/2024\/10\/4mmc.gif","contentUrl":"https:\/\/nembutalhouse.com\/wp-content\/uploads\/2024\/10\/4mmc.gif","width":600,"height":600,"caption":"Buy 4mmc Online"},{"@type":"BreadcrumbList","@id":"https:\/\/nembutalhouse.com\/product\/buy-4mmc-online\/#breadcrumb","itemListElement":[{"@type":"ListItem","position":1,"name":"Home","item":"https:\/\/nembutalhouse.com\/"},{"@type":"ListItem","position":2,"name":"Shop","item":"https:\/\/nembutalhouse.com\/shop\/"},{"@type":"ListItem","position":3,"name":"Buy 4mmc Online"}]},{"@type":"WebSite","@id":"https:\/\/nembutalhouse.com\/#website","url":"https:\/\/nembutalhouse.com\/","name":"Nembutal House","description":"Best Nembutal Online Store","publisher":{"@id":"https:\/\/nembutalhouse.com\/#organization"},"potentialAction":[{"@type":"SearchAction","target":{"@type":"EntryPoint","urlTemplate":"https:\/\/nembutalhouse.com\/?s={search_term_string}"},"query-input":{"@type":"PropertyValueSpecification","valueRequired":true,"valueName":"search_term_string"}}],"inLanguage":"pt-PT"},{"@type":"Organization","@id":"https:\/\/nembutalhouse.com\/#organization","name":"Nembutal House","url":"https:\/\/nembutalhouse.com\/","logo":{"@type":"ImageObject","inLanguage":"pt-PT","@id":"https:\/\/nembutalhouse.com\/#\/schema\/logo\/image\/","url":"https:\/\/nembutalhouse.com\/wp-content\/uploads\/2022\/12\/logo.png","contentUrl":"https:\/\/nembutalhouse.com\/wp-content\/uploads\/2022\/12\/logo.png","width":344,"height":103,"caption":"Nembutal House"},"image":{"@id":"https:\/\/nembutalhouse.com\/#\/schema\/logo\/image\/"}}]}},"_links":{"self":[{"href":"https:\/\/nembutalhouse.com\/pt\/wp-json\/wp\/v2\/product\/1103","targetHints":{"allow":["GET"]}}],"collection":[{"href":"https:\/\/nembutalhouse.com\/pt\/wp-json\/wp\/v2\/product"}],"about":[{"href":"https:\/\/nembutalhouse.com\/pt\/wp-json\/wp\/v2\/types\/product"}],"replies":[{"embeddable":true,"href":"https:\/\/nembutalhouse.com\/pt\/wp-json\/wp\/v2\/comments?post=1103"}],"wp:featuredmedia":[{"embeddable":true,"href":"https:\/\/nembutalhouse.com\/pt\/wp-json\/wp\/v2\/media\/1506"}],"wp:attachment":[{"href":"https:\/\/nembutalhouse.com\/pt\/wp-json\/wp\/v2\/media?parent=1103"}],"wp:term":[{"taxonomy":"product_cat","embeddable":true,"href":"https:\/\/nembutalhouse.com\/pt\/wp-json\/wp\/v2\/product_cat?post=1103"},{"taxonomy":"product_tag","embeddable":true,"href":"https:\/\/nembutalhouse.com\/pt\/wp-json\/wp\/v2\/product_tag?post=1103"}],"curies":[{"name":"wp","href":"https:\/\/api.w.org\/{rel}","templated":true}]}}