{"id":1102,"date":"2024-10-16T11:47:46","date_gmt":"2024-10-16T11:47:46","guid":{"rendered":"https:\/\/nembutalhouse.com\/?post_type=product&#038;p=1102"},"modified":"2026-03-06T07:34:15","modified_gmt":"2026-03-06T07:34:15","slug":"buy-4cmc-online","status":"publish","type":"product","link":"https:\/\/nembutalhouse.com\/pt\/produto\/buy-4cmc-online\/","title":{"rendered":"Buy 4cmc Online"},"content":{"rendered":"<h2>Comprar 4 Cristais CMC Online<\/h2>\n<p>4- Cristais CMC Tamb\u00e9m vendido como clefedrona, este romance <a href=\"https:\/\/nembutalhouse.com\/pt\/\">NembutalHouse<\/a> \u00c9 facilmente adquirida<br \/>\nForam feitos muitos pedidos para este produto, e estamos satisfeitos por podermos finalmente fornecer aos nossos clientes este excelente produto.<\/p>\n<p>4-Prev\u00ea-se que os cristais de CMC tenham efeitos semelhantes aos da mefedrona e de outros compostos de investiga\u00e7\u00e3o pertencentes \u00e0 classe das fenonas.<\/p>\n<p>Os consumidores que comprarem este novo e excitante produto receber\u00e3o cristais de arroz do mais alto calibre<\/p>\n<p>Como \u00e9 habitual, quando faz compras, pode contar com os melhores produtos e o melhor servi\u00e7o de apoio ao cliente do sector.<\/p>\n<p>Informa\u00e7\u00e3o qu\u00edmica<\/p>\n<p>1-(4-Clorofenil)-2-(metilamino)propan-1-ona <a href=\"https:\/\/en.wikipedia.org\/wiki\/4-Chloromethcathinone\">4-CMC<\/a> Cristais<\/p>\n<p>N\u00famero CAS: 842212-02-1<\/p>\n<p>Massa em mol\u00e9culas: 197,661 G\/mol<\/p>\n<p>A f\u00f3rmula qu\u00edmica \u00e9 C10H12ClNO.<\/p>\n<p>Note-se que o envio por correio expresso est\u00e1 dispon\u00edvel para este produto em todos os pa\u00edses.<\/p>\n<h3>4-CMC<\/h3>\n<p>Os cristais de CMC 4-Oral t\u00eam uma semi-vida de duas a tr\u00eas horas.<\/p>\n<p>A fase \u00e9 agrad\u00e1vel, mas de que serve a mefedrona ou mesmo o 3-MMC se n\u00e3o produz uma forte euforia?<\/p>\n<p>O material apenas fomenta di\u00e1logos criativos ou intelectualmente interessantes; n\u00e3o espica\u00e7a. Induz uma sensa\u00e7\u00e3o de contentamento e de lentid\u00e3o.<\/p>\n<p>A dose recomendada de ingredientes activos para obter uma sensa\u00e7\u00e3o completa ap\u00f3s a degluti\u00e7\u00e3o \u00e9 de 200-300 mg.<\/p>\n<p><a href=\"https:\/\/nembutalhouse.com\/pt\/produto\/buy-4cmc-online\/\">4-CMC<\/a> A quantidade de cristais que s\u00e3o aspirados para o nariz come\u00e7a em 100 mg. N\u00e3o \u00e9 aconselh\u00e1vel tomar mais de 180 mg do medicamento.<\/p>\n<p>Depois de ser puxado, coze horrivelmente no nariz durante alguns minutos. A opera\u00e7\u00e3o dura cerca de uma hora e \u00e9 substancialmente mais curta. H\u00e1 uma tend\u00eancia consider\u00e1vel para mais movimentos de aperto.<\/p>\n<p>O impacto de estimular a forma como a administra\u00e7\u00e3o \u00e9 estimulada j\u00e1 tem uma influ\u00eancia muito evidente. Infelizmente, a concentra\u00e7\u00e3o e o entusiasmo n\u00e3o andam de m\u00e3os dadas.<\/p>\n<p>Est\u00e3o presentes problemas de concentra\u00e7\u00e3o, discurso divagante, batimento card\u00edaco acelerado, frio, suores e n\u00e1useas.<\/p>\n<p>Os primeiros efeitos da Euphoria s\u00e3o mais parecidos com os da mefedrona, muito utilizada.<\/p>\n<p>A fase agrad\u00e1vel est\u00e1 frequentemente associada \u00e0 \"estrutura ligeira\", segundo os estudos.<\/p>\n<p>Apesar de o material n\u00e3o ser t\u00e3o bom como a mefedrona, o 4-CMC e o CMC-3 v\u00e3o em breve ultrapassar o RC e os afterburners como as subst\u00e2ncias mais populares na Pol\u00f3nia.<\/p>\n<p>&nbsp;<\/p>\n<p>&nbsp;<\/p>","protected":false},"excerpt":{"rendered":"<p>Buy 4 CMC Crystals Online 4- Crystals CMC Also Sold As Clephedrone, This Novel NembutalHouse Is Easily Acquired Many requests have been made for this product, and we are pleased&hellip;<\/p>","protected":false},"featured_media":1505,"comment_status":"closed","ping_status":"closed","template":"","meta":{"_joinchat":[]},"product_cat":[188],"product_tag":[873,878,896,898,884,885,888,894,895,893,874,892,881,871,872,883,897,890,887,880,876,877,899,891,889,886,879,882,875],"class_list":{"0":"post-1102","1":"product","2":"type-product","3":"status-publish","4":"has-post-thumbnail","6":"product_cat-stimulants","7":"product_tag-4cmc-for-sale","8":"product_tag-4cmc-powder","9":"product_tag-4cmc-powder-for-cleaning","10":"product_tag-4cmc-powder-for-sale","11":"product_tag-4cmc-powder-online","12":"product_tag-4cmc-powder-price","13":"product_tag-4cmc-powder-store","14":"product_tag-4cmc-powder-use","15":"product_tag-4cmc-powder-wiki","16":"product_tag-4cmc-powder-worldwide","17":"product_tag-4cmc-supplier","18":"product_tag-best-cheap-price-4cmc-powder","19":"product_tag-best-place-to-buy-4cmc-powder","20":"product_tag-buy-4cmc","21":"product_tag-buy-4cmc-online","22":"product_tag-buy-4cmc-powder-legally","23":"product_tag-buy-4cmc-powder-online","24":"product_tag-cheap-4cmc-powders","25":"product_tag-high-quality-4cmc-powder","26":"product_tag-how-to-buy-4cmc-powder","27":"product_tag-order-4cmc","28":"product_tag-order-4cmc-online","29":"product_tag-order-4cmc-powder","30":"product_tag-purcharse-4cmc-powder-powder","31":"product_tag-shop-4cmc-powder","32":"product_tag-top-quality-4cmc-powder","33":"product_tag-where-to-buy-4cmc-powder","34":"product_tag-where-to-order-4cmc-powder","35":"product_tag-wholesale-4cmc-bulk-online","37":"first","38":"instock","39":"shipping-taxable","40":"purchasable","41":"product-type-variable"},"yoast_head":"<!-- This site is optimized with the Yoast SEO plugin v24.1 - https:\/\/yoast.com\/wordpress\/plugins\/seo\/ -->\n<title>Buy 4 CMC Online - 4 CMC for Sale Online | NembutalHouse<\/title>\n<meta name=\"description\" content=\"At our NembutalHouse, you can get 4cmc for sale at cheap rates. Here you can buy 4cmc online with high-quality from our store now with fast &amp; secure shipping service. Order Now!\" \/>\n<meta name=\"robots\" content=\"index, follow, max-snippet:-1, max-image-preview:large, max-video-preview:-1\" \/>\n<link rel=\"canonical\" href=\"https:\/\/nembutalhouse.com\/pt\/produto\/buy-4cmc-online\/\" \/>\n<meta property=\"og:locale\" content=\"pt_PT\" \/>\n<meta property=\"og:type\" content=\"article\" \/>\n<meta property=\"og:title\" content=\"Buy 4 CMC Online - 4 CMC for Sale Online | NembutalHouse\" \/>\n<meta property=\"og:description\" content=\"At our NembutalHouse, you can get 4cmc for sale at cheap rates. Here you can buy 4cmc online with high-quality from our store now with fast &amp; secure shipping service. Order Now!\" \/>\n<meta property=\"og:url\" content=\"https:\/\/nembutalhouse.com\/pt\/produto\/buy-4cmc-online\/\" \/>\n<meta property=\"og:site_name\" content=\"Nembutal House\" \/>\n<meta property=\"article:modified_time\" content=\"2026-03-06T07:34:15+00:00\" \/>\n<meta property=\"og:image\" content=\"https:\/\/nembutalhouse.com\/wp-content\/uploads\/2024\/10\/4cmc.gif\" \/>\n\t<meta property=\"og:image:width\" content=\"600\" \/>\n\t<meta property=\"og:image:height\" content=\"600\" \/>\n\t<meta property=\"og:image:type\" content=\"image\/gif\" \/>\n<meta name=\"twitter:card\" content=\"summary_large_image\" \/>\n<meta name=\"twitter:label1\" content=\"Tempo estimado de leitura\" \/>\n\t<meta name=\"twitter:data1\" content=\"2 minutos\" \/>\n<script type=\"application\/ld+json\" class=\"yoast-schema-graph\">{\"@context\":\"https:\/\/schema.org\",\"@graph\":[{\"@type\":\"WebPage\",\"@id\":\"https:\/\/nembutalhouse.com\/product\/buy-4cmc-online\/\",\"url\":\"https:\/\/nembutalhouse.com\/product\/buy-4cmc-online\/\",\"name\":\"Buy 4 CMC Online - 4 CMC for Sale Online | NembutalHouse\",\"isPartOf\":{\"@id\":\"https:\/\/nembutalhouse.com\/#website\"},\"primaryImageOfPage\":{\"@id\":\"https:\/\/nembutalhouse.com\/product\/buy-4cmc-online\/#primaryimage\"},\"image\":{\"@id\":\"https:\/\/nembutalhouse.com\/product\/buy-4cmc-online\/#primaryimage\"},\"thumbnailUrl\":\"https:\/\/nembutalhouse.com\/wp-content\/uploads\/2024\/10\/4cmc.gif\",\"datePublished\":\"2024-10-16T11:47:46+00:00\",\"dateModified\":\"2026-03-06T07:34:15+00:00\",\"description\":\"At our NembutalHouse, you can get 4cmc for sale at cheap rates. Here you can buy 4cmc online with high-quality from our store now with fast & secure shipping service. Order Now!\",\"breadcrumb\":{\"@id\":\"https:\/\/nembutalhouse.com\/product\/buy-4cmc-online\/#breadcrumb\"},\"inLanguage\":\"pt-PT\",\"potentialAction\":[{\"@type\":\"ReadAction\",\"target\":[\"https:\/\/nembutalhouse.com\/product\/buy-4cmc-online\/\"]}]},{\"@type\":\"ImageObject\",\"inLanguage\":\"pt-PT\",\"@id\":\"https:\/\/nembutalhouse.com\/product\/buy-4cmc-online\/#primaryimage\",\"url\":\"https:\/\/nembutalhouse.com\/wp-content\/uploads\/2024\/10\/4cmc.gif\",\"contentUrl\":\"https:\/\/nembutalhouse.com\/wp-content\/uploads\/2024\/10\/4cmc.gif\",\"width\":600,\"height\":600,\"caption\":\"Buy 4cmc Online\"},{\"@type\":\"BreadcrumbList\",\"@id\":\"https:\/\/nembutalhouse.com\/product\/buy-4cmc-online\/#breadcrumb\",\"itemListElement\":[{\"@type\":\"ListItem\",\"position\":1,\"name\":\"Home\",\"item\":\"https:\/\/nembutalhouse.com\/\"},{\"@type\":\"ListItem\",\"position\":2,\"name\":\"Shop\",\"item\":\"https:\/\/nembutalhouse.com\/shop\/\"},{\"@type\":\"ListItem\",\"position\":3,\"name\":\"Buy 4cmc Online\"}]},{\"@type\":\"WebSite\",\"@id\":\"https:\/\/nembutalhouse.com\/#website\",\"url\":\"https:\/\/nembutalhouse.com\/\",\"name\":\"Nembutal House\",\"description\":\"Best Nembutal Online Store\",\"publisher\":{\"@id\":\"https:\/\/nembutalhouse.com\/#organization\"},\"potentialAction\":[{\"@type\":\"SearchAction\",\"target\":{\"@type\":\"EntryPoint\",\"urlTemplate\":\"https:\/\/nembutalhouse.com\/?s={search_term_string}\"},\"query-input\":{\"@type\":\"PropertyValueSpecification\",\"valueRequired\":true,\"valueName\":\"search_term_string\"}}],\"inLanguage\":\"pt-PT\"},{\"@type\":\"Organization\",\"@id\":\"https:\/\/nembutalhouse.com\/#organization\",\"name\":\"Nembutal House\",\"url\":\"https:\/\/nembutalhouse.com\/\",\"logo\":{\"@type\":\"ImageObject\",\"inLanguage\":\"pt-PT\",\"@id\":\"https:\/\/nembutalhouse.com\/#\/schema\/logo\/image\/\",\"url\":\"https:\/\/nembutalhouse.com\/wp-content\/uploads\/2022\/12\/logo.png\",\"contentUrl\":\"https:\/\/nembutalhouse.com\/wp-content\/uploads\/2022\/12\/logo.png\",\"width\":344,\"height\":103,\"caption\":\"Nembutal House\"},\"image\":{\"@id\":\"https:\/\/nembutalhouse.com\/#\/schema\/logo\/image\/\"}}]}<\/script>\n<!-- \/ Yoast SEO plugin. -->","yoast_head_json":{"title":"Buy 4 CMC Online - 4 CMC for Sale Online | NembutalHouse","description":"At our NembutalHouse, you can get 4cmc for sale at cheap rates. Here you can buy 4cmc online with high-quality from our store now with fast & secure shipping service. Order Now!","robots":{"index":"index","follow":"follow","max-snippet":"max-snippet:-1","max-image-preview":"max-image-preview:large","max-video-preview":"max-video-preview:-1"},"canonical":"https:\/\/nembutalhouse.com\/pt\/produto\/buy-4cmc-online\/","og_locale":"pt_PT","og_type":"article","og_title":"Buy 4 CMC Online - 4 CMC for Sale Online | NembutalHouse","og_description":"At our NembutalHouse, you can get 4cmc for sale at cheap rates. Here you can buy 4cmc online with high-quality from our store now with fast & secure shipping service. Order Now!","og_url":"https:\/\/nembutalhouse.com\/pt\/produto\/buy-4cmc-online\/","og_site_name":"Nembutal House","article_modified_time":"2026-03-06T07:34:15+00:00","og_image":[{"width":600,"height":600,"url":"https:\/\/nembutalhouse.com\/wp-content\/uploads\/2024\/10\/4cmc.gif","type":"image\/gif"}],"twitter_card":"summary_large_image","twitter_misc":{"Tempo estimado de leitura":"2 minutos"},"schema":{"@context":"https:\/\/schema.org","@graph":[{"@type":"WebPage","@id":"https:\/\/nembutalhouse.com\/product\/buy-4cmc-online\/","url":"https:\/\/nembutalhouse.com\/product\/buy-4cmc-online\/","name":"Buy 4 CMC Online - 4 CMC for Sale Online | NembutalHouse","isPartOf":{"@id":"https:\/\/nembutalhouse.com\/#website"},"primaryImageOfPage":{"@id":"https:\/\/nembutalhouse.com\/product\/buy-4cmc-online\/#primaryimage"},"image":{"@id":"https:\/\/nembutalhouse.com\/product\/buy-4cmc-online\/#primaryimage"},"thumbnailUrl":"https:\/\/nembutalhouse.com\/wp-content\/uploads\/2024\/10\/4cmc.gif","datePublished":"2024-10-16T11:47:46+00:00","dateModified":"2026-03-06T07:34:15+00:00","description":"At our NembutalHouse, you can get 4cmc for sale at cheap rates. Here you can buy 4cmc online with high-quality from our store now with fast & secure shipping service. Order Now!","breadcrumb":{"@id":"https:\/\/nembutalhouse.com\/product\/buy-4cmc-online\/#breadcrumb"},"inLanguage":"pt-PT","potentialAction":[{"@type":"ReadAction","target":["https:\/\/nembutalhouse.com\/product\/buy-4cmc-online\/"]}]},{"@type":"ImageObject","inLanguage":"pt-PT","@id":"https:\/\/nembutalhouse.com\/product\/buy-4cmc-online\/#primaryimage","url":"https:\/\/nembutalhouse.com\/wp-content\/uploads\/2024\/10\/4cmc.gif","contentUrl":"https:\/\/nembutalhouse.com\/wp-content\/uploads\/2024\/10\/4cmc.gif","width":600,"height":600,"caption":"Buy 4cmc Online"},{"@type":"BreadcrumbList","@id":"https:\/\/nembutalhouse.com\/product\/buy-4cmc-online\/#breadcrumb","itemListElement":[{"@type":"ListItem","position":1,"name":"Home","item":"https:\/\/nembutalhouse.com\/"},{"@type":"ListItem","position":2,"name":"Shop","item":"https:\/\/nembutalhouse.com\/shop\/"},{"@type":"ListItem","position":3,"name":"Buy 4cmc Online"}]},{"@type":"WebSite","@id":"https:\/\/nembutalhouse.com\/#website","url":"https:\/\/nembutalhouse.com\/","name":"Nembutal House","description":"Best Nembutal Online Store","publisher":{"@id":"https:\/\/nembutalhouse.com\/#organization"},"potentialAction":[{"@type":"SearchAction","target":{"@type":"EntryPoint","urlTemplate":"https:\/\/nembutalhouse.com\/?s={search_term_string}"},"query-input":{"@type":"PropertyValueSpecification","valueRequired":true,"valueName":"search_term_string"}}],"inLanguage":"pt-PT"},{"@type":"Organization","@id":"https:\/\/nembutalhouse.com\/#organization","name":"Nembutal House","url":"https:\/\/nembutalhouse.com\/","logo":{"@type":"ImageObject","inLanguage":"pt-PT","@id":"https:\/\/nembutalhouse.com\/#\/schema\/logo\/image\/","url":"https:\/\/nembutalhouse.com\/wp-content\/uploads\/2022\/12\/logo.png","contentUrl":"https:\/\/nembutalhouse.com\/wp-content\/uploads\/2022\/12\/logo.png","width":344,"height":103,"caption":"Nembutal House"},"image":{"@id":"https:\/\/nembutalhouse.com\/#\/schema\/logo\/image\/"}}]}},"_links":{"self":[{"href":"https:\/\/nembutalhouse.com\/pt\/wp-json\/wp\/v2\/product\/1102","targetHints":{"allow":["GET"]}}],"collection":[{"href":"https:\/\/nembutalhouse.com\/pt\/wp-json\/wp\/v2\/product"}],"about":[{"href":"https:\/\/nembutalhouse.com\/pt\/wp-json\/wp\/v2\/types\/product"}],"replies":[{"embeddable":true,"href":"https:\/\/nembutalhouse.com\/pt\/wp-json\/wp\/v2\/comments?post=1102"}],"wp:featuredmedia":[{"embeddable":true,"href":"https:\/\/nembutalhouse.com\/pt\/wp-json\/wp\/v2\/media\/1505"}],"wp:attachment":[{"href":"https:\/\/nembutalhouse.com\/pt\/wp-json\/wp\/v2\/media?parent=1102"}],"wp:term":[{"taxonomy":"product_cat","embeddable":true,"href":"https:\/\/nembutalhouse.com\/pt\/wp-json\/wp\/v2\/product_cat?post=1102"},{"taxonomy":"product_tag","embeddable":true,"href":"https:\/\/nembutalhouse.com\/pt\/wp-json\/wp\/v2\/product_tag?post=1102"}],"curies":[{"name":"wp","href":"https:\/\/api.w.org\/{rel}","templated":true}]}}