{"id":1052,"date":"2024-10-16T11:47:23","date_gmt":"2024-10-16T11:47:23","guid":{"rendered":"https:\/\/nembutalhouse.com\/?post_type=product&#038;p=1052"},"modified":"2026-03-06T07:35:05","modified_gmt":"2026-03-06T07:35:05","slug":"buy-5-meo-dmt-online","status":"publish","type":"product","link":"https:\/\/nembutalhouse.com\/pt\/produto\/buy-5-meo-dmt-online\/","title":{"rendered":"Comprar 5-MEO-DMT online"},"content":{"rendered":"<h2>Comprar 5-MEO-DMT online<\/h2>\n<p><a href=\"https:\/\/nembutalhouse.com\/pt\/produto\/buy-5-meo-dmt-online\/\">5-MeO-DMT<\/a> (5-metoxi-N,N-dimetiltriptamina) \u00e9 um potente e relativamente obscuro psicad\u00e9lico e ente\u00f3geno da classe das triptaminas.<\/p>\n<p>Encontra-se numa grande variedade de esp\u00e9cies de plantas, bem como no veneno de uma \u00fanica esp\u00e9cie de sapo psicoativo (Bufo Alvaris).<\/p>\n<p>Tal como os seus parentes pr\u00f3ximos DMT e bufotenina (5-HO-DMT), tem sido usada como ente\u00f3geno pelos xam\u00e3s sul-americanos h\u00e1 milhares de anos.<\/p>\n<p>Nos tempos modernos, no entanto, \u00e9 adquirido principalmente na sua forma de p\u00f3 sint\u00e9tico atrav\u00e9s da utiliza\u00e7\u00e3o de vendedores de produtos qu\u00edmicos de investiga\u00e7\u00e3o online.<\/p>\n<p>Quando tomado como medicamento na sua forma purificada ou sint\u00e9tica, o 5-MeO-DMT \u00e9 vaporizado, insuflado ou injetado e \u00e9 ativo numa dose de apenas 2 mg. A 5-MeO-DMT \u00e9 ativa por via oral quando tomada com um IMAO, mas, de acordo com numerosos relatos, esta combina\u00e7\u00e3o tende a ser extremamente desagrad\u00e1vel e tem uma forte carga corporal. <a href=\"https:\/\/nembutalhouse.com\/pt\/\">NembutalHouse<\/a><\/p>\n<p>A 5-MeO-DMT ou 5-metoxi-N,N-dimetiltriptamina \u00e9 uma mol\u00e9cula alcaloide de indol substitu\u00edda por um anel da classe das triptaminas.<\/p>\n<p>As triptaminas partilham uma estrutura central composta por um heterociclo de indol bic\u00edclico ligado em R3 a um grupo amina terminal atrav\u00e9s de uma cadeia lateral de etilo.<\/p>\n<p><a href=\"https:\/\/en.wikipedia.org\/wiki\/5-MeO-DMT\">5-MeO-DMT<\/a> \u00e9 substitu\u00edda no R5 do seu heterociclo indol por um grupo funcional metoxi (MeO) CH3O-; cont\u00e9m igualmente dois grupos metilo CH3- ligados \u00e0 amina RN terminal da sua estrutura triptam\u00ednica (DMT).<\/p>\n<p>A 5-MeO-DMT \u00e9 o hom\u00f3logo met\u00edlico N-substitu\u00eddo da 5-MeO-MiPT, embora os seus efeitos sejam radicalmente diferentes.<\/p>\n<h3>EFEITOS DO 5-MEO-DMT<\/h3>\n<p>Melhoria t\u00e1til - Este componente espec\u00edfico \u00e9 talvez a sensa\u00e7\u00e3o mais avassaladora de toda a experi\u00eancia do 5-MeO-DMT.<\/p>\n<p>Aumenta a intensidade das sensa\u00e7\u00f5es t\u00e1cteis de tal forma que pode induzir uma sensa\u00e7\u00e3o de orgasmo sustentado e repet\u00edvel em todas as termina\u00e7\u00f5es nervosas de todo o corpo, num grau que n\u00e3o se encontra em nenhuma outra droga psicad\u00e9lica.<\/p>","protected":false},"excerpt":{"rendered":"<p>Buy 5-MEO-DMT Online 5-MeO-DMT (5-methoxy-N,N-dimethyltryptamine) is a powerful and relatively obscure psychedelic and entheogen of the tryptamine class. It is found in a wide variety of plant species, as well&hellip;<\/p>","protected":false},"featured_media":1566,"comment_status":"open","ping_status":"closed","template":"","meta":{"_joinchat":[]},"product_cat":[186],"product_tag":[1680,1698,1675,1686,1687,1690,1676,1696,1697,1695,1694,1683,1673,1685,1674,1692,1689,1682,1678,1679,1693,1691,1688,1681,1684,1677],"class_list":{"0":"post-1052","1":"product","2":"type-product","3":"status-publish","4":"has-post-thumbnail","6":"product_cat-research-chemicals","7":"product_tag-5-meo-dmt-powder","8":"product_tag-5-meo-dmt-powder-for-cleaning","9":"product_tag-5-meo-dmt-powder-for-sale","10":"product_tag-5-meo-dmt-powder-online","11":"product_tag-5-meo-dmt-powder-price","12":"product_tag-5-meo-dmt-powder-store","13":"product_tag-5-meo-dmt-powder-supplier","14":"product_tag-5-meo-dmt-powder-use","15":"product_tag-5-meo-dmt-powder-wiki","16":"product_tag-5-meo-dmt-powder-worldwide","17":"product_tag-best-cheap-price-5-meo-dmt-powder","18":"product_tag-best-place-to-buy-5-meo-dmt-powder","19":"product_tag-buy-5-meo-dmt-powder","20":"product_tag-buy-5-meo-dmt-powder-legally","21":"product_tag-buy-5-meo-dmt-powder-online","22":"product_tag-cheap-5-meo-dmt-powder","23":"product_tag-high-quality-5-meo-dmt-powder","24":"product_tag-how-to-buy-5-meo-dmt-powder","25":"product_tag-order-5-meo-dmt-powder","26":"product_tag-order-5-meo-dmt-powder-online","27":"product_tag-purcharse-5-meo-dmt-powder-powder","28":"product_tag-shop-5-meo-dmt-powder","29":"product_tag-top-quality-5-meo-dmt-powder","30":"product_tag-where-to-buy-5-meo-dmt-powder","31":"product_tag-where-to-order-5-meo-dmt-powder","32":"product_tag-wholesale-5-meo-dmt-powder-bulk-online","34":"first","35":"instock","36":"shipping-taxable","37":"purchasable","38":"product-type-variable"},"yoast_head":"<!-- This site is optimized with the Yoast SEO plugin v24.1 - https:\/\/yoast.com\/wordpress\/plugins\/seo\/ -->\n<title>Buy 5 MEO-DMT Online - High-Quality 5 MEO-DMT for Sale<\/title>\n<meta name=\"description\" content=\"If you wish to buy 5-meo-dmt online so our NembutalHouse store can help. We have 5-meo-dmt for sale at the best rates here. Place your order now!\" \/>\n<meta name=\"robots\" content=\"index, follow, max-snippet:-1, max-image-preview:large, max-video-preview:-1\" \/>\n<link rel=\"canonical\" href=\"https:\/\/nembutalhouse.com\/pt\/produto\/buy-5-meo-dmt-online\/\" \/>\n<meta property=\"og:locale\" content=\"pt_PT\" \/>\n<meta property=\"og:type\" content=\"article\" \/>\n<meta property=\"og:title\" content=\"Buy 5 MEO-DMT Online - High-Quality 5 MEO-DMT for Sale\" \/>\n<meta property=\"og:description\" content=\"If you wish to buy 5-meo-dmt online so our NembutalHouse store can help. We have 5-meo-dmt for sale at the best rates here. Place your order now!\" \/>\n<meta property=\"og:url\" content=\"https:\/\/nembutalhouse.com\/pt\/produto\/buy-5-meo-dmt-online\/\" \/>\n<meta property=\"og:site_name\" content=\"Nembutal House\" \/>\n<meta property=\"article:modified_time\" content=\"2026-03-06T07:35:05+00:00\" \/>\n<meta property=\"og:image\" content=\"https:\/\/nembutalhouse.com\/wp-content\/uploads\/2024\/10\/5-MEO-DMT.gif\" \/>\n\t<meta property=\"og:image:width\" content=\"600\" \/>\n\t<meta property=\"og:image:height\" content=\"600\" \/>\n\t<meta property=\"og:image:type\" content=\"image\/gif\" \/>\n<meta name=\"twitter:card\" content=\"summary_large_image\" \/>\n<meta name=\"twitter:label1\" content=\"Tempo estimado de leitura\" \/>\n\t<meta name=\"twitter:data1\" content=\"2 minutos\" \/>\n<script type=\"application\/ld+json\" class=\"yoast-schema-graph\">{\"@context\":\"https:\/\/schema.org\",\"@graph\":[{\"@type\":\"WebPage\",\"@id\":\"https:\/\/nembutalhouse.com\/product\/buy-5-meo-dmt-online\/\",\"url\":\"https:\/\/nembutalhouse.com\/product\/buy-5-meo-dmt-online\/\",\"name\":\"Buy 5 MEO-DMT Online - High-Quality 5 MEO-DMT for Sale\",\"isPartOf\":{\"@id\":\"https:\/\/nembutalhouse.com\/#website\"},\"primaryImageOfPage\":{\"@id\":\"https:\/\/nembutalhouse.com\/product\/buy-5-meo-dmt-online\/#primaryimage\"},\"image\":{\"@id\":\"https:\/\/nembutalhouse.com\/product\/buy-5-meo-dmt-online\/#primaryimage\"},\"thumbnailUrl\":\"https:\/\/nembutalhouse.com\/wp-content\/uploads\/2024\/10\/5-MEO-DMT.gif\",\"datePublished\":\"2024-10-16T11:47:23+00:00\",\"dateModified\":\"2026-03-06T07:35:05+00:00\",\"description\":\"If you wish to buy 5-meo-dmt online so our NembutalHouse store can help. We have 5-meo-dmt for sale at the best rates here. Place your order now!\",\"breadcrumb\":{\"@id\":\"https:\/\/nembutalhouse.com\/product\/buy-5-meo-dmt-online\/#breadcrumb\"},\"inLanguage\":\"pt-PT\",\"potentialAction\":[{\"@type\":\"ReadAction\",\"target\":[\"https:\/\/nembutalhouse.com\/product\/buy-5-meo-dmt-online\/\"]}]},{\"@type\":\"ImageObject\",\"inLanguage\":\"pt-PT\",\"@id\":\"https:\/\/nembutalhouse.com\/product\/buy-5-meo-dmt-online\/#primaryimage\",\"url\":\"https:\/\/nembutalhouse.com\/wp-content\/uploads\/2024\/10\/5-MEO-DMT.gif\",\"contentUrl\":\"https:\/\/nembutalhouse.com\/wp-content\/uploads\/2024\/10\/5-MEO-DMT.gif\",\"width\":600,\"height\":600,\"caption\":\"Buy 5-MEO-DMT Online\"},{\"@type\":\"BreadcrumbList\",\"@id\":\"https:\/\/nembutalhouse.com\/product\/buy-5-meo-dmt-online\/#breadcrumb\",\"itemListElement\":[{\"@type\":\"ListItem\",\"position\":1,\"name\":\"Home\",\"item\":\"https:\/\/nembutalhouse.com\/\"},{\"@type\":\"ListItem\",\"position\":2,\"name\":\"Shop\",\"item\":\"https:\/\/nembutalhouse.com\/shop\/\"},{\"@type\":\"ListItem\",\"position\":3,\"name\":\"Buy 5-MEO-DMT Online\"}]},{\"@type\":\"WebSite\",\"@id\":\"https:\/\/nembutalhouse.com\/#website\",\"url\":\"https:\/\/nembutalhouse.com\/\",\"name\":\"Nembutal House\",\"description\":\"Best Nembutal Online Store\",\"publisher\":{\"@id\":\"https:\/\/nembutalhouse.com\/#organization\"},\"potentialAction\":[{\"@type\":\"SearchAction\",\"target\":{\"@type\":\"EntryPoint\",\"urlTemplate\":\"https:\/\/nembutalhouse.com\/?s={search_term_string}\"},\"query-input\":{\"@type\":\"PropertyValueSpecification\",\"valueRequired\":true,\"valueName\":\"search_term_string\"}}],\"inLanguage\":\"pt-PT\"},{\"@type\":\"Organization\",\"@id\":\"https:\/\/nembutalhouse.com\/#organization\",\"name\":\"Nembutal House\",\"url\":\"https:\/\/nembutalhouse.com\/\",\"logo\":{\"@type\":\"ImageObject\",\"inLanguage\":\"pt-PT\",\"@id\":\"https:\/\/nembutalhouse.com\/#\/schema\/logo\/image\/\",\"url\":\"https:\/\/nembutalhouse.com\/wp-content\/uploads\/2022\/12\/logo.png\",\"contentUrl\":\"https:\/\/nembutalhouse.com\/wp-content\/uploads\/2022\/12\/logo.png\",\"width\":344,\"height\":103,\"caption\":\"Nembutal House\"},\"image\":{\"@id\":\"https:\/\/nembutalhouse.com\/#\/schema\/logo\/image\/\"}}]}<\/script>\n<!-- \/ Yoast SEO plugin. -->","yoast_head_json":{"title":"Buy 5 MEO-DMT Online - High-Quality 5 MEO-DMT for Sale","description":"If you wish to buy 5-meo-dmt online so our NembutalHouse store can help. We have 5-meo-dmt for sale at the best rates here. Place your order now!","robots":{"index":"index","follow":"follow","max-snippet":"max-snippet:-1","max-image-preview":"max-image-preview:large","max-video-preview":"max-video-preview:-1"},"canonical":"https:\/\/nembutalhouse.com\/pt\/produto\/buy-5-meo-dmt-online\/","og_locale":"pt_PT","og_type":"article","og_title":"Buy 5 MEO-DMT Online - High-Quality 5 MEO-DMT for Sale","og_description":"If you wish to buy 5-meo-dmt online so our NembutalHouse store can help. We have 5-meo-dmt for sale at the best rates here. Place your order now!","og_url":"https:\/\/nembutalhouse.com\/pt\/produto\/buy-5-meo-dmt-online\/","og_site_name":"Nembutal House","article_modified_time":"2026-03-06T07:35:05+00:00","og_image":[{"width":600,"height":600,"url":"https:\/\/nembutalhouse.com\/wp-content\/uploads\/2024\/10\/5-MEO-DMT.gif","type":"image\/gif"}],"twitter_card":"summary_large_image","twitter_misc":{"Tempo estimado de leitura":"2 minutos"},"schema":{"@context":"https:\/\/schema.org","@graph":[{"@type":"WebPage","@id":"https:\/\/nembutalhouse.com\/product\/buy-5-meo-dmt-online\/","url":"https:\/\/nembutalhouse.com\/product\/buy-5-meo-dmt-online\/","name":"Buy 5 MEO-DMT Online - High-Quality 5 MEO-DMT for Sale","isPartOf":{"@id":"https:\/\/nembutalhouse.com\/#website"},"primaryImageOfPage":{"@id":"https:\/\/nembutalhouse.com\/product\/buy-5-meo-dmt-online\/#primaryimage"},"image":{"@id":"https:\/\/nembutalhouse.com\/product\/buy-5-meo-dmt-online\/#primaryimage"},"thumbnailUrl":"https:\/\/nembutalhouse.com\/wp-content\/uploads\/2024\/10\/5-MEO-DMT.gif","datePublished":"2024-10-16T11:47:23+00:00","dateModified":"2026-03-06T07:35:05+00:00","description":"If you wish to buy 5-meo-dmt online so our NembutalHouse store can help. We have 5-meo-dmt for sale at the best rates here. Place your order now!","breadcrumb":{"@id":"https:\/\/nembutalhouse.com\/product\/buy-5-meo-dmt-online\/#breadcrumb"},"inLanguage":"pt-PT","potentialAction":[{"@type":"ReadAction","target":["https:\/\/nembutalhouse.com\/product\/buy-5-meo-dmt-online\/"]}]},{"@type":"ImageObject","inLanguage":"pt-PT","@id":"https:\/\/nembutalhouse.com\/product\/buy-5-meo-dmt-online\/#primaryimage","url":"https:\/\/nembutalhouse.com\/wp-content\/uploads\/2024\/10\/5-MEO-DMT.gif","contentUrl":"https:\/\/nembutalhouse.com\/wp-content\/uploads\/2024\/10\/5-MEO-DMT.gif","width":600,"height":600,"caption":"Buy 5-MEO-DMT Online"},{"@type":"BreadcrumbList","@id":"https:\/\/nembutalhouse.com\/product\/buy-5-meo-dmt-online\/#breadcrumb","itemListElement":[{"@type":"ListItem","position":1,"name":"Home","item":"https:\/\/nembutalhouse.com\/"},{"@type":"ListItem","position":2,"name":"Shop","item":"https:\/\/nembutalhouse.com\/shop\/"},{"@type":"ListItem","position":3,"name":"Buy 5-MEO-DMT Online"}]},{"@type":"WebSite","@id":"https:\/\/nembutalhouse.com\/#website","url":"https:\/\/nembutalhouse.com\/","name":"Nembutal House","description":"Best Nembutal Online Store","publisher":{"@id":"https:\/\/nembutalhouse.com\/#organization"},"potentialAction":[{"@type":"SearchAction","target":{"@type":"EntryPoint","urlTemplate":"https:\/\/nembutalhouse.com\/?s={search_term_string}"},"query-input":{"@type":"PropertyValueSpecification","valueRequired":true,"valueName":"search_term_string"}}],"inLanguage":"pt-PT"},{"@type":"Organization","@id":"https:\/\/nembutalhouse.com\/#organization","name":"Nembutal House","url":"https:\/\/nembutalhouse.com\/","logo":{"@type":"ImageObject","inLanguage":"pt-PT","@id":"https:\/\/nembutalhouse.com\/#\/schema\/logo\/image\/","url":"https:\/\/nembutalhouse.com\/wp-content\/uploads\/2022\/12\/logo.png","contentUrl":"https:\/\/nembutalhouse.com\/wp-content\/uploads\/2022\/12\/logo.png","width":344,"height":103,"caption":"Nembutal House"},"image":{"@id":"https:\/\/nembutalhouse.com\/#\/schema\/logo\/image\/"}}]}},"_links":{"self":[{"href":"https:\/\/nembutalhouse.com\/pt\/wp-json\/wp\/v2\/product\/1052","targetHints":{"allow":["GET"]}}],"collection":[{"href":"https:\/\/nembutalhouse.com\/pt\/wp-json\/wp\/v2\/product"}],"about":[{"href":"https:\/\/nembutalhouse.com\/pt\/wp-json\/wp\/v2\/types\/product"}],"replies":[{"embeddable":true,"href":"https:\/\/nembutalhouse.com\/pt\/wp-json\/wp\/v2\/comments?post=1052"}],"wp:featuredmedia":[{"embeddable":true,"href":"https:\/\/nembutalhouse.com\/pt\/wp-json\/wp\/v2\/media\/1566"}],"wp:attachment":[{"href":"https:\/\/nembutalhouse.com\/pt\/wp-json\/wp\/v2\/media?parent=1052"}],"wp:term":[{"taxonomy":"product_cat","embeddable":true,"href":"https:\/\/nembutalhouse.com\/pt\/wp-json\/wp\/v2\/product_cat?post=1052"},{"taxonomy":"product_tag","embeddable":true,"href":"https:\/\/nembutalhouse.com\/pt\/wp-json\/wp\/v2\/product_tag?post=1052"}],"curies":[{"name":"wp","href":"https:\/\/api.w.org\/{rel}","templated":true}]}}