{"id":91,"date":"2022-12-14T06:49:39","date_gmt":"2022-12-14T06:49:39","guid":{"rendered":"https:\/\/nembutalhouse.com\/?page_id=91"},"modified":"2022-12-14T07:00:36","modified_gmt":"2022-12-14T07:00:36","slug":"about-us","status":"publish","type":"page","link":"https:\/\/nembutalhouse.com\/pt\/sobre-nos\/","title":{"rendered":"Sobre n\u00f3s"},"content":{"rendered":"<div data-elementor-type=\"wp-page\" data-elementor-id=\"91\" class=\"elementor elementor-91\">\n\t\t\t\t\t\t<section class=\"elementor-section elementor-top-section elementor-element elementor-element-20ba00c elementor-section-boxed elementor-section-height-default elementor-section-height-default\" data-id=\"20ba00c\" data-element_type=\"section\">\n\t\t\t\t\t\t<div class=\"elementor-container elementor-column-gap-default\">\n\t\t\t\t\t<div class=\"elementor-column elementor-col-100 elementor-top-column elementor-element elementor-element-16a6bc4\" data-id=\"16a6bc4\" data-element_type=\"column\">\n\t\t\t<div class=\"elementor-widget-wrap elementor-element-populated\">\n\t\t\t\t\t\t<div class=\"elementor-element elementor-element-436affe elementor-widget elementor-widget-heading\" data-id=\"436affe\" data-element_type=\"widget\" data-widget_type=\"heading.default\">\n\t\t\t\t<div class=\"elementor-widget-container\">\n\t\t\t\t\t<h2 class=\"elementor-heading-title elementor-size-default\">Sobre n\u00f3s para Nembutal \u00e0 venda<\/h2>\t\t\t\t<\/div>\n\t\t\t\t<\/div>\n\t\t\t\t<div class=\"elementor-element elementor-element-53ece00 elementor-widget elementor-widget-text-editor\" data-id=\"53ece00\" data-element_type=\"widget\" data-widget_type=\"text-editor.default\">\n\t\t\t\t<div class=\"elementor-widget-container\">\n\t\t\t\t\t\t\t\t\t<p>Temos uma equipe bem organizada pronta e dispon\u00edvel a qualquer momento para atender sua solicita\u00e7\u00e3o. Voc\u00ea n\u00e3o precisa de receita. Nossos pre\u00e7os s\u00e3o moderados. Nossos servi\u00e7os de embalagem e entrega s\u00e3o r\u00e1pidos, baratos, discretos e altamente seguros. Somos a melhor fonte de informa\u00e7\u00f5es de assist\u00eancia m\u00e9dica e fornecedores farmac\u00eauticos certificados pelo PCCA \u00e0 sua porta.<\/p>\t\t\t\t\t\t\t\t<\/div>\n\t\t\t\t<\/div>\n\t\t\t\t<section class=\"elementor-section elementor-inner-section elementor-element elementor-element-4c4d2a0 elementor-section-boxed elementor-section-height-default elementor-section-height-default\" data-id=\"4c4d2a0\" data-element_type=\"section\">\n\t\t\t\t\t\t<div class=\"elementor-container elementor-column-gap-default\">\n\t\t\t\t\t<div class=\"elementor-column elementor-col-50 elementor-inner-column elementor-element elementor-element-5941eec\" data-id=\"5941eec\" data-element_type=\"column\">\n\t\t\t<div class=\"elementor-widget-wrap elementor-element-populated\">\n\t\t\t\t\t\t<div class=\"elementor-element elementor-element-8b9e898 elementor-widget elementor-widget-text-editor\" data-id=\"8b9e898\" data-element_type=\"widget\" data-widget_type=\"text-editor.default\">\n\t\t\t\t<div class=\"elementor-widget-container\">\n\t\t\t\t\t\t\t\t\t<p>A seguran\u00e7a do cliente \u00e9 nossa principal prioridade. Tratamos todos os nossos clientes com 100% de confidencialidade e seguran\u00e7a. Garantimos que todas as remessas sejam o mais discretas poss\u00edvel. Portanto, sinta-se seguro para fazer um pedido agora conosco. As informa\u00e7\u00f5es que fornecemos s\u00e3o apenas para fins de refer\u00eancia e n\u00e3o pretendemos substituir a opini\u00e3o profissional dada por um profissional m\u00e9dico.<\/p><p>Aspiramos a melhorar a seguran\u00e7a do consumidor para que voc\u00ea n\u00e3o precise apenas de receita m\u00e9dica. Nossa plataforma foi projetada para ajudar os profissionais licenciados a atender seus pacientes da melhor maneira. Nossos pre\u00e7os s\u00e3o muito moderados. Somos especialistas em servi\u00e7o de entrega r\u00e1pida, pre\u00e7o barato, discreto e altamente seguro. A seguran\u00e7a do cliente \u00e9 nossa principal prioridade.<\/p>\t\t\t\t\t\t\t\t<\/div>\n\t\t\t\t<\/div>\n\t\t\t\t\t<\/div>\n\t\t<\/div>\n\t\t\t\t<div class=\"elementor-column elementor-col-50 elementor-inner-column elementor-element elementor-element-6c25ab1\" data-id=\"6c25ab1\" data-element_type=\"column\">\n\t\t\t<div class=\"elementor-widget-wrap elementor-element-populated\">\n\t\t\t\t\t\t<div class=\"elementor-element elementor-element-f2dab8a elementor-widget elementor-widget-text-editor\" data-id=\"f2dab8a\" data-element_type=\"widget\" data-widget_type=\"text-editor.default\">\n\t\t\t\t<div class=\"elementor-widget-container\">\n\t\t\t\t\t\t\t\t\t<p>Por esse motivo, a NembutalHouse \u00e9 uma loja online que promete entregar produtos farmac\u00eauticos da mais alta qualidade \u00e0 sua porta o mais r\u00e1pido poss\u00edvel, depois de categorizar os medicamentos por dosagem. Enquanto loja Nembutal, valorizamos a qualidade do produto para garantir que voc\u00ea esteja satisfeito. Canad\u00e1 e Austr\u00e1lia. No entanto, este \u00e9 o melhor lugar para voc\u00ea encontrar o melhor Nembutal pelo pre\u00e7o mais acess\u00edvel sem receita m\u00e9dica. Ent\u00e3o o pre\u00e7o do produto ser\u00e1 o indicado em nosso site.<\/p>\t\t\t\t\t\t\t\t<\/div>\n\t\t\t\t<\/div>\n\t\t\t\t\t<\/div>\n\t\t<\/div>\n\t\t\t\t\t<\/div>\n\t\t<\/section>\n\t\t\t\t<section class=\"elementor-section elementor-inner-section elementor-element elementor-element-09d2854 elementor-section-boxed elementor-section-height-default elementor-section-height-default\" data-id=\"09d2854\" data-element_type=\"section\">\n\t\t\t\t\t\t<div class=\"elementor-container elementor-column-gap-default\">\n\t\t\t\t\t<div class=\"elementor-column elementor-col-100 elementor-inner-column elementor-element elementor-element-775372c\" data-id=\"775372c\" data-element_type=\"column\">\n\t\t\t<div class=\"elementor-widget-wrap elementor-element-populated\">\n\t\t\t\t\t\t<div class=\"elementor-element elementor-element-3ddf45b elementor-widget elementor-widget-text-editor\" data-id=\"3ddf45b\" data-element_type=\"widget\" data-widget_type=\"text-editor.default\">\n\t\t\t\t<div class=\"elementor-widget-container\">\n\t\t\t\t\t\t\t\t\t<p>Todos os nossos clientes com 100% de confidencialidade e seguran\u00e7a, garantimos que todas as remessas cheguem ao seu destino com seguran\u00e7a. Temos uma equipe bem organizada pronta e dispon\u00edvel a qualquer momento para atender sua solicita\u00e7\u00e3o. Voc\u00ea n\u00e3o precisa de receita. Nossa plataforma tamb\u00e9m foi projetada para ajudar os profissionais licenciados a atender os pacientes de uma maneira melhor.<\/p>\t\t\t\t\t\t\t\t<\/div>\n\t\t\t\t<\/div>\n\t\t\t\t<div class=\"elementor-element elementor-element-d81c0c1 elementor-widget elementor-widget-text-editor\" data-id=\"d81c0c1\" data-element_type=\"widget\" data-widget_type=\"text-editor.default\">\n\t\t\t\t<div class=\"elementor-widget-container\">\n\t\t\t\t\t\t\t\t\t<p><strong>Pol\u00edtica de Privacidade:<\/strong><\/p><p>Em primeiro lugar, garantimos que todos os seus dados sejam mantidos privados em um servidor seguro. Suas informa\u00e7\u00f5es podem ser usadas apenas para notific\u00e1-lo sobre ofertas ou altera\u00e7\u00f5es em nossas pol\u00edticas.<\/p><p><strong>Pol\u00edtica de Envio e Entrega:<\/strong><\/p><p>Em segundo lugar, o processo de entrega come\u00e7a assim que voc\u00ea envia seu pedido. Fazemos todos os esfor\u00e7os para enviar os pedidos o mais r\u00e1pido poss\u00edvel. Se voc\u00ea mora dentro do pa\u00eds, o produto ser\u00e1 entregue \u00e0 sua porta dentro de 2 a 3 dias. Fora do pa\u00eds, levar\u00e1 no m\u00e1ximo 3 a 4 dias.<\/p><p><strong>Pol\u00edtica de devolu\u00e7\u00e3o:<\/strong><\/p><p>Oferecemos uma pol\u00edtica de devolu\u00e7\u00e3o para sua total comodidade. Se voc\u00ea tiver um bom motivo para estar insatisfeito com a compra, ter\u00e1 cinco dias para devolver o item. Voc\u00ea s\u00f3 pode fazer uma devolu\u00e7\u00e3o dentro de cinco dias entrando em contato com nosso atendimento ao cliente e solicitando permiss\u00e3o usando nosso formul\u00e1rio de devolu\u00e7\u00e3o do cliente.<\/p>\t\t\t\t\t\t\t\t<\/div>\n\t\t\t\t<\/div>\n\t\t\t\t\t<\/div>\n\t\t<\/div>\n\t\t\t\t\t<\/div>\n\t\t<\/section>\n\t\t\t\t\t<\/div>\n\t\t<\/div>\n\t\t\t\t\t<\/div>\n\t\t<\/section>\n\t\t\t\t<\/div>","protected":false},"excerpt":{"rendered":"<p>About us for Nembutal for Sale We have a well-organized team ready and available at any time to answer your request. You don&#8217;t need a prescription. Our prices are moderate.&hellip;<\/p>","protected":false},"author":1,"featured_media":0,"parent":0,"menu_order":0,"comment_status":"closed","ping_status":"closed","template":"page-templates\/template-sinatra-fullwidth.php","meta":{"_joinchat":[],"footnotes":""},"class_list":["post-91","page","type-page","status-publish","hentry"],"yoast_head":"<!-- This site is optimized with the Yoast SEO plugin v24.1 - https:\/\/yoast.com\/wordpress\/plugins\/seo\/ -->\n<title>About us | Nembutal House<\/title>\n<meta name=\"robots\" content=\"index, follow, max-snippet:-1, max-image-preview:large, max-video-preview:-1\" \/>\n<link rel=\"canonical\" href=\"https:\/\/nembutalhouse.com\/pt\/sobre-nos\/\" \/>\n<meta property=\"og:locale\" content=\"pt_PT\" \/>\n<meta property=\"og:type\" content=\"article\" \/>\n<meta property=\"og:title\" content=\"About us | Nembutal House\" \/>\n<meta property=\"og:description\" content=\"About us for Nembutal for Sale We have a well-organized team ready and available at any time to answer your request. You don&#8217;t need a prescription. Our prices are moderate.&hellip;\" \/>\n<meta property=\"og:url\" content=\"https:\/\/nembutalhouse.com\/pt\/sobre-nos\/\" \/>\n<meta property=\"og:site_name\" content=\"Nembutal House\" \/>\n<meta property=\"article:modified_time\" content=\"2022-12-14T07:00:36+00:00\" \/>\n<meta name=\"twitter:card\" content=\"summary_large_image\" \/>\n<meta name=\"twitter:label1\" content=\"Tempo estimado de leitura\" \/>\n\t<meta name=\"twitter:data1\" content=\"2 minutos\" \/>\n<script type=\"application\/ld+json\" class=\"yoast-schema-graph\">{\"@context\":\"https:\/\/schema.org\",\"@graph\":[{\"@type\":\"WebPage\",\"@id\":\"https:\/\/nembutalhouse.com\/about-us\/\",\"url\":\"https:\/\/nembutalhouse.com\/about-us\/\",\"name\":\"About us | Nembutal House\",\"isPartOf\":{\"@id\":\"https:\/\/nembutalhouse.com\/#website\"},\"datePublished\":\"2022-12-14T06:49:39+00:00\",\"dateModified\":\"2022-12-14T07:00:36+00:00\",\"breadcrumb\":{\"@id\":\"https:\/\/nembutalhouse.com\/about-us\/#breadcrumb\"},\"inLanguage\":\"pt-PT\",\"potentialAction\":[{\"@type\":\"ReadAction\",\"target\":[\"https:\/\/nembutalhouse.com\/about-us\/\"]}]},{\"@type\":\"BreadcrumbList\",\"@id\":\"https:\/\/nembutalhouse.com\/about-us\/#breadcrumb\",\"itemListElement\":[{\"@type\":\"ListItem\",\"position\":1,\"name\":\"Home\",\"item\":\"https:\/\/nembutalhouse.com\/\"},{\"@type\":\"ListItem\",\"position\":2,\"name\":\"About us\"}]},{\"@type\":\"WebSite\",\"@id\":\"https:\/\/nembutalhouse.com\/#website\",\"url\":\"https:\/\/nembutalhouse.com\/\",\"name\":\"Nembutal House\",\"description\":\"Best Nembutal Online Store\",\"publisher\":{\"@id\":\"https:\/\/nembutalhouse.com\/#organization\"},\"potentialAction\":[{\"@type\":\"SearchAction\",\"target\":{\"@type\":\"EntryPoint\",\"urlTemplate\":\"https:\/\/nembutalhouse.com\/?s={search_term_string}\"},\"query-input\":{\"@type\":\"PropertyValueSpecification\",\"valueRequired\":true,\"valueName\":\"search_term_string\"}}],\"inLanguage\":\"pt-PT\"},{\"@type\":\"Organization\",\"@id\":\"https:\/\/nembutalhouse.com\/#organization\",\"name\":\"Nembutal House\",\"url\":\"https:\/\/nembutalhouse.com\/\",\"logo\":{\"@type\":\"ImageObject\",\"inLanguage\":\"pt-PT\",\"@id\":\"https:\/\/nembutalhouse.com\/#\/schema\/logo\/image\/\",\"url\":\"https:\/\/nembutalhouse.com\/wp-content\/uploads\/2022\/12\/logo.png\",\"contentUrl\":\"https:\/\/nembutalhouse.com\/wp-content\/uploads\/2022\/12\/logo.png\",\"width\":344,\"height\":103,\"caption\":\"Nembutal House\"},\"image\":{\"@id\":\"https:\/\/nembutalhouse.com\/#\/schema\/logo\/image\/\"}}]}<\/script>\n<!-- \/ Yoast SEO plugin. -->","yoast_head_json":{"title":"About us | Nembutal House","robots":{"index":"index","follow":"follow","max-snippet":"max-snippet:-1","max-image-preview":"max-image-preview:large","max-video-preview":"max-video-preview:-1"},"canonical":"https:\/\/nembutalhouse.com\/pt\/sobre-nos\/","og_locale":"pt_PT","og_type":"article","og_title":"About us | Nembutal House","og_description":"About us for Nembutal for Sale We have a well-organized team ready and available at any time to answer your request. You don&#8217;t need a prescription. Our prices are moderate.&hellip;","og_url":"https:\/\/nembutalhouse.com\/pt\/sobre-nos\/","og_site_name":"Nembutal House","article_modified_time":"2022-12-14T07:00:36+00:00","twitter_card":"summary_large_image","twitter_misc":{"Tempo estimado de leitura":"2 minutos"},"schema":{"@context":"https:\/\/schema.org","@graph":[{"@type":"WebPage","@id":"https:\/\/nembutalhouse.com\/about-us\/","url":"https:\/\/nembutalhouse.com\/about-us\/","name":"About us | Nembutal House","isPartOf":{"@id":"https:\/\/nembutalhouse.com\/#website"},"datePublished":"2022-12-14T06:49:39+00:00","dateModified":"2022-12-14T07:00:36+00:00","breadcrumb":{"@id":"https:\/\/nembutalhouse.com\/about-us\/#breadcrumb"},"inLanguage":"pt-PT","potentialAction":[{"@type":"ReadAction","target":["https:\/\/nembutalhouse.com\/about-us\/"]}]},{"@type":"BreadcrumbList","@id":"https:\/\/nembutalhouse.com\/about-us\/#breadcrumb","itemListElement":[{"@type":"ListItem","position":1,"name":"Home","item":"https:\/\/nembutalhouse.com\/"},{"@type":"ListItem","position":2,"name":"About us"}]},{"@type":"WebSite","@id":"https:\/\/nembutalhouse.com\/#website","url":"https:\/\/nembutalhouse.com\/","name":"Nembutal House","description":"Best Nembutal Online Store","publisher":{"@id":"https:\/\/nembutalhouse.com\/#organization"},"potentialAction":[{"@type":"SearchAction","target":{"@type":"EntryPoint","urlTemplate":"https:\/\/nembutalhouse.com\/?s={search_term_string}"},"query-input":{"@type":"PropertyValueSpecification","valueRequired":true,"valueName":"search_term_string"}}],"inLanguage":"pt-PT"},{"@type":"Organization","@id":"https:\/\/nembutalhouse.com\/#organization","name":"Nembutal House","url":"https:\/\/nembutalhouse.com\/","logo":{"@type":"ImageObject","inLanguage":"pt-PT","@id":"https:\/\/nembutalhouse.com\/#\/schema\/logo\/image\/","url":"https:\/\/nembutalhouse.com\/wp-content\/uploads\/2022\/12\/logo.png","contentUrl":"https:\/\/nembutalhouse.com\/wp-content\/uploads\/2022\/12\/logo.png","width":344,"height":103,"caption":"Nembutal House"},"image":{"@id":"https:\/\/nembutalhouse.com\/#\/schema\/logo\/image\/"}}]}},"_links":{"self":[{"href":"https:\/\/nembutalhouse.com\/pt\/wp-json\/wp\/v2\/pages\/91","targetHints":{"allow":["GET"]}}],"collection":[{"href":"https:\/\/nembutalhouse.com\/pt\/wp-json\/wp\/v2\/pages"}],"about":[{"href":"https:\/\/nembutalhouse.com\/pt\/wp-json\/wp\/v2\/types\/page"}],"author":[{"embeddable":true,"href":"https:\/\/nembutalhouse.com\/pt\/wp-json\/wp\/v2\/users\/1"}],"replies":[{"embeddable":true,"href":"https:\/\/nembutalhouse.com\/pt\/wp-json\/wp\/v2\/comments?post=91"}],"version-history":[{"count":0,"href":"https:\/\/nembutalhouse.com\/pt\/wp-json\/wp\/v2\/pages\/91\/revisions"}],"wp:attachment":[{"href":"https:\/\/nembutalhouse.com\/pt\/wp-json\/wp\/v2\/media?parent=91"}],"curies":[{"name":"wp","href":"https:\/\/api.w.org\/{rel}","templated":true}]}}