{"id":580,"date":"2024-10-16T05:33:06","date_gmt":"2024-10-16T05:33:06","guid":{"rendered":"https:\/\/nembutalhouse.com\/?post_type=product&#038;p=580"},"modified":"2026-03-06T08:53:59","modified_gmt":"2026-03-06T08:53:59","slug":"buy-ghb-online","status":"publish","type":"product","link":"https:\/\/nembutalhouse.com\/pl\/produkt\/kupic-ghb-online\/","title":{"rendered":"Buy GHB Online"},"content":{"rendered":"<h2>Buy GHB Online<\/h2>\n<p><a href=\"https:\/\/nembutalhouse.com\/pl\/produkt\/kupic-ghb-online\/\">Gamma-Butyrolactone Powder<\/a>, also known as \u03b3-butyrolactone or GBL, is a water-soluble, hygroscopic substance with a faint, distinctive smell.<br \/>\nIn addition to being employed as an aroma chemical, paint stripper, stain remover, and solvent in certain wet aluminum electrolytic capacitors, GHB is a widely used reagent and solvent in chemistry.<\/p>\n<p>Sproszkowany gamma-butyrolakton, znany r\u00f3wnie\u017c jako \"geeb\", jest przezroczystym ciek\u0142ym rozpuszczalnikiem.<\/p>\n<p>Jest to prolek - to znaczy, \u017ce organizm naturalnie przekszta\u0142ca go w nielegaln\u0105 substancj\u0119 chemiczn\u0105 GHB dla GHB <a href=\"https:\/\/nembutalhouse.com\/pl\/\">NembutalHouse<\/a>.<\/p>\n<p>Sproszkowany gamma-butyrolakton, pachnie niemal dok\u0142adnie tak, jak mo\u017cna by oczekiwa\u0107, \u017ce pachnie rozpuszczalnik przemys\u0142owy i jest oferowany na czarnym rynku pod nazwami \"odrdzewiacz\" i \"\u015brodek do czyszczenia stop\u00f3w\".<\/p>\n<p>Jest trudny do przechowywania. Wymaga szklanej butelki lub butelki wykonanej z okre\u015blonego rodzaju plastiku, co utrudnia przechowywanie. Jest w stanie stopi\u0107 wi\u0119kszo\u015b\u0107 polimer\u00f3w. Pyszny!<\/p>\n<h3>Alternatywne nazwy<\/h3>\n<p>GBL, <a href=\"https:\/\/en.wikipedia.org\/wiki\/%CE%93-Hydroxybutyric_acid\">gamma-hydroksymas\u0142owy<\/a> lakton kwasu 4-hydroksymas\u0142owego, butyrolakton, 1,4-lakton, 4-butyrolakton i oksolan-2-on<\/p>\n<p>Identyfikatory<\/p>\n<p>Numer CAS: 96-48-0<\/p>\n<p>PubChem 7302<\/p>\n<p>ChemSpider 7029<\/p>\n<p>OL659KIY4X w UNII<\/p>\n<p>DB04699 w DrugBank<\/p>\n<p>KEGG C01770<\/p>\n<p>ChEBI CHEBI: 42639<\/p>\n<p>CHEMBL CHEMBL95681<\/p>\n<p>Numer LU3500000 dla RTECS<\/p>\n<p>Zdj\u0119cia Jmol-3D Zdj\u0119cie 1<\/p>\n<p>Wz\u00f3r na cz\u0105steczk\u0119 C4H6O2.<\/p>\n<p>Masa molowa 86,09 g mol-1<\/p>\n<p>Wygl\u0105d bezbarwnego p\u0142ynu<\/p>\n<p>G\u0119sto\u015b\u0107 15. \u00b0C (1,1286 g\/ml), 20 \u00b0C (1,1296 g\/ml)<\/p>\n<p>Temperatura topnienia: -43,53 \u00b0C (-46,35 \u00b0F; 229,62 K)<\/p>\n<p>204 \u00b0C to temperatura wrzenia (399 \u00b0F; 477 K).<\/p>\n<p>Rozpuszczalno\u015b\u0107 w wodzie: Mieszalny<\/p>\n<p>Rozpuszczalno\u015b\u0107: rozpuszczalny w eterze etylowym, benzenie, metanolu, etanolu, acetonie i CCl4.<\/p>\n<p>pH (w pKa): 4.5<\/p>\n<p>Wsp\u00f3\u0142czynnik za\u0142amania \u015bwiat\u0142a (nD): 1.435, 1.4341 (20 \u00b0C)<\/p>\n<p>Lepko\u015b\u0107: 1,7<\/p>\n<p>Lepko\u015b\u0107 w temperaturze 25 \u00b0C wynosi 1,7 cp.<\/p>\n<p>Ryzyko<\/p>\n<p>S\u0142owa R R22 R36<\/p>\n<p>S-s\u0142owa S26 S36<\/p>\n<p>G\u0142\u00f3wne zagro\u017cenia<\/p>\n<p>Temperatura zap\u0142onu (zamkni\u0119ty kubek): 98 \u00b0C (208 \u00b0F; 371 K).<\/p>\n<p>LD50 17,2 ml\/kg (dawka doustna dla szczur\u00f3w)<\/p>\n<p>Dane podano dla materia\u0142\u00f3w w stanie standardowym, czyli w temperaturze 25\u00b0C (77\u00b0F) i pod ci\u015bnieniem 100 kPa, o ile nie wskazano inaczej.<\/p>\n<p>&nbsp;<\/p>\n<p>&nbsp;<\/p>","protected":false},"excerpt":{"rendered":"<p>Buy GHB Online Gamma-Butyrolactone Powder, also known as \u03b3-butyrolactone or GBL, is a water-soluble, hygroscopic substance with a faint, distinctive smell. In addition to being employed as an aroma chemical,&hellip;<\/p>","protected":false},"featured_media":600,"comment_status":"closed","ping_status":"closed","template":"","meta":{"_joinchat":[]},"product_cat":[186],"product_tag":[774,763,780,753,765,754,772,781,778,755,760,766,779,767,770,756,776,777,775,769,762,782,758,759,773,771,768,761,764,757],"class_list":{"0":"post-580","1":"product","2":"type-product","3":"status-publish","4":"has-post-thumbnail","6":"product_cat-research-chemicals","7":"product_tag-best-cheap-price-ghb","8":"product_tag-best-place-to-buy-ghb","9":"product_tag-buy-gamma-hydroxybutyrate-online","10":"product_tag-buy-ghb","11":"product_tag-buy-ghb-legally","12":"product_tag-buy-ghb-online","13":"product_tag-cheap-ghb","14":"product_tag-gamma-hydroxybutyrate-for-sale","15":"product_tag-ghb-for-cleaning","16":"product_tag-ghb-for-sale","17":"product_tag-ghb-liquid","18":"product_tag-ghb-online","19":"product_tag-ghb-powder","20":"product_tag-ghb-price","21":"product_tag-ghb-store","22":"product_tag-ghb-supplier","23":"product_tag-ghb-use","24":"product_tag-ghb-wiki","25":"product_tag-ghb-worldwide","26":"product_tag-high-quality-ghb","27":"product_tag-how-to-buy-ghb","28":"product_tag-order-gamma-hydroxybutyrate","29":"product_tag-order-ghb","30":"product_tag-order-ghb-online","31":"product_tag-purcharse-ghb","32":"product_tag-shop-ghb","33":"product_tag-top-quality-ghb","34":"product_tag-where-to-buy-ghb","35":"product_tag-where-to-order-ghb","36":"product_tag-wholesale-ghb-bulk-online","38":"first","39":"instock","40":"shipping-taxable","41":"purchasable","42":"product-type-variable"},"yoast_head":"<!-- This site is optimized with the Yoast SEO plugin v24.1 - https:\/\/yoast.com\/wordpress\/plugins\/seo\/ -->\n<title>GHB for Sale - Buy GHB Online - Order GHB Online | NembutalHouse<\/title>\n<meta name=\"description\" content=\"Get ghb for sale at one of the best online stores NembutalHouse. We will help you buy ghb online of high quality. Don&#039;t delay to place your order and take advantage of the newest discounts!\" \/>\n<meta name=\"robots\" content=\"index, follow, max-snippet:-1, max-image-preview:large, max-video-preview:-1\" \/>\n<link rel=\"canonical\" href=\"https:\/\/nembutalhouse.com\/pl\/produkt\/kupic-ghb-online\/\" \/>\n<meta property=\"og:locale\" content=\"pl_PL\" \/>\n<meta property=\"og:type\" content=\"article\" \/>\n<meta property=\"og:title\" content=\"GHB for Sale - Buy GHB Online - Order GHB Online | NembutalHouse\" \/>\n<meta property=\"og:description\" content=\"Get ghb for sale at one of the best online stores NembutalHouse. We will help you buy ghb online of high quality. Don&#039;t delay to place your order and take advantage of the newest discounts!\" \/>\n<meta property=\"og:url\" content=\"https:\/\/nembutalhouse.com\/pl\/produkt\/kupic-ghb-online\/\" \/>\n<meta property=\"og:site_name\" content=\"Nembutal House\" \/>\n<meta property=\"article:modified_time\" content=\"2026-03-06T08:53:59+00:00\" \/>\n<meta property=\"og:image\" content=\"https:\/\/nembutalhouse.com\/wp-content\/uploads\/2024\/10\/GHB.gif\" \/>\n\t<meta property=\"og:image:width\" content=\"600\" \/>\n\t<meta property=\"og:image:height\" content=\"600\" \/>\n\t<meta property=\"og:image:type\" content=\"image\/gif\" \/>\n<meta name=\"twitter:card\" content=\"summary_large_image\" \/>\n<meta name=\"twitter:label1\" content=\"Szacowany czas czytania\" \/>\n\t<meta name=\"twitter:data1\" content=\"2 minuty\" \/>\n<script type=\"application\/ld+json\" class=\"yoast-schema-graph\">{\"@context\":\"https:\/\/schema.org\",\"@graph\":[{\"@type\":\"WebPage\",\"@id\":\"https:\/\/nembutalhouse.com\/product\/buy-ghb-online\/\",\"url\":\"https:\/\/nembutalhouse.com\/product\/buy-ghb-online\/\",\"name\":\"GHB for Sale - Buy GHB Online - Order GHB Online | NembutalHouse\",\"isPartOf\":{\"@id\":\"https:\/\/nembutalhouse.com\/#website\"},\"primaryImageOfPage\":{\"@id\":\"https:\/\/nembutalhouse.com\/product\/buy-ghb-online\/#primaryimage\"},\"image\":{\"@id\":\"https:\/\/nembutalhouse.com\/product\/buy-ghb-online\/#primaryimage\"},\"thumbnailUrl\":\"https:\/\/nembutalhouse.com\/wp-content\/uploads\/2024\/10\/GHB.gif\",\"datePublished\":\"2024-10-16T05:33:06+00:00\",\"dateModified\":\"2026-03-06T08:53:59+00:00\",\"description\":\"Get ghb for sale at one of the best online stores NembutalHouse. We will help you buy ghb online of high quality. Don't delay to place your order and take advantage of the newest discounts!\",\"breadcrumb\":{\"@id\":\"https:\/\/nembutalhouse.com\/product\/buy-ghb-online\/#breadcrumb\"},\"inLanguage\":\"pl-PL\",\"potentialAction\":[{\"@type\":\"ReadAction\",\"target\":[\"https:\/\/nembutalhouse.com\/product\/buy-ghb-online\/\"]}]},{\"@type\":\"ImageObject\",\"inLanguage\":\"pl-PL\",\"@id\":\"https:\/\/nembutalhouse.com\/product\/buy-ghb-online\/#primaryimage\",\"url\":\"https:\/\/nembutalhouse.com\/wp-content\/uploads\/2024\/10\/GHB.gif\",\"contentUrl\":\"https:\/\/nembutalhouse.com\/wp-content\/uploads\/2024\/10\/GHB.gif\",\"width\":600,\"height\":600,\"caption\":\"Buy GHB Online\"},{\"@type\":\"BreadcrumbList\",\"@id\":\"https:\/\/nembutalhouse.com\/product\/buy-ghb-online\/#breadcrumb\",\"itemListElement\":[{\"@type\":\"ListItem\",\"position\":1,\"name\":\"Home\",\"item\":\"https:\/\/nembutalhouse.com\/\"},{\"@type\":\"ListItem\",\"position\":2,\"name\":\"Shop\",\"item\":\"https:\/\/nembutalhouse.com\/shop\/\"},{\"@type\":\"ListItem\",\"position\":3,\"name\":\"Buy GHB Online\"}]},{\"@type\":\"WebSite\",\"@id\":\"https:\/\/nembutalhouse.com\/#website\",\"url\":\"https:\/\/nembutalhouse.com\/\",\"name\":\"Nembutal House\",\"description\":\"Best Nembutal Online Store\",\"publisher\":{\"@id\":\"https:\/\/nembutalhouse.com\/#organization\"},\"potentialAction\":[{\"@type\":\"SearchAction\",\"target\":{\"@type\":\"EntryPoint\",\"urlTemplate\":\"https:\/\/nembutalhouse.com\/?s={search_term_string}\"},\"query-input\":{\"@type\":\"PropertyValueSpecification\",\"valueRequired\":true,\"valueName\":\"search_term_string\"}}],\"inLanguage\":\"pl-PL\"},{\"@type\":\"Organization\",\"@id\":\"https:\/\/nembutalhouse.com\/#organization\",\"name\":\"Nembutal House\",\"url\":\"https:\/\/nembutalhouse.com\/\",\"logo\":{\"@type\":\"ImageObject\",\"inLanguage\":\"pl-PL\",\"@id\":\"https:\/\/nembutalhouse.com\/#\/schema\/logo\/image\/\",\"url\":\"https:\/\/nembutalhouse.com\/wp-content\/uploads\/2022\/12\/logo.png\",\"contentUrl\":\"https:\/\/nembutalhouse.com\/wp-content\/uploads\/2022\/12\/logo.png\",\"width\":344,\"height\":103,\"caption\":\"Nembutal House\"},\"image\":{\"@id\":\"https:\/\/nembutalhouse.com\/#\/schema\/logo\/image\/\"}}]}<\/script>\n<!-- \/ Yoast SEO plugin. -->","yoast_head_json":{"title":"GHB for Sale - Buy GHB Online - Order GHB Online | NembutalHouse","description":"Get ghb for sale at one of the best online stores NembutalHouse. We will help you buy ghb online of high quality. Don't delay to place your order and take advantage of the newest discounts!","robots":{"index":"index","follow":"follow","max-snippet":"max-snippet:-1","max-image-preview":"max-image-preview:large","max-video-preview":"max-video-preview:-1"},"canonical":"https:\/\/nembutalhouse.com\/pl\/produkt\/kupic-ghb-online\/","og_locale":"pl_PL","og_type":"article","og_title":"GHB for Sale - Buy GHB Online - Order GHB Online | NembutalHouse","og_description":"Get ghb for sale at one of the best online stores NembutalHouse. We will help you buy ghb online of high quality. Don't delay to place your order and take advantage of the newest discounts!","og_url":"https:\/\/nembutalhouse.com\/pl\/produkt\/kupic-ghb-online\/","og_site_name":"Nembutal House","article_modified_time":"2026-03-06T08:53:59+00:00","og_image":[{"width":600,"height":600,"url":"https:\/\/nembutalhouse.com\/wp-content\/uploads\/2024\/10\/GHB.gif","type":"image\/gif"}],"twitter_card":"summary_large_image","twitter_misc":{"Szacowany czas czytania":"2 minuty"},"schema":{"@context":"https:\/\/schema.org","@graph":[{"@type":"WebPage","@id":"https:\/\/nembutalhouse.com\/product\/buy-ghb-online\/","url":"https:\/\/nembutalhouse.com\/product\/buy-ghb-online\/","name":"GHB for Sale - Buy GHB Online - Order GHB Online | NembutalHouse","isPartOf":{"@id":"https:\/\/nembutalhouse.com\/#website"},"primaryImageOfPage":{"@id":"https:\/\/nembutalhouse.com\/product\/buy-ghb-online\/#primaryimage"},"image":{"@id":"https:\/\/nembutalhouse.com\/product\/buy-ghb-online\/#primaryimage"},"thumbnailUrl":"https:\/\/nembutalhouse.com\/wp-content\/uploads\/2024\/10\/GHB.gif","datePublished":"2024-10-16T05:33:06+00:00","dateModified":"2026-03-06T08:53:59+00:00","description":"Get ghb for sale at one of the best online stores NembutalHouse. We will help you buy ghb online of high quality. Don't delay to place your order and take advantage of the newest discounts!","breadcrumb":{"@id":"https:\/\/nembutalhouse.com\/product\/buy-ghb-online\/#breadcrumb"},"inLanguage":"pl-PL","potentialAction":[{"@type":"ReadAction","target":["https:\/\/nembutalhouse.com\/product\/buy-ghb-online\/"]}]},{"@type":"ImageObject","inLanguage":"pl-PL","@id":"https:\/\/nembutalhouse.com\/product\/buy-ghb-online\/#primaryimage","url":"https:\/\/nembutalhouse.com\/wp-content\/uploads\/2024\/10\/GHB.gif","contentUrl":"https:\/\/nembutalhouse.com\/wp-content\/uploads\/2024\/10\/GHB.gif","width":600,"height":600,"caption":"Buy GHB Online"},{"@type":"BreadcrumbList","@id":"https:\/\/nembutalhouse.com\/product\/buy-ghb-online\/#breadcrumb","itemListElement":[{"@type":"ListItem","position":1,"name":"Home","item":"https:\/\/nembutalhouse.com\/"},{"@type":"ListItem","position":2,"name":"Shop","item":"https:\/\/nembutalhouse.com\/shop\/"},{"@type":"ListItem","position":3,"name":"Buy GHB Online"}]},{"@type":"WebSite","@id":"https:\/\/nembutalhouse.com\/#website","url":"https:\/\/nembutalhouse.com\/","name":"Nembutal House","description":"Best Nembutal Online Store","publisher":{"@id":"https:\/\/nembutalhouse.com\/#organization"},"potentialAction":[{"@type":"SearchAction","target":{"@type":"EntryPoint","urlTemplate":"https:\/\/nembutalhouse.com\/?s={search_term_string}"},"query-input":{"@type":"PropertyValueSpecification","valueRequired":true,"valueName":"search_term_string"}}],"inLanguage":"pl-PL"},{"@type":"Organization","@id":"https:\/\/nembutalhouse.com\/#organization","name":"Nembutal House","url":"https:\/\/nembutalhouse.com\/","logo":{"@type":"ImageObject","inLanguage":"pl-PL","@id":"https:\/\/nembutalhouse.com\/#\/schema\/logo\/image\/","url":"https:\/\/nembutalhouse.com\/wp-content\/uploads\/2022\/12\/logo.png","contentUrl":"https:\/\/nembutalhouse.com\/wp-content\/uploads\/2022\/12\/logo.png","width":344,"height":103,"caption":"Nembutal House"},"image":{"@id":"https:\/\/nembutalhouse.com\/#\/schema\/logo\/image\/"}}]}},"_links":{"self":[{"href":"https:\/\/nembutalhouse.com\/pl\/wp-json\/wp\/v2\/product\/580","targetHints":{"allow":["GET"]}}],"collection":[{"href":"https:\/\/nembutalhouse.com\/pl\/wp-json\/wp\/v2\/product"}],"about":[{"href":"https:\/\/nembutalhouse.com\/pl\/wp-json\/wp\/v2\/types\/product"}],"replies":[{"embeddable":true,"href":"https:\/\/nembutalhouse.com\/pl\/wp-json\/wp\/v2\/comments?post=580"}],"wp:featuredmedia":[{"embeddable":true,"href":"https:\/\/nembutalhouse.com\/pl\/wp-json\/wp\/v2\/media\/600"}],"wp:attachment":[{"href":"https:\/\/nembutalhouse.com\/pl\/wp-json\/wp\/v2\/media?parent=580"}],"wp:term":[{"taxonomy":"product_cat","embeddable":true,"href":"https:\/\/nembutalhouse.com\/pl\/wp-json\/wp\/v2\/product_cat?post=580"},{"taxonomy":"product_tag","embeddable":true,"href":"https:\/\/nembutalhouse.com\/pl\/wp-json\/wp\/v2\/product_tag?post=580"}],"curies":[{"name":"wp","href":"https:\/\/api.w.org\/{rel}","templated":true}]}}