{"id":577,"date":"2024-10-16T05:27:46","date_gmt":"2024-10-16T05:27:46","guid":{"rendered":"https:\/\/nembutalhouse.com\/?post_type=product&#038;p=577"},"modified":"2026-03-06T07:35:56","modified_gmt":"2026-03-06T07:35:56","slug":"buy-5f-adb-online","status":"publish","type":"product","link":"https:\/\/nembutalhouse.com\/pl\/produkt\/buy-5f-adb-online\/","title":{"rendered":"Buy 5F-ADB Online"},"content":{"rendered":"<h2>Buy 5F-ADB Online<\/h2>\n<p><a href=\"https:\/\/nembutalhouse.com\/pl\/produkt\/buy-5f-adb-online\/\">5F-ADB<\/a> dost\u0119pny do zakupu. Jest to syntetyczny agonista receptora kannabinoidowego (SCRA) o strukturze amino alkiloindazolu, kt\u00f3ry jest aktywnym sk\u0142adnikiem towar\u00f3w sprzedawanych jako alternatywa dla konopi indyjskich. Nie ma uznanego zastosowania leczniczego lub terapeutycznego dla 5F-ADB. W kilku miejscach jest on nadu\u017cywany i wykorzystywany do cel\u00f3w niemedycznych. Ponadto niekt\u00f3re kraje znacjonalizowa\u0142y 5F-ADB. 5F-ADB na\u015bladuje dzia\u0142anie \u03949-tetrahydrokannabinolu (THC) podczas palenia. W por\u00f3wnaniu do THC, do uzyskania tych efekt\u00f3w wymagane s\u0105 mniejsze dawki. Liczne zagro\u017cenia zwi\u0105zane z u\u017cywaniem konopi indyjskich odnosz\u0105 si\u0119 r\u00f3wnie\u017c do 5F-ADB, w tym mo\u017cliwo\u015b\u0107 wyst\u0105pienia ostrej psychozy i problem\u00f3w u os\u00f3b z zaburzeniami sercowo-naczyniowymi. 5F-ADB dost\u0119pny w sprzeda\u017cy<br \/>\nPrzegl\u0105d przesz\u0142o\u015bci 5F-adb<\/p>\n<p>5F-ADB, cz\u0119sto okre\u015blany jako 5F-MDMB-PINACA, to syntetyczny kannabinoid pochodz\u0105cy z indazolu i nale\u017c\u0105cy do rodziny indazolo-3-karboksyamid\u00f3w. By\u0142 on sprzedawany w Internecie jako narkotyk designerski i wykorzystywany jako aktywny sk\u0142adnik syntetycznych produkt\u00f3w z konopi indyjskich. Po raz pierwszy odkryty w listopadzie 2014 r., 5F-ADB zosta\u0142 znaleziony w pr\u00f3bkach po\u015bmiertnych od zmar\u0142ej osoby, kt\u00f3ra u\u017cywa\u0142a produktu zawieraj\u0105cego ten materia\u0142. Po przeprowadzeniu test\u00f3w odkryto, \u017ce 5F-ADB znaleziono u 10 os\u00f3b, kt\u00f3re zmar\u0142y w Japonii mi\u0119dzy wrze\u015bniem 2014 r. a grudniem 2014 r. z powodu przedawkowania narkotyk\u00f3w, kt\u00f3re wci\u0105\u017c nie s\u0105 znane. W oparciu o niewiarygodnie niskie poziomy znalezione w pr\u00f3bkach tkanek, uwa\u017ca si\u0119, \u017ce 5F-ADB jest niezwykle silny. Wydaje si\u0119 r\u00f3wnie\u017c, \u017ce jest znacznie bardziej niebezpieczny ni\u017c wcze\u015bniejsze syntetyczne leki kannabinoidowe, kt\u00f3re by\u0142y wcze\u015bniej sprzedawane. 5F-ADB dost\u0119pny w sprzeda\u017cy. Profil narkotyku <a href=\"https:\/\/nembutalhouse.com\/pl\/\">NembutalHouse<\/a>.<\/p>\n<h3>WHO bada przesz\u0142o\u015b\u0107 5f-adb<\/h3>\n<p>Nigdy nie przeprowadzono wst\u0119pnej ani krytycznej oceny <a href=\"https:\/\/en.wikipedia.org\/wiki\/5F-ADB\">5F-ADB<\/a>. Na podstawie informacji przekazanych WHO sugeruje si\u0119 bezpo\u015bredni przegl\u0105d krytyczny. Wynika to z faktu, \u017ce 5F-ADB jest wytwarzany potajemnie, stanowi szczeg\u00f3lnie powa\u017cne zagro\u017cenie dla spo\u0142ecze\u0144stwa i zdrowia publicznego oraz nie ma uznanego celu terapeutycznego wed\u0142ug \u017cadnej ze stron. Wst\u0119pne dane zebrane z r\u00f3\u017cnych kraj\u00f3w i literatury sugeruj\u0105, \u017ce lek ten nie ma znanej warto\u015bci medycznej i mo\u017ce powodowa\u0107 powa\u017cne szkody. 5F-ADB dost\u0119pny w sprzeda\u017cy<\/p>\n<p>&nbsp;<\/p>\n<p>&nbsp;<\/p>","protected":false},"excerpt":{"rendered":"<p>Buy 5F-ADB Online 5F-ADB available for purchase. It is an amino alkylindazole-structured synthetic cannabinoid receptor agonist (SCRA) that is an active component of goods marketed as cannabis alternatives. There is&hellip;<\/p>","protected":false},"featured_media":590,"comment_status":"closed","ping_status":"closed","template":"","meta":{"_joinchat":[]},"product_cat":[186],"product_tag":[708,715,718,704,724,726,703,714,725,723,722,711,701,713,702,720,717,710,706,707,721,719,716,709,712,705],"class_list":{"0":"post-577","1":"product","2":"type-product","3":"status-publish","4":"has-post-thumbnail","6":"product_cat-research-chemicals","7":"product_tag-5f-adb-powder","8":"product_tag-5f-adb-price","9":"product_tag-5f-adb-store","10":"product_tag-5f-adb-supplier","11":"product_tag-5f-adb-use","12":"product_tag-5f-adbfor-cleaning","13":"product_tag-5f-adbfor-sale","14":"product_tag-5f-adbpowder-online","15":"product_tag-5f-adbwiki","16":"product_tag-5f-adbworldwide","17":"product_tag-best-cheap-price-5f-adb","18":"product_tag-best-place-to-buy-5f-adb","19":"product_tag-buy-5f-adb","20":"product_tag-buy-5f-adb-legally","21":"product_tag-buy-5f-adbonline","22":"product_tag-cheap-5f-adbs","23":"product_tag-high-quality-5f-adb","24":"product_tag-how-to-buy-5f-adb","25":"product_tag-order-5f-adb","26":"product_tag-order-5f-adb-online","27":"product_tag-purcharse-5f-adb-powder","28":"product_tag-shop-5f-adb","29":"product_tag-top-quality-5f-adb","30":"product_tag-where-to-buy-5f-adb","31":"product_tag-where-to-order-5f-adb","32":"product_tag-wholesale-5f-adb-bulk-online","34":"first","35":"instock","36":"shipping-taxable","37":"purchasable","38":"product-type-variable"},"yoast_head":"<!-- This site is optimized with the Yoast SEO plugin v24.1 - https:\/\/yoast.com\/wordpress\/plugins\/seo\/ -->\n<title>Buy 5F-ADB Online - 5F-ADB for Sale | NembutalHouse<\/title>\n<meta name=\"description\" content=\"Discover top-notch 5f-adb for sale at our online store - buy 5f-adb conveniently and securely to fuel your research. Explore and order 5f-adb online, advancing your scientific endeavors with ease. Order Now!\" \/>\n<meta name=\"robots\" content=\"index, follow, max-snippet:-1, max-image-preview:large, max-video-preview:-1\" \/>\n<link rel=\"canonical\" href=\"https:\/\/nembutalhouse.com\/pl\/produkt\/buy-5f-adb-online\/\" \/>\n<meta property=\"og:locale\" content=\"pl_PL\" \/>\n<meta property=\"og:type\" content=\"article\" \/>\n<meta property=\"og:title\" content=\"Buy 5F-ADB Online - 5F-ADB for Sale | NembutalHouse\" \/>\n<meta property=\"og:description\" content=\"Discover top-notch 5f-adb for sale at our online store - buy 5f-adb conveniently and securely to fuel your research. Explore and order 5f-adb online, advancing your scientific endeavors with ease. Order Now!\" \/>\n<meta property=\"og:url\" content=\"https:\/\/nembutalhouse.com\/pl\/produkt\/buy-5f-adb-online\/\" \/>\n<meta property=\"og:site_name\" content=\"Nembutal House\" \/>\n<meta property=\"article:modified_time\" content=\"2026-03-06T07:35:56+00:00\" \/>\n<meta property=\"og:image\" content=\"https:\/\/nembutalhouse.com\/wp-content\/uploads\/2024\/10\/5F-ADB.gif\" \/>\n\t<meta property=\"og:image:width\" content=\"600\" \/>\n\t<meta property=\"og:image:height\" content=\"600\" \/>\n\t<meta property=\"og:image:type\" content=\"image\/gif\" \/>\n<meta name=\"twitter:card\" content=\"summary_large_image\" \/>\n<meta name=\"twitter:label1\" content=\"Szacowany czas czytania\" \/>\n\t<meta name=\"twitter:data1\" content=\"2 minuty\" \/>\n<script type=\"application\/ld+json\" class=\"yoast-schema-graph\">{\"@context\":\"https:\/\/schema.org\",\"@graph\":[{\"@type\":\"WebPage\",\"@id\":\"https:\/\/nembutalhouse.com\/product\/buy-5f-adb-online\/\",\"url\":\"https:\/\/nembutalhouse.com\/product\/buy-5f-adb-online\/\",\"name\":\"Buy 5F-ADB Online - 5F-ADB for Sale | NembutalHouse\",\"isPartOf\":{\"@id\":\"https:\/\/nembutalhouse.com\/#website\"},\"primaryImageOfPage\":{\"@id\":\"https:\/\/nembutalhouse.com\/product\/buy-5f-adb-online\/#primaryimage\"},\"image\":{\"@id\":\"https:\/\/nembutalhouse.com\/product\/buy-5f-adb-online\/#primaryimage\"},\"thumbnailUrl\":\"https:\/\/nembutalhouse.com\/wp-content\/uploads\/2024\/10\/5F-ADB.gif\",\"datePublished\":\"2024-10-16T05:27:46+00:00\",\"dateModified\":\"2026-03-06T07:35:56+00:00\",\"description\":\"Discover top-notch 5f-adb for sale at our online store - buy 5f-adb conveniently and securely to fuel your research. Explore and order 5f-adb online, advancing your scientific endeavors with ease. Order Now!\",\"breadcrumb\":{\"@id\":\"https:\/\/nembutalhouse.com\/product\/buy-5f-adb-online\/#breadcrumb\"},\"inLanguage\":\"pl-PL\",\"potentialAction\":[{\"@type\":\"ReadAction\",\"target\":[\"https:\/\/nembutalhouse.com\/product\/buy-5f-adb-online\/\"]}]},{\"@type\":\"ImageObject\",\"inLanguage\":\"pl-PL\",\"@id\":\"https:\/\/nembutalhouse.com\/product\/buy-5f-adb-online\/#primaryimage\",\"url\":\"https:\/\/nembutalhouse.com\/wp-content\/uploads\/2024\/10\/5F-ADB.gif\",\"contentUrl\":\"https:\/\/nembutalhouse.com\/wp-content\/uploads\/2024\/10\/5F-ADB.gif\",\"width\":600,\"height\":600,\"caption\":\"Buy 5F-ADB Online\"},{\"@type\":\"BreadcrumbList\",\"@id\":\"https:\/\/nembutalhouse.com\/product\/buy-5f-adb-online\/#breadcrumb\",\"itemListElement\":[{\"@type\":\"ListItem\",\"position\":1,\"name\":\"Home\",\"item\":\"https:\/\/nembutalhouse.com\/\"},{\"@type\":\"ListItem\",\"position\":2,\"name\":\"Shop\",\"item\":\"https:\/\/nembutalhouse.com\/shop\/\"},{\"@type\":\"ListItem\",\"position\":3,\"name\":\"Buy 5F-ADB Online\"}]},{\"@type\":\"WebSite\",\"@id\":\"https:\/\/nembutalhouse.com\/#website\",\"url\":\"https:\/\/nembutalhouse.com\/\",\"name\":\"Nembutal House\",\"description\":\"Best Nembutal Online Store\",\"publisher\":{\"@id\":\"https:\/\/nembutalhouse.com\/#organization\"},\"potentialAction\":[{\"@type\":\"SearchAction\",\"target\":{\"@type\":\"EntryPoint\",\"urlTemplate\":\"https:\/\/nembutalhouse.com\/?s={search_term_string}\"},\"query-input\":{\"@type\":\"PropertyValueSpecification\",\"valueRequired\":true,\"valueName\":\"search_term_string\"}}],\"inLanguage\":\"pl-PL\"},{\"@type\":\"Organization\",\"@id\":\"https:\/\/nembutalhouse.com\/#organization\",\"name\":\"Nembutal House\",\"url\":\"https:\/\/nembutalhouse.com\/\",\"logo\":{\"@type\":\"ImageObject\",\"inLanguage\":\"pl-PL\",\"@id\":\"https:\/\/nembutalhouse.com\/#\/schema\/logo\/image\/\",\"url\":\"https:\/\/nembutalhouse.com\/wp-content\/uploads\/2022\/12\/logo.png\",\"contentUrl\":\"https:\/\/nembutalhouse.com\/wp-content\/uploads\/2022\/12\/logo.png\",\"width\":344,\"height\":103,\"caption\":\"Nembutal House\"},\"image\":{\"@id\":\"https:\/\/nembutalhouse.com\/#\/schema\/logo\/image\/\"}}]}<\/script>\n<!-- \/ Yoast SEO plugin. -->","yoast_head_json":{"title":"Buy 5F-ADB Online - 5F-ADB for Sale | NembutalHouse","description":"Discover top-notch 5f-adb for sale at our online store - buy 5f-adb conveniently and securely to fuel your research. Explore and order 5f-adb online, advancing your scientific endeavors with ease. Order Now!","robots":{"index":"index","follow":"follow","max-snippet":"max-snippet:-1","max-image-preview":"max-image-preview:large","max-video-preview":"max-video-preview:-1"},"canonical":"https:\/\/nembutalhouse.com\/pl\/produkt\/buy-5f-adb-online\/","og_locale":"pl_PL","og_type":"article","og_title":"Buy 5F-ADB Online - 5F-ADB for Sale | NembutalHouse","og_description":"Discover top-notch 5f-adb for sale at our online store - buy 5f-adb conveniently and securely to fuel your research. Explore and order 5f-adb online, advancing your scientific endeavors with ease. Order Now!","og_url":"https:\/\/nembutalhouse.com\/pl\/produkt\/buy-5f-adb-online\/","og_site_name":"Nembutal House","article_modified_time":"2026-03-06T07:35:56+00:00","og_image":[{"width":600,"height":600,"url":"https:\/\/nembutalhouse.com\/wp-content\/uploads\/2024\/10\/5F-ADB.gif","type":"image\/gif"}],"twitter_card":"summary_large_image","twitter_misc":{"Szacowany czas czytania":"2 minuty"},"schema":{"@context":"https:\/\/schema.org","@graph":[{"@type":"WebPage","@id":"https:\/\/nembutalhouse.com\/product\/buy-5f-adb-online\/","url":"https:\/\/nembutalhouse.com\/product\/buy-5f-adb-online\/","name":"Buy 5F-ADB Online - 5F-ADB for Sale | NembutalHouse","isPartOf":{"@id":"https:\/\/nembutalhouse.com\/#website"},"primaryImageOfPage":{"@id":"https:\/\/nembutalhouse.com\/product\/buy-5f-adb-online\/#primaryimage"},"image":{"@id":"https:\/\/nembutalhouse.com\/product\/buy-5f-adb-online\/#primaryimage"},"thumbnailUrl":"https:\/\/nembutalhouse.com\/wp-content\/uploads\/2024\/10\/5F-ADB.gif","datePublished":"2024-10-16T05:27:46+00:00","dateModified":"2026-03-06T07:35:56+00:00","description":"Discover top-notch 5f-adb for sale at our online store - buy 5f-adb conveniently and securely to fuel your research. Explore and order 5f-adb online, advancing your scientific endeavors with ease. Order Now!","breadcrumb":{"@id":"https:\/\/nembutalhouse.com\/product\/buy-5f-adb-online\/#breadcrumb"},"inLanguage":"pl-PL","potentialAction":[{"@type":"ReadAction","target":["https:\/\/nembutalhouse.com\/product\/buy-5f-adb-online\/"]}]},{"@type":"ImageObject","inLanguage":"pl-PL","@id":"https:\/\/nembutalhouse.com\/product\/buy-5f-adb-online\/#primaryimage","url":"https:\/\/nembutalhouse.com\/wp-content\/uploads\/2024\/10\/5F-ADB.gif","contentUrl":"https:\/\/nembutalhouse.com\/wp-content\/uploads\/2024\/10\/5F-ADB.gif","width":600,"height":600,"caption":"Buy 5F-ADB Online"},{"@type":"BreadcrumbList","@id":"https:\/\/nembutalhouse.com\/product\/buy-5f-adb-online\/#breadcrumb","itemListElement":[{"@type":"ListItem","position":1,"name":"Home","item":"https:\/\/nembutalhouse.com\/"},{"@type":"ListItem","position":2,"name":"Shop","item":"https:\/\/nembutalhouse.com\/shop\/"},{"@type":"ListItem","position":3,"name":"Buy 5F-ADB Online"}]},{"@type":"WebSite","@id":"https:\/\/nembutalhouse.com\/#website","url":"https:\/\/nembutalhouse.com\/","name":"Nembutal House","description":"Best Nembutal Online Store","publisher":{"@id":"https:\/\/nembutalhouse.com\/#organization"},"potentialAction":[{"@type":"SearchAction","target":{"@type":"EntryPoint","urlTemplate":"https:\/\/nembutalhouse.com\/?s={search_term_string}"},"query-input":{"@type":"PropertyValueSpecification","valueRequired":true,"valueName":"search_term_string"}}],"inLanguage":"pl-PL"},{"@type":"Organization","@id":"https:\/\/nembutalhouse.com\/#organization","name":"Nembutal House","url":"https:\/\/nembutalhouse.com\/","logo":{"@type":"ImageObject","inLanguage":"pl-PL","@id":"https:\/\/nembutalhouse.com\/#\/schema\/logo\/image\/","url":"https:\/\/nembutalhouse.com\/wp-content\/uploads\/2022\/12\/logo.png","contentUrl":"https:\/\/nembutalhouse.com\/wp-content\/uploads\/2022\/12\/logo.png","width":344,"height":103,"caption":"Nembutal House"},"image":{"@id":"https:\/\/nembutalhouse.com\/#\/schema\/logo\/image\/"}}]}},"_links":{"self":[{"href":"https:\/\/nembutalhouse.com\/pl\/wp-json\/wp\/v2\/product\/577","targetHints":{"allow":["GET"]}}],"collection":[{"href":"https:\/\/nembutalhouse.com\/pl\/wp-json\/wp\/v2\/product"}],"about":[{"href":"https:\/\/nembutalhouse.com\/pl\/wp-json\/wp\/v2\/types\/product"}],"replies":[{"embeddable":true,"href":"https:\/\/nembutalhouse.com\/pl\/wp-json\/wp\/v2\/comments?post=577"}],"wp:featuredmedia":[{"embeddable":true,"href":"https:\/\/nembutalhouse.com\/pl\/wp-json\/wp\/v2\/media\/590"}],"wp:attachment":[{"href":"https:\/\/nembutalhouse.com\/pl\/wp-json\/wp\/v2\/media?parent=577"}],"wp:term":[{"taxonomy":"product_cat","embeddable":true,"href":"https:\/\/nembutalhouse.com\/pl\/wp-json\/wp\/v2\/product_cat?post=577"},{"taxonomy":"product_tag","embeddable":true,"href":"https:\/\/nembutalhouse.com\/pl\/wp-json\/wp\/v2\/product_tag?post=577"}],"curies":[{"name":"wp","href":"https:\/\/api.w.org\/{rel}","templated":true}]}}