{"id":529,"date":"2024-10-16T04:59:57","date_gmt":"2024-10-16T04:59:57","guid":{"rendered":"https:\/\/nembutalhouse.com\/?post_type=product&#038;p=529"},"modified":"2026-03-06T07:35:40","modified_gmt":"2026-03-06T07:35:40","slug":"buy-5cladba-online","status":"publish","type":"product","link":"https:\/\/nembutalhouse.com\/pl\/produkt\/kupic-5cladba-online\/","title":{"rendered":"Buy 5cladba Online"},"content":{"rendered":"<h2>Kup 5cl-adb-a online<\/h2>\n<p>Kup online 5cl-adb-a Jest r\u00f3wnie\u017c znany jako MDMB-4en-P i jest zwykle przeznaczony wy\u0142\u0105cznie do bada\u0144; nie jest przeznaczony do spo\u017cycia przez ludzi ani zwierz\u0119ta.<br \/>\n5-cl-adb-a dost\u0119pne w sprzeda\u017cy<\/p>\n<p><a href=\"https:\/\/nembutalhouse.com\/pl\/\">NembutalHouse<\/a> Sales oferuje 5-cl-adb-a na sprzeda\u017c online w niskiej cenie. Wysy\u0142amy, gdy tylko produkt zostanie zweryfikowany; w mi\u0119dzyczasie 5-cl-adb-a jest dodatkowym zmodyfikowanym kannabinoidem, kt\u00f3ry niedawno sta\u0142 si\u0119 dost\u0119pny i zosta\u0142 dodany do naszego asortymentu. Sztucznie wytworzony kannabinoid z rodziny indazolo-3-karboksyamid\u00f3w to <a href=\"https:\/\/nembutalhouse.com\/pl\/produkt\/kupic-5cladba-online\/\">5-cl-adb-an<\/a>. Pochodzi z serii mieszanek, kt\u00f3re firma Pfizer opracowa\u0142a po raz pierwszy w 2009 roku jako \u015brodek przeciwb\u00f3lowy.<\/p>\n<h3>aplikacje dla 5cl-adb-a<\/h3>\n<p>5cl-adb-a, kt\u00f3ry mo\u017cna kupi\u0107 na tej stronie, nie jest przeznaczony do test\u00f3w in vivo ani do u\u017cytku przez ludzi. Ten produkt jest<\/p>\n<p>sugerowane do, w pewnym sensie, zastosowa\u0144 kryminologicznych i bada\u0144 logicznych. 5-cl-adb-a powinien by\u0107 u\u017cywany wy\u0142\u0105cznie w warunkach o\u015brodka badawczego przez przeszkolony personel.<\/p>\n<p><a href=\"https:\/\/en.wikipedia.org\/wiki\/MDMB-4en-PINACA\">5-CL-ADB-An<\/a> to syntetyczny kannabinoid pochodz\u0105cy z indazoli. 5-cl-adb-a jest sprzedawany jako lek architektoniczny i jest dost\u0119pny do zakupu online. Zakup 5cl-adb-a online jest prostym przyk\u0142adem amylowanego podrz\u0119dnego 5f-adb, w kt\u00f3rym amylen zosta\u0142 u\u017cyty zamiast estru metylowego.<\/p>\n<p>Jest znacznie silniejszy ni\u017c 5f-adb w por\u00f3wnaniu, nawet je\u015bli jest wyra\u017cony w prosty spos\u00f3b. W ma\u0142o prawdopodobnym przypadku, je\u015bli szukasz gor\u0105cej i silnej marihuany, 5-cl-adb-an jest t\u0105, kt\u00f3rej powiniene\u015b szuka\u0107. Po prostu skontaktuj si\u0119 z nami teraz za po\u015brednictwem WhatsApp lub naszej wizyty na \u017cywo, a my dostarczymy Ci wszystkich potrzebnych informacji na temat tego nowego kannabinoidu, kt\u00f3ry jest obecnie szerzej stosowany. Kup online 5cl-adb-a.<\/p>\n<p>&nbsp;<\/p>\n<p>&nbsp;<\/p>","protected":false},"excerpt":{"rendered":"<p>Buy\u00a0 5cl-adb-a online Buy online 5cl-adb-a It is also known as MDMB-4en-P and is typically only meant to be used for study; it is not meant to be consumed by&hellip;<\/p>","protected":false},"featured_media":575,"comment_status":"closed","ping_status":"closed","template":"","meta":{"_joinchat":[]},"product_cat":[186],"product_tag":[670,649,652,658,659,662,669,667,668,666,655,647,657,648,664,624,661,654,650,651,665,663,660,653,656,625],"class_list":{"0":"post-529","1":"product","2":"type-product","3":"status-publish","4":"has-post-thumbnail","6":"product_cat-research-chemicals","7":"product_tag-5cladba-for-cleaning","8":"product_tag-5cladba-for-sale","9":"product_tag-5cladba-powder","10":"product_tag-5cladba-powder-online","11":"product_tag-5cladba-price","12":"product_tag-5cladba-store","13":"product_tag-5cladba-wiki","14":"product_tag-5cladba-worldwide","15":"product_tag-5cladbas-use","16":"product_tag-best-cheap-price-5cladba","17":"product_tag-best-place-to-buy-5cladba","18":"product_tag-buy-5cladba","19":"product_tag-buy-5cladba-legally","20":"product_tag-buy-5cladba-online","21":"product_tag-cheap-5cladbas","22":"product_tag-dmxe-supplier","23":"product_tag-high-quality-5cladba","24":"product_tag-how-to-buy-5cladba","25":"product_tag-order-5cladba","26":"product_tag-order-5cladba-online","27":"product_tag-purcharse-5cladba","28":"product_tag-shop-5cladba","29":"product_tag-top-quality-5cladba","30":"product_tag-where-to-buy-5cladba","31":"product_tag-where-to-order-5cladba","32":"product_tag-wholesale-dmxe-bulk-online","34":"first","35":"instock","36":"shipping-taxable","37":"purchasable","38":"product-type-variable"},"yoast_head":"<!-- This site is optimized with the Yoast SEO plugin v24.1 - https:\/\/yoast.com\/wordpress\/plugins\/seo\/ -->\n<title>Buy 5 CLADBA Online - 5 CLADBA Powder for Sale<\/title>\n<meta name=\"description\" content=\"Find premium 5cladba for sale at our online store, providing a secure platform to buy 5cladba online with ease, catering to your research needs.\" \/>\n<meta name=\"robots\" content=\"index, follow, max-snippet:-1, max-image-preview:large, max-video-preview:-1\" \/>\n<link rel=\"canonical\" href=\"https:\/\/nembutalhouse.com\/pl\/produkt\/kupic-5cladba-online\/\" \/>\n<meta property=\"og:locale\" content=\"pl_PL\" \/>\n<meta property=\"og:type\" content=\"article\" \/>\n<meta property=\"og:title\" content=\"Buy 5 CLADBA Online - 5 CLADBA Powder for Sale\" \/>\n<meta property=\"og:description\" content=\"Find premium 5cladba for sale at our online store, providing a secure platform to buy 5cladba online with ease, catering to your research needs.\" \/>\n<meta property=\"og:url\" content=\"https:\/\/nembutalhouse.com\/pl\/produkt\/kupic-5cladba-online\/\" \/>\n<meta property=\"og:site_name\" content=\"Nembutal House\" \/>\n<meta property=\"article:modified_time\" content=\"2026-03-06T07:35:40+00:00\" \/>\n<meta property=\"og:image\" content=\"https:\/\/nembutalhouse.com\/wp-content\/uploads\/2024\/10\/5cladba.gif\" \/>\n\t<meta property=\"og:image:width\" content=\"600\" \/>\n\t<meta property=\"og:image:height\" content=\"600\" \/>\n\t<meta property=\"og:image:type\" content=\"image\/gif\" \/>\n<meta name=\"twitter:card\" content=\"summary_large_image\" \/>\n<meta name=\"twitter:label1\" content=\"Szacowany czas czytania\" \/>\n\t<meta name=\"twitter:data1\" content=\"2 minuty\" \/>\n<script type=\"application\/ld+json\" class=\"yoast-schema-graph\">{\"@context\":\"https:\/\/schema.org\",\"@graph\":[{\"@type\":\"WebPage\",\"@id\":\"https:\/\/nembutalhouse.com\/product\/buy-5cladba-online\/\",\"url\":\"https:\/\/nembutalhouse.com\/product\/buy-5cladba-online\/\",\"name\":\"Buy 5 CLADBA Online - 5 CLADBA Powder for Sale\",\"isPartOf\":{\"@id\":\"https:\/\/nembutalhouse.com\/#website\"},\"primaryImageOfPage\":{\"@id\":\"https:\/\/nembutalhouse.com\/product\/buy-5cladba-online\/#primaryimage\"},\"image\":{\"@id\":\"https:\/\/nembutalhouse.com\/product\/buy-5cladba-online\/#primaryimage\"},\"thumbnailUrl\":\"https:\/\/nembutalhouse.com\/wp-content\/uploads\/2024\/10\/5cladba.gif\",\"datePublished\":\"2024-10-16T04:59:57+00:00\",\"dateModified\":\"2026-03-06T07:35:40+00:00\",\"description\":\"Find premium 5cladba for sale at our online store, providing a secure platform to buy 5cladba online with ease, catering to your research needs.\",\"breadcrumb\":{\"@id\":\"https:\/\/nembutalhouse.com\/product\/buy-5cladba-online\/#breadcrumb\"},\"inLanguage\":\"pl-PL\",\"potentialAction\":[{\"@type\":\"ReadAction\",\"target\":[\"https:\/\/nembutalhouse.com\/product\/buy-5cladba-online\/\"]}]},{\"@type\":\"ImageObject\",\"inLanguage\":\"pl-PL\",\"@id\":\"https:\/\/nembutalhouse.com\/product\/buy-5cladba-online\/#primaryimage\",\"url\":\"https:\/\/nembutalhouse.com\/wp-content\/uploads\/2024\/10\/5cladba.gif\",\"contentUrl\":\"https:\/\/nembutalhouse.com\/wp-content\/uploads\/2024\/10\/5cladba.gif\",\"width\":600,\"height\":600,\"caption\":\"Buy 5cladba Online\"},{\"@type\":\"BreadcrumbList\",\"@id\":\"https:\/\/nembutalhouse.com\/product\/buy-5cladba-online\/#breadcrumb\",\"itemListElement\":[{\"@type\":\"ListItem\",\"position\":1,\"name\":\"Home\",\"item\":\"https:\/\/nembutalhouse.com\/\"},{\"@type\":\"ListItem\",\"position\":2,\"name\":\"Shop\",\"item\":\"https:\/\/nembutalhouse.com\/shop\/\"},{\"@type\":\"ListItem\",\"position\":3,\"name\":\"Buy 5cladba Online\"}]},{\"@type\":\"WebSite\",\"@id\":\"https:\/\/nembutalhouse.com\/#website\",\"url\":\"https:\/\/nembutalhouse.com\/\",\"name\":\"Nembutal House\",\"description\":\"Best Nembutal Online Store\",\"publisher\":{\"@id\":\"https:\/\/nembutalhouse.com\/#organization\"},\"potentialAction\":[{\"@type\":\"SearchAction\",\"target\":{\"@type\":\"EntryPoint\",\"urlTemplate\":\"https:\/\/nembutalhouse.com\/?s={search_term_string}\"},\"query-input\":{\"@type\":\"PropertyValueSpecification\",\"valueRequired\":true,\"valueName\":\"search_term_string\"}}],\"inLanguage\":\"pl-PL\"},{\"@type\":\"Organization\",\"@id\":\"https:\/\/nembutalhouse.com\/#organization\",\"name\":\"Nembutal House\",\"url\":\"https:\/\/nembutalhouse.com\/\",\"logo\":{\"@type\":\"ImageObject\",\"inLanguage\":\"pl-PL\",\"@id\":\"https:\/\/nembutalhouse.com\/#\/schema\/logo\/image\/\",\"url\":\"https:\/\/nembutalhouse.com\/wp-content\/uploads\/2022\/12\/logo.png\",\"contentUrl\":\"https:\/\/nembutalhouse.com\/wp-content\/uploads\/2022\/12\/logo.png\",\"width\":344,\"height\":103,\"caption\":\"Nembutal House\"},\"image\":{\"@id\":\"https:\/\/nembutalhouse.com\/#\/schema\/logo\/image\/\"}}]}<\/script>\n<!-- \/ Yoast SEO plugin. -->","yoast_head_json":{"title":"Buy 5 CLADBA Online - 5 CLADBA Powder for Sale","description":"Find premium 5cladba for sale at our online store, providing a secure platform to buy 5cladba online with ease, catering to your research needs.","robots":{"index":"index","follow":"follow","max-snippet":"max-snippet:-1","max-image-preview":"max-image-preview:large","max-video-preview":"max-video-preview:-1"},"canonical":"https:\/\/nembutalhouse.com\/pl\/produkt\/kupic-5cladba-online\/","og_locale":"pl_PL","og_type":"article","og_title":"Buy 5 CLADBA Online - 5 CLADBA Powder for Sale","og_description":"Find premium 5cladba for sale at our online store, providing a secure platform to buy 5cladba online with ease, catering to your research needs.","og_url":"https:\/\/nembutalhouse.com\/pl\/produkt\/kupic-5cladba-online\/","og_site_name":"Nembutal House","article_modified_time":"2026-03-06T07:35:40+00:00","og_image":[{"width":600,"height":600,"url":"https:\/\/nembutalhouse.com\/wp-content\/uploads\/2024\/10\/5cladba.gif","type":"image\/gif"}],"twitter_card":"summary_large_image","twitter_misc":{"Szacowany czas czytania":"2 minuty"},"schema":{"@context":"https:\/\/schema.org","@graph":[{"@type":"WebPage","@id":"https:\/\/nembutalhouse.com\/product\/buy-5cladba-online\/","url":"https:\/\/nembutalhouse.com\/product\/buy-5cladba-online\/","name":"Buy 5 CLADBA Online - 5 CLADBA Powder for Sale","isPartOf":{"@id":"https:\/\/nembutalhouse.com\/#website"},"primaryImageOfPage":{"@id":"https:\/\/nembutalhouse.com\/product\/buy-5cladba-online\/#primaryimage"},"image":{"@id":"https:\/\/nembutalhouse.com\/product\/buy-5cladba-online\/#primaryimage"},"thumbnailUrl":"https:\/\/nembutalhouse.com\/wp-content\/uploads\/2024\/10\/5cladba.gif","datePublished":"2024-10-16T04:59:57+00:00","dateModified":"2026-03-06T07:35:40+00:00","description":"Find premium 5cladba for sale at our online store, providing a secure platform to buy 5cladba online with ease, catering to your research needs.","breadcrumb":{"@id":"https:\/\/nembutalhouse.com\/product\/buy-5cladba-online\/#breadcrumb"},"inLanguage":"pl-PL","potentialAction":[{"@type":"ReadAction","target":["https:\/\/nembutalhouse.com\/product\/buy-5cladba-online\/"]}]},{"@type":"ImageObject","inLanguage":"pl-PL","@id":"https:\/\/nembutalhouse.com\/product\/buy-5cladba-online\/#primaryimage","url":"https:\/\/nembutalhouse.com\/wp-content\/uploads\/2024\/10\/5cladba.gif","contentUrl":"https:\/\/nembutalhouse.com\/wp-content\/uploads\/2024\/10\/5cladba.gif","width":600,"height":600,"caption":"Buy 5cladba Online"},{"@type":"BreadcrumbList","@id":"https:\/\/nembutalhouse.com\/product\/buy-5cladba-online\/#breadcrumb","itemListElement":[{"@type":"ListItem","position":1,"name":"Home","item":"https:\/\/nembutalhouse.com\/"},{"@type":"ListItem","position":2,"name":"Shop","item":"https:\/\/nembutalhouse.com\/shop\/"},{"@type":"ListItem","position":3,"name":"Buy 5cladba Online"}]},{"@type":"WebSite","@id":"https:\/\/nembutalhouse.com\/#website","url":"https:\/\/nembutalhouse.com\/","name":"Nembutal House","description":"Best Nembutal Online Store","publisher":{"@id":"https:\/\/nembutalhouse.com\/#organization"},"potentialAction":[{"@type":"SearchAction","target":{"@type":"EntryPoint","urlTemplate":"https:\/\/nembutalhouse.com\/?s={search_term_string}"},"query-input":{"@type":"PropertyValueSpecification","valueRequired":true,"valueName":"search_term_string"}}],"inLanguage":"pl-PL"},{"@type":"Organization","@id":"https:\/\/nembutalhouse.com\/#organization","name":"Nembutal House","url":"https:\/\/nembutalhouse.com\/","logo":{"@type":"ImageObject","inLanguage":"pl-PL","@id":"https:\/\/nembutalhouse.com\/#\/schema\/logo\/image\/","url":"https:\/\/nembutalhouse.com\/wp-content\/uploads\/2022\/12\/logo.png","contentUrl":"https:\/\/nembutalhouse.com\/wp-content\/uploads\/2022\/12\/logo.png","width":344,"height":103,"caption":"Nembutal House"},"image":{"@id":"https:\/\/nembutalhouse.com\/#\/schema\/logo\/image\/"}}]}},"_links":{"self":[{"href":"https:\/\/nembutalhouse.com\/pl\/wp-json\/wp\/v2\/product\/529","targetHints":{"allow":["GET"]}}],"collection":[{"href":"https:\/\/nembutalhouse.com\/pl\/wp-json\/wp\/v2\/product"}],"about":[{"href":"https:\/\/nembutalhouse.com\/pl\/wp-json\/wp\/v2\/types\/product"}],"replies":[{"embeddable":true,"href":"https:\/\/nembutalhouse.com\/pl\/wp-json\/wp\/v2\/comments?post=529"}],"wp:featuredmedia":[{"embeddable":true,"href":"https:\/\/nembutalhouse.com\/pl\/wp-json\/wp\/v2\/media\/575"}],"wp:attachment":[{"href":"https:\/\/nembutalhouse.com\/pl\/wp-json\/wp\/v2\/media?parent=529"}],"wp:term":[{"taxonomy":"product_cat","embeddable":true,"href":"https:\/\/nembutalhouse.com\/pl\/wp-json\/wp\/v2\/product_cat?post=529"},{"taxonomy":"product_tag","embeddable":true,"href":"https:\/\/nembutalhouse.com\/pl\/wp-json\/wp\/v2\/product_tag?post=529"}],"curies":[{"name":"wp","href":"https:\/\/api.w.org\/{rel}","templated":true}]}}