{"id":302,"date":"2023-06-14T10:06:16","date_gmt":"2023-06-14T10:06:16","guid":{"rendered":"https:\/\/nembutalhouse.com\/?post_type=product&#038;p=302"},"modified":"2026-03-06T11:19:39","modified_gmt":"2026-03-06T11:19:39","slug":"buy-phenobarbital-phenobarbital-luminal-for-sale","status":"publish","type":"product","link":"https:\/\/nembutalhouse.com\/pl\/produkt\/buy-phenobarbital-phenobarbital-luminal-for-sale\/","title":{"rendered":"Buy Phenobarbital (Phenobarbital) \/ Luminal for Sale"},"content":{"rendered":"<h2>Buy Phenobarbital (Phenobarbital) \/ Luminal for Sale<\/h2>\n<h3>Przyst\u0119pny cenowo Phenobarbital Luminal na sprzeda\u017c online z najlepszej apteki<\/h3>\n<p><a href=\"https:\/\/nembutalhouse.com\/pl\/produkt\/buy-phenobarbital-phenobarbital-luminal-for-sale\/\">Buy Phenobarbital (Phenobarbital) \/ Luminal for Sale<\/a>Renomowan\u0105 aptek\u0105, kt\u00f3ra pomaga klientom w wygodnym zakupie lek\u00f3w i recept jest Apteka Nembutal. Nie przegap okazji, aby odwiedzi\u0107 nas online, je\u015bli chcesz uzyska\u0107 Phenobarbital Luminal online. Oferujemy ten lek na sprzeda\u017c w rozs\u0105dnych cenach.<\/p>\n<p>Klienci konsekwentnie otrzymuj\u0105 wysokiej jako\u015bci leki z naszej apteki internetowej. Tutaj wszystkie leki s\u0105 dostarczane konsumentom w wyznaczonym terminie. Jeste\u015bmy skuteczni we wszystkich naszych procedurach i nie tolerujemy \u017cadnych op\u00f3\u017anie\u0144 w naszej pracy. Aby kupi\u0107 Phenobarbital Luminal online w najlepszej cenie, skontaktuj si\u0119 z nami natychmiast, je\u015bli szukasz apteki internetowej takiej jak my.<\/p>\n<h3>Jak mo\u017cemy pom\u00f3c w bezpiecznym stosowaniu leku Phenobarbital Luminal?<\/h3>\n<p>An effective medication that is frequently used to manage specific types of seizures is phenobarbital Luminal. This medication can also be used to treat other conditions, such as anxiety and sleep issues. It is crucial to see your doctor prior to using this medication. Consult your doctor for detailed information before beginning <a href=\"https:\/\/en.wikipedia.org\/wiki\/Phenobarbital\">Phenobarbital<\/a> Luminal treatment.<\/p>\n<p>Do ka\u017cdego produktu zakupionego w naszej aptece internetowej do\u0142\u0105czony jest przewodnik po lekach. Jeste\u015bmy tutaj, aby u\u0142atwi\u0107 Ci zakup Phenobarbital Luminal online. Skontaktuj si\u0119 z nami ju\u017c teraz, aby skorzysta\u0107 z zalet tego leku. Jeste\u015bmy tutaj, aby zapewni\u0107 Ci sta\u0142\u0105 pomoc.<a href=\"https:\/\/nembutalhouse.com\/pl\/\">NembutalHouse<\/a><\/p>\n<p>Pentobarbiton, pentobarbital sodu, tabletki sodowe, czopek nembutal, tabletki yellow jackets, tabletka \u017c\u00f3\u0142ta, tabletka \u017c\u00f3\u0142ta 15, tabletki fenobarbitalu 32,4 mg, kupi\u0107 tabletki fenobarbitalu, tabletki fenobarbitalu 15 mg, tabletki fenobarbitalu 100 mg, tabletki fenobarbitalu 32,4 mg, jak przeci\u0105\u0107 tabletki fenobarbitalu na p\u00f3\u0142, tabletki sodowe, pentobarbital sodu<\/p>\n<p>&nbsp;<\/p>","protected":false},"excerpt":{"rendered":"<p>Buy Phenobarbital (Phenobarbital) \/ Luminal for Sale Affordably priced Phenobarbital Luminal For Sale Online From The Best Pharmacy Buy Phenobarbital (Phenobarbital) \/ Luminal for Sale, Online A reputable pharmacy that&hellip;<\/p>","protected":false},"featured_media":333,"comment_status":"closed","ping_status":"closed","template":"","meta":{"_joinchat":[]},"product_cat":[16],"product_tag":[380,369,359,371,360,378,375,368,364,365,384,361,366,385,373,376,362,383,381,372,382,379,377,374,367,370,363],"class_list":{"0":"post-302","1":"product","2":"type-product","3":"status-publish","4":"has-post-thumbnail","6":"product_cat-nembutal","7":"product_tag-best-cheap-price-phenobarbital","8":"product_tag-best-place-to-buy-phenobarbital","9":"product_tag-buy-phenobarbital","10":"product_tag-buy-phenobarbital-legally","11":"product_tag-buy-phenobarbital-online","12":"product_tag-cheap-phenobarbitals","13":"product_tag-high-quality-phenobarbital","14":"product_tag-how-to-buy-phenobarbital","15":"product_tag-order-phenobarbital","16":"product_tag-order-phenobarbital-online","17":"product_tag-phenobarbital-for-cleaning","18":"product_tag-phenobarbital-for-sale","19":"product_tag-phenobarbital-liquid","20":"product_tag-phenobarbital-powder","21":"product_tag-phenobarbital-price","22":"product_tag-phenobarbital-store","23":"product_tag-phenobarbital-supplier","24":"product_tag-phenobarbital-wiki","25":"product_tag-phenobarbital-worldwide","26":"product_tag-phenobarbitals-online","27":"product_tag-phenobarbitals-use","28":"product_tag-purcharse-phenobarbital","29":"product_tag-shop-phenobarbital","30":"product_tag-top-quality-phenobarbital","31":"product_tag-where-to-buy-phenobarbital","32":"product_tag-where-to-order-phenobarbital","33":"product_tag-wholesale-phenobarbital-bulk-online","35":"first","36":"instock","37":"shipping-taxable","38":"purchasable","39":"product-type-variable"},"yoast_head":"<!-- This site is optimized with the Yoast SEO plugin v24.1 - https:\/\/yoast.com\/wordpress\/plugins\/seo\/ -->\n<title>Phenobarbital for Sale - Buy Phenobarbital Online<\/title>\n<meta name=\"description\" content=\"Explore our online store for phenobarbital for sale, offering high-quality phenobarbital. Buy Phenobarbital online securely and embark on your research journey with confidence.\" \/>\n<meta name=\"robots\" content=\"index, follow, max-snippet:-1, max-image-preview:large, max-video-preview:-1\" \/>\n<link rel=\"canonical\" href=\"https:\/\/nembutalhouse.com\/pl\/produkt\/buy-phenobarbital-phenobarbital-luminal-for-sale\/\" \/>\n<meta property=\"og:locale\" content=\"pl_PL\" \/>\n<meta property=\"og:type\" content=\"article\" \/>\n<meta property=\"og:title\" content=\"Phenobarbital for Sale - Buy Phenobarbital Online\" \/>\n<meta property=\"og:description\" content=\"Explore our online store for phenobarbital for sale, offering high-quality phenobarbital. Buy Phenobarbital online securely and embark on your research journey with confidence.\" \/>\n<meta property=\"og:url\" content=\"https:\/\/nembutalhouse.com\/pl\/produkt\/buy-phenobarbital-phenobarbital-luminal-for-sale\/\" \/>\n<meta property=\"og:site_name\" content=\"Nembutal House\" \/>\n<meta property=\"article:modified_time\" content=\"2026-03-06T11:19:39+00:00\" \/>\n<meta property=\"og:image\" content=\"https:\/\/nembutalhouse.com\/wp-content\/uploads\/2023\/06\/PhenobarbitalLuminal-2.jpg\" \/>\n\t<meta property=\"og:image:width\" content=\"600\" \/>\n\t<meta property=\"og:image:height\" content=\"600\" \/>\n\t<meta property=\"og:image:type\" content=\"image\/jpeg\" \/>\n<meta name=\"twitter:card\" content=\"summary_large_image\" \/>\n<meta name=\"twitter:label1\" content=\"Szacowany czas czytania\" \/>\n\t<meta name=\"twitter:data1\" content=\"2 minuty\" \/>\n<script type=\"application\/ld+json\" class=\"yoast-schema-graph\">{\"@context\":\"https:\/\/schema.org\",\"@graph\":[{\"@type\":\"WebPage\",\"@id\":\"https:\/\/nembutalhouse.com\/product\/buy-phenobarbital-phenobarbital-luminal-for-sale\/\",\"url\":\"https:\/\/nembutalhouse.com\/product\/buy-phenobarbital-phenobarbital-luminal-for-sale\/\",\"name\":\"Phenobarbital for Sale - Buy Phenobarbital Online\",\"isPartOf\":{\"@id\":\"https:\/\/nembutalhouse.com\/#website\"},\"primaryImageOfPage\":{\"@id\":\"https:\/\/nembutalhouse.com\/product\/buy-phenobarbital-phenobarbital-luminal-for-sale\/#primaryimage\"},\"image\":{\"@id\":\"https:\/\/nembutalhouse.com\/product\/buy-phenobarbital-phenobarbital-luminal-for-sale\/#primaryimage\"},\"thumbnailUrl\":\"https:\/\/nembutalhouse.com\/wp-content\/uploads\/2023\/06\/PhenobarbitalLuminal-2.jpg\",\"datePublished\":\"2023-06-14T10:06:16+00:00\",\"dateModified\":\"2026-03-06T11:19:39+00:00\",\"description\":\"Explore our online store for phenobarbital for sale, offering high-quality phenobarbital. Buy Phenobarbital online securely and embark on your research journey with confidence.\",\"breadcrumb\":{\"@id\":\"https:\/\/nembutalhouse.com\/product\/buy-phenobarbital-phenobarbital-luminal-for-sale\/#breadcrumb\"},\"inLanguage\":\"pl-PL\",\"potentialAction\":[{\"@type\":\"ReadAction\",\"target\":[\"https:\/\/nembutalhouse.com\/product\/buy-phenobarbital-phenobarbital-luminal-for-sale\/\"]}]},{\"@type\":\"ImageObject\",\"inLanguage\":\"pl-PL\",\"@id\":\"https:\/\/nembutalhouse.com\/product\/buy-phenobarbital-phenobarbital-luminal-for-sale\/#primaryimage\",\"url\":\"https:\/\/nembutalhouse.com\/wp-content\/uploads\/2023\/06\/PhenobarbitalLuminal-2.jpg\",\"contentUrl\":\"https:\/\/nembutalhouse.com\/wp-content\/uploads\/2023\/06\/PhenobarbitalLuminal-2.jpg\",\"width\":600,\"height\":600,\"caption\":\"Buy Phenobarbital (Phenobarbital) \/ Luminal for Sale\"},{\"@type\":\"BreadcrumbList\",\"@id\":\"https:\/\/nembutalhouse.com\/product\/buy-phenobarbital-phenobarbital-luminal-for-sale\/#breadcrumb\",\"itemListElement\":[{\"@type\":\"ListItem\",\"position\":1,\"name\":\"Home\",\"item\":\"https:\/\/nembutalhouse.com\/\"},{\"@type\":\"ListItem\",\"position\":2,\"name\":\"Shop\",\"item\":\"https:\/\/nembutalhouse.com\/shop\/\"},{\"@type\":\"ListItem\",\"position\":3,\"name\":\"Buy Phenobarbital (Phenobarbital) \/ Luminal for Sale\"}]},{\"@type\":\"WebSite\",\"@id\":\"https:\/\/nembutalhouse.com\/#website\",\"url\":\"https:\/\/nembutalhouse.com\/\",\"name\":\"Nembutal House\",\"description\":\"Best Nembutal Online Store\",\"publisher\":{\"@id\":\"https:\/\/nembutalhouse.com\/#organization\"},\"potentialAction\":[{\"@type\":\"SearchAction\",\"target\":{\"@type\":\"EntryPoint\",\"urlTemplate\":\"https:\/\/nembutalhouse.com\/?s={search_term_string}\"},\"query-input\":{\"@type\":\"PropertyValueSpecification\",\"valueRequired\":true,\"valueName\":\"search_term_string\"}}],\"inLanguage\":\"pl-PL\"},{\"@type\":\"Organization\",\"@id\":\"https:\/\/nembutalhouse.com\/#organization\",\"name\":\"Nembutal House\",\"url\":\"https:\/\/nembutalhouse.com\/\",\"logo\":{\"@type\":\"ImageObject\",\"inLanguage\":\"pl-PL\",\"@id\":\"https:\/\/nembutalhouse.com\/#\/schema\/logo\/image\/\",\"url\":\"https:\/\/nembutalhouse.com\/wp-content\/uploads\/2022\/12\/logo.png\",\"contentUrl\":\"https:\/\/nembutalhouse.com\/wp-content\/uploads\/2022\/12\/logo.png\",\"width\":344,\"height\":103,\"caption\":\"Nembutal House\"},\"image\":{\"@id\":\"https:\/\/nembutalhouse.com\/#\/schema\/logo\/image\/\"}}]}<\/script>\n<!-- \/ Yoast SEO plugin. -->","yoast_head_json":{"title":"Phenobarbital for Sale - Buy Phenobarbital Online","description":"Explore our online store for phenobarbital for sale, offering high-quality phenobarbital. Buy Phenobarbital online securely and embark on your research journey with confidence.","robots":{"index":"index","follow":"follow","max-snippet":"max-snippet:-1","max-image-preview":"max-image-preview:large","max-video-preview":"max-video-preview:-1"},"canonical":"https:\/\/nembutalhouse.com\/pl\/produkt\/buy-phenobarbital-phenobarbital-luminal-for-sale\/","og_locale":"pl_PL","og_type":"article","og_title":"Phenobarbital for Sale - Buy Phenobarbital Online","og_description":"Explore our online store for phenobarbital for sale, offering high-quality phenobarbital. Buy Phenobarbital online securely and embark on your research journey with confidence.","og_url":"https:\/\/nembutalhouse.com\/pl\/produkt\/buy-phenobarbital-phenobarbital-luminal-for-sale\/","og_site_name":"Nembutal House","article_modified_time":"2026-03-06T11:19:39+00:00","og_image":[{"width":600,"height":600,"url":"https:\/\/nembutalhouse.com\/wp-content\/uploads\/2023\/06\/PhenobarbitalLuminal-2.jpg","type":"image\/jpeg"}],"twitter_card":"summary_large_image","twitter_misc":{"Szacowany czas czytania":"2 minuty"},"schema":{"@context":"https:\/\/schema.org","@graph":[{"@type":"WebPage","@id":"https:\/\/nembutalhouse.com\/product\/buy-phenobarbital-phenobarbital-luminal-for-sale\/","url":"https:\/\/nembutalhouse.com\/product\/buy-phenobarbital-phenobarbital-luminal-for-sale\/","name":"Phenobarbital for Sale - Buy Phenobarbital Online","isPartOf":{"@id":"https:\/\/nembutalhouse.com\/#website"},"primaryImageOfPage":{"@id":"https:\/\/nembutalhouse.com\/product\/buy-phenobarbital-phenobarbital-luminal-for-sale\/#primaryimage"},"image":{"@id":"https:\/\/nembutalhouse.com\/product\/buy-phenobarbital-phenobarbital-luminal-for-sale\/#primaryimage"},"thumbnailUrl":"https:\/\/nembutalhouse.com\/wp-content\/uploads\/2023\/06\/PhenobarbitalLuminal-2.jpg","datePublished":"2023-06-14T10:06:16+00:00","dateModified":"2026-03-06T11:19:39+00:00","description":"Explore our online store for phenobarbital for sale, offering high-quality phenobarbital. Buy Phenobarbital online securely and embark on your research journey with confidence.","breadcrumb":{"@id":"https:\/\/nembutalhouse.com\/product\/buy-phenobarbital-phenobarbital-luminal-for-sale\/#breadcrumb"},"inLanguage":"pl-PL","potentialAction":[{"@type":"ReadAction","target":["https:\/\/nembutalhouse.com\/product\/buy-phenobarbital-phenobarbital-luminal-for-sale\/"]}]},{"@type":"ImageObject","inLanguage":"pl-PL","@id":"https:\/\/nembutalhouse.com\/product\/buy-phenobarbital-phenobarbital-luminal-for-sale\/#primaryimage","url":"https:\/\/nembutalhouse.com\/wp-content\/uploads\/2023\/06\/PhenobarbitalLuminal-2.jpg","contentUrl":"https:\/\/nembutalhouse.com\/wp-content\/uploads\/2023\/06\/PhenobarbitalLuminal-2.jpg","width":600,"height":600,"caption":"Buy Phenobarbital (Phenobarbital) \/ Luminal for Sale"},{"@type":"BreadcrumbList","@id":"https:\/\/nembutalhouse.com\/product\/buy-phenobarbital-phenobarbital-luminal-for-sale\/#breadcrumb","itemListElement":[{"@type":"ListItem","position":1,"name":"Home","item":"https:\/\/nembutalhouse.com\/"},{"@type":"ListItem","position":2,"name":"Shop","item":"https:\/\/nembutalhouse.com\/shop\/"},{"@type":"ListItem","position":3,"name":"Buy Phenobarbital (Phenobarbital) \/ Luminal for Sale"}]},{"@type":"WebSite","@id":"https:\/\/nembutalhouse.com\/#website","url":"https:\/\/nembutalhouse.com\/","name":"Nembutal House","description":"Best Nembutal Online Store","publisher":{"@id":"https:\/\/nembutalhouse.com\/#organization"},"potentialAction":[{"@type":"SearchAction","target":{"@type":"EntryPoint","urlTemplate":"https:\/\/nembutalhouse.com\/?s={search_term_string}"},"query-input":{"@type":"PropertyValueSpecification","valueRequired":true,"valueName":"search_term_string"}}],"inLanguage":"pl-PL"},{"@type":"Organization","@id":"https:\/\/nembutalhouse.com\/#organization","name":"Nembutal House","url":"https:\/\/nembutalhouse.com\/","logo":{"@type":"ImageObject","inLanguage":"pl-PL","@id":"https:\/\/nembutalhouse.com\/#\/schema\/logo\/image\/","url":"https:\/\/nembutalhouse.com\/wp-content\/uploads\/2022\/12\/logo.png","contentUrl":"https:\/\/nembutalhouse.com\/wp-content\/uploads\/2022\/12\/logo.png","width":344,"height":103,"caption":"Nembutal House"},"image":{"@id":"https:\/\/nembutalhouse.com\/#\/schema\/logo\/image\/"}}]}},"_links":{"self":[{"href":"https:\/\/nembutalhouse.com\/pl\/wp-json\/wp\/v2\/product\/302","targetHints":{"allow":["GET"]}}],"collection":[{"href":"https:\/\/nembutalhouse.com\/pl\/wp-json\/wp\/v2\/product"}],"about":[{"href":"https:\/\/nembutalhouse.com\/pl\/wp-json\/wp\/v2\/types\/product"}],"replies":[{"embeddable":true,"href":"https:\/\/nembutalhouse.com\/pl\/wp-json\/wp\/v2\/comments?post=302"}],"wp:featuredmedia":[{"embeddable":true,"href":"https:\/\/nembutalhouse.com\/pl\/wp-json\/wp\/v2\/media\/333"}],"wp:attachment":[{"href":"https:\/\/nembutalhouse.com\/pl\/wp-json\/wp\/v2\/media?parent=302"}],"wp:term":[{"taxonomy":"product_cat","embeddable":true,"href":"https:\/\/nembutalhouse.com\/pl\/wp-json\/wp\/v2\/product_cat?post=302"},{"taxonomy":"product_tag","embeddable":true,"href":"https:\/\/nembutalhouse.com\/pl\/wp-json\/wp\/v2\/product_tag?post=302"}],"curies":[{"name":"wp","href":"https:\/\/api.w.org\/{rel}","templated":true}]}}