{"id":25,"date":"2022-12-13T18:51:32","date_gmt":"2022-12-13T18:51:32","guid":{"rendered":"https:\/\/nembutalhouse.com\/?post_type=product&#038;p=25"},"modified":"2026-03-06T11:07:36","modified_gmt":"2026-03-06T11:07:36","slug":"buy-nembutal-pills-online","status":"publish","type":"product","link":"https:\/\/nembutalhouse.com\/pl\/produkt\/kup-pigulki-nembutalu-przez-internet\/","title":{"rendered":"Kup pigu\u0142ki Nembutal online"},"content":{"rendered":"<h2>Kup pigu\u0142ki Nembutal online<\/h2>\n<p>Podstawowe zastosowanie <a href=\"https:\/\/nembutalhouse.com\/pl\/produkt\/kup-pigulki-nembutalu-przez-internet\/\"><strong>pigu\u0142ki Nembutalu<\/strong><\/a> jest kr\u00f3tkotrwa\u0142ym lekiem na bezsenno\u015b\u0107. Stosowany g\u0142\u00f3wnie w celu u\u0142atwienia zasypiania, ale nie jest pomocny w zasypianiu w leczeniu l\u0119ku jako \u015brodek przeciwdrgawkowy w nag\u0142ych wypadkach i jako \u015brodek znieczulaj\u0105cy przed operacj\u0105. Mo\u017cesz kupi\u0107 u nas tabletki Nembutal.<\/p>\n<h3>Jak kupisz tabletki Nembutal przez Internet?<\/h3>\n<p>Wyr\u00f3\u017cniamy si\u0119 z t\u0142umu zapewniaj\u0105c najwy\u017csz\u0105 jako\u015b\u0107 <strong>Sprzedam pigu\u0142ki Nembutal<\/strong> po przyst\u0119pnych cenach. Nasza reputacja rozprzestrzeni\u0142a si\u0119 daleko, aby utrzyma\u0107 dobr\u0105 reputacj\u0119. Nie idziemy na kompromis w kwestii jako\u015bci pigu\u0142ek Nembutal. Kupuj pigu\u0142ki Nembutal, kt\u00f3re ci sprzedajemy. Zam\u00f3w pigu\u0142ki Nembutal przez Internet; dlatego w naszym sklepie internetowym mo\u017cesz kupi\u0107 wysokiej jako\u015bci pigu\u0142ki Nembutal. Je\u015bli nie wiesz, gdzie kupi\u0107 pigu\u0142ki Nembutal, mo\u017cesz skontaktowa\u0107 si\u0119 z nami, aby uzyska\u0107 najlepsze wra\u017cenia.<\/p>\n<p>Jak zawsze, nasze pigu\u0142ki Nembutal sprzedawane online s\u0105 testowane laboratoryjnie, poniewa\u017c dbamy o Twoje zdrowie. Nasz pentobarbital na sprzeda\u017c jest wolny od zanieczyszcze\u0144, wi\u0119c mo\u017cesz leczy\u0107 si\u0119 tymi tabletkami Nembutal bez szkody dla zdrowia. Mo\u017cesz wypr\u00f3bowa\u0107 r\u00f3\u017cne \u017ar\u00f3d\u0142a lek\u00f3w. Ale jeste\u015bmy przekonani, \u017ce nasze tabletki Nembutal dadz\u0105 Ci 100% pozytywne rezultaty i doskona\u0142e rozwi\u0105zanie Twoich problem\u00f3w zdrowotnych. Tabletki Nembutal kupisz \u0142atwo online za po\u015brednictwem r\u00f3\u017cnych stron na rynku.<\/p>\n<h3>Jak stosowa\u0107 pigu\u0142ki Nembutal?<\/h3>\n<p>It is a barbiturate that acts as a sedative or antidepressant. The main purpose is used to treat insomnia. Nembutal is also used as an emergency treatment for seizures and causes patients to fall asleep for surgery. <a href=\"https:\/\/en.wikipedia.org\/?title=Nembutal&amp;redirect=no\">Nembutal<\/a> is available in generic form. You can buy it from our site with Nembutal pills for sale options.<\/p>\n<h3>Dlaczego wolisz kupi\u0107 tabletki Nembutal?<\/h3>\n<p>Te pigu\u0142ki Nembutal s\u0105 powszechnie stosowane ze wzgl\u0119du na ich zdolno\u015b\u0107 do koj\u0105cego wp\u0142ywu na uk\u0142ad nerwowy w m\u00f3zgu i ostatecznie spowalniaj\u0105 aktywno\u015b\u0107 m\u00f3zgu. Efekt ten sprzyja odpr\u0119\u017ceniu i zasypianiu. Pentobarbital jest szeroko stosowany przez lekarzy do znieczulenia przedoperacyjnego. Ale mo\u017cesz zaleci\u0107 przyjmowanie odpowiedniej dawki tabletek Nembutal w przypadku problem\u00f3w, takich jak bezsenno\u015b\u0107.<\/p>\n<p>Je\u015bli mo\u017cesz <a href=\"https:\/\/nembutalhouse.com\/pl\/\" target=\"_blank\" rel=\"noopener\"><strong>kup Nembutal przez Internet<\/strong><\/a>, jest r\u00f3wnie\u017c skuteczny w przypadku zaburze\u0144 psychicznych, takich jak l\u0119k, depresja i epilepsja. To najlepszy spos\u00f3b na lepsze samopoczucie i uzyskanie odpowiedniego odpr\u0119\u017cenia poprzez pozbycie si\u0119 napi\u0119cia. Spo\u017cywanie Nembutalu z niew\u0142a\u015bciwego \u017ar\u00f3d\u0142a mo\u017ce powodowa\u0107 wiele negatywnych i niekorzystnych skutk\u00f3w dla zdrowia. Dlatego konieczne jest zam\u00f3wienie tabletek Nembutal online z zaufanego \u017ar\u00f3d\u0142a. Jeste\u015bmy jednym z oddanych dostawc\u00f3w oferuj\u0105cych najwy\u017cszej jako\u015bci pigu\u0142ki Nembutal online w przyst\u0119pnych cenach. Jeste\u015bmy jednym z najlepszych miejsc do zakupu tabletek Nembutal.<\/p>\n<p>Kupuj\u0105c u nas, musisz wiedzie\u0107, \u017ce jeste\u015b w dobrych r\u0119kach. Je\u015bli nie chcesz rezygnowa\u0107 z jako\u015bci pigu\u0142ki, aby zapewni\u0107 sobie lepsze zdrowie, jeste\u015bmy najlepszym wyborem. Po prostu z\u0142\u00f3\u017c zam\u00f3wienie na Nembutal online, a my dostarczymy Ci je tak szybko, jak to mo\u017cliwe. Je\u015bli potrzebujesz jasnego poj\u0119cia, jak kupi\u0107 tabletki Nembutal, skontaktuj si\u0119 z nami. Nasz zesp\u00f3\u0142 ekspert\u00f3w pomo\u017ce Ci kupi\u0107 pigu\u0142ki Nembutal online.<\/p>","protected":false},"excerpt":{"rendered":"<p>Ka\u017cda tabletka leku Nembutal 100 mg zawiera.<\/p>","protected":false},"featured_media":16,"comment_status":"open","ping_status":"closed","template":"","meta":{"_joinchat":[]},"product_cat":[16],"product_tag":[531,520,48,17,49,514,522,50,51,19,52,529,526,20,519,21,23,24,25,26,53,27,30,31,32,535,54,518,536,524,527,515,534,532,523,533,35,36,37,38,39,517,55,41,56,42,530,528,44,525,45,46,57,58,521,516],"class_list":{"0":"post-25","1":"product","2":"type-product","3":"status-publish","4":"has-post-thumbnail","6":"product_cat-nembutal","7":"product_tag-best-cheap-price-nembutal-pills","8":"product_tag-best-place-to-buy-nembutal-pills","9":"product_tag-buy-nembutal-exit-international","10":"product_tag-buy-nembutal-online","11":"product_tag-buy-nembutal-pentobarbital","12":"product_tag-buy-nembutal-pills","13":"product_tag-buy-nembutal-pills-legally","14":"product_tag-buy-nembutal-pills-online","15":"product_tag-buy-nembutal-pills-online-without-prescription","16":"product_tag-buy-nembutal-uk","17":"product_tag-cheap-nembutal-pills-for-sale","18":"product_tag-cheap-nembutal-pillss","19":"product_tag-high-quality-nembutal-pills","20":"product_tag-how-can-i-get-nembutal","21":"product_tag-how-to-buy-nembutal-pills","22":"product_tag-how-to-make-nembutal","23":"product_tag-how-to-purchase-nembutal","24":"product_tag-nembutal","25":"product_tag-nembutal-buy","26":"product_tag-nembutal-buy-india","27":"product_tag-nembutal-capsules-for-sale","28":"product_tag-nembutal-for-sale","29":"product_tag-nembutal-order-online","30":"product_tag-nembutal-pentobarbital-for-sale-in-usa","31":"product_tag-nembutal-pentobarbital-sodium-for-sale","32":"product_tag-nembutal-pills-for-cleaning","33":"product_tag-nembutal-pills-for-sale","34":"product_tag-nembutal-pills-liquid","35":"product_tag-nembutal-pills-powder","36":"product_tag-nembutal-pills-price","37":"product_tag-nembutal-pills-store","38":"product_tag-nembutal-pills-supplier","39":"product_tag-nembutal-pills-wiki","40":"product_tag-nembutal-pills-worldwide","41":"product_tag-nembutal-pillss-online","42":"product_tag-nembutal-pillss-use","43":"product_tag-nembutal-sodium","44":"product_tag-nembutal-suicide","45":"product_tag-nembutal-where-to-buy","46":"product_tag-order-nembutal","47":"product_tag-order-nembutal-online","48":"product_tag-order-nembutal-pills","49":"product_tag-order-nembutal-pills-online","50":"product_tag-pentobarbital","51":"product_tag-pentobarbital-buy","52":"product_tag-pentobarbital-for-sale","53":"product_tag-purcharse-nembutal-pills","54":"product_tag-shop-nembutal-pills","55":"product_tag-sodium-pentobarbital","56":"product_tag-top-quality-nembutal-pills","57":"product_tag-what-is-nembutal","58":"product_tag-where-to-buy-nembutal","59":"product_tag-where-to-buy-nembutal-pills","60":"product_tag-where-to-buy-pentobarbital-for-dogs","61":"product_tag-where-to-order-nembutal-pills","62":"product_tag-wholesale-nembutal-pills-bulk-online","64":"first","65":"instock","66":"shipping-taxable","67":"purchasable","68":"product-type-variable","69":"has-default-attributes"},"yoast_head":"<!-- This site is optimized with the Yoast SEO plugin v24.1 - https:\/\/yoast.com\/wordpress\/plugins\/seo\/ -->\n<title>Buy Nembutal Pills Online - Nembutal Pills for Sale<\/title>\n<meta name=\"description\" content=\"Where to buy nembutal pills online at the best price? Find high-quality nembutal pills for sale at our secure online store, catering to your research requirements. Order Now!\" \/>\n<meta name=\"robots\" content=\"index, follow, max-snippet:-1, max-image-preview:large, max-video-preview:-1\" \/>\n<link rel=\"canonical\" href=\"https:\/\/nembutalhouse.com\/pl\/produkt\/kup-pigulki-nembutalu-przez-internet\/\" \/>\n<meta property=\"og:locale\" content=\"pl_PL\" \/>\n<meta property=\"og:type\" content=\"article\" \/>\n<meta property=\"og:title\" content=\"Buy Nembutal Pills Online - Nembutal Pills for Sale\" \/>\n<meta property=\"og:description\" content=\"Where to buy nembutal pills online at the best price? Find high-quality nembutal pills for sale at our secure online store, catering to your research requirements. Order Now!\" \/>\n<meta property=\"og:url\" content=\"https:\/\/nembutalhouse.com\/pl\/produkt\/kup-pigulki-nembutalu-przez-internet\/\" \/>\n<meta property=\"og:site_name\" content=\"Nembutal House\" \/>\n<meta property=\"article:modified_time\" content=\"2026-03-06T11:07:36+00:00\" \/>\n<meta property=\"og:image\" content=\"https:\/\/nembutalhouse.com\/wp-content\/uploads\/2022\/12\/nembutal-pills.jpg\" \/>\n\t<meta property=\"og:image:width\" content=\"1000\" \/>\n\t<meta property=\"og:image:height\" content=\"1000\" \/>\n\t<meta property=\"og:image:type\" content=\"image\/jpeg\" \/>\n<meta name=\"twitter:card\" content=\"summary_large_image\" \/>\n<meta name=\"twitter:label1\" content=\"Szacowany czas czytania\" \/>\n\t<meta name=\"twitter:data1\" content=\"3 minuty\" \/>\n<script type=\"application\/ld+json\" class=\"yoast-schema-graph\">{\"@context\":\"https:\/\/schema.org\",\"@graph\":[{\"@type\":\"WebPage\",\"@id\":\"https:\/\/nembutalhouse.com\/product\/buy-nembutal-pills-online\/\",\"url\":\"https:\/\/nembutalhouse.com\/product\/buy-nembutal-pills-online\/\",\"name\":\"Buy Nembutal Pills Online - Nembutal Pills for Sale\",\"isPartOf\":{\"@id\":\"https:\/\/nembutalhouse.com\/#website\"},\"primaryImageOfPage\":{\"@id\":\"https:\/\/nembutalhouse.com\/product\/buy-nembutal-pills-online\/#primaryimage\"},\"image\":{\"@id\":\"https:\/\/nembutalhouse.com\/product\/buy-nembutal-pills-online\/#primaryimage\"},\"thumbnailUrl\":\"https:\/\/nembutalhouse.com\/wp-content\/uploads\/2022\/12\/nembutal-pills.jpg\",\"datePublished\":\"2022-12-13T18:51:32+00:00\",\"dateModified\":\"2026-03-06T11:07:36+00:00\",\"description\":\"Where to buy nembutal pills online at the best price? Find high-quality nembutal pills for sale at our secure online store, catering to your research requirements. Order Now!\",\"breadcrumb\":{\"@id\":\"https:\/\/nembutalhouse.com\/product\/buy-nembutal-pills-online\/#breadcrumb\"},\"inLanguage\":\"pl-PL\",\"potentialAction\":[{\"@type\":\"ReadAction\",\"target\":[\"https:\/\/nembutalhouse.com\/product\/buy-nembutal-pills-online\/\"]}]},{\"@type\":\"ImageObject\",\"inLanguage\":\"pl-PL\",\"@id\":\"https:\/\/nembutalhouse.com\/product\/buy-nembutal-pills-online\/#primaryimage\",\"url\":\"https:\/\/nembutalhouse.com\/wp-content\/uploads\/2022\/12\/nembutal-pills.jpg\",\"contentUrl\":\"https:\/\/nembutalhouse.com\/wp-content\/uploads\/2022\/12\/nembutal-pills.jpg\",\"width\":1000,\"height\":1000,\"caption\":\"Buy Nembutal Pills Online\"},{\"@type\":\"BreadcrumbList\",\"@id\":\"https:\/\/nembutalhouse.com\/product\/buy-nembutal-pills-online\/#breadcrumb\",\"itemListElement\":[{\"@type\":\"ListItem\",\"position\":1,\"name\":\"Home\",\"item\":\"https:\/\/nembutalhouse.com\/\"},{\"@type\":\"ListItem\",\"position\":2,\"name\":\"Shop\",\"item\":\"https:\/\/nembutalhouse.com\/shop\/\"},{\"@type\":\"ListItem\",\"position\":3,\"name\":\"Buy Nembutal Pills Online\"}]},{\"@type\":\"WebSite\",\"@id\":\"https:\/\/nembutalhouse.com\/#website\",\"url\":\"https:\/\/nembutalhouse.com\/\",\"name\":\"Nembutal House\",\"description\":\"Best Nembutal Online Store\",\"publisher\":{\"@id\":\"https:\/\/nembutalhouse.com\/#organization\"},\"potentialAction\":[{\"@type\":\"SearchAction\",\"target\":{\"@type\":\"EntryPoint\",\"urlTemplate\":\"https:\/\/nembutalhouse.com\/?s={search_term_string}\"},\"query-input\":{\"@type\":\"PropertyValueSpecification\",\"valueRequired\":true,\"valueName\":\"search_term_string\"}}],\"inLanguage\":\"pl-PL\"},{\"@type\":\"Organization\",\"@id\":\"https:\/\/nembutalhouse.com\/#organization\",\"name\":\"Nembutal House\",\"url\":\"https:\/\/nembutalhouse.com\/\",\"logo\":{\"@type\":\"ImageObject\",\"inLanguage\":\"pl-PL\",\"@id\":\"https:\/\/nembutalhouse.com\/#\/schema\/logo\/image\/\",\"url\":\"https:\/\/nembutalhouse.com\/wp-content\/uploads\/2022\/12\/logo.png\",\"contentUrl\":\"https:\/\/nembutalhouse.com\/wp-content\/uploads\/2022\/12\/logo.png\",\"width\":344,\"height\":103,\"caption\":\"Nembutal House\"},\"image\":{\"@id\":\"https:\/\/nembutalhouse.com\/#\/schema\/logo\/image\/\"}}]}<\/script>\n<!-- \/ Yoast SEO plugin. -->","yoast_head_json":{"title":"Buy Nembutal Pills Online - Nembutal Pills for Sale","description":"Where to buy nembutal pills online at the best price? Find high-quality nembutal pills for sale at our secure online store, catering to your research requirements. Order Now!","robots":{"index":"index","follow":"follow","max-snippet":"max-snippet:-1","max-image-preview":"max-image-preview:large","max-video-preview":"max-video-preview:-1"},"canonical":"https:\/\/nembutalhouse.com\/pl\/produkt\/kup-pigulki-nembutalu-przez-internet\/","og_locale":"pl_PL","og_type":"article","og_title":"Buy Nembutal Pills Online - Nembutal Pills for Sale","og_description":"Where to buy nembutal pills online at the best price? Find high-quality nembutal pills for sale at our secure online store, catering to your research requirements. Order Now!","og_url":"https:\/\/nembutalhouse.com\/pl\/produkt\/kup-pigulki-nembutalu-przez-internet\/","og_site_name":"Nembutal House","article_modified_time":"2026-03-06T11:07:36+00:00","og_image":[{"width":1000,"height":1000,"url":"https:\/\/nembutalhouse.com\/wp-content\/uploads\/2022\/12\/nembutal-pills.jpg","type":"image\/jpeg"}],"twitter_card":"summary_large_image","twitter_misc":{"Szacowany czas czytania":"3 minuty"},"schema":{"@context":"https:\/\/schema.org","@graph":[{"@type":"WebPage","@id":"https:\/\/nembutalhouse.com\/product\/buy-nembutal-pills-online\/","url":"https:\/\/nembutalhouse.com\/product\/buy-nembutal-pills-online\/","name":"Buy Nembutal Pills Online - Nembutal Pills for Sale","isPartOf":{"@id":"https:\/\/nembutalhouse.com\/#website"},"primaryImageOfPage":{"@id":"https:\/\/nembutalhouse.com\/product\/buy-nembutal-pills-online\/#primaryimage"},"image":{"@id":"https:\/\/nembutalhouse.com\/product\/buy-nembutal-pills-online\/#primaryimage"},"thumbnailUrl":"https:\/\/nembutalhouse.com\/wp-content\/uploads\/2022\/12\/nembutal-pills.jpg","datePublished":"2022-12-13T18:51:32+00:00","dateModified":"2026-03-06T11:07:36+00:00","description":"Where to buy nembutal pills online at the best price? Find high-quality nembutal pills for sale at our secure online store, catering to your research requirements. Order Now!","breadcrumb":{"@id":"https:\/\/nembutalhouse.com\/product\/buy-nembutal-pills-online\/#breadcrumb"},"inLanguage":"pl-PL","potentialAction":[{"@type":"ReadAction","target":["https:\/\/nembutalhouse.com\/product\/buy-nembutal-pills-online\/"]}]},{"@type":"ImageObject","inLanguage":"pl-PL","@id":"https:\/\/nembutalhouse.com\/product\/buy-nembutal-pills-online\/#primaryimage","url":"https:\/\/nembutalhouse.com\/wp-content\/uploads\/2022\/12\/nembutal-pills.jpg","contentUrl":"https:\/\/nembutalhouse.com\/wp-content\/uploads\/2022\/12\/nembutal-pills.jpg","width":1000,"height":1000,"caption":"Buy Nembutal Pills Online"},{"@type":"BreadcrumbList","@id":"https:\/\/nembutalhouse.com\/product\/buy-nembutal-pills-online\/#breadcrumb","itemListElement":[{"@type":"ListItem","position":1,"name":"Home","item":"https:\/\/nembutalhouse.com\/"},{"@type":"ListItem","position":2,"name":"Shop","item":"https:\/\/nembutalhouse.com\/shop\/"},{"@type":"ListItem","position":3,"name":"Buy Nembutal Pills Online"}]},{"@type":"WebSite","@id":"https:\/\/nembutalhouse.com\/#website","url":"https:\/\/nembutalhouse.com\/","name":"Nembutal House","description":"Best Nembutal Online Store","publisher":{"@id":"https:\/\/nembutalhouse.com\/#organization"},"potentialAction":[{"@type":"SearchAction","target":{"@type":"EntryPoint","urlTemplate":"https:\/\/nembutalhouse.com\/?s={search_term_string}"},"query-input":{"@type":"PropertyValueSpecification","valueRequired":true,"valueName":"search_term_string"}}],"inLanguage":"pl-PL"},{"@type":"Organization","@id":"https:\/\/nembutalhouse.com\/#organization","name":"Nembutal House","url":"https:\/\/nembutalhouse.com\/","logo":{"@type":"ImageObject","inLanguage":"pl-PL","@id":"https:\/\/nembutalhouse.com\/#\/schema\/logo\/image\/","url":"https:\/\/nembutalhouse.com\/wp-content\/uploads\/2022\/12\/logo.png","contentUrl":"https:\/\/nembutalhouse.com\/wp-content\/uploads\/2022\/12\/logo.png","width":344,"height":103,"caption":"Nembutal House"},"image":{"@id":"https:\/\/nembutalhouse.com\/#\/schema\/logo\/image\/"}}]}},"_links":{"self":[{"href":"https:\/\/nembutalhouse.com\/pl\/wp-json\/wp\/v2\/product\/25","targetHints":{"allow":["GET"]}}],"collection":[{"href":"https:\/\/nembutalhouse.com\/pl\/wp-json\/wp\/v2\/product"}],"about":[{"href":"https:\/\/nembutalhouse.com\/pl\/wp-json\/wp\/v2\/types\/product"}],"replies":[{"embeddable":true,"href":"https:\/\/nembutalhouse.com\/pl\/wp-json\/wp\/v2\/comments?post=25"}],"wp:featuredmedia":[{"embeddable":true,"href":"https:\/\/nembutalhouse.com\/pl\/wp-json\/wp\/v2\/media\/16"}],"wp:attachment":[{"href":"https:\/\/nembutalhouse.com\/pl\/wp-json\/wp\/v2\/media?parent=25"}],"wp:term":[{"taxonomy":"product_cat","embeddable":true,"href":"https:\/\/nembutalhouse.com\/pl\/wp-json\/wp\/v2\/product_cat?post=25"},{"taxonomy":"product_tag","embeddable":true,"href":"https:\/\/nembutalhouse.com\/pl\/wp-json\/wp\/v2\/product_tag?post=25"}],"curies":[{"name":"wp","href":"https:\/\/api.w.org\/{rel}","templated":true}]}}