{"id":1621,"date":"2024-10-18T05:55:10","date_gmt":"2024-10-18T05:55:10","guid":{"rendered":"https:\/\/nembutalhouse.com\/?post_type=product&#038;p=1621"},"modified":"2026-02-25T11:23:46","modified_gmt":"2026-02-25T11:23:46","slug":"3mmc","status":"publish","type":"product","link":"https:\/\/nembutalhouse.com\/pl\/produkt\/3mmc\/","title":{"rendered":"Buy 3mmc Online"},"content":{"rendered":"<h2>Buy 3mmc Online<\/h2>\n<h3><strong>Co to jest 3-MMA?<\/strong><\/h3>\n<p>Buy 3-MMA to substancja psychotropowa nale\u017c\u0105ca do rodziny amfetamin. Ma struktur\u0119 entaktogenu por\u00f3wnywaln\u0105 do metamfetaminy i struktur\u0119 podobn\u0105 do metamfetaminy z wyj\u0105tkiem grupy metylowej.<\/p>\n<p><a href=\"https:\/\/nembutalhouse.com\/pl\/produkt\/3mmc\/\">3-Metylo-Metamfetamina<\/a>, cz\u0119sto znana jako 3-metoksymetamfetamina, jest rodzajem metamfetaminy.<\/p>\n<p>Substancja chemiczna 1-(3-metoksyfenylo)-N-metylopropano-2-amina nale\u017cy do klas fenetyloaminy i amfetaminy. Jej zwi\u0105zki s\u0105 pochodnymi, poniewa\u017c powstaj\u0105, gdy s\u0105 podstawione lub zast\u0105pione. Amfetaminy s\u0105 rodzajem fenetyloaminy, kt\u00f3ra zosta\u0142a poddana substytucji.<\/p>\n<p>3-Metylo-Metamfetamina zosta\u0142a odkryta i wyprodukowana po raz pierwszy w 1970 roku we W\u0142oszech. David E. Nichols ponownie odkry\u0142 j\u0105 jako nieneurotoksyczny odpowiednik w 1991 roku. W laboratoriach 3-Metylo-Metamfetamina jest produkowana zgodnie ze wszystkimi standardami jako\u015bci.<\/p>\n<p>Chocia\u017c udowodniono, \u017ce hamuje ona wch\u0142anianie zwrotne serotoniny, nic nie wiadomo o w\u0142a\u015bciwo\u015bciach 3-Metylo-Metamfetaminy.<\/p>\n<h3><strong>Zastrze\u017cenie<\/strong><\/h3>\n<p>Nie nale\u017cy podawa\u0107 tego produktu ludziom ani zwierz\u0119tom. Wynika to z faktu, \u017ce jest on przeznaczony wy\u0142\u0105cznie do sprzeda\u017cy do cel\u00f3w bada\u0144 laboratoryjnych. Zdecydowanie zalecamy, aby obchodzi\u0107 si\u0119 z tym zwi\u0105zkiem z najwy\u017csz\u0105 ostro\u017cno\u015bci\u0105, u\u017cywaj\u0105c r\u0119kawiczek, masek i innych urz\u0105dze\u0144 zapobiegaj\u0105cych zanieczyszczeniu.<\/p>\n<h3><strong>Czy 3-MMA jest legalne?<\/strong><\/h3>\n<p>Przed zakupem 3-Metylo-Metamfetaminy zdecydowanie zach\u0119camy do sprawdzenia u odpowiednich w\u0142adz w miejscu zamieszkania lub w miejscu wysy\u0142ki.<\/p>\n<p>Nak\u0142adaj\u0105c surowe przepisy na sprzeda\u017c tego produktu, podejmujemy wszelkie wymagane instrukcje ochronne, aby zapewni\u0107, \u017ce nasi konsumenci s\u0105 po bezpiecznej stronie prawa. Przepisy i zasady ulegaj\u0105 ci\u0105g\u0142ym zmianom, dlatego tak wa\u017cne jest, aby\u015b jako klient by\u0142 na bie\u017c\u0105co z tym, co dzieje si\u0119 w Twojej okolicy. Nie ponosimy odpowiedzialno\u015bci za jakiekolwiek kwestie prawne, kt\u00f3re mog\u0105 wynikn\u0105\u0107 z uzyskania 3-Metylo-Metamfetaminy w Twojej okolicy.<\/p>\n<h3><strong>Gdzie mog\u0119 kupi\u0107 3-MMA?<\/strong><\/h3>\n<p><a href=\"https:\/\/nembutalhouse.com\/pl\/\">NembutalHouse<\/a> jest wiod\u0105cym producentem i dystrybutorem 3-Metylo-Metamfetaminy i innych chemikali\u00f3w. Jeste\u015bmy dumni z dostarczania wysokiej jako\u015bci chemikali\u00f3w, szczeg\u00f3lnie tych trudno dost\u0119pnych. <a href=\"https:\/\/en.wikipedia.org\/wiki\/3-Methylmethcathinone\">3-Metylo-Metamfetamina<\/a>e jest dost\u0119pny w postaci proszku i jest dostarczany wy\u0142\u0105cznie do bada\u0144 laboratoryjnych. Substancja ta jest dost\u0119pna wy\u0142\u0105cznie dla os\u00f3b doros\u0142ych w wieku 18 lat i starszych.<\/p>","protected":false},"excerpt":{"rendered":"<p>Buy 3mmc Online What is 3-MMA? Buy 3-MMA\u00a0 is a psychotropic substance that belongs to the amphetamine family. It has an entactogen structure that is comparable to methamphetamine and a&hellip;<\/p>","protected":false},"featured_media":1622,"comment_status":"closed","ping_status":"closed","template":"","meta":{"_joinchat":[]},"product_cat":[188],"product_tag":[815,820,838,840,826,827,830,836,837,835,816,834,823,813,814,825,839,832,829,822,818,819,841,833,831,828,821,824,817],"class_list":{"0":"post-1621","1":"product","2":"type-product","3":"status-publish","4":"has-post-thumbnail","6":"product_cat-stimulants","7":"product_tag-3mmc-for-sale","8":"product_tag-3mmc-powder","9":"product_tag-3mmc-powder-for-cleaning","10":"product_tag-3mmc-powder-for-sale","11":"product_tag-3mmc-powder-online","12":"product_tag-3mmc-powder-price","13":"product_tag-3mmc-powder-store","14":"product_tag-3mmc-powder-use","15":"product_tag-3mmc-powder-wiki","16":"product_tag-3mmc-powder-worldwide","17":"product_tag-3mmc-supplier","18":"product_tag-best-cheap-price-3mmc-powder","19":"product_tag-best-place-to-buy-3mmc-powder","20":"product_tag-buy-3mmc","21":"product_tag-buy-3mmc-online","22":"product_tag-buy-3mmc-powder-legally","23":"product_tag-buy-3mmc-powder-online","24":"product_tag-cheap-3mmc-powders","25":"product_tag-high-quality-3mmc-powder","26":"product_tag-how-to-buy-3mmc-powder","27":"product_tag-order-3mmc","28":"product_tag-order-3mmc-online","29":"product_tag-order-3mmc-powder","30":"product_tag-purcharse-3mmc-powder-powder","31":"product_tag-shop-3mmc-powder","32":"product_tag-top-quality-3mmc-powder","33":"product_tag-where-to-buy-3mmc-powder","34":"product_tag-where-to-order-3mmc-powder","35":"product_tag-wholesale-3mmc-bulk-online","37":"first","38":"instock","39":"shipping-taxable","40":"purchasable","41":"product-type-variable"},"yoast_head":"<!-- This site is optimized with the Yoast SEO plugin v24.1 - https:\/\/yoast.com\/wordpress\/plugins\/seo\/ -->\n<title>Buy 3 MMC Online - 3 MMC for Sale - Order 3 MMC Online<\/title>\n<meta name=\"description\" content=\"You can buy 3mmc online at the best prices from our online store. We have cheap and high-quality 3mmc for sale and providing worldwide delivery. You can order from anytime, anywhere.\" \/>\n<meta name=\"robots\" content=\"index, follow, max-snippet:-1, max-image-preview:large, max-video-preview:-1\" \/>\n<link rel=\"canonical\" href=\"https:\/\/nembutalhouse.com\/pl\/produkt\/3mmc\/\" \/>\n<meta property=\"og:locale\" content=\"pl_PL\" \/>\n<meta property=\"og:type\" content=\"article\" \/>\n<meta property=\"og:title\" content=\"Buy 3 MMC Online - 3 MMC for Sale - Order 3 MMC Online\" \/>\n<meta property=\"og:description\" content=\"You can buy 3mmc online at the best prices from our online store. We have cheap and high-quality 3mmc for sale and providing worldwide delivery. You can order from anytime, anywhere.\" \/>\n<meta property=\"og:url\" content=\"https:\/\/nembutalhouse.com\/pl\/produkt\/3mmc\/\" \/>\n<meta property=\"og:site_name\" content=\"Nembutal House\" \/>\n<meta property=\"article:modified_time\" content=\"2026-02-25T11:23:46+00:00\" \/>\n<meta property=\"og:image\" content=\"https:\/\/nembutalhouse.com\/wp-content\/uploads\/2024\/10\/3mmc.gif\" \/>\n\t<meta property=\"og:image:width\" content=\"600\" \/>\n\t<meta property=\"og:image:height\" content=\"600\" \/>\n\t<meta property=\"og:image:type\" content=\"image\/gif\" \/>\n<meta name=\"twitter:card\" content=\"summary_large_image\" \/>\n<meta name=\"twitter:label1\" content=\"Szacowany czas czytania\" \/>\n\t<meta name=\"twitter:data1\" content=\"2 minuty\" \/>\n<script type=\"application\/ld+json\" class=\"yoast-schema-graph\">{\"@context\":\"https:\/\/schema.org\",\"@graph\":[{\"@type\":\"WebPage\",\"@id\":\"https:\/\/nembutalhouse.com\/product\/3mmc\/\",\"url\":\"https:\/\/nembutalhouse.com\/product\/3mmc\/\",\"name\":\"Buy 3 MMC Online - 3 MMC for Sale - Order 3 MMC Online\",\"isPartOf\":{\"@id\":\"https:\/\/nembutalhouse.com\/#website\"},\"primaryImageOfPage\":{\"@id\":\"https:\/\/nembutalhouse.com\/product\/3mmc\/#primaryimage\"},\"image\":{\"@id\":\"https:\/\/nembutalhouse.com\/product\/3mmc\/#primaryimage\"},\"thumbnailUrl\":\"https:\/\/nembutalhouse.com\/wp-content\/uploads\/2024\/10\/3mmc.gif\",\"datePublished\":\"2024-10-18T05:55:10+00:00\",\"dateModified\":\"2026-02-25T11:23:46+00:00\",\"description\":\"You can buy 3mmc online at the best prices from our online store. We have cheap and high-quality 3mmc for sale and providing worldwide delivery. You can order from anytime, anywhere.\",\"breadcrumb\":{\"@id\":\"https:\/\/nembutalhouse.com\/product\/3mmc\/#breadcrumb\"},\"inLanguage\":\"pl-PL\",\"potentialAction\":[{\"@type\":\"ReadAction\",\"target\":[\"https:\/\/nembutalhouse.com\/product\/3mmc\/\"]}]},{\"@type\":\"ImageObject\",\"inLanguage\":\"pl-PL\",\"@id\":\"https:\/\/nembutalhouse.com\/product\/3mmc\/#primaryimage\",\"url\":\"https:\/\/nembutalhouse.com\/wp-content\/uploads\/2024\/10\/3mmc.gif\",\"contentUrl\":\"https:\/\/nembutalhouse.com\/wp-content\/uploads\/2024\/10\/3mmc.gif\",\"width\":600,\"height\":600,\"caption\":\"Buy 3mmc Online\"},{\"@type\":\"BreadcrumbList\",\"@id\":\"https:\/\/nembutalhouse.com\/product\/3mmc\/#breadcrumb\",\"itemListElement\":[{\"@type\":\"ListItem\",\"position\":1,\"name\":\"Home\",\"item\":\"https:\/\/nembutalhouse.com\/\"},{\"@type\":\"ListItem\",\"position\":2,\"name\":\"Shop\",\"item\":\"https:\/\/nembutalhouse.com\/shop\/\"},{\"@type\":\"ListItem\",\"position\":3,\"name\":\"Buy 3mmc Online\"}]},{\"@type\":\"WebSite\",\"@id\":\"https:\/\/nembutalhouse.com\/#website\",\"url\":\"https:\/\/nembutalhouse.com\/\",\"name\":\"Nembutal House\",\"description\":\"Best Nembutal Online Store\",\"publisher\":{\"@id\":\"https:\/\/nembutalhouse.com\/#organization\"},\"potentialAction\":[{\"@type\":\"SearchAction\",\"target\":{\"@type\":\"EntryPoint\",\"urlTemplate\":\"https:\/\/nembutalhouse.com\/?s={search_term_string}\"},\"query-input\":{\"@type\":\"PropertyValueSpecification\",\"valueRequired\":true,\"valueName\":\"search_term_string\"}}],\"inLanguage\":\"pl-PL\"},{\"@type\":\"Organization\",\"@id\":\"https:\/\/nembutalhouse.com\/#organization\",\"name\":\"Nembutal House\",\"url\":\"https:\/\/nembutalhouse.com\/\",\"logo\":{\"@type\":\"ImageObject\",\"inLanguage\":\"pl-PL\",\"@id\":\"https:\/\/nembutalhouse.com\/#\/schema\/logo\/image\/\",\"url\":\"https:\/\/nembutalhouse.com\/wp-content\/uploads\/2022\/12\/logo.png\",\"contentUrl\":\"https:\/\/nembutalhouse.com\/wp-content\/uploads\/2022\/12\/logo.png\",\"width\":344,\"height\":103,\"caption\":\"Nembutal House\"},\"image\":{\"@id\":\"https:\/\/nembutalhouse.com\/#\/schema\/logo\/image\/\"}}]}<\/script>\n<!-- \/ Yoast SEO plugin. -->","yoast_head_json":{"title":"Buy 3 MMC Online - 3 MMC for Sale - Order 3 MMC Online","description":"You can buy 3mmc online at the best prices from our online store. We have cheap and high-quality 3mmc for sale and providing worldwide delivery. You can order from anytime, anywhere.","robots":{"index":"index","follow":"follow","max-snippet":"max-snippet:-1","max-image-preview":"max-image-preview:large","max-video-preview":"max-video-preview:-1"},"canonical":"https:\/\/nembutalhouse.com\/pl\/produkt\/3mmc\/","og_locale":"pl_PL","og_type":"article","og_title":"Buy 3 MMC Online - 3 MMC for Sale - Order 3 MMC Online","og_description":"You can buy 3mmc online at the best prices from our online store. We have cheap and high-quality 3mmc for sale and providing worldwide delivery. You can order from anytime, anywhere.","og_url":"https:\/\/nembutalhouse.com\/pl\/produkt\/3mmc\/","og_site_name":"Nembutal House","article_modified_time":"2026-02-25T11:23:46+00:00","og_image":[{"width":600,"height":600,"url":"https:\/\/nembutalhouse.com\/wp-content\/uploads\/2024\/10\/3mmc.gif","type":"image\/gif"}],"twitter_card":"summary_large_image","twitter_misc":{"Szacowany czas czytania":"2 minuty"},"schema":{"@context":"https:\/\/schema.org","@graph":[{"@type":"WebPage","@id":"https:\/\/nembutalhouse.com\/product\/3mmc\/","url":"https:\/\/nembutalhouse.com\/product\/3mmc\/","name":"Buy 3 MMC Online - 3 MMC for Sale - Order 3 MMC Online","isPartOf":{"@id":"https:\/\/nembutalhouse.com\/#website"},"primaryImageOfPage":{"@id":"https:\/\/nembutalhouse.com\/product\/3mmc\/#primaryimage"},"image":{"@id":"https:\/\/nembutalhouse.com\/product\/3mmc\/#primaryimage"},"thumbnailUrl":"https:\/\/nembutalhouse.com\/wp-content\/uploads\/2024\/10\/3mmc.gif","datePublished":"2024-10-18T05:55:10+00:00","dateModified":"2026-02-25T11:23:46+00:00","description":"You can buy 3mmc online at the best prices from our online store. We have cheap and high-quality 3mmc for sale and providing worldwide delivery. You can order from anytime, anywhere.","breadcrumb":{"@id":"https:\/\/nembutalhouse.com\/product\/3mmc\/#breadcrumb"},"inLanguage":"pl-PL","potentialAction":[{"@type":"ReadAction","target":["https:\/\/nembutalhouse.com\/product\/3mmc\/"]}]},{"@type":"ImageObject","inLanguage":"pl-PL","@id":"https:\/\/nembutalhouse.com\/product\/3mmc\/#primaryimage","url":"https:\/\/nembutalhouse.com\/wp-content\/uploads\/2024\/10\/3mmc.gif","contentUrl":"https:\/\/nembutalhouse.com\/wp-content\/uploads\/2024\/10\/3mmc.gif","width":600,"height":600,"caption":"Buy 3mmc Online"},{"@type":"BreadcrumbList","@id":"https:\/\/nembutalhouse.com\/product\/3mmc\/#breadcrumb","itemListElement":[{"@type":"ListItem","position":1,"name":"Home","item":"https:\/\/nembutalhouse.com\/"},{"@type":"ListItem","position":2,"name":"Shop","item":"https:\/\/nembutalhouse.com\/shop\/"},{"@type":"ListItem","position":3,"name":"Buy 3mmc Online"}]},{"@type":"WebSite","@id":"https:\/\/nembutalhouse.com\/#website","url":"https:\/\/nembutalhouse.com\/","name":"Nembutal House","description":"Best Nembutal Online Store","publisher":{"@id":"https:\/\/nembutalhouse.com\/#organization"},"potentialAction":[{"@type":"SearchAction","target":{"@type":"EntryPoint","urlTemplate":"https:\/\/nembutalhouse.com\/?s={search_term_string}"},"query-input":{"@type":"PropertyValueSpecification","valueRequired":true,"valueName":"search_term_string"}}],"inLanguage":"pl-PL"},{"@type":"Organization","@id":"https:\/\/nembutalhouse.com\/#organization","name":"Nembutal House","url":"https:\/\/nembutalhouse.com\/","logo":{"@type":"ImageObject","inLanguage":"pl-PL","@id":"https:\/\/nembutalhouse.com\/#\/schema\/logo\/image\/","url":"https:\/\/nembutalhouse.com\/wp-content\/uploads\/2022\/12\/logo.png","contentUrl":"https:\/\/nembutalhouse.com\/wp-content\/uploads\/2022\/12\/logo.png","width":344,"height":103,"caption":"Nembutal House"},"image":{"@id":"https:\/\/nembutalhouse.com\/#\/schema\/logo\/image\/"}}]}},"_links":{"self":[{"href":"https:\/\/nembutalhouse.com\/pl\/wp-json\/wp\/v2\/product\/1621","targetHints":{"allow":["GET"]}}],"collection":[{"href":"https:\/\/nembutalhouse.com\/pl\/wp-json\/wp\/v2\/product"}],"about":[{"href":"https:\/\/nembutalhouse.com\/pl\/wp-json\/wp\/v2\/types\/product"}],"replies":[{"embeddable":true,"href":"https:\/\/nembutalhouse.com\/pl\/wp-json\/wp\/v2\/comments?post=1621"}],"wp:featuredmedia":[{"embeddable":true,"href":"https:\/\/nembutalhouse.com\/pl\/wp-json\/wp\/v2\/media\/1622"}],"wp:attachment":[{"href":"https:\/\/nembutalhouse.com\/pl\/wp-json\/wp\/v2\/media?parent=1621"}],"wp:term":[{"taxonomy":"product_cat","embeddable":true,"href":"https:\/\/nembutalhouse.com\/pl\/wp-json\/wp\/v2\/product_cat?post=1621"},{"taxonomy":"product_tag","embeddable":true,"href":"https:\/\/nembutalhouse.com\/pl\/wp-json\/wp\/v2\/product_tag?post=1621"}],"curies":[{"name":"wp","href":"https:\/\/api.w.org\/{rel}","templated":true}]}}