{"id":15,"date":"2022-12-13T18:41:56","date_gmt":"2022-12-13T18:41:56","guid":{"rendered":"https:\/\/nembutalhouse.com\/?post_type=product&#038;p=15"},"modified":"2026-03-06T11:08:44","modified_gmt":"2026-03-06T11:08:44","slug":"buy-nembutal-powder-online","status":"publish","type":"product","link":"https:\/\/nembutalhouse.com\/pl\/produkt\/kupic-nembutal-proszek-online\/","title":{"rendered":"Kup proszek Nembutal online"},"content":{"rendered":"<h2 style=\"text-align: justify;\">Kup proszek Nembutal online<\/h2>\n<p style=\"text-align: justify;\">If you are looking to buy the best quality Nembutal powder, our shop is perfect choice for you. Our quality product meets your expectations and delivers the comfort you have always desired from Nembutal powder. All our pentobarbital products are lab tested to ensure the highest quality first to customers. So now we have a reputation that we have to maintain.<\/p>\n<h3 style=\"text-align: justify;\">Verkoop echt Nembutal-poeder online:<\/h3>\n<p style=\"text-align: justify;\">Znalezienie dostawcy proszku Nembutal dostarczaj\u0105cego oryginalny proszek online mo\u017ce by\u0107 do\u015b\u0107 trudne przez wi\u0119kszo\u015b\u0107 czasu. Wielu sprzedawc\u00f3w oszukuje sprzedaj\u0105c proszek Nembutal online, a czysto\u015b\u0107 proszku jest r\u00f3wnie\u017c w\u0105tpliwa. Wi\u0119kszo\u015b\u0107 z nich nie zna fakt\u00f3w, takich jak pochodzenie tej substancji oraz spos\u00f3b dystrybucji i kontroli proszku nembutalu. I mo\u017cesz spotka\u0107 ich ca\u0142kiem sporo. Ale nie uzyska\u0142em \u017cadnych wynik\u00f3w z zakupionym produktem. Dlatego jeste\u015bmy tutaj, aby da\u0107 Ci w 100% prawdziwy pentobarbital, aby\u015b m\u00f3g\u0142 skutecznie zmieni\u0107 swoje \u017cycie, aby\u015b m\u00f3g\u0142 <a href=\"https:\/\/en.wikipedia.org\/?title=Nembutal&amp;redirect=no\"><strong>kup proszek Nembutal<\/strong><\/a> od nas.<\/p>\n<h3 style=\"text-align: justify;\">Osi\u0105gnij wszechstronne zastosowanie Nembutalu:<\/h3>\n<p style=\"text-align: justify;\">Proszek Nembutal jest wszechstronny, poniewa\u017c mo\u017cna go u\u017cywa\u0107 na r\u00f3\u017cne sposoby w zale\u017cno\u015bci od potrzeb. W\u0142a\u015bnie dlatego Nembutal jest doskonale wszechstronny. Je\u015bli chcesz zamieni\u0107 go w p\u0142yn do u\u017cycia w inny spos\u00f3b, mo\u017cesz to zrobi\u0107, rozcie\u0144czaj\u0105c go wod\u0105. Eutanazja to bardzo kontrowersyjny temat. Mo\u017cesz zam\u00f3wi\u0107 proszek Nembutal online za po\u015brednictwem naszej strony. Natomiast je\u015bli chodzi o etap eutanazji, czyli po prostu wydobycia dusz z kosmosu, przy u\u017cyciu proszku Nembutal odbywa si\u0119 doskonale. Zachodzi proces powstawania pentobarbitalu i st\u0105d pochodzi wi\u0119kszo\u015b\u0107 Nembutalu.<\/p>\n<p style=\"text-align: justify;\">Kupuj\u0105c proszek Nembutal przez Internet, b\u0119dziesz wiedzia\u0142, \u017ce jeste\u015bmy najbardziej zaufanym dostawc\u0105 proszku Nembutal. Zapewniamy najbardziej autentyczne <a href=\"https:\/\/nembutalhouse.com\/pl\/produkt\/kupic-nembutal-proszek-online\/\"><strong>Sprzedam Nembutal w proszku<\/strong><\/a>. Uzyskaj od nas dostaw\u0119 proszku Nembutal, sk\u0142adaj\u0105c zam\u00f3wienie online.<\/p>\n<h3 style=\"text-align: justify;\">Dlaczego proszek Nembutal?<\/h3>\n<p style=\"text-align: justify;\">Klasa proszku Nembutal znana jako barbiturany. Wynalezione pod koniec XIX wieku dzia\u0142ania te os\u0142abiaj\u0105 r\u00f3\u017cne aspekty funkcji m\u00f3zgu. Barbiturany s\u0105 u\u017cywane do wielu cel\u00f3w. Obejmuj\u0105 one leczenie zaburze\u0144 snu, padaczki i uraz\u00f3w m\u00f3zgu \u2013 a tak\u017ce znieczulenie og\u00f3lne i psychiatri\u0119. Musisz dok\u0142adnie zbada\u0107 najlepsze miejsce na zakup proszku Nembutal.<\/p>\n<p style=\"text-align: justify;\">Wiadomo, \u017ce barbiturany zapewniaj\u0105 uspokojenie i mog\u0105 by\u0107 skutecznie stosowane w celu z\u0142agodzenia stresu. W du\u017cych ilo\u015bciach leki te mog\u0105 powodowa\u0107 depresj\u0119 oddechow\u0105 i \u015bmier\u0107 z powodu ryzyka zwi\u0105zanego z przedawkowaniem. W ci\u0105gu ostatnich 20 lat zosta\u0142y one zatem wycofane z normalnego u\u017cytku medycznego.<\/p>\n<p style=\"text-align: justify;\">Lek mo\u017cna teraz uzyska\u0107 bezpo\u015brednio od producenta lub <a href=\"https:\/\/nembutalhouse.com\/pl\/\" target=\"_blank\" rel=\"noopener\"><strong>kup Nembutal przez Internet<\/strong><\/a>. Opr\u00f3cz konsultacji lekowych, wsparcia rodziny i innych \u015brodk\u00f3w, stosowanie tych zabieg\u00f3w cz\u0119sto wymaga wielu umiej\u0119tno\u015bci i zamieszania co do tego, gdzie kupi\u0107 proszek Nembutal.<\/p>\n<p style=\"text-align: justify;\">Argument o konieczno\u015bci eutanazji jest nie tylko b\u0142\u0119dny. Ale zalegalizowanie eutanazji i nembutalu za jego pomoc\u0105 prawdopodobnie b\u0119dzie nieskuteczne. Spowoduje to ograniczenie dost\u0119pu do odpowiedniej opieki dla wi\u0119kszo\u015bci pacjent\u00f3w, kt\u00f3rzy nie spe\u0142niaj\u0105 \u015bcis\u0142ych kryteri\u00f3w eutanazji.<\/p>","protected":false},"excerpt":{"rendered":"<p>Ka\u017cdy gram proszku zawiera 750 miligram\u00f3w (mg) nembutalu w proszku.<\/p>","protected":false},"featured_media":17,"comment_status":"open","ping_status":"closed","template":"","meta":{"_joinchat":[]},"product_cat":[16],"product_tag":[556,545,17,537,547,538,18,19,554,551,20,544,21,22,23,24,25,26,27,28,29,30,31,32,560,33,542,34,561,549,552,539,559,557,548,558,35,36,37,38,39,541,40,41,42,43,555,553,44,550,45,46,543,47,546,540],"class_list":{"0":"post-15","1":"product","2":"type-product","3":"status-publish","4":"has-post-thumbnail","6":"product_cat-nembutal","7":"product_tag-best-cheap-price-nembutal-powder","8":"product_tag-best-place-to-buy-nembutal-powder","9":"product_tag-buy-nembutal-online","10":"product_tag-buy-nembutal-powder","11":"product_tag-buy-nembutal-powder-legally","12":"product_tag-buy-nembutal-powder-online","13":"product_tag-buy-nembutal-powder-online-without-prescription","14":"product_tag-buy-nembutal-uk","15":"product_tag-cheap-nembutal-powders","16":"product_tag-high-quality-nembutal-powder","17":"product_tag-how-can-i-get-nembutal","18":"product_tag-how-to-buy-nembutal-powder","19":"product_tag-how-to-make-nembutal","20":"product_tag-how-to-obtain-nembutal","21":"product_tag-how-to-purchase-nembutal","22":"product_tag-nembutal","23":"product_tag-nembutal-buy","24":"product_tag-nembutal-buy-india","25":"product_tag-nembutal-for-sale","26":"product_tag-nembutal-for-sale-online","27":"product_tag-nembutal-for-sale-usa","28":"product_tag-nembutal-order-online","29":"product_tag-nembutal-pentobarbital-for-sale-in-usa","30":"product_tag-nembutal-pentobarbital-sodium-for-sale","31":"product_tag-nembutal-powder-for-cleaning","32":"product_tag-nembutal-powder-for-sale","33":"product_tag-nembutal-powder-liquid","34":"product_tag-nembutal-powder-near-me","35":"product_tag-nembutal-powder-powder","36":"product_tag-nembutal-powder-price","37":"product_tag-nembutal-powder-store","38":"product_tag-nembutal-powder-supplier","39":"product_tag-nembutal-powder-wiki","40":"product_tag-nembutal-powder-worldwide","41":"product_tag-nembutal-powders-online","42":"product_tag-nembutal-powders-use","43":"product_tag-nembutal-sodium","44":"product_tag-nembutal-suicide","45":"product_tag-nembutal-where-to-buy","46":"product_tag-order-nembutal","47":"product_tag-order-nembutal-online","48":"product_tag-order-nembutal-powder","49":"product_tag-order-nembutal-powder-online","50":"product_tag-pentobarbital","51":"product_tag-pentobarbital-for-sale","52":"product_tag-pentobarbital-vs-phenobarbital","53":"product_tag-purcharse-nembutal-powder","54":"product_tag-shop-nembutal-powder","55":"product_tag-sodium-pentobarbital","56":"product_tag-top-quality-nembutal-powder","57":"product_tag-what-is-nembutal","58":"product_tag-where-to-buy-nembutal","59":"product_tag-where-to-buy-nembutal-powder","60":"product_tag-where-to-buy-nembutal-powder-online","61":"product_tag-where-to-order-nembutal-powder","62":"product_tag-wholesale-nembutal-powder-bulk-online","64":"first","65":"instock","66":"shipping-taxable","67":"purchasable","68":"product-type-variable","69":"has-default-attributes"},"yoast_head":"<!-- This site is optimized with the Yoast SEO plugin v24.1 - https:\/\/yoast.com\/wordpress\/plugins\/seo\/ -->\n<title>Buy Nembutal Powder Online - Nembutal Powder for Sale<\/title>\n<meta name=\"description\" content=\"You can buy nembutal powder online at the best prices from our online store. We have cheap and high-quality nembutal powder for sale and providing worldwide delivery. You can order from anytime, anywhere.\" \/>\n<meta name=\"robots\" content=\"index, follow, max-snippet:-1, max-image-preview:large, max-video-preview:-1\" \/>\n<link rel=\"canonical\" href=\"https:\/\/nembutalhouse.com\/pl\/produkt\/kupic-nembutal-proszek-online\/\" \/>\n<meta property=\"og:locale\" content=\"pl_PL\" \/>\n<meta property=\"og:type\" content=\"article\" \/>\n<meta property=\"og:title\" content=\"Buy Nembutal Powder Online - Nembutal Powder for Sale\" \/>\n<meta property=\"og:description\" content=\"You can buy nembutal powder online at the best prices from our online store. We have cheap and high-quality nembutal powder for sale and providing worldwide delivery. You can order from anytime, anywhere.\" \/>\n<meta property=\"og:url\" content=\"https:\/\/nembutalhouse.com\/pl\/produkt\/kupic-nembutal-proszek-online\/\" \/>\n<meta property=\"og:site_name\" content=\"Nembutal House\" \/>\n<meta property=\"article:modified_time\" content=\"2026-03-06T11:08:44+00:00\" \/>\n<meta property=\"og:image\" content=\"https:\/\/nembutalhouse.com\/wp-content\/uploads\/2022\/12\/nembutal-powder.jpg\" \/>\n\t<meta property=\"og:image:width\" content=\"1000\" \/>\n\t<meta property=\"og:image:height\" content=\"1000\" \/>\n\t<meta property=\"og:image:type\" content=\"image\/jpeg\" \/>\n<meta name=\"twitter:card\" content=\"summary_large_image\" \/>\n<meta name=\"twitter:label1\" content=\"Szacowany czas czytania\" \/>\n\t<meta name=\"twitter:data1\" content=\"3 minuty\" \/>\n<script type=\"application\/ld+json\" class=\"yoast-schema-graph\">{\"@context\":\"https:\/\/schema.org\",\"@graph\":[{\"@type\":\"WebPage\",\"@id\":\"https:\/\/nembutalhouse.com\/product\/buy-nembutal-powder-online\/\",\"url\":\"https:\/\/nembutalhouse.com\/product\/buy-nembutal-powder-online\/\",\"name\":\"Buy Nembutal Powder Online - Nembutal Powder for Sale\",\"isPartOf\":{\"@id\":\"https:\/\/nembutalhouse.com\/#website\"},\"primaryImageOfPage\":{\"@id\":\"https:\/\/nembutalhouse.com\/product\/buy-nembutal-powder-online\/#primaryimage\"},\"image\":{\"@id\":\"https:\/\/nembutalhouse.com\/product\/buy-nembutal-powder-online\/#primaryimage\"},\"thumbnailUrl\":\"https:\/\/nembutalhouse.com\/wp-content\/uploads\/2022\/12\/nembutal-powder.jpg\",\"datePublished\":\"2022-12-13T18:41:56+00:00\",\"dateModified\":\"2026-03-06T11:08:44+00:00\",\"description\":\"You can buy nembutal powder online at the best prices from our online store. We have cheap and high-quality nembutal powder for sale and providing worldwide delivery. You can order from anytime, anywhere.\",\"breadcrumb\":{\"@id\":\"https:\/\/nembutalhouse.com\/product\/buy-nembutal-powder-online\/#breadcrumb\"},\"inLanguage\":\"pl-PL\",\"potentialAction\":[{\"@type\":\"ReadAction\",\"target\":[\"https:\/\/nembutalhouse.com\/product\/buy-nembutal-powder-online\/\"]}]},{\"@type\":\"ImageObject\",\"inLanguage\":\"pl-PL\",\"@id\":\"https:\/\/nembutalhouse.com\/product\/buy-nembutal-powder-online\/#primaryimage\",\"url\":\"https:\/\/nembutalhouse.com\/wp-content\/uploads\/2022\/12\/nembutal-powder.jpg\",\"contentUrl\":\"https:\/\/nembutalhouse.com\/wp-content\/uploads\/2022\/12\/nembutal-powder.jpg\",\"width\":1000,\"height\":1000,\"caption\":\"buy nembutal powder online\"},{\"@type\":\"BreadcrumbList\",\"@id\":\"https:\/\/nembutalhouse.com\/product\/buy-nembutal-powder-online\/#breadcrumb\",\"itemListElement\":[{\"@type\":\"ListItem\",\"position\":1,\"name\":\"Home\",\"item\":\"https:\/\/nembutalhouse.com\/\"},{\"@type\":\"ListItem\",\"position\":2,\"name\":\"Shop\",\"item\":\"https:\/\/nembutalhouse.com\/shop\/\"},{\"@type\":\"ListItem\",\"position\":3,\"name\":\"Buy Nembutal Powder Online\"}]},{\"@type\":\"WebSite\",\"@id\":\"https:\/\/nembutalhouse.com\/#website\",\"url\":\"https:\/\/nembutalhouse.com\/\",\"name\":\"Nembutal House\",\"description\":\"Best Nembutal Online Store\",\"publisher\":{\"@id\":\"https:\/\/nembutalhouse.com\/#organization\"},\"potentialAction\":[{\"@type\":\"SearchAction\",\"target\":{\"@type\":\"EntryPoint\",\"urlTemplate\":\"https:\/\/nembutalhouse.com\/?s={search_term_string}\"},\"query-input\":{\"@type\":\"PropertyValueSpecification\",\"valueRequired\":true,\"valueName\":\"search_term_string\"}}],\"inLanguage\":\"pl-PL\"},{\"@type\":\"Organization\",\"@id\":\"https:\/\/nembutalhouse.com\/#organization\",\"name\":\"Nembutal House\",\"url\":\"https:\/\/nembutalhouse.com\/\",\"logo\":{\"@type\":\"ImageObject\",\"inLanguage\":\"pl-PL\",\"@id\":\"https:\/\/nembutalhouse.com\/#\/schema\/logo\/image\/\",\"url\":\"https:\/\/nembutalhouse.com\/wp-content\/uploads\/2022\/12\/logo.png\",\"contentUrl\":\"https:\/\/nembutalhouse.com\/wp-content\/uploads\/2022\/12\/logo.png\",\"width\":344,\"height\":103,\"caption\":\"Nembutal House\"},\"image\":{\"@id\":\"https:\/\/nembutalhouse.com\/#\/schema\/logo\/image\/\"}}]}<\/script>\n<!-- \/ Yoast SEO plugin. -->","yoast_head_json":{"title":"Buy Nembutal Powder Online - Nembutal Powder for Sale","description":"You can buy nembutal powder online at the best prices from our online store. We have cheap and high-quality nembutal powder for sale and providing worldwide delivery. You can order from anytime, anywhere.","robots":{"index":"index","follow":"follow","max-snippet":"max-snippet:-1","max-image-preview":"max-image-preview:large","max-video-preview":"max-video-preview:-1"},"canonical":"https:\/\/nembutalhouse.com\/pl\/produkt\/kupic-nembutal-proszek-online\/","og_locale":"pl_PL","og_type":"article","og_title":"Buy Nembutal Powder Online - Nembutal Powder for Sale","og_description":"You can buy nembutal powder online at the best prices from our online store. We have cheap and high-quality nembutal powder for sale and providing worldwide delivery. You can order from anytime, anywhere.","og_url":"https:\/\/nembutalhouse.com\/pl\/produkt\/kupic-nembutal-proszek-online\/","og_site_name":"Nembutal House","article_modified_time":"2026-03-06T11:08:44+00:00","og_image":[{"width":1000,"height":1000,"url":"https:\/\/nembutalhouse.com\/wp-content\/uploads\/2022\/12\/nembutal-powder.jpg","type":"image\/jpeg"}],"twitter_card":"summary_large_image","twitter_misc":{"Szacowany czas czytania":"3 minuty"},"schema":{"@context":"https:\/\/schema.org","@graph":[{"@type":"WebPage","@id":"https:\/\/nembutalhouse.com\/product\/buy-nembutal-powder-online\/","url":"https:\/\/nembutalhouse.com\/product\/buy-nembutal-powder-online\/","name":"Buy Nembutal Powder Online - Nembutal Powder for Sale","isPartOf":{"@id":"https:\/\/nembutalhouse.com\/#website"},"primaryImageOfPage":{"@id":"https:\/\/nembutalhouse.com\/product\/buy-nembutal-powder-online\/#primaryimage"},"image":{"@id":"https:\/\/nembutalhouse.com\/product\/buy-nembutal-powder-online\/#primaryimage"},"thumbnailUrl":"https:\/\/nembutalhouse.com\/wp-content\/uploads\/2022\/12\/nembutal-powder.jpg","datePublished":"2022-12-13T18:41:56+00:00","dateModified":"2026-03-06T11:08:44+00:00","description":"You can buy nembutal powder online at the best prices from our online store. We have cheap and high-quality nembutal powder for sale and providing worldwide delivery. You can order from anytime, anywhere.","breadcrumb":{"@id":"https:\/\/nembutalhouse.com\/product\/buy-nembutal-powder-online\/#breadcrumb"},"inLanguage":"pl-PL","potentialAction":[{"@type":"ReadAction","target":["https:\/\/nembutalhouse.com\/product\/buy-nembutal-powder-online\/"]}]},{"@type":"ImageObject","inLanguage":"pl-PL","@id":"https:\/\/nembutalhouse.com\/product\/buy-nembutal-powder-online\/#primaryimage","url":"https:\/\/nembutalhouse.com\/wp-content\/uploads\/2022\/12\/nembutal-powder.jpg","contentUrl":"https:\/\/nembutalhouse.com\/wp-content\/uploads\/2022\/12\/nembutal-powder.jpg","width":1000,"height":1000,"caption":"buy nembutal powder online"},{"@type":"BreadcrumbList","@id":"https:\/\/nembutalhouse.com\/product\/buy-nembutal-powder-online\/#breadcrumb","itemListElement":[{"@type":"ListItem","position":1,"name":"Home","item":"https:\/\/nembutalhouse.com\/"},{"@type":"ListItem","position":2,"name":"Shop","item":"https:\/\/nembutalhouse.com\/shop\/"},{"@type":"ListItem","position":3,"name":"Buy Nembutal Powder Online"}]},{"@type":"WebSite","@id":"https:\/\/nembutalhouse.com\/#website","url":"https:\/\/nembutalhouse.com\/","name":"Nembutal House","description":"Best Nembutal Online Store","publisher":{"@id":"https:\/\/nembutalhouse.com\/#organization"},"potentialAction":[{"@type":"SearchAction","target":{"@type":"EntryPoint","urlTemplate":"https:\/\/nembutalhouse.com\/?s={search_term_string}"},"query-input":{"@type":"PropertyValueSpecification","valueRequired":true,"valueName":"search_term_string"}}],"inLanguage":"pl-PL"},{"@type":"Organization","@id":"https:\/\/nembutalhouse.com\/#organization","name":"Nembutal House","url":"https:\/\/nembutalhouse.com\/","logo":{"@type":"ImageObject","inLanguage":"pl-PL","@id":"https:\/\/nembutalhouse.com\/#\/schema\/logo\/image\/","url":"https:\/\/nembutalhouse.com\/wp-content\/uploads\/2022\/12\/logo.png","contentUrl":"https:\/\/nembutalhouse.com\/wp-content\/uploads\/2022\/12\/logo.png","width":344,"height":103,"caption":"Nembutal House"},"image":{"@id":"https:\/\/nembutalhouse.com\/#\/schema\/logo\/image\/"}}]}},"_links":{"self":[{"href":"https:\/\/nembutalhouse.com\/pl\/wp-json\/wp\/v2\/product\/15","targetHints":{"allow":["GET"]}}],"collection":[{"href":"https:\/\/nembutalhouse.com\/pl\/wp-json\/wp\/v2\/product"}],"about":[{"href":"https:\/\/nembutalhouse.com\/pl\/wp-json\/wp\/v2\/types\/product"}],"replies":[{"embeddable":true,"href":"https:\/\/nembutalhouse.com\/pl\/wp-json\/wp\/v2\/comments?post=15"}],"wp:featuredmedia":[{"embeddable":true,"href":"https:\/\/nembutalhouse.com\/pl\/wp-json\/wp\/v2\/media\/17"}],"wp:attachment":[{"href":"https:\/\/nembutalhouse.com\/pl\/wp-json\/wp\/v2\/media?parent=15"}],"wp:term":[{"taxonomy":"product_cat","embeddable":true,"href":"https:\/\/nembutalhouse.com\/pl\/wp-json\/wp\/v2\/product_cat?post=15"},{"taxonomy":"product_tag","embeddable":true,"href":"https:\/\/nembutalhouse.com\/pl\/wp-json\/wp\/v2\/product_tag?post=15"}],"curies":[{"name":"wp","href":"https:\/\/api.w.org\/{rel}","templated":true}]}}