{"id":1397,"date":"2024-10-16T11:50:38","date_gmt":"2024-10-16T11:50:38","guid":{"rendered":"https:\/\/nembutalhouse.com\/?post_type=product&#038;p=1397"},"modified":"2026-03-06T10:10:56","modified_gmt":"2026-03-06T10:10:56","slug":"buy-mdphp-free-base-online","status":"publish","type":"product","link":"https:\/\/nembutalhouse.com\/pl\/produkt\/buy-mdphp-free-base-online\/","title":{"rendered":"Kup MDPHP Free-Base online"},"content":{"rendered":"<h2>Kup MDPHP Free-Base online<\/h2>\n<p><a href=\"https:\/\/nembutalhouse.com\/pl\/produkt\/buy-mdphp-free-base-online\/\">Buy MDPHP<\/a> jest bliskim krewnym bardziej znanego stymulanta MDPV, kt\u00f3ry zosta\u0142 pierwotnie opracowany przez niemieck\u0105 firm\u0119 farmaceutyczn\u0105 w latach 60-tych.<\/p>\n<p>Znany r\u00f3wnie\u017c jako (3\u2032,4\u2032-metylenodioksy-\u03b1-pirolidynoheksiofenon) lub \"Monkey Dust\" MDPHP dzia\u0142a jako inhibitor wychwytu zwrotnego noradrenaliny i dopaminy (NDRI), a w stanie chlorowodorku (HCL) przypomina bardzo drobny krystaliczny proszek. Znaczna ilo\u015b\u0107 informacji na temat <a href=\"https:\/\/en.wikipedia.org\/wiki\/MDPHP\">MDPHP<\/a> i jego skutki s\u0105 zg\u0142aszane w badaniach znalezionych na r\u00f3\u017cnych forach internetowych i badaniach naukowych, jednak w odniesieniu do przysz\u0142ej legalno\u015bci i ewentualnego w\u0142\u0105czenia do ustawy o opium pozostaje niejasne. Na razie pozostaje ona legalna w du\u017cej cz\u0119\u015bci Europy, wi\u0119c w Chemical Planet z przyjemno\u015bci\u0105 oferujemy proszek MDPHP klasy laboratoryjnej do cel\u00f3w badawczych. Wi\u0119cej informacji technicznych znajduje si\u0119 poni\u017cej!<\/p>\n<p>Nazwa IUPAC: 3\u2032,4\u2032-metylenodioksy-\u03b1-pirolidynoheksiofenon<\/p>\n<p>CAS #: 776994-64-0<\/p>\n<p>Forma: Freebase<\/p>\n<p>Analiza NMR: C17H23NO3<\/p>\n<p>\u015arodki bezpiecze\u0144stwa<\/p>\n<p>Zaleca si\u0119 stosowanie r\u0119kawic, okular\u00f3w i respirator\u00f3w podczas pracy z proszkiem MDPHP w laboratorium; jest to drobny proszek, kt\u00f3ry mo\u017ce \u0142atwo unie\u015b\u0107 si\u0119 w powietrzu i przypadkowo wdycha\u0107.<\/p>\n<p>W razie przypadkowego nara\u017cenia zaleca si\u0119 pokazanie etykiety produktu (zawieraj\u0105cej informacje IUPAC i CAS) personelowi medycznemu.<\/p>\n<p>Przypadkowy kontakt z oczami powinien by\u0107 natychmiast leczony poprzez dok\u0142adne przep\u0142ukanie wod\u0105 po usuni\u0119ciu soczewek kontaktowych.<\/p>\n<h3>Gdzie kupi\u0107 MDPHP?<\/h3>\n<p>Przy <a href=\"https:\/\/nembutalhouse.com\/pl\/\">NembutalHouse<\/a>z dum\u0105 oferujemy najwy\u017cszej dost\u0119pnej jako\u015bci MDPHP klasy laboratoryjnej. NembutalHo<a href=\"https:\/\/nembutalhouse.com\/pl\/\">u\u017cycie<\/a> jest najlepsz\u0105 opcj\u0105 dla tych, kt\u00f3rzy chc\u0105 kupi\u0107 chemikalia badawcze. Przed dopuszczeniem do sprzeda\u017cy wszystkie nasze zapasy poddajemy rygorystycznym testom GC MS.<\/p>\n<p>Nale\u017cy pami\u0119ta\u0107, \u017ce aby kupi\u0107 MDPHP w NembutalHouse, trzeba mie\u0107 uko\u0144czone 18 lat. Wszystkie sprzedawane chemikalia badawcze s\u0105 przeznaczone wy\u0142\u0105cznie do u\u017cytku w badaniach laboratoryjnych i nie s\u0105 przeznaczone do spo\u017cycia przez ludzi.<\/p>\n<h3>Czy MDPHP jest legalne?<\/h3>\n<p>Je\u015bli chodzi o legalno\u015b\u0107 MDPHP, zdecydowanie zalecamy zapoznanie si\u0119 z odpowiednimi przepisami obowi\u0105zuj\u0105cymi w kraju zamieszkania\/adresie wysy\u0142ki.<\/p>\n<p>Robimy wszystko, co w naszej mocy, aby zminimalizowa\u0107 ryzyko dla naszych klient\u00f3w dzi\u0119ki naszym aktywnym ograniczeniom wysy\u0142ki.<\/p>\n<p>JEDNAK ustawodawstwo na ca\u0142ym \u015bwiecie stale ewoluuje, a NembutalHouse nie mo\u017ce ponosi\u0107 \u017cadnej odpowiedzialno\u015bci w przypadku wyst\u0105pienia komplikacji. Ostatecznie to kupuj\u0105cy ponosi odpowiedzialno\u015b\u0107 za upewnienie si\u0119, \u017ce produkt nie narusza \u017cadnych przepis\u00f3w prawa w miejscu wysy\u0142ki.<\/p>","protected":false},"excerpt":{"rendered":"<p>Buy MDPHP Free-Base Online Buy MDPHP is a close relative to a more well-known stimulant MDPV which was originally developed by a German Pharmaceutical company in the 1960s. Also known&hellip;<\/p>","protected":false},"featured_media":1549,"comment_status":"open","ping_status":"closed","template":"","meta":{"_joinchat":[]},"product_cat":[188],"product_tag":[1396,1385,1375,1387,1376,1402,1394,1391,1384,1382,1377,1388,1401,1400,1403,1392,1398,1399,1397,1389,1378,1380,1381,1404,1395,1393,1390,1383,1386,1379],"class_list":{"0":"post-1397","1":"product","2":"type-product","3":"status-publish","4":"has-post-thumbnail","6":"product_cat-stimulants","7":"product_tag-best-cheap-price-mdphp-free-base-powder","8":"product_tag-best-place-to-buy-mdphp-free-base","9":"product_tag-buy-mdphp-free-base","10":"product_tag-buy-mdphp-free-base-legally","11":"product_tag-buy-mdphp-free-base-online","12":"product_tag-buy-mdphp-free-base-powder-online","13":"product_tag-cheap-mdphp-free-base-powders","14":"product_tag-high-quality-mdphp-free-base-powder","15":"product_tag-how-to-buy-mdphp-free-base","16":"product_tag-mdphp-free-base","17":"product_tag-mdphp-free-base-for-sale","18":"product_tag-mdphp-free-base-online","19":"product_tag-mdphp-free-base-powder","20":"product_tag-mdphp-free-base-powder-for-cleaning","21":"product_tag-mdphp-free-base-powder-for-sale","22":"product_tag-mdphp-free-base-powder-store","23":"product_tag-mdphp-free-base-powder-use","24":"product_tag-mdphp-free-base-powder-wiki","25":"product_tag-mdphp-free-base-powder-worldwide","26":"product_tag-mdphp-free-base-price","27":"product_tag-mdphp-free-base-supplier","28":"product_tag-order-mdphp-free-base","29":"product_tag-order-mdphp-free-base-online","30":"product_tag-order-mdphp-free-base-powder","31":"product_tag-purcharse-mdphp-free-base-powder-powder","32":"product_tag-shop-mdphp-free-base-powder","33":"product_tag-top-quality-mdphp-free-base","34":"product_tag-where-to-buy-mdphp-free-base","35":"product_tag-where-to-order-mdphp-free-base","36":"product_tag-wholesale-mdphp-free-base-bulk-online","38":"first","39":"instock","40":"shipping-taxable","41":"purchasable","42":"product-type-variable"},"yoast_head":"<!-- This site is optimized with the Yoast SEO plugin v24.1 - https:\/\/yoast.com\/wordpress\/plugins\/seo\/ -->\n<title>Buy MDPHP Free Base Online - MDPHP Free Base for Sale | NH<\/title>\n<meta name=\"description\" content=\"You can get in touch with our online store and buy mdphp free base online. We have mdphp free base for sale at cheap prices. Get yours at your place right away!\" \/>\n<meta name=\"robots\" content=\"index, follow, max-snippet:-1, max-image-preview:large, max-video-preview:-1\" \/>\n<link rel=\"canonical\" href=\"https:\/\/nembutalhouse.com\/pl\/produkt\/buy-mdphp-free-base-online\/\" \/>\n<meta property=\"og:locale\" content=\"pl_PL\" \/>\n<meta property=\"og:type\" content=\"article\" \/>\n<meta property=\"og:title\" content=\"Buy MDPHP Free Base Online - MDPHP Free Base for Sale | NH\" \/>\n<meta property=\"og:description\" content=\"You can get in touch with our online store and buy mdphp free base online. We have mdphp free base for sale at cheap prices. Get yours at your place right away!\" \/>\n<meta property=\"og:url\" content=\"https:\/\/nembutalhouse.com\/pl\/produkt\/buy-mdphp-free-base-online\/\" \/>\n<meta property=\"og:site_name\" content=\"Nembutal House\" \/>\n<meta property=\"article:modified_time\" content=\"2026-03-06T10:10:56+00:00\" \/>\n<meta property=\"og:image\" content=\"https:\/\/nembutalhouse.com\/wp-content\/uploads\/2024\/10\/Mdphp-free-base.gif\" \/>\n\t<meta property=\"og:image:width\" content=\"600\" \/>\n\t<meta property=\"og:image:height\" content=\"600\" \/>\n\t<meta property=\"og:image:type\" content=\"image\/gif\" \/>\n<meta name=\"twitter:card\" content=\"summary_large_image\" \/>\n<meta name=\"twitter:label1\" content=\"Szacowany czas czytania\" \/>\n\t<meta name=\"twitter:data1\" content=\"2 minuty\" \/>\n<script type=\"application\/ld+json\" class=\"yoast-schema-graph\">{\"@context\":\"https:\/\/schema.org\",\"@graph\":[{\"@type\":\"WebPage\",\"@id\":\"https:\/\/nembutalhouse.com\/product\/buy-mdphp-free-base-online\/\",\"url\":\"https:\/\/nembutalhouse.com\/product\/buy-mdphp-free-base-online\/\",\"name\":\"Buy MDPHP Free Base Online - MDPHP Free Base for Sale | NH\",\"isPartOf\":{\"@id\":\"https:\/\/nembutalhouse.com\/#website\"},\"primaryImageOfPage\":{\"@id\":\"https:\/\/nembutalhouse.com\/product\/buy-mdphp-free-base-online\/#primaryimage\"},\"image\":{\"@id\":\"https:\/\/nembutalhouse.com\/product\/buy-mdphp-free-base-online\/#primaryimage\"},\"thumbnailUrl\":\"https:\/\/nembutalhouse.com\/wp-content\/uploads\/2024\/10\/Mdphp-free-base.gif\",\"datePublished\":\"2024-10-16T11:50:38+00:00\",\"dateModified\":\"2026-03-06T10:10:56+00:00\",\"description\":\"You can get in touch with our online store and buy mdphp free base online. We have mdphp free base for sale at cheap prices. Get yours at your place right away!\",\"breadcrumb\":{\"@id\":\"https:\/\/nembutalhouse.com\/product\/buy-mdphp-free-base-online\/#breadcrumb\"},\"inLanguage\":\"pl-PL\",\"potentialAction\":[{\"@type\":\"ReadAction\",\"target\":[\"https:\/\/nembutalhouse.com\/product\/buy-mdphp-free-base-online\/\"]}]},{\"@type\":\"ImageObject\",\"inLanguage\":\"pl-PL\",\"@id\":\"https:\/\/nembutalhouse.com\/product\/buy-mdphp-free-base-online\/#primaryimage\",\"url\":\"https:\/\/nembutalhouse.com\/wp-content\/uploads\/2024\/10\/Mdphp-free-base.gif\",\"contentUrl\":\"https:\/\/nembutalhouse.com\/wp-content\/uploads\/2024\/10\/Mdphp-free-base.gif\",\"width\":600,\"height\":600,\"caption\":\"Buy MDPHP Free-Base Online\"},{\"@type\":\"BreadcrumbList\",\"@id\":\"https:\/\/nembutalhouse.com\/product\/buy-mdphp-free-base-online\/#breadcrumb\",\"itemListElement\":[{\"@type\":\"ListItem\",\"position\":1,\"name\":\"Home\",\"item\":\"https:\/\/nembutalhouse.com\/\"},{\"@type\":\"ListItem\",\"position\":2,\"name\":\"Shop\",\"item\":\"https:\/\/nembutalhouse.com\/shop\/\"},{\"@type\":\"ListItem\",\"position\":3,\"name\":\"Buy MDPHP Free-Base Online\"}]},{\"@type\":\"WebSite\",\"@id\":\"https:\/\/nembutalhouse.com\/#website\",\"url\":\"https:\/\/nembutalhouse.com\/\",\"name\":\"Nembutal House\",\"description\":\"Best Nembutal Online Store\",\"publisher\":{\"@id\":\"https:\/\/nembutalhouse.com\/#organization\"},\"potentialAction\":[{\"@type\":\"SearchAction\",\"target\":{\"@type\":\"EntryPoint\",\"urlTemplate\":\"https:\/\/nembutalhouse.com\/?s={search_term_string}\"},\"query-input\":{\"@type\":\"PropertyValueSpecification\",\"valueRequired\":true,\"valueName\":\"search_term_string\"}}],\"inLanguage\":\"pl-PL\"},{\"@type\":\"Organization\",\"@id\":\"https:\/\/nembutalhouse.com\/#organization\",\"name\":\"Nembutal House\",\"url\":\"https:\/\/nembutalhouse.com\/\",\"logo\":{\"@type\":\"ImageObject\",\"inLanguage\":\"pl-PL\",\"@id\":\"https:\/\/nembutalhouse.com\/#\/schema\/logo\/image\/\",\"url\":\"https:\/\/nembutalhouse.com\/wp-content\/uploads\/2022\/12\/logo.png\",\"contentUrl\":\"https:\/\/nembutalhouse.com\/wp-content\/uploads\/2022\/12\/logo.png\",\"width\":344,\"height\":103,\"caption\":\"Nembutal House\"},\"image\":{\"@id\":\"https:\/\/nembutalhouse.com\/#\/schema\/logo\/image\/\"}}]}<\/script>\n<!-- \/ Yoast SEO plugin. -->","yoast_head_json":{"title":"Buy MDPHP Free Base Online - MDPHP Free Base for Sale | NH","description":"You can get in touch with our online store and buy mdphp free base online. We have mdphp free base for sale at cheap prices. Get yours at your place right away!","robots":{"index":"index","follow":"follow","max-snippet":"max-snippet:-1","max-image-preview":"max-image-preview:large","max-video-preview":"max-video-preview:-1"},"canonical":"https:\/\/nembutalhouse.com\/pl\/produkt\/buy-mdphp-free-base-online\/","og_locale":"pl_PL","og_type":"article","og_title":"Buy MDPHP Free Base Online - MDPHP Free Base for Sale | NH","og_description":"You can get in touch with our online store and buy mdphp free base online. We have mdphp free base for sale at cheap prices. Get yours at your place right away!","og_url":"https:\/\/nembutalhouse.com\/pl\/produkt\/buy-mdphp-free-base-online\/","og_site_name":"Nembutal House","article_modified_time":"2026-03-06T10:10:56+00:00","og_image":[{"width":600,"height":600,"url":"https:\/\/nembutalhouse.com\/wp-content\/uploads\/2024\/10\/Mdphp-free-base.gif","type":"image\/gif"}],"twitter_card":"summary_large_image","twitter_misc":{"Szacowany czas czytania":"2 minuty"},"schema":{"@context":"https:\/\/schema.org","@graph":[{"@type":"WebPage","@id":"https:\/\/nembutalhouse.com\/product\/buy-mdphp-free-base-online\/","url":"https:\/\/nembutalhouse.com\/product\/buy-mdphp-free-base-online\/","name":"Buy MDPHP Free Base Online - MDPHP Free Base for Sale | NH","isPartOf":{"@id":"https:\/\/nembutalhouse.com\/#website"},"primaryImageOfPage":{"@id":"https:\/\/nembutalhouse.com\/product\/buy-mdphp-free-base-online\/#primaryimage"},"image":{"@id":"https:\/\/nembutalhouse.com\/product\/buy-mdphp-free-base-online\/#primaryimage"},"thumbnailUrl":"https:\/\/nembutalhouse.com\/wp-content\/uploads\/2024\/10\/Mdphp-free-base.gif","datePublished":"2024-10-16T11:50:38+00:00","dateModified":"2026-03-06T10:10:56+00:00","description":"You can get in touch with our online store and buy mdphp free base online. We have mdphp free base for sale at cheap prices. Get yours at your place right away!","breadcrumb":{"@id":"https:\/\/nembutalhouse.com\/product\/buy-mdphp-free-base-online\/#breadcrumb"},"inLanguage":"pl-PL","potentialAction":[{"@type":"ReadAction","target":["https:\/\/nembutalhouse.com\/product\/buy-mdphp-free-base-online\/"]}]},{"@type":"ImageObject","inLanguage":"pl-PL","@id":"https:\/\/nembutalhouse.com\/product\/buy-mdphp-free-base-online\/#primaryimage","url":"https:\/\/nembutalhouse.com\/wp-content\/uploads\/2024\/10\/Mdphp-free-base.gif","contentUrl":"https:\/\/nembutalhouse.com\/wp-content\/uploads\/2024\/10\/Mdphp-free-base.gif","width":600,"height":600,"caption":"Buy MDPHP Free-Base Online"},{"@type":"BreadcrumbList","@id":"https:\/\/nembutalhouse.com\/product\/buy-mdphp-free-base-online\/#breadcrumb","itemListElement":[{"@type":"ListItem","position":1,"name":"Home","item":"https:\/\/nembutalhouse.com\/"},{"@type":"ListItem","position":2,"name":"Shop","item":"https:\/\/nembutalhouse.com\/shop\/"},{"@type":"ListItem","position":3,"name":"Buy MDPHP Free-Base Online"}]},{"@type":"WebSite","@id":"https:\/\/nembutalhouse.com\/#website","url":"https:\/\/nembutalhouse.com\/","name":"Nembutal House","description":"Best Nembutal Online Store","publisher":{"@id":"https:\/\/nembutalhouse.com\/#organization"},"potentialAction":[{"@type":"SearchAction","target":{"@type":"EntryPoint","urlTemplate":"https:\/\/nembutalhouse.com\/?s={search_term_string}"},"query-input":{"@type":"PropertyValueSpecification","valueRequired":true,"valueName":"search_term_string"}}],"inLanguage":"pl-PL"},{"@type":"Organization","@id":"https:\/\/nembutalhouse.com\/#organization","name":"Nembutal House","url":"https:\/\/nembutalhouse.com\/","logo":{"@type":"ImageObject","inLanguage":"pl-PL","@id":"https:\/\/nembutalhouse.com\/#\/schema\/logo\/image\/","url":"https:\/\/nembutalhouse.com\/wp-content\/uploads\/2022\/12\/logo.png","contentUrl":"https:\/\/nembutalhouse.com\/wp-content\/uploads\/2022\/12\/logo.png","width":344,"height":103,"caption":"Nembutal House"},"image":{"@id":"https:\/\/nembutalhouse.com\/#\/schema\/logo\/image\/"}}]}},"_links":{"self":[{"href":"https:\/\/nembutalhouse.com\/pl\/wp-json\/wp\/v2\/product\/1397","targetHints":{"allow":["GET"]}}],"collection":[{"href":"https:\/\/nembutalhouse.com\/pl\/wp-json\/wp\/v2\/product"}],"about":[{"href":"https:\/\/nembutalhouse.com\/pl\/wp-json\/wp\/v2\/types\/product"}],"replies":[{"embeddable":true,"href":"https:\/\/nembutalhouse.com\/pl\/wp-json\/wp\/v2\/comments?post=1397"}],"wp:featuredmedia":[{"embeddable":true,"href":"https:\/\/nembutalhouse.com\/pl\/wp-json\/wp\/v2\/media\/1549"}],"wp:attachment":[{"href":"https:\/\/nembutalhouse.com\/pl\/wp-json\/wp\/v2\/media?parent=1397"}],"wp:term":[{"taxonomy":"product_cat","embeddable":true,"href":"https:\/\/nembutalhouse.com\/pl\/wp-json\/wp\/v2\/product_cat?post=1397"},{"taxonomy":"product_tag","embeddable":true,"href":"https:\/\/nembutalhouse.com\/pl\/wp-json\/wp\/v2\/product_tag?post=1397"}],"curies":[{"name":"wp","href":"https:\/\/api.w.org\/{rel}","templated":true}]}}