{"id":1317,"date":"2024-10-16T11:50:01","date_gmt":"2024-10-16T11:50:01","guid":{"rendered":"https:\/\/nembutalhouse.com\/?post_type=product&#038;p=1317"},"modified":"2026-03-03T05:02:35","modified_gmt":"2026-03-03T05:02:35","slug":"buy-mdpv-online","status":"publish","type":"product","link":"https:\/\/nembutalhouse.com\/pl\/produkt\/buy-mdpv-online\/","title":{"rendered":"Kup MDPV online"},"content":{"rendered":"<h2>Kup MDPV online<\/h2>\n<p><a href=\"https:\/\/nembutalhouse.com\/pl\/produkt\/buy-mdpv-online\/\">MDPV<\/a> jest r\u00f3wnie\u017c znany pod nazw\u0105 Methylenedioxypyrovalerone.<\/p>\n<p>Jest to narkotyk designerski, kt\u00f3ry zosta\u0142 opracowany w 1969 roku.<\/p>\n<p>Jest to jeden z rodzaj\u00f3w inhibitor\u00f3w wychwytu zwrotnego dla receptor\u00f3w dopaminy i noradrenaliny.<\/p>\n<p>Jest to substancja psychoaktywna, kt\u00f3ra wykazuje w\u0142a\u015bciwo\u015bci pobudzaj\u0105ce. Niekt\u00f3re z efekt\u00f3w dzia\u0142ania leku to: zwi\u0119kszona \u015bwiadomo\u015b\u0107, euforia, podwy\u017cszona czujno\u015b\u0107 i zwi\u0119kszona energia.<\/p>\n<p>Do\u015bwiadczeni badacze radz\u0105 u\u017cywa\u0107 <a href=\"https:\/\/en.wikipedia.org\/wiki\/Methylenedioxypyrovalerone\">MDPV<\/a> w por\u00f3wnaniu z Ritalinem, poniewa\u017c ten pierwszy jest 4 razy silniejszy.<\/p>\n<p>Lek jest zwykle sprzedawany przez strony internetowe lub apteki w postaci drobnego krystalicznego proszku.<\/p>\n<p>Nale\u017cy pami\u0119ta\u0107, \u017ce MDPV istnieje ju\u017c od d\u0142u\u017cszego czasu, w wyniku czego jest oznaczany r\u00f3\u017cnymi nazwami, takimi jak: MDPK, Maddie, Super Coke, Ivory Wave, Peevee, Magic, MTV, Ocean, White Lightening, ScarfaceCharge Plus itp. <a href=\"https:\/\/nembutalhouse.com\/pl\/\">NembutalHouse<\/a><\/p>\n<p>Chocia\u017c lek ten ma w\u0142a\u015bciwo\u015bci psychotropowe, wiele os\u00f3b u\u017cywa go r\u00f3wnie\u017c w celach rekreacyjnych.<\/p>\n<p><strong>Niekt\u00f3re z tradycyjnych zastosowa\u0144 MDPV to:<\/strong><\/p>\n<ul>\n<li>By\u0142 on stosowany w celu pomocy pacjentom w utracie wagi, poniewa\u017c lek ma tendencj\u0119 do szybkiego spalania t\u0142uszczu.<\/li>\n<li>Jak wspomniano powy\u017cej, lek ten poprawia aktywno\u015b\u0107 seksualn\u0105, zwi\u0119ksza rezerwy energii i pomaga pacjentom osi\u0105gn\u0105\u0107 wysoki poziom podniecenia.<\/li>\n<\/ul>\n<p>Nale\u017cy pami\u0119ta\u0107, \u017ce jak w przypadku ka\u017cdego innego leku, r\u00f3wnie\u017c dla MDPV istniej\u0105 zalecane dawki. Nadmierne dawkowanie mo\u017ce wi\u0119c powodowa\u0107 problemy, podobnie jak w przypadku innych lek\u00f3w.<\/p>\n<p>Nigdy nie nale\u017cy przekracza\u0107 zalecanej dawki. Pozytywn\u0105 rzecz\u0105 w przypadku MDPV jest to, \u017ce lek ten jest legalny w wi\u0119kszo\u015bci kraj\u00f3w na ca\u0142ym \u015bwiecie, w przeciwie\u0144stwie do wi\u0119kszo\u015bci jego odpowiednik\u00f3w. Wielu badaczy, dzi\u0119ki jego licznym w\u0142a\u015bciwo\u015bciom farmaceutycznym, wykorzystuje go r\u00f3wnie\u017c jako zwi\u0105zek chemiczny do bada\u0144.<\/p>\n<p>Cho\u0107 zazwyczaj dost\u0119pny jest w postaci hydrofilowego proszku o lekkim zapachu, mo\u017ce mie\u0107 dowolny kolor od bia\u0142ego do jasnobr\u0105zowego. Niekt\u00f3re z efekt\u00f3w ubocznych stosowania MDVP to: niepok\u00f3j, os\u0142abienie, pobudzenie, brak g\u0142odu, podwy\u017cszone ci\u015bnienie krwi i ko\u0142atanie serca.<\/p>\n<p>Nadmierna dawka mo\u017ce powodowa\u0107 halucynacje, a nawet napady paniki. Efekt utrzymuje si\u0119 zazwyczaj przez oko\u0142o 4 godziny. Nale\u017cy pami\u0119ta\u0107, aby nie przechowywa\u0107 go na \u015bwie\u017cym powietrzu, poniewa\u017c kontakt ze \u015bwie\u017cym powietrzem mo\u017ce zmieni\u0107 jego w\u0142a\u015bciwo\u015bci.<\/p>","protected":false},"excerpt":{"rendered":"<p>Buy MDPV Online MDPV is also known by the name Methylenedioxypyrovalerone. It is a designer drug and it was developed originally in 1969. This is one type of reuptake inhibitor&hellip;<\/p>","protected":false},"featured_media":1525,"comment_status":"open","ping_status":"closed","template":"","meta":{"_joinchat":[]},"product_cat":[188],"product_tag":[1095,1084,1074,1101,1086,1075,1093,1090,1083,1081,1100,1099,1102,1087,1088,1091,1097,1098,1096,1076,1077,1079,1103,1080,1094,1092,1089,1082,1085,1078],"class_list":{"0":"post-1317","1":"product","2":"type-product","3":"status-publish","4":"has-post-thumbnail","6":"product_cat-stimulants","7":"product_tag-best-cheap-price-mdpv-crystal","8":"product_tag-best-place-to-buy-mdpv","9":"product_tag-buy-mdpv","10":"product_tag-buy-mdpv-crystal-online","11":"product_tag-buy-mdpv-legally","12":"product_tag-buy-mdpv-online","13":"product_tag-cheap-mdpv-crystals","14":"product_tag-high-quality-mdpv-crystal","15":"product_tag-how-to-buy-mdpv","16":"product_tag-mdpv","17":"product_tag-mdpv-crystal","18":"product_tag-mdpv-crystal-for-cleaning","19":"product_tag-mdpv-crystal-for-sale","20":"product_tag-mdpv-crystal-online","21":"product_tag-mdpv-crystal-price","22":"product_tag-mdpv-crystal-store","23":"product_tag-mdpv-crystal-use","24":"product_tag-mdpv-crystal-wiki","25":"product_tag-mdpv-crystal-worldwide","26":"product_tag-mdpv-for-sale","27":"product_tag-mdpv-supplier","28":"product_tag-order-mdpv","29":"product_tag-order-mdpv-crystal","30":"product_tag-order-mdpv-online","31":"product_tag-purcharse-mdpv-crystal-powder","32":"product_tag-shop-mdpv-crystal","33":"product_tag-top-quality-mdpv-crystal","34":"product_tag-where-to-buy-mdpv","35":"product_tag-where-to-order-mdpv","36":"product_tag-wholesale-mdpv-bulk-online","38":"first","39":"instock","40":"shipping-taxable","41":"purchasable","42":"product-type-variable"},"yoast_head":"<!-- This site is optimized with the Yoast SEO plugin v24.1 - https:\/\/yoast.com\/wordpress\/plugins\/seo\/ -->\n<title>Buy MDPV Online - MDPV for Sale | NembutalHouse<\/title>\n<meta name=\"description\" content=\"Looking to Buy mdpv online? Discover a seamless platform at our online store where you can buy mdpv powder, ensuring top-grade quality for your research needs.\" \/>\n<meta name=\"robots\" content=\"index, follow, max-snippet:-1, max-image-preview:large, max-video-preview:-1\" \/>\n<link rel=\"canonical\" href=\"https:\/\/nembutalhouse.com\/pl\/produkt\/buy-mdpv-online\/\" \/>\n<meta property=\"og:locale\" content=\"pl_PL\" \/>\n<meta property=\"og:type\" content=\"article\" \/>\n<meta property=\"og:title\" content=\"Buy MDPV Online - MDPV for Sale | NembutalHouse\" \/>\n<meta property=\"og:description\" content=\"Looking to Buy mdpv online? Discover a seamless platform at our online store where you can buy mdpv powder, ensuring top-grade quality for your research needs.\" \/>\n<meta property=\"og:url\" content=\"https:\/\/nembutalhouse.com\/pl\/produkt\/buy-mdpv-online\/\" \/>\n<meta property=\"og:site_name\" content=\"Nembutal House\" \/>\n<meta property=\"article:modified_time\" content=\"2026-03-03T05:02:35+00:00\" \/>\n<meta property=\"og:image\" content=\"https:\/\/nembutalhouse.com\/wp-content\/uploads\/2024\/10\/MDPV-1.gif\" \/>\n\t<meta property=\"og:image:width\" content=\"600\" \/>\n\t<meta property=\"og:image:height\" content=\"600\" \/>\n\t<meta property=\"og:image:type\" content=\"image\/gif\" \/>\n<meta name=\"twitter:card\" content=\"summary_large_image\" \/>\n<meta name=\"twitter:label1\" content=\"Szacowany czas czytania\" \/>\n\t<meta name=\"twitter:data1\" content=\"2 minuty\" \/>\n<script type=\"application\/ld+json\" class=\"yoast-schema-graph\">{\"@context\":\"https:\/\/schema.org\",\"@graph\":[{\"@type\":\"WebPage\",\"@id\":\"https:\/\/nembutalhouse.com\/product\/buy-mdpv-online\/\",\"url\":\"https:\/\/nembutalhouse.com\/product\/buy-mdpv-online\/\",\"name\":\"Buy MDPV Online - MDPV for Sale | NembutalHouse\",\"isPartOf\":{\"@id\":\"https:\/\/nembutalhouse.com\/#website\"},\"primaryImageOfPage\":{\"@id\":\"https:\/\/nembutalhouse.com\/product\/buy-mdpv-online\/#primaryimage\"},\"image\":{\"@id\":\"https:\/\/nembutalhouse.com\/product\/buy-mdpv-online\/#primaryimage\"},\"thumbnailUrl\":\"https:\/\/nembutalhouse.com\/wp-content\/uploads\/2024\/10\/MDPV-1.gif\",\"datePublished\":\"2024-10-16T11:50:01+00:00\",\"dateModified\":\"2026-03-03T05:02:35+00:00\",\"description\":\"Looking to Buy mdpv online? Discover a seamless platform at our online store where you can buy mdpv powder, ensuring top-grade quality for your research needs.\",\"breadcrumb\":{\"@id\":\"https:\/\/nembutalhouse.com\/product\/buy-mdpv-online\/#breadcrumb\"},\"inLanguage\":\"pl-PL\",\"potentialAction\":[{\"@type\":\"ReadAction\",\"target\":[\"https:\/\/nembutalhouse.com\/product\/buy-mdpv-online\/\"]}]},{\"@type\":\"ImageObject\",\"inLanguage\":\"pl-PL\",\"@id\":\"https:\/\/nembutalhouse.com\/product\/buy-mdpv-online\/#primaryimage\",\"url\":\"https:\/\/nembutalhouse.com\/wp-content\/uploads\/2024\/10\/MDPV-1.gif\",\"contentUrl\":\"https:\/\/nembutalhouse.com\/wp-content\/uploads\/2024\/10\/MDPV-1.gif\",\"width\":600,\"height\":600,\"caption\":\"Buy MDPV Online\"},{\"@type\":\"BreadcrumbList\",\"@id\":\"https:\/\/nembutalhouse.com\/product\/buy-mdpv-online\/#breadcrumb\",\"itemListElement\":[{\"@type\":\"ListItem\",\"position\":1,\"name\":\"Home\",\"item\":\"https:\/\/nembutalhouse.com\/\"},{\"@type\":\"ListItem\",\"position\":2,\"name\":\"Shop\",\"item\":\"https:\/\/nembutalhouse.com\/shop\/\"},{\"@type\":\"ListItem\",\"position\":3,\"name\":\"Buy MDPV Online\"}]},{\"@type\":\"WebSite\",\"@id\":\"https:\/\/nembutalhouse.com\/#website\",\"url\":\"https:\/\/nembutalhouse.com\/\",\"name\":\"Nembutal House\",\"description\":\"Best Nembutal Online Store\",\"publisher\":{\"@id\":\"https:\/\/nembutalhouse.com\/#organization\"},\"potentialAction\":[{\"@type\":\"SearchAction\",\"target\":{\"@type\":\"EntryPoint\",\"urlTemplate\":\"https:\/\/nembutalhouse.com\/?s={search_term_string}\"},\"query-input\":{\"@type\":\"PropertyValueSpecification\",\"valueRequired\":true,\"valueName\":\"search_term_string\"}}],\"inLanguage\":\"pl-PL\"},{\"@type\":\"Organization\",\"@id\":\"https:\/\/nembutalhouse.com\/#organization\",\"name\":\"Nembutal House\",\"url\":\"https:\/\/nembutalhouse.com\/\",\"logo\":{\"@type\":\"ImageObject\",\"inLanguage\":\"pl-PL\",\"@id\":\"https:\/\/nembutalhouse.com\/#\/schema\/logo\/image\/\",\"url\":\"https:\/\/nembutalhouse.com\/wp-content\/uploads\/2022\/12\/logo.png\",\"contentUrl\":\"https:\/\/nembutalhouse.com\/wp-content\/uploads\/2022\/12\/logo.png\",\"width\":344,\"height\":103,\"caption\":\"Nembutal House\"},\"image\":{\"@id\":\"https:\/\/nembutalhouse.com\/#\/schema\/logo\/image\/\"}}]}<\/script>\n<!-- \/ Yoast SEO plugin. -->","yoast_head_json":{"title":"Buy MDPV Online - MDPV for Sale | NembutalHouse","description":"Looking to Buy mdpv online? Discover a seamless platform at our online store where you can buy mdpv powder, ensuring top-grade quality for your research needs.","robots":{"index":"index","follow":"follow","max-snippet":"max-snippet:-1","max-image-preview":"max-image-preview:large","max-video-preview":"max-video-preview:-1"},"canonical":"https:\/\/nembutalhouse.com\/pl\/produkt\/buy-mdpv-online\/","og_locale":"pl_PL","og_type":"article","og_title":"Buy MDPV Online - MDPV for Sale | NembutalHouse","og_description":"Looking to Buy mdpv online? Discover a seamless platform at our online store where you can buy mdpv powder, ensuring top-grade quality for your research needs.","og_url":"https:\/\/nembutalhouse.com\/pl\/produkt\/buy-mdpv-online\/","og_site_name":"Nembutal House","article_modified_time":"2026-03-03T05:02:35+00:00","og_image":[{"width":600,"height":600,"url":"https:\/\/nembutalhouse.com\/wp-content\/uploads\/2024\/10\/MDPV-1.gif","type":"image\/gif"}],"twitter_card":"summary_large_image","twitter_misc":{"Szacowany czas czytania":"2 minuty"},"schema":{"@context":"https:\/\/schema.org","@graph":[{"@type":"WebPage","@id":"https:\/\/nembutalhouse.com\/product\/buy-mdpv-online\/","url":"https:\/\/nembutalhouse.com\/product\/buy-mdpv-online\/","name":"Buy MDPV Online - MDPV for Sale | NembutalHouse","isPartOf":{"@id":"https:\/\/nembutalhouse.com\/#website"},"primaryImageOfPage":{"@id":"https:\/\/nembutalhouse.com\/product\/buy-mdpv-online\/#primaryimage"},"image":{"@id":"https:\/\/nembutalhouse.com\/product\/buy-mdpv-online\/#primaryimage"},"thumbnailUrl":"https:\/\/nembutalhouse.com\/wp-content\/uploads\/2024\/10\/MDPV-1.gif","datePublished":"2024-10-16T11:50:01+00:00","dateModified":"2026-03-03T05:02:35+00:00","description":"Looking to Buy mdpv online? Discover a seamless platform at our online store where you can buy mdpv powder, ensuring top-grade quality for your research needs.","breadcrumb":{"@id":"https:\/\/nembutalhouse.com\/product\/buy-mdpv-online\/#breadcrumb"},"inLanguage":"pl-PL","potentialAction":[{"@type":"ReadAction","target":["https:\/\/nembutalhouse.com\/product\/buy-mdpv-online\/"]}]},{"@type":"ImageObject","inLanguage":"pl-PL","@id":"https:\/\/nembutalhouse.com\/product\/buy-mdpv-online\/#primaryimage","url":"https:\/\/nembutalhouse.com\/wp-content\/uploads\/2024\/10\/MDPV-1.gif","contentUrl":"https:\/\/nembutalhouse.com\/wp-content\/uploads\/2024\/10\/MDPV-1.gif","width":600,"height":600,"caption":"Buy MDPV Online"},{"@type":"BreadcrumbList","@id":"https:\/\/nembutalhouse.com\/product\/buy-mdpv-online\/#breadcrumb","itemListElement":[{"@type":"ListItem","position":1,"name":"Home","item":"https:\/\/nembutalhouse.com\/"},{"@type":"ListItem","position":2,"name":"Shop","item":"https:\/\/nembutalhouse.com\/shop\/"},{"@type":"ListItem","position":3,"name":"Buy MDPV Online"}]},{"@type":"WebSite","@id":"https:\/\/nembutalhouse.com\/#website","url":"https:\/\/nembutalhouse.com\/","name":"Nembutal House","description":"Best Nembutal Online Store","publisher":{"@id":"https:\/\/nembutalhouse.com\/#organization"},"potentialAction":[{"@type":"SearchAction","target":{"@type":"EntryPoint","urlTemplate":"https:\/\/nembutalhouse.com\/?s={search_term_string}"},"query-input":{"@type":"PropertyValueSpecification","valueRequired":true,"valueName":"search_term_string"}}],"inLanguage":"pl-PL"},{"@type":"Organization","@id":"https:\/\/nembutalhouse.com\/#organization","name":"Nembutal House","url":"https:\/\/nembutalhouse.com\/","logo":{"@type":"ImageObject","inLanguage":"pl-PL","@id":"https:\/\/nembutalhouse.com\/#\/schema\/logo\/image\/","url":"https:\/\/nembutalhouse.com\/wp-content\/uploads\/2022\/12\/logo.png","contentUrl":"https:\/\/nembutalhouse.com\/wp-content\/uploads\/2022\/12\/logo.png","width":344,"height":103,"caption":"Nembutal House"},"image":{"@id":"https:\/\/nembutalhouse.com\/#\/schema\/logo\/image\/"}}]}},"_links":{"self":[{"href":"https:\/\/nembutalhouse.com\/pl\/wp-json\/wp\/v2\/product\/1317","targetHints":{"allow":["GET"]}}],"collection":[{"href":"https:\/\/nembutalhouse.com\/pl\/wp-json\/wp\/v2\/product"}],"about":[{"href":"https:\/\/nembutalhouse.com\/pl\/wp-json\/wp\/v2\/types\/product"}],"replies":[{"embeddable":true,"href":"https:\/\/nembutalhouse.com\/pl\/wp-json\/wp\/v2\/comments?post=1317"}],"wp:featuredmedia":[{"embeddable":true,"href":"https:\/\/nembutalhouse.com\/pl\/wp-json\/wp\/v2\/media\/1525"}],"wp:attachment":[{"href":"https:\/\/nembutalhouse.com\/pl\/wp-json\/wp\/v2\/media?parent=1317"}],"wp:term":[{"taxonomy":"product_cat","embeddable":true,"href":"https:\/\/nembutalhouse.com\/pl\/wp-json\/wp\/v2\/product_cat?post=1317"},{"taxonomy":"product_tag","embeddable":true,"href":"https:\/\/nembutalhouse.com\/pl\/wp-json\/wp\/v2\/product_tag?post=1317"}],"curies":[{"name":"wp","href":"https:\/\/api.w.org\/{rel}","templated":true}]}}