{"id":1316,"date":"2024-10-16T11:50:01","date_gmt":"2024-10-16T11:50:01","guid":{"rendered":"https:\/\/nembutalhouse.com\/?post_type=product&#038;p=1316"},"modified":"2026-03-06T08:19:10","modified_gmt":"2026-03-06T08:19:10","slug":"buy-1p-lsd-online","status":"publish","type":"product","link":"https:\/\/nembutalhouse.com\/pl\/produkt\/buy-1p-lsd-online\/","title":{"rendered":"Kup 1P-LSD online"},"content":{"rendered":"<h2>Kup 1P-LSD online<\/h2>\n<h3>1P-LSD: Co to jest?<\/h3>\n<p>Kup 1P-LSD 100mcg nale\u017cy do klasy \u015brodk\u00f3w uspokajaj\u0105cych lizergamid\u00f3w i ma dzia\u0142anie psychodeliczne. W\u015br\u00f3d najcz\u0119\u015bciej badanych \u015brodk\u00f3w uspokajaj\u0105cych jest 1P-LSD i jest bardzo lubiany przez ekspert\u00f3w chemicznych.<\/p>\n<h3>Jak mog\u0119 kupi\u0107 1P-LSD online?<\/h3>\n<p><a href=\"https:\/\/nembutalhouse.com\/pl\/\">NembutalHouse.com<\/a> jest miejscem, gdzie mo\u017cna kupi\u0107 1P-LSD. Prowadzimy wy\u0142\u0105cznie sprzeda\u017c wysy\u0142kow\u0105 1P-LSD w formie bibu\u0142ek. Zezwalamy na u\u017cywanie naszego Buy 1P-LSD 100mcg wy\u0142\u0105cznie do cel\u00f3w badawczych; ani ludzie, ani zwierz\u0119ta nie mog\u0105 go spo\u017cywa\u0107.<\/p>\n<p>Je\u015bli zamierzasz zakupi\u0107 nasz 1P-LSD, musisz przestrzega\u0107 wszystkich lokalnych przepis\u00f3w i regulacji dotycz\u0105cych chemikali\u00f3w badawczych.<\/p>\n<h3>Dostarczane z 1P-LSD<\/h3>\n<p>Eksportujemy 1P-LSD do u\u017cytku naukowego do dowolnego kraju na \u015bwiecie, w kt\u00f3rym jest to dozwolone. Je\u015bli jest to niezgodne z prawem w Twoim kraju. Eksportujemy 1P-LSD do u\u017cytku naukowego do dowolnego kraju na \u015bwiecie, w kt\u00f3rym jest to dozwolone. Utkn\u0105\u0142e\u015b, je\u015bli <a href=\"https:\/\/en.wikipedia.org\/wiki\/1P-LSD\">1P-LSD<\/a> jest zabronione w Twoim kraju. Nasza wysy\u0142ka jest niezawodna i szybka. Dodatkowo mamy kilka mo\u017cliwo\u015bci. Gwarantujemy, \u017ce znajdziesz tutaj idealny wyb\u00f3r dostawy.<\/p>\n<h3>Dost\u0119pne ju\u017c teraz w bibu\u0142kach i kroplach<\/h3>\n<p>Aby uzyska\u0107 najd\u0142u\u017cszy okres trwa\u0142o\u015bci, nale\u017cy zawsze przechowywa\u0107 go w ch\u0142odnym i suchym miejscu. Ten produkt jest przeznaczony wy\u0142\u0105cznie do u\u017cytku w \u015brodowisku kryminalistycznym i badawczym. Dlatego NIE jest przeznaczony do u\u017cytku w<a href=\"https:\/\/nembutalhouse.com\/pl\/produkt\/1p-lsd\/\">&#8211;<\/a>nie jest przeznaczony do eksperyment\u00f3w na zwierz\u0119tach lub innych \u017cywych istotach, ani do spo\u017cycia przez ludzi.<\/p>\n<h3>Dlaczego warto wybra\u0107 1P-LSD od Nembulathouse?<\/h3>\n<p>Jako <strong>dostawca 1P-LSD do bada\u0144<\/strong>, <strong>Nembulathouse<\/strong> zobowi\u0105zuje si\u0119 do dostarczania rygorystycznie testowanych produkt\u00f3w, kt\u00f3re spe\u0142niaj\u0105 wysokie standardy wymagane przez <strong>certyfikowane laboratoria<\/strong>:<\/p>\n<ul>\n<li><strong>1P-LSD o wysokiej czysto\u015bci dla laboratori\u00f3w<\/strong>: Ka\u017cda partia przechodzi rygorystyczne testy, aby zagwarantowa\u0107 optymaln\u0105 czysto\u015b\u0107, niezb\u0119dn\u0105 dla <strong>precyzyjne aplikacje naukowe<\/strong>.<\/li>\n<li><strong>Sta\u0142a i niezawodna jako\u015b\u0107<\/strong>: Nasz 1P-LSD zosta\u0142 opracowany, aby zapewni\u0107 stabilne i niezawodne dzia\u0142anie, dzi\u0119ki czemu idealnie nadaje si\u0119 do <strong>badania analityczne i badania laboratoryjne<\/strong>.<\/li>\n<li><strong>Bezpieczne zamawianie online<\/strong>: <strong>Nembulathouse<\/strong> zapewnia uproszczony i bezpieczny proces dla <strong>Zakup 1P-LSD online<\/strong>zapewniaj\u0105c bezpiecze\u0144stwo i zgodno\u015b\u0107 z przepisami dla specjalist\u00f3w ds. bada\u0144.<\/li>\n<\/ul>\n<h3>Aplikacje i wytyczne dotycz\u0105ce bezpiecze\u0144stwa<\/h3>\n<p><strong>Nembulathouse<\/strong>'s <a href=\"https:\/\/nembutalhouse.com\/pl\/produkt\/buy-1p-lsd-online\/\"><strong>1P-LSD do bada\u0144<\/strong><\/a> jest przeznaczony dla <strong>zastosowania analityczne i badania naukowe<\/strong>. Do\u0142\u0105czamy szczeg\u00f3\u0142owe protoko\u0142y bezpiecze\u0144stwa, aby zapewni\u0107 bezpieczne i zgodne z przepisami u\u017cytkowanie:<\/p>\n<ul>\n<li><strong>Bezpieczne przechowywanie<\/strong>: Przechowywa\u0107 1P-LSD w ch\u0142odnym, suchym miejscu, z dala od bezpo\u015bredniego \u015bwiat\u0142a, aby zachowa\u0107 jego jako\u015b\u0107.<\/li>\n<li><strong>Nale\u017cy obchodzi\u0107 si\u0119 ostro\u017cnie<\/strong>: Nale\u017cy u\u017cywa\u0107 \u015brodk\u00f3w ochrony osobistej (PPE) i pracowa\u0107 w dobrze wentylowanym \u015brodowisku, aby zapewni\u0107 bezpieczn\u0105 obs\u0142ug\u0119.<\/li>\n<li><strong>Wy\u0142\u0105cznie do u\u017cytku badawczego<\/strong>: Ten produkt jest przeznaczony wy\u0142\u0105cznie dla wykwalifikowanych badaczy i certyfikowanych laboratori\u00f3w.<\/li>\n<\/ul>\n<h3>Zam\u00f3w 1P-LSD o wysokiej czysto\u015bci do swoich bada\u0144 naukowych<\/h3>\n<p>Z <strong>Nembulathouse<\/strong>uzyskujesz dost\u0119p do <strong>Niezawodne dostawy 1P-LSD do zastosowa\u0144 laboratoryjnych<\/strong>. Nasze zaanga\u017cowanie w jako\u015b\u0107 i bezpiecze\u0144stwo sprawia, \u017ce <strong>Nembulathouse<\/strong> zaufany wyb\u00f3r dla profesjonalist\u00f3w w dziedzinie bada\u0144. <strong>Skontaktuj si\u0119 z nami<\/strong> aby uzyska\u0107 wycen\u0119 lub dowiedzie\u0107 si\u0119 wi\u0119cej o naszej ofercie produkt\u00f3w badawczych o wysokiej czysto\u015bci.<\/p>","protected":false},"excerpt":{"rendered":"<p>1P-LSD to <strong>lizergamid<\/strong> zwi\u0105zek, podobny w strukturze do <strong>LSD (dietyloamid kwasu lizergowego)<\/strong>ale z <strong>grupa propionylowa<\/strong> przy\u0142\u0105czony w pozycji azotu pier\u015bcienia indolowego. Ta niewielka zmiana pozwala na <strong>metabolizowany do LSD<\/strong> w organizmie, daj\u0105c efekty por\u00f3wnywalne do LSD. Jest to <strong>substancja psychodeliczna<\/strong> powszechnie u\u017cywane zar\u00f3wno do cel\u00f3w rekreacyjnych, jak i <strong>cele eksperymentalne<\/strong>.<\/p>\n<h4><strong>Wz\u00f3r chemiczny i numer sprawy<\/strong><\/h4>\n<ul>\n<li><strong>Nazwa chemiczna<\/strong>: dietyloamid kwasu 1-propionylo-lizergowego<\/li>\n<li><strong>Wz\u00f3r chemiczny<\/strong>: C21H26N2O2<\/li>\n<li><strong>Numer CAS<\/strong>: 1181100-01-1<\/li>\n<\/ul>","protected":false},"featured_media":1512,"comment_status":"open","ping_status":"closed","template":"","meta":{"_joinchat":[]},"product_cat":[186],"product_tag":[1047,1052,1070,1072,1058,1059,1062,1068,1069,1067,1048,1066,1055,1045,1046,1057,1071,1064,1061,1054,1050,1051,1073,1065,1063,1060,1053,1056,1049],"class_list":{"0":"post-1316","1":"product","2":"type-product","3":"status-publish","4":"has-post-thumbnail","6":"product_cat-research-chemicals","7":"product_tag-1p-lsd-for-sale","8":"product_tag-1p-lsd-powder","9":"product_tag-1p-lsd-powder-for-cleaning","10":"product_tag-1p-lsd-powder-for-sale","11":"product_tag-1p-lsd-powder-online","12":"product_tag-1p-lsd-powder-price","13":"product_tag-1p-lsd-powder-store","14":"product_tag-1p-lsd-powder-use","15":"product_tag-1p-lsd-powder-wiki","16":"product_tag-1p-lsd-powder-worldwide","17":"product_tag-1p-lsd-supplier","18":"product_tag-best-cheap-price-1p-lsd-powder","19":"product_tag-best-place-to-buy-1p-lsd-powder","20":"product_tag-buy-1p-1p-lsd","21":"product_tag-buy-1p-lsd-online","22":"product_tag-buy-1p-lsd-powder-legally","23":"product_tag-buy-1p-lsd-powder-online","24":"product_tag-cheap-1p-lsd-powders","25":"product_tag-high-quality-1p-lsd-powder","26":"product_tag-how-to-buy-1p-lsd-powder","27":"product_tag-order-1p-lsd","28":"product_tag-order-1p-lsd-online","29":"product_tag-order-1p-lsd-powder","30":"product_tag-purcharse-1p-lsd-powder-powder","31":"product_tag-shop-1p-lsd-powder","32":"product_tag-top-quality-1p-lsd-powder","33":"product_tag-where-to-buy-1p-lsd-powder","34":"product_tag-where-to-order-1p-lsd-powder","35":"product_tag-wholesale-1p-lsd-bulk-online","37":"first","38":"instock","39":"shipping-taxable","40":"purchasable","41":"product-type-variable"},"yoast_head":"<!-- This site is optimized with the Yoast SEO plugin v24.1 - https:\/\/yoast.com\/wordpress\/plugins\/seo\/ -->\n<title>Buy 1P-LSD Online - 1P-LSD for Sale | NembutalHouse<\/title>\n<meta name=\"description\" content=\"Discover top-notch 1p-lsd for sale at our online store - buy 1p-lsd powder conveniently and securely to fuel your research. Explore and buy 1p-lsd online, advancing your scientific endeavors with ease. Order Now!\" \/>\n<meta name=\"robots\" content=\"index, follow, max-snippet:-1, max-image-preview:large, max-video-preview:-1\" \/>\n<link rel=\"canonical\" href=\"https:\/\/nembutalhouse.com\/pl\/produkt\/buy-1p-lsd-online\/\" \/>\n<meta property=\"og:locale\" content=\"pl_PL\" \/>\n<meta property=\"og:type\" content=\"article\" \/>\n<meta property=\"og:title\" content=\"Buy 1P-LSD Online - 1P-LSD for Sale | NembutalHouse\" \/>\n<meta property=\"og:description\" content=\"Discover top-notch 1p-lsd for sale at our online store - buy 1p-lsd powder conveniently and securely to fuel your research. Explore and buy 1p-lsd online, advancing your scientific endeavors with ease. Order Now!\" \/>\n<meta property=\"og:url\" content=\"https:\/\/nembutalhouse.com\/pl\/produkt\/buy-1p-lsd-online\/\" \/>\n<meta property=\"og:site_name\" content=\"Nembutal House\" \/>\n<meta property=\"article:modified_time\" content=\"2026-03-06T08:19:10+00:00\" \/>\n<meta property=\"og:image\" content=\"https:\/\/nembutalhouse.com\/wp-content\/uploads\/2024\/10\/1P-LSD.gif\" \/>\n\t<meta property=\"og:image:width\" content=\"600\" \/>\n\t<meta property=\"og:image:height\" content=\"600\" \/>\n\t<meta property=\"og:image:type\" content=\"image\/gif\" \/>\n<meta name=\"twitter:card\" content=\"summary_large_image\" \/>\n<meta name=\"twitter:label1\" content=\"Szacowany czas czytania\" \/>\n\t<meta name=\"twitter:data1\" content=\"3 minuty\" \/>\n<script type=\"application\/ld+json\" class=\"yoast-schema-graph\">{\"@context\":\"https:\/\/schema.org\",\"@graph\":[{\"@type\":\"WebPage\",\"@id\":\"https:\/\/nembutalhouse.com\/product\/buy-1p-lsd-online\/\",\"url\":\"https:\/\/nembutalhouse.com\/product\/buy-1p-lsd-online\/\",\"name\":\"Buy 1P-LSD Online - 1P-LSD for Sale | NembutalHouse\",\"isPartOf\":{\"@id\":\"https:\/\/nembutalhouse.com\/#website\"},\"primaryImageOfPage\":{\"@id\":\"https:\/\/nembutalhouse.com\/product\/buy-1p-lsd-online\/#primaryimage\"},\"image\":{\"@id\":\"https:\/\/nembutalhouse.com\/product\/buy-1p-lsd-online\/#primaryimage\"},\"thumbnailUrl\":\"https:\/\/nembutalhouse.com\/wp-content\/uploads\/2024\/10\/1P-LSD.gif\",\"datePublished\":\"2024-10-16T11:50:01+00:00\",\"dateModified\":\"2026-03-06T08:19:10+00:00\",\"description\":\"Discover top-notch 1p-lsd for sale at our online store - buy 1p-lsd powder conveniently and securely to fuel your research. Explore and buy 1p-lsd online, advancing your scientific endeavors with ease. Order Now!\",\"breadcrumb\":{\"@id\":\"https:\/\/nembutalhouse.com\/product\/buy-1p-lsd-online\/#breadcrumb\"},\"inLanguage\":\"pl-PL\",\"potentialAction\":[{\"@type\":\"ReadAction\",\"target\":[\"https:\/\/nembutalhouse.com\/product\/buy-1p-lsd-online\/\"]}]},{\"@type\":\"ImageObject\",\"inLanguage\":\"pl-PL\",\"@id\":\"https:\/\/nembutalhouse.com\/product\/buy-1p-lsd-online\/#primaryimage\",\"url\":\"https:\/\/nembutalhouse.com\/wp-content\/uploads\/2024\/10\/1P-LSD.gif\",\"contentUrl\":\"https:\/\/nembutalhouse.com\/wp-content\/uploads\/2024\/10\/1P-LSD.gif\",\"width\":600,\"height\":600,\"caption\":\"Buy 1P-LSD Online\"},{\"@type\":\"BreadcrumbList\",\"@id\":\"https:\/\/nembutalhouse.com\/product\/buy-1p-lsd-online\/#breadcrumb\",\"itemListElement\":[{\"@type\":\"ListItem\",\"position\":1,\"name\":\"Home\",\"item\":\"https:\/\/nembutalhouse.com\/\"},{\"@type\":\"ListItem\",\"position\":2,\"name\":\"Shop\",\"item\":\"https:\/\/nembutalhouse.com\/shop\/\"},{\"@type\":\"ListItem\",\"position\":3,\"name\":\"Buy 1P-LSD Online\"}]},{\"@type\":\"WebSite\",\"@id\":\"https:\/\/nembutalhouse.com\/#website\",\"url\":\"https:\/\/nembutalhouse.com\/\",\"name\":\"Nembutal House\",\"description\":\"Best Nembutal Online Store\",\"publisher\":{\"@id\":\"https:\/\/nembutalhouse.com\/#organization\"},\"potentialAction\":[{\"@type\":\"SearchAction\",\"target\":{\"@type\":\"EntryPoint\",\"urlTemplate\":\"https:\/\/nembutalhouse.com\/?s={search_term_string}\"},\"query-input\":{\"@type\":\"PropertyValueSpecification\",\"valueRequired\":true,\"valueName\":\"search_term_string\"}}],\"inLanguage\":\"pl-PL\"},{\"@type\":\"Organization\",\"@id\":\"https:\/\/nembutalhouse.com\/#organization\",\"name\":\"Nembutal House\",\"url\":\"https:\/\/nembutalhouse.com\/\",\"logo\":{\"@type\":\"ImageObject\",\"inLanguage\":\"pl-PL\",\"@id\":\"https:\/\/nembutalhouse.com\/#\/schema\/logo\/image\/\",\"url\":\"https:\/\/nembutalhouse.com\/wp-content\/uploads\/2022\/12\/logo.png\",\"contentUrl\":\"https:\/\/nembutalhouse.com\/wp-content\/uploads\/2022\/12\/logo.png\",\"width\":344,\"height\":103,\"caption\":\"Nembutal House\"},\"image\":{\"@id\":\"https:\/\/nembutalhouse.com\/#\/schema\/logo\/image\/\"}}]}<\/script>\n<!-- \/ Yoast SEO plugin. -->","yoast_head_json":{"title":"Buy 1P-LSD Online - 1P-LSD for Sale | NembutalHouse","description":"Discover top-notch 1p-lsd for sale at our online store - buy 1p-lsd powder conveniently and securely to fuel your research. Explore and buy 1p-lsd online, advancing your scientific endeavors with ease. Order Now!","robots":{"index":"index","follow":"follow","max-snippet":"max-snippet:-1","max-image-preview":"max-image-preview:large","max-video-preview":"max-video-preview:-1"},"canonical":"https:\/\/nembutalhouse.com\/pl\/produkt\/buy-1p-lsd-online\/","og_locale":"pl_PL","og_type":"article","og_title":"Buy 1P-LSD Online - 1P-LSD for Sale | NembutalHouse","og_description":"Discover top-notch 1p-lsd for sale at our online store - buy 1p-lsd powder conveniently and securely to fuel your research. Explore and buy 1p-lsd online, advancing your scientific endeavors with ease. Order Now!","og_url":"https:\/\/nembutalhouse.com\/pl\/produkt\/buy-1p-lsd-online\/","og_site_name":"Nembutal House","article_modified_time":"2026-03-06T08:19:10+00:00","og_image":[{"width":600,"height":600,"url":"https:\/\/nembutalhouse.com\/wp-content\/uploads\/2024\/10\/1P-LSD.gif","type":"image\/gif"}],"twitter_card":"summary_large_image","twitter_misc":{"Szacowany czas czytania":"3 minuty"},"schema":{"@context":"https:\/\/schema.org","@graph":[{"@type":"WebPage","@id":"https:\/\/nembutalhouse.com\/product\/buy-1p-lsd-online\/","url":"https:\/\/nembutalhouse.com\/product\/buy-1p-lsd-online\/","name":"Buy 1P-LSD Online - 1P-LSD for Sale | NembutalHouse","isPartOf":{"@id":"https:\/\/nembutalhouse.com\/#website"},"primaryImageOfPage":{"@id":"https:\/\/nembutalhouse.com\/product\/buy-1p-lsd-online\/#primaryimage"},"image":{"@id":"https:\/\/nembutalhouse.com\/product\/buy-1p-lsd-online\/#primaryimage"},"thumbnailUrl":"https:\/\/nembutalhouse.com\/wp-content\/uploads\/2024\/10\/1P-LSD.gif","datePublished":"2024-10-16T11:50:01+00:00","dateModified":"2026-03-06T08:19:10+00:00","description":"Discover top-notch 1p-lsd for sale at our online store - buy 1p-lsd powder conveniently and securely to fuel your research. Explore and buy 1p-lsd online, advancing your scientific endeavors with ease. Order Now!","breadcrumb":{"@id":"https:\/\/nembutalhouse.com\/product\/buy-1p-lsd-online\/#breadcrumb"},"inLanguage":"pl-PL","potentialAction":[{"@type":"ReadAction","target":["https:\/\/nembutalhouse.com\/product\/buy-1p-lsd-online\/"]}]},{"@type":"ImageObject","inLanguage":"pl-PL","@id":"https:\/\/nembutalhouse.com\/product\/buy-1p-lsd-online\/#primaryimage","url":"https:\/\/nembutalhouse.com\/wp-content\/uploads\/2024\/10\/1P-LSD.gif","contentUrl":"https:\/\/nembutalhouse.com\/wp-content\/uploads\/2024\/10\/1P-LSD.gif","width":600,"height":600,"caption":"Buy 1P-LSD Online"},{"@type":"BreadcrumbList","@id":"https:\/\/nembutalhouse.com\/product\/buy-1p-lsd-online\/#breadcrumb","itemListElement":[{"@type":"ListItem","position":1,"name":"Home","item":"https:\/\/nembutalhouse.com\/"},{"@type":"ListItem","position":2,"name":"Shop","item":"https:\/\/nembutalhouse.com\/shop\/"},{"@type":"ListItem","position":3,"name":"Buy 1P-LSD Online"}]},{"@type":"WebSite","@id":"https:\/\/nembutalhouse.com\/#website","url":"https:\/\/nembutalhouse.com\/","name":"Nembutal House","description":"Best Nembutal Online Store","publisher":{"@id":"https:\/\/nembutalhouse.com\/#organization"},"potentialAction":[{"@type":"SearchAction","target":{"@type":"EntryPoint","urlTemplate":"https:\/\/nembutalhouse.com\/?s={search_term_string}"},"query-input":{"@type":"PropertyValueSpecification","valueRequired":true,"valueName":"search_term_string"}}],"inLanguage":"pl-PL"},{"@type":"Organization","@id":"https:\/\/nembutalhouse.com\/#organization","name":"Nembutal House","url":"https:\/\/nembutalhouse.com\/","logo":{"@type":"ImageObject","inLanguage":"pl-PL","@id":"https:\/\/nembutalhouse.com\/#\/schema\/logo\/image\/","url":"https:\/\/nembutalhouse.com\/wp-content\/uploads\/2022\/12\/logo.png","contentUrl":"https:\/\/nembutalhouse.com\/wp-content\/uploads\/2022\/12\/logo.png","width":344,"height":103,"caption":"Nembutal House"},"image":{"@id":"https:\/\/nembutalhouse.com\/#\/schema\/logo\/image\/"}}]}},"_links":{"self":[{"href":"https:\/\/nembutalhouse.com\/pl\/wp-json\/wp\/v2\/product\/1316","targetHints":{"allow":["GET"]}}],"collection":[{"href":"https:\/\/nembutalhouse.com\/pl\/wp-json\/wp\/v2\/product"}],"about":[{"href":"https:\/\/nembutalhouse.com\/pl\/wp-json\/wp\/v2\/types\/product"}],"replies":[{"embeddable":true,"href":"https:\/\/nembutalhouse.com\/pl\/wp-json\/wp\/v2\/comments?post=1316"}],"wp:featuredmedia":[{"embeddable":true,"href":"https:\/\/nembutalhouse.com\/pl\/wp-json\/wp\/v2\/media\/1512"}],"wp:attachment":[{"href":"https:\/\/nembutalhouse.com\/pl\/wp-json\/wp\/v2\/media?parent=1316"}],"wp:term":[{"taxonomy":"product_cat","embeddable":true,"href":"https:\/\/nembutalhouse.com\/pl\/wp-json\/wp\/v2\/product_cat?post=1316"},{"taxonomy":"product_tag","embeddable":true,"href":"https:\/\/nembutalhouse.com\/pl\/wp-json\/wp\/v2\/product_tag?post=1316"}],"curies":[{"name":"wp","href":"https:\/\/api.w.org\/{rel}","templated":true}]}}