{"id":1172,"date":"2024-10-16T11:48:09","date_gmt":"2024-10-16T11:48:09","guid":{"rendered":"https:\/\/nembutalhouse.com\/?post_type=product&#038;p=1172"},"modified":"2026-03-06T07:37:27","modified_gmt":"2026-03-06T07:37:27","slug":"buy-5f-emb-online-2","status":"publish","type":"product","link":"https:\/\/nembutalhouse.com\/pl\/produkt\/buy-5f-emb-online-2\/","title":{"rendered":"Buy 5f-EMB Online"},"content":{"rendered":"<h2>Kup 5f-EMB online w sklepie NembutalHouse.<\/h2>\n<p><a href=\"https:\/\/nembutalhouse.com\/pl\/produkt\/buy-5f-emb-online-2\/\">Purchase 5f-EMB<\/a>.Synthetic and natural components were combined to make 5f-EMB, a novel synthetic research molecule. The primary objective of research chemicals is to enable a more thorough investigation of these substances in order to gain a better understanding of their characteristics. 5f-EMB is only meant to be used in forensic or scientific labs. <a href=\"https:\/\/nembutalhouse.com\/pl\/\">Nembutalhouse<\/a> is the greatest option for purchasing 5f-EMB online.<\/p>\n<p>Poniewa\u017c 5f-EMB jest stosunkowo now\u0105 substancj\u0105 chemiczn\u0105 na rynku, niewiele wiadomo na temat jej wp\u0142ywu na organizm ludzki. Jego wz\u00f3r chemiczny to c21h29fn203, a masa cz\u0105steczkowa wynosi 376,5. Do okre\u015blenia dostarczonych danych wykorzystano kilka eksperyment\u00f3w laboratoryjnych. Inne dane \u0142\u0105cz\u0105 5f-EMB z innymi zwi\u0105zkami ze wzgl\u0119du na ich wzgl\u0119dne podobie\u0144stwo.<\/p>\n<p>Oczekuje si\u0119, \u017ce 5f-EMB b\u0119dzie mia\u0142 por\u00f3wnywalny efekt, poniewa\u017c dowody naukowe wskazuj\u0105, \u017ce lek ten jest silnym agonist\u0105 receptora kannabinoidowego.<\/p>\n<p>A variety of chemicals have been related to 5f-EMB through research undertaken in scientific institutes. We shall investigate this material to determine whether its qualities and composition are known. However, as there is currently no information available regarding this chemical&#8217;s advantages, toxicity, side effects, or long-term impacts, it is not meant for human consumption. Purchase <a href=\"https:\/\/en.wikipedia.org\/wiki\/5F-EMB-PINACA\">5f-EMB.<\/a><\/p>\n<h3>korzy\u015bci z 5f-EMB.<\/h3>\n<p>Wed\u0142ug bada\u0144 zakup 5f-EMB online mo\u017ce by\u0107 korzystny dla:<\/p>\n<p>Nudno\u015bci i wymioty wywo\u0142ane chemioterapi\u0105 mo\u017cna leczy\u0107.<\/p>\n<p>Zmniejsza stan zapalny i \u0142agodzi dyskomfort.<\/p>\n<p>Gdy kom\u00f3rki nowotworowe s\u0105 eliminowane, wzrost guza zostaje zatrzymany.<\/p>\n<p>Pomaga osobom ze stwardnieniem rozsianym, kt\u00f3re maj\u0105 napi\u0119te mi\u0119\u015bnie.<\/p>\n<p>Pomaga osobom chorym na AIDS i raka oraz zwi\u0119ksza apetyt.<\/p>\n<h3>Dlaczego 5f-EMB Online jest najlepsz\u0105 dost\u0119pn\u0105 opcj\u0105?<\/h3>\n<p>Najlepszy 5f-EMB jest dost\u0119pny do zakupu na ca\u0142ym \u015bwiecie od Nembutalhouse. Utrzymujemy konkurencyjne ceny produkt\u00f3w na rynku. Nasz sklep internetowy ma dost\u0119p do specjalistycznego wsparcia logistycznego i technologicznego. U\u017cywamy ukrytych opakowa\u0144 i mamy polityk\u0119 szybkiej wysy\u0142ki. Zrealizujemy Twoje zam\u00f3wienie tak szybko, jak to mo\u017cliwe, je\u015bli je do nas przyniesiesz. Kup 5f-EMB online ju\u017c teraz!<\/p>\n<h3>Zakup 5F-MDMB-2201.<\/h3>\n<p>Nowym syntetycznym kannabinoidem jest 5F-MDMB-2201. Nie szukaj dalej, je\u015bli szukasz najnowszego kannabinoidu na rynku. 5F-MDMB-2201 jest silnym agonist\u0105 receptora kannabinoidowego.<\/p>\n<p>Relaks, lekko\u015b\u0107 cia\u0142a, poprawa nastroju, redukcja stresu, wzmocnienie kolor\u00f3w, zwi\u0119kszona \u015bwiadomo\u015b\u0107 muzyczna i euforia to cz\u0119ste wyniki bada\u0144 laboratoryjnych. Mo\u017cesz by\u0107 jednym z pierwszych laboratori\u00f3w, kt\u00f3re dodadz\u0105 t\u0119 niesamowit\u0105 substancj\u0119 chemiczn\u0105 do swoich zapas\u00f3w, je\u015bli b\u0119dziesz dzia\u0142a\u0107 szybko.<\/p>\n<h3>Kt\u00f3ry sklep sprzedaje 5F-MDMB-2201?<\/h3>\n<p>Nasz sklep chemiczny sprzedaje 5F-MDMB-2201, kt\u00f3ry jest najwy\u017cszej jako\u015bci. Zwykle wyst\u0119puje w postaci proszku. Jednak cz\u0119sto mamy dost\u0119pne alternatywne formy, wi\u0119c zapytaj, czy chcesz inn\u0105 form\u0119; najprawdopodobniej mamy tak\u0105.<\/p>\n<p>&nbsp;<\/p>","protected":false},"excerpt":{"rendered":"<p>Purchase 5f-EMB online at NembutalHouse. Purchase 5f-EMB.Synthetic and natural components were combined to make 5f-EMB, a novel synthetic research molecule. The primary objective of research chemicals is to enable a&hellip;<\/p>","protected":false},"featured_media":1180,"comment_status":"open","ping_status":"closed","template":"","meta":{"_joinchat":[]},"product_cat":[186],"product_tag":[1963,1981,1958,1969,1970,1973,1959,1979,1980,1978,1977,1966,1956,1968,1957,1975,1972,1965,1961,1962,1976,1974,1971,1964,1967,1960],"class_list":{"0":"post-1172","1":"product","2":"type-product","3":"status-publish","4":"has-post-thumbnail","6":"product_cat-research-chemicals","7":"product_tag-5f-emb-powder","8":"product_tag-5f-emb-powder-for-cleaning","9":"product_tag-5f-emb-powder-for-sale","10":"product_tag-5f-emb-powder-online","11":"product_tag-5f-emb-powder-price","12":"product_tag-5f-emb-powder-store","13":"product_tag-5f-emb-powder-supplier","14":"product_tag-5f-emb-powder-use","15":"product_tag-5f-emb-powder-wiki","16":"product_tag-5f-emb-powder-worldwide","17":"product_tag-best-cheap-price-5f-emb-powder","18":"product_tag-best-place-to-buy-5f-emb-powder","19":"product_tag-buy-5f-emb-powder","20":"product_tag-buy-5f-emb-powder-legally","21":"product_tag-buy-5f-emb-powder-online","22":"product_tag-cheap-5f-emb-powder","23":"product_tag-high-quality-5f-emb-powder","24":"product_tag-how-to-buy-5f-emb-powder","25":"product_tag-order-5f-emb-powder","26":"product_tag-order-5f-emb-powder-online","27":"product_tag-purcharse-5f-emb-powder-powder","28":"product_tag-shop-5f-emb-powder","29":"product_tag-top-quality-5f-emb-powder","30":"product_tag-where-to-buy-5f-emb-powder","31":"product_tag-where-to-order-5f-emb-powder","32":"product_tag-wholesale-5f-emb-powder-bulk-online","34":"first","35":"instock","36":"shipping-taxable","37":"purchasable","38":"product-type-variable"},"yoast_head":"<!-- This site is optimized with the Yoast SEO plugin v24.1 - https:\/\/yoast.com\/wordpress\/plugins\/seo\/ -->\n<title>Buy 5F-EMB Online - 5F-EMB for Sale - Order 5F-EMB Online<\/title>\n<meta name=\"description\" content=\"You can buy 5f-emb online at the best prices from our online store. We have cheap and high-quality 5f-emb for sale and providing worldwide delivery. You can order from anytime, anywhere.\" \/>\n<meta name=\"robots\" content=\"index, follow, max-snippet:-1, max-image-preview:large, max-video-preview:-1\" \/>\n<link rel=\"canonical\" href=\"https:\/\/nembutalhouse.com\/pl\/produkt\/buy-5f-emb-online-2\/\" \/>\n<meta property=\"og:locale\" content=\"pl_PL\" \/>\n<meta property=\"og:type\" content=\"article\" \/>\n<meta property=\"og:title\" content=\"Buy 5F-EMB Online - 5F-EMB for Sale - Order 5F-EMB Online\" \/>\n<meta property=\"og:description\" content=\"You can buy 5f-emb online at the best prices from our online store. We have cheap and high-quality 5f-emb for sale and providing worldwide delivery. You can order from anytime, anywhere.\" \/>\n<meta property=\"og:url\" content=\"https:\/\/nembutalhouse.com\/pl\/produkt\/buy-5f-emb-online-2\/\" \/>\n<meta property=\"og:site_name\" content=\"Nembutal House\" \/>\n<meta property=\"article:modified_time\" content=\"2026-03-06T07:37:27+00:00\" \/>\n<meta property=\"og:image\" content=\"https:\/\/nembutalhouse.com\/wp-content\/uploads\/2024\/10\/5f-EMB.gif\" \/>\n\t<meta property=\"og:image:width\" content=\"600\" \/>\n\t<meta property=\"og:image:height\" content=\"600\" \/>\n\t<meta property=\"og:image:type\" content=\"image\/gif\" \/>\n<meta name=\"twitter:card\" content=\"summary_large_image\" \/>\n<meta name=\"twitter:label1\" content=\"Szacowany czas czytania\" \/>\n\t<meta name=\"twitter:data1\" content=\"3 minuty\" \/>\n<script type=\"application\/ld+json\" class=\"yoast-schema-graph\">{\"@context\":\"https:\/\/schema.org\",\"@graph\":[{\"@type\":\"WebPage\",\"@id\":\"https:\/\/nembutalhouse.com\/product\/buy-5f-emb-online-2\/\",\"url\":\"https:\/\/nembutalhouse.com\/product\/buy-5f-emb-online-2\/\",\"name\":\"Buy 5F-EMB Online - 5F-EMB for Sale - Order 5F-EMB Online\",\"isPartOf\":{\"@id\":\"https:\/\/nembutalhouse.com\/#website\"},\"primaryImageOfPage\":{\"@id\":\"https:\/\/nembutalhouse.com\/product\/buy-5f-emb-online-2\/#primaryimage\"},\"image\":{\"@id\":\"https:\/\/nembutalhouse.com\/product\/buy-5f-emb-online-2\/#primaryimage\"},\"thumbnailUrl\":\"https:\/\/nembutalhouse.com\/wp-content\/uploads\/2024\/10\/5f-EMB.gif\",\"datePublished\":\"2024-10-16T11:48:09+00:00\",\"dateModified\":\"2026-03-06T07:37:27+00:00\",\"description\":\"You can buy 5f-emb online at the best prices from our online store. We have cheap and high-quality 5f-emb for sale and providing worldwide delivery. You can order from anytime, anywhere.\",\"breadcrumb\":{\"@id\":\"https:\/\/nembutalhouse.com\/product\/buy-5f-emb-online-2\/#breadcrumb\"},\"inLanguage\":\"pl-PL\",\"potentialAction\":[{\"@type\":\"ReadAction\",\"target\":[\"https:\/\/nembutalhouse.com\/product\/buy-5f-emb-online-2\/\"]}]},{\"@type\":\"ImageObject\",\"inLanguage\":\"pl-PL\",\"@id\":\"https:\/\/nembutalhouse.com\/product\/buy-5f-emb-online-2\/#primaryimage\",\"url\":\"https:\/\/nembutalhouse.com\/wp-content\/uploads\/2024\/10\/5f-EMB.gif\",\"contentUrl\":\"https:\/\/nembutalhouse.com\/wp-content\/uploads\/2024\/10\/5f-EMB.gif\",\"width\":600,\"height\":600,\"caption\":\"Buy 5f-EMB Online\"},{\"@type\":\"BreadcrumbList\",\"@id\":\"https:\/\/nembutalhouse.com\/product\/buy-5f-emb-online-2\/#breadcrumb\",\"itemListElement\":[{\"@type\":\"ListItem\",\"position\":1,\"name\":\"Home\",\"item\":\"https:\/\/nembutalhouse.com\/\"},{\"@type\":\"ListItem\",\"position\":2,\"name\":\"Shop\",\"item\":\"https:\/\/nembutalhouse.com\/shop\/\"},{\"@type\":\"ListItem\",\"position\":3,\"name\":\"Buy 5f-EMB Online\"}]},{\"@type\":\"WebSite\",\"@id\":\"https:\/\/nembutalhouse.com\/#website\",\"url\":\"https:\/\/nembutalhouse.com\/\",\"name\":\"Nembutal House\",\"description\":\"Best Nembutal Online Store\",\"publisher\":{\"@id\":\"https:\/\/nembutalhouse.com\/#organization\"},\"potentialAction\":[{\"@type\":\"SearchAction\",\"target\":{\"@type\":\"EntryPoint\",\"urlTemplate\":\"https:\/\/nembutalhouse.com\/?s={search_term_string}\"},\"query-input\":{\"@type\":\"PropertyValueSpecification\",\"valueRequired\":true,\"valueName\":\"search_term_string\"}}],\"inLanguage\":\"pl-PL\"},{\"@type\":\"Organization\",\"@id\":\"https:\/\/nembutalhouse.com\/#organization\",\"name\":\"Nembutal House\",\"url\":\"https:\/\/nembutalhouse.com\/\",\"logo\":{\"@type\":\"ImageObject\",\"inLanguage\":\"pl-PL\",\"@id\":\"https:\/\/nembutalhouse.com\/#\/schema\/logo\/image\/\",\"url\":\"https:\/\/nembutalhouse.com\/wp-content\/uploads\/2022\/12\/logo.png\",\"contentUrl\":\"https:\/\/nembutalhouse.com\/wp-content\/uploads\/2022\/12\/logo.png\",\"width\":344,\"height\":103,\"caption\":\"Nembutal House\"},\"image\":{\"@id\":\"https:\/\/nembutalhouse.com\/#\/schema\/logo\/image\/\"}}]}<\/script>\n<!-- \/ Yoast SEO plugin. -->","yoast_head_json":{"title":"Buy 5F-EMB Online - 5F-EMB for Sale - Order 5F-EMB Online","description":"You can buy 5f-emb online at the best prices from our online store. We have cheap and high-quality 5f-emb for sale and providing worldwide delivery. You can order from anytime, anywhere.","robots":{"index":"index","follow":"follow","max-snippet":"max-snippet:-1","max-image-preview":"max-image-preview:large","max-video-preview":"max-video-preview:-1"},"canonical":"https:\/\/nembutalhouse.com\/pl\/produkt\/buy-5f-emb-online-2\/","og_locale":"pl_PL","og_type":"article","og_title":"Buy 5F-EMB Online - 5F-EMB for Sale - Order 5F-EMB Online","og_description":"You can buy 5f-emb online at the best prices from our online store. We have cheap and high-quality 5f-emb for sale and providing worldwide delivery. You can order from anytime, anywhere.","og_url":"https:\/\/nembutalhouse.com\/pl\/produkt\/buy-5f-emb-online-2\/","og_site_name":"Nembutal House","article_modified_time":"2026-03-06T07:37:27+00:00","og_image":[{"width":600,"height":600,"url":"https:\/\/nembutalhouse.com\/wp-content\/uploads\/2024\/10\/5f-EMB.gif","type":"image\/gif"}],"twitter_card":"summary_large_image","twitter_misc":{"Szacowany czas czytania":"3 minuty"},"schema":{"@context":"https:\/\/schema.org","@graph":[{"@type":"WebPage","@id":"https:\/\/nembutalhouse.com\/product\/buy-5f-emb-online-2\/","url":"https:\/\/nembutalhouse.com\/product\/buy-5f-emb-online-2\/","name":"Buy 5F-EMB Online - 5F-EMB for Sale - Order 5F-EMB Online","isPartOf":{"@id":"https:\/\/nembutalhouse.com\/#website"},"primaryImageOfPage":{"@id":"https:\/\/nembutalhouse.com\/product\/buy-5f-emb-online-2\/#primaryimage"},"image":{"@id":"https:\/\/nembutalhouse.com\/product\/buy-5f-emb-online-2\/#primaryimage"},"thumbnailUrl":"https:\/\/nembutalhouse.com\/wp-content\/uploads\/2024\/10\/5f-EMB.gif","datePublished":"2024-10-16T11:48:09+00:00","dateModified":"2026-03-06T07:37:27+00:00","description":"You can buy 5f-emb online at the best prices from our online store. We have cheap and high-quality 5f-emb for sale and providing worldwide delivery. You can order from anytime, anywhere.","breadcrumb":{"@id":"https:\/\/nembutalhouse.com\/product\/buy-5f-emb-online-2\/#breadcrumb"},"inLanguage":"pl-PL","potentialAction":[{"@type":"ReadAction","target":["https:\/\/nembutalhouse.com\/product\/buy-5f-emb-online-2\/"]}]},{"@type":"ImageObject","inLanguage":"pl-PL","@id":"https:\/\/nembutalhouse.com\/product\/buy-5f-emb-online-2\/#primaryimage","url":"https:\/\/nembutalhouse.com\/wp-content\/uploads\/2024\/10\/5f-EMB.gif","contentUrl":"https:\/\/nembutalhouse.com\/wp-content\/uploads\/2024\/10\/5f-EMB.gif","width":600,"height":600,"caption":"Buy 5f-EMB Online"},{"@type":"BreadcrumbList","@id":"https:\/\/nembutalhouse.com\/product\/buy-5f-emb-online-2\/#breadcrumb","itemListElement":[{"@type":"ListItem","position":1,"name":"Home","item":"https:\/\/nembutalhouse.com\/"},{"@type":"ListItem","position":2,"name":"Shop","item":"https:\/\/nembutalhouse.com\/shop\/"},{"@type":"ListItem","position":3,"name":"Buy 5f-EMB Online"}]},{"@type":"WebSite","@id":"https:\/\/nembutalhouse.com\/#website","url":"https:\/\/nembutalhouse.com\/","name":"Nembutal House","description":"Best Nembutal Online Store","publisher":{"@id":"https:\/\/nembutalhouse.com\/#organization"},"potentialAction":[{"@type":"SearchAction","target":{"@type":"EntryPoint","urlTemplate":"https:\/\/nembutalhouse.com\/?s={search_term_string}"},"query-input":{"@type":"PropertyValueSpecification","valueRequired":true,"valueName":"search_term_string"}}],"inLanguage":"pl-PL"},{"@type":"Organization","@id":"https:\/\/nembutalhouse.com\/#organization","name":"Nembutal House","url":"https:\/\/nembutalhouse.com\/","logo":{"@type":"ImageObject","inLanguage":"pl-PL","@id":"https:\/\/nembutalhouse.com\/#\/schema\/logo\/image\/","url":"https:\/\/nembutalhouse.com\/wp-content\/uploads\/2022\/12\/logo.png","contentUrl":"https:\/\/nembutalhouse.com\/wp-content\/uploads\/2022\/12\/logo.png","width":344,"height":103,"caption":"Nembutal House"},"image":{"@id":"https:\/\/nembutalhouse.com\/#\/schema\/logo\/image\/"}}]}},"_links":{"self":[{"href":"https:\/\/nembutalhouse.com\/pl\/wp-json\/wp\/v2\/product\/1172","targetHints":{"allow":["GET"]}}],"collection":[{"href":"https:\/\/nembutalhouse.com\/pl\/wp-json\/wp\/v2\/product"}],"about":[{"href":"https:\/\/nembutalhouse.com\/pl\/wp-json\/wp\/v2\/types\/product"}],"replies":[{"embeddable":true,"href":"https:\/\/nembutalhouse.com\/pl\/wp-json\/wp\/v2\/comments?post=1172"}],"wp:featuredmedia":[{"embeddable":true,"href":"https:\/\/nembutalhouse.com\/pl\/wp-json\/wp\/v2\/media\/1180"}],"wp:attachment":[{"href":"https:\/\/nembutalhouse.com\/pl\/wp-json\/wp\/v2\/media?parent=1172"}],"wp:term":[{"taxonomy":"product_cat","embeddable":true,"href":"https:\/\/nembutalhouse.com\/pl\/wp-json\/wp\/v2\/product_cat?post=1172"},{"taxonomy":"product_tag","embeddable":true,"href":"https:\/\/nembutalhouse.com\/pl\/wp-json\/wp\/v2\/product_tag?post=1172"}],"curies":[{"name":"wp","href":"https:\/\/api.w.org\/{rel}","templated":true}]}}