{"id":1103,"date":"2024-10-16T11:47:46","date_gmt":"2024-10-16T11:47:46","guid":{"rendered":"https:\/\/nembutalhouse.com\/?post_type=product&#038;p=1103"},"modified":"2026-03-06T07:34:41","modified_gmt":"2026-03-06T07:34:41","slug":"buy-4mmc-online","status":"publish","type":"product","link":"https:\/\/nembutalhouse.com\/pl\/produkt\/buy-4mmc-online\/","title":{"rendered":"Buy 4mmc Online"},"content":{"rendered":"<h2>Buy 4mmc Online<\/h2>\n<p>Pr\u00f3bujesz znale\u017a\u0107 godne zaufania miejsce do zakupu 2-MMC Hydrochloride? Wystarczy sprawdzi\u0107 NembutalHouse! Z przyjemno\u015bci\u0105 udost\u0119pniamy wpis na blogu SEO przedstawiaj\u0105cy wiele powod\u00f3w, dla kt\u00f3rych warto korzysta\u0107 z Fresh Chems jako dostawcy chlorowodorku 2-MMC. Jeste\u015bmy dumnymi w\u0142a\u015bcicielami <a href=\"https:\/\/nembutalhouse.com\/pl\/\">NembutalHouse<\/a>. Czytaj dalej, aby dowiedzie\u0107 si\u0119 o wyj\u0105tkowych cechach naszej oferty i naszym zaanga\u017cowaniu w dostawy mi\u0119dzynarodowe.<\/p>\n<p>Doskona\u0142a jako\u015b\u0107 produkt\u00f3w: Aby spe\u0142ni\u0107 wysokie wymagania naukowc\u00f3w i badaczy, w NembutalHouse k\u0142adziemy du\u017cy nacisk na jako\u015b\u0107 naszych chemikali\u00f3w badawczych. Aby zagwarantowa\u0107 czysto\u015b\u0107, autentyczno\u015b\u0107 i sp\u00f3jno\u015b\u0107, nasz chlorowodorek 2-MMC jest dostarczany od wiarygodnych dostawc\u00f3w i przechodzi rygorystyczne procedury kontroli jako\u015bci. Mo\u017cesz by\u0107 pewien, \u017ce NembutalHouse dostarcza Ci wysokiej jako\u015bci produkt do bada\u0144 naukowych.<\/p>\n<h3>Szeroki wyb\u00f3r chemikali\u00f3w badawczych:<\/h3>\n<p>Aby sprosta\u0107 szerokiemu spektrum wymaga\u0144 spo\u0142eczno\u015bci naukowej, NembutalHouse z dum\u0105 zapewnia zr\u00f3\u017cnicowany wyb\u00f3r chemikali\u00f3w badawczych. Opr\u00f3cz chlorowodorku 4-MMC, nasz sklep internetowy oferuje szeroki asortyment dodatkowych doskona\u0142ych chemikali\u00f3w badawczych. Naszym celem jest sta\u0107 si\u0119 \u017ar\u00f3d\u0142em wszelkich potrzeb w zakresie chemikali\u00f3w badawczych.<\/p>\n<h3>Wysy\u0142ka mi\u0119dzynarodowa:<\/h3>\n<p>NembutalHouse zapewnia, \u017ce mo\u017cesz uzyska\u0107 nasze wyj\u0105tkowe produkty z dowolnego miejsca. Zapewniamy niezawodne us\u0142ugi wysy\u0142ki mi\u0119dzynarodowej, kt\u00f3re zapewni\u0105 <a href=\"https:\/\/nembutalhouse.com\/pl\/produkt\/buy-4mmc-online\/\">4-MMC<\/a> Hydrochloride i inne chemikalia badawcze dostarczane bezpo\u015brednio do Twoich drzwi. Twoje zam\u00f3wienia dotr\u0105 szybko i bezpiecznie dzi\u0119ki naszej dyskretnej, bezpiecznej i skutecznej metodzie wysy\u0142ki. Ze wzgl\u0119du na nasz globalny zasi\u0119g, naukowcy ze wszystkich<\/p>\n<p>mog\u0105 zyska\u0107 na stosowaniu naszych najwy\u017cszej jako\u015bci chemikali\u00f3w badawczych.<\/p>\n<h3>Niezawodny i godny zaufania dostawca<\/h3>\n<p>NembutalHouse ugruntowa\u0142 swoj\u0105 pozycj\u0119 jako niezawodne i godne zaufania \u017ar\u00f3d\u0142o chemikali\u00f3w badawczych. Jako w\u0142a\u015bciciele NembutalHouse od wielu lat \u015bwiadczymy us\u0142ugi dla spo\u0142eczno\u015bci naukowej, zdobywaj\u0105c szacunek i lojalno\u015b\u0107 naszych klient\u00f3w. Nasze zaanga\u017cowanie w zapewnienie doskona\u0142ej obs\u0142ugi klienta, wysokiej jako\u015bci produkt\u00f3w i terminowych dostaw sprawi\u0142o, \u017ce stali\u015bmy si\u0119 wiod\u0105cym globalnym \u017ar\u00f3d\u0142em informacji dla naukowc\u00f3w. Wsp\u00f3\u0142pracuj\u0105c z NembutalHouse, mo\u017cesz zaufa\u0107 naszemu profesjonalizmowi i zaanga\u017cowaniu w swoje badania naukowe.<\/p>\n<h3>Konkurencyjne stawki:<\/h3>\n<p>Zdajemy sobie spraw\u0119 z tego, jak wa\u017cna dla badaczy jest przyst\u0119pno\u015b\u0107 cenowa. Dzi\u0119ki naszym przyst\u0119pnym cenom, NembutalHouse gwarantuje, \u017ce nasi klienci w pe\u0142ni wykorzystaj\u0105 swoj\u0105 inwestycj\u0119. Opr\u00f3cz oferowania najwy\u017cszej jako\u015bci <a href=\"https:\/\/en.wikipedia.org\/wiki\/Mephedrone\">4-MMC<\/a> Chlorowodorek i inne chemikalia badawcze, ci\u0119\u017cko pracujemy, aby utrzyma\u0107<\/p>\n<p>Nasze koszty s\u0105 rozs\u0105dne, co pozwala naukowcom kontynuowa\u0107 badania bez martwienia si\u0119 o pieni\u0105dze. Mo\u017cesz kupi\u0107 najwy\u017cszej jako\u015bci chemikalia badawcze od NembutalHouse bez przekraczania swojego bud\u017cetu.<\/p>\n<h3>Zaanga\u017cowana obs\u0142uga klienta:<\/h3>\n<p>Wymagania klient\u00f3w s\u0105 naszym najwy\u017cszym priorytetem w Fresh Chems. W przypadku jakichkolwiek pyta\u0144, problem\u00f3w lub porad dotycz\u0105cych chlorowodorku 4-MMC lub innych chemikali\u00f3w badawczych, nasz zaanga\u017cowany zesp\u00f3\u0142 obs\u0142ugi klienta jest tutaj, aby pom\u00f3c. Zobowi\u0105zujemy si\u0119 do terminowej i zindywidualizowanej obs\u0142ugi klienta.<\/p>\n<p>gwarantuj\u0105c ka\u017cdemu klientowi bezproblemowe i satysfakcjonuj\u0105ce spotkanie. Naszym g\u0142\u00f3wnym celem jest upewnienie si\u0119, \u017ce jeste\u015b zadowolony.<\/p>\n<h3>Podsumowuj\u0105c:<\/h3>\n<p>NembutalHouse to niezawodne \u017ar\u00f3d\u0142o chlorowodorku 4-MMC i innych chemikali\u00f3w badawczych, kt\u00f3re mo\u017cna kupi\u0107 online. Dzi\u0119ki naszemu niezachwianemu zaanga\u017cowaniu w doskona\u0142o\u015b\u0107 produkt\u00f3w, du\u017cemu wyborowi chemikali\u00f3w badawczych, mi\u0119dzynarodowym us\u0142ugom dostawy i niezawodno\u015bci<\/p>\n<p>Dzi\u0119ki naszej znakomitej reputacji, przyst\u0119pnym cenom i zaanga\u017cowanej obs\u0142udze klienta, naszym celem jest zar\u00f3wno spe\u0142nienie, jak i przekroczenie Twoich oczekiwa\u0144. Zam\u00f3w w NembutalHouse ju\u017c teraz, aby w pe\u0142ni wykorzysta\u0107 potencja\u0142 swoich bada\u0144 naukowych.<\/p>\n<p>&nbsp;<\/p>\n<p>&nbsp;<\/p>","protected":false},"excerpt":{"rendered":"<p>Buy 4mmc Online Are you trying to find a trustworthy place to get 2-MMC Hydrochloride for your studies? You only need to check out NembutalHouse! We are thrilled to provide&hellip;<\/p>","protected":false},"featured_media":1506,"comment_status":"closed","ping_status":"closed","template":"","meta":{"_joinchat":[]},"product_cat":[186],"product_tag":[902,907,925,927,913,914,917,923,924,922,903,921,910,900,901,912,926,919,916,909,905,906,928,920,918,915,908,911,904],"class_list":{"0":"post-1103","1":"product","2":"type-product","3":"status-publish","4":"has-post-thumbnail","6":"product_cat-research-chemicals","7":"product_tag-4mmc-for-sale","8":"product_tag-4mmc-powder","9":"product_tag-4mmc-powder-for-cleaning","10":"product_tag-4mmc-powder-for-sale","11":"product_tag-4mmc-powder-online","12":"product_tag-4mmc-powder-price","13":"product_tag-4mmc-powder-store","14":"product_tag-4mmc-powder-use","15":"product_tag-4mmc-powder-wiki","16":"product_tag-4mmc-powder-worldwide","17":"product_tag-4mmc-supplier","18":"product_tag-best-cheap-price-4mmc-powder","19":"product_tag-best-place-to-buy-4mmc-powder","20":"product_tag-buy-4mmc","21":"product_tag-buy-4mmc-online","22":"product_tag-buy-4mmc-powder-legally","23":"product_tag-buy-4mmc-powder-online","24":"product_tag-cheap-4mmc-powders","25":"product_tag-high-quality-4mmc-powder","26":"product_tag-how-to-buy-4mmc-powder","27":"product_tag-order-4mmc","28":"product_tag-order-4mmc-online","29":"product_tag-order-4mmc-powder","30":"product_tag-purcharse-4mmc-powder-powder","31":"product_tag-shop-4mmc-powder","32":"product_tag-top-quality-4mmc-powder","33":"product_tag-where-to-buy-4mmc-powder","34":"product_tag-where-to-order-4mmc-powder","35":"product_tag-wholesale-4mmc-bulk-online","37":"first","38":"instock","39":"shipping-taxable","40":"purchasable","41":"product-type-variable"},"yoast_head":"<!-- This site is optimized with the Yoast SEO plugin v24.1 - https:\/\/yoast.com\/wordpress\/plugins\/seo\/ -->\n<title>Buy 4MMC Online - 4MMC for Sale - Order 4MMC Online<\/title>\n<meta name=\"description\" content=\"If you want to buy 4mmc online and looking for a reliable online store, then buy here. We offer only high-quality 4mmc for sale at an affordable price. Order 4mmcNow!\" \/>\n<meta name=\"robots\" content=\"index, follow, max-snippet:-1, max-image-preview:large, max-video-preview:-1\" \/>\n<link rel=\"canonical\" href=\"https:\/\/nembutalhouse.com\/pl\/produkt\/buy-4mmc-online\/\" \/>\n<meta property=\"og:locale\" content=\"pl_PL\" \/>\n<meta property=\"og:type\" content=\"article\" \/>\n<meta property=\"og:title\" content=\"Buy 4MMC Online - 4MMC for Sale - Order 4MMC Online\" \/>\n<meta property=\"og:description\" content=\"If you want to buy 4mmc online and looking for a reliable online store, then buy here. We offer only high-quality 4mmc for sale at an affordable price. Order 4mmcNow!\" \/>\n<meta property=\"og:url\" content=\"https:\/\/nembutalhouse.com\/pl\/produkt\/buy-4mmc-online\/\" \/>\n<meta property=\"og:site_name\" content=\"Nembutal House\" \/>\n<meta property=\"article:modified_time\" content=\"2026-03-06T07:34:41+00:00\" \/>\n<meta property=\"og:image\" content=\"https:\/\/nembutalhouse.com\/wp-content\/uploads\/2024\/10\/4mmc.gif\" \/>\n\t<meta property=\"og:image:width\" content=\"600\" \/>\n\t<meta property=\"og:image:height\" content=\"600\" \/>\n\t<meta property=\"og:image:type\" content=\"image\/gif\" \/>\n<meta name=\"twitter:card\" content=\"summary_large_image\" \/>\n<meta name=\"twitter:label1\" content=\"Szacowany czas czytania\" \/>\n\t<meta name=\"twitter:data1\" content=\"3 minuty\" \/>\n<script type=\"application\/ld+json\" class=\"yoast-schema-graph\">{\"@context\":\"https:\/\/schema.org\",\"@graph\":[{\"@type\":\"WebPage\",\"@id\":\"https:\/\/nembutalhouse.com\/product\/buy-4mmc-online\/\",\"url\":\"https:\/\/nembutalhouse.com\/product\/buy-4mmc-online\/\",\"name\":\"Buy 4MMC Online - 4MMC for Sale - Order 4MMC Online\",\"isPartOf\":{\"@id\":\"https:\/\/nembutalhouse.com\/#website\"},\"primaryImageOfPage\":{\"@id\":\"https:\/\/nembutalhouse.com\/product\/buy-4mmc-online\/#primaryimage\"},\"image\":{\"@id\":\"https:\/\/nembutalhouse.com\/product\/buy-4mmc-online\/#primaryimage\"},\"thumbnailUrl\":\"https:\/\/nembutalhouse.com\/wp-content\/uploads\/2024\/10\/4mmc.gif\",\"datePublished\":\"2024-10-16T11:47:46+00:00\",\"dateModified\":\"2026-03-06T07:34:41+00:00\",\"description\":\"If you want to buy 4mmc online and looking for a reliable online store, then buy here. We offer only high-quality 4mmc for sale at an affordable price. Order 4mmcNow!\",\"breadcrumb\":{\"@id\":\"https:\/\/nembutalhouse.com\/product\/buy-4mmc-online\/#breadcrumb\"},\"inLanguage\":\"pl-PL\",\"potentialAction\":[{\"@type\":\"ReadAction\",\"target\":[\"https:\/\/nembutalhouse.com\/product\/buy-4mmc-online\/\"]}]},{\"@type\":\"ImageObject\",\"inLanguage\":\"pl-PL\",\"@id\":\"https:\/\/nembutalhouse.com\/product\/buy-4mmc-online\/#primaryimage\",\"url\":\"https:\/\/nembutalhouse.com\/wp-content\/uploads\/2024\/10\/4mmc.gif\",\"contentUrl\":\"https:\/\/nembutalhouse.com\/wp-content\/uploads\/2024\/10\/4mmc.gif\",\"width\":600,\"height\":600,\"caption\":\"Buy 4mmc Online\"},{\"@type\":\"BreadcrumbList\",\"@id\":\"https:\/\/nembutalhouse.com\/product\/buy-4mmc-online\/#breadcrumb\",\"itemListElement\":[{\"@type\":\"ListItem\",\"position\":1,\"name\":\"Home\",\"item\":\"https:\/\/nembutalhouse.com\/\"},{\"@type\":\"ListItem\",\"position\":2,\"name\":\"Shop\",\"item\":\"https:\/\/nembutalhouse.com\/shop\/\"},{\"@type\":\"ListItem\",\"position\":3,\"name\":\"Buy 4mmc Online\"}]},{\"@type\":\"WebSite\",\"@id\":\"https:\/\/nembutalhouse.com\/#website\",\"url\":\"https:\/\/nembutalhouse.com\/\",\"name\":\"Nembutal House\",\"description\":\"Best Nembutal Online Store\",\"publisher\":{\"@id\":\"https:\/\/nembutalhouse.com\/#organization\"},\"potentialAction\":[{\"@type\":\"SearchAction\",\"target\":{\"@type\":\"EntryPoint\",\"urlTemplate\":\"https:\/\/nembutalhouse.com\/?s={search_term_string}\"},\"query-input\":{\"@type\":\"PropertyValueSpecification\",\"valueRequired\":true,\"valueName\":\"search_term_string\"}}],\"inLanguage\":\"pl-PL\"},{\"@type\":\"Organization\",\"@id\":\"https:\/\/nembutalhouse.com\/#organization\",\"name\":\"Nembutal House\",\"url\":\"https:\/\/nembutalhouse.com\/\",\"logo\":{\"@type\":\"ImageObject\",\"inLanguage\":\"pl-PL\",\"@id\":\"https:\/\/nembutalhouse.com\/#\/schema\/logo\/image\/\",\"url\":\"https:\/\/nembutalhouse.com\/wp-content\/uploads\/2022\/12\/logo.png\",\"contentUrl\":\"https:\/\/nembutalhouse.com\/wp-content\/uploads\/2022\/12\/logo.png\",\"width\":344,\"height\":103,\"caption\":\"Nembutal House\"},\"image\":{\"@id\":\"https:\/\/nembutalhouse.com\/#\/schema\/logo\/image\/\"}}]}<\/script>\n<!-- \/ Yoast SEO plugin. -->","yoast_head_json":{"title":"Buy 4MMC Online - 4MMC for Sale - Order 4MMC Online","description":"If you want to buy 4mmc online and looking for a reliable online store, then buy here. We offer only high-quality 4mmc for sale at an affordable price. Order 4mmcNow!","robots":{"index":"index","follow":"follow","max-snippet":"max-snippet:-1","max-image-preview":"max-image-preview:large","max-video-preview":"max-video-preview:-1"},"canonical":"https:\/\/nembutalhouse.com\/pl\/produkt\/buy-4mmc-online\/","og_locale":"pl_PL","og_type":"article","og_title":"Buy 4MMC Online - 4MMC for Sale - Order 4MMC Online","og_description":"If you want to buy 4mmc online and looking for a reliable online store, then buy here. We offer only high-quality 4mmc for sale at an affordable price. Order 4mmcNow!","og_url":"https:\/\/nembutalhouse.com\/pl\/produkt\/buy-4mmc-online\/","og_site_name":"Nembutal House","article_modified_time":"2026-03-06T07:34:41+00:00","og_image":[{"width":600,"height":600,"url":"https:\/\/nembutalhouse.com\/wp-content\/uploads\/2024\/10\/4mmc.gif","type":"image\/gif"}],"twitter_card":"summary_large_image","twitter_misc":{"Szacowany czas czytania":"3 minuty"},"schema":{"@context":"https:\/\/schema.org","@graph":[{"@type":"WebPage","@id":"https:\/\/nembutalhouse.com\/product\/buy-4mmc-online\/","url":"https:\/\/nembutalhouse.com\/product\/buy-4mmc-online\/","name":"Buy 4MMC Online - 4MMC for Sale - Order 4MMC Online","isPartOf":{"@id":"https:\/\/nembutalhouse.com\/#website"},"primaryImageOfPage":{"@id":"https:\/\/nembutalhouse.com\/product\/buy-4mmc-online\/#primaryimage"},"image":{"@id":"https:\/\/nembutalhouse.com\/product\/buy-4mmc-online\/#primaryimage"},"thumbnailUrl":"https:\/\/nembutalhouse.com\/wp-content\/uploads\/2024\/10\/4mmc.gif","datePublished":"2024-10-16T11:47:46+00:00","dateModified":"2026-03-06T07:34:41+00:00","description":"If you want to buy 4mmc online and looking for a reliable online store, then buy here. We offer only high-quality 4mmc for sale at an affordable price. Order 4mmcNow!","breadcrumb":{"@id":"https:\/\/nembutalhouse.com\/product\/buy-4mmc-online\/#breadcrumb"},"inLanguage":"pl-PL","potentialAction":[{"@type":"ReadAction","target":["https:\/\/nembutalhouse.com\/product\/buy-4mmc-online\/"]}]},{"@type":"ImageObject","inLanguage":"pl-PL","@id":"https:\/\/nembutalhouse.com\/product\/buy-4mmc-online\/#primaryimage","url":"https:\/\/nembutalhouse.com\/wp-content\/uploads\/2024\/10\/4mmc.gif","contentUrl":"https:\/\/nembutalhouse.com\/wp-content\/uploads\/2024\/10\/4mmc.gif","width":600,"height":600,"caption":"Buy 4mmc Online"},{"@type":"BreadcrumbList","@id":"https:\/\/nembutalhouse.com\/product\/buy-4mmc-online\/#breadcrumb","itemListElement":[{"@type":"ListItem","position":1,"name":"Home","item":"https:\/\/nembutalhouse.com\/"},{"@type":"ListItem","position":2,"name":"Shop","item":"https:\/\/nembutalhouse.com\/shop\/"},{"@type":"ListItem","position":3,"name":"Buy 4mmc Online"}]},{"@type":"WebSite","@id":"https:\/\/nembutalhouse.com\/#website","url":"https:\/\/nembutalhouse.com\/","name":"Nembutal House","description":"Best Nembutal Online Store","publisher":{"@id":"https:\/\/nembutalhouse.com\/#organization"},"potentialAction":[{"@type":"SearchAction","target":{"@type":"EntryPoint","urlTemplate":"https:\/\/nembutalhouse.com\/?s={search_term_string}"},"query-input":{"@type":"PropertyValueSpecification","valueRequired":true,"valueName":"search_term_string"}}],"inLanguage":"pl-PL"},{"@type":"Organization","@id":"https:\/\/nembutalhouse.com\/#organization","name":"Nembutal House","url":"https:\/\/nembutalhouse.com\/","logo":{"@type":"ImageObject","inLanguage":"pl-PL","@id":"https:\/\/nembutalhouse.com\/#\/schema\/logo\/image\/","url":"https:\/\/nembutalhouse.com\/wp-content\/uploads\/2022\/12\/logo.png","contentUrl":"https:\/\/nembutalhouse.com\/wp-content\/uploads\/2022\/12\/logo.png","width":344,"height":103,"caption":"Nembutal House"},"image":{"@id":"https:\/\/nembutalhouse.com\/#\/schema\/logo\/image\/"}}]}},"_links":{"self":[{"href":"https:\/\/nembutalhouse.com\/pl\/wp-json\/wp\/v2\/product\/1103","targetHints":{"allow":["GET"]}}],"collection":[{"href":"https:\/\/nembutalhouse.com\/pl\/wp-json\/wp\/v2\/product"}],"about":[{"href":"https:\/\/nembutalhouse.com\/pl\/wp-json\/wp\/v2\/types\/product"}],"replies":[{"embeddable":true,"href":"https:\/\/nembutalhouse.com\/pl\/wp-json\/wp\/v2\/comments?post=1103"}],"wp:featuredmedia":[{"embeddable":true,"href":"https:\/\/nembutalhouse.com\/pl\/wp-json\/wp\/v2\/media\/1506"}],"wp:attachment":[{"href":"https:\/\/nembutalhouse.com\/pl\/wp-json\/wp\/v2\/media?parent=1103"}],"wp:term":[{"taxonomy":"product_cat","embeddable":true,"href":"https:\/\/nembutalhouse.com\/pl\/wp-json\/wp\/v2\/product_cat?post=1103"},{"taxonomy":"product_tag","embeddable":true,"href":"https:\/\/nembutalhouse.com\/pl\/wp-json\/wp\/v2\/product_tag?post=1103"}],"curies":[{"name":"wp","href":"https:\/\/api.w.org\/{rel}","templated":true}]}}