{"id":1102,"date":"2024-10-16T11:47:46","date_gmt":"2024-10-16T11:47:46","guid":{"rendered":"https:\/\/nembutalhouse.com\/?post_type=product&#038;p=1102"},"modified":"2026-03-06T07:34:15","modified_gmt":"2026-03-06T07:34:15","slug":"buy-4cmc-online","status":"publish","type":"product","link":"https:\/\/nembutalhouse.com\/pl\/produkt\/buy-4cmc-online\/","title":{"rendered":"Buy 4cmc Online"},"content":{"rendered":"<h2>Kup 4 kryszta\u0142y CMC online<\/h2>\n<p>4- Kryszta\u0142y CMC sprzedawane r\u00f3wnie\u017c jako Clephedrone, ta nowo\u015b\u0107 <a href=\"https:\/\/nembutalhouse.com\/pl\/\">NembutalHouse<\/a> Jest \u0142atwy do zdobycia<br \/>\nOtrzymali\u015bmy wiele zapyta\u0144 o ten produkt i cieszymy si\u0119, \u017ce w ko\u0144cu mo\u017cemy zapewni\u0107 naszym klientom ten doskona\u0142y produkt.<\/p>\n<p>4 - Przewiduje si\u0119, \u017ce kryszta\u0142y CMC b\u0119d\u0105 mia\u0142y dzia\u0142anie podobne do mefedronu i innych badanych zwi\u0105zk\u00f3w nale\u017c\u0105cych do klasy fenon\u00f3w.<\/p>\n<p>Konsumenci, kt\u00f3rzy kupi\u0105 ten ekscytuj\u0105cy nowy produkt, otrzymaj\u0105 kryszta\u0142y ry\u017cu najwy\u017cszego kalibru.<\/p>\n<p>Jak zwykle, robi\u0105c zakupy, mo\u017cesz liczy\u0107 na najlepsze produkty i najlepsz\u0105 obs\u0142ug\u0119 klienta w bran\u017cy.<\/p>\n<p>Informacje chemiczne<\/p>\n<p>1-(4-chlorofenylo)-2-(metyloamino)propan-1-on <a href=\"https:\/\/en.wikipedia.org\/wiki\/4-Chloromethcathinone\">4-CMC<\/a> Kryszta\u0142y<\/p>\n<p>Numer CAS: 842212-02-1<\/p>\n<p>Masa w cz\u0105steczkach: 197,661 G\/mol<\/p>\n<p>Wz\u00f3r chemiczny to C10H12ClNO.<\/p>\n<p>Nale\u017cy pami\u0119ta\u0107, \u017ce dla tego produktu dost\u0119pna jest ekspresowa wysy\u0142ka kurierska do wszystkich kraj\u00f3w.<\/p>\n<h3>4-CMC<\/h3>\n<p>Kryszta\u0142y 4-Oral CMC maj\u0105 okres p\u00f3\u0142trwania od dw\u00f3ch do trzech godzin.<\/p>\n<p>Faza jest przyjemna, ale co dobrego jest w mefedronie lub nawet 3-MMC, je\u015bli nie wytwarza silnego euforycznego haju?<\/p>\n<p>Materia\u0142 tylko sprzyja kreatywnym lub intelektualnie interesuj\u0105cym dialogom; nie spiduje. Wywo\u0142uje poczucie zadowolenia i ospa\u0142o\u015bci.<\/p>\n<p>Zalecana dawka sk\u0142adnik\u00f3w aktywnych w celu uzyskania pe\u0142nego odczucia po po\u0142kni\u0119ciu wynosi 200-300 mg.<\/p>\n<p><a href=\"https:\/\/nembutalhouse.com\/pl\/produkt\/buy-4cmc-online\/\">4-CMC<\/a> Ilo\u015b\u0107 kryszta\u0142k\u00f3w zasysanych do nosa zaczyna si\u0119 od 100 mg. Nie zaleca si\u0119 przyjmowania wi\u0119cej ni\u017c 180 mg leku.<\/p>\n<p>Po wyci\u0105gni\u0119ciu strasznie piecze w nosie przez kilka minut. Operacja trwa oko\u0142o godziny i jest znacznie kr\u00f3tsza. Wyst\u0119puje znaczna sk\u0142onno\u015b\u0107 do ruch\u00f3w bardziej zaciskaj\u0105cych.<\/p>\n<p>Wp\u0142yw stymulowania sposobu, w jaki administracja jest stymulowana, ma ju\u017c bardzo wyra\u017any wp\u0142yw. Niestety, koncentracja i ekscytacja nie id\u0105 w parze.<\/p>\n<p>Wyst\u0119puj\u0105 problemy z koncentracj\u0105, gadatliwo\u015b\u0107, szybkie bicie serca, przezi\u0119bienie, pocenie si\u0119 i nudno\u015bci.<\/p>\n<p>Pierwsze efekty dzia\u0142ania Euphorii s\u0105 bardziej zbli\u017cone do powszechnie stosowanego mefedronu.<\/p>\n<p>Wed\u0142ug bada\u0144 przyjemna faza jest cz\u0119sto zwi\u0105zana z \"lekkim struciem\".<\/p>\n<p>Chocia\u017c materia\u0142 nie jest tak \u015bwietny jak mefedron, 4-CMC i CMC-3 wkr\u00f3tce wyprzedz\u0105 RC i dopalacze jako najpopularniejsze substancje w Polsce.<\/p>\n<p>&nbsp;<\/p>\n<p>&nbsp;<\/p>","protected":false},"excerpt":{"rendered":"<p>Buy 4 CMC Crystals Online 4- Crystals CMC Also Sold As Clephedrone, This Novel NembutalHouse Is Easily Acquired Many requests have been made for this product, and we are pleased&hellip;<\/p>","protected":false},"featured_media":1505,"comment_status":"closed","ping_status":"closed","template":"","meta":{"_joinchat":[]},"product_cat":[188],"product_tag":[873,878,896,898,884,885,888,894,895,893,874,892,881,871,872,883,897,890,887,880,876,877,899,891,889,886,879,882,875],"class_list":{"0":"post-1102","1":"product","2":"type-product","3":"status-publish","4":"has-post-thumbnail","6":"product_cat-stimulants","7":"product_tag-4cmc-for-sale","8":"product_tag-4cmc-powder","9":"product_tag-4cmc-powder-for-cleaning","10":"product_tag-4cmc-powder-for-sale","11":"product_tag-4cmc-powder-online","12":"product_tag-4cmc-powder-price","13":"product_tag-4cmc-powder-store","14":"product_tag-4cmc-powder-use","15":"product_tag-4cmc-powder-wiki","16":"product_tag-4cmc-powder-worldwide","17":"product_tag-4cmc-supplier","18":"product_tag-best-cheap-price-4cmc-powder","19":"product_tag-best-place-to-buy-4cmc-powder","20":"product_tag-buy-4cmc","21":"product_tag-buy-4cmc-online","22":"product_tag-buy-4cmc-powder-legally","23":"product_tag-buy-4cmc-powder-online","24":"product_tag-cheap-4cmc-powders","25":"product_tag-high-quality-4cmc-powder","26":"product_tag-how-to-buy-4cmc-powder","27":"product_tag-order-4cmc","28":"product_tag-order-4cmc-online","29":"product_tag-order-4cmc-powder","30":"product_tag-purcharse-4cmc-powder-powder","31":"product_tag-shop-4cmc-powder","32":"product_tag-top-quality-4cmc-powder","33":"product_tag-where-to-buy-4cmc-powder","34":"product_tag-where-to-order-4cmc-powder","35":"product_tag-wholesale-4cmc-bulk-online","37":"first","38":"instock","39":"shipping-taxable","40":"purchasable","41":"product-type-variable"},"yoast_head":"<!-- This site is optimized with the Yoast SEO plugin v24.1 - https:\/\/yoast.com\/wordpress\/plugins\/seo\/ -->\n<title>Buy 4 CMC Online - 4 CMC for Sale Online | NembutalHouse<\/title>\n<meta name=\"description\" content=\"At our NembutalHouse, you can get 4cmc for sale at cheap rates. Here you can buy 4cmc online with high-quality from our store now with fast &amp; secure shipping service. Order Now!\" \/>\n<meta name=\"robots\" content=\"index, follow, max-snippet:-1, max-image-preview:large, max-video-preview:-1\" \/>\n<link rel=\"canonical\" href=\"https:\/\/nembutalhouse.com\/pl\/produkt\/buy-4cmc-online\/\" \/>\n<meta property=\"og:locale\" content=\"pl_PL\" \/>\n<meta property=\"og:type\" content=\"article\" \/>\n<meta property=\"og:title\" content=\"Buy 4 CMC Online - 4 CMC for Sale Online | NembutalHouse\" \/>\n<meta property=\"og:description\" content=\"At our NembutalHouse, you can get 4cmc for sale at cheap rates. Here you can buy 4cmc online with high-quality from our store now with fast &amp; secure shipping service. Order Now!\" \/>\n<meta property=\"og:url\" content=\"https:\/\/nembutalhouse.com\/pl\/produkt\/buy-4cmc-online\/\" \/>\n<meta property=\"og:site_name\" content=\"Nembutal House\" \/>\n<meta property=\"article:modified_time\" content=\"2026-03-06T07:34:15+00:00\" \/>\n<meta property=\"og:image\" content=\"https:\/\/nembutalhouse.com\/wp-content\/uploads\/2024\/10\/4cmc.gif\" \/>\n\t<meta property=\"og:image:width\" content=\"600\" \/>\n\t<meta property=\"og:image:height\" content=\"600\" \/>\n\t<meta property=\"og:image:type\" content=\"image\/gif\" \/>\n<meta name=\"twitter:card\" content=\"summary_large_image\" \/>\n<meta name=\"twitter:label1\" content=\"Szacowany czas czytania\" \/>\n\t<meta name=\"twitter:data1\" content=\"2 minuty\" \/>\n<script type=\"application\/ld+json\" class=\"yoast-schema-graph\">{\"@context\":\"https:\/\/schema.org\",\"@graph\":[{\"@type\":\"WebPage\",\"@id\":\"https:\/\/nembutalhouse.com\/product\/buy-4cmc-online\/\",\"url\":\"https:\/\/nembutalhouse.com\/product\/buy-4cmc-online\/\",\"name\":\"Buy 4 CMC Online - 4 CMC for Sale Online | NembutalHouse\",\"isPartOf\":{\"@id\":\"https:\/\/nembutalhouse.com\/#website\"},\"primaryImageOfPage\":{\"@id\":\"https:\/\/nembutalhouse.com\/product\/buy-4cmc-online\/#primaryimage\"},\"image\":{\"@id\":\"https:\/\/nembutalhouse.com\/product\/buy-4cmc-online\/#primaryimage\"},\"thumbnailUrl\":\"https:\/\/nembutalhouse.com\/wp-content\/uploads\/2024\/10\/4cmc.gif\",\"datePublished\":\"2024-10-16T11:47:46+00:00\",\"dateModified\":\"2026-03-06T07:34:15+00:00\",\"description\":\"At our NembutalHouse, you can get 4cmc for sale at cheap rates. Here you can buy 4cmc online with high-quality from our store now with fast & secure shipping service. Order Now!\",\"breadcrumb\":{\"@id\":\"https:\/\/nembutalhouse.com\/product\/buy-4cmc-online\/#breadcrumb\"},\"inLanguage\":\"pl-PL\",\"potentialAction\":[{\"@type\":\"ReadAction\",\"target\":[\"https:\/\/nembutalhouse.com\/product\/buy-4cmc-online\/\"]}]},{\"@type\":\"ImageObject\",\"inLanguage\":\"pl-PL\",\"@id\":\"https:\/\/nembutalhouse.com\/product\/buy-4cmc-online\/#primaryimage\",\"url\":\"https:\/\/nembutalhouse.com\/wp-content\/uploads\/2024\/10\/4cmc.gif\",\"contentUrl\":\"https:\/\/nembutalhouse.com\/wp-content\/uploads\/2024\/10\/4cmc.gif\",\"width\":600,\"height\":600,\"caption\":\"Buy 4cmc Online\"},{\"@type\":\"BreadcrumbList\",\"@id\":\"https:\/\/nembutalhouse.com\/product\/buy-4cmc-online\/#breadcrumb\",\"itemListElement\":[{\"@type\":\"ListItem\",\"position\":1,\"name\":\"Home\",\"item\":\"https:\/\/nembutalhouse.com\/\"},{\"@type\":\"ListItem\",\"position\":2,\"name\":\"Shop\",\"item\":\"https:\/\/nembutalhouse.com\/shop\/\"},{\"@type\":\"ListItem\",\"position\":3,\"name\":\"Buy 4cmc Online\"}]},{\"@type\":\"WebSite\",\"@id\":\"https:\/\/nembutalhouse.com\/#website\",\"url\":\"https:\/\/nembutalhouse.com\/\",\"name\":\"Nembutal House\",\"description\":\"Best Nembutal Online Store\",\"publisher\":{\"@id\":\"https:\/\/nembutalhouse.com\/#organization\"},\"potentialAction\":[{\"@type\":\"SearchAction\",\"target\":{\"@type\":\"EntryPoint\",\"urlTemplate\":\"https:\/\/nembutalhouse.com\/?s={search_term_string}\"},\"query-input\":{\"@type\":\"PropertyValueSpecification\",\"valueRequired\":true,\"valueName\":\"search_term_string\"}}],\"inLanguage\":\"pl-PL\"},{\"@type\":\"Organization\",\"@id\":\"https:\/\/nembutalhouse.com\/#organization\",\"name\":\"Nembutal House\",\"url\":\"https:\/\/nembutalhouse.com\/\",\"logo\":{\"@type\":\"ImageObject\",\"inLanguage\":\"pl-PL\",\"@id\":\"https:\/\/nembutalhouse.com\/#\/schema\/logo\/image\/\",\"url\":\"https:\/\/nembutalhouse.com\/wp-content\/uploads\/2022\/12\/logo.png\",\"contentUrl\":\"https:\/\/nembutalhouse.com\/wp-content\/uploads\/2022\/12\/logo.png\",\"width\":344,\"height\":103,\"caption\":\"Nembutal House\"},\"image\":{\"@id\":\"https:\/\/nembutalhouse.com\/#\/schema\/logo\/image\/\"}}]}<\/script>\n<!-- \/ Yoast SEO plugin. -->","yoast_head_json":{"title":"Buy 4 CMC Online - 4 CMC for Sale Online | NembutalHouse","description":"At our NembutalHouse, you can get 4cmc for sale at cheap rates. Here you can buy 4cmc online with high-quality from our store now with fast & secure shipping service. Order Now!","robots":{"index":"index","follow":"follow","max-snippet":"max-snippet:-1","max-image-preview":"max-image-preview:large","max-video-preview":"max-video-preview:-1"},"canonical":"https:\/\/nembutalhouse.com\/pl\/produkt\/buy-4cmc-online\/","og_locale":"pl_PL","og_type":"article","og_title":"Buy 4 CMC Online - 4 CMC for Sale Online | NembutalHouse","og_description":"At our NembutalHouse, you can get 4cmc for sale at cheap rates. Here you can buy 4cmc online with high-quality from our store now with fast & secure shipping service. Order Now!","og_url":"https:\/\/nembutalhouse.com\/pl\/produkt\/buy-4cmc-online\/","og_site_name":"Nembutal House","article_modified_time":"2026-03-06T07:34:15+00:00","og_image":[{"width":600,"height":600,"url":"https:\/\/nembutalhouse.com\/wp-content\/uploads\/2024\/10\/4cmc.gif","type":"image\/gif"}],"twitter_card":"summary_large_image","twitter_misc":{"Szacowany czas czytania":"2 minuty"},"schema":{"@context":"https:\/\/schema.org","@graph":[{"@type":"WebPage","@id":"https:\/\/nembutalhouse.com\/product\/buy-4cmc-online\/","url":"https:\/\/nembutalhouse.com\/product\/buy-4cmc-online\/","name":"Buy 4 CMC Online - 4 CMC for Sale Online | NembutalHouse","isPartOf":{"@id":"https:\/\/nembutalhouse.com\/#website"},"primaryImageOfPage":{"@id":"https:\/\/nembutalhouse.com\/product\/buy-4cmc-online\/#primaryimage"},"image":{"@id":"https:\/\/nembutalhouse.com\/product\/buy-4cmc-online\/#primaryimage"},"thumbnailUrl":"https:\/\/nembutalhouse.com\/wp-content\/uploads\/2024\/10\/4cmc.gif","datePublished":"2024-10-16T11:47:46+00:00","dateModified":"2026-03-06T07:34:15+00:00","description":"At our NembutalHouse, you can get 4cmc for sale at cheap rates. Here you can buy 4cmc online with high-quality from our store now with fast & secure shipping service. Order Now!","breadcrumb":{"@id":"https:\/\/nembutalhouse.com\/product\/buy-4cmc-online\/#breadcrumb"},"inLanguage":"pl-PL","potentialAction":[{"@type":"ReadAction","target":["https:\/\/nembutalhouse.com\/product\/buy-4cmc-online\/"]}]},{"@type":"ImageObject","inLanguage":"pl-PL","@id":"https:\/\/nembutalhouse.com\/product\/buy-4cmc-online\/#primaryimage","url":"https:\/\/nembutalhouse.com\/wp-content\/uploads\/2024\/10\/4cmc.gif","contentUrl":"https:\/\/nembutalhouse.com\/wp-content\/uploads\/2024\/10\/4cmc.gif","width":600,"height":600,"caption":"Buy 4cmc Online"},{"@type":"BreadcrumbList","@id":"https:\/\/nembutalhouse.com\/product\/buy-4cmc-online\/#breadcrumb","itemListElement":[{"@type":"ListItem","position":1,"name":"Home","item":"https:\/\/nembutalhouse.com\/"},{"@type":"ListItem","position":2,"name":"Shop","item":"https:\/\/nembutalhouse.com\/shop\/"},{"@type":"ListItem","position":3,"name":"Buy 4cmc Online"}]},{"@type":"WebSite","@id":"https:\/\/nembutalhouse.com\/#website","url":"https:\/\/nembutalhouse.com\/","name":"Nembutal House","description":"Best Nembutal Online Store","publisher":{"@id":"https:\/\/nembutalhouse.com\/#organization"},"potentialAction":[{"@type":"SearchAction","target":{"@type":"EntryPoint","urlTemplate":"https:\/\/nembutalhouse.com\/?s={search_term_string}"},"query-input":{"@type":"PropertyValueSpecification","valueRequired":true,"valueName":"search_term_string"}}],"inLanguage":"pl-PL"},{"@type":"Organization","@id":"https:\/\/nembutalhouse.com\/#organization","name":"Nembutal House","url":"https:\/\/nembutalhouse.com\/","logo":{"@type":"ImageObject","inLanguage":"pl-PL","@id":"https:\/\/nembutalhouse.com\/#\/schema\/logo\/image\/","url":"https:\/\/nembutalhouse.com\/wp-content\/uploads\/2022\/12\/logo.png","contentUrl":"https:\/\/nembutalhouse.com\/wp-content\/uploads\/2022\/12\/logo.png","width":344,"height":103,"caption":"Nembutal House"},"image":{"@id":"https:\/\/nembutalhouse.com\/#\/schema\/logo\/image\/"}}]}},"_links":{"self":[{"href":"https:\/\/nembutalhouse.com\/pl\/wp-json\/wp\/v2\/product\/1102","targetHints":{"allow":["GET"]}}],"collection":[{"href":"https:\/\/nembutalhouse.com\/pl\/wp-json\/wp\/v2\/product"}],"about":[{"href":"https:\/\/nembutalhouse.com\/pl\/wp-json\/wp\/v2\/types\/product"}],"replies":[{"embeddable":true,"href":"https:\/\/nembutalhouse.com\/pl\/wp-json\/wp\/v2\/comments?post=1102"}],"wp:featuredmedia":[{"embeddable":true,"href":"https:\/\/nembutalhouse.com\/pl\/wp-json\/wp\/v2\/media\/1505"}],"wp:attachment":[{"href":"https:\/\/nembutalhouse.com\/pl\/wp-json\/wp\/v2\/media?parent=1102"}],"wp:term":[{"taxonomy":"product_cat","embeddable":true,"href":"https:\/\/nembutalhouse.com\/pl\/wp-json\/wp\/v2\/product_cat?post=1102"},{"taxonomy":"product_tag","embeddable":true,"href":"https:\/\/nembutalhouse.com\/pl\/wp-json\/wp\/v2\/product_tag?post=1102"}],"curies":[{"name":"wp","href":"https:\/\/api.w.org\/{rel}","templated":true}]}}