{"id":1050,"date":"2024-10-16T11:47:23","date_gmt":"2024-10-16T11:47:23","guid":{"rendered":"https:\/\/nembutalhouse.com\/?post_type=product&#038;p=1050"},"modified":"2026-02-25T11:04:38","modified_gmt":"2026-02-25T11:04:38","slug":"2-fa","status":"publish","type":"product","link":"https:\/\/nembutalhouse.com\/pl\/produkt\/2-fa\/","title":{"rendered":"Kup 2-FA online"},"content":{"rendered":"<h2><strong>Kup chlorowodorek 2-FA online \u2013 kompleksowy przewodnik po zakupie i zrozumieniu jego zastosowa\u0144 w NembutalHouse<\/strong><\/h2>\n<p>Chcesz dowiedzie\u0107 si\u0119 wi\u0119cej o <strong>Chlorowodorek 2-FA<\/strong> lub zastanawiaj\u0105c si\u0119, gdzie <a href=\"https:\/\/nembutalhouse.com\/pl\/produkt\/2-fa\/\"><strong>kup 2-FA Hydrochlorid online<\/strong><\/a>? Na <a href=\"https:\/\/nembutalhouse.com\/pl\/\"><strong>NembutalHouse<\/strong><\/a>Zapewniamy szczeg\u00f3\u0142owy wgl\u0105d w ten zwi\u0105zek, obejmuj\u0105cy jego zastosowania, efekty, bezpiecze\u0144stwo i nie tylko. <strong>Chlorowodorek 2-FA<\/strong>, znany r\u00f3wnie\u017c jako <strong>2-Fluoroamfetamina<\/strong>jest badan\u0105 substancj\u0105 chemiczn\u0105, kt\u00f3ra zyskuje uwag\u0119 ze wzgl\u0119du na swoje w\u0142a\u015bciwo\u015bci stymuluj\u0105ce i potencjalne zastosowania w badaniach naukowych<a href=\"https:\/\/nembutalhouse.com\/pl\/produkt\/2-fa\/\">.<\/a><\/p>\n<h3>Co to jest chlorowodorek 2-FA?<\/h3>\n<p><strong>Chlorowodorek 2-FA<\/strong> jest fluorowanym analogiem amfetaminy, szeroko stosowanym w <strong>badania<\/strong> w celu zbadania jej wp\u0142ywu na o\u015brodkowy uk\u0142ad nerwowy. Znany ze swoich podobie\u0144stw do amfetaminy, <strong>2-FA vs amfetamina<\/strong> Por\u00f3wnania podkre\u015blaj\u0105 jego \u0142agodniejsze w\u0142a\u015bciwo\u015bci pobudzaj\u0105ce i unikalny profil farmakologiczny.<a href=\"https:\/\/nembutalhouse.com\/pl\/\">.<\/a><\/p>\n<h3>Kluczowe cechy i zastosowania chlorowodorku 2-FA:<\/h3>\n<ul>\n<li><strong>Zastosowania 2-FA<\/strong>: Powszechnie stosowany w badaniach nad jego metabolizmem, efektami neurologicznymi i potencjalnymi zastosowaniami terapeutycznymi.<\/li>\n<li><strong>Badania nad chlorowodorkiem 2-FA<\/strong>: Naukowcy badaj\u0105 jego w\u0142a\u015bciwo\u015bci, aby zrozumie\u0107 jego interakcje z neuroprzeka\u017anikami.<\/li>\n<li><strong>Analogi chlorowodorku 2-FA<\/strong>: Nale\u017cy do rodziny zwi\u0105zk\u00f3w o strukturalnym i funkcjonalnym podobie\u0144stwie do amfetaminy.<\/li>\n<\/ul>\n<h3>Dawkowanie i wzgl\u0119dy bezpiecze\u0144stwa<\/h3>\n<ul>\n<li><strong>Dawkowanie chlorowodorku 2-FA<\/strong>: Dawkowanie r\u00f3\u017cni si\u0119 w zale\u017cno\u015bci od protoko\u0142\u00f3w badawczych, podkre\u015blaj\u0105c potrzeb\u0119 precyzyjnego pomiaru i przestrzegania wytycznych dotycz\u0105cych bezpiecze\u0144stwa.<\/li>\n<li><strong>Bezpiecze\u0144stwo chlorowodorku 2-FA<\/strong>: Nale\u017cy zapewni\u0107 prawid\u0142ow\u0105 obs\u0142ug\u0119 i przechowywanie, aby zapobiec wypadkom lub niew\u0142a\u015bciwemu u\u017cyciu.<\/li>\n<li><strong>Objawy odstawienia 2-FA<\/strong>: Badania wskazuj\u0105, \u017ce d\u0142ugotrwa\u0142a ekspozycja mo\u017ce prowadzi\u0107 do odstawienia, co podkre\u015bla znaczenie kontrolowanego stosowania.<\/li>\n<\/ul>\n<h3>Efekty, korzy\u015bci i skutki uboczne<\/h3>\n<ul>\n<li><strong>Efekty 2-FA<\/strong>: Znany z \u0142agodnej stymulacji, poprawy koncentracji i zwi\u0119kszonej energii.<\/li>\n<li><strong>Korzy\u015bci 2-FA<\/strong>: Potencjalnie przydatny w badaniach uwagi, poznania i funkcji neuroprzeka\u017anik\u00f3w.<\/li>\n<li><strong>Skutki uboczne 2-FA<\/strong>: Raporty obejmuj\u0105 potencjalny stres sercowo-naczyniowy, niepok\u00f3j i bezsenno\u015b\u0107 przy wy\u017cszych dawkach.<\/li>\n<li><strong>Uszkodzenie 2-FA<\/strong>: Niew\u0142a\u015bciwe u\u017cycie mo\u017ce prowadzi\u0107 do zagro\u017ce\u0144 dla zdrowia, podkre\u015blaj\u0105c potrzeb\u0119 ostro\u017cnego obchodzenia si\u0119 z urz\u0105dzeniami w kontek\u015bcie bada\u0144.<\/li>\n<\/ul>\n<h3>Status prawny i potencja\u0142 nadu\u017cy\u0107<\/h3>\n<ul>\n<li><strong>Legalno\u015b\u0107 2-FA<\/strong>: The <strong>Status prawny chlorowodorku 2-FA<\/strong> r\u00f3\u017cni si\u0119 w zale\u017cno\u015bci od kraju, a niekt\u00f3re regiony ograniczaj\u0105 jego sprzeda\u017c lub wymagaj\u0105 zezwole\u0144 na wykorzystanie w badaniach.<\/li>\n<li><strong>Potencja\u0142 nadu\u017cywania 2-FA<\/strong>: Jego w\u0142a\u015bciwo\u015bci pobudzaj\u0105ce mog\u0105 sprawi\u0107, \u017ce stanie si\u0119 on celem niew\u0142a\u015bciwego u\u017cycia, co wymaga regulacji i nadzoru.<\/li>\n<li><strong>Cena uliczna 2-FA<\/strong>: Na nieuregulowanych rynkach ceny ulegaj\u0105 znacznym wahaniom, co stwarza ryzyko podrabiania lub zanieczyszczania produkt\u00f3w.<\/li>\n<\/ul>\n<h3>Por\u00f3wnania i spostrze\u017cenia badawcze<\/h3>\n<ul>\n<li><strong>2-FA vs amfetamina<\/strong>: Chocia\u017c strukturalnie podobny, 2-FA jest cz\u0119sto uwa\u017cany za mniej silny i bardziej selektywny w dzia\u0142aniu.<\/li>\n<li><strong>Metabolizm 2-FA<\/strong>: Badania nad jego szlakami metabolicznymi zapewniaj\u0105 wgl\u0105d w jego interakcj\u0119 z organizmem i potencjalne zastosowania.<\/li>\n<li><strong>Synteza chlorowodorku 2-FA<\/strong>: Naukowcy badaj\u0105 metody syntezy do produkcji zwi\u0105zk\u00f3w o wysokiej czysto\u015bci do bada\u0144.<\/li>\n<\/ul>\n<h3>Dlaczego warto kupi\u0107 2-FA Hydrochlorid w NembutalHouse?<\/h3>\n<p>Przy <strong>NembutalHouse<\/strong>stawiamy na jako\u015b\u0107 i zadowolenie klienta. Niezale\u017cnie od tego, czy szukasz <a href=\"https:\/\/en.wikipedia.org\/wiki\/2-FA\"><strong>kupi\u0107 2-FA Hydrochlorid<\/strong><\/a> w celu przeprowadzenia bada\u0144 lub uzyskania szczeg\u00f3\u0142owych informacji:<\/p>\n<ul>\n<li><strong>Zwi\u0105zki o wysokiej czysto\u015bci<\/strong>: Gwarantowana jako\u015b\u0107 testowana laboratoryjnie zapewnia wiarygodne wyniki.<\/li>\n<li><strong>Kompleksowe informacje<\/strong>: Szczeg\u00f3\u0142owe dane dotycz\u0105ce <strong>Dzia\u0142anie, bezpiecze\u0144stwo i zastosowanie chlorowodorku 2-FA<\/strong>.<\/li>\n<li><strong>Bezpieczne transakcje<\/strong>: Dyskretna wysy\u0142ka i niezawodna obs\u0142uga klienta zapewniaj\u0105 bezproblemow\u0105 obs\u0142ug\u0119.<\/li>\n<\/ul>\n<h3>Zam\u00f3w chlorowodorek 2-FA ju\u017c dzi\u015b<\/h3>\n<p>Gotowy do zbadania potencja\u0142u <strong>Chlorowodorek 2-FA<\/strong>? Odwiedzi\u0107 <strong>NembutalHouse<\/strong> dla produkt\u00f3w premium i zaufanych us\u0142ug. Z obszernymi informacjami na temat <strong>Badania nad chlorowodorkiem 2-FA<\/strong>, <strong>legalno\u015b\u0107<\/strong>oraz <strong>dawkowanie<\/strong>Jeste\u015bmy \u017ar\u00f3d\u0142em informacji na temat wszystkich zagadnie\u0144 zwi\u0105zanych z t\u0105 substancj\u0105 chemiczn\u0105. <strong>Z\u0142\u00f3\u017c zam\u00f3wienie teraz<\/strong> i do\u0142\u0105cz do czo\u0142\u00f3wki odkry\u0107 naukowych!<\/p>","protected":false},"excerpt":{"rendered":"<p><strong>Chlorowodorek 2-FA (chlorowodorek 2-fluoroamfetaminy)<\/strong> to syntetyczny stymulant nale\u017c\u0105cy do klasy amfetamin. Jest cz\u0119sto klasyfikowany jako substancja chemiczna do bada\u0144 i zyska\u0142 uwag\u0119 w niekt\u00f3rych kr\u0119gach ze wzgl\u0119du na swoje w\u0142a\u015bciwo\u015bci psychoaktywne. Niniejszy przewodnik zawiera kompleksowy przegl\u0105d chlorowodorku 2-FA, w tym jego struktur\u0119 chemiczn\u0105, skutki, zagro\u017cenia i status prawny.<\/p>\n<h3>Struktura chemiczna i wz\u00f3r<\/h3>\n<ul>\n<li><strong>Wz\u00f3r chemiczny:<\/strong> C\u2081\u2080H\u2081\u2084FNO<\/li>\n<li><strong>Nazwa IUPAC:<\/strong> 1-(2-fluorofenylo)propan-2-amina<\/li>\n<li><strong>Numer CAS:<\/strong> 123450-12-3 <em>(Nale\u017cy sprawdzi\u0107 dok\u0142adny numer CAS, poniewa\u017c mo\u017ce si\u0119 on r\u00f3\u017cni\u0107 w zale\u017cno\u015bci od konkretnego izomeru).<\/em><\/li>\n<\/ul>","protected":false},"featured_media":1612,"comment_status":"open","ping_status":"closed","template":"","meta":{"_joinchat":[]},"product_cat":[188],"product_tag":[1834,218,210,214,219,217,1851,1830,189,204,208,216,1840,209,221,215,207,223,213,212,211,1843,220,206,1849,222,1850,1848,190,203,195,1847,1837,205,1839,1829,197,1845,191,199,1842,1836,202,201,1832,1833,1846,193,194,1844,198,196,1841,200,1835,1838,1831,192],"class_list":{"0":"post-1050","1":"product","2":"type-product","3":"status-publish","4":"has-post-thumbnail","6":"product_cat-stimulants","7":"product_tag-2-fa","8":"product_tag-2-fa-analysis","9":"product_tag-2-fa-application","10":"product_tag-2-fa-availability","11":"product_tag-2-fa-chemistry","12":"product_tag-2-fa-distribution","13":"product_tag-2-fa-for-cleaning","14":"product_tag-2-fa-for-sale","15":"product_tag-2-fa-hydrochlorid","16":"product_tag-2-fa-hydrochloride","17":"product_tag-2-fa-laboratory","18":"product_tag-2-fa-market","19":"product_tag-2-fa-online","20":"product_tag-2-fa-price","21":"product_tag-2-fa-reference-material","22":"product_tag-2-fa-regulations","23":"product_tag-2-fa-research","24":"product_tag-2-fa-research-laboratory","25":"product_tag-2-fa-risks","26":"product_tag-2-fa-safety","27":"product_tag-2-fa-storage","28":"product_tag-2-fa-store","29":"product_tag-2-fa-substance","30":"product_tag-2-fa-supplier","31":"product_tag-2-fa-use","32":"product_tag-2-fa-wholesale","33":"product_tag-2-fa-wiki","34":"product_tag-2-fa-worldwide","35":"product_tag-2-fluoroamphetamin-hydrochlorid","36":"product_tag-3-fluoroamphetamine","37":"product_tag-amphetamine","38":"product_tag-best-cheap-price-2-fa","39":"product_tag-best-place-to-buy-2-fa","40":"product_tag-buy-2-fa","41":"product_tag-buy-2-fa-legally","42":"product_tag-buy-2-fa-online","43":"product_tag-cathinone","44":"product_tag-cheap-2-fa","45":"product_tag-chemische-formel-2-fa","46":"product_tag-gesundheitliche-risiken","47":"product_tag-high-quality-2-fa","48":"product_tag-how-to-buy-2-fa","49":"product_tag-mdma","50":"product_tag-methamphetamin","51":"product_tag-order-2-fa","52":"product_tag-order-2-fa-online","53":"product_tag-purcharse-2-fa-powder","54":"product_tag-rechtlicher-status-2-fa-hydrochlorid","55":"product_tag-risiken-2-fa-hydrochlorid","56":"product_tag-shop-2-fa","57":"product_tag-suchtgefahr","58":"product_tag-synthetische-stimulanzien","59":"product_tag-top-quality-2-fa","60":"product_tag-vergleich-zu-4-fa","61":"product_tag-where-to-buy-2-fa","62":"product_tag-where-to-order-2-fa","63":"product_tag-wholesale-2-fa-bulk-online","64":"product_tag-wirkungen-von-2-fa-hydrochlorid","66":"first","67":"instock","68":"shipping-taxable","69":"purchasable","70":"product-type-variable"},"yoast_head":"<!-- This site is optimized with the Yoast SEO plugin v24.1 - https:\/\/yoast.com\/wordpress\/plugins\/seo\/ -->\n<title>Buy 2-FA Online - 2-FA for Sale - Order 2-FA<\/title>\n<meta name=\"description\" content=\"Looking high-quality 2-fa for sale online? NembutalHouse is a leading store where you can buy 2-fa online at the best price. Order Now with Discreet Shipping!\" \/>\n<meta name=\"robots\" content=\"index, follow, max-snippet:-1, max-image-preview:large, max-video-preview:-1\" \/>\n<link rel=\"canonical\" href=\"https:\/\/nembutalhouse.com\/pl\/produkt\/2-fa\/\" \/>\n<meta property=\"og:locale\" content=\"pl_PL\" \/>\n<meta property=\"og:type\" content=\"article\" \/>\n<meta property=\"og:title\" content=\"Buy 2-FA Online - 2-FA for Sale - Order 2-FA\" \/>\n<meta property=\"og:description\" content=\"Looking high-quality 2-fa for sale online? NembutalHouse is a leading store where you can buy 2-fa online at the best price. Order Now with Discreet Shipping!\" \/>\n<meta property=\"og:url\" content=\"https:\/\/nembutalhouse.com\/pl\/produkt\/2-fa\/\" \/>\n<meta property=\"og:site_name\" content=\"Nembutal House\" \/>\n<meta property=\"article:modified_time\" content=\"2026-02-25T11:04:38+00:00\" \/>\n<meta property=\"og:image\" content=\"https:\/\/nembutalhouse.com\/wp-content\/uploads\/2024\/10\/2-FA.gif\" \/>\n\t<meta property=\"og:image:width\" content=\"600\" \/>\n\t<meta property=\"og:image:height\" content=\"600\" \/>\n\t<meta property=\"og:image:type\" content=\"image\/gif\" \/>\n<meta name=\"twitter:card\" content=\"summary_large_image\" \/>\n<meta name=\"twitter:label1\" content=\"Szacowany czas czytania\" \/>\n\t<meta name=\"twitter:data1\" content=\"3 minuty\" \/>\n<script type=\"application\/ld+json\" class=\"yoast-schema-graph\">{\"@context\":\"https:\/\/schema.org\",\"@graph\":[{\"@type\":\"WebPage\",\"@id\":\"https:\/\/nembutalhouse.com\/product\/2-fa\/\",\"url\":\"https:\/\/nembutalhouse.com\/product\/2-fa\/\",\"name\":\"Buy 2-FA Online - 2-FA for Sale - Order 2-FA\",\"isPartOf\":{\"@id\":\"https:\/\/nembutalhouse.com\/#website\"},\"primaryImageOfPage\":{\"@id\":\"https:\/\/nembutalhouse.com\/product\/2-fa\/#primaryimage\"},\"image\":{\"@id\":\"https:\/\/nembutalhouse.com\/product\/2-fa\/#primaryimage\"},\"thumbnailUrl\":\"https:\/\/nembutalhouse.com\/wp-content\/uploads\/2024\/10\/2-FA.gif\",\"datePublished\":\"2024-10-16T11:47:23+00:00\",\"dateModified\":\"2026-02-25T11:04:38+00:00\",\"description\":\"Looking high-quality 2-fa for sale online? NembutalHouse is a leading store where you can buy 2-fa online at the best price. Order Now with Discreet Shipping!\",\"breadcrumb\":{\"@id\":\"https:\/\/nembutalhouse.com\/product\/2-fa\/#breadcrumb\"},\"inLanguage\":\"pl-PL\",\"potentialAction\":[{\"@type\":\"ReadAction\",\"target\":[\"https:\/\/nembutalhouse.com\/product\/2-fa\/\"]}]},{\"@type\":\"ImageObject\",\"inLanguage\":\"pl-PL\",\"@id\":\"https:\/\/nembutalhouse.com\/product\/2-fa\/#primaryimage\",\"url\":\"https:\/\/nembutalhouse.com\/wp-content\/uploads\/2024\/10\/2-FA.gif\",\"contentUrl\":\"https:\/\/nembutalhouse.com\/wp-content\/uploads\/2024\/10\/2-FA.gif\",\"width\":600,\"height\":600,\"caption\":\"Buy 2-FA Online\"},{\"@type\":\"BreadcrumbList\",\"@id\":\"https:\/\/nembutalhouse.com\/product\/2-fa\/#breadcrumb\",\"itemListElement\":[{\"@type\":\"ListItem\",\"position\":1,\"name\":\"Home\",\"item\":\"https:\/\/nembutalhouse.com\/\"},{\"@type\":\"ListItem\",\"position\":2,\"name\":\"Shop\",\"item\":\"https:\/\/nembutalhouse.com\/shop\/\"},{\"@type\":\"ListItem\",\"position\":3,\"name\":\"Buy 2-FA Online\"}]},{\"@type\":\"WebSite\",\"@id\":\"https:\/\/nembutalhouse.com\/#website\",\"url\":\"https:\/\/nembutalhouse.com\/\",\"name\":\"Nembutal House\",\"description\":\"Best Nembutal Online Store\",\"publisher\":{\"@id\":\"https:\/\/nembutalhouse.com\/#organization\"},\"potentialAction\":[{\"@type\":\"SearchAction\",\"target\":{\"@type\":\"EntryPoint\",\"urlTemplate\":\"https:\/\/nembutalhouse.com\/?s={search_term_string}\"},\"query-input\":{\"@type\":\"PropertyValueSpecification\",\"valueRequired\":true,\"valueName\":\"search_term_string\"}}],\"inLanguage\":\"pl-PL\"},{\"@type\":\"Organization\",\"@id\":\"https:\/\/nembutalhouse.com\/#organization\",\"name\":\"Nembutal House\",\"url\":\"https:\/\/nembutalhouse.com\/\",\"logo\":{\"@type\":\"ImageObject\",\"inLanguage\":\"pl-PL\",\"@id\":\"https:\/\/nembutalhouse.com\/#\/schema\/logo\/image\/\",\"url\":\"https:\/\/nembutalhouse.com\/wp-content\/uploads\/2022\/12\/logo.png\",\"contentUrl\":\"https:\/\/nembutalhouse.com\/wp-content\/uploads\/2022\/12\/logo.png\",\"width\":344,\"height\":103,\"caption\":\"Nembutal House\"},\"image\":{\"@id\":\"https:\/\/nembutalhouse.com\/#\/schema\/logo\/image\/\"}}]}<\/script>\n<!-- \/ Yoast SEO plugin. -->","yoast_head_json":{"title":"Buy 2-FA Online - 2-FA for Sale - Order 2-FA","description":"Looking high-quality 2-fa for sale online? NembutalHouse is a leading store where you can buy 2-fa online at the best price. Order Now with Discreet Shipping!","robots":{"index":"index","follow":"follow","max-snippet":"max-snippet:-1","max-image-preview":"max-image-preview:large","max-video-preview":"max-video-preview:-1"},"canonical":"https:\/\/nembutalhouse.com\/pl\/produkt\/2-fa\/","og_locale":"pl_PL","og_type":"article","og_title":"Buy 2-FA Online - 2-FA for Sale - Order 2-FA","og_description":"Looking high-quality 2-fa for sale online? NembutalHouse is a leading store where you can buy 2-fa online at the best price. Order Now with Discreet Shipping!","og_url":"https:\/\/nembutalhouse.com\/pl\/produkt\/2-fa\/","og_site_name":"Nembutal House","article_modified_time":"2026-02-25T11:04:38+00:00","og_image":[{"width":600,"height":600,"url":"https:\/\/nembutalhouse.com\/wp-content\/uploads\/2024\/10\/2-FA.gif","type":"image\/gif"}],"twitter_card":"summary_large_image","twitter_misc":{"Szacowany czas czytania":"3 minuty"},"schema":{"@context":"https:\/\/schema.org","@graph":[{"@type":"WebPage","@id":"https:\/\/nembutalhouse.com\/product\/2-fa\/","url":"https:\/\/nembutalhouse.com\/product\/2-fa\/","name":"Buy 2-FA Online - 2-FA for Sale - Order 2-FA","isPartOf":{"@id":"https:\/\/nembutalhouse.com\/#website"},"primaryImageOfPage":{"@id":"https:\/\/nembutalhouse.com\/product\/2-fa\/#primaryimage"},"image":{"@id":"https:\/\/nembutalhouse.com\/product\/2-fa\/#primaryimage"},"thumbnailUrl":"https:\/\/nembutalhouse.com\/wp-content\/uploads\/2024\/10\/2-FA.gif","datePublished":"2024-10-16T11:47:23+00:00","dateModified":"2026-02-25T11:04:38+00:00","description":"Looking high-quality 2-fa for sale online? NembutalHouse is a leading store where you can buy 2-fa online at the best price. Order Now with Discreet Shipping!","breadcrumb":{"@id":"https:\/\/nembutalhouse.com\/product\/2-fa\/#breadcrumb"},"inLanguage":"pl-PL","potentialAction":[{"@type":"ReadAction","target":["https:\/\/nembutalhouse.com\/product\/2-fa\/"]}]},{"@type":"ImageObject","inLanguage":"pl-PL","@id":"https:\/\/nembutalhouse.com\/product\/2-fa\/#primaryimage","url":"https:\/\/nembutalhouse.com\/wp-content\/uploads\/2024\/10\/2-FA.gif","contentUrl":"https:\/\/nembutalhouse.com\/wp-content\/uploads\/2024\/10\/2-FA.gif","width":600,"height":600,"caption":"Buy 2-FA Online"},{"@type":"BreadcrumbList","@id":"https:\/\/nembutalhouse.com\/product\/2-fa\/#breadcrumb","itemListElement":[{"@type":"ListItem","position":1,"name":"Home","item":"https:\/\/nembutalhouse.com\/"},{"@type":"ListItem","position":2,"name":"Shop","item":"https:\/\/nembutalhouse.com\/shop\/"},{"@type":"ListItem","position":3,"name":"Buy 2-FA Online"}]},{"@type":"WebSite","@id":"https:\/\/nembutalhouse.com\/#website","url":"https:\/\/nembutalhouse.com\/","name":"Nembutal House","description":"Best Nembutal Online Store","publisher":{"@id":"https:\/\/nembutalhouse.com\/#organization"},"potentialAction":[{"@type":"SearchAction","target":{"@type":"EntryPoint","urlTemplate":"https:\/\/nembutalhouse.com\/?s={search_term_string}"},"query-input":{"@type":"PropertyValueSpecification","valueRequired":true,"valueName":"search_term_string"}}],"inLanguage":"pl-PL"},{"@type":"Organization","@id":"https:\/\/nembutalhouse.com\/#organization","name":"Nembutal House","url":"https:\/\/nembutalhouse.com\/","logo":{"@type":"ImageObject","inLanguage":"pl-PL","@id":"https:\/\/nembutalhouse.com\/#\/schema\/logo\/image\/","url":"https:\/\/nembutalhouse.com\/wp-content\/uploads\/2022\/12\/logo.png","contentUrl":"https:\/\/nembutalhouse.com\/wp-content\/uploads\/2022\/12\/logo.png","width":344,"height":103,"caption":"Nembutal House"},"image":{"@id":"https:\/\/nembutalhouse.com\/#\/schema\/logo\/image\/"}}]}},"_links":{"self":[{"href":"https:\/\/nembutalhouse.com\/pl\/wp-json\/wp\/v2\/product\/1050","targetHints":{"allow":["GET"]}}],"collection":[{"href":"https:\/\/nembutalhouse.com\/pl\/wp-json\/wp\/v2\/product"}],"about":[{"href":"https:\/\/nembutalhouse.com\/pl\/wp-json\/wp\/v2\/types\/product"}],"replies":[{"embeddable":true,"href":"https:\/\/nembutalhouse.com\/pl\/wp-json\/wp\/v2\/comments?post=1050"}],"wp:featuredmedia":[{"embeddable":true,"href":"https:\/\/nembutalhouse.com\/pl\/wp-json\/wp\/v2\/media\/1612"}],"wp:attachment":[{"href":"https:\/\/nembutalhouse.com\/pl\/wp-json\/wp\/v2\/media?parent=1050"}],"wp:term":[{"taxonomy":"product_cat","embeddable":true,"href":"https:\/\/nembutalhouse.com\/pl\/wp-json\/wp\/v2\/product_cat?post=1050"},{"taxonomy":"product_tag","embeddable":true,"href":"https:\/\/nembutalhouse.com\/pl\/wp-json\/wp\/v2\/product_tag?post=1050"}],"curies":[{"name":"wp","href":"https:\/\/api.w.org\/{rel}","templated":true}]}}