{"id":1047,"date":"2024-10-16T11:47:23","date_gmt":"2024-10-16T11:47:23","guid":{"rendered":"https:\/\/nembutalhouse.com\/?post_type=product&#038;p=1047"},"modified":"2026-03-06T08:54:36","modified_gmt":"2026-03-06T08:54:36","slug":"buy-fentanyl-online","status":"publish","type":"product","link":"https:\/\/nembutalhouse.com\/pl\/produkt\/buy-fentanyl-online\/","title":{"rendered":"Buy Fentanyl Online"},"content":{"rendered":"<h2>Kup FETHANYL POWDER online<\/h2>\n<p><a href=\"https:\/\/nembutalhouse.com\/pl\/produkt\/buy-fentanyl-online\/\">Fentanyl w proszku<\/a>, czasami okre\u015blany jako fentanyl, jest silnym syntetycznym opioidowym lekiem przeciwb\u00f3lowym, kt\u00f3ry dzia\u0142a szybko. Na receptorach \u03bc-opioidowych ma znacz\u0105ce w\u0142a\u015bciwo\u015bci agonistyczne. Uwa\u017ca si\u0119, \u017ce fentanyl ma 50-100 razy silniejsze dzia\u0142anie ni\u017c morfina.<br \/>\nPaul Janssen stworzy\u0142 proszek fentanylu po raz pierwszy w 1960 roku, kilka lat po tym, jak petydyna (zwana r\u00f3wnie\u017c meperydyn\u0105, sprzedawana jako Demerol) zosta\u0142a po raz pierwszy zastosowana w medycynie. Testuj\u0105c analogi strukturalnie podobnego leku petydyny pod k\u0105tem dzia\u0142ania opioidowego, firma Janssen stworzy\u0142a fentanyl. Cytrynian fentanylu, kt\u00f3ry jest wytwarzany przez zmieszanie fentanylu i kwasu cytrynowego w stechiometrii 1:1, zosta\u0142 po raz pierwszy u\u017cyty w medycynie jako znieczulenie og\u00f3lne pod mark\u0105 Sublimaze w trakcie powszechnego stosowania leku. <a href=\"https:\/\/nembutalhouse.com\/pl\/\">NembutalHouse<\/a><\/p>\n<p>XX wieku. Nast\u0119pnie stworzono i wykorzystano w medycynie szereg innych analog\u00f3w fentanylu, takich jak sufentanil, alfentanil, remifentanil i lofentanil.<\/p>\n<p>Sproszkowany fentanyl Plastry z fentanylem zosta\u0142y po raz pierwszy udost\u0119pnione do u\u017cytku paliatywnego w po\u0142owie lat 90-tych. W ci\u0105gu kolejnych dziesi\u0119ciu lat pojawi\u0142y si\u0119 tak\u017ce inne formy fentanylu, w tym lizak, tabletki do rozpuszczania i podj\u0119zykowy spray, kt\u00f3ry wch\u0142ania si\u0119 przez sk\u00f3r\u0119 w jamie ustnej. Najcz\u0119\u015bciej stosowanym syntetycznym opioidem w medycynie od 2012 roku by\u0142 fentanyl. 1700 kg zosta\u0142o wykorzystanych na ca\u0142ym \u015bwiecie w 2013 roku.<\/p>\n<p>Rekreacyjni u\u017cytkownicy <a href=\"https:\/\/en.wikipedia.org\/wiki\/Fentanyl\">fentanyl<\/a> s\u0105 r\u00f3wnie\u017c odpowiedzialne za tysi\u0105ce zgon\u00f3w spowodowanych przedawkowaniem rocznie w ostatnich latach. Niew\u0142a\u015bciwe u\u017cycie medyczne r\u00f3wnie\u017c prowadzi\u0142o do zgon\u00f3w. Fentanyl jest szczeg\u00f3lnie bezpiecznym lekiem ze wzgl\u0119du na sw\u00f3j niezwykle szeroki indeks terapeutyczny (270).<\/p>\n<p>Znieczulenie chirurgiczne, gdy jest stosowane pod \u015bcis\u0142\u0105 obserwacj\u0105; jednak ze wzgl\u0119du na jego ekstremaln\u0105 si\u0142\u0119 dzia\u0142ania, pomiary wysoce rozcie\u0144czonego fentanylu w roztworze musz\u0105 by\u0107 wykonywane ostro\u017cnie. Dok\u0142adne zmierzenie dawki czystego proszku fentanylu jest niepraktyczne bez zaawansowanego sprz\u0119tu naukowego, poniewa\u017c rozr\u00f3\u017cnienie mi\u0119dzy skuteczn\u0105 a \u015bmierteln\u0105 dawk\u0105 leku by\u0142oby trudne lub niemo\u017cliwe, gdyby zosta\u0142y one umieszczone obok siebie.<\/p>\n<p>Oferujemy Fentanyl w proszku, plastrach, p\u0142ynie i tabletkach do zakupu online.<\/p>\n<p>&nbsp;<\/p>\n<p>&nbsp;<\/p>","protected":false},"excerpt":{"rendered":"<p>Buy FETHANYL POWDER Online Fentanyl Powder, sometimes referred to as fentanil, is a strong synthetic opioid pain reliever that acts quickly. At \u03bc-opioid receptors, it has substantial agonist properties. It&hellip;<\/p>","protected":false},"featured_media":1607,"comment_status":"open","ping_status":"closed","template":"","meta":{"_joinchat":[]},"product_cat":[186],"product_tag":[804,793,783,795,810,784,802,790,809,797,800,806,808,811,796,807,805,786,785,799,792,788,789,812,803,801,798,791,794,787],"class_list":{"0":"post-1047","1":"product","2":"type-product","3":"status-publish","4":"has-post-thumbnail","6":"product_cat-research-chemicals","7":"product_tag-best-cheap-price-fentanyl-powder","8":"product_tag-best-place-to-buy-fentanyl-powder","9":"product_tag-buy-fentanyl","10":"product_tag-buy-fentanyl-powder-legally","11":"product_tag-buy-fentanyl-powderonline","12":"product_tag-buy-fentanylonline","13":"product_tag-cheap-fentanyl-powders","14":"product_tag-fentanyl-powder","15":"product_tag-fentanyl-powder-powder","16":"product_tag-fentanyl-powder-price","17":"product_tag-fentanyl-powder-store","18":"product_tag-fentanyl-powder-use","19":"product_tag-fentanyl-powderfor-cleaning","20":"product_tag-fentanyl-powderfor-sale","21":"product_tag-fentanyl-powderpowder-online","22":"product_tag-fentanyl-powderwiki","23":"product_tag-fentanyl-powderworldwide","24":"product_tag-fentanyl-supplier","25":"product_tag-fentanylfor-sale","26":"product_tag-high-quality-fentanyl-powder","27":"product_tag-how-to-buy-fentanyl-powder","28":"product_tag-order-fentanyl","29":"product_tag-order-fentanyl-online","30":"product_tag-order-fentanyl-powder","31":"product_tag-purcharse-fentanyl-powder-powder","32":"product_tag-shop-fentanyl-powder","33":"product_tag-top-quality-fentanyl-powder","34":"product_tag-where-to-buy-fentanyl-powder","35":"product_tag-where-to-order-fentanyl-powder","36":"product_tag-wholesale-fentanyl-bulk-online","38":"first","39":"instock","40":"shipping-taxable","41":"purchasable","42":"product-type-variable"},"yoast_head":"<!-- This site is optimized with the Yoast SEO plugin v24.1 - https:\/\/yoast.com\/wordpress\/plugins\/seo\/ -->\n<title>Buy Fentanyl Online - Fentanyl for Sale - Order Fentanyl Online<\/title>\n<meta name=\"description\" content=\"Where to buy fentanyl online at the best price? Find high-quality fentanyl for sale at our secure online store, catering to your research requirements. Order Now!\" \/>\n<meta name=\"robots\" content=\"index, follow, max-snippet:-1, max-image-preview:large, max-video-preview:-1\" \/>\n<link rel=\"canonical\" href=\"https:\/\/nembutalhouse.com\/pl\/produkt\/buy-fentanyl-online\/\" \/>\n<meta property=\"og:locale\" content=\"pl_PL\" \/>\n<meta property=\"og:type\" content=\"article\" \/>\n<meta property=\"og:title\" content=\"Buy Fentanyl Online - Fentanyl for Sale - Order Fentanyl Online\" \/>\n<meta property=\"og:description\" content=\"Where to buy fentanyl online at the best price? Find high-quality fentanyl for sale at our secure online store, catering to your research requirements. Order Now!\" \/>\n<meta property=\"og:url\" content=\"https:\/\/nembutalhouse.com\/pl\/produkt\/buy-fentanyl-online\/\" \/>\n<meta property=\"og:site_name\" content=\"Nembutal House\" \/>\n<meta property=\"article:modified_time\" content=\"2026-03-06T08:54:36+00:00\" \/>\n<meta property=\"og:image\" content=\"https:\/\/nembutalhouse.com\/wp-content\/uploads\/2024\/10\/Fentanyl.gif\" \/>\n\t<meta property=\"og:image:width\" content=\"600\" \/>\n\t<meta property=\"og:image:height\" content=\"600\" \/>\n\t<meta property=\"og:image:type\" content=\"image\/gif\" \/>\n<meta name=\"twitter:card\" content=\"summary_large_image\" \/>\n<meta name=\"twitter:label1\" content=\"Szacowany czas czytania\" \/>\n\t<meta name=\"twitter:data1\" content=\"2 minuty\" \/>\n<script type=\"application\/ld+json\" class=\"yoast-schema-graph\">{\"@context\":\"https:\/\/schema.org\",\"@graph\":[{\"@type\":\"WebPage\",\"@id\":\"https:\/\/nembutalhouse.com\/product\/buy-fentanyl-online\/\",\"url\":\"https:\/\/nembutalhouse.com\/product\/buy-fentanyl-online\/\",\"name\":\"Buy Fentanyl Online - Fentanyl for Sale - Order Fentanyl Online\",\"isPartOf\":{\"@id\":\"https:\/\/nembutalhouse.com\/#website\"},\"primaryImageOfPage\":{\"@id\":\"https:\/\/nembutalhouse.com\/product\/buy-fentanyl-online\/#primaryimage\"},\"image\":{\"@id\":\"https:\/\/nembutalhouse.com\/product\/buy-fentanyl-online\/#primaryimage\"},\"thumbnailUrl\":\"https:\/\/nembutalhouse.com\/wp-content\/uploads\/2024\/10\/Fentanyl.gif\",\"datePublished\":\"2024-10-16T11:47:23+00:00\",\"dateModified\":\"2026-03-06T08:54:36+00:00\",\"description\":\"Where to buy fentanyl online at the best price? Find high-quality fentanyl for sale at our secure online store, catering to your research requirements. Order Now!\",\"breadcrumb\":{\"@id\":\"https:\/\/nembutalhouse.com\/product\/buy-fentanyl-online\/#breadcrumb\"},\"inLanguage\":\"pl-PL\",\"potentialAction\":[{\"@type\":\"ReadAction\",\"target\":[\"https:\/\/nembutalhouse.com\/product\/buy-fentanyl-online\/\"]}]},{\"@type\":\"ImageObject\",\"inLanguage\":\"pl-PL\",\"@id\":\"https:\/\/nembutalhouse.com\/product\/buy-fentanyl-online\/#primaryimage\",\"url\":\"https:\/\/nembutalhouse.com\/wp-content\/uploads\/2024\/10\/Fentanyl.gif\",\"contentUrl\":\"https:\/\/nembutalhouse.com\/wp-content\/uploads\/2024\/10\/Fentanyl.gif\",\"width\":600,\"height\":600,\"caption\":\"Buy Fentanyl Online\"},{\"@type\":\"BreadcrumbList\",\"@id\":\"https:\/\/nembutalhouse.com\/product\/buy-fentanyl-online\/#breadcrumb\",\"itemListElement\":[{\"@type\":\"ListItem\",\"position\":1,\"name\":\"Home\",\"item\":\"https:\/\/nembutalhouse.com\/\"},{\"@type\":\"ListItem\",\"position\":2,\"name\":\"Shop\",\"item\":\"https:\/\/nembutalhouse.com\/shop\/\"},{\"@type\":\"ListItem\",\"position\":3,\"name\":\"Buy Fentanyl Online\"}]},{\"@type\":\"WebSite\",\"@id\":\"https:\/\/nembutalhouse.com\/#website\",\"url\":\"https:\/\/nembutalhouse.com\/\",\"name\":\"Nembutal House\",\"description\":\"Best Nembutal Online Store\",\"publisher\":{\"@id\":\"https:\/\/nembutalhouse.com\/#organization\"},\"potentialAction\":[{\"@type\":\"SearchAction\",\"target\":{\"@type\":\"EntryPoint\",\"urlTemplate\":\"https:\/\/nembutalhouse.com\/?s={search_term_string}\"},\"query-input\":{\"@type\":\"PropertyValueSpecification\",\"valueRequired\":true,\"valueName\":\"search_term_string\"}}],\"inLanguage\":\"pl-PL\"},{\"@type\":\"Organization\",\"@id\":\"https:\/\/nembutalhouse.com\/#organization\",\"name\":\"Nembutal House\",\"url\":\"https:\/\/nembutalhouse.com\/\",\"logo\":{\"@type\":\"ImageObject\",\"inLanguage\":\"pl-PL\",\"@id\":\"https:\/\/nembutalhouse.com\/#\/schema\/logo\/image\/\",\"url\":\"https:\/\/nembutalhouse.com\/wp-content\/uploads\/2022\/12\/logo.png\",\"contentUrl\":\"https:\/\/nembutalhouse.com\/wp-content\/uploads\/2022\/12\/logo.png\",\"width\":344,\"height\":103,\"caption\":\"Nembutal House\"},\"image\":{\"@id\":\"https:\/\/nembutalhouse.com\/#\/schema\/logo\/image\/\"}}]}<\/script>\n<!-- \/ Yoast SEO plugin. -->","yoast_head_json":{"title":"Buy Fentanyl Online - Fentanyl for Sale - Order Fentanyl Online","description":"Where to buy fentanyl online at the best price? Find high-quality fentanyl for sale at our secure online store, catering to your research requirements. Order Now!","robots":{"index":"index","follow":"follow","max-snippet":"max-snippet:-1","max-image-preview":"max-image-preview:large","max-video-preview":"max-video-preview:-1"},"canonical":"https:\/\/nembutalhouse.com\/pl\/produkt\/buy-fentanyl-online\/","og_locale":"pl_PL","og_type":"article","og_title":"Buy Fentanyl Online - Fentanyl for Sale - Order Fentanyl Online","og_description":"Where to buy fentanyl online at the best price? Find high-quality fentanyl for sale at our secure online store, catering to your research requirements. Order Now!","og_url":"https:\/\/nembutalhouse.com\/pl\/produkt\/buy-fentanyl-online\/","og_site_name":"Nembutal House","article_modified_time":"2026-03-06T08:54:36+00:00","og_image":[{"width":600,"height":600,"url":"https:\/\/nembutalhouse.com\/wp-content\/uploads\/2024\/10\/Fentanyl.gif","type":"image\/gif"}],"twitter_card":"summary_large_image","twitter_misc":{"Szacowany czas czytania":"2 minuty"},"schema":{"@context":"https:\/\/schema.org","@graph":[{"@type":"WebPage","@id":"https:\/\/nembutalhouse.com\/product\/buy-fentanyl-online\/","url":"https:\/\/nembutalhouse.com\/product\/buy-fentanyl-online\/","name":"Buy Fentanyl Online - Fentanyl for Sale - Order Fentanyl Online","isPartOf":{"@id":"https:\/\/nembutalhouse.com\/#website"},"primaryImageOfPage":{"@id":"https:\/\/nembutalhouse.com\/product\/buy-fentanyl-online\/#primaryimage"},"image":{"@id":"https:\/\/nembutalhouse.com\/product\/buy-fentanyl-online\/#primaryimage"},"thumbnailUrl":"https:\/\/nembutalhouse.com\/wp-content\/uploads\/2024\/10\/Fentanyl.gif","datePublished":"2024-10-16T11:47:23+00:00","dateModified":"2026-03-06T08:54:36+00:00","description":"Where to buy fentanyl online at the best price? Find high-quality fentanyl for sale at our secure online store, catering to your research requirements. Order Now!","breadcrumb":{"@id":"https:\/\/nembutalhouse.com\/product\/buy-fentanyl-online\/#breadcrumb"},"inLanguage":"pl-PL","potentialAction":[{"@type":"ReadAction","target":["https:\/\/nembutalhouse.com\/product\/buy-fentanyl-online\/"]}]},{"@type":"ImageObject","inLanguage":"pl-PL","@id":"https:\/\/nembutalhouse.com\/product\/buy-fentanyl-online\/#primaryimage","url":"https:\/\/nembutalhouse.com\/wp-content\/uploads\/2024\/10\/Fentanyl.gif","contentUrl":"https:\/\/nembutalhouse.com\/wp-content\/uploads\/2024\/10\/Fentanyl.gif","width":600,"height":600,"caption":"Buy Fentanyl Online"},{"@type":"BreadcrumbList","@id":"https:\/\/nembutalhouse.com\/product\/buy-fentanyl-online\/#breadcrumb","itemListElement":[{"@type":"ListItem","position":1,"name":"Home","item":"https:\/\/nembutalhouse.com\/"},{"@type":"ListItem","position":2,"name":"Shop","item":"https:\/\/nembutalhouse.com\/shop\/"},{"@type":"ListItem","position":3,"name":"Buy Fentanyl Online"}]},{"@type":"WebSite","@id":"https:\/\/nembutalhouse.com\/#website","url":"https:\/\/nembutalhouse.com\/","name":"Nembutal House","description":"Best Nembutal Online Store","publisher":{"@id":"https:\/\/nembutalhouse.com\/#organization"},"potentialAction":[{"@type":"SearchAction","target":{"@type":"EntryPoint","urlTemplate":"https:\/\/nembutalhouse.com\/?s={search_term_string}"},"query-input":{"@type":"PropertyValueSpecification","valueRequired":true,"valueName":"search_term_string"}}],"inLanguage":"pl-PL"},{"@type":"Organization","@id":"https:\/\/nembutalhouse.com\/#organization","name":"Nembutal House","url":"https:\/\/nembutalhouse.com\/","logo":{"@type":"ImageObject","inLanguage":"pl-PL","@id":"https:\/\/nembutalhouse.com\/#\/schema\/logo\/image\/","url":"https:\/\/nembutalhouse.com\/wp-content\/uploads\/2022\/12\/logo.png","contentUrl":"https:\/\/nembutalhouse.com\/wp-content\/uploads\/2022\/12\/logo.png","width":344,"height":103,"caption":"Nembutal House"},"image":{"@id":"https:\/\/nembutalhouse.com\/#\/schema\/logo\/image\/"}}]}},"_links":{"self":[{"href":"https:\/\/nembutalhouse.com\/pl\/wp-json\/wp\/v2\/product\/1047","targetHints":{"allow":["GET"]}}],"collection":[{"href":"https:\/\/nembutalhouse.com\/pl\/wp-json\/wp\/v2\/product"}],"about":[{"href":"https:\/\/nembutalhouse.com\/pl\/wp-json\/wp\/v2\/types\/product"}],"replies":[{"embeddable":true,"href":"https:\/\/nembutalhouse.com\/pl\/wp-json\/wp\/v2\/comments?post=1047"}],"wp:featuredmedia":[{"embeddable":true,"href":"https:\/\/nembutalhouse.com\/pl\/wp-json\/wp\/v2\/media\/1607"}],"wp:attachment":[{"href":"https:\/\/nembutalhouse.com\/pl\/wp-json\/wp\/v2\/media?parent=1047"}],"wp:term":[{"taxonomy":"product_cat","embeddable":true,"href":"https:\/\/nembutalhouse.com\/pl\/wp-json\/wp\/v2\/product_cat?post=1047"},{"taxonomy":"product_tag","embeddable":true,"href":"https:\/\/nembutalhouse.com\/pl\/wp-json\/wp\/v2\/product_tag?post=1047"}],"curies":[{"name":"wp","href":"https:\/\/api.w.org\/{rel}","templated":true}]}}